{"id":67723,"date":"2026-02-03T08:07:00","date_gmt":"2026-02-03T08:07:00","guid":{"rendered":"https:\/\/desireonline.shop\/product\/kissen-may-rung-dieu-khien-tu-xa-hai-dau-dally\/"},"modified":"2026-03-10T05:31:52","modified_gmt":"2026-03-10T05:31:52","slug":"kissen-may-rung-dieu-khien-tu-xa-hai-dau-dally","status":"publish","type":"product","link":"https:\/\/desireonline.shop\/vi\/san-pham\/kissen-may-rung-dieu-khien-tu-xa-hai-dau-dally\/","title":{"rendered":"Kissen M\u00e1y rung \u0111i\u1ec1u khi\u1ec3n t\u1eeb xa hai \u0111\u1ea7u &#8211; Dally"},"content":{"rendered":"<p>\u0110\u01b0\u1ee3c thi\u1ebft k\u1ebf \u0111\u1ec3 mang l\u1ea1i s\u1ef1 linh ho\u1ea1t v\u00e0 kh\u1ea3 n\u0103ng ki\u1ec3m so\u00e1t, m\u00e1y rung hai \u0111\u1ea7u n\u00e0y c\u00f3 thi\u1ebft k\u1ebf li\u1ec1n m\u1ea1ch cho ph\u00e9p k\u00edch th\u00edch t\u1eeb nhi\u1ec1u g\u00f3c \u0111\u1ed9 kh\u00e1c nhau. Thi\u1ebft k\u1ebf m\u01b0\u1ee3t m\u00e0 \u00f4m s\u00e1t c\u01a1 th\u1ec3 m\u1ed9t c\u00e1ch tho\u1ea3i m\u00e1i, gi\u00fap b\u1ea1n d\u1ec5 d\u00e0ng t\u1eadn h\u01b0\u1edfng s\u1ef1 ti\u1ebfp x\u00fac g\u1ea7n v\u00e0 li\u00ean t\u1ee5c.<\/p>\n<p>V\u1edbi 10 ch\u1ebf \u0111\u1ed9 rung v\u00e0 \u0111i\u1ec1u khi\u1ec3n t\u1eeb xa kh\u00f4ng d\u00e2y, vi\u1ec7c \u0111i\u1ec1u ch\u1ec9nh c\u1ea3m gi\u00e1c tr\u1edf n\u00ean d\u1ec5 d\u00e0ng v\u00e0 tr\u1ef1c quan. Ho\u00e0n h\u1ea3o cho tr\u1ea3i nghi\u1ec7m solo ho\u1eb7c nh\u1eefng kho\u1ea3nh kh\u1eafc chia s\u1ebb, \u0111\u00e2y l\u00e0 l\u1ef1a ch\u1ecdn linh ho\u1ea1t cho nh\u1eefng ai y\u00eau th\u00edch kho\u00e1i c\u1ea3m r\u1ea3nh tay v\u00e0 kh\u1ea3 n\u0103ng \u0111i\u1ec1u khi\u1ec3n vui t\u01b0\u01a1i.<\/p>\n","protected":false},"excerpt":{"rendered":"<p>\u0110\u01b0\u1ee3c thi\u1ebft k\u1ebf \u0111\u1ec3 mang l\u1ea1i s\u1ef1 linh ho\u1ea1t v\u00e0 kh\u1ea3 n\u0103ng ki\u1ec3m so\u00e1t, m\u00e1y rung hai \u0111\u1ea7u n\u00e0y c\u00f3 thi\u1ebft k\u1ebf li\u1ec1n m\u1ea1ch cho ph\u00e9p k\u00edch th\u00edch t\u1eeb nhi\u1ec1u&hellip;<\/p>\n","protected":false},"featured_media":61343,"comment_status":"open","ping_status":"closed","template":"","meta":{"_acf_changed":false},"product_brand":[],"product_cat":[1436,1433,1435,1437],"product_tag":[1660,1689,1665,1696,1695],"class_list":{"0":"post-67723","1":"product","2":"type-product","3":"status-publish","4":"has-post-thumbnail","6":"product_cat-may-rung-diem-g","7":"product_cat-may-rung-dieu-khien-tu-xa","8":"product_cat-may-rung-kich-thich-ngoai","9":"product_cat-may-rung-trung-tinh-yeu","10":"product_tag-an-toan-cho-co-the","11":"product_tag-cuong-do-co-the-dieu-chinh","12":"product_tag-danh-cho-cap-doi","13":"product_tag-dieu-khien-tu-xa","14":"product_tag-khoai-cam-se-chia","16":"first","17":"instock","18":"shipping-taxable","19":"purchasable","20":"product-type-simple"},"acf":[],"yoast_head":"<!-- This site is optimized with the Yoast SEO plugin v27.1.1 - https:\/\/yoast.com\/product\/yoast-seo-wordpress\/ -->\n<title>Kissen M\u00e1y rung \u0111i\u1ec1u khi\u1ec3n t\u1eeb xa hai \u0111\u1ea7u - Dally - Desire<\/title>\n<meta name=\"robots\" content=\"index, follow, max-snippet:-1, max-image-preview:large, max-video-preview:-1\" \/>\n<link rel=\"canonical\" href=\"https:\/\/desireonline.shop\/vi\/san-pham\/kissen-may-rung-dieu-khien-tu-xa-hai-dau-dally\/\" \/>\n<meta property=\"og:locale\" content=\"vi_VN\" \/>\n<meta property=\"og:type\" content=\"article\" \/>\n<meta property=\"og:title\" content=\"Kissen M\u00e1y rung \u0111i\u1ec1u khi\u1ec3n t\u1eeb xa hai \u0111\u1ea7u - Dally - Desire\" \/>\n<meta property=\"og:description\" content=\"\u0110\u01b0\u1ee3c thi\u1ebft k\u1ebf \u0111\u1ec3 mang l\u1ea1i s\u1ef1 linh ho\u1ea1t v\u00e0 kh\u1ea3 n\u0103ng ki\u1ec3m so\u00e1t, m\u00e1y rung hai \u0111\u1ea7u n\u00e0y c\u00f3 thi\u1ebft k\u1ebf li\u1ec1n m\u1ea1ch cho ph\u00e9p k\u00edch th\u00edch t\u1eeb nhi\u1ec1u&hellip;\" \/>\n<meta property=\"og:url\" content=\"https:\/\/desireonline.shop\/vi\/san-pham\/kissen-may-rung-dieu-khien-tu-xa-hai-dau-dally\/\" \/>\n<meta property=\"og:site_name\" content=\"Desire\" \/>\n<meta property=\"article:modified_time\" content=\"2026-03-10T05:31:52+00:00\" \/>\n<meta property=\"og:image\" content=\"https:\/\/desireonline.shop\/wp-content\/uploads\/2026\/02\/CN-931069281_00.jpg\" \/>\n\t<meta property=\"og:image:width\" content=\"1200\" \/>\n\t<meta property=\"og:image:height\" content=\"1109\" \/>\n\t<meta property=\"og:image:type\" content=\"image\/jpeg\" \/>\n<meta name=\"twitter:card\" content=\"summary_large_image\" \/>\n<meta name=\"twitter:label1\" content=\"\u01af\u1edbc t\u00ednh th\u1eddi gian \u0111\u1ecdc\" \/>\n\t<meta name=\"twitter:data1\" content=\"1 ph\u00fat\" \/>\n<script type=\"application\/ld+json\" class=\"yoast-schema-graph\">{\"@context\":\"https:\/\/schema.org\",\"@graph\":[{\"@type\":\"WebPage\",\"@id\":\"https:\/\/desireonline.shop\/vi\/san-pham\/kissen-may-rung-dieu-khien-tu-xa-hai-dau-dally\/\",\"url\":\"https:\/\/desireonline.shop\/vi\/san-pham\/kissen-may-rung-dieu-khien-tu-xa-hai-dau-dally\/\",\"name\":\"Kissen M\u00e1y rung \u0111i\u1ec1u khi\u1ec3n t\u1eeb xa hai \u0111\u1ea7u - Dally - Desire\",\"isPartOf\":{\"@id\":\"https:\/\/desireonline.shop\/vi\/#website\"},\"primaryImageOfPage\":{\"@id\":\"https:\/\/desireonline.shop\/vi\/san-pham\/kissen-may-rung-dieu-khien-tu-xa-hai-dau-dally\/#primaryimage\"},\"image\":{\"@id\":\"https:\/\/desireonline.shop\/vi\/san-pham\/kissen-may-rung-dieu-khien-tu-xa-hai-dau-dally\/#primaryimage\"},\"thumbnailUrl\":\"https:\/\/desireonline.shop\/wp-content\/uploads\/2026\/02\/CN-931069281_00.jpg\",\"datePublished\":\"2026-02-03T08:07:00+00:00\",\"dateModified\":\"2026-03-10T05:31:52+00:00\",\"breadcrumb\":{\"@id\":\"https:\/\/desireonline.shop\/vi\/san-pham\/kissen-may-rung-dieu-khien-tu-xa-hai-dau-dally\/#breadcrumb\"},\"inLanguage\":\"vi\",\"potentialAction\":[{\"@type\":\"ReadAction\",\"target\":[\"https:\/\/desireonline.shop\/vi\/san-pham\/kissen-may-rung-dieu-khien-tu-xa-hai-dau-dally\/\"]}]},{\"@type\":\"ImageObject\",\"inLanguage\":\"vi\",\"@id\":\"https:\/\/desireonline.shop\/vi\/san-pham\/kissen-may-rung-dieu-khien-tu-xa-hai-dau-dally\/#primaryimage\",\"url\":\"https:\/\/desireonline.shop\/wp-content\/uploads\/2026\/02\/CN-931069281_00.jpg\",\"contentUrl\":\"https:\/\/desireonline.shop\/wp-content\/uploads\/2026\/02\/CN-931069281_00.jpg\",\"width\":1200,\"height\":1109},{\"@type\":\"BreadcrumbList\",\"@id\":\"https:\/\/desireonline.shop\/vi\/san-pham\/kissen-may-rung-dieu-khien-tu-xa-hai-dau-dally\/#breadcrumb\",\"itemListElement\":[{\"@type\":\"ListItem\",\"position\":1,\"name\":\"Home\",\"item\":\"https:\/\/desireonline.shop\/vi\/trang-chu\/?lang=vi\"},{\"@type\":\"ListItem\",\"position\":2,\"name\":\"T\u1ea5t c\u1ea3 s\u1ea3n ph\u1ea9m\",\"item\":\"https:\/\/desireonline.shop\/cua-hang\/?lang=vi\"},{\"@type\":\"ListItem\",\"position\":3,\"name\":\"Kissen M\u00e1y rung \u0111i\u1ec1u khi\u1ec3n t\u1eeb xa hai \u0111\u1ea7u &#8211; Dally\"}]},{\"@type\":\"WebSite\",\"@id\":\"https:\/\/desireonline.shop\/vi\/#website\",\"url\":\"https:\/\/desireonline.shop\/vi\/\",\"name\":\"Desire\",\"description\":\"Sexual Wellness Platform\",\"publisher\":{\"@id\":\"https:\/\/desireonline.shop\/vi\/#organization\"},\"potentialAction\":[{\"@type\":\"SearchAction\",\"target\":{\"@type\":\"EntryPoint\",\"urlTemplate\":\"https:\/\/desireonline.shop\/vi\/?s={search_term_string}\"},\"query-input\":{\"@type\":\"PropertyValueSpecification\",\"valueRequired\":true,\"valueName\":\"search_term_string\"}}],\"inLanguage\":\"vi\"},{\"@type\":\"Organization\",\"@id\":\"https:\/\/desireonline.shop\/vi\/#organization\",\"name\":\"Desire\",\"url\":\"https:\/\/desireonline.shop\/vi\/\",\"logo\":{\"@type\":\"ImageObject\",\"inLanguage\":\"vi\",\"@id\":\"https:\/\/desireonline.shop\/vi\/#\/schema\/logo\/image\/\",\"url\":\"https:\/\/desireonline.shop\/wp-content\/uploads\/2024\/06\/Logo-Thick-Font-1.webp\",\"contentUrl\":\"https:\/\/desireonline.shop\/wp-content\/uploads\/2024\/06\/Logo-Thick-Font-1.webp\",\"width\":268,\"height\":399,\"caption\":\"Desire\"},\"image\":{\"@id\":\"https:\/\/desireonline.shop\/vi\/#\/schema\/logo\/image\/\"}}]}<\/script>\n<!-- \/ Yoast SEO plugin. -->","yoast_head_json":{"title":"Kissen M\u00e1y rung \u0111i\u1ec1u khi\u1ec3n t\u1eeb xa hai \u0111\u1ea7u - Dally - Desire","robots":{"index":"index","follow":"follow","max-snippet":"max-snippet:-1","max-image-preview":"max-image-preview:large","max-video-preview":"max-video-preview:-1"},"canonical":"https:\/\/desireonline.shop\/vi\/san-pham\/kissen-may-rung-dieu-khien-tu-xa-hai-dau-dally\/","og_locale":"vi_VN","og_type":"article","og_title":"Kissen M\u00e1y rung \u0111i\u1ec1u khi\u1ec3n t\u1eeb xa hai \u0111\u1ea7u - Dally - Desire","og_description":"\u0110\u01b0\u1ee3c thi\u1ebft k\u1ebf \u0111\u1ec3 mang l\u1ea1i s\u1ef1 linh ho\u1ea1t v\u00e0 kh\u1ea3 n\u0103ng ki\u1ec3m so\u00e1t, m\u00e1y rung hai \u0111\u1ea7u n\u00e0y c\u00f3 thi\u1ebft k\u1ebf li\u1ec1n m\u1ea1ch cho ph\u00e9p k\u00edch th\u00edch t\u1eeb nhi\u1ec1u&hellip;","og_url":"https:\/\/desireonline.shop\/vi\/san-pham\/kissen-may-rung-dieu-khien-tu-xa-hai-dau-dally\/","og_site_name":"Desire","article_modified_time":"2026-03-10T05:31:52+00:00","og_image":[{"width":1200,"height":1109,"url":"https:\/\/desireonline.shop\/wp-content\/uploads\/2026\/02\/CN-931069281_00.jpg","type":"image\/jpeg"}],"twitter_card":"summary_large_image","twitter_misc":{"\u01af\u1edbc t\u00ednh th\u1eddi gian \u0111\u1ecdc":"1 ph\u00fat"},"schema":{"@context":"https:\/\/schema.org","@graph":[{"@type":"WebPage","@id":"https:\/\/desireonline.shop\/vi\/san-pham\/kissen-may-rung-dieu-khien-tu-xa-hai-dau-dally\/","url":"https:\/\/desireonline.shop\/vi\/san-pham\/kissen-may-rung-dieu-khien-tu-xa-hai-dau-dally\/","name":"Kissen M\u00e1y rung \u0111i\u1ec1u khi\u1ec3n t\u1eeb xa hai \u0111\u1ea7u - Dally - Desire","isPartOf":{"@id":"https:\/\/desireonline.shop\/vi\/#website"},"primaryImageOfPage":{"@id":"https:\/\/desireonline.shop\/vi\/san-pham\/kissen-may-rung-dieu-khien-tu-xa-hai-dau-dally\/#primaryimage"},"image":{"@id":"https:\/\/desireonline.shop\/vi\/san-pham\/kissen-may-rung-dieu-khien-tu-xa-hai-dau-dally\/#primaryimage"},"thumbnailUrl":"https:\/\/desireonline.shop\/wp-content\/uploads\/2026\/02\/CN-931069281_00.jpg","datePublished":"2026-02-03T08:07:00+00:00","dateModified":"2026-03-10T05:31:52+00:00","breadcrumb":{"@id":"https:\/\/desireonline.shop\/vi\/san-pham\/kissen-may-rung-dieu-khien-tu-xa-hai-dau-dally\/#breadcrumb"},"inLanguage":"vi","potentialAction":[{"@type":"ReadAction","target":["https:\/\/desireonline.shop\/vi\/san-pham\/kissen-may-rung-dieu-khien-tu-xa-hai-dau-dally\/"]}]},{"@type":"ImageObject","inLanguage":"vi","@id":"https:\/\/desireonline.shop\/vi\/san-pham\/kissen-may-rung-dieu-khien-tu-xa-hai-dau-dally\/#primaryimage","url":"https:\/\/desireonline.shop\/wp-content\/uploads\/2026\/02\/CN-931069281_00.jpg","contentUrl":"https:\/\/desireonline.shop\/wp-content\/uploads\/2026\/02\/CN-931069281_00.jpg","width":1200,"height":1109},{"@type":"BreadcrumbList","@id":"https:\/\/desireonline.shop\/vi\/san-pham\/kissen-may-rung-dieu-khien-tu-xa-hai-dau-dally\/#breadcrumb","itemListElement":[{"@type":"ListItem","position":1,"name":"Home","item":"https:\/\/desireonline.shop\/vi\/trang-chu\/?lang=vi"},{"@type":"ListItem","position":2,"name":"T\u1ea5t c\u1ea3 s\u1ea3n ph\u1ea9m","item":"https:\/\/desireonline.shop\/cua-hang\/?lang=vi"},{"@type":"ListItem","position":3,"name":"Kissen M\u00e1y rung \u0111i\u1ec1u khi\u1ec3n t\u1eeb xa hai \u0111\u1ea7u &#8211; Dally"}]},{"@type":"WebSite","@id":"https:\/\/desireonline.shop\/vi\/#website","url":"https:\/\/desireonline.shop\/vi\/","name":"Desire","description":"Sexual Wellness Platform","publisher":{"@id":"https:\/\/desireonline.shop\/vi\/#organization"},"potentialAction":[{"@type":"SearchAction","target":{"@type":"EntryPoint","urlTemplate":"https:\/\/desireonline.shop\/vi\/?s={search_term_string}"},"query-input":{"@type":"PropertyValueSpecification","valueRequired":true,"valueName":"search_term_string"}}],"inLanguage":"vi"},{"@type":"Organization","@id":"https:\/\/desireonline.shop\/vi\/#organization","name":"Desire","url":"https:\/\/desireonline.shop\/vi\/","logo":{"@type":"ImageObject","inLanguage":"vi","@id":"https:\/\/desireonline.shop\/vi\/#\/schema\/logo\/image\/","url":"https:\/\/desireonline.shop\/wp-content\/uploads\/2024\/06\/Logo-Thick-Font-1.webp","contentUrl":"https:\/\/desireonline.shop\/wp-content\/uploads\/2024\/06\/Logo-Thick-Font-1.webp","width":268,"height":399,"caption":"Desire"},"image":{"@id":"https:\/\/desireonline.shop\/vi\/#\/schema\/logo\/image\/"}}]}},"_links":{"self":[{"href":"https:\/\/desireonline.shop\/vi\/wp-json\/wp\/v2\/product\/67723","targetHints":{"allow":["GET"]}}],"collection":[{"href":"https:\/\/desireonline.shop\/vi\/wp-json\/wp\/v2\/product"}],"about":[{"href":"https:\/\/desireonline.shop\/vi\/wp-json\/wp\/v2\/types\/product"}],"replies":[{"embeddable":true,"href":"https:\/\/desireonline.shop\/vi\/wp-json\/wp\/v2\/comments?post=67723"}],"version-history":[{"count":0,"href":"https:\/\/desireonline.shop\/vi\/wp-json\/wp\/v2\/product\/67723\/revisions"}],"wp:featuredmedia":[{"embeddable":true,"href":"https:\/\/desireonline.shop\/vi\/wp-json\/wp\/v2\/media\/61343"}],"wp:attachment":[{"href":"https:\/\/desireonline.shop\/vi\/wp-json\/wp\/v2\/media?parent=67723"}],"wp:term":[{"taxonomy":"product_brand","embeddable":true,"href":"https:\/\/desireonline.shop\/vi\/wp-json\/wp\/v2\/product_brand?post=67723"},{"taxonomy":"product_cat","embeddable":true,"href":"https:\/\/desireonline.shop\/vi\/wp-json\/wp\/v2\/product_cat?post=67723"},{"taxonomy":"product_tag","embeddable":true,"href":"https:\/\/desireonline.shop\/vi\/wp-json\/wp\/v2\/product_tag?post=67723"}],"curies":[{"name":"wp","href":"https:\/\/api.w.org\/{rel}","templated":true}]}}