{"id":67741,"date":"2026-02-03T08:10:00","date_gmt":"2026-02-03T08:10:00","guid":{"rendered":"https:\/\/desireonline.shop\/product\/kissen-may-kich-thich-am-vat-cynthia\/"},"modified":"2026-03-10T05:31:53","modified_gmt":"2026-03-10T05:31:53","slug":"kissen-may-kich-thich-am-vat-cynthia","status":"publish","type":"product","link":"https:\/\/desireonline.shop\/vi\/san-pham\/kissen-may-kich-thich-am-vat-cynthia\/","title":{"rendered":"Kissen M\u00e1y k\u00edch th\u00edch \u00e2m v\u1eadt &#8211; Cynthia"},"content":{"rendered":"<p>\u0110\u01b0\u1ee3c thi\u1ebft k\u1ebf \u0111\u1ec3 mang l\u1ea1i k\u00edch th\u00edch m\u1ea1nh m\u1ebd nh\u01b0ng tho\u1ea3i m\u00e1i, m\u00e1y k\u00edch th\u00edch \u00e2m v\u1eadt n\u00e0y s\u1eed d\u1ee5ng l\u1ef1c h\u00fat c\u1ea3m \u1ee9ng \u0111\u1ec3 t\u1ea1o ra c\u1ea3m gi\u00e1c m\u1ea1nh m\u1ebd, kh\u00f4ng c\u1ea7n ti\u1ebfp x\u00fac tr\u1ef1c ti\u1ebfp. H\u00ecnh d\u00e1ng m\u01b0\u1ee3t m\u00e0 v\u00e0 \u00f4m theo \u0111\u01b0\u1eddng cong c\u01a1 th\u1ec3 gi\u00fap s\u1ea3n ph\u1ea9m \u00e1p s\u00e1t tho\u1ea3i m\u00e1i, cho ph\u00e9p c\u00e1c l\u00e0n s\u00f3ng h\u00fat mang l\u1ea1i kho\u00e1i c\u1ea3m t\u1eadp trung m\u00e0 kh\u00f4ng c\u1ea7n ti\u1ebfp x\u00fac tr\u1ef1c ti\u1ebfp.<\/p>\n<p>V\u1edbi 10 ch\u1ebf \u0111\u1ed9 h\u00fat \u0111\u1ec3 kh\u00e1m ph\u00e1, b\u1ea1n c\u00f3 th\u1ec3 d\u1ec5 d\u00e0ng chuy\u1ec3n \u0111\u1ed5i gi\u1eefa k\u00edch th\u00edch nh\u1eb9 nh\u00e0ng v\u00e0 nh\u1eefng c\u1ea3m gi\u00e1c s\u00e2u, m\u1ea1nh m\u1ebd h\u01a1n. M\u1ed9t l\u1ef1a ch\u1ecdn tuy\u1ec7t v\u1eddi cho nh\u1eefng ai y\u00eau th\u00edch kho\u00e1i c\u1ea3m r\u1ea3nh tay v\u00e0 kh\u1ea3 n\u0103ng ki\u1ec3m so\u00e1t ch\u00ednh x\u00e1c c\u01b0\u1eddng \u0111\u1ed9.<\/p>\n","protected":false},"excerpt":{"rendered":"<p>\u0110\u01b0\u1ee3c thi\u1ebft k\u1ebf \u0111\u1ec3 mang l\u1ea1i k\u00edch th\u00edch m\u1ea1nh m\u1ebd nh\u01b0ng tho\u1ea3i m\u00e1i, m\u00e1y k\u00edch th\u00edch \u00e2m v\u1eadt n\u00e0y s\u1eed d\u1ee5ng l\u1ef1c h\u00fat c\u1ea3m \u1ee9ng \u0111\u1ec3 t\u1ea1o ra c\u1ea3m gi\u00e1c&hellip;<\/p>\n","protected":false},"featured_media":61361,"comment_status":"open","ping_status":"closed","template":"","meta":{"_acf_changed":false},"product_brand":[],"product_cat":[1391],"product_tag":[1660,1670,1684,1717,1718],"class_list":{"0":"post-67741","1":"product","2":"type-product","3":"status-publish","4":"has-post-thumbnail","6":"product_cat-may-rung-hut-liem-am-vat","7":"product_tag-an-toan-cho-co-the","8":"product_tag-danh-cho-phu-nu","9":"product_tag-kich-thich-am-vat","10":"product_tag-kich-thuoc-nho-gon","11":"product_tag-thiet-ke-kin-dao","13":"first","14":"instock","15":"shipping-taxable","16":"purchasable","17":"product-type-simple"},"acf":[],"yoast_head":"<!-- This site is optimized with the Yoast SEO plugin v27.1.1 - https:\/\/yoast.com\/product\/yoast-seo-wordpress\/ -->\n<title>Kissen M\u00e1y k\u00edch th\u00edch \u00e2m v\u1eadt - Cynthia - Desire<\/title>\n<meta name=\"robots\" content=\"index, follow, max-snippet:-1, max-image-preview:large, max-video-preview:-1\" \/>\n<link rel=\"canonical\" href=\"https:\/\/desireonline.shop\/vi\/san-pham\/kissen-may-kich-thich-am-vat-cynthia\/\" \/>\n<meta property=\"og:locale\" content=\"vi_VN\" \/>\n<meta property=\"og:type\" content=\"article\" \/>\n<meta property=\"og:title\" content=\"Kissen M\u00e1y k\u00edch th\u00edch \u00e2m v\u1eadt - Cynthia - Desire\" \/>\n<meta property=\"og:description\" content=\"\u0110\u01b0\u1ee3c thi\u1ebft k\u1ebf \u0111\u1ec3 mang l\u1ea1i k\u00edch th\u00edch m\u1ea1nh m\u1ebd nh\u01b0ng tho\u1ea3i m\u00e1i, m\u00e1y k\u00edch th\u00edch \u00e2m v\u1eadt n\u00e0y s\u1eed d\u1ee5ng l\u1ef1c h\u00fat c\u1ea3m \u1ee9ng \u0111\u1ec3 t\u1ea1o ra c\u1ea3m gi\u00e1c&hellip;\" \/>\n<meta property=\"og:url\" content=\"https:\/\/desireonline.shop\/vi\/san-pham\/kissen-may-kich-thich-am-vat-cynthia\/\" \/>\n<meta property=\"og:site_name\" content=\"Desire\" \/>\n<meta property=\"article:modified_time\" content=\"2026-03-10T05:31:53+00:00\" \/>\n<meta property=\"og:image\" content=\"https:\/\/desireonline.shop\/wp-content\/uploads\/2026\/02\/CN-811028299_00.jpg\" \/>\n\t<meta property=\"og:image:width\" content=\"1200\" \/>\n\t<meta property=\"og:image:height\" content=\"1109\" \/>\n\t<meta property=\"og:image:type\" content=\"image\/jpeg\" \/>\n<meta name=\"twitter:card\" content=\"summary_large_image\" \/>\n<meta name=\"twitter:label1\" content=\"\u01af\u1edbc t\u00ednh th\u1eddi gian \u0111\u1ecdc\" \/>\n\t<meta name=\"twitter:data1\" content=\"1 ph\u00fat\" \/>\n<script type=\"application\/ld+json\" class=\"yoast-schema-graph\">{\"@context\":\"https:\/\/schema.org\",\"@graph\":[{\"@type\":\"WebPage\",\"@id\":\"https:\/\/desireonline.shop\/vi\/san-pham\/kissen-may-kich-thich-am-vat-cynthia\/\",\"url\":\"https:\/\/desireonline.shop\/vi\/san-pham\/kissen-may-kich-thich-am-vat-cynthia\/\",\"name\":\"Kissen M\u00e1y k\u00edch th\u00edch \u00e2m v\u1eadt - Cynthia - Desire\",\"isPartOf\":{\"@id\":\"https:\/\/desireonline.shop\/vi\/#website\"},\"primaryImageOfPage\":{\"@id\":\"https:\/\/desireonline.shop\/vi\/san-pham\/kissen-may-kich-thich-am-vat-cynthia\/#primaryimage\"},\"image\":{\"@id\":\"https:\/\/desireonline.shop\/vi\/san-pham\/kissen-may-kich-thich-am-vat-cynthia\/#primaryimage\"},\"thumbnailUrl\":\"https:\/\/desireonline.shop\/wp-content\/uploads\/2026\/02\/CN-811028299_00.jpg\",\"datePublished\":\"2026-02-03T08:10:00+00:00\",\"dateModified\":\"2026-03-10T05:31:53+00:00\",\"breadcrumb\":{\"@id\":\"https:\/\/desireonline.shop\/vi\/san-pham\/kissen-may-kich-thich-am-vat-cynthia\/#breadcrumb\"},\"inLanguage\":\"vi\",\"potentialAction\":[{\"@type\":\"ReadAction\",\"target\":[\"https:\/\/desireonline.shop\/vi\/san-pham\/kissen-may-kich-thich-am-vat-cynthia\/\"]}]},{\"@type\":\"ImageObject\",\"inLanguage\":\"vi\",\"@id\":\"https:\/\/desireonline.shop\/vi\/san-pham\/kissen-may-kich-thich-am-vat-cynthia\/#primaryimage\",\"url\":\"https:\/\/desireonline.shop\/wp-content\/uploads\/2026\/02\/CN-811028299_00.jpg\",\"contentUrl\":\"https:\/\/desireonline.shop\/wp-content\/uploads\/2026\/02\/CN-811028299_00.jpg\",\"width\":1200,\"height\":1109},{\"@type\":\"BreadcrumbList\",\"@id\":\"https:\/\/desireonline.shop\/vi\/san-pham\/kissen-may-kich-thich-am-vat-cynthia\/#breadcrumb\",\"itemListElement\":[{\"@type\":\"ListItem\",\"position\":1,\"name\":\"Home\",\"item\":\"https:\/\/desireonline.shop\/vi\/trang-chu\/?lang=vi\"},{\"@type\":\"ListItem\",\"position\":2,\"name\":\"T\u1ea5t c\u1ea3 s\u1ea3n ph\u1ea9m\",\"item\":\"https:\/\/desireonline.shop\/cua-hang\/?lang=vi\"},{\"@type\":\"ListItem\",\"position\":3,\"name\":\"Kissen M\u00e1y k\u00edch th\u00edch \u00e2m v\u1eadt &#8211; Cynthia\"}]},{\"@type\":\"WebSite\",\"@id\":\"https:\/\/desireonline.shop\/vi\/#website\",\"url\":\"https:\/\/desireonline.shop\/vi\/\",\"name\":\"Desire\",\"description\":\"Sexual Wellness Platform\",\"publisher\":{\"@id\":\"https:\/\/desireonline.shop\/vi\/#organization\"},\"potentialAction\":[{\"@type\":\"SearchAction\",\"target\":{\"@type\":\"EntryPoint\",\"urlTemplate\":\"https:\/\/desireonline.shop\/vi\/?s={search_term_string}\"},\"query-input\":{\"@type\":\"PropertyValueSpecification\",\"valueRequired\":true,\"valueName\":\"search_term_string\"}}],\"inLanguage\":\"vi\"},{\"@type\":\"Organization\",\"@id\":\"https:\/\/desireonline.shop\/vi\/#organization\",\"name\":\"Desire\",\"url\":\"https:\/\/desireonline.shop\/vi\/\",\"logo\":{\"@type\":\"ImageObject\",\"inLanguage\":\"vi\",\"@id\":\"https:\/\/desireonline.shop\/vi\/#\/schema\/logo\/image\/\",\"url\":\"https:\/\/desireonline.shop\/wp-content\/uploads\/2024\/06\/Logo-Thick-Font-1.webp\",\"contentUrl\":\"https:\/\/desireonline.shop\/wp-content\/uploads\/2024\/06\/Logo-Thick-Font-1.webp\",\"width\":268,\"height\":399,\"caption\":\"Desire\"},\"image\":{\"@id\":\"https:\/\/desireonline.shop\/vi\/#\/schema\/logo\/image\/\"}}]}<\/script>\n<!-- \/ Yoast SEO plugin. -->","yoast_head_json":{"title":"Kissen M\u00e1y k\u00edch th\u00edch \u00e2m v\u1eadt - Cynthia - Desire","robots":{"index":"index","follow":"follow","max-snippet":"max-snippet:-1","max-image-preview":"max-image-preview:large","max-video-preview":"max-video-preview:-1"},"canonical":"https:\/\/desireonline.shop\/vi\/san-pham\/kissen-may-kich-thich-am-vat-cynthia\/","og_locale":"vi_VN","og_type":"article","og_title":"Kissen M\u00e1y k\u00edch th\u00edch \u00e2m v\u1eadt - Cynthia - Desire","og_description":"\u0110\u01b0\u1ee3c thi\u1ebft k\u1ebf \u0111\u1ec3 mang l\u1ea1i k\u00edch th\u00edch m\u1ea1nh m\u1ebd nh\u01b0ng tho\u1ea3i m\u00e1i, m\u00e1y k\u00edch th\u00edch \u00e2m v\u1eadt n\u00e0y s\u1eed d\u1ee5ng l\u1ef1c h\u00fat c\u1ea3m \u1ee9ng \u0111\u1ec3 t\u1ea1o ra c\u1ea3m gi\u00e1c&hellip;","og_url":"https:\/\/desireonline.shop\/vi\/san-pham\/kissen-may-kich-thich-am-vat-cynthia\/","og_site_name":"Desire","article_modified_time":"2026-03-10T05:31:53+00:00","og_image":[{"width":1200,"height":1109,"url":"https:\/\/desireonline.shop\/wp-content\/uploads\/2026\/02\/CN-811028299_00.jpg","type":"image\/jpeg"}],"twitter_card":"summary_large_image","twitter_misc":{"\u01af\u1edbc t\u00ednh th\u1eddi gian \u0111\u1ecdc":"1 ph\u00fat"},"schema":{"@context":"https:\/\/schema.org","@graph":[{"@type":"WebPage","@id":"https:\/\/desireonline.shop\/vi\/san-pham\/kissen-may-kich-thich-am-vat-cynthia\/","url":"https:\/\/desireonline.shop\/vi\/san-pham\/kissen-may-kich-thich-am-vat-cynthia\/","name":"Kissen M\u00e1y k\u00edch th\u00edch \u00e2m v\u1eadt - Cynthia - Desire","isPartOf":{"@id":"https:\/\/desireonline.shop\/vi\/#website"},"primaryImageOfPage":{"@id":"https:\/\/desireonline.shop\/vi\/san-pham\/kissen-may-kich-thich-am-vat-cynthia\/#primaryimage"},"image":{"@id":"https:\/\/desireonline.shop\/vi\/san-pham\/kissen-may-kich-thich-am-vat-cynthia\/#primaryimage"},"thumbnailUrl":"https:\/\/desireonline.shop\/wp-content\/uploads\/2026\/02\/CN-811028299_00.jpg","datePublished":"2026-02-03T08:10:00+00:00","dateModified":"2026-03-10T05:31:53+00:00","breadcrumb":{"@id":"https:\/\/desireonline.shop\/vi\/san-pham\/kissen-may-kich-thich-am-vat-cynthia\/#breadcrumb"},"inLanguage":"vi","potentialAction":[{"@type":"ReadAction","target":["https:\/\/desireonline.shop\/vi\/san-pham\/kissen-may-kich-thich-am-vat-cynthia\/"]}]},{"@type":"ImageObject","inLanguage":"vi","@id":"https:\/\/desireonline.shop\/vi\/san-pham\/kissen-may-kich-thich-am-vat-cynthia\/#primaryimage","url":"https:\/\/desireonline.shop\/wp-content\/uploads\/2026\/02\/CN-811028299_00.jpg","contentUrl":"https:\/\/desireonline.shop\/wp-content\/uploads\/2026\/02\/CN-811028299_00.jpg","width":1200,"height":1109},{"@type":"BreadcrumbList","@id":"https:\/\/desireonline.shop\/vi\/san-pham\/kissen-may-kich-thich-am-vat-cynthia\/#breadcrumb","itemListElement":[{"@type":"ListItem","position":1,"name":"Home","item":"https:\/\/desireonline.shop\/vi\/trang-chu\/?lang=vi"},{"@type":"ListItem","position":2,"name":"T\u1ea5t c\u1ea3 s\u1ea3n ph\u1ea9m","item":"https:\/\/desireonline.shop\/cua-hang\/?lang=vi"},{"@type":"ListItem","position":3,"name":"Kissen M\u00e1y k\u00edch th\u00edch \u00e2m v\u1eadt &#8211; Cynthia"}]},{"@type":"WebSite","@id":"https:\/\/desireonline.shop\/vi\/#website","url":"https:\/\/desireonline.shop\/vi\/","name":"Desire","description":"Sexual Wellness Platform","publisher":{"@id":"https:\/\/desireonline.shop\/vi\/#organization"},"potentialAction":[{"@type":"SearchAction","target":{"@type":"EntryPoint","urlTemplate":"https:\/\/desireonline.shop\/vi\/?s={search_term_string}"},"query-input":{"@type":"PropertyValueSpecification","valueRequired":true,"valueName":"search_term_string"}}],"inLanguage":"vi"},{"@type":"Organization","@id":"https:\/\/desireonline.shop\/vi\/#organization","name":"Desire","url":"https:\/\/desireonline.shop\/vi\/","logo":{"@type":"ImageObject","inLanguage":"vi","@id":"https:\/\/desireonline.shop\/vi\/#\/schema\/logo\/image\/","url":"https:\/\/desireonline.shop\/wp-content\/uploads\/2024\/06\/Logo-Thick-Font-1.webp","contentUrl":"https:\/\/desireonline.shop\/wp-content\/uploads\/2024\/06\/Logo-Thick-Font-1.webp","width":268,"height":399,"caption":"Desire"},"image":{"@id":"https:\/\/desireonline.shop\/vi\/#\/schema\/logo\/image\/"}}]}},"_links":{"self":[{"href":"https:\/\/desireonline.shop\/vi\/wp-json\/wp\/v2\/product\/67741","targetHints":{"allow":["GET"]}}],"collection":[{"href":"https:\/\/desireonline.shop\/vi\/wp-json\/wp\/v2\/product"}],"about":[{"href":"https:\/\/desireonline.shop\/vi\/wp-json\/wp\/v2\/types\/product"}],"replies":[{"embeddable":true,"href":"https:\/\/desireonline.shop\/vi\/wp-json\/wp\/v2\/comments?post=67741"}],"version-history":[{"count":0,"href":"https:\/\/desireonline.shop\/vi\/wp-json\/wp\/v2\/product\/67741\/revisions"}],"wp:featuredmedia":[{"embeddable":true,"href":"https:\/\/desireonline.shop\/vi\/wp-json\/wp\/v2\/media\/61361"}],"wp:attachment":[{"href":"https:\/\/desireonline.shop\/vi\/wp-json\/wp\/v2\/media?parent=67741"}],"wp:term":[{"taxonomy":"product_brand","embeddable":true,"href":"https:\/\/desireonline.shop\/vi\/wp-json\/wp\/v2\/product_brand?post=67741"},{"taxonomy":"product_cat","embeddable":true,"href":"https:\/\/desireonline.shop\/vi\/wp-json\/wp\/v2\/product_cat?post=67741"},{"taxonomy":"product_tag","embeddable":true,"href":"https:\/\/desireonline.shop\/vi\/wp-json\/wp\/v2\/product_tag?post=67741"}],"curies":[{"name":"wp","href":"https:\/\/api.w.org\/{rel}","templated":true}]}}