{"id":67765,"date":"2026-02-03T08:12:00","date_gmt":"2026-02-03T08:12:00","guid":{"rendered":"https:\/\/desireonline.shop\/product\/kissen-may-rung-diem-g-va-may-kich-thich-am-vat-hunter\/"},"modified":"2026-03-10T05:31:55","modified_gmt":"2026-03-10T05:31:55","slug":"kissen-may-rung-diem-g-va-may-kich-thich-am-vat-hunter","status":"publish","type":"product","link":"https:\/\/desireonline.shop\/vi\/san-pham\/kissen-may-rung-diem-g-va-may-kich-thich-am-vat-hunter\/","title":{"rendered":"Kissen M\u00e1y rung \u0111i\u1ec3m G v\u00e0 m\u00e1y k\u00edch th\u00edch \u00e2m v\u1eadt &#8211; Hunter"},"content":{"rendered":"<p>\u0110\u01b0\u1ee3c thi\u1ebft k\u1ebf \u0111\u1ec3 mang l\u1ea1i kho\u00e1i c\u1ea3m nhi\u1ec1u l\u1edbp v\u00e0 s\u1ed1ng \u0111\u1ed9ng, thi\u1ebft b\u1ecb k\u00edch th\u00edch hai ch\u1ee9c n\u0103ng n\u00e0y k\u1ebft h\u1ee3p rung b\u00ean trong v\u1edbi k\u00edch th\u00edch b\u00ean ngo\u00e0i v\u00e0 h\u01a1i \u1ea5m nh\u1eb9 nh\u00e0ng. Thi\u1ebft k\u1ebf c\u00f4ng th\u00e1i h\u1ecdc cho ph\u00e9p s\u1ea3n ph\u1ea9m t\u00e1c \u0111\u1ed9ng v\u00e0o nhi\u1ec1u \u0111i\u1ec3m kho\u00e1i c\u1ea3m c\u00f9ng l\u00fac, t\u1ea1o n\u00ean tr\u1ea3i nghi\u1ec7m cu\u1ed1n h\u00fat v\u00e0 th\u1ecfa m\u00e3n.<\/p>\n<p>V\u1edbi c\u00e1c ch\u1ebf \u0111\u1ed9 rung, c\u00e1c ki\u1ec3u nh\u1ecbp thay \u0111\u1ed5i v\u00e0 ch\u1ee9c n\u0103ng l\u00e0m \u1ea5m gi\u00fap t\u0103ng s\u1ef1 tho\u1ea3i m\u00e1i, s\u1ea3n ph\u1ea9m khuy\u1ebfn kh\u00edch kh\u00e1m ph\u00e1 v\u00e0 \u0111a d\u1ea1ng tr\u1ea3i nghi\u1ec7m. S\u1ea1c t\u1eeb t\u00ednh v\u00e0 kh\u1ea3 n\u0103ng ch\u1ed1ng n\u01b0\u1edbc chu\u1ea9n IPX6 gi\u00fap vi\u1ec7c s\u1eed d\u1ee5ng tr\u1edf n\u00ean d\u1ec5 d\u00e0ng v\u00e0 \u0111\u01a1n gi\u1ea3n khi v\u1ec7 sinh, ho\u00e0n h\u1ea3o cho nh\u1eefng kho\u1ea3nh kh\u1eafc tr\u1ea3i nghi\u1ec7m solo th\u01b0 gi\u00e3n.<\/p>\n","protected":false},"excerpt":{"rendered":"<p>\u0110\u01b0\u1ee3c thi\u1ebft k\u1ebf \u0111\u1ec3 mang l\u1ea1i kho\u00e1i c\u1ea3m nhi\u1ec1u l\u1edbp v\u00e0 s\u1ed1ng \u0111\u1ed9ng, thi\u1ebft b\u1ecb k\u00edch th\u00edch hai ch\u1ee9c n\u0103ng n\u00e0y k\u1ebft h\u1ee3p rung b\u00ean trong v\u1edbi k\u00edch th\u00edch b\u00ean&hellip;<\/p>\n","protected":false},"featured_media":61378,"comment_status":"open","ping_status":"closed","template":"","meta":{"_acf_changed":false},"product_brand":[],"product_cat":[1436,1435],"product_tag":[1660,1670,1688,1684,1659],"class_list":{"0":"post-67765","1":"product","2":"type-product","3":"status-publish","4":"has-post-thumbnail","6":"product_cat-may-rung-diem-g","7":"product_cat-may-rung-kich-thich-ngoai","8":"product_tag-an-toan-cho-co-the","9":"product_tag-danh-cho-phu-nu","10":"product_tag-goi-cam","11":"product_tag-kich-thich-am-vat","12":"product_tag-kich-thich-ben-trong","14":"first","15":"instock","16":"shipping-taxable","17":"purchasable","18":"product-type-simple"},"acf":[],"yoast_head":"<!-- This site is optimized with the Yoast SEO plugin v27.1.1 - https:\/\/yoast.com\/product\/yoast-seo-wordpress\/ -->\n<title>Kissen M\u00e1y rung \u0111i\u1ec3m G v\u00e0 m\u00e1y k\u00edch th\u00edch \u00e2m v\u1eadt - Hunter - Desire<\/title>\n<meta name=\"robots\" content=\"index, follow, max-snippet:-1, max-image-preview:large, max-video-preview:-1\" \/>\n<link rel=\"canonical\" href=\"https:\/\/desireonline.shop\/vi\/san-pham\/kissen-may-rung-diem-g-va-may-kich-thich-am-vat-hunter\/\" \/>\n<meta property=\"og:locale\" content=\"vi_VN\" \/>\n<meta property=\"og:type\" content=\"article\" \/>\n<meta property=\"og:title\" content=\"Kissen M\u00e1y rung \u0111i\u1ec3m G v\u00e0 m\u00e1y k\u00edch th\u00edch \u00e2m v\u1eadt - Hunter - Desire\" \/>\n<meta property=\"og:description\" content=\"\u0110\u01b0\u1ee3c thi\u1ebft k\u1ebf \u0111\u1ec3 mang l\u1ea1i kho\u00e1i c\u1ea3m nhi\u1ec1u l\u1edbp v\u00e0 s\u1ed1ng \u0111\u1ed9ng, thi\u1ebft b\u1ecb k\u00edch th\u00edch hai ch\u1ee9c n\u0103ng n\u00e0y k\u1ebft h\u1ee3p rung b\u00ean trong v\u1edbi k\u00edch th\u00edch b\u00ean&hellip;\" \/>\n<meta property=\"og:url\" content=\"https:\/\/desireonline.shop\/vi\/san-pham\/kissen-may-rung-diem-g-va-may-kich-thich-am-vat-hunter\/\" \/>\n<meta property=\"og:site_name\" content=\"Desire\" \/>\n<meta property=\"article:modified_time\" content=\"2026-03-10T05:31:55+00:00\" \/>\n<meta property=\"og:image\" content=\"https:\/\/desireonline.shop\/wp-content\/uploads\/2026\/02\/CN-819416409_00.jpg\" \/>\n\t<meta property=\"og:image:width\" content=\"1000\" \/>\n\t<meta property=\"og:image:height\" content=\"1000\" \/>\n\t<meta property=\"og:image:type\" content=\"image\/jpeg\" \/>\n<meta name=\"twitter:card\" content=\"summary_large_image\" \/>\n<meta name=\"twitter:label1\" content=\"\u01af\u1edbc t\u00ednh th\u1eddi gian \u0111\u1ecdc\" \/>\n\t<meta name=\"twitter:data1\" content=\"1 ph\u00fat\" \/>\n<script type=\"application\/ld+json\" class=\"yoast-schema-graph\">{\"@context\":\"https:\/\/schema.org\",\"@graph\":[{\"@type\":\"WebPage\",\"@id\":\"https:\/\/desireonline.shop\/vi\/san-pham\/kissen-may-rung-diem-g-va-may-kich-thich-am-vat-hunter\/\",\"url\":\"https:\/\/desireonline.shop\/vi\/san-pham\/kissen-may-rung-diem-g-va-may-kich-thich-am-vat-hunter\/\",\"name\":\"Kissen M\u00e1y rung \u0111i\u1ec3m G v\u00e0 m\u00e1y k\u00edch th\u00edch \u00e2m v\u1eadt - Hunter - Desire\",\"isPartOf\":{\"@id\":\"https:\/\/desireonline.shop\/vi\/#website\"},\"primaryImageOfPage\":{\"@id\":\"https:\/\/desireonline.shop\/vi\/san-pham\/kissen-may-rung-diem-g-va-may-kich-thich-am-vat-hunter\/#primaryimage\"},\"image\":{\"@id\":\"https:\/\/desireonline.shop\/vi\/san-pham\/kissen-may-rung-diem-g-va-may-kich-thich-am-vat-hunter\/#primaryimage\"},\"thumbnailUrl\":\"https:\/\/desireonline.shop\/wp-content\/uploads\/2026\/02\/CN-819416409_00.jpg\",\"datePublished\":\"2026-02-03T08:12:00+00:00\",\"dateModified\":\"2026-03-10T05:31:55+00:00\",\"breadcrumb\":{\"@id\":\"https:\/\/desireonline.shop\/vi\/san-pham\/kissen-may-rung-diem-g-va-may-kich-thich-am-vat-hunter\/#breadcrumb\"},\"inLanguage\":\"vi\",\"potentialAction\":[{\"@type\":\"ReadAction\",\"target\":[\"https:\/\/desireonline.shop\/vi\/san-pham\/kissen-may-rung-diem-g-va-may-kich-thich-am-vat-hunter\/\"]}]},{\"@type\":\"ImageObject\",\"inLanguage\":\"vi\",\"@id\":\"https:\/\/desireonline.shop\/vi\/san-pham\/kissen-may-rung-diem-g-va-may-kich-thich-am-vat-hunter\/#primaryimage\",\"url\":\"https:\/\/desireonline.shop\/wp-content\/uploads\/2026\/02\/CN-819416409_00.jpg\",\"contentUrl\":\"https:\/\/desireonline.shop\/wp-content\/uploads\/2026\/02\/CN-819416409_00.jpg\",\"width\":1000,\"height\":1000},{\"@type\":\"BreadcrumbList\",\"@id\":\"https:\/\/desireonline.shop\/vi\/san-pham\/kissen-may-rung-diem-g-va-may-kich-thich-am-vat-hunter\/#breadcrumb\",\"itemListElement\":[{\"@type\":\"ListItem\",\"position\":1,\"name\":\"Home\",\"item\":\"https:\/\/desireonline.shop\/vi\/trang-chu\/?lang=vi\"},{\"@type\":\"ListItem\",\"position\":2,\"name\":\"T\u1ea5t c\u1ea3 s\u1ea3n ph\u1ea9m\",\"item\":\"https:\/\/desireonline.shop\/cua-hang\/?lang=vi\"},{\"@type\":\"ListItem\",\"position\":3,\"name\":\"Kissen M\u00e1y rung \u0111i\u1ec3m G v\u00e0 m\u00e1y k\u00edch th\u00edch \u00e2m v\u1eadt &#8211; Hunter\"}]},{\"@type\":\"WebSite\",\"@id\":\"https:\/\/desireonline.shop\/vi\/#website\",\"url\":\"https:\/\/desireonline.shop\/vi\/\",\"name\":\"Desire\",\"description\":\"Sexual Wellness Platform\",\"publisher\":{\"@id\":\"https:\/\/desireonline.shop\/vi\/#organization\"},\"potentialAction\":[{\"@type\":\"SearchAction\",\"target\":{\"@type\":\"EntryPoint\",\"urlTemplate\":\"https:\/\/desireonline.shop\/vi\/?s={search_term_string}\"},\"query-input\":{\"@type\":\"PropertyValueSpecification\",\"valueRequired\":true,\"valueName\":\"search_term_string\"}}],\"inLanguage\":\"vi\"},{\"@type\":\"Organization\",\"@id\":\"https:\/\/desireonline.shop\/vi\/#organization\",\"name\":\"Desire\",\"url\":\"https:\/\/desireonline.shop\/vi\/\",\"logo\":{\"@type\":\"ImageObject\",\"inLanguage\":\"vi\",\"@id\":\"https:\/\/desireonline.shop\/vi\/#\/schema\/logo\/image\/\",\"url\":\"https:\/\/desireonline.shop\/wp-content\/uploads\/2024\/06\/Logo-Thick-Font-1.webp\",\"contentUrl\":\"https:\/\/desireonline.shop\/wp-content\/uploads\/2024\/06\/Logo-Thick-Font-1.webp\",\"width\":268,\"height\":399,\"caption\":\"Desire\"},\"image\":{\"@id\":\"https:\/\/desireonline.shop\/vi\/#\/schema\/logo\/image\/\"}}]}<\/script>\n<!-- \/ Yoast SEO plugin. -->","yoast_head_json":{"title":"Kissen M\u00e1y rung \u0111i\u1ec3m G v\u00e0 m\u00e1y k\u00edch th\u00edch \u00e2m v\u1eadt - Hunter - Desire","robots":{"index":"index","follow":"follow","max-snippet":"max-snippet:-1","max-image-preview":"max-image-preview:large","max-video-preview":"max-video-preview:-1"},"canonical":"https:\/\/desireonline.shop\/vi\/san-pham\/kissen-may-rung-diem-g-va-may-kich-thich-am-vat-hunter\/","og_locale":"vi_VN","og_type":"article","og_title":"Kissen M\u00e1y rung \u0111i\u1ec3m G v\u00e0 m\u00e1y k\u00edch th\u00edch \u00e2m v\u1eadt - Hunter - Desire","og_description":"\u0110\u01b0\u1ee3c thi\u1ebft k\u1ebf \u0111\u1ec3 mang l\u1ea1i kho\u00e1i c\u1ea3m nhi\u1ec1u l\u1edbp v\u00e0 s\u1ed1ng \u0111\u1ed9ng, thi\u1ebft b\u1ecb k\u00edch th\u00edch hai ch\u1ee9c n\u0103ng n\u00e0y k\u1ebft h\u1ee3p rung b\u00ean trong v\u1edbi k\u00edch th\u00edch b\u00ean&hellip;","og_url":"https:\/\/desireonline.shop\/vi\/san-pham\/kissen-may-rung-diem-g-va-may-kich-thich-am-vat-hunter\/","og_site_name":"Desire","article_modified_time":"2026-03-10T05:31:55+00:00","og_image":[{"width":1000,"height":1000,"url":"https:\/\/desireonline.shop\/wp-content\/uploads\/2026\/02\/CN-819416409_00.jpg","type":"image\/jpeg"}],"twitter_card":"summary_large_image","twitter_misc":{"\u01af\u1edbc t\u00ednh th\u1eddi gian \u0111\u1ecdc":"1 ph\u00fat"},"schema":{"@context":"https:\/\/schema.org","@graph":[{"@type":"WebPage","@id":"https:\/\/desireonline.shop\/vi\/san-pham\/kissen-may-rung-diem-g-va-may-kich-thich-am-vat-hunter\/","url":"https:\/\/desireonline.shop\/vi\/san-pham\/kissen-may-rung-diem-g-va-may-kich-thich-am-vat-hunter\/","name":"Kissen M\u00e1y rung \u0111i\u1ec3m G v\u00e0 m\u00e1y k\u00edch th\u00edch \u00e2m v\u1eadt - Hunter - Desire","isPartOf":{"@id":"https:\/\/desireonline.shop\/vi\/#website"},"primaryImageOfPage":{"@id":"https:\/\/desireonline.shop\/vi\/san-pham\/kissen-may-rung-diem-g-va-may-kich-thich-am-vat-hunter\/#primaryimage"},"image":{"@id":"https:\/\/desireonline.shop\/vi\/san-pham\/kissen-may-rung-diem-g-va-may-kich-thich-am-vat-hunter\/#primaryimage"},"thumbnailUrl":"https:\/\/desireonline.shop\/wp-content\/uploads\/2026\/02\/CN-819416409_00.jpg","datePublished":"2026-02-03T08:12:00+00:00","dateModified":"2026-03-10T05:31:55+00:00","breadcrumb":{"@id":"https:\/\/desireonline.shop\/vi\/san-pham\/kissen-may-rung-diem-g-va-may-kich-thich-am-vat-hunter\/#breadcrumb"},"inLanguage":"vi","potentialAction":[{"@type":"ReadAction","target":["https:\/\/desireonline.shop\/vi\/san-pham\/kissen-may-rung-diem-g-va-may-kich-thich-am-vat-hunter\/"]}]},{"@type":"ImageObject","inLanguage":"vi","@id":"https:\/\/desireonline.shop\/vi\/san-pham\/kissen-may-rung-diem-g-va-may-kich-thich-am-vat-hunter\/#primaryimage","url":"https:\/\/desireonline.shop\/wp-content\/uploads\/2026\/02\/CN-819416409_00.jpg","contentUrl":"https:\/\/desireonline.shop\/wp-content\/uploads\/2026\/02\/CN-819416409_00.jpg","width":1000,"height":1000},{"@type":"BreadcrumbList","@id":"https:\/\/desireonline.shop\/vi\/san-pham\/kissen-may-rung-diem-g-va-may-kich-thich-am-vat-hunter\/#breadcrumb","itemListElement":[{"@type":"ListItem","position":1,"name":"Home","item":"https:\/\/desireonline.shop\/vi\/trang-chu\/?lang=vi"},{"@type":"ListItem","position":2,"name":"T\u1ea5t c\u1ea3 s\u1ea3n ph\u1ea9m","item":"https:\/\/desireonline.shop\/cua-hang\/?lang=vi"},{"@type":"ListItem","position":3,"name":"Kissen M\u00e1y rung \u0111i\u1ec3m G v\u00e0 m\u00e1y k\u00edch th\u00edch \u00e2m v\u1eadt &#8211; Hunter"}]},{"@type":"WebSite","@id":"https:\/\/desireonline.shop\/vi\/#website","url":"https:\/\/desireonline.shop\/vi\/","name":"Desire","description":"Sexual Wellness Platform","publisher":{"@id":"https:\/\/desireonline.shop\/vi\/#organization"},"potentialAction":[{"@type":"SearchAction","target":{"@type":"EntryPoint","urlTemplate":"https:\/\/desireonline.shop\/vi\/?s={search_term_string}"},"query-input":{"@type":"PropertyValueSpecification","valueRequired":true,"valueName":"search_term_string"}}],"inLanguage":"vi"},{"@type":"Organization","@id":"https:\/\/desireonline.shop\/vi\/#organization","name":"Desire","url":"https:\/\/desireonline.shop\/vi\/","logo":{"@type":"ImageObject","inLanguage":"vi","@id":"https:\/\/desireonline.shop\/vi\/#\/schema\/logo\/image\/","url":"https:\/\/desireonline.shop\/wp-content\/uploads\/2024\/06\/Logo-Thick-Font-1.webp","contentUrl":"https:\/\/desireonline.shop\/wp-content\/uploads\/2024\/06\/Logo-Thick-Font-1.webp","width":268,"height":399,"caption":"Desire"},"image":{"@id":"https:\/\/desireonline.shop\/vi\/#\/schema\/logo\/image\/"}}]}},"_links":{"self":[{"href":"https:\/\/desireonline.shop\/vi\/wp-json\/wp\/v2\/product\/67765","targetHints":{"allow":["GET"]}}],"collection":[{"href":"https:\/\/desireonline.shop\/vi\/wp-json\/wp\/v2\/product"}],"about":[{"href":"https:\/\/desireonline.shop\/vi\/wp-json\/wp\/v2\/types\/product"}],"replies":[{"embeddable":true,"href":"https:\/\/desireonline.shop\/vi\/wp-json\/wp\/v2\/comments?post=67765"}],"version-history":[{"count":0,"href":"https:\/\/desireonline.shop\/vi\/wp-json\/wp\/v2\/product\/67765\/revisions"}],"wp:featuredmedia":[{"embeddable":true,"href":"https:\/\/desireonline.shop\/vi\/wp-json\/wp\/v2\/media\/61378"}],"wp:attachment":[{"href":"https:\/\/desireonline.shop\/vi\/wp-json\/wp\/v2\/media?parent=67765"}],"wp:term":[{"taxonomy":"product_brand","embeddable":true,"href":"https:\/\/desireonline.shop\/vi\/wp-json\/wp\/v2\/product_brand?post=67765"},{"taxonomy":"product_cat","embeddable":true,"href":"https:\/\/desireonline.shop\/vi\/wp-json\/wp\/v2\/product_cat?post=67765"},{"taxonomy":"product_tag","embeddable":true,"href":"https:\/\/desireonline.shop\/vi\/wp-json\/wp\/v2\/product_tag?post=67765"}],"curies":[{"name":"wp","href":"https:\/\/api.w.org\/{rel}","templated":true}]}}