{"id":67773,"date":"2026-02-03T08:13:00","date_gmt":"2026-02-03T08:13:00","guid":{"rendered":"https:\/\/desireonline.shop\/product\/fierce-euphoria-erotism-may-kich-thich-am-vat-hut-dang-son-moi\/"},"modified":"2026-03-10T05:31:32","modified_gmt":"2026-03-10T05:31:32","slug":"fierce-euphoria-erotism-may-kich-thich-am-vat-hut-dang-son-moi","status":"publish","type":"product","link":"https:\/\/desireonline.shop\/vi\/san-pham\/fierce-euphoria-erotism-may-kich-thich-am-vat-hut-dang-son-moi\/","title":{"rendered":"Fierce Euphoria Erotism M\u00e1y k\u00edch th\u00edch \u00e2m v\u1eadt h\u00fat d\u1ea1ng son m\u00f4i"},"content":{"rendered":"<p>\u0110\u01b0\u1ee3c thi\u1ebft k\u1ebf \u0111\u1ec3 mang l\u1ea1i kho\u00e1i c\u1ea3m t\u1eadp trung kh\u00f4ng c\u1ea7n ti\u1ebfp x\u00fac, m\u00e1y k\u00edch th\u00edch \u00e2m v\u1eadt n\u00e0y s\u1eed d\u1ee5ng k\u00edch th\u00edch ki\u1ec3u h\u00fat \u0111\u1ec3 t\u1ea1o ra c\u1ea3m gi\u00e1c tr\u00eau \u0111\u00f9a nh\u01b0 l\u00e0n s\u00f3ng. \u0110\u1ea7u h\u00fat d\u1ea1ng mu\u1ed7ng \u0111\u01b0\u1ee3c thi\u1ebft k\u1ebf \u0111\u1ec3 \u0111\u1eb7t v\u1eeba v\u1eb7n v\u00e0 tho\u1ea3i m\u00e1i, gi\u00fap mang l\u1ea1i s\u1ef1 ti\u1ebfp x\u00fac ch\u00ednh x\u00e1c v\u00e0 th\u1ecfa m\u00e3n.<\/p>\n<p>V\u1edbi b\u1ed1n ch\u1ebf \u0111\u1ed9 h\u00fat \u0111\u1ec3 kh\u00e1m ph\u00e1, s\u1ea3n ph\u1ea9m cho ph\u00e9p b\u1ea1n d\u1ec5 d\u00e0ng chuy\u1ec3n \u0111\u1ed5i t\u1eeb k\u00edch th\u00edch nh\u1eb9 nh\u00e0ng sang c\u01b0\u1eddng \u0111\u1ed9 s\u00e2u h\u01a1n. Ch\u1ed1ng n\u01b0\u1edbc v\u00e0 thi\u1ebft k\u1ebf k\u00edn \u0111\u00e1o, \u0111\u00e2y l\u00e0 l\u1ef1a ch\u1ecdn ho\u00e0n h\u1ea3o cho nh\u1eefng kho\u1ea3nh kh\u1eafc tr\u1ea3i nghi\u1ec7m solo th\u01b0 gi\u00e3n b\u1ea5t c\u1ee9 khi n\u00e0o v\u00e0 \u1edf b\u1ea5t c\u1ee9 \u0111\u00e2u.<\/p>\n","protected":false},"excerpt":{"rendered":"<p>\u0110\u01b0\u1ee3c thi\u1ebft k\u1ebf \u0111\u1ec3 mang l\u1ea1i kho\u00e1i c\u1ea3m t\u1eadp trung kh\u00f4ng c\u1ea7n ti\u1ebfp x\u00fac, m\u00e1y k\u00edch th\u00edch \u00e2m v\u1eadt n\u00e0y s\u1eed d\u1ee5ng k\u00edch th\u00edch ki\u1ec3u h\u00fat \u0111\u1ec3 t\u1ea1o ra c\u1ea3m&hellip;<\/p>\n","protected":false},"featured_media":61393,"comment_status":"open","ping_status":"closed","template":"","meta":{"_acf_changed":false},"product_brand":[],"product_cat":[1391],"product_tag":[1660,1686,1670,1684,1685],"class_list":{"0":"post-67773","1":"product","2":"type-product","3":"status-publish","4":"has-post-thumbnail","6":"product_cat-may-rung-hut-liem-am-vat","7":"product_tag-an-toan-cho-co-the","8":"product_tag-cam-giac-hut","9":"product_tag-danh-cho-phu-nu","10":"product_tag-kich-thich-am-vat","11":"product_tag-trai-nghiem-manh-liet","13":"first","14":"instock","15":"shipping-taxable","16":"purchasable","17":"product-type-simple"},"acf":[],"yoast_head":"<!-- This site is optimized with the Yoast SEO plugin v27.1.1 - https:\/\/yoast.com\/product\/yoast-seo-wordpress\/ -->\n<title>Fierce Euphoria Erotism M\u00e1y k\u00edch th\u00edch \u00e2m v\u1eadt h\u00fat d\u1ea1ng son m\u00f4i - Desire<\/title>\n<meta name=\"robots\" content=\"index, follow, max-snippet:-1, max-image-preview:large, max-video-preview:-1\" \/>\n<link rel=\"canonical\" href=\"https:\/\/desireonline.shop\/vi\/san-pham\/fierce-euphoria-erotism-may-kich-thich-am-vat-hut-dang-son-moi\/\" \/>\n<meta property=\"og:locale\" content=\"vi_VN\" \/>\n<meta property=\"og:type\" content=\"article\" \/>\n<meta property=\"og:title\" content=\"Fierce Euphoria Erotism M\u00e1y k\u00edch th\u00edch \u00e2m v\u1eadt h\u00fat d\u1ea1ng son m\u00f4i - Desire\" \/>\n<meta property=\"og:description\" content=\"\u0110\u01b0\u1ee3c thi\u1ebft k\u1ebf \u0111\u1ec3 mang l\u1ea1i kho\u00e1i c\u1ea3m t\u1eadp trung kh\u00f4ng c\u1ea7n ti\u1ebfp x\u00fac, m\u00e1y k\u00edch th\u00edch \u00e2m v\u1eadt n\u00e0y s\u1eed d\u1ee5ng k\u00edch th\u00edch ki\u1ec3u h\u00fat \u0111\u1ec3 t\u1ea1o ra c\u1ea3m&hellip;\" \/>\n<meta property=\"og:url\" content=\"https:\/\/desireonline.shop\/vi\/san-pham\/fierce-euphoria-erotism-may-kich-thich-am-vat-hut-dang-son-moi\/\" \/>\n<meta property=\"og:site_name\" content=\"Desire\" \/>\n<meta property=\"article:modified_time\" content=\"2026-03-10T05:31:32+00:00\" \/>\n<meta property=\"og:image\" content=\"https:\/\/desireonline.shop\/wp-content\/uploads\/2026\/02\/CN-540648031_00.jpg\" \/>\n\t<meta property=\"og:image:width\" content=\"1000\" \/>\n\t<meta property=\"og:image:height\" content=\"1000\" \/>\n\t<meta property=\"og:image:type\" content=\"image\/jpeg\" \/>\n<meta name=\"twitter:card\" content=\"summary_large_image\" \/>\n<meta name=\"twitter:label1\" content=\"\u01af\u1edbc t\u00ednh th\u1eddi gian \u0111\u1ecdc\" \/>\n\t<meta name=\"twitter:data1\" content=\"1 ph\u00fat\" \/>\n<script type=\"application\/ld+json\" class=\"yoast-schema-graph\">{\"@context\":\"https:\/\/schema.org\",\"@graph\":[{\"@type\":\"WebPage\",\"@id\":\"https:\/\/desireonline.shop\/vi\/san-pham\/fierce-euphoria-erotism-may-kich-thich-am-vat-hut-dang-son-moi\/\",\"url\":\"https:\/\/desireonline.shop\/vi\/san-pham\/fierce-euphoria-erotism-may-kich-thich-am-vat-hut-dang-son-moi\/\",\"name\":\"Fierce Euphoria Erotism M\u00e1y k\u00edch th\u00edch \u00e2m v\u1eadt h\u00fat d\u1ea1ng son m\u00f4i - Desire\",\"isPartOf\":{\"@id\":\"https:\/\/desireonline.shop\/vi\/#website\"},\"primaryImageOfPage\":{\"@id\":\"https:\/\/desireonline.shop\/vi\/san-pham\/fierce-euphoria-erotism-may-kich-thich-am-vat-hut-dang-son-moi\/#primaryimage\"},\"image\":{\"@id\":\"https:\/\/desireonline.shop\/vi\/san-pham\/fierce-euphoria-erotism-may-kich-thich-am-vat-hut-dang-son-moi\/#primaryimage\"},\"thumbnailUrl\":\"https:\/\/desireonline.shop\/wp-content\/uploads\/2026\/02\/CN-540648031_00.jpg\",\"datePublished\":\"2026-02-03T08:13:00+00:00\",\"dateModified\":\"2026-03-10T05:31:32+00:00\",\"breadcrumb\":{\"@id\":\"https:\/\/desireonline.shop\/vi\/san-pham\/fierce-euphoria-erotism-may-kich-thich-am-vat-hut-dang-son-moi\/#breadcrumb\"},\"inLanguage\":\"vi\",\"potentialAction\":[{\"@type\":\"ReadAction\",\"target\":[\"https:\/\/desireonline.shop\/vi\/san-pham\/fierce-euphoria-erotism-may-kich-thich-am-vat-hut-dang-son-moi\/\"]}]},{\"@type\":\"ImageObject\",\"inLanguage\":\"vi\",\"@id\":\"https:\/\/desireonline.shop\/vi\/san-pham\/fierce-euphoria-erotism-may-kich-thich-am-vat-hut-dang-son-moi\/#primaryimage\",\"url\":\"https:\/\/desireonline.shop\/wp-content\/uploads\/2026\/02\/CN-540648031_00.jpg\",\"contentUrl\":\"https:\/\/desireonline.shop\/wp-content\/uploads\/2026\/02\/CN-540648031_00.jpg\",\"width\":1000,\"height\":1000},{\"@type\":\"BreadcrumbList\",\"@id\":\"https:\/\/desireonline.shop\/vi\/san-pham\/fierce-euphoria-erotism-may-kich-thich-am-vat-hut-dang-son-moi\/#breadcrumb\",\"itemListElement\":[{\"@type\":\"ListItem\",\"position\":1,\"name\":\"Home\",\"item\":\"https:\/\/desireonline.shop\/vi\/trang-chu\/?lang=vi\"},{\"@type\":\"ListItem\",\"position\":2,\"name\":\"T\u1ea5t c\u1ea3 s\u1ea3n ph\u1ea9m\",\"item\":\"https:\/\/desireonline.shop\/cua-hang\/?lang=vi\"},{\"@type\":\"ListItem\",\"position\":3,\"name\":\"Fierce Euphoria Erotism M\u00e1y k\u00edch th\u00edch \u00e2m v\u1eadt h\u00fat d\u1ea1ng son m\u00f4i\"}]},{\"@type\":\"WebSite\",\"@id\":\"https:\/\/desireonline.shop\/vi\/#website\",\"url\":\"https:\/\/desireonline.shop\/vi\/\",\"name\":\"Desire\",\"description\":\"Sexual Wellness Platform\",\"publisher\":{\"@id\":\"https:\/\/desireonline.shop\/vi\/#organization\"},\"potentialAction\":[{\"@type\":\"SearchAction\",\"target\":{\"@type\":\"EntryPoint\",\"urlTemplate\":\"https:\/\/desireonline.shop\/vi\/?s={search_term_string}\"},\"query-input\":{\"@type\":\"PropertyValueSpecification\",\"valueRequired\":true,\"valueName\":\"search_term_string\"}}],\"inLanguage\":\"vi\"},{\"@type\":\"Organization\",\"@id\":\"https:\/\/desireonline.shop\/vi\/#organization\",\"name\":\"Desire\",\"url\":\"https:\/\/desireonline.shop\/vi\/\",\"logo\":{\"@type\":\"ImageObject\",\"inLanguage\":\"vi\",\"@id\":\"https:\/\/desireonline.shop\/vi\/#\/schema\/logo\/image\/\",\"url\":\"https:\/\/desireonline.shop\/wp-content\/uploads\/2024\/06\/Logo-Thick-Font-1.webp\",\"contentUrl\":\"https:\/\/desireonline.shop\/wp-content\/uploads\/2024\/06\/Logo-Thick-Font-1.webp\",\"width\":268,\"height\":399,\"caption\":\"Desire\"},\"image\":{\"@id\":\"https:\/\/desireonline.shop\/vi\/#\/schema\/logo\/image\/\"}}]}<\/script>\n<!-- \/ Yoast SEO plugin. -->","yoast_head_json":{"title":"Fierce Euphoria Erotism M\u00e1y k\u00edch th\u00edch \u00e2m v\u1eadt h\u00fat d\u1ea1ng son m\u00f4i - Desire","robots":{"index":"index","follow":"follow","max-snippet":"max-snippet:-1","max-image-preview":"max-image-preview:large","max-video-preview":"max-video-preview:-1"},"canonical":"https:\/\/desireonline.shop\/vi\/san-pham\/fierce-euphoria-erotism-may-kich-thich-am-vat-hut-dang-son-moi\/","og_locale":"vi_VN","og_type":"article","og_title":"Fierce Euphoria Erotism M\u00e1y k\u00edch th\u00edch \u00e2m v\u1eadt h\u00fat d\u1ea1ng son m\u00f4i - Desire","og_description":"\u0110\u01b0\u1ee3c thi\u1ebft k\u1ebf \u0111\u1ec3 mang l\u1ea1i kho\u00e1i c\u1ea3m t\u1eadp trung kh\u00f4ng c\u1ea7n ti\u1ebfp x\u00fac, m\u00e1y k\u00edch th\u00edch \u00e2m v\u1eadt n\u00e0y s\u1eed d\u1ee5ng k\u00edch th\u00edch ki\u1ec3u h\u00fat \u0111\u1ec3 t\u1ea1o ra c\u1ea3m&hellip;","og_url":"https:\/\/desireonline.shop\/vi\/san-pham\/fierce-euphoria-erotism-may-kich-thich-am-vat-hut-dang-son-moi\/","og_site_name":"Desire","article_modified_time":"2026-03-10T05:31:32+00:00","og_image":[{"width":1000,"height":1000,"url":"https:\/\/desireonline.shop\/wp-content\/uploads\/2026\/02\/CN-540648031_00.jpg","type":"image\/jpeg"}],"twitter_card":"summary_large_image","twitter_misc":{"\u01af\u1edbc t\u00ednh th\u1eddi gian \u0111\u1ecdc":"1 ph\u00fat"},"schema":{"@context":"https:\/\/schema.org","@graph":[{"@type":"WebPage","@id":"https:\/\/desireonline.shop\/vi\/san-pham\/fierce-euphoria-erotism-may-kich-thich-am-vat-hut-dang-son-moi\/","url":"https:\/\/desireonline.shop\/vi\/san-pham\/fierce-euphoria-erotism-may-kich-thich-am-vat-hut-dang-son-moi\/","name":"Fierce Euphoria Erotism M\u00e1y k\u00edch th\u00edch \u00e2m v\u1eadt h\u00fat d\u1ea1ng son m\u00f4i - Desire","isPartOf":{"@id":"https:\/\/desireonline.shop\/vi\/#website"},"primaryImageOfPage":{"@id":"https:\/\/desireonline.shop\/vi\/san-pham\/fierce-euphoria-erotism-may-kich-thich-am-vat-hut-dang-son-moi\/#primaryimage"},"image":{"@id":"https:\/\/desireonline.shop\/vi\/san-pham\/fierce-euphoria-erotism-may-kich-thich-am-vat-hut-dang-son-moi\/#primaryimage"},"thumbnailUrl":"https:\/\/desireonline.shop\/wp-content\/uploads\/2026\/02\/CN-540648031_00.jpg","datePublished":"2026-02-03T08:13:00+00:00","dateModified":"2026-03-10T05:31:32+00:00","breadcrumb":{"@id":"https:\/\/desireonline.shop\/vi\/san-pham\/fierce-euphoria-erotism-may-kich-thich-am-vat-hut-dang-son-moi\/#breadcrumb"},"inLanguage":"vi","potentialAction":[{"@type":"ReadAction","target":["https:\/\/desireonline.shop\/vi\/san-pham\/fierce-euphoria-erotism-may-kich-thich-am-vat-hut-dang-son-moi\/"]}]},{"@type":"ImageObject","inLanguage":"vi","@id":"https:\/\/desireonline.shop\/vi\/san-pham\/fierce-euphoria-erotism-may-kich-thich-am-vat-hut-dang-son-moi\/#primaryimage","url":"https:\/\/desireonline.shop\/wp-content\/uploads\/2026\/02\/CN-540648031_00.jpg","contentUrl":"https:\/\/desireonline.shop\/wp-content\/uploads\/2026\/02\/CN-540648031_00.jpg","width":1000,"height":1000},{"@type":"BreadcrumbList","@id":"https:\/\/desireonline.shop\/vi\/san-pham\/fierce-euphoria-erotism-may-kich-thich-am-vat-hut-dang-son-moi\/#breadcrumb","itemListElement":[{"@type":"ListItem","position":1,"name":"Home","item":"https:\/\/desireonline.shop\/vi\/trang-chu\/?lang=vi"},{"@type":"ListItem","position":2,"name":"T\u1ea5t c\u1ea3 s\u1ea3n ph\u1ea9m","item":"https:\/\/desireonline.shop\/cua-hang\/?lang=vi"},{"@type":"ListItem","position":3,"name":"Fierce Euphoria Erotism M\u00e1y k\u00edch th\u00edch \u00e2m v\u1eadt h\u00fat d\u1ea1ng son m\u00f4i"}]},{"@type":"WebSite","@id":"https:\/\/desireonline.shop\/vi\/#website","url":"https:\/\/desireonline.shop\/vi\/","name":"Desire","description":"Sexual Wellness Platform","publisher":{"@id":"https:\/\/desireonline.shop\/vi\/#organization"},"potentialAction":[{"@type":"SearchAction","target":{"@type":"EntryPoint","urlTemplate":"https:\/\/desireonline.shop\/vi\/?s={search_term_string}"},"query-input":{"@type":"PropertyValueSpecification","valueRequired":true,"valueName":"search_term_string"}}],"inLanguage":"vi"},{"@type":"Organization","@id":"https:\/\/desireonline.shop\/vi\/#organization","name":"Desire","url":"https:\/\/desireonline.shop\/vi\/","logo":{"@type":"ImageObject","inLanguage":"vi","@id":"https:\/\/desireonline.shop\/vi\/#\/schema\/logo\/image\/","url":"https:\/\/desireonline.shop\/wp-content\/uploads\/2024\/06\/Logo-Thick-Font-1.webp","contentUrl":"https:\/\/desireonline.shop\/wp-content\/uploads\/2024\/06\/Logo-Thick-Font-1.webp","width":268,"height":399,"caption":"Desire"},"image":{"@id":"https:\/\/desireonline.shop\/vi\/#\/schema\/logo\/image\/"}}]}},"_links":{"self":[{"href":"https:\/\/desireonline.shop\/vi\/wp-json\/wp\/v2\/product\/67773","targetHints":{"allow":["GET"]}}],"collection":[{"href":"https:\/\/desireonline.shop\/vi\/wp-json\/wp\/v2\/product"}],"about":[{"href":"https:\/\/desireonline.shop\/vi\/wp-json\/wp\/v2\/types\/product"}],"replies":[{"embeddable":true,"href":"https:\/\/desireonline.shop\/vi\/wp-json\/wp\/v2\/comments?post=67773"}],"version-history":[{"count":0,"href":"https:\/\/desireonline.shop\/vi\/wp-json\/wp\/v2\/product\/67773\/revisions"}],"wp:featuredmedia":[{"embeddable":true,"href":"https:\/\/desireonline.shop\/vi\/wp-json\/wp\/v2\/media\/61393"}],"wp:attachment":[{"href":"https:\/\/desireonline.shop\/vi\/wp-json\/wp\/v2\/media?parent=67773"}],"wp:term":[{"taxonomy":"product_brand","embeddable":true,"href":"https:\/\/desireonline.shop\/vi\/wp-json\/wp\/v2\/product_brand?post=67773"},{"taxonomy":"product_cat","embeddable":true,"href":"https:\/\/desireonline.shop\/vi\/wp-json\/wp\/v2\/product_cat?post=67773"},{"taxonomy":"product_tag","embeddable":true,"href":"https:\/\/desireonline.shop\/vi\/wp-json\/wp\/v2\/product_tag?post=67773"}],"curies":[{"name":"wp","href":"https:\/\/api.w.org\/{rel}","templated":true}]}}