{"id":67783,"date":"2026-02-03T08:14:00","date_gmt":"2026-02-03T08:14:00","guid":{"rendered":"https:\/\/desireonline.shop\/product\/fierce-euphoria-deluxe-cong-co-chan\/"},"modified":"2026-03-10T05:31:33","modified_gmt":"2026-03-10T05:31:33","slug":"fierce-euphoria-deluxe-cong-co-chan","status":"publish","type":"product","link":"https:\/\/desireonline.shop\/vi\/san-pham\/fierce-euphoria-deluxe-cong-co-chan\/","title":{"rendered":"Fierce Euphoria Deluxe C\u00f2ng c\u1ed5 ch\u00e2n"},"content":{"rendered":"<p>\u0110\u01b0\u1ee3c thi\u1ebft k\u1ebf \u0111\u1ec3 mang l\u1ea1i c\u1ea3m gi\u00e1c ki\u1ec3m so\u00e1t vui t\u01b0\u01a1i, c\u00f2ng c\u1ed5 ch\u00e2n n\u00e0y c\u00f3 th\u1ec3 \u0111i\u1ec1u ch\u1ec9nh ho\u00e0n to\u00e0n \u0111\u1ec3 \u0111\u1ea3m b\u1ea3o v\u1eeba v\u1eb7n ch\u1eafc ch\u1eafn nh\u01b0ng v\u1eabn tho\u1ea3i m\u00e1i. L\u1edbp l\u00f3t m\u1ec1m b\u00ean trong gi\u00fap duy tr\u00ec s\u1ef1 tho\u1ea3i m\u00e1i, cho ph\u00e9p b\u1ea1n t\u1eadp trung v\u00e0o s\u1ef1 k\u1ebft n\u1ed1i v\u00e0 mong \u0111\u1ee3i.<\/p>\n<p>Ho\u00e0n thi\u1ec7n v\u1edbi m\u00f3c kim lo\u1ea1i d\u1ec5 s\u1eed d\u1ee5ng, s\u1ea3n ph\u1ea9m \u0111\u01a1n gi\u1ea3n \u0111\u1ec3 g\u1eafn v\u00e0 th\u00e1o ra, l\u00fd t\u01b0\u1edfng cho nh\u1eefng kho\u1ea3nh kh\u1eafc ng\u1eabu h\u1ee9ng. M\u1ed9t b\u1ed5 sung tuy\u1ec7t v\u1eddi \u0111\u1ec3 kh\u00e1m ph\u00e1 nh\u1eefng r\u00e0ng bu\u1ed9c nh\u1eb9 nh\u00e0ng v\u00e0 x\u00e2y d\u1ef1ng s\u1ef1 th\u00e2n m\u1eadt c\u00f9ng nhau.<\/p>\n","protected":false},"excerpt":{"rendered":"<p>\u0110\u01b0\u1ee3c thi\u1ebft k\u1ebf \u0111\u1ec3 mang l\u1ea1i c\u1ea3m gi\u00e1c ki\u1ec3m so\u00e1t vui t\u01b0\u01a1i, c\u00f2ng c\u1ed5 ch\u00e2n n\u00e0y c\u00f3 th\u1ec3 \u0111i\u1ec1u ch\u1ec9nh ho\u00e0n to\u00e0n \u0111\u1ec3 \u0111\u1ea3m b\u1ea3o v\u1eeba v\u1eb7n ch\u1eafc ch\u1eafn nh\u01b0ng&hellip;<\/p>\n","protected":false},"featured_media":61403,"comment_status":"open","ping_status":"closed","template":"","meta":{"_acf_changed":false},"product_brand":[],"product_cat":[1364],"product_tag":[1668,1658,1666,1667],"class_list":{"0":"post-67783","1":"product","2":"type-product","3":"status-publish","4":"has-post-thumbnail","6":"product_cat-day-co-dinh-co-tay-co-chan","7":"product_tag-co-the-dieu-chinh","8":"product_tag-lua-chon-cao-cap","9":"product_tag-tro-choi-bondage","10":"product_tag-tro-choi-troi-buoc","12":"first","13":"instock","14":"shipping-taxable","15":"purchasable","16":"product-type-simple"},"acf":[],"yoast_head":"<!-- This site is optimized with the Yoast SEO plugin v27.1.1 - https:\/\/yoast.com\/product\/yoast-seo-wordpress\/ -->\n<title>Fierce Euphoria Deluxe C\u00f2ng c\u1ed5 ch\u00e2n - Desire<\/title>\n<meta name=\"robots\" content=\"index, follow, max-snippet:-1, max-image-preview:large, max-video-preview:-1\" \/>\n<link rel=\"canonical\" href=\"https:\/\/desireonline.shop\/vi\/san-pham\/fierce-euphoria-deluxe-cong-co-chan\/\" \/>\n<meta property=\"og:locale\" content=\"vi_VN\" \/>\n<meta property=\"og:type\" content=\"article\" \/>\n<meta property=\"og:title\" content=\"Fierce Euphoria Deluxe C\u00f2ng c\u1ed5 ch\u00e2n - Desire\" \/>\n<meta property=\"og:description\" content=\"\u0110\u01b0\u1ee3c thi\u1ebft k\u1ebf \u0111\u1ec3 mang l\u1ea1i c\u1ea3m gi\u00e1c ki\u1ec3m so\u00e1t vui t\u01b0\u01a1i, c\u00f2ng c\u1ed5 ch\u00e2n n\u00e0y c\u00f3 th\u1ec3 \u0111i\u1ec1u ch\u1ec9nh ho\u00e0n to\u00e0n \u0111\u1ec3 \u0111\u1ea3m b\u1ea3o v\u1eeba v\u1eb7n ch\u1eafc ch\u1eafn nh\u01b0ng&hellip;\" \/>\n<meta property=\"og:url\" content=\"https:\/\/desireonline.shop\/vi\/san-pham\/fierce-euphoria-deluxe-cong-co-chan\/\" \/>\n<meta property=\"og:site_name\" content=\"Desire\" \/>\n<meta property=\"article:modified_time\" content=\"2026-03-10T05:31:33+00:00\" \/>\n<meta property=\"og:image\" content=\"https:\/\/desireonline.shop\/wp-content\/uploads\/2026\/02\/CN-547130612_00.jpg\" \/>\n\t<meta property=\"og:image:width\" content=\"1000\" \/>\n\t<meta property=\"og:image:height\" content=\"1000\" \/>\n\t<meta property=\"og:image:type\" content=\"image\/jpeg\" \/>\n<meta name=\"twitter:card\" content=\"summary_large_image\" \/>\n<meta name=\"twitter:label1\" content=\"\u01af\u1edbc t\u00ednh th\u1eddi gian \u0111\u1ecdc\" \/>\n\t<meta name=\"twitter:data1\" content=\"1 ph\u00fat\" \/>\n<script type=\"application\/ld+json\" class=\"yoast-schema-graph\">{\"@context\":\"https:\/\/schema.org\",\"@graph\":[{\"@type\":\"WebPage\",\"@id\":\"https:\/\/desireonline.shop\/vi\/san-pham\/fierce-euphoria-deluxe-cong-co-chan\/\",\"url\":\"https:\/\/desireonline.shop\/vi\/san-pham\/fierce-euphoria-deluxe-cong-co-chan\/\",\"name\":\"Fierce Euphoria Deluxe C\u00f2ng c\u1ed5 ch\u00e2n - Desire\",\"isPartOf\":{\"@id\":\"https:\/\/desireonline.shop\/vi\/#website\"},\"primaryImageOfPage\":{\"@id\":\"https:\/\/desireonline.shop\/vi\/san-pham\/fierce-euphoria-deluxe-cong-co-chan\/#primaryimage\"},\"image\":{\"@id\":\"https:\/\/desireonline.shop\/vi\/san-pham\/fierce-euphoria-deluxe-cong-co-chan\/#primaryimage\"},\"thumbnailUrl\":\"https:\/\/desireonline.shop\/wp-content\/uploads\/2026\/02\/CN-547130612_00.jpg\",\"datePublished\":\"2026-02-03T08:14:00+00:00\",\"dateModified\":\"2026-03-10T05:31:33+00:00\",\"breadcrumb\":{\"@id\":\"https:\/\/desireonline.shop\/vi\/san-pham\/fierce-euphoria-deluxe-cong-co-chan\/#breadcrumb\"},\"inLanguage\":\"vi\",\"potentialAction\":[{\"@type\":\"ReadAction\",\"target\":[\"https:\/\/desireonline.shop\/vi\/san-pham\/fierce-euphoria-deluxe-cong-co-chan\/\"]}]},{\"@type\":\"ImageObject\",\"inLanguage\":\"vi\",\"@id\":\"https:\/\/desireonline.shop\/vi\/san-pham\/fierce-euphoria-deluxe-cong-co-chan\/#primaryimage\",\"url\":\"https:\/\/desireonline.shop\/wp-content\/uploads\/2026\/02\/CN-547130612_00.jpg\",\"contentUrl\":\"https:\/\/desireonline.shop\/wp-content\/uploads\/2026\/02\/CN-547130612_00.jpg\",\"width\":1000,\"height\":1000},{\"@type\":\"BreadcrumbList\",\"@id\":\"https:\/\/desireonline.shop\/vi\/san-pham\/fierce-euphoria-deluxe-cong-co-chan\/#breadcrumb\",\"itemListElement\":[{\"@type\":\"ListItem\",\"position\":1,\"name\":\"Home\",\"item\":\"https:\/\/desireonline.shop\/vi\/trang-chu\/?lang=vi\"},{\"@type\":\"ListItem\",\"position\":2,\"name\":\"T\u1ea5t c\u1ea3 s\u1ea3n ph\u1ea9m\",\"item\":\"https:\/\/desireonline.shop\/cua-hang\/?lang=vi\"},{\"@type\":\"ListItem\",\"position\":3,\"name\":\"Fierce Euphoria Deluxe C\u00f2ng c\u1ed5 ch\u00e2n\"}]},{\"@type\":\"WebSite\",\"@id\":\"https:\/\/desireonline.shop\/vi\/#website\",\"url\":\"https:\/\/desireonline.shop\/vi\/\",\"name\":\"Desire\",\"description\":\"Sexual Wellness Platform\",\"publisher\":{\"@id\":\"https:\/\/desireonline.shop\/vi\/#organization\"},\"potentialAction\":[{\"@type\":\"SearchAction\",\"target\":{\"@type\":\"EntryPoint\",\"urlTemplate\":\"https:\/\/desireonline.shop\/vi\/?s={search_term_string}\"},\"query-input\":{\"@type\":\"PropertyValueSpecification\",\"valueRequired\":true,\"valueName\":\"search_term_string\"}}],\"inLanguage\":\"vi\"},{\"@type\":\"Organization\",\"@id\":\"https:\/\/desireonline.shop\/vi\/#organization\",\"name\":\"Desire\",\"url\":\"https:\/\/desireonline.shop\/vi\/\",\"logo\":{\"@type\":\"ImageObject\",\"inLanguage\":\"vi\",\"@id\":\"https:\/\/desireonline.shop\/vi\/#\/schema\/logo\/image\/\",\"url\":\"https:\/\/desireonline.shop\/wp-content\/uploads\/2024\/06\/Logo-Thick-Font-1.webp\",\"contentUrl\":\"https:\/\/desireonline.shop\/wp-content\/uploads\/2024\/06\/Logo-Thick-Font-1.webp\",\"width\":268,\"height\":399,\"caption\":\"Desire\"},\"image\":{\"@id\":\"https:\/\/desireonline.shop\/vi\/#\/schema\/logo\/image\/\"}}]}<\/script>\n<!-- \/ Yoast SEO plugin. -->","yoast_head_json":{"title":"Fierce Euphoria Deluxe C\u00f2ng c\u1ed5 ch\u00e2n - Desire","robots":{"index":"index","follow":"follow","max-snippet":"max-snippet:-1","max-image-preview":"max-image-preview:large","max-video-preview":"max-video-preview:-1"},"canonical":"https:\/\/desireonline.shop\/vi\/san-pham\/fierce-euphoria-deluxe-cong-co-chan\/","og_locale":"vi_VN","og_type":"article","og_title":"Fierce Euphoria Deluxe C\u00f2ng c\u1ed5 ch\u00e2n - Desire","og_description":"\u0110\u01b0\u1ee3c thi\u1ebft k\u1ebf \u0111\u1ec3 mang l\u1ea1i c\u1ea3m gi\u00e1c ki\u1ec3m so\u00e1t vui t\u01b0\u01a1i, c\u00f2ng c\u1ed5 ch\u00e2n n\u00e0y c\u00f3 th\u1ec3 \u0111i\u1ec1u ch\u1ec9nh ho\u00e0n to\u00e0n \u0111\u1ec3 \u0111\u1ea3m b\u1ea3o v\u1eeba v\u1eb7n ch\u1eafc ch\u1eafn nh\u01b0ng&hellip;","og_url":"https:\/\/desireonline.shop\/vi\/san-pham\/fierce-euphoria-deluxe-cong-co-chan\/","og_site_name":"Desire","article_modified_time":"2026-03-10T05:31:33+00:00","og_image":[{"width":1000,"height":1000,"url":"https:\/\/desireonline.shop\/wp-content\/uploads\/2026\/02\/CN-547130612_00.jpg","type":"image\/jpeg"}],"twitter_card":"summary_large_image","twitter_misc":{"\u01af\u1edbc t\u00ednh th\u1eddi gian \u0111\u1ecdc":"1 ph\u00fat"},"schema":{"@context":"https:\/\/schema.org","@graph":[{"@type":"WebPage","@id":"https:\/\/desireonline.shop\/vi\/san-pham\/fierce-euphoria-deluxe-cong-co-chan\/","url":"https:\/\/desireonline.shop\/vi\/san-pham\/fierce-euphoria-deluxe-cong-co-chan\/","name":"Fierce Euphoria Deluxe C\u00f2ng c\u1ed5 ch\u00e2n - Desire","isPartOf":{"@id":"https:\/\/desireonline.shop\/vi\/#website"},"primaryImageOfPage":{"@id":"https:\/\/desireonline.shop\/vi\/san-pham\/fierce-euphoria-deluxe-cong-co-chan\/#primaryimage"},"image":{"@id":"https:\/\/desireonline.shop\/vi\/san-pham\/fierce-euphoria-deluxe-cong-co-chan\/#primaryimage"},"thumbnailUrl":"https:\/\/desireonline.shop\/wp-content\/uploads\/2026\/02\/CN-547130612_00.jpg","datePublished":"2026-02-03T08:14:00+00:00","dateModified":"2026-03-10T05:31:33+00:00","breadcrumb":{"@id":"https:\/\/desireonline.shop\/vi\/san-pham\/fierce-euphoria-deluxe-cong-co-chan\/#breadcrumb"},"inLanguage":"vi","potentialAction":[{"@type":"ReadAction","target":["https:\/\/desireonline.shop\/vi\/san-pham\/fierce-euphoria-deluxe-cong-co-chan\/"]}]},{"@type":"ImageObject","inLanguage":"vi","@id":"https:\/\/desireonline.shop\/vi\/san-pham\/fierce-euphoria-deluxe-cong-co-chan\/#primaryimage","url":"https:\/\/desireonline.shop\/wp-content\/uploads\/2026\/02\/CN-547130612_00.jpg","contentUrl":"https:\/\/desireonline.shop\/wp-content\/uploads\/2026\/02\/CN-547130612_00.jpg","width":1000,"height":1000},{"@type":"BreadcrumbList","@id":"https:\/\/desireonline.shop\/vi\/san-pham\/fierce-euphoria-deluxe-cong-co-chan\/#breadcrumb","itemListElement":[{"@type":"ListItem","position":1,"name":"Home","item":"https:\/\/desireonline.shop\/vi\/trang-chu\/?lang=vi"},{"@type":"ListItem","position":2,"name":"T\u1ea5t c\u1ea3 s\u1ea3n ph\u1ea9m","item":"https:\/\/desireonline.shop\/cua-hang\/?lang=vi"},{"@type":"ListItem","position":3,"name":"Fierce Euphoria Deluxe C\u00f2ng c\u1ed5 ch\u00e2n"}]},{"@type":"WebSite","@id":"https:\/\/desireonline.shop\/vi\/#website","url":"https:\/\/desireonline.shop\/vi\/","name":"Desire","description":"Sexual Wellness Platform","publisher":{"@id":"https:\/\/desireonline.shop\/vi\/#organization"},"potentialAction":[{"@type":"SearchAction","target":{"@type":"EntryPoint","urlTemplate":"https:\/\/desireonline.shop\/vi\/?s={search_term_string}"},"query-input":{"@type":"PropertyValueSpecification","valueRequired":true,"valueName":"search_term_string"}}],"inLanguage":"vi"},{"@type":"Organization","@id":"https:\/\/desireonline.shop\/vi\/#organization","name":"Desire","url":"https:\/\/desireonline.shop\/vi\/","logo":{"@type":"ImageObject","inLanguage":"vi","@id":"https:\/\/desireonline.shop\/vi\/#\/schema\/logo\/image\/","url":"https:\/\/desireonline.shop\/wp-content\/uploads\/2024\/06\/Logo-Thick-Font-1.webp","contentUrl":"https:\/\/desireonline.shop\/wp-content\/uploads\/2024\/06\/Logo-Thick-Font-1.webp","width":268,"height":399,"caption":"Desire"},"image":{"@id":"https:\/\/desireonline.shop\/vi\/#\/schema\/logo\/image\/"}}]}},"_links":{"self":[{"href":"https:\/\/desireonline.shop\/vi\/wp-json\/wp\/v2\/product\/67783","targetHints":{"allow":["GET"]}}],"collection":[{"href":"https:\/\/desireonline.shop\/vi\/wp-json\/wp\/v2\/product"}],"about":[{"href":"https:\/\/desireonline.shop\/vi\/wp-json\/wp\/v2\/types\/product"}],"replies":[{"embeddable":true,"href":"https:\/\/desireonline.shop\/vi\/wp-json\/wp\/v2\/comments?post=67783"}],"version-history":[{"count":0,"href":"https:\/\/desireonline.shop\/vi\/wp-json\/wp\/v2\/product\/67783\/revisions"}],"wp:featuredmedia":[{"embeddable":true,"href":"https:\/\/desireonline.shop\/vi\/wp-json\/wp\/v2\/media\/61403"}],"wp:attachment":[{"href":"https:\/\/desireonline.shop\/vi\/wp-json\/wp\/v2\/media?parent=67783"}],"wp:term":[{"taxonomy":"product_brand","embeddable":true,"href":"https:\/\/desireonline.shop\/vi\/wp-json\/wp\/v2\/product_brand?post=67783"},{"taxonomy":"product_cat","embeddable":true,"href":"https:\/\/desireonline.shop\/vi\/wp-json\/wp\/v2\/product_cat?post=67783"},{"taxonomy":"product_tag","embeddable":true,"href":"https:\/\/desireonline.shop\/vi\/wp-json\/wp\/v2\/product_tag?post=67783"}],"curies":[{"name":"wp","href":"https:\/\/api.w.org\/{rel}","templated":true}]}}