{"id":67802,"date":"2026-02-03T08:17:00","date_gmt":"2026-02-03T08:17:00","guid":{"rendered":"https:\/\/desireonline.shop\/product\/fierce-euphoria-black-metal-o-ring-gag\/"},"modified":"2026-03-10T05:31:35","modified_gmt":"2026-03-10T05:31:35","slug":"fierce-euphoria-black-metal-o-ring-gag","status":"publish","type":"product","link":"https:\/\/desireonline.shop\/vi\/san-pham\/fierce-euphoria-black-metal-o-ring-gag\/","title":{"rendered":"Fierce Euphoria Black Metal O-ring Gag"},"content":{"rendered":"<p>\u0110\u01b0\u1ee3c thi\u1ebft k\u1ebf \u0111\u1ec3 k\u1ebft h\u1ee3p s\u1ef1 tho\u1ea3i m\u00e1i v\u00e0 kh\u1ea3 n\u0103ng ki\u1ec3m so\u00e1t, d\u1ee5ng c\u1ee5 b\u1ecbt mi\u1ec7ng n\u00e0y c\u00f3 v\u00f2ng O b\u1eb1ng kim lo\u1ea1i m\u01b0\u1ee3t c\u00f9ng d\u00e2y \u0111ai c\u00f3 th\u1ec3 d\u1ec5 d\u00e0ng \u0111i\u1ec1u ch\u1ec9nh \u0111\u1ec3 mang l\u1ea1i \u0111\u1ed9 v\u1eeba v\u1eb7n ch\u1eafc ch\u1eafn v\u00e0 c\u00e1 nh\u00e2n h\u00f3a. Thi\u1ebft k\u1ebf \u0111\u01a1n gi\u1ea3n gi\u00fap d\u1ec5 \u0111eo m\u00e0 v\u1eabn duy tr\u00ec s\u1ef1 tho\u1ea3i m\u00e1i trong qu\u00e1 tr\u00ecnh s\u1eed d\u1ee5ng.<\/p>\n<p>D\u1ec5 s\u1eed d\u1ee5ng v\u00e0 d\u1ec5 v\u1ec7 sinh, \u0111\u00e2y l\u00e0 l\u1ef1a ch\u1ecdn th\u1ef1c t\u1ebf cho nh\u1eefng ai \u0111ang kh\u00e1m ph\u00e1 r\u00e0ng bu\u1ed9c v\u00e0 c\u1ea3m gi\u00e1c. M\u1ed9t ph\u1ee5 ki\u1ec7n c\u1ed5 \u0111i\u1ec3n t\u1ea1o \u0111i\u1ec3m nh\u1ea5n th\u1ecb gi\u00e1c v\u00e0 th\u00eam s\u1ef1 ki\u1ec3m so\u00e1t vui t\u01b0\u01a1i v\u00e0o nh\u1eefng kho\u1ea3nh kh\u1eafc th\u00e2n m\u1eadt.<\/p>\n","protected":false},"excerpt":{"rendered":"<p>\u0110\u01b0\u1ee3c thi\u1ebft k\u1ebf \u0111\u1ec3 k\u1ebft h\u1ee3p s\u1ef1 tho\u1ea3i m\u00e1i v\u00e0 kh\u1ea3 n\u0103ng ki\u1ec3m so\u00e1t, d\u1ee5ng c\u1ee5 b\u1ecbt mi\u1ec7ng n\u00e0y c\u00f3 v\u00f2ng O b\u1eb1ng kim lo\u1ea1i m\u01b0\u1ee3t c\u00f9ng d\u00e2y \u0111ai c\u00f3&hellip;<\/p>\n","protected":false},"featured_media":61422,"comment_status":"open","ping_status":"closed","template":"","meta":{"_acf_changed":false},"product_brand":[],"product_cat":[1355,1346],"product_tag":[1728,1729,1666],"class_list":{"0":"post-67802","1":"product","2":"type-product","3":"status-publish","4":"has-post-thumbnail","6":"product_cat-bit-mieng-bondage","7":"product_cat-dung-cu-han-che-giac-quan","8":"product_tag-dong-luc-quyen-luc","9":"product_tag-nhap-vai","10":"product_tag-tro-choi-bondage","12":"first","13":"instock","14":"shipping-taxable","15":"purchasable","16":"product-type-simple"},"acf":[],"yoast_head":"<!-- This site is optimized with the Yoast SEO plugin v27.1.1 - https:\/\/yoast.com\/product\/yoast-seo-wordpress\/ -->\n<title>Fierce Euphoria Black Metal O-ring Gag - Desire<\/title>\n<meta name=\"robots\" content=\"index, follow, max-snippet:-1, max-image-preview:large, max-video-preview:-1\" \/>\n<link rel=\"canonical\" href=\"https:\/\/desireonline.shop\/vi\/san-pham\/fierce-euphoria-black-metal-o-ring-gag\/\" \/>\n<meta property=\"og:locale\" content=\"vi_VN\" \/>\n<meta property=\"og:type\" content=\"article\" \/>\n<meta property=\"og:title\" content=\"Fierce Euphoria Black Metal O-ring Gag - Desire\" \/>\n<meta property=\"og:description\" content=\"\u0110\u01b0\u1ee3c thi\u1ebft k\u1ebf \u0111\u1ec3 k\u1ebft h\u1ee3p s\u1ef1 tho\u1ea3i m\u00e1i v\u00e0 kh\u1ea3 n\u0103ng ki\u1ec3m so\u00e1t, d\u1ee5ng c\u1ee5 b\u1ecbt mi\u1ec7ng n\u00e0y c\u00f3 v\u00f2ng O b\u1eb1ng kim lo\u1ea1i m\u01b0\u1ee3t c\u00f9ng d\u00e2y \u0111ai c\u00f3&hellip;\" \/>\n<meta property=\"og:url\" content=\"https:\/\/desireonline.shop\/vi\/san-pham\/fierce-euphoria-black-metal-o-ring-gag\/\" \/>\n<meta property=\"og:site_name\" content=\"Desire\" \/>\n<meta property=\"article:modified_time\" content=\"2026-03-10T05:31:35+00:00\" \/>\n<meta property=\"og:image\" content=\"https:\/\/desireonline.shop\/wp-content\/uploads\/2026\/02\/CN-547130632_00.jpg\" \/>\n\t<meta property=\"og:image:width\" content=\"1000\" \/>\n\t<meta property=\"og:image:height\" content=\"1000\" \/>\n\t<meta property=\"og:image:type\" content=\"image\/jpeg\" \/>\n<meta name=\"twitter:card\" content=\"summary_large_image\" \/>\n<meta name=\"twitter:label1\" content=\"\u01af\u1edbc t\u00ednh th\u1eddi gian \u0111\u1ecdc\" \/>\n\t<meta name=\"twitter:data1\" content=\"1 ph\u00fat\" \/>\n<script type=\"application\/ld+json\" class=\"yoast-schema-graph\">{\"@context\":\"https:\/\/schema.org\",\"@graph\":[{\"@type\":\"WebPage\",\"@id\":\"https:\/\/desireonline.shop\/vi\/san-pham\/fierce-euphoria-black-metal-o-ring-gag\/\",\"url\":\"https:\/\/desireonline.shop\/vi\/san-pham\/fierce-euphoria-black-metal-o-ring-gag\/\",\"name\":\"Fierce Euphoria Black Metal O-ring Gag - Desire\",\"isPartOf\":{\"@id\":\"https:\/\/desireonline.shop\/vi\/#website\"},\"primaryImageOfPage\":{\"@id\":\"https:\/\/desireonline.shop\/vi\/san-pham\/fierce-euphoria-black-metal-o-ring-gag\/#primaryimage\"},\"image\":{\"@id\":\"https:\/\/desireonline.shop\/vi\/san-pham\/fierce-euphoria-black-metal-o-ring-gag\/#primaryimage\"},\"thumbnailUrl\":\"https:\/\/desireonline.shop\/wp-content\/uploads\/2026\/02\/CN-547130632_00.jpg\",\"datePublished\":\"2026-02-03T08:17:00+00:00\",\"dateModified\":\"2026-03-10T05:31:35+00:00\",\"breadcrumb\":{\"@id\":\"https:\/\/desireonline.shop\/vi\/san-pham\/fierce-euphoria-black-metal-o-ring-gag\/#breadcrumb\"},\"inLanguage\":\"vi\",\"potentialAction\":[{\"@type\":\"ReadAction\",\"target\":[\"https:\/\/desireonline.shop\/vi\/san-pham\/fierce-euphoria-black-metal-o-ring-gag\/\"]}]},{\"@type\":\"ImageObject\",\"inLanguage\":\"vi\",\"@id\":\"https:\/\/desireonline.shop\/vi\/san-pham\/fierce-euphoria-black-metal-o-ring-gag\/#primaryimage\",\"url\":\"https:\/\/desireonline.shop\/wp-content\/uploads\/2026\/02\/CN-547130632_00.jpg\",\"contentUrl\":\"https:\/\/desireonline.shop\/wp-content\/uploads\/2026\/02\/CN-547130632_00.jpg\",\"width\":1000,\"height\":1000},{\"@type\":\"BreadcrumbList\",\"@id\":\"https:\/\/desireonline.shop\/vi\/san-pham\/fierce-euphoria-black-metal-o-ring-gag\/#breadcrumb\",\"itemListElement\":[{\"@type\":\"ListItem\",\"position\":1,\"name\":\"Home\",\"item\":\"https:\/\/desireonline.shop\/vi\/trang-chu\/?lang=vi\"},{\"@type\":\"ListItem\",\"position\":2,\"name\":\"T\u1ea5t c\u1ea3 s\u1ea3n ph\u1ea9m\",\"item\":\"https:\/\/desireonline.shop\/cua-hang\/?lang=vi\"},{\"@type\":\"ListItem\",\"position\":3,\"name\":\"Fierce Euphoria Black Metal O-ring Gag\"}]},{\"@type\":\"WebSite\",\"@id\":\"https:\/\/desireonline.shop\/vi\/#website\",\"url\":\"https:\/\/desireonline.shop\/vi\/\",\"name\":\"Desire\",\"description\":\"Sexual Wellness Platform\",\"publisher\":{\"@id\":\"https:\/\/desireonline.shop\/vi\/#organization\"},\"potentialAction\":[{\"@type\":\"SearchAction\",\"target\":{\"@type\":\"EntryPoint\",\"urlTemplate\":\"https:\/\/desireonline.shop\/vi\/?s={search_term_string}\"},\"query-input\":{\"@type\":\"PropertyValueSpecification\",\"valueRequired\":true,\"valueName\":\"search_term_string\"}}],\"inLanguage\":\"vi\"},{\"@type\":\"Organization\",\"@id\":\"https:\/\/desireonline.shop\/vi\/#organization\",\"name\":\"Desire\",\"url\":\"https:\/\/desireonline.shop\/vi\/\",\"logo\":{\"@type\":\"ImageObject\",\"inLanguage\":\"vi\",\"@id\":\"https:\/\/desireonline.shop\/vi\/#\/schema\/logo\/image\/\",\"url\":\"https:\/\/desireonline.shop\/wp-content\/uploads\/2024\/06\/Logo-Thick-Font-1.webp\",\"contentUrl\":\"https:\/\/desireonline.shop\/wp-content\/uploads\/2024\/06\/Logo-Thick-Font-1.webp\",\"width\":268,\"height\":399,\"caption\":\"Desire\"},\"image\":{\"@id\":\"https:\/\/desireonline.shop\/vi\/#\/schema\/logo\/image\/\"}}]}<\/script>\n<!-- \/ Yoast SEO plugin. -->","yoast_head_json":{"title":"Fierce Euphoria Black Metal O-ring Gag - Desire","robots":{"index":"index","follow":"follow","max-snippet":"max-snippet:-1","max-image-preview":"max-image-preview:large","max-video-preview":"max-video-preview:-1"},"canonical":"https:\/\/desireonline.shop\/vi\/san-pham\/fierce-euphoria-black-metal-o-ring-gag\/","og_locale":"vi_VN","og_type":"article","og_title":"Fierce Euphoria Black Metal O-ring Gag - Desire","og_description":"\u0110\u01b0\u1ee3c thi\u1ebft k\u1ebf \u0111\u1ec3 k\u1ebft h\u1ee3p s\u1ef1 tho\u1ea3i m\u00e1i v\u00e0 kh\u1ea3 n\u0103ng ki\u1ec3m so\u00e1t, d\u1ee5ng c\u1ee5 b\u1ecbt mi\u1ec7ng n\u00e0y c\u00f3 v\u00f2ng O b\u1eb1ng kim lo\u1ea1i m\u01b0\u1ee3t c\u00f9ng d\u00e2y \u0111ai c\u00f3&hellip;","og_url":"https:\/\/desireonline.shop\/vi\/san-pham\/fierce-euphoria-black-metal-o-ring-gag\/","og_site_name":"Desire","article_modified_time":"2026-03-10T05:31:35+00:00","og_image":[{"width":1000,"height":1000,"url":"https:\/\/desireonline.shop\/wp-content\/uploads\/2026\/02\/CN-547130632_00.jpg","type":"image\/jpeg"}],"twitter_card":"summary_large_image","twitter_misc":{"\u01af\u1edbc t\u00ednh th\u1eddi gian \u0111\u1ecdc":"1 ph\u00fat"},"schema":{"@context":"https:\/\/schema.org","@graph":[{"@type":"WebPage","@id":"https:\/\/desireonline.shop\/vi\/san-pham\/fierce-euphoria-black-metal-o-ring-gag\/","url":"https:\/\/desireonline.shop\/vi\/san-pham\/fierce-euphoria-black-metal-o-ring-gag\/","name":"Fierce Euphoria Black Metal O-ring Gag - Desire","isPartOf":{"@id":"https:\/\/desireonline.shop\/vi\/#website"},"primaryImageOfPage":{"@id":"https:\/\/desireonline.shop\/vi\/san-pham\/fierce-euphoria-black-metal-o-ring-gag\/#primaryimage"},"image":{"@id":"https:\/\/desireonline.shop\/vi\/san-pham\/fierce-euphoria-black-metal-o-ring-gag\/#primaryimage"},"thumbnailUrl":"https:\/\/desireonline.shop\/wp-content\/uploads\/2026\/02\/CN-547130632_00.jpg","datePublished":"2026-02-03T08:17:00+00:00","dateModified":"2026-03-10T05:31:35+00:00","breadcrumb":{"@id":"https:\/\/desireonline.shop\/vi\/san-pham\/fierce-euphoria-black-metal-o-ring-gag\/#breadcrumb"},"inLanguage":"vi","potentialAction":[{"@type":"ReadAction","target":["https:\/\/desireonline.shop\/vi\/san-pham\/fierce-euphoria-black-metal-o-ring-gag\/"]}]},{"@type":"ImageObject","inLanguage":"vi","@id":"https:\/\/desireonline.shop\/vi\/san-pham\/fierce-euphoria-black-metal-o-ring-gag\/#primaryimage","url":"https:\/\/desireonline.shop\/wp-content\/uploads\/2026\/02\/CN-547130632_00.jpg","contentUrl":"https:\/\/desireonline.shop\/wp-content\/uploads\/2026\/02\/CN-547130632_00.jpg","width":1000,"height":1000},{"@type":"BreadcrumbList","@id":"https:\/\/desireonline.shop\/vi\/san-pham\/fierce-euphoria-black-metal-o-ring-gag\/#breadcrumb","itemListElement":[{"@type":"ListItem","position":1,"name":"Home","item":"https:\/\/desireonline.shop\/vi\/trang-chu\/?lang=vi"},{"@type":"ListItem","position":2,"name":"T\u1ea5t c\u1ea3 s\u1ea3n ph\u1ea9m","item":"https:\/\/desireonline.shop\/cua-hang\/?lang=vi"},{"@type":"ListItem","position":3,"name":"Fierce Euphoria Black Metal O-ring Gag"}]},{"@type":"WebSite","@id":"https:\/\/desireonline.shop\/vi\/#website","url":"https:\/\/desireonline.shop\/vi\/","name":"Desire","description":"Sexual Wellness Platform","publisher":{"@id":"https:\/\/desireonline.shop\/vi\/#organization"},"potentialAction":[{"@type":"SearchAction","target":{"@type":"EntryPoint","urlTemplate":"https:\/\/desireonline.shop\/vi\/?s={search_term_string}"},"query-input":{"@type":"PropertyValueSpecification","valueRequired":true,"valueName":"search_term_string"}}],"inLanguage":"vi"},{"@type":"Organization","@id":"https:\/\/desireonline.shop\/vi\/#organization","name":"Desire","url":"https:\/\/desireonline.shop\/vi\/","logo":{"@type":"ImageObject","inLanguage":"vi","@id":"https:\/\/desireonline.shop\/vi\/#\/schema\/logo\/image\/","url":"https:\/\/desireonline.shop\/wp-content\/uploads\/2024\/06\/Logo-Thick-Font-1.webp","contentUrl":"https:\/\/desireonline.shop\/wp-content\/uploads\/2024\/06\/Logo-Thick-Font-1.webp","width":268,"height":399,"caption":"Desire"},"image":{"@id":"https:\/\/desireonline.shop\/vi\/#\/schema\/logo\/image\/"}}]}},"_links":{"self":[{"href":"https:\/\/desireonline.shop\/vi\/wp-json\/wp\/v2\/product\/67802","targetHints":{"allow":["GET"]}}],"collection":[{"href":"https:\/\/desireonline.shop\/vi\/wp-json\/wp\/v2\/product"}],"about":[{"href":"https:\/\/desireonline.shop\/vi\/wp-json\/wp\/v2\/types\/product"}],"replies":[{"embeddable":true,"href":"https:\/\/desireonline.shop\/vi\/wp-json\/wp\/v2\/comments?post=67802"}],"version-history":[{"count":0,"href":"https:\/\/desireonline.shop\/vi\/wp-json\/wp\/v2\/product\/67802\/revisions"}],"wp:featuredmedia":[{"embeddable":true,"href":"https:\/\/desireonline.shop\/vi\/wp-json\/wp\/v2\/media\/61422"}],"wp:attachment":[{"href":"https:\/\/desireonline.shop\/vi\/wp-json\/wp\/v2\/media?parent=67802"}],"wp:term":[{"taxonomy":"product_brand","embeddable":true,"href":"https:\/\/desireonline.shop\/vi\/wp-json\/wp\/v2\/product_brand?post=67802"},{"taxonomy":"product_cat","embeddable":true,"href":"https:\/\/desireonline.shop\/vi\/wp-json\/wp\/v2\/product_cat?post=67802"},{"taxonomy":"product_tag","embeddable":true,"href":"https:\/\/desireonline.shop\/vi\/wp-json\/wp\/v2\/product_tag?post=67802"}],"curies":[{"name":"wp","href":"https:\/\/api.w.org\/{rel}","templated":true}]}}