{"id":67838,"date":"2026-02-03T08:22:00","date_gmt":"2026-02-03T08:22:00","guid":{"rendered":"https:\/\/desireonline.shop\/product\/fierce-euphoria-frolics-nut-hau-mon-duoi-thu\/"},"modified":"2026-03-10T05:31:15","modified_gmt":"2026-03-10T05:31:15","slug":"fierce-euphoria-frolics-nut-hau-mon-duoi-thu","status":"publish","type":"product","link":"https:\/\/desireonline.shop\/vi\/san-pham\/fierce-euphoria-frolics-nut-hau-mon-duoi-thu\/","title":{"rendered":"Fierce Euphoria Frolics N\u00fat h\u1eadu m\u00f4n \u0111u\u00f4i th\u00fa"},"content":{"rendered":"<p>\u0110\u01b0\u1ee3c thi\u1ebft k\u1ebf \u0111\u1ec3 k\u1ebft h\u1ee3p c\u1ea3m gi\u00e1c v\u1edbi \u0111i\u1ec3m nh\u1ea5n th\u1ecb gi\u00e1c, n\u00fat h\u1eadu m\u00f4n \u0111u\u00f4i th\u00fa n\u00e0y c\u00f3 h\u00ecnh d\u00e1ng thu\u00f4n m\u01b0\u1ee3t gi\u00fap vi\u1ec7c \u0111\u01b0a v\u00e0o tr\u1edf n\u00ean tho\u1ea3i m\u00e1i v\u00e0 d\u1ea7n d\u1ea7n. Ph\u1ea7n \u0111u\u00f4i m\u1ec1m m\u1ea1i t\u1ea1o th\u00eam n\u00e9t vui t\u01b0\u01a1i, khi\u1ebfn s\u1ea3n ph\u1ea9m tr\u1edf n\u00ean l\u00fd t\u01b0\u1edfng cho nh\u1eadp vai v\u00e0 nh\u1eefng tr\u1ea3i nghi\u1ec7m gi\u00e0u t\u00ednh bi\u1ec3u c\u1ea3m.<\/p>\n<p>Tho\u1ea3i m\u00e1i khi s\u1eed d\u1ee5ng v\u00e0 d\u1ec5 t\u1eadn h\u01b0\u1edfng, s\u1ea3n ph\u1ea9m ph\u00f9 h\u1ee3p cho vi\u1ec7c kh\u00e1m ph\u00e1 th\u01b0 gi\u00e3n ho\u1eb7c th\u00eam c\u00e1 t\u00ednh cho nh\u1eefng kho\u1ea3nh kh\u1eafc th\u00e2n m\u1eadt. M\u1ed9t l\u1ef1a ch\u1ecdn th\u00fa v\u1ecb cho nh\u1eefng ai th\u00edch k\u1ebft h\u1ee3p c\u1ea3m gi\u00e1c v\u1edbi s\u1ef1 t\u01b0\u1edfng t\u01b0\u1ee3ng trong tr\u1ea3i nghi\u1ec7m c\u1ee7a m\u00ecnh.<\/p>\n","protected":false},"excerpt":{"rendered":"<p>\u0110\u01b0\u1ee3c thi\u1ebft k\u1ebf \u0111\u1ec3 k\u1ebft h\u1ee3p c\u1ea3m gi\u00e1c v\u1edbi \u0111i\u1ec3m nh\u1ea5n th\u1ecb gi\u00e1c, n\u00fat h\u1eadu m\u00f4n \u0111u\u00f4i th\u00fa n\u00e0y c\u00f3 h\u00ecnh d\u00e1ng thu\u00f4n m\u01b0\u1ee3t gi\u00fap vi\u1ec7c \u0111\u01b0a v\u00e0o tr\u1edf n\u00ean&hellip;<\/p>\n","protected":false},"featured_media":61458,"comment_status":"open","ping_status":"closed","template":"","meta":{"_acf_changed":false},"product_brand":[],"product_cat":[1416],"product_tag":[1660,1659,1661,1735],"class_list":{"0":"post-67838","1":"product","2":"type-product","3":"status-publish","4":"has-post-thumbnail","6":"product_cat-nut-hau-mon","7":"product_tag-an-toan-cho-co-the","8":"product_tag-kich-thich-ben-trong","9":"product_tag-tap-trung-hau-mon","10":"product_tag-tinh-nghich","12":"first","13":"instock","14":"shipping-taxable","15":"purchasable","16":"product-type-simple"},"acf":[],"yoast_head":"<!-- This site is optimized with the Yoast SEO plugin v27.1.1 - https:\/\/yoast.com\/product\/yoast-seo-wordpress\/ -->\n<title>Fierce Euphoria Frolics N\u00fat h\u1eadu m\u00f4n \u0111u\u00f4i th\u00fa - Desire<\/title>\n<meta name=\"robots\" content=\"index, follow, max-snippet:-1, max-image-preview:large, max-video-preview:-1\" \/>\n<link rel=\"canonical\" href=\"https:\/\/desireonline.shop\/vi\/san-pham\/fierce-euphoria-frolics-nut-hau-mon-duoi-thu\/\" \/>\n<meta property=\"og:locale\" content=\"vi_VN\" \/>\n<meta property=\"og:type\" content=\"article\" \/>\n<meta property=\"og:title\" content=\"Fierce Euphoria Frolics N\u00fat h\u1eadu m\u00f4n \u0111u\u00f4i th\u00fa - Desire\" \/>\n<meta property=\"og:description\" content=\"\u0110\u01b0\u1ee3c thi\u1ebft k\u1ebf \u0111\u1ec3 k\u1ebft h\u1ee3p c\u1ea3m gi\u00e1c v\u1edbi \u0111i\u1ec3m nh\u1ea5n th\u1ecb gi\u00e1c, n\u00fat h\u1eadu m\u00f4n \u0111u\u00f4i th\u00fa n\u00e0y c\u00f3 h\u00ecnh d\u00e1ng thu\u00f4n m\u01b0\u1ee3t gi\u00fap vi\u1ec7c \u0111\u01b0a v\u00e0o tr\u1edf n\u00ean&hellip;\" \/>\n<meta property=\"og:url\" content=\"https:\/\/desireonline.shop\/vi\/san-pham\/fierce-euphoria-frolics-nut-hau-mon-duoi-thu\/\" \/>\n<meta property=\"og:site_name\" content=\"Desire\" \/>\n<meta property=\"article:modified_time\" content=\"2026-03-10T05:31:15+00:00\" \/>\n<meta property=\"og:image\" content=\"https:\/\/desireonline.shop\/wp-content\/uploads\/2026\/02\/CN-941432930_00.jpg\" \/>\n\t<meta property=\"og:image:width\" content=\"1000\" \/>\n\t<meta property=\"og:image:height\" content=\"1000\" \/>\n\t<meta property=\"og:image:type\" content=\"image\/jpeg\" \/>\n<meta name=\"twitter:card\" content=\"summary_large_image\" \/>\n<meta name=\"twitter:label1\" content=\"\u01af\u1edbc t\u00ednh th\u1eddi gian \u0111\u1ecdc\" \/>\n\t<meta name=\"twitter:data1\" content=\"1 ph\u00fat\" \/>\n<script type=\"application\/ld+json\" class=\"yoast-schema-graph\">{\"@context\":\"https:\/\/schema.org\",\"@graph\":[{\"@type\":\"WebPage\",\"@id\":\"https:\/\/desireonline.shop\/vi\/san-pham\/fierce-euphoria-frolics-nut-hau-mon-duoi-thu\/\",\"url\":\"https:\/\/desireonline.shop\/vi\/san-pham\/fierce-euphoria-frolics-nut-hau-mon-duoi-thu\/\",\"name\":\"Fierce Euphoria Frolics N\u00fat h\u1eadu m\u00f4n \u0111u\u00f4i th\u00fa - Desire\",\"isPartOf\":{\"@id\":\"https:\/\/desireonline.shop\/vi\/#website\"},\"primaryImageOfPage\":{\"@id\":\"https:\/\/desireonline.shop\/vi\/san-pham\/fierce-euphoria-frolics-nut-hau-mon-duoi-thu\/#primaryimage\"},\"image\":{\"@id\":\"https:\/\/desireonline.shop\/vi\/san-pham\/fierce-euphoria-frolics-nut-hau-mon-duoi-thu\/#primaryimage\"},\"thumbnailUrl\":\"https:\/\/desireonline.shop\/wp-content\/uploads\/2026\/02\/CN-941432930_00.jpg\",\"datePublished\":\"2026-02-03T08:22:00+00:00\",\"dateModified\":\"2026-03-10T05:31:15+00:00\",\"breadcrumb\":{\"@id\":\"https:\/\/desireonline.shop\/vi\/san-pham\/fierce-euphoria-frolics-nut-hau-mon-duoi-thu\/#breadcrumb\"},\"inLanguage\":\"vi\",\"potentialAction\":[{\"@type\":\"ReadAction\",\"target\":[\"https:\/\/desireonline.shop\/vi\/san-pham\/fierce-euphoria-frolics-nut-hau-mon-duoi-thu\/\"]}]},{\"@type\":\"ImageObject\",\"inLanguage\":\"vi\",\"@id\":\"https:\/\/desireonline.shop\/vi\/san-pham\/fierce-euphoria-frolics-nut-hau-mon-duoi-thu\/#primaryimage\",\"url\":\"https:\/\/desireonline.shop\/wp-content\/uploads\/2026\/02\/CN-941432930_00.jpg\",\"contentUrl\":\"https:\/\/desireonline.shop\/wp-content\/uploads\/2026\/02\/CN-941432930_00.jpg\",\"width\":1000,\"height\":1000},{\"@type\":\"BreadcrumbList\",\"@id\":\"https:\/\/desireonline.shop\/vi\/san-pham\/fierce-euphoria-frolics-nut-hau-mon-duoi-thu\/#breadcrumb\",\"itemListElement\":[{\"@type\":\"ListItem\",\"position\":1,\"name\":\"Home\",\"item\":\"https:\/\/desireonline.shop\/vi\/trang-chu\/?lang=vi\"},{\"@type\":\"ListItem\",\"position\":2,\"name\":\"T\u1ea5t c\u1ea3 s\u1ea3n ph\u1ea9m\",\"item\":\"https:\/\/desireonline.shop\/cua-hang\/?lang=vi\"},{\"@type\":\"ListItem\",\"position\":3,\"name\":\"Fierce Euphoria Frolics N\u00fat h\u1eadu m\u00f4n \u0111u\u00f4i th\u00fa\"}]},{\"@type\":\"WebSite\",\"@id\":\"https:\/\/desireonline.shop\/vi\/#website\",\"url\":\"https:\/\/desireonline.shop\/vi\/\",\"name\":\"Desire\",\"description\":\"Sexual Wellness Platform\",\"publisher\":{\"@id\":\"https:\/\/desireonline.shop\/vi\/#organization\"},\"potentialAction\":[{\"@type\":\"SearchAction\",\"target\":{\"@type\":\"EntryPoint\",\"urlTemplate\":\"https:\/\/desireonline.shop\/vi\/?s={search_term_string}\"},\"query-input\":{\"@type\":\"PropertyValueSpecification\",\"valueRequired\":true,\"valueName\":\"search_term_string\"}}],\"inLanguage\":\"vi\"},{\"@type\":\"Organization\",\"@id\":\"https:\/\/desireonline.shop\/vi\/#organization\",\"name\":\"Desire\",\"url\":\"https:\/\/desireonline.shop\/vi\/\",\"logo\":{\"@type\":\"ImageObject\",\"inLanguage\":\"vi\",\"@id\":\"https:\/\/desireonline.shop\/vi\/#\/schema\/logo\/image\/\",\"url\":\"https:\/\/desireonline.shop\/wp-content\/uploads\/2024\/06\/Logo-Thick-Font-1.webp\",\"contentUrl\":\"https:\/\/desireonline.shop\/wp-content\/uploads\/2024\/06\/Logo-Thick-Font-1.webp\",\"width\":268,\"height\":399,\"caption\":\"Desire\"},\"image\":{\"@id\":\"https:\/\/desireonline.shop\/vi\/#\/schema\/logo\/image\/\"}}]}<\/script>\n<!-- \/ Yoast SEO plugin. -->","yoast_head_json":{"title":"Fierce Euphoria Frolics N\u00fat h\u1eadu m\u00f4n \u0111u\u00f4i th\u00fa - Desire","robots":{"index":"index","follow":"follow","max-snippet":"max-snippet:-1","max-image-preview":"max-image-preview:large","max-video-preview":"max-video-preview:-1"},"canonical":"https:\/\/desireonline.shop\/vi\/san-pham\/fierce-euphoria-frolics-nut-hau-mon-duoi-thu\/","og_locale":"vi_VN","og_type":"article","og_title":"Fierce Euphoria Frolics N\u00fat h\u1eadu m\u00f4n \u0111u\u00f4i th\u00fa - Desire","og_description":"\u0110\u01b0\u1ee3c thi\u1ebft k\u1ebf \u0111\u1ec3 k\u1ebft h\u1ee3p c\u1ea3m gi\u00e1c v\u1edbi \u0111i\u1ec3m nh\u1ea5n th\u1ecb gi\u00e1c, n\u00fat h\u1eadu m\u00f4n \u0111u\u00f4i th\u00fa n\u00e0y c\u00f3 h\u00ecnh d\u00e1ng thu\u00f4n m\u01b0\u1ee3t gi\u00fap vi\u1ec7c \u0111\u01b0a v\u00e0o tr\u1edf n\u00ean&hellip;","og_url":"https:\/\/desireonline.shop\/vi\/san-pham\/fierce-euphoria-frolics-nut-hau-mon-duoi-thu\/","og_site_name":"Desire","article_modified_time":"2026-03-10T05:31:15+00:00","og_image":[{"width":1000,"height":1000,"url":"https:\/\/desireonline.shop\/wp-content\/uploads\/2026\/02\/CN-941432930_00.jpg","type":"image\/jpeg"}],"twitter_card":"summary_large_image","twitter_misc":{"\u01af\u1edbc t\u00ednh th\u1eddi gian \u0111\u1ecdc":"1 ph\u00fat"},"schema":{"@context":"https:\/\/schema.org","@graph":[{"@type":"WebPage","@id":"https:\/\/desireonline.shop\/vi\/san-pham\/fierce-euphoria-frolics-nut-hau-mon-duoi-thu\/","url":"https:\/\/desireonline.shop\/vi\/san-pham\/fierce-euphoria-frolics-nut-hau-mon-duoi-thu\/","name":"Fierce Euphoria Frolics N\u00fat h\u1eadu m\u00f4n \u0111u\u00f4i th\u00fa - Desire","isPartOf":{"@id":"https:\/\/desireonline.shop\/vi\/#website"},"primaryImageOfPage":{"@id":"https:\/\/desireonline.shop\/vi\/san-pham\/fierce-euphoria-frolics-nut-hau-mon-duoi-thu\/#primaryimage"},"image":{"@id":"https:\/\/desireonline.shop\/vi\/san-pham\/fierce-euphoria-frolics-nut-hau-mon-duoi-thu\/#primaryimage"},"thumbnailUrl":"https:\/\/desireonline.shop\/wp-content\/uploads\/2026\/02\/CN-941432930_00.jpg","datePublished":"2026-02-03T08:22:00+00:00","dateModified":"2026-03-10T05:31:15+00:00","breadcrumb":{"@id":"https:\/\/desireonline.shop\/vi\/san-pham\/fierce-euphoria-frolics-nut-hau-mon-duoi-thu\/#breadcrumb"},"inLanguage":"vi","potentialAction":[{"@type":"ReadAction","target":["https:\/\/desireonline.shop\/vi\/san-pham\/fierce-euphoria-frolics-nut-hau-mon-duoi-thu\/"]}]},{"@type":"ImageObject","inLanguage":"vi","@id":"https:\/\/desireonline.shop\/vi\/san-pham\/fierce-euphoria-frolics-nut-hau-mon-duoi-thu\/#primaryimage","url":"https:\/\/desireonline.shop\/wp-content\/uploads\/2026\/02\/CN-941432930_00.jpg","contentUrl":"https:\/\/desireonline.shop\/wp-content\/uploads\/2026\/02\/CN-941432930_00.jpg","width":1000,"height":1000},{"@type":"BreadcrumbList","@id":"https:\/\/desireonline.shop\/vi\/san-pham\/fierce-euphoria-frolics-nut-hau-mon-duoi-thu\/#breadcrumb","itemListElement":[{"@type":"ListItem","position":1,"name":"Home","item":"https:\/\/desireonline.shop\/vi\/trang-chu\/?lang=vi"},{"@type":"ListItem","position":2,"name":"T\u1ea5t c\u1ea3 s\u1ea3n ph\u1ea9m","item":"https:\/\/desireonline.shop\/cua-hang\/?lang=vi"},{"@type":"ListItem","position":3,"name":"Fierce Euphoria Frolics N\u00fat h\u1eadu m\u00f4n \u0111u\u00f4i th\u00fa"}]},{"@type":"WebSite","@id":"https:\/\/desireonline.shop\/vi\/#website","url":"https:\/\/desireonline.shop\/vi\/","name":"Desire","description":"Sexual Wellness Platform","publisher":{"@id":"https:\/\/desireonline.shop\/vi\/#organization"},"potentialAction":[{"@type":"SearchAction","target":{"@type":"EntryPoint","urlTemplate":"https:\/\/desireonline.shop\/vi\/?s={search_term_string}"},"query-input":{"@type":"PropertyValueSpecification","valueRequired":true,"valueName":"search_term_string"}}],"inLanguage":"vi"},{"@type":"Organization","@id":"https:\/\/desireonline.shop\/vi\/#organization","name":"Desire","url":"https:\/\/desireonline.shop\/vi\/","logo":{"@type":"ImageObject","inLanguage":"vi","@id":"https:\/\/desireonline.shop\/vi\/#\/schema\/logo\/image\/","url":"https:\/\/desireonline.shop\/wp-content\/uploads\/2024\/06\/Logo-Thick-Font-1.webp","contentUrl":"https:\/\/desireonline.shop\/wp-content\/uploads\/2024\/06\/Logo-Thick-Font-1.webp","width":268,"height":399,"caption":"Desire"},"image":{"@id":"https:\/\/desireonline.shop\/vi\/#\/schema\/logo\/image\/"}}]}},"_links":{"self":[{"href":"https:\/\/desireonline.shop\/vi\/wp-json\/wp\/v2\/product\/67838","targetHints":{"allow":["GET"]}}],"collection":[{"href":"https:\/\/desireonline.shop\/vi\/wp-json\/wp\/v2\/product"}],"about":[{"href":"https:\/\/desireonline.shop\/vi\/wp-json\/wp\/v2\/types\/product"}],"replies":[{"embeddable":true,"href":"https:\/\/desireonline.shop\/vi\/wp-json\/wp\/v2\/comments?post=67838"}],"version-history":[{"count":0,"href":"https:\/\/desireonline.shop\/vi\/wp-json\/wp\/v2\/product\/67838\/revisions"}],"wp:featuredmedia":[{"embeddable":true,"href":"https:\/\/desireonline.shop\/vi\/wp-json\/wp\/v2\/media\/61458"}],"wp:attachment":[{"href":"https:\/\/desireonline.shop\/vi\/wp-json\/wp\/v2\/media?parent=67838"}],"wp:term":[{"taxonomy":"product_brand","embeddable":true,"href":"https:\/\/desireonline.shop\/vi\/wp-json\/wp\/v2\/product_brand?post=67838"},{"taxonomy":"product_cat","embeddable":true,"href":"https:\/\/desireonline.shop\/vi\/wp-json\/wp\/v2\/product_cat?post=67838"},{"taxonomy":"product_tag","embeddable":true,"href":"https:\/\/desireonline.shop\/vi\/wp-json\/wp\/v2\/product_tag?post=67838"}],"curies":[{"name":"wp","href":"https:\/\/api.w.org\/{rel}","templated":true}]}}