{"id":67845,"date":"2026-02-03T08:23:00","date_gmt":"2026-02-03T08:23:00","guid":{"rendered":"https:\/\/desireonline.shop\/product\/fierce-euphoria-fluffy-fox-nut-hau-mon-duoi-cao\/"},"modified":"2026-03-10T05:31:16","modified_gmt":"2026-03-10T05:31:16","slug":"fierce-euphoria-fluffy-fox-nut-hau-mon-duoi-cao","status":"publish","type":"product","link":"https:\/\/desireonline.shop\/vi\/san-pham\/fierce-euphoria-fluffy-fox-nut-hau-mon-duoi-cao\/","title":{"rendered":"Fierce Euphoria Fluffy Fox N\u00fat h\u1eadu m\u00f4n \u0111u\u00f4i c\u00e1o"},"content":{"rendered":"<p>\u0110\u01b0\u1ee3c thi\u1ebft k\u1ebf cho nh\u1eefng tr\u1ea3i nghi\u1ec7m kh\u00e1m ph\u00e1 vui t\u01b0\u01a1i, n\u00fat h\u1eadu m\u00f4n \u0111u\u00f4i c\u00e1o n\u00e0y k\u1ebft h\u1ee3p ph\u1ea7n n\u00fat thu\u00f4n m\u01b0\u1ee3t v\u1edbi chi\u1ebfc \u0111u\u00f4i c\u00e1o m\u1ec1m m\u1ea1i \u0111\u1ec3 t\u1ea1o \u0111i\u1ec3m nh\u1ea5n th\u1ecb gi\u00e1c n\u1ed5i b\u1eadt. H\u00ecnh d\u00e1ng tho\u1ea3i m\u00e1i cho ph\u00e9p t\u1eadn h\u01b0\u1edfng d\u1ea7n d\u1ea7n, ph\u00f9 h\u1ee3p cho c\u1ea3 ng\u01b0\u1eddi m\u1edbi b\u1eaft \u0111\u1ea7u v\u00e0 nh\u1eefng ng\u01b0\u1eddi c\u00f3 nhi\u1ec1u kinh nghi\u1ec7m h\u01a1n.<\/p>\n<p>Ho\u00e0n h\u1ea3o cho nh\u1eadp vai ho\u1eb7c nh\u1eefng ch\u1ee7 \u0111\u1ec1 \u0111\u1eb7c bi\u1ec7t, s\u1ea3n ph\u1ea9m mang \u0111\u1ebfn y\u1ebfu t\u1ed1 vui nh\u1ed9n v\u00e0 gi\u00e0u bi\u1ec3u c\u1ea3m cho nh\u1eefng kho\u1ea3nh kh\u1eafc th\u00e2n m\u1eadt. Tho\u1ea3i m\u00e1i khi s\u1eed d\u1ee5ng v\u00e0 d\u1ec5 t\u1eadn h\u01b0\u1edfng, \u0111\u00e2y l\u00e0 m\u1ed9t b\u1ed5 sung vui t\u01b0\u01a1i cho b\u1ea5t k\u1ef3 b\u1ed9 s\u01b0u t\u1eadp n\u00e0o.<\/p>\n","protected":false},"excerpt":{"rendered":"<p>\u0110\u01b0\u1ee3c thi\u1ebft k\u1ebf cho nh\u1eefng tr\u1ea3i nghi\u1ec7m kh\u00e1m ph\u00e1 vui t\u01b0\u01a1i, n\u00fat h\u1eadu m\u00f4n \u0111u\u00f4i c\u00e1o n\u00e0y k\u1ebft h\u1ee3p ph\u1ea7n n\u00fat thu\u00f4n m\u01b0\u1ee3t v\u1edbi chi\u1ebfc \u0111u\u00f4i c\u00e1o m\u1ec1m m\u1ea1i \u0111\u1ec3&hellip;<\/p>\n","protected":false},"featured_media":61465,"comment_status":"open","ping_status":"closed","template":"","meta":{"_acf_changed":false},"product_brand":[],"product_cat":[1416],"product_tag":[1660,1659,1661,1735],"class_list":{"0":"post-67845","1":"product","2":"type-product","3":"status-publish","4":"has-post-thumbnail","6":"product_cat-nut-hau-mon","7":"product_tag-an-toan-cho-co-the","8":"product_tag-kich-thich-ben-trong","9":"product_tag-tap-trung-hau-mon","10":"product_tag-tinh-nghich","12":"first","13":"instock","14":"shipping-taxable","15":"purchasable","16":"product-type-simple"},"acf":[],"yoast_head":"<!-- This site is optimized with the Yoast SEO plugin v27.1.1 - https:\/\/yoast.com\/product\/yoast-seo-wordpress\/ -->\n<title>Fierce Euphoria Fluffy Fox N\u00fat h\u1eadu m\u00f4n \u0111u\u00f4i c\u00e1o - Desire<\/title>\n<meta name=\"robots\" content=\"index, follow, max-snippet:-1, max-image-preview:large, max-video-preview:-1\" \/>\n<link rel=\"canonical\" href=\"https:\/\/desireonline.shop\/vi\/san-pham\/fierce-euphoria-fluffy-fox-nut-hau-mon-duoi-cao\/\" \/>\n<meta property=\"og:locale\" content=\"vi_VN\" \/>\n<meta property=\"og:type\" content=\"article\" \/>\n<meta property=\"og:title\" content=\"Fierce Euphoria Fluffy Fox N\u00fat h\u1eadu m\u00f4n \u0111u\u00f4i c\u00e1o - Desire\" \/>\n<meta property=\"og:description\" content=\"\u0110\u01b0\u1ee3c thi\u1ebft k\u1ebf cho nh\u1eefng tr\u1ea3i nghi\u1ec7m kh\u00e1m ph\u00e1 vui t\u01b0\u01a1i, n\u00fat h\u1eadu m\u00f4n \u0111u\u00f4i c\u00e1o n\u00e0y k\u1ebft h\u1ee3p ph\u1ea7n n\u00fat thu\u00f4n m\u01b0\u1ee3t v\u1edbi chi\u1ebfc \u0111u\u00f4i c\u00e1o m\u1ec1m m\u1ea1i \u0111\u1ec3&hellip;\" \/>\n<meta property=\"og:url\" content=\"https:\/\/desireonline.shop\/vi\/san-pham\/fierce-euphoria-fluffy-fox-nut-hau-mon-duoi-cao\/\" \/>\n<meta property=\"og:site_name\" content=\"Desire\" \/>\n<meta property=\"article:modified_time\" content=\"2026-03-10T05:31:16+00:00\" \/>\n<meta property=\"og:image\" content=\"https:\/\/desireonline.shop\/wp-content\/uploads\/2026\/02\/CN-941432920_00.jpg\" \/>\n\t<meta property=\"og:image:width\" content=\"1000\" \/>\n\t<meta property=\"og:image:height\" content=\"1000\" \/>\n\t<meta property=\"og:image:type\" content=\"image\/jpeg\" \/>\n<meta name=\"twitter:card\" content=\"summary_large_image\" \/>\n<meta name=\"twitter:label1\" content=\"\u01af\u1edbc t\u00ednh th\u1eddi gian \u0111\u1ecdc\" \/>\n\t<meta name=\"twitter:data1\" content=\"1 ph\u00fat\" \/>\n<script type=\"application\/ld+json\" class=\"yoast-schema-graph\">{\"@context\":\"https:\/\/schema.org\",\"@graph\":[{\"@type\":\"WebPage\",\"@id\":\"https:\/\/desireonline.shop\/vi\/san-pham\/fierce-euphoria-fluffy-fox-nut-hau-mon-duoi-cao\/\",\"url\":\"https:\/\/desireonline.shop\/vi\/san-pham\/fierce-euphoria-fluffy-fox-nut-hau-mon-duoi-cao\/\",\"name\":\"Fierce Euphoria Fluffy Fox N\u00fat h\u1eadu m\u00f4n \u0111u\u00f4i c\u00e1o - Desire\",\"isPartOf\":{\"@id\":\"https:\/\/desireonline.shop\/vi\/#website\"},\"primaryImageOfPage\":{\"@id\":\"https:\/\/desireonline.shop\/vi\/san-pham\/fierce-euphoria-fluffy-fox-nut-hau-mon-duoi-cao\/#primaryimage\"},\"image\":{\"@id\":\"https:\/\/desireonline.shop\/vi\/san-pham\/fierce-euphoria-fluffy-fox-nut-hau-mon-duoi-cao\/#primaryimage\"},\"thumbnailUrl\":\"https:\/\/desireonline.shop\/wp-content\/uploads\/2026\/02\/CN-941432920_00.jpg\",\"datePublished\":\"2026-02-03T08:23:00+00:00\",\"dateModified\":\"2026-03-10T05:31:16+00:00\",\"breadcrumb\":{\"@id\":\"https:\/\/desireonline.shop\/vi\/san-pham\/fierce-euphoria-fluffy-fox-nut-hau-mon-duoi-cao\/#breadcrumb\"},\"inLanguage\":\"vi\",\"potentialAction\":[{\"@type\":\"ReadAction\",\"target\":[\"https:\/\/desireonline.shop\/vi\/san-pham\/fierce-euphoria-fluffy-fox-nut-hau-mon-duoi-cao\/\"]}]},{\"@type\":\"ImageObject\",\"inLanguage\":\"vi\",\"@id\":\"https:\/\/desireonline.shop\/vi\/san-pham\/fierce-euphoria-fluffy-fox-nut-hau-mon-duoi-cao\/#primaryimage\",\"url\":\"https:\/\/desireonline.shop\/wp-content\/uploads\/2026\/02\/CN-941432920_00.jpg\",\"contentUrl\":\"https:\/\/desireonline.shop\/wp-content\/uploads\/2026\/02\/CN-941432920_00.jpg\",\"width\":1000,\"height\":1000},{\"@type\":\"BreadcrumbList\",\"@id\":\"https:\/\/desireonline.shop\/vi\/san-pham\/fierce-euphoria-fluffy-fox-nut-hau-mon-duoi-cao\/#breadcrumb\",\"itemListElement\":[{\"@type\":\"ListItem\",\"position\":1,\"name\":\"Home\",\"item\":\"https:\/\/desireonline.shop\/vi\/trang-chu\/?lang=vi\"},{\"@type\":\"ListItem\",\"position\":2,\"name\":\"T\u1ea5t c\u1ea3 s\u1ea3n ph\u1ea9m\",\"item\":\"https:\/\/desireonline.shop\/cua-hang\/?lang=vi\"},{\"@type\":\"ListItem\",\"position\":3,\"name\":\"Fierce Euphoria Fluffy Fox N\u00fat h\u1eadu m\u00f4n \u0111u\u00f4i c\u00e1o\"}]},{\"@type\":\"WebSite\",\"@id\":\"https:\/\/desireonline.shop\/vi\/#website\",\"url\":\"https:\/\/desireonline.shop\/vi\/\",\"name\":\"Desire\",\"description\":\"Sexual Wellness Platform\",\"publisher\":{\"@id\":\"https:\/\/desireonline.shop\/vi\/#organization\"},\"potentialAction\":[{\"@type\":\"SearchAction\",\"target\":{\"@type\":\"EntryPoint\",\"urlTemplate\":\"https:\/\/desireonline.shop\/vi\/?s={search_term_string}\"},\"query-input\":{\"@type\":\"PropertyValueSpecification\",\"valueRequired\":true,\"valueName\":\"search_term_string\"}}],\"inLanguage\":\"vi\"},{\"@type\":\"Organization\",\"@id\":\"https:\/\/desireonline.shop\/vi\/#organization\",\"name\":\"Desire\",\"url\":\"https:\/\/desireonline.shop\/vi\/\",\"logo\":{\"@type\":\"ImageObject\",\"inLanguage\":\"vi\",\"@id\":\"https:\/\/desireonline.shop\/vi\/#\/schema\/logo\/image\/\",\"url\":\"https:\/\/desireonline.shop\/wp-content\/uploads\/2024\/06\/Logo-Thick-Font-1.webp\",\"contentUrl\":\"https:\/\/desireonline.shop\/wp-content\/uploads\/2024\/06\/Logo-Thick-Font-1.webp\",\"width\":268,\"height\":399,\"caption\":\"Desire\"},\"image\":{\"@id\":\"https:\/\/desireonline.shop\/vi\/#\/schema\/logo\/image\/\"}}]}<\/script>\n<!-- \/ Yoast SEO plugin. -->","yoast_head_json":{"title":"Fierce Euphoria Fluffy Fox N\u00fat h\u1eadu m\u00f4n \u0111u\u00f4i c\u00e1o - Desire","robots":{"index":"index","follow":"follow","max-snippet":"max-snippet:-1","max-image-preview":"max-image-preview:large","max-video-preview":"max-video-preview:-1"},"canonical":"https:\/\/desireonline.shop\/vi\/san-pham\/fierce-euphoria-fluffy-fox-nut-hau-mon-duoi-cao\/","og_locale":"vi_VN","og_type":"article","og_title":"Fierce Euphoria Fluffy Fox N\u00fat h\u1eadu m\u00f4n \u0111u\u00f4i c\u00e1o - Desire","og_description":"\u0110\u01b0\u1ee3c thi\u1ebft k\u1ebf cho nh\u1eefng tr\u1ea3i nghi\u1ec7m kh\u00e1m ph\u00e1 vui t\u01b0\u01a1i, n\u00fat h\u1eadu m\u00f4n \u0111u\u00f4i c\u00e1o n\u00e0y k\u1ebft h\u1ee3p ph\u1ea7n n\u00fat thu\u00f4n m\u01b0\u1ee3t v\u1edbi chi\u1ebfc \u0111u\u00f4i c\u00e1o m\u1ec1m m\u1ea1i \u0111\u1ec3&hellip;","og_url":"https:\/\/desireonline.shop\/vi\/san-pham\/fierce-euphoria-fluffy-fox-nut-hau-mon-duoi-cao\/","og_site_name":"Desire","article_modified_time":"2026-03-10T05:31:16+00:00","og_image":[{"width":1000,"height":1000,"url":"https:\/\/desireonline.shop\/wp-content\/uploads\/2026\/02\/CN-941432920_00.jpg","type":"image\/jpeg"}],"twitter_card":"summary_large_image","twitter_misc":{"\u01af\u1edbc t\u00ednh th\u1eddi gian \u0111\u1ecdc":"1 ph\u00fat"},"schema":{"@context":"https:\/\/schema.org","@graph":[{"@type":"WebPage","@id":"https:\/\/desireonline.shop\/vi\/san-pham\/fierce-euphoria-fluffy-fox-nut-hau-mon-duoi-cao\/","url":"https:\/\/desireonline.shop\/vi\/san-pham\/fierce-euphoria-fluffy-fox-nut-hau-mon-duoi-cao\/","name":"Fierce Euphoria Fluffy Fox N\u00fat h\u1eadu m\u00f4n \u0111u\u00f4i c\u00e1o - Desire","isPartOf":{"@id":"https:\/\/desireonline.shop\/vi\/#website"},"primaryImageOfPage":{"@id":"https:\/\/desireonline.shop\/vi\/san-pham\/fierce-euphoria-fluffy-fox-nut-hau-mon-duoi-cao\/#primaryimage"},"image":{"@id":"https:\/\/desireonline.shop\/vi\/san-pham\/fierce-euphoria-fluffy-fox-nut-hau-mon-duoi-cao\/#primaryimage"},"thumbnailUrl":"https:\/\/desireonline.shop\/wp-content\/uploads\/2026\/02\/CN-941432920_00.jpg","datePublished":"2026-02-03T08:23:00+00:00","dateModified":"2026-03-10T05:31:16+00:00","breadcrumb":{"@id":"https:\/\/desireonline.shop\/vi\/san-pham\/fierce-euphoria-fluffy-fox-nut-hau-mon-duoi-cao\/#breadcrumb"},"inLanguage":"vi","potentialAction":[{"@type":"ReadAction","target":["https:\/\/desireonline.shop\/vi\/san-pham\/fierce-euphoria-fluffy-fox-nut-hau-mon-duoi-cao\/"]}]},{"@type":"ImageObject","inLanguage":"vi","@id":"https:\/\/desireonline.shop\/vi\/san-pham\/fierce-euphoria-fluffy-fox-nut-hau-mon-duoi-cao\/#primaryimage","url":"https:\/\/desireonline.shop\/wp-content\/uploads\/2026\/02\/CN-941432920_00.jpg","contentUrl":"https:\/\/desireonline.shop\/wp-content\/uploads\/2026\/02\/CN-941432920_00.jpg","width":1000,"height":1000},{"@type":"BreadcrumbList","@id":"https:\/\/desireonline.shop\/vi\/san-pham\/fierce-euphoria-fluffy-fox-nut-hau-mon-duoi-cao\/#breadcrumb","itemListElement":[{"@type":"ListItem","position":1,"name":"Home","item":"https:\/\/desireonline.shop\/vi\/trang-chu\/?lang=vi"},{"@type":"ListItem","position":2,"name":"T\u1ea5t c\u1ea3 s\u1ea3n ph\u1ea9m","item":"https:\/\/desireonline.shop\/cua-hang\/?lang=vi"},{"@type":"ListItem","position":3,"name":"Fierce Euphoria Fluffy Fox N\u00fat h\u1eadu m\u00f4n \u0111u\u00f4i c\u00e1o"}]},{"@type":"WebSite","@id":"https:\/\/desireonline.shop\/vi\/#website","url":"https:\/\/desireonline.shop\/vi\/","name":"Desire","description":"Sexual Wellness Platform","publisher":{"@id":"https:\/\/desireonline.shop\/vi\/#organization"},"potentialAction":[{"@type":"SearchAction","target":{"@type":"EntryPoint","urlTemplate":"https:\/\/desireonline.shop\/vi\/?s={search_term_string}"},"query-input":{"@type":"PropertyValueSpecification","valueRequired":true,"valueName":"search_term_string"}}],"inLanguage":"vi"},{"@type":"Organization","@id":"https:\/\/desireonline.shop\/vi\/#organization","name":"Desire","url":"https:\/\/desireonline.shop\/vi\/","logo":{"@type":"ImageObject","inLanguage":"vi","@id":"https:\/\/desireonline.shop\/vi\/#\/schema\/logo\/image\/","url":"https:\/\/desireonline.shop\/wp-content\/uploads\/2024\/06\/Logo-Thick-Font-1.webp","contentUrl":"https:\/\/desireonline.shop\/wp-content\/uploads\/2024\/06\/Logo-Thick-Font-1.webp","width":268,"height":399,"caption":"Desire"},"image":{"@id":"https:\/\/desireonline.shop\/vi\/#\/schema\/logo\/image\/"}}]}},"_links":{"self":[{"href":"https:\/\/desireonline.shop\/vi\/wp-json\/wp\/v2\/product\/67845","targetHints":{"allow":["GET"]}}],"collection":[{"href":"https:\/\/desireonline.shop\/vi\/wp-json\/wp\/v2\/product"}],"about":[{"href":"https:\/\/desireonline.shop\/vi\/wp-json\/wp\/v2\/types\/product"}],"replies":[{"embeddable":true,"href":"https:\/\/desireonline.shop\/vi\/wp-json\/wp\/v2\/comments?post=67845"}],"version-history":[{"count":0,"href":"https:\/\/desireonline.shop\/vi\/wp-json\/wp\/v2\/product\/67845\/revisions"}],"wp:featuredmedia":[{"embeddable":true,"href":"https:\/\/desireonline.shop\/vi\/wp-json\/wp\/v2\/media\/61465"}],"wp:attachment":[{"href":"https:\/\/desireonline.shop\/vi\/wp-json\/wp\/v2\/media?parent=67845"}],"wp:term":[{"taxonomy":"product_brand","embeddable":true,"href":"https:\/\/desireonline.shop\/vi\/wp-json\/wp\/v2\/product_brand?post=67845"},{"taxonomy":"product_cat","embeddable":true,"href":"https:\/\/desireonline.shop\/vi\/wp-json\/wp\/v2\/product_cat?post=67845"},{"taxonomy":"product_tag","embeddable":true,"href":"https:\/\/desireonline.shop\/vi\/wp-json\/wp\/v2\/product_tag?post=67845"}],"curies":[{"name":"wp","href":"https:\/\/api.w.org\/{rel}","templated":true}]}}