{"id":67860,"date":"2026-02-03T08:25:00","date_gmt":"2026-02-03T08:25:00","guid":{"rendered":"https:\/\/desireonline.shop\/product\/fierce-euphoria-aeshma-duong-vat-gia-thut\/"},"modified":"2026-03-10T05:31:18","modified_gmt":"2026-03-10T05:31:18","slug":"fierce-euphoria-aeshma-duong-vat-gia-thut","status":"publish","type":"product","link":"https:\/\/desireonline.shop\/vi\/san-pham\/fierce-euphoria-aeshma-duong-vat-gia-thut\/","title":{"rendered":"Fierce Euphoria Aeshma D\u01b0\u01a1ng v\u1eadt gi\u1ea3 th\u1ee5t"},"content":{"rendered":"<p>\u0110\u01b0\u1ee3c thi\u1ebft k\u1ebf \u0111\u1ec3 mang l\u1ea1i kho\u00e1i c\u1ea3m s\u1ed1ng \u0111\u1ed9ng v\u00e0 to\u00e0n di\u1ec7n, d\u01b0\u01a1ng v\u1eadt gi\u1ea3 th\u1ee5t n\u00e0y k\u1ebft h\u1ee3p chuy\u1ec3n \u0111\u1ed9ng nh\u1ecbp nh\u00e0ng v\u1edbi rung \u0111\u1ec3 t\u1ea1o n\u00ean tr\u1ea3i nghi\u1ec7m cu\u1ed1n h\u00fat s\u00e2u s\u1eafc. V\u1edbi nhi\u1ec1u t\u1ed1c \u0111\u1ed9 th\u1ee5t v\u00e0 rung kh\u00e1c nhau, s\u1ea3n ph\u1ea9m cho ph\u00e9p b\u1ea1n kh\u00e1m ph\u00e1 nhi\u1ec1u m\u1ee9c c\u01b0\u1eddng \u0111\u1ed9 v\u00e0 nh\u1ecbp \u0111i\u1ec7u ph\u00f9 h\u1ee3p v\u1edbi t\u00e2m tr\u1ea1ng c\u1ee7a m\u00ecnh.<\/p>\n<p>\u0110i\u1ec1u khi\u1ec3n t\u1eeb xa kh\u00f4ng d\u00e2y gi\u00fap vi\u1ec7c \u0111i\u1ec1u ch\u1ec9nh tr\u1edf n\u00ean d\u1ec5 d\u00e0ng, trong khi ch\u1ee9c n\u0103ng l\u00e0m \u1ea5m mang l\u1ea1i c\u1ea3m gi\u00e1c \u1ea5m \u00e1p v\u00e0 ch\u00e2n th\u1ef1c h\u01a1n. Ho\u00e0n thi\u1ec7n v\u1edbi \u0111\u1ebf h\u00fat m\u1ea1nh, s\u1ea3n ph\u1ea9m l\u00fd t\u01b0\u1edfng cho tr\u1ea3i nghi\u1ec7m r\u1ea3nh tay v\u00e0 th\u1eed nghi\u1ec7m v\u1edbi nhi\u1ec1u t\u01b0 th\u1ebf c\u0169ng nh\u01b0 c\u1ea3m gi\u00e1c kh\u00e1c nhau.<\/p>\n","protected":false},"excerpt":{"rendered":"<p>\u0110\u01b0\u1ee3c thi\u1ebft k\u1ebf \u0111\u1ec3 mang l\u1ea1i kho\u00e1i c\u1ea3m s\u1ed1ng \u0111\u1ed9ng v\u00e0 to\u00e0n di\u1ec7n, d\u01b0\u01a1ng v\u1eadt gi\u1ea3 th\u1ee5t n\u00e0y k\u1ebft h\u1ee3p chuy\u1ec3n \u0111\u1ed9ng nh\u1ecbp nh\u00e0ng v\u1edbi rung \u0111\u1ec3 t\u1ea1o n\u00ean tr\u1ea3i&hellip;<\/p>\n","protected":false},"featured_media":61480,"comment_status":"open","ping_status":"closed","template":"","meta":{"_acf_changed":false},"product_brand":[],"product_cat":[1341,1428,1429,1427],"product_tag":[1741,1670,1659,1742],"class_list":{"0":"post-67860","1":"product","2":"type-product","3":"status-publish","4":"has-post-thumbnail","6":"product_cat-for-men","7":"product_cat-duong-vat-gia-chuyen-dong","8":"product_cat-duong-vat-gia-co-rung","9":"product_cat-tuong-thich-voi-day-deo-duong-vat-gia-gan-deo-mang-den-da-dang-hinh-dang-kich-thuoc-va-cam-giac-cho-trai-nghiem-chung","10":"product_tag-chuyen-dong-thut-tho","11":"product_tag-danh-cho-phu-nu","12":"product_tag-kich-thich-ben-trong","13":"product_tag-kich-thich-manh-me","15":"first","16":"instock","17":"shipping-taxable","18":"purchasable","19":"product-type-simple"},"acf":[],"yoast_head":"<!-- This site is optimized with the Yoast SEO plugin v27.1.1 - https:\/\/yoast.com\/product\/yoast-seo-wordpress\/ -->\n<title>Fierce Euphoria Aeshma D\u01b0\u01a1ng v\u1eadt gi\u1ea3 th\u1ee5t - Desire<\/title>\n<meta name=\"robots\" content=\"index, follow, max-snippet:-1, max-image-preview:large, max-video-preview:-1\" \/>\n<link rel=\"canonical\" href=\"https:\/\/desireonline.shop\/vi\/san-pham\/fierce-euphoria-aeshma-duong-vat-gia-thut\/\" \/>\n<meta property=\"og:locale\" content=\"vi_VN\" \/>\n<meta property=\"og:type\" content=\"article\" \/>\n<meta property=\"og:title\" content=\"Fierce Euphoria Aeshma D\u01b0\u01a1ng v\u1eadt gi\u1ea3 th\u1ee5t - Desire\" \/>\n<meta property=\"og:description\" content=\"\u0110\u01b0\u1ee3c thi\u1ebft k\u1ebf \u0111\u1ec3 mang l\u1ea1i kho\u00e1i c\u1ea3m s\u1ed1ng \u0111\u1ed9ng v\u00e0 to\u00e0n di\u1ec7n, d\u01b0\u01a1ng v\u1eadt gi\u1ea3 th\u1ee5t n\u00e0y k\u1ebft h\u1ee3p chuy\u1ec3n \u0111\u1ed9ng nh\u1ecbp nh\u00e0ng v\u1edbi rung \u0111\u1ec3 t\u1ea1o n\u00ean tr\u1ea3i&hellip;\" \/>\n<meta property=\"og:url\" content=\"https:\/\/desireonline.shop\/vi\/san-pham\/fierce-euphoria-aeshma-duong-vat-gia-thut\/\" \/>\n<meta property=\"og:site_name\" content=\"Desire\" \/>\n<meta property=\"article:modified_time\" content=\"2026-03-10T05:31:18+00:00\" \/>\n<meta property=\"og:image\" content=\"https:\/\/desireonline.shop\/wp-content\/uploads\/2026\/02\/CN-531124680_00.jpg\" \/>\n\t<meta property=\"og:image:width\" content=\"1000\" \/>\n\t<meta property=\"og:image:height\" content=\"1000\" \/>\n\t<meta property=\"og:image:type\" content=\"image\/jpeg\" \/>\n<meta name=\"twitter:card\" content=\"summary_large_image\" \/>\n<meta name=\"twitter:label1\" content=\"\u01af\u1edbc t\u00ednh th\u1eddi gian \u0111\u1ecdc\" \/>\n\t<meta name=\"twitter:data1\" content=\"1 ph\u00fat\" \/>\n<script type=\"application\/ld+json\" class=\"yoast-schema-graph\">{\"@context\":\"https:\/\/schema.org\",\"@graph\":[{\"@type\":\"WebPage\",\"@id\":\"https:\/\/desireonline.shop\/vi\/san-pham\/fierce-euphoria-aeshma-duong-vat-gia-thut\/\",\"url\":\"https:\/\/desireonline.shop\/vi\/san-pham\/fierce-euphoria-aeshma-duong-vat-gia-thut\/\",\"name\":\"Fierce Euphoria Aeshma D\u01b0\u01a1ng v\u1eadt gi\u1ea3 th\u1ee5t - Desire\",\"isPartOf\":{\"@id\":\"https:\/\/desireonline.shop\/vi\/#website\"},\"primaryImageOfPage\":{\"@id\":\"https:\/\/desireonline.shop\/vi\/san-pham\/fierce-euphoria-aeshma-duong-vat-gia-thut\/#primaryimage\"},\"image\":{\"@id\":\"https:\/\/desireonline.shop\/vi\/san-pham\/fierce-euphoria-aeshma-duong-vat-gia-thut\/#primaryimage\"},\"thumbnailUrl\":\"https:\/\/desireonline.shop\/wp-content\/uploads\/2026\/02\/CN-531124680_00.jpg\",\"datePublished\":\"2026-02-03T08:25:00+00:00\",\"dateModified\":\"2026-03-10T05:31:18+00:00\",\"breadcrumb\":{\"@id\":\"https:\/\/desireonline.shop\/vi\/san-pham\/fierce-euphoria-aeshma-duong-vat-gia-thut\/#breadcrumb\"},\"inLanguage\":\"vi\",\"potentialAction\":[{\"@type\":\"ReadAction\",\"target\":[\"https:\/\/desireonline.shop\/vi\/san-pham\/fierce-euphoria-aeshma-duong-vat-gia-thut\/\"]}]},{\"@type\":\"ImageObject\",\"inLanguage\":\"vi\",\"@id\":\"https:\/\/desireonline.shop\/vi\/san-pham\/fierce-euphoria-aeshma-duong-vat-gia-thut\/#primaryimage\",\"url\":\"https:\/\/desireonline.shop\/wp-content\/uploads\/2026\/02\/CN-531124680_00.jpg\",\"contentUrl\":\"https:\/\/desireonline.shop\/wp-content\/uploads\/2026\/02\/CN-531124680_00.jpg\",\"width\":1000,\"height\":1000},{\"@type\":\"BreadcrumbList\",\"@id\":\"https:\/\/desireonline.shop\/vi\/san-pham\/fierce-euphoria-aeshma-duong-vat-gia-thut\/#breadcrumb\",\"itemListElement\":[{\"@type\":\"ListItem\",\"position\":1,\"name\":\"Home\",\"item\":\"https:\/\/desireonline.shop\/vi\/trang-chu\/?lang=vi\"},{\"@type\":\"ListItem\",\"position\":2,\"name\":\"T\u1ea5t c\u1ea3 s\u1ea3n ph\u1ea9m\",\"item\":\"https:\/\/desireonline.shop\/cua-hang\/?lang=vi\"},{\"@type\":\"ListItem\",\"position\":3,\"name\":\"Fierce Euphoria Aeshma D\u01b0\u01a1ng v\u1eadt gi\u1ea3 th\u1ee5t\"}]},{\"@type\":\"WebSite\",\"@id\":\"https:\/\/desireonline.shop\/vi\/#website\",\"url\":\"https:\/\/desireonline.shop\/vi\/\",\"name\":\"Desire\",\"description\":\"Sexual Wellness Platform\",\"publisher\":{\"@id\":\"https:\/\/desireonline.shop\/vi\/#organization\"},\"potentialAction\":[{\"@type\":\"SearchAction\",\"target\":{\"@type\":\"EntryPoint\",\"urlTemplate\":\"https:\/\/desireonline.shop\/vi\/?s={search_term_string}\"},\"query-input\":{\"@type\":\"PropertyValueSpecification\",\"valueRequired\":true,\"valueName\":\"search_term_string\"}}],\"inLanguage\":\"vi\"},{\"@type\":\"Organization\",\"@id\":\"https:\/\/desireonline.shop\/vi\/#organization\",\"name\":\"Desire\",\"url\":\"https:\/\/desireonline.shop\/vi\/\",\"logo\":{\"@type\":\"ImageObject\",\"inLanguage\":\"vi\",\"@id\":\"https:\/\/desireonline.shop\/vi\/#\/schema\/logo\/image\/\",\"url\":\"https:\/\/desireonline.shop\/wp-content\/uploads\/2024\/06\/Logo-Thick-Font-1.webp\",\"contentUrl\":\"https:\/\/desireonline.shop\/wp-content\/uploads\/2024\/06\/Logo-Thick-Font-1.webp\",\"width\":268,\"height\":399,\"caption\":\"Desire\"},\"image\":{\"@id\":\"https:\/\/desireonline.shop\/vi\/#\/schema\/logo\/image\/\"}}]}<\/script>\n<!-- \/ Yoast SEO plugin. -->","yoast_head_json":{"title":"Fierce Euphoria Aeshma D\u01b0\u01a1ng v\u1eadt gi\u1ea3 th\u1ee5t - Desire","robots":{"index":"index","follow":"follow","max-snippet":"max-snippet:-1","max-image-preview":"max-image-preview:large","max-video-preview":"max-video-preview:-1"},"canonical":"https:\/\/desireonline.shop\/vi\/san-pham\/fierce-euphoria-aeshma-duong-vat-gia-thut\/","og_locale":"vi_VN","og_type":"article","og_title":"Fierce Euphoria Aeshma D\u01b0\u01a1ng v\u1eadt gi\u1ea3 th\u1ee5t - Desire","og_description":"\u0110\u01b0\u1ee3c thi\u1ebft k\u1ebf \u0111\u1ec3 mang l\u1ea1i kho\u00e1i c\u1ea3m s\u1ed1ng \u0111\u1ed9ng v\u00e0 to\u00e0n di\u1ec7n, d\u01b0\u01a1ng v\u1eadt gi\u1ea3 th\u1ee5t n\u00e0y k\u1ebft h\u1ee3p chuy\u1ec3n \u0111\u1ed9ng nh\u1ecbp nh\u00e0ng v\u1edbi rung \u0111\u1ec3 t\u1ea1o n\u00ean tr\u1ea3i&hellip;","og_url":"https:\/\/desireonline.shop\/vi\/san-pham\/fierce-euphoria-aeshma-duong-vat-gia-thut\/","og_site_name":"Desire","article_modified_time":"2026-03-10T05:31:18+00:00","og_image":[{"width":1000,"height":1000,"url":"https:\/\/desireonline.shop\/wp-content\/uploads\/2026\/02\/CN-531124680_00.jpg","type":"image\/jpeg"}],"twitter_card":"summary_large_image","twitter_misc":{"\u01af\u1edbc t\u00ednh th\u1eddi gian \u0111\u1ecdc":"1 ph\u00fat"},"schema":{"@context":"https:\/\/schema.org","@graph":[{"@type":"WebPage","@id":"https:\/\/desireonline.shop\/vi\/san-pham\/fierce-euphoria-aeshma-duong-vat-gia-thut\/","url":"https:\/\/desireonline.shop\/vi\/san-pham\/fierce-euphoria-aeshma-duong-vat-gia-thut\/","name":"Fierce Euphoria Aeshma D\u01b0\u01a1ng v\u1eadt gi\u1ea3 th\u1ee5t - Desire","isPartOf":{"@id":"https:\/\/desireonline.shop\/vi\/#website"},"primaryImageOfPage":{"@id":"https:\/\/desireonline.shop\/vi\/san-pham\/fierce-euphoria-aeshma-duong-vat-gia-thut\/#primaryimage"},"image":{"@id":"https:\/\/desireonline.shop\/vi\/san-pham\/fierce-euphoria-aeshma-duong-vat-gia-thut\/#primaryimage"},"thumbnailUrl":"https:\/\/desireonline.shop\/wp-content\/uploads\/2026\/02\/CN-531124680_00.jpg","datePublished":"2026-02-03T08:25:00+00:00","dateModified":"2026-03-10T05:31:18+00:00","breadcrumb":{"@id":"https:\/\/desireonline.shop\/vi\/san-pham\/fierce-euphoria-aeshma-duong-vat-gia-thut\/#breadcrumb"},"inLanguage":"vi","potentialAction":[{"@type":"ReadAction","target":["https:\/\/desireonline.shop\/vi\/san-pham\/fierce-euphoria-aeshma-duong-vat-gia-thut\/"]}]},{"@type":"ImageObject","inLanguage":"vi","@id":"https:\/\/desireonline.shop\/vi\/san-pham\/fierce-euphoria-aeshma-duong-vat-gia-thut\/#primaryimage","url":"https:\/\/desireonline.shop\/wp-content\/uploads\/2026\/02\/CN-531124680_00.jpg","contentUrl":"https:\/\/desireonline.shop\/wp-content\/uploads\/2026\/02\/CN-531124680_00.jpg","width":1000,"height":1000},{"@type":"BreadcrumbList","@id":"https:\/\/desireonline.shop\/vi\/san-pham\/fierce-euphoria-aeshma-duong-vat-gia-thut\/#breadcrumb","itemListElement":[{"@type":"ListItem","position":1,"name":"Home","item":"https:\/\/desireonline.shop\/vi\/trang-chu\/?lang=vi"},{"@type":"ListItem","position":2,"name":"T\u1ea5t c\u1ea3 s\u1ea3n ph\u1ea9m","item":"https:\/\/desireonline.shop\/cua-hang\/?lang=vi"},{"@type":"ListItem","position":3,"name":"Fierce Euphoria Aeshma D\u01b0\u01a1ng v\u1eadt gi\u1ea3 th\u1ee5t"}]},{"@type":"WebSite","@id":"https:\/\/desireonline.shop\/vi\/#website","url":"https:\/\/desireonline.shop\/vi\/","name":"Desire","description":"Sexual Wellness Platform","publisher":{"@id":"https:\/\/desireonline.shop\/vi\/#organization"},"potentialAction":[{"@type":"SearchAction","target":{"@type":"EntryPoint","urlTemplate":"https:\/\/desireonline.shop\/vi\/?s={search_term_string}"},"query-input":{"@type":"PropertyValueSpecification","valueRequired":true,"valueName":"search_term_string"}}],"inLanguage":"vi"},{"@type":"Organization","@id":"https:\/\/desireonline.shop\/vi\/#organization","name":"Desire","url":"https:\/\/desireonline.shop\/vi\/","logo":{"@type":"ImageObject","inLanguage":"vi","@id":"https:\/\/desireonline.shop\/vi\/#\/schema\/logo\/image\/","url":"https:\/\/desireonline.shop\/wp-content\/uploads\/2024\/06\/Logo-Thick-Font-1.webp","contentUrl":"https:\/\/desireonline.shop\/wp-content\/uploads\/2024\/06\/Logo-Thick-Font-1.webp","width":268,"height":399,"caption":"Desire"},"image":{"@id":"https:\/\/desireonline.shop\/vi\/#\/schema\/logo\/image\/"}}]}},"_links":{"self":[{"href":"https:\/\/desireonline.shop\/vi\/wp-json\/wp\/v2\/product\/67860","targetHints":{"allow":["GET"]}}],"collection":[{"href":"https:\/\/desireonline.shop\/vi\/wp-json\/wp\/v2\/product"}],"about":[{"href":"https:\/\/desireonline.shop\/vi\/wp-json\/wp\/v2\/types\/product"}],"replies":[{"embeddable":true,"href":"https:\/\/desireonline.shop\/vi\/wp-json\/wp\/v2\/comments?post=67860"}],"version-history":[{"count":0,"href":"https:\/\/desireonline.shop\/vi\/wp-json\/wp\/v2\/product\/67860\/revisions"}],"wp:featuredmedia":[{"embeddable":true,"href":"https:\/\/desireonline.shop\/vi\/wp-json\/wp\/v2\/media\/61480"}],"wp:attachment":[{"href":"https:\/\/desireonline.shop\/vi\/wp-json\/wp\/v2\/media?parent=67860"}],"wp:term":[{"taxonomy":"product_brand","embeddable":true,"href":"https:\/\/desireonline.shop\/vi\/wp-json\/wp\/v2\/product_brand?post=67860"},{"taxonomy":"product_cat","embeddable":true,"href":"https:\/\/desireonline.shop\/vi\/wp-json\/wp\/v2\/product_cat?post=67860"},{"taxonomy":"product_tag","embeddable":true,"href":"https:\/\/desireonline.shop\/vi\/wp-json\/wp\/v2\/product_tag?post=67860"}],"curies":[{"name":"wp","href":"https:\/\/api.w.org\/{rel}","templated":true}]}}