{"id":67884,"date":"2026-02-03T08:28:00","date_gmt":"2026-02-03T08:28:00","guid":{"rendered":"https:\/\/desireonline.shop\/product\/matrix-mont-evil-rose-nut-hau-mon-medium\/"},"modified":"2026-03-10T05:31:15","modified_gmt":"2026-03-10T05:31:15","slug":"matrix-mont-evil-rose-nut-hau-mon-medium","status":"publish","type":"product","link":"https:\/\/desireonline.shop\/vi\/san-pham\/matrix-mont-evil-rose-nut-hau-mon-medium\/","title":{"rendered":"Matrix Mont Evil Rose N\u00fat h\u1eadu m\u00f4n Medium"},"content":{"rendered":"<p>\u0110\u01b0\u1ee3c thi\u1ebft k\u1ebf cho tr\u1ea3i nghi\u1ec7m kh\u00e1m ph\u00e1 tho\u1ea3i m\u00e1i v\u00e0 c\u00f3 ki\u1ec3m so\u00e1t, n\u00fat h\u1eadu m\u00f4n kim lo\u1ea1i n\u00e0y c\u00f3 \u0111\u1ea7u thu\u00f4n m\u01b0\u1ee3t gi\u00fap vi\u1ec7c \u0111\u01b0a v\u00e0o tr\u1edf n\u00ean d\u1ec5 d\u00e0ng v\u00e0 d\u1ea7n d\u1ea7n. Ph\u1ea7n c\u1ed5 thon g\u1ecdn gi\u00fap s\u1ea3n ph\u1ea9m n\u1eb1m c\u1ed1 \u0111\u1ecbnh v\u00e0 tho\u1ea3i m\u00e1i, ph\u00f9 h\u1ee3p cho vi\u1ec7c s\u1eed d\u1ee5ng th\u01b0 gi\u00e3n v\u00e0 ti\u1ebfn tr\u00ecnh t\u0103ng d\u1ea7n.<\/p>\n<p>Ho\u00e0n thi\u1ec7n v\u1edbi \u0111\u1ebf loe \u0111\u1ec3 t\u0103ng \u0111\u1ed9 an to\u00e0n, s\u1ea3n ph\u1ea9m l\u00fd t\u01b0\u1edfng cho luy\u1ec7n t\u1eadp h\u1eadu m\u00f4n ho\u1eb7c k\u00edch th\u00edch t\u1eadp trung theo nh\u1ecbp \u0111\u1ed9 c\u1ee7a ri\u00eang b\u1ea1n. Thanh l\u1ecbch, \u0111\u01a1n gi\u1ea3n v\u00e0 th\u1ecfa m\u00e3n, \u0111\u00e2y l\u00e0 l\u1ef1a ch\u1ecdn \u0111\u00e1ng tin c\u1eady cho nh\u1eefng ai y\u00eau th\u00edch c\u1ea3m gi\u00e1c c\u1ed5 \u0111i\u1ec3n, g\u1ecdn g\u00e0ng v\u1edbi ch\u00fat tr\u1ecdng l\u01b0\u1ee3ng ch\u1eafc ch\u1eafn.<\/p>\n","protected":false},"excerpt":{"rendered":"<p>\u0110\u01b0\u1ee3c thi\u1ebft k\u1ebf cho tr\u1ea3i nghi\u1ec7m kh\u00e1m ph\u00e1 tho\u1ea3i m\u00e1i v\u00e0 c\u00f3 ki\u1ec3m so\u00e1t, n\u00fat h\u1eadu m\u00f4n kim lo\u1ea1i n\u00e0y c\u00f3 \u0111\u1ea7u thu\u00f4n m\u01b0\u1ee3t gi\u00fap vi\u1ec7c \u0111\u01b0a v\u00e0o tr\u1edf n\u00ean&hellip;<\/p>\n","protected":false},"featured_media":61504,"comment_status":"open","ping_status":"closed","template":"","meta":{"_acf_changed":false},"product_brand":[],"product_cat":[1416],"product_tag":[1660,1745,1659,1661],"class_list":{"0":"post-67884","1":"product","2":"type-product","3":"status-publish","4":"has-post-thumbnail","6":"product_cat-nut-hau-mon","7":"product_tag-an-toan-cho-co-the","8":"product_tag-cap-do-trung-cap","9":"product_tag-kich-thich-ben-trong","10":"product_tag-tap-trung-hau-mon","12":"first","13":"instock","14":"shipping-taxable","15":"purchasable","16":"product-type-simple"},"acf":[],"yoast_head":"<!-- This site is optimized with the Yoast SEO plugin v27.1.1 - https:\/\/yoast.com\/product\/yoast-seo-wordpress\/ -->\n<title>Matrix Mont Evil Rose N\u00fat h\u1eadu m\u00f4n Medium - Desire<\/title>\n<meta name=\"robots\" content=\"index, follow, max-snippet:-1, max-image-preview:large, max-video-preview:-1\" \/>\n<link rel=\"canonical\" href=\"https:\/\/desireonline.shop\/vi\/san-pham\/matrix-mont-evil-rose-nut-hau-mon-medium\/\" \/>\n<meta property=\"og:locale\" content=\"vi_VN\" \/>\n<meta property=\"og:type\" content=\"article\" \/>\n<meta property=\"og:title\" content=\"Matrix Mont Evil Rose N\u00fat h\u1eadu m\u00f4n Medium - Desire\" \/>\n<meta property=\"og:description\" content=\"\u0110\u01b0\u1ee3c thi\u1ebft k\u1ebf cho tr\u1ea3i nghi\u1ec7m kh\u00e1m ph\u00e1 tho\u1ea3i m\u00e1i v\u00e0 c\u00f3 ki\u1ec3m so\u00e1t, n\u00fat h\u1eadu m\u00f4n kim lo\u1ea1i n\u00e0y c\u00f3 \u0111\u1ea7u thu\u00f4n m\u01b0\u1ee3t gi\u00fap vi\u1ec7c \u0111\u01b0a v\u00e0o tr\u1edf n\u00ean&hellip;\" \/>\n<meta property=\"og:url\" content=\"https:\/\/desireonline.shop\/vi\/san-pham\/matrix-mont-evil-rose-nut-hau-mon-medium\/\" \/>\n<meta property=\"og:site_name\" content=\"Desire\" \/>\n<meta property=\"article:modified_time\" content=\"2026-03-10T05:31:15+00:00\" \/>\n<meta property=\"og:image\" content=\"https:\/\/desireonline.shop\/wp-content\/uploads\/2026\/02\/CN-941412252_00.jpg\" \/>\n\t<meta property=\"og:image:width\" content=\"1000\" \/>\n\t<meta property=\"og:image:height\" content=\"1000\" \/>\n\t<meta property=\"og:image:type\" content=\"image\/jpeg\" \/>\n<meta name=\"twitter:card\" content=\"summary_large_image\" \/>\n<meta name=\"twitter:label1\" content=\"\u01af\u1edbc t\u00ednh th\u1eddi gian \u0111\u1ecdc\" \/>\n\t<meta name=\"twitter:data1\" content=\"1 ph\u00fat\" \/>\n<script type=\"application\/ld+json\" class=\"yoast-schema-graph\">{\"@context\":\"https:\/\/schema.org\",\"@graph\":[{\"@type\":\"WebPage\",\"@id\":\"https:\/\/desireonline.shop\/vi\/san-pham\/matrix-mont-evil-rose-nut-hau-mon-medium\/\",\"url\":\"https:\/\/desireonline.shop\/vi\/san-pham\/matrix-mont-evil-rose-nut-hau-mon-medium\/\",\"name\":\"Matrix Mont Evil Rose N\u00fat h\u1eadu m\u00f4n Medium - Desire\",\"isPartOf\":{\"@id\":\"https:\/\/desireonline.shop\/vi\/#website\"},\"primaryImageOfPage\":{\"@id\":\"https:\/\/desireonline.shop\/vi\/san-pham\/matrix-mont-evil-rose-nut-hau-mon-medium\/#primaryimage\"},\"image\":{\"@id\":\"https:\/\/desireonline.shop\/vi\/san-pham\/matrix-mont-evil-rose-nut-hau-mon-medium\/#primaryimage\"},\"thumbnailUrl\":\"https:\/\/desireonline.shop\/wp-content\/uploads\/2026\/02\/CN-941412252_00.jpg\",\"datePublished\":\"2026-02-03T08:28:00+00:00\",\"dateModified\":\"2026-03-10T05:31:15+00:00\",\"breadcrumb\":{\"@id\":\"https:\/\/desireonline.shop\/vi\/san-pham\/matrix-mont-evil-rose-nut-hau-mon-medium\/#breadcrumb\"},\"inLanguage\":\"vi\",\"potentialAction\":[{\"@type\":\"ReadAction\",\"target\":[\"https:\/\/desireonline.shop\/vi\/san-pham\/matrix-mont-evil-rose-nut-hau-mon-medium\/\"]}]},{\"@type\":\"ImageObject\",\"inLanguage\":\"vi\",\"@id\":\"https:\/\/desireonline.shop\/vi\/san-pham\/matrix-mont-evil-rose-nut-hau-mon-medium\/#primaryimage\",\"url\":\"https:\/\/desireonline.shop\/wp-content\/uploads\/2026\/02\/CN-941412252_00.jpg\",\"contentUrl\":\"https:\/\/desireonline.shop\/wp-content\/uploads\/2026\/02\/CN-941412252_00.jpg\",\"width\":1000,\"height\":1000},{\"@type\":\"BreadcrumbList\",\"@id\":\"https:\/\/desireonline.shop\/vi\/san-pham\/matrix-mont-evil-rose-nut-hau-mon-medium\/#breadcrumb\",\"itemListElement\":[{\"@type\":\"ListItem\",\"position\":1,\"name\":\"Home\",\"item\":\"https:\/\/desireonline.shop\/vi\/trang-chu\/?lang=vi\"},{\"@type\":\"ListItem\",\"position\":2,\"name\":\"T\u1ea5t c\u1ea3 s\u1ea3n ph\u1ea9m\",\"item\":\"https:\/\/desireonline.shop\/cua-hang\/?lang=vi\"},{\"@type\":\"ListItem\",\"position\":3,\"name\":\"Matrix Mont Evil Rose N\u00fat h\u1eadu m\u00f4n Medium\"}]},{\"@type\":\"WebSite\",\"@id\":\"https:\/\/desireonline.shop\/vi\/#website\",\"url\":\"https:\/\/desireonline.shop\/vi\/\",\"name\":\"Desire\",\"description\":\"Sexual Wellness Platform\",\"publisher\":{\"@id\":\"https:\/\/desireonline.shop\/vi\/#organization\"},\"potentialAction\":[{\"@type\":\"SearchAction\",\"target\":{\"@type\":\"EntryPoint\",\"urlTemplate\":\"https:\/\/desireonline.shop\/vi\/?s={search_term_string}\"},\"query-input\":{\"@type\":\"PropertyValueSpecification\",\"valueRequired\":true,\"valueName\":\"search_term_string\"}}],\"inLanguage\":\"vi\"},{\"@type\":\"Organization\",\"@id\":\"https:\/\/desireonline.shop\/vi\/#organization\",\"name\":\"Desire\",\"url\":\"https:\/\/desireonline.shop\/vi\/\",\"logo\":{\"@type\":\"ImageObject\",\"inLanguage\":\"vi\",\"@id\":\"https:\/\/desireonline.shop\/vi\/#\/schema\/logo\/image\/\",\"url\":\"https:\/\/desireonline.shop\/wp-content\/uploads\/2024\/06\/Logo-Thick-Font-1.webp\",\"contentUrl\":\"https:\/\/desireonline.shop\/wp-content\/uploads\/2024\/06\/Logo-Thick-Font-1.webp\",\"width\":268,\"height\":399,\"caption\":\"Desire\"},\"image\":{\"@id\":\"https:\/\/desireonline.shop\/vi\/#\/schema\/logo\/image\/\"}}]}<\/script>\n<!-- \/ Yoast SEO plugin. -->","yoast_head_json":{"title":"Matrix Mont Evil Rose N\u00fat h\u1eadu m\u00f4n Medium - Desire","robots":{"index":"index","follow":"follow","max-snippet":"max-snippet:-1","max-image-preview":"max-image-preview:large","max-video-preview":"max-video-preview:-1"},"canonical":"https:\/\/desireonline.shop\/vi\/san-pham\/matrix-mont-evil-rose-nut-hau-mon-medium\/","og_locale":"vi_VN","og_type":"article","og_title":"Matrix Mont Evil Rose N\u00fat h\u1eadu m\u00f4n Medium - Desire","og_description":"\u0110\u01b0\u1ee3c thi\u1ebft k\u1ebf cho tr\u1ea3i nghi\u1ec7m kh\u00e1m ph\u00e1 tho\u1ea3i m\u00e1i v\u00e0 c\u00f3 ki\u1ec3m so\u00e1t, n\u00fat h\u1eadu m\u00f4n kim lo\u1ea1i n\u00e0y c\u00f3 \u0111\u1ea7u thu\u00f4n m\u01b0\u1ee3t gi\u00fap vi\u1ec7c \u0111\u01b0a v\u00e0o tr\u1edf n\u00ean&hellip;","og_url":"https:\/\/desireonline.shop\/vi\/san-pham\/matrix-mont-evil-rose-nut-hau-mon-medium\/","og_site_name":"Desire","article_modified_time":"2026-03-10T05:31:15+00:00","og_image":[{"width":1000,"height":1000,"url":"https:\/\/desireonline.shop\/wp-content\/uploads\/2026\/02\/CN-941412252_00.jpg","type":"image\/jpeg"}],"twitter_card":"summary_large_image","twitter_misc":{"\u01af\u1edbc t\u00ednh th\u1eddi gian \u0111\u1ecdc":"1 ph\u00fat"},"schema":{"@context":"https:\/\/schema.org","@graph":[{"@type":"WebPage","@id":"https:\/\/desireonline.shop\/vi\/san-pham\/matrix-mont-evil-rose-nut-hau-mon-medium\/","url":"https:\/\/desireonline.shop\/vi\/san-pham\/matrix-mont-evil-rose-nut-hau-mon-medium\/","name":"Matrix Mont Evil Rose N\u00fat h\u1eadu m\u00f4n Medium - Desire","isPartOf":{"@id":"https:\/\/desireonline.shop\/vi\/#website"},"primaryImageOfPage":{"@id":"https:\/\/desireonline.shop\/vi\/san-pham\/matrix-mont-evil-rose-nut-hau-mon-medium\/#primaryimage"},"image":{"@id":"https:\/\/desireonline.shop\/vi\/san-pham\/matrix-mont-evil-rose-nut-hau-mon-medium\/#primaryimage"},"thumbnailUrl":"https:\/\/desireonline.shop\/wp-content\/uploads\/2026\/02\/CN-941412252_00.jpg","datePublished":"2026-02-03T08:28:00+00:00","dateModified":"2026-03-10T05:31:15+00:00","breadcrumb":{"@id":"https:\/\/desireonline.shop\/vi\/san-pham\/matrix-mont-evil-rose-nut-hau-mon-medium\/#breadcrumb"},"inLanguage":"vi","potentialAction":[{"@type":"ReadAction","target":["https:\/\/desireonline.shop\/vi\/san-pham\/matrix-mont-evil-rose-nut-hau-mon-medium\/"]}]},{"@type":"ImageObject","inLanguage":"vi","@id":"https:\/\/desireonline.shop\/vi\/san-pham\/matrix-mont-evil-rose-nut-hau-mon-medium\/#primaryimage","url":"https:\/\/desireonline.shop\/wp-content\/uploads\/2026\/02\/CN-941412252_00.jpg","contentUrl":"https:\/\/desireonline.shop\/wp-content\/uploads\/2026\/02\/CN-941412252_00.jpg","width":1000,"height":1000},{"@type":"BreadcrumbList","@id":"https:\/\/desireonline.shop\/vi\/san-pham\/matrix-mont-evil-rose-nut-hau-mon-medium\/#breadcrumb","itemListElement":[{"@type":"ListItem","position":1,"name":"Home","item":"https:\/\/desireonline.shop\/vi\/trang-chu\/?lang=vi"},{"@type":"ListItem","position":2,"name":"T\u1ea5t c\u1ea3 s\u1ea3n ph\u1ea9m","item":"https:\/\/desireonline.shop\/cua-hang\/?lang=vi"},{"@type":"ListItem","position":3,"name":"Matrix Mont Evil Rose N\u00fat h\u1eadu m\u00f4n Medium"}]},{"@type":"WebSite","@id":"https:\/\/desireonline.shop\/vi\/#website","url":"https:\/\/desireonline.shop\/vi\/","name":"Desire","description":"Sexual Wellness Platform","publisher":{"@id":"https:\/\/desireonline.shop\/vi\/#organization"},"potentialAction":[{"@type":"SearchAction","target":{"@type":"EntryPoint","urlTemplate":"https:\/\/desireonline.shop\/vi\/?s={search_term_string}"},"query-input":{"@type":"PropertyValueSpecification","valueRequired":true,"valueName":"search_term_string"}}],"inLanguage":"vi"},{"@type":"Organization","@id":"https:\/\/desireonline.shop\/vi\/#organization","name":"Desire","url":"https:\/\/desireonline.shop\/vi\/","logo":{"@type":"ImageObject","inLanguage":"vi","@id":"https:\/\/desireonline.shop\/vi\/#\/schema\/logo\/image\/","url":"https:\/\/desireonline.shop\/wp-content\/uploads\/2024\/06\/Logo-Thick-Font-1.webp","contentUrl":"https:\/\/desireonline.shop\/wp-content\/uploads\/2024\/06\/Logo-Thick-Font-1.webp","width":268,"height":399,"caption":"Desire"},"image":{"@id":"https:\/\/desireonline.shop\/vi\/#\/schema\/logo\/image\/"}}]}},"_links":{"self":[{"href":"https:\/\/desireonline.shop\/vi\/wp-json\/wp\/v2\/product\/67884","targetHints":{"allow":["GET"]}}],"collection":[{"href":"https:\/\/desireonline.shop\/vi\/wp-json\/wp\/v2\/product"}],"about":[{"href":"https:\/\/desireonline.shop\/vi\/wp-json\/wp\/v2\/types\/product"}],"replies":[{"embeddable":true,"href":"https:\/\/desireonline.shop\/vi\/wp-json\/wp\/v2\/comments?post=67884"}],"version-history":[{"count":0,"href":"https:\/\/desireonline.shop\/vi\/wp-json\/wp\/v2\/product\/67884\/revisions"}],"wp:featuredmedia":[{"embeddable":true,"href":"https:\/\/desireonline.shop\/vi\/wp-json\/wp\/v2\/media\/61504"}],"wp:attachment":[{"href":"https:\/\/desireonline.shop\/vi\/wp-json\/wp\/v2\/media?parent=67884"}],"wp:term":[{"taxonomy":"product_brand","embeddable":true,"href":"https:\/\/desireonline.shop\/vi\/wp-json\/wp\/v2\/product_brand?post=67884"},{"taxonomy":"product_cat","embeddable":true,"href":"https:\/\/desireonline.shop\/vi\/wp-json\/wp\/v2\/product_cat?post=67884"},{"taxonomy":"product_tag","embeddable":true,"href":"https:\/\/desireonline.shop\/vi\/wp-json\/wp\/v2\/product_tag?post=67884"}],"curies":[{"name":"wp","href":"https:\/\/api.w.org\/{rel}","templated":true}]}}