{"id":67916,"date":"2026-02-03T09:57:00","date_gmt":"2026-02-03T09:57:00","guid":{"rendered":"https:\/\/desireonline.shop\/product\/mu-fantasy-duong-vat-gia-doombringer\/"},"modified":"2026-03-10T05:30:32","modified_gmt":"2026-03-10T05:30:32","slug":"mu-fantasy-duong-vat-gia-doombringer","status":"publish","type":"product","link":"https:\/\/desireonline.shop\/vi\/san-pham\/mu-fantasy-duong-vat-gia-doombringer\/","title":{"rendered":"MU Fantasy D\u01b0\u01a1ng v\u1eadt gi\u1ea3 Doombringer"},"content":{"rendered":"<p>\u0110\u01b0\u1ee3c thi\u1ebft k\u1ebf \u0111\u1ec3 t\u1ea1o d\u1ea5u \u1ea5n n\u1ed5i b\u1eadt, d\u01b0\u01a1ng v\u1eadt gi\u1ea3 phong c\u00e1ch fantasy n\u00e0y c\u00f3 h\u00ecnh d\u00e1ng \u0111i\u00eau kh\u1eafc t\u00e1o b\u1ea1o k\u1ebft h\u1ee3p v\u1edbi b\u1ec1 m\u1eb7t m\u01b0\u1ee3t m\u00e0 \u0111\u1ec3 mang l\u1ea1i k\u00edch th\u00edch tho\u1ea3i m\u00e1i v\u00e0 th\u1ecfa m\u00e3n. Thi\u1ebft k\u1ebf b\u1eaft m\u1eaft mang \u0111\u1ebfn c\u1ea3m gi\u00e1c phi\u00eau l\u01b0u trong khi v\u1eabn d\u1ec5 d\u00e0ng t\u1eadn h\u01b0\u1edfng theo nh\u1ecbp \u0111\u1ed9 c\u1ee7a ri\u00eang b\u1ea1n.<\/p>\n<p>\u0110\u1ebf h\u00fat m\u1ea1nh cho ph\u00e9p tr\u1ea3i nghi\u1ec7m r\u1ea3nh tay v\u00e0 th\u1eed nghi\u1ec7m v\u1edbi nhi\u1ec1u t\u01b0 th\u1ebf kh\u00e1c nhau, trong khi ch\u1ea5t li\u1ec7u kh\u00f4ng ch\u1ee9a phthalate mang l\u1ea1i s\u1ef1 an t\u00e2m khi s\u1eed d\u1ee5ng. M\u1ed9t l\u1ef1a ch\u1ecdn tuy\u1ec7t v\u1eddi cho tr\u1ea3i nghi\u1ec7m solo khi b\u1ea1n mu\u1ed1n \u0111i\u1ec1u g\u00ec \u0111\u00f3 t\u00e1o b\u1ea1o v\u00e0 gi\u00e0u c\u00e1 t\u00ednh h\u01a1n.<\/p>\n","protected":false},"excerpt":{"rendered":"<p>\u0110\u01b0\u1ee3c thi\u1ebft k\u1ebf \u0111\u1ec3 t\u1ea1o d\u1ea5u \u1ea5n n\u1ed5i b\u1eadt, d\u01b0\u01a1ng v\u1eadt gi\u1ea3 phong c\u00e1ch fantasy n\u00e0y c\u00f3 h\u00ecnh d\u00e1ng \u0111i\u00eau kh\u1eafc t\u00e1o b\u1ea1o k\u1ebft h\u1ee3p v\u1edbi b\u1ec1 m\u1eb7t m\u01b0\u1ee3t m\u00e0&hellip;<\/p>\n","protected":false},"featured_media":61578,"comment_status":"open","ping_status":"closed","template":"","meta":{"_acf_changed":false},"product_brand":[],"product_cat":[1341,1422,1427],"product_tag":[1660,1670,1659,1672],"class_list":{"0":"post-67916","1":"product","2":"type-product","3":"status-publish","4":"has-post-thumbnail","6":"product_cat-for-men","7":"product_cat-duong-vat-gia-gia-tuong","8":"product_cat-tuong-thich-voi-day-deo-duong-vat-gia-gan-deo-mang-den-da-dang-hinh-dang-kich-thuoc-va-cam-giac-cho-trai-nghiem-chung","9":"product_tag-an-toan-cho-co-the","10":"product_tag-danh-cho-phu-nu","11":"product_tag-kich-thich-ben-trong","12":"product_tag-phieu-luu","14":"first","15":"instock","16":"shipping-taxable","17":"purchasable","18":"product-type-simple"},"acf":[],"yoast_head":"<!-- This site is optimized with the Yoast SEO plugin v27.1.1 - https:\/\/yoast.com\/product\/yoast-seo-wordpress\/ -->\n<title>MU Fantasy D\u01b0\u01a1ng v\u1eadt gi\u1ea3 Doombringer - Desire<\/title>\n<meta name=\"robots\" content=\"index, follow, max-snippet:-1, max-image-preview:large, max-video-preview:-1\" \/>\n<link rel=\"canonical\" href=\"https:\/\/desireonline.shop\/vi\/san-pham\/mu-fantasy-duong-vat-gia-doombringer\/\" \/>\n<meta property=\"og:locale\" content=\"vi_VN\" \/>\n<meta property=\"og:type\" content=\"article\" \/>\n<meta property=\"og:title\" content=\"MU Fantasy D\u01b0\u01a1ng v\u1eadt gi\u1ea3 Doombringer - Desire\" \/>\n<meta property=\"og:description\" content=\"\u0110\u01b0\u1ee3c thi\u1ebft k\u1ebf \u0111\u1ec3 t\u1ea1o d\u1ea5u \u1ea5n n\u1ed5i b\u1eadt, d\u01b0\u01a1ng v\u1eadt gi\u1ea3 phong c\u00e1ch fantasy n\u00e0y c\u00f3 h\u00ecnh d\u00e1ng \u0111i\u00eau kh\u1eafc t\u00e1o b\u1ea1o k\u1ebft h\u1ee3p v\u1edbi b\u1ec1 m\u1eb7t m\u01b0\u1ee3t m\u00e0&hellip;\" \/>\n<meta property=\"og:url\" content=\"https:\/\/desireonline.shop\/vi\/san-pham\/mu-fantasy-duong-vat-gia-doombringer\/\" \/>\n<meta property=\"og:site_name\" content=\"Desire\" \/>\n<meta property=\"article:modified_time\" content=\"2026-03-10T05:30:32+00:00\" \/>\n<meta property=\"og:image\" content=\"https:\/\/desireonline.shop\/wp-content\/uploads\/2026\/02\/CN-711722552_00.jpg\" \/>\n\t<meta property=\"og:image:width\" content=\"1000\" \/>\n\t<meta property=\"og:image:height\" content=\"1000\" \/>\n\t<meta property=\"og:image:type\" content=\"image\/jpeg\" \/>\n<meta name=\"twitter:card\" content=\"summary_large_image\" \/>\n<meta name=\"twitter:label1\" content=\"\u01af\u1edbc t\u00ednh th\u1eddi gian \u0111\u1ecdc\" \/>\n\t<meta name=\"twitter:data1\" content=\"1 ph\u00fat\" \/>\n<script type=\"application\/ld+json\" class=\"yoast-schema-graph\">{\"@context\":\"https:\/\/schema.org\",\"@graph\":[{\"@type\":\"WebPage\",\"@id\":\"https:\/\/desireonline.shop\/vi\/san-pham\/mu-fantasy-duong-vat-gia-doombringer\/\",\"url\":\"https:\/\/desireonline.shop\/vi\/san-pham\/mu-fantasy-duong-vat-gia-doombringer\/\",\"name\":\"MU Fantasy D\u01b0\u01a1ng v\u1eadt gi\u1ea3 Doombringer - Desire\",\"isPartOf\":{\"@id\":\"https:\/\/desireonline.shop\/vi\/#website\"},\"primaryImageOfPage\":{\"@id\":\"https:\/\/desireonline.shop\/vi\/san-pham\/mu-fantasy-duong-vat-gia-doombringer\/#primaryimage\"},\"image\":{\"@id\":\"https:\/\/desireonline.shop\/vi\/san-pham\/mu-fantasy-duong-vat-gia-doombringer\/#primaryimage\"},\"thumbnailUrl\":\"https:\/\/desireonline.shop\/wp-content\/uploads\/2026\/02\/CN-711722552_00.jpg\",\"datePublished\":\"2026-02-03T09:57:00+00:00\",\"dateModified\":\"2026-03-10T05:30:32+00:00\",\"breadcrumb\":{\"@id\":\"https:\/\/desireonline.shop\/vi\/san-pham\/mu-fantasy-duong-vat-gia-doombringer\/#breadcrumb\"},\"inLanguage\":\"vi\",\"potentialAction\":[{\"@type\":\"ReadAction\",\"target\":[\"https:\/\/desireonline.shop\/vi\/san-pham\/mu-fantasy-duong-vat-gia-doombringer\/\"]}]},{\"@type\":\"ImageObject\",\"inLanguage\":\"vi\",\"@id\":\"https:\/\/desireonline.shop\/vi\/san-pham\/mu-fantasy-duong-vat-gia-doombringer\/#primaryimage\",\"url\":\"https:\/\/desireonline.shop\/wp-content\/uploads\/2026\/02\/CN-711722552_00.jpg\",\"contentUrl\":\"https:\/\/desireonline.shop\/wp-content\/uploads\/2026\/02\/CN-711722552_00.jpg\",\"width\":1000,\"height\":1000},{\"@type\":\"BreadcrumbList\",\"@id\":\"https:\/\/desireonline.shop\/vi\/san-pham\/mu-fantasy-duong-vat-gia-doombringer\/#breadcrumb\",\"itemListElement\":[{\"@type\":\"ListItem\",\"position\":1,\"name\":\"Home\",\"item\":\"https:\/\/desireonline.shop\/vi\/trang-chu\/?lang=vi\"},{\"@type\":\"ListItem\",\"position\":2,\"name\":\"T\u1ea5t c\u1ea3 s\u1ea3n ph\u1ea9m\",\"item\":\"https:\/\/desireonline.shop\/cua-hang\/?lang=vi\"},{\"@type\":\"ListItem\",\"position\":3,\"name\":\"MU Fantasy D\u01b0\u01a1ng v\u1eadt gi\u1ea3 Doombringer\"}]},{\"@type\":\"WebSite\",\"@id\":\"https:\/\/desireonline.shop\/vi\/#website\",\"url\":\"https:\/\/desireonline.shop\/vi\/\",\"name\":\"Desire\",\"description\":\"Sexual Wellness Platform\",\"publisher\":{\"@id\":\"https:\/\/desireonline.shop\/vi\/#organization\"},\"potentialAction\":[{\"@type\":\"SearchAction\",\"target\":{\"@type\":\"EntryPoint\",\"urlTemplate\":\"https:\/\/desireonline.shop\/vi\/?s={search_term_string}\"},\"query-input\":{\"@type\":\"PropertyValueSpecification\",\"valueRequired\":true,\"valueName\":\"search_term_string\"}}],\"inLanguage\":\"vi\"},{\"@type\":\"Organization\",\"@id\":\"https:\/\/desireonline.shop\/vi\/#organization\",\"name\":\"Desire\",\"url\":\"https:\/\/desireonline.shop\/vi\/\",\"logo\":{\"@type\":\"ImageObject\",\"inLanguage\":\"vi\",\"@id\":\"https:\/\/desireonline.shop\/vi\/#\/schema\/logo\/image\/\",\"url\":\"https:\/\/desireonline.shop\/wp-content\/uploads\/2024\/06\/Logo-Thick-Font-1.webp\",\"contentUrl\":\"https:\/\/desireonline.shop\/wp-content\/uploads\/2024\/06\/Logo-Thick-Font-1.webp\",\"width\":268,\"height\":399,\"caption\":\"Desire\"},\"image\":{\"@id\":\"https:\/\/desireonline.shop\/vi\/#\/schema\/logo\/image\/\"}}]}<\/script>\n<!-- \/ Yoast SEO plugin. -->","yoast_head_json":{"title":"MU Fantasy D\u01b0\u01a1ng v\u1eadt gi\u1ea3 Doombringer - Desire","robots":{"index":"index","follow":"follow","max-snippet":"max-snippet:-1","max-image-preview":"max-image-preview:large","max-video-preview":"max-video-preview:-1"},"canonical":"https:\/\/desireonline.shop\/vi\/san-pham\/mu-fantasy-duong-vat-gia-doombringer\/","og_locale":"vi_VN","og_type":"article","og_title":"MU Fantasy D\u01b0\u01a1ng v\u1eadt gi\u1ea3 Doombringer - Desire","og_description":"\u0110\u01b0\u1ee3c thi\u1ebft k\u1ebf \u0111\u1ec3 t\u1ea1o d\u1ea5u \u1ea5n n\u1ed5i b\u1eadt, d\u01b0\u01a1ng v\u1eadt gi\u1ea3 phong c\u00e1ch fantasy n\u00e0y c\u00f3 h\u00ecnh d\u00e1ng \u0111i\u00eau kh\u1eafc t\u00e1o b\u1ea1o k\u1ebft h\u1ee3p v\u1edbi b\u1ec1 m\u1eb7t m\u01b0\u1ee3t m\u00e0&hellip;","og_url":"https:\/\/desireonline.shop\/vi\/san-pham\/mu-fantasy-duong-vat-gia-doombringer\/","og_site_name":"Desire","article_modified_time":"2026-03-10T05:30:32+00:00","og_image":[{"width":1000,"height":1000,"url":"https:\/\/desireonline.shop\/wp-content\/uploads\/2026\/02\/CN-711722552_00.jpg","type":"image\/jpeg"}],"twitter_card":"summary_large_image","twitter_misc":{"\u01af\u1edbc t\u00ednh th\u1eddi gian \u0111\u1ecdc":"1 ph\u00fat"},"schema":{"@context":"https:\/\/schema.org","@graph":[{"@type":"WebPage","@id":"https:\/\/desireonline.shop\/vi\/san-pham\/mu-fantasy-duong-vat-gia-doombringer\/","url":"https:\/\/desireonline.shop\/vi\/san-pham\/mu-fantasy-duong-vat-gia-doombringer\/","name":"MU Fantasy D\u01b0\u01a1ng v\u1eadt gi\u1ea3 Doombringer - Desire","isPartOf":{"@id":"https:\/\/desireonline.shop\/vi\/#website"},"primaryImageOfPage":{"@id":"https:\/\/desireonline.shop\/vi\/san-pham\/mu-fantasy-duong-vat-gia-doombringer\/#primaryimage"},"image":{"@id":"https:\/\/desireonline.shop\/vi\/san-pham\/mu-fantasy-duong-vat-gia-doombringer\/#primaryimage"},"thumbnailUrl":"https:\/\/desireonline.shop\/wp-content\/uploads\/2026\/02\/CN-711722552_00.jpg","datePublished":"2026-02-03T09:57:00+00:00","dateModified":"2026-03-10T05:30:32+00:00","breadcrumb":{"@id":"https:\/\/desireonline.shop\/vi\/san-pham\/mu-fantasy-duong-vat-gia-doombringer\/#breadcrumb"},"inLanguage":"vi","potentialAction":[{"@type":"ReadAction","target":["https:\/\/desireonline.shop\/vi\/san-pham\/mu-fantasy-duong-vat-gia-doombringer\/"]}]},{"@type":"ImageObject","inLanguage":"vi","@id":"https:\/\/desireonline.shop\/vi\/san-pham\/mu-fantasy-duong-vat-gia-doombringer\/#primaryimage","url":"https:\/\/desireonline.shop\/wp-content\/uploads\/2026\/02\/CN-711722552_00.jpg","contentUrl":"https:\/\/desireonline.shop\/wp-content\/uploads\/2026\/02\/CN-711722552_00.jpg","width":1000,"height":1000},{"@type":"BreadcrumbList","@id":"https:\/\/desireonline.shop\/vi\/san-pham\/mu-fantasy-duong-vat-gia-doombringer\/#breadcrumb","itemListElement":[{"@type":"ListItem","position":1,"name":"Home","item":"https:\/\/desireonline.shop\/vi\/trang-chu\/?lang=vi"},{"@type":"ListItem","position":2,"name":"T\u1ea5t c\u1ea3 s\u1ea3n ph\u1ea9m","item":"https:\/\/desireonline.shop\/cua-hang\/?lang=vi"},{"@type":"ListItem","position":3,"name":"MU Fantasy D\u01b0\u01a1ng v\u1eadt gi\u1ea3 Doombringer"}]},{"@type":"WebSite","@id":"https:\/\/desireonline.shop\/vi\/#website","url":"https:\/\/desireonline.shop\/vi\/","name":"Desire","description":"Sexual Wellness Platform","publisher":{"@id":"https:\/\/desireonline.shop\/vi\/#organization"},"potentialAction":[{"@type":"SearchAction","target":{"@type":"EntryPoint","urlTemplate":"https:\/\/desireonline.shop\/vi\/?s={search_term_string}"},"query-input":{"@type":"PropertyValueSpecification","valueRequired":true,"valueName":"search_term_string"}}],"inLanguage":"vi"},{"@type":"Organization","@id":"https:\/\/desireonline.shop\/vi\/#organization","name":"Desire","url":"https:\/\/desireonline.shop\/vi\/","logo":{"@type":"ImageObject","inLanguage":"vi","@id":"https:\/\/desireonline.shop\/vi\/#\/schema\/logo\/image\/","url":"https:\/\/desireonline.shop\/wp-content\/uploads\/2024\/06\/Logo-Thick-Font-1.webp","contentUrl":"https:\/\/desireonline.shop\/wp-content\/uploads\/2024\/06\/Logo-Thick-Font-1.webp","width":268,"height":399,"caption":"Desire"},"image":{"@id":"https:\/\/desireonline.shop\/vi\/#\/schema\/logo\/image\/"}}]}},"_links":{"self":[{"href":"https:\/\/desireonline.shop\/vi\/wp-json\/wp\/v2\/product\/67916","targetHints":{"allow":["GET"]}}],"collection":[{"href":"https:\/\/desireonline.shop\/vi\/wp-json\/wp\/v2\/product"}],"about":[{"href":"https:\/\/desireonline.shop\/vi\/wp-json\/wp\/v2\/types\/product"}],"replies":[{"embeddable":true,"href":"https:\/\/desireonline.shop\/vi\/wp-json\/wp\/v2\/comments?post=67916"}],"version-history":[{"count":0,"href":"https:\/\/desireonline.shop\/vi\/wp-json\/wp\/v2\/product\/67916\/revisions"}],"wp:featuredmedia":[{"embeddable":true,"href":"https:\/\/desireonline.shop\/vi\/wp-json\/wp\/v2\/media\/61578"}],"wp:attachment":[{"href":"https:\/\/desireonline.shop\/vi\/wp-json\/wp\/v2\/media?parent=67916"}],"wp:term":[{"taxonomy":"product_brand","embeddable":true,"href":"https:\/\/desireonline.shop\/vi\/wp-json\/wp\/v2\/product_brand?post=67916"},{"taxonomy":"product_cat","embeddable":true,"href":"https:\/\/desireonline.shop\/vi\/wp-json\/wp\/v2\/product_cat?post=67916"},{"taxonomy":"product_tag","embeddable":true,"href":"https:\/\/desireonline.shop\/vi\/wp-json\/wp\/v2\/product_tag?post=67916"}],"curies":[{"name":"wp","href":"https:\/\/api.w.org\/{rel}","templated":true}]}}