{"id":67980,"date":"2026-02-16T11:01:00","date_gmt":"2026-02-16T11:01:00","guid":{"rendered":"https:\/\/desireonline.shop\/product\/sins-inquisition-double-thorn-banh-xe-kich-thich-cam-tay\/"},"modified":"2026-03-10T05:30:16","modified_gmt":"2026-03-10T05:30:16","slug":"sins-inquisition-double-thorn-banh-xe-kich-thich-cam-tay","status":"publish","type":"product","link":"https:\/\/desireonline.shop\/vi\/san-pham\/sins-inquisition-double-thorn-banh-xe-kich-thich-cam-tay\/","title":{"rendered":"Sins Inquisition Double Thorn B\u00e1nh xe k\u00edch th\u00edch c\u1ea7m tay"},"content":{"rendered":"<p>\u0110\u01b0\u1ee3c thi\u1ebft k\u1ebf cho k\u00edch th\u00edch c\u1ea3m gi\u00e1c c\u00f3 ki\u1ec3m so\u00e1t, b\u00e1nh xe k\u00edch th\u00edch c\u1ea7m tay n\u00e0y c\u00f3 c\u00e1c con l\u0103n gai nh\u1ecdn t\u1ea1o ra c\u1ea3m gi\u00e1c r\u00f5 r\u1ec7t v\u00e0 thu h\u00fat s\u1ef1 ch\u00fa \u00fd. Thi\u1ebft k\u1ebf c\u1ea7m b\u1eb1ng ng\u00f3n tay cho ph\u00e9p chuy\u1ec3n \u0111\u1ed9ng ch\u00ednh x\u00e1c v\u00e0 d\u1ec5 d\u00e0ng ki\u1ec3m so\u00e1t \u00e1p l\u1ef1c c\u0169ng nh\u01b0 t\u1ed1c \u0111\u1ed9.<\/p>\n<p>Ho\u00e0n h\u1ea3o cho nh\u1eefng c\u00fa ch\u1ea1m tr\u00eau \u0111\u00f9a ho\u1eb7c k\u1ebft h\u1ee3p v\u1edbi c\u00e1c tr\u00f2 ch\u01a1i r\u00e0ng bu\u1ed9c, s\u1ea3n ph\u1ea9m gi\u00fap t\u0103ng c\u01b0\u1eddng \u0111\u1ed9 nh\u1ea1y c\u1ea3m v\u00e0 s\u1ef1 mong \u0111\u1ee3i. M\u1ed9t ph\u1ee5 ki\u1ec7n linh ho\u1ea1t cho nh\u1eefng ai th\u00edch kh\u00e1m ph\u00e1 c\u1ea3m gi\u00e1c th\u00f4ng qua s\u1ef1 t\u01b0\u01a1ng ph\u1ea3n v\u00e0 ki\u1ec3m so\u00e1t.<\/p>\n","protected":false},"excerpt":{"rendered":"<p>\u0110\u01b0\u1ee3c thi\u1ebft k\u1ebf cho k\u00edch th\u00edch c\u1ea3m gi\u00e1c c\u00f3 ki\u1ec3m so\u00e1t, b\u00e1nh xe k\u00edch th\u00edch c\u1ea7m tay n\u00e0y c\u00f3 c\u00e1c con l\u0103n gai nh\u1ecdn t\u1ea1o ra c\u1ea3m gi\u00e1c r\u00f5 r\u1ec7t&hellip;<\/p>\n","protected":false},"featured_media":61799,"comment_status":"open","ping_status":"closed","template":"","meta":{"_acf_changed":false},"product_brand":[],"product_cat":[1358,1349],"product_tag":[],"class_list":{"0":"post-67980","1":"product","2":"type-product","3":"status-publish","4":"has-post-thumbnail","6":"product_cat-banh-xe-kich-thich","7":"product_cat-bo-bondage-cho-nguoi-moi","9":"first","10":"instock","11":"shipping-taxable","12":"purchasable","13":"product-type-simple"},"acf":[],"yoast_head":"<!-- This site is optimized with the Yoast SEO plugin v27.1.1 - https:\/\/yoast.com\/product\/yoast-seo-wordpress\/ -->\n<title>Sins Inquisition Double Thorn B\u00e1nh xe k\u00edch th\u00edch c\u1ea7m tay - Desire<\/title>\n<meta name=\"robots\" content=\"index, follow, max-snippet:-1, max-image-preview:large, max-video-preview:-1\" \/>\n<link rel=\"canonical\" href=\"https:\/\/desireonline.shop\/vi\/san-pham\/sins-inquisition-double-thorn-banh-xe-kich-thich-cam-tay\/\" \/>\n<meta property=\"og:locale\" content=\"vi_VN\" \/>\n<meta property=\"og:type\" content=\"article\" \/>\n<meta property=\"og:title\" content=\"Sins Inquisition Double Thorn B\u00e1nh xe k\u00edch th\u00edch c\u1ea7m tay - Desire\" \/>\n<meta property=\"og:description\" content=\"\u0110\u01b0\u1ee3c thi\u1ebft k\u1ebf cho k\u00edch th\u00edch c\u1ea3m gi\u00e1c c\u00f3 ki\u1ec3m so\u00e1t, b\u00e1nh xe k\u00edch th\u00edch c\u1ea7m tay n\u00e0y c\u00f3 c\u00e1c con l\u0103n gai nh\u1ecdn t\u1ea1o ra c\u1ea3m gi\u00e1c r\u00f5 r\u1ec7t&hellip;\" \/>\n<meta property=\"og:url\" content=\"https:\/\/desireonline.shop\/vi\/san-pham\/sins-inquisition-double-thorn-banh-xe-kich-thich-cam-tay\/\" \/>\n<meta property=\"og:site_name\" content=\"Desire\" \/>\n<meta property=\"article:modified_time\" content=\"2026-03-10T05:30:16+00:00\" \/>\n<meta property=\"og:image\" content=\"https:\/\/desireonline.shop\/wp-content\/uploads\/2026\/02\/CN-867330812_00.jpg\" \/>\n\t<meta property=\"og:image:width\" content=\"1000\" \/>\n\t<meta property=\"og:image:height\" content=\"1000\" \/>\n\t<meta property=\"og:image:type\" content=\"image\/jpeg\" \/>\n<meta name=\"twitter:card\" content=\"summary_large_image\" \/>\n<meta name=\"twitter:label1\" content=\"\u01af\u1edbc t\u00ednh th\u1eddi gian \u0111\u1ecdc\" \/>\n\t<meta name=\"twitter:data1\" content=\"1 ph\u00fat\" \/>\n<script type=\"application\/ld+json\" class=\"yoast-schema-graph\">{\"@context\":\"https:\/\/schema.org\",\"@graph\":[{\"@type\":\"WebPage\",\"@id\":\"https:\/\/desireonline.shop\/vi\/san-pham\/sins-inquisition-double-thorn-banh-xe-kich-thich-cam-tay\/\",\"url\":\"https:\/\/desireonline.shop\/vi\/san-pham\/sins-inquisition-double-thorn-banh-xe-kich-thich-cam-tay\/\",\"name\":\"Sins Inquisition Double Thorn B\u00e1nh xe k\u00edch th\u00edch c\u1ea7m tay - Desire\",\"isPartOf\":{\"@id\":\"https:\/\/desireonline.shop\/vi\/#website\"},\"primaryImageOfPage\":{\"@id\":\"https:\/\/desireonline.shop\/vi\/san-pham\/sins-inquisition-double-thorn-banh-xe-kich-thich-cam-tay\/#primaryimage\"},\"image\":{\"@id\":\"https:\/\/desireonline.shop\/vi\/san-pham\/sins-inquisition-double-thorn-banh-xe-kich-thich-cam-tay\/#primaryimage\"},\"thumbnailUrl\":\"https:\/\/desireonline.shop\/wp-content\/uploads\/2026\/02\/CN-867330812_00.jpg\",\"datePublished\":\"2026-02-16T11:01:00+00:00\",\"dateModified\":\"2026-03-10T05:30:16+00:00\",\"breadcrumb\":{\"@id\":\"https:\/\/desireonline.shop\/vi\/san-pham\/sins-inquisition-double-thorn-banh-xe-kich-thich-cam-tay\/#breadcrumb\"},\"inLanguage\":\"vi\",\"potentialAction\":[{\"@type\":\"ReadAction\",\"target\":[\"https:\/\/desireonline.shop\/vi\/san-pham\/sins-inquisition-double-thorn-banh-xe-kich-thich-cam-tay\/\"]}]},{\"@type\":\"ImageObject\",\"inLanguage\":\"vi\",\"@id\":\"https:\/\/desireonline.shop\/vi\/san-pham\/sins-inquisition-double-thorn-banh-xe-kich-thich-cam-tay\/#primaryimage\",\"url\":\"https:\/\/desireonline.shop\/wp-content\/uploads\/2026\/02\/CN-867330812_00.jpg\",\"contentUrl\":\"https:\/\/desireonline.shop\/wp-content\/uploads\/2026\/02\/CN-867330812_00.jpg\",\"width\":1000,\"height\":1000},{\"@type\":\"BreadcrumbList\",\"@id\":\"https:\/\/desireonline.shop\/vi\/san-pham\/sins-inquisition-double-thorn-banh-xe-kich-thich-cam-tay\/#breadcrumb\",\"itemListElement\":[{\"@type\":\"ListItem\",\"position\":1,\"name\":\"Home\",\"item\":\"https:\/\/desireonline.shop\/vi\/trang-chu\/?lang=vi\"},{\"@type\":\"ListItem\",\"position\":2,\"name\":\"T\u1ea5t c\u1ea3 s\u1ea3n ph\u1ea9m\",\"item\":\"https:\/\/desireonline.shop\/cua-hang\/?lang=vi\"},{\"@type\":\"ListItem\",\"position\":3,\"name\":\"Sins Inquisition Double Thorn B\u00e1nh xe k\u00edch th\u00edch c\u1ea7m tay\"}]},{\"@type\":\"WebSite\",\"@id\":\"https:\/\/desireonline.shop\/vi\/#website\",\"url\":\"https:\/\/desireonline.shop\/vi\/\",\"name\":\"Desire\",\"description\":\"Sexual Wellness Platform\",\"publisher\":{\"@id\":\"https:\/\/desireonline.shop\/vi\/#organization\"},\"potentialAction\":[{\"@type\":\"SearchAction\",\"target\":{\"@type\":\"EntryPoint\",\"urlTemplate\":\"https:\/\/desireonline.shop\/vi\/?s={search_term_string}\"},\"query-input\":{\"@type\":\"PropertyValueSpecification\",\"valueRequired\":true,\"valueName\":\"search_term_string\"}}],\"inLanguage\":\"vi\"},{\"@type\":\"Organization\",\"@id\":\"https:\/\/desireonline.shop\/vi\/#organization\",\"name\":\"Desire\",\"url\":\"https:\/\/desireonline.shop\/vi\/\",\"logo\":{\"@type\":\"ImageObject\",\"inLanguage\":\"vi\",\"@id\":\"https:\/\/desireonline.shop\/vi\/#\/schema\/logo\/image\/\",\"url\":\"https:\/\/desireonline.shop\/wp-content\/uploads\/2024\/06\/Logo-Thick-Font-1.webp\",\"contentUrl\":\"https:\/\/desireonline.shop\/wp-content\/uploads\/2024\/06\/Logo-Thick-Font-1.webp\",\"width\":268,\"height\":399,\"caption\":\"Desire\"},\"image\":{\"@id\":\"https:\/\/desireonline.shop\/vi\/#\/schema\/logo\/image\/\"}}]}<\/script>\n<!-- \/ Yoast SEO plugin. -->","yoast_head_json":{"title":"Sins Inquisition Double Thorn B\u00e1nh xe k\u00edch th\u00edch c\u1ea7m tay - Desire","robots":{"index":"index","follow":"follow","max-snippet":"max-snippet:-1","max-image-preview":"max-image-preview:large","max-video-preview":"max-video-preview:-1"},"canonical":"https:\/\/desireonline.shop\/vi\/san-pham\/sins-inquisition-double-thorn-banh-xe-kich-thich-cam-tay\/","og_locale":"vi_VN","og_type":"article","og_title":"Sins Inquisition Double Thorn B\u00e1nh xe k\u00edch th\u00edch c\u1ea7m tay - Desire","og_description":"\u0110\u01b0\u1ee3c thi\u1ebft k\u1ebf cho k\u00edch th\u00edch c\u1ea3m gi\u00e1c c\u00f3 ki\u1ec3m so\u00e1t, b\u00e1nh xe k\u00edch th\u00edch c\u1ea7m tay n\u00e0y c\u00f3 c\u00e1c con l\u0103n gai nh\u1ecdn t\u1ea1o ra c\u1ea3m gi\u00e1c r\u00f5 r\u1ec7t&hellip;","og_url":"https:\/\/desireonline.shop\/vi\/san-pham\/sins-inquisition-double-thorn-banh-xe-kich-thich-cam-tay\/","og_site_name":"Desire","article_modified_time":"2026-03-10T05:30:16+00:00","og_image":[{"width":1000,"height":1000,"url":"https:\/\/desireonline.shop\/wp-content\/uploads\/2026\/02\/CN-867330812_00.jpg","type":"image\/jpeg"}],"twitter_card":"summary_large_image","twitter_misc":{"\u01af\u1edbc t\u00ednh th\u1eddi gian \u0111\u1ecdc":"1 ph\u00fat"},"schema":{"@context":"https:\/\/schema.org","@graph":[{"@type":"WebPage","@id":"https:\/\/desireonline.shop\/vi\/san-pham\/sins-inquisition-double-thorn-banh-xe-kich-thich-cam-tay\/","url":"https:\/\/desireonline.shop\/vi\/san-pham\/sins-inquisition-double-thorn-banh-xe-kich-thich-cam-tay\/","name":"Sins Inquisition Double Thorn B\u00e1nh xe k\u00edch th\u00edch c\u1ea7m tay - Desire","isPartOf":{"@id":"https:\/\/desireonline.shop\/vi\/#website"},"primaryImageOfPage":{"@id":"https:\/\/desireonline.shop\/vi\/san-pham\/sins-inquisition-double-thorn-banh-xe-kich-thich-cam-tay\/#primaryimage"},"image":{"@id":"https:\/\/desireonline.shop\/vi\/san-pham\/sins-inquisition-double-thorn-banh-xe-kich-thich-cam-tay\/#primaryimage"},"thumbnailUrl":"https:\/\/desireonline.shop\/wp-content\/uploads\/2026\/02\/CN-867330812_00.jpg","datePublished":"2026-02-16T11:01:00+00:00","dateModified":"2026-03-10T05:30:16+00:00","breadcrumb":{"@id":"https:\/\/desireonline.shop\/vi\/san-pham\/sins-inquisition-double-thorn-banh-xe-kich-thich-cam-tay\/#breadcrumb"},"inLanguage":"vi","potentialAction":[{"@type":"ReadAction","target":["https:\/\/desireonline.shop\/vi\/san-pham\/sins-inquisition-double-thorn-banh-xe-kich-thich-cam-tay\/"]}]},{"@type":"ImageObject","inLanguage":"vi","@id":"https:\/\/desireonline.shop\/vi\/san-pham\/sins-inquisition-double-thorn-banh-xe-kich-thich-cam-tay\/#primaryimage","url":"https:\/\/desireonline.shop\/wp-content\/uploads\/2026\/02\/CN-867330812_00.jpg","contentUrl":"https:\/\/desireonline.shop\/wp-content\/uploads\/2026\/02\/CN-867330812_00.jpg","width":1000,"height":1000},{"@type":"BreadcrumbList","@id":"https:\/\/desireonline.shop\/vi\/san-pham\/sins-inquisition-double-thorn-banh-xe-kich-thich-cam-tay\/#breadcrumb","itemListElement":[{"@type":"ListItem","position":1,"name":"Home","item":"https:\/\/desireonline.shop\/vi\/trang-chu\/?lang=vi"},{"@type":"ListItem","position":2,"name":"T\u1ea5t c\u1ea3 s\u1ea3n ph\u1ea9m","item":"https:\/\/desireonline.shop\/cua-hang\/?lang=vi"},{"@type":"ListItem","position":3,"name":"Sins Inquisition Double Thorn B\u00e1nh xe k\u00edch th\u00edch c\u1ea7m tay"}]},{"@type":"WebSite","@id":"https:\/\/desireonline.shop\/vi\/#website","url":"https:\/\/desireonline.shop\/vi\/","name":"Desire","description":"Sexual Wellness Platform","publisher":{"@id":"https:\/\/desireonline.shop\/vi\/#organization"},"potentialAction":[{"@type":"SearchAction","target":{"@type":"EntryPoint","urlTemplate":"https:\/\/desireonline.shop\/vi\/?s={search_term_string}"},"query-input":{"@type":"PropertyValueSpecification","valueRequired":true,"valueName":"search_term_string"}}],"inLanguage":"vi"},{"@type":"Organization","@id":"https:\/\/desireonline.shop\/vi\/#organization","name":"Desire","url":"https:\/\/desireonline.shop\/vi\/","logo":{"@type":"ImageObject","inLanguage":"vi","@id":"https:\/\/desireonline.shop\/vi\/#\/schema\/logo\/image\/","url":"https:\/\/desireonline.shop\/wp-content\/uploads\/2024\/06\/Logo-Thick-Font-1.webp","contentUrl":"https:\/\/desireonline.shop\/wp-content\/uploads\/2024\/06\/Logo-Thick-Font-1.webp","width":268,"height":399,"caption":"Desire"},"image":{"@id":"https:\/\/desireonline.shop\/vi\/#\/schema\/logo\/image\/"}}]}},"_links":{"self":[{"href":"https:\/\/desireonline.shop\/vi\/wp-json\/wp\/v2\/product\/67980","targetHints":{"allow":["GET"]}}],"collection":[{"href":"https:\/\/desireonline.shop\/vi\/wp-json\/wp\/v2\/product"}],"about":[{"href":"https:\/\/desireonline.shop\/vi\/wp-json\/wp\/v2\/types\/product"}],"replies":[{"embeddable":true,"href":"https:\/\/desireonline.shop\/vi\/wp-json\/wp\/v2\/comments?post=67980"}],"version-history":[{"count":0,"href":"https:\/\/desireonline.shop\/vi\/wp-json\/wp\/v2\/product\/67980\/revisions"}],"wp:featuredmedia":[{"embeddable":true,"href":"https:\/\/desireonline.shop\/vi\/wp-json\/wp\/v2\/media\/61799"}],"wp:attachment":[{"href":"https:\/\/desireonline.shop\/vi\/wp-json\/wp\/v2\/media?parent=67980"}],"wp:term":[{"taxonomy":"product_brand","embeddable":true,"href":"https:\/\/desireonline.shop\/vi\/wp-json\/wp\/v2\/product_brand?post=67980"},{"taxonomy":"product_cat","embeddable":true,"href":"https:\/\/desireonline.shop\/vi\/wp-json\/wp\/v2\/product_cat?post=67980"},{"taxonomy":"product_tag","embeddable":true,"href":"https:\/\/desireonline.shop\/vi\/wp-json\/wp\/v2\/product_tag?post=67980"}],"curies":[{"name":"wp","href":"https:\/\/api.w.org\/{rel}","templated":true}]}}