{"id":68000,"date":"2026-02-16T11:01:00","date_gmt":"2026-02-16T11:01:00","guid":{"rendered":"https:\/\/desireonline.shop\/product\/sins-inquisition-banh-xe-kich-thich-prickly-5-banh-xe\/"},"modified":"2026-03-13T02:28:16","modified_gmt":"2026-03-13T02:28:16","slug":"sins-inquisition-banh-xe-kich-thich-prickly-5-banh-xe","status":"publish","type":"product","link":"https:\/\/desireonline.shop\/vi\/san-pham\/sins-inquisition-banh-xe-kich-thich-prickly-5-banh-xe\/","title":{"rendered":"Sins Inquisition B\u00e1nh xe k\u00edch th\u00edch Prickly 5 b\u00e1nh xe"},"content":{"rendered":"<p>\u0110\u01b0\u1ee3c thi\u1ebft k\u1ebf cho tr\u1ea3i nghi\u1ec7m c\u1ea3m gi\u00e1c c\u00f3 ki\u1ec3m so\u00e1t, b\u00e1nh xe k\u00edch th\u00edch n\u00e0y c\u00f3 n\u0103m b\u00e1nh xe xoay t\u1ea1o ra c\u1ea3m gi\u00e1c s\u1eafc n\u00e9t v\u00e0 k\u00edch th\u00edch khi l\u0103n tr\u00ean da. B\u1eb1ng c\u00e1ch \u0111i\u1ec1u ch\u1ec9nh \u00e1p l\u1ef1c, b\u1ea1n ho\u00e0n to\u00e0n ki\u1ec3m so\u00e1t \u0111\u01b0\u1ee3c c\u01b0\u1eddng \u0111\u1ed9, t\u1eeb nh\u1eefng c\u00fa ch\u1ea1m tr\u00eau \u0111\u00f9a nh\u1eb9 nh\u00e0ng \u0111\u1ebfn k\u00edch th\u00edch r\u00f5 r\u1ec7t h\u01a1n.<\/p>\n<p>Ho\u00e0n h\u1ea3o \u0111\u1ec3 t\u0103ng c\u01b0\u1eddng nh\u1eadn th\u1ee9c v\u00e0 s\u1ef1 mong \u0111\u1ee3i, s\u1ea3n ph\u1ea9m \u0111\u1eb7c bi\u1ec7t hi\u1ec7u qu\u1ea3 khi k\u1ebft h\u1ee3p v\u1edbi r\u00e0ng bu\u1ed9c ho\u1eb7c c\u00e1c ph\u1ee5 ki\u1ec7n bondage. M\u1ed9t c\u00f4ng c\u1ee5 linh ho\u1ea1t cho nh\u1eefng ai th\u00edch kh\u00e1m ph\u00e1 c\u1ea3m gi\u00e1c th\u00f4ng qua x\u00fac gi\u00e1c v\u00e0 s\u1ef1 t\u01b0\u01a1ng ph\u1ea3n.<\/p>\n","protected":false},"excerpt":{"rendered":"<p>\u0110\u01b0\u1ee3c thi\u1ebft k\u1ebf cho tr\u1ea3i nghi\u1ec7m c\u1ea3m gi\u00e1c c\u00f3 ki\u1ec3m so\u00e1t, b\u00e1nh xe k\u00edch th\u00edch n\u00e0y c\u00f3 n\u0103m b\u00e1nh xe xoay t\u1ea1o ra c\u1ea3m gi\u00e1c s\u1eafc n\u00e9t v\u00e0 k\u00edch th\u00edch&hellip;<\/p>\n","protected":false},"featured_media":61780,"comment_status":"open","ping_status":"closed","template":"","meta":{"_acf_changed":false},"product_brand":[],"product_cat":[1358,1349],"product_tag":[],"class_list":{"0":"post-68000","1":"product","2":"type-product","3":"status-publish","4":"has-post-thumbnail","6":"product_cat-banh-xe-kich-thich","7":"product_cat-bo-bondage-cho-nguoi-moi","9":"first","10":"instock","11":"shipping-taxable","12":"purchasable","13":"product-type-simple"},"acf":[],"yoast_head":"<!-- This site is optimized with the Yoast SEO plugin v27.1.1 - https:\/\/yoast.com\/product\/yoast-seo-wordpress\/ -->\n<title>Sins Inquisition B\u00e1nh xe k\u00edch th\u00edch Prickly 5 b\u00e1nh xe - Desire<\/title>\n<meta name=\"robots\" content=\"index, follow, max-snippet:-1, max-image-preview:large, max-video-preview:-1\" \/>\n<link rel=\"canonical\" href=\"https:\/\/desireonline.shop\/vi\/san-pham\/sins-inquisition-banh-xe-kich-thich-prickly-5-banh-xe\/\" \/>\n<meta property=\"og:locale\" content=\"vi_VN\" \/>\n<meta property=\"og:type\" content=\"article\" \/>\n<meta property=\"og:title\" content=\"Sins Inquisition B\u00e1nh xe k\u00edch th\u00edch Prickly 5 b\u00e1nh xe - Desire\" \/>\n<meta property=\"og:description\" content=\"\u0110\u01b0\u1ee3c thi\u1ebft k\u1ebf cho tr\u1ea3i nghi\u1ec7m c\u1ea3m gi\u00e1c c\u00f3 ki\u1ec3m so\u00e1t, b\u00e1nh xe k\u00edch th\u00edch n\u00e0y c\u00f3 n\u0103m b\u00e1nh xe xoay t\u1ea1o ra c\u1ea3m gi\u00e1c s\u1eafc n\u00e9t v\u00e0 k\u00edch th\u00edch&hellip;\" \/>\n<meta property=\"og:url\" content=\"https:\/\/desireonline.shop\/vi\/san-pham\/sins-inquisition-banh-xe-kich-thich-prickly-5-banh-xe\/\" \/>\n<meta property=\"og:site_name\" content=\"Desire\" \/>\n<meta property=\"article:modified_time\" content=\"2026-03-13T02:28:16+00:00\" \/>\n<meta property=\"og:image\" content=\"https:\/\/desireonline.shop\/wp-content\/uploads\/2026\/02\/CN-867330862_00.jpg\" \/>\n\t<meta property=\"og:image:width\" content=\"1000\" \/>\n\t<meta property=\"og:image:height\" content=\"1000\" \/>\n\t<meta property=\"og:image:type\" content=\"image\/jpeg\" \/>\n<meta name=\"twitter:card\" content=\"summary_large_image\" \/>\n<meta name=\"twitter:label1\" content=\"\u01af\u1edbc t\u00ednh th\u1eddi gian \u0111\u1ecdc\" \/>\n\t<meta name=\"twitter:data1\" content=\"1 ph\u00fat\" \/>\n<script type=\"application\/ld+json\" class=\"yoast-schema-graph\">{\"@context\":\"https:\/\/schema.org\",\"@graph\":[{\"@type\":\"WebPage\",\"@id\":\"https:\/\/desireonline.shop\/vi\/san-pham\/sins-inquisition-banh-xe-kich-thich-prickly-5-banh-xe\/\",\"url\":\"https:\/\/desireonline.shop\/vi\/san-pham\/sins-inquisition-banh-xe-kich-thich-prickly-5-banh-xe\/\",\"name\":\"Sins Inquisition B\u00e1nh xe k\u00edch th\u00edch Prickly 5 b\u00e1nh xe - Desire\",\"isPartOf\":{\"@id\":\"https:\/\/desireonline.shop\/vi\/#website\"},\"primaryImageOfPage\":{\"@id\":\"https:\/\/desireonline.shop\/vi\/san-pham\/sins-inquisition-banh-xe-kich-thich-prickly-5-banh-xe\/#primaryimage\"},\"image\":{\"@id\":\"https:\/\/desireonline.shop\/vi\/san-pham\/sins-inquisition-banh-xe-kich-thich-prickly-5-banh-xe\/#primaryimage\"},\"thumbnailUrl\":\"https:\/\/desireonline.shop\/wp-content\/uploads\/2026\/02\/CN-867330862_00.jpg\",\"datePublished\":\"2026-02-16T11:01:00+00:00\",\"dateModified\":\"2026-03-13T02:28:16+00:00\",\"breadcrumb\":{\"@id\":\"https:\/\/desireonline.shop\/vi\/san-pham\/sins-inquisition-banh-xe-kich-thich-prickly-5-banh-xe\/#breadcrumb\"},\"inLanguage\":\"vi\",\"potentialAction\":[{\"@type\":\"ReadAction\",\"target\":[\"https:\/\/desireonline.shop\/vi\/san-pham\/sins-inquisition-banh-xe-kich-thich-prickly-5-banh-xe\/\"]}]},{\"@type\":\"ImageObject\",\"inLanguage\":\"vi\",\"@id\":\"https:\/\/desireonline.shop\/vi\/san-pham\/sins-inquisition-banh-xe-kich-thich-prickly-5-banh-xe\/#primaryimage\",\"url\":\"https:\/\/desireonline.shop\/wp-content\/uploads\/2026\/02\/CN-867330862_00.jpg\",\"contentUrl\":\"https:\/\/desireonline.shop\/wp-content\/uploads\/2026\/02\/CN-867330862_00.jpg\",\"width\":1000,\"height\":1000},{\"@type\":\"BreadcrumbList\",\"@id\":\"https:\/\/desireonline.shop\/vi\/san-pham\/sins-inquisition-banh-xe-kich-thich-prickly-5-banh-xe\/#breadcrumb\",\"itemListElement\":[{\"@type\":\"ListItem\",\"position\":1,\"name\":\"Home\",\"item\":\"https:\/\/desireonline.shop\/vi\/trang-chu\/?lang=vi\"},{\"@type\":\"ListItem\",\"position\":2,\"name\":\"T\u1ea5t c\u1ea3 s\u1ea3n ph\u1ea9m\",\"item\":\"https:\/\/desireonline.shop\/cua-hang\/?lang=vi\"},{\"@type\":\"ListItem\",\"position\":3,\"name\":\"Sins Inquisition B\u00e1nh xe k\u00edch th\u00edch Prickly 5 b\u00e1nh xe\"}]},{\"@type\":\"WebSite\",\"@id\":\"https:\/\/desireonline.shop\/vi\/#website\",\"url\":\"https:\/\/desireonline.shop\/vi\/\",\"name\":\"Desire\",\"description\":\"Sexual Wellness Platform\",\"publisher\":{\"@id\":\"https:\/\/desireonline.shop\/vi\/#organization\"},\"potentialAction\":[{\"@type\":\"SearchAction\",\"target\":{\"@type\":\"EntryPoint\",\"urlTemplate\":\"https:\/\/desireonline.shop\/vi\/?s={search_term_string}\"},\"query-input\":{\"@type\":\"PropertyValueSpecification\",\"valueRequired\":true,\"valueName\":\"search_term_string\"}}],\"inLanguage\":\"vi\"},{\"@type\":\"Organization\",\"@id\":\"https:\/\/desireonline.shop\/vi\/#organization\",\"name\":\"Desire\",\"url\":\"https:\/\/desireonline.shop\/vi\/\",\"logo\":{\"@type\":\"ImageObject\",\"inLanguage\":\"vi\",\"@id\":\"https:\/\/desireonline.shop\/vi\/#\/schema\/logo\/image\/\",\"url\":\"https:\/\/desireonline.shop\/wp-content\/uploads\/2024\/06\/Logo-Thick-Font-1.webp\",\"contentUrl\":\"https:\/\/desireonline.shop\/wp-content\/uploads\/2024\/06\/Logo-Thick-Font-1.webp\",\"width\":268,\"height\":399,\"caption\":\"Desire\"},\"image\":{\"@id\":\"https:\/\/desireonline.shop\/vi\/#\/schema\/logo\/image\/\"}}]}<\/script>\n<!-- \/ Yoast SEO plugin. -->","yoast_head_json":{"title":"Sins Inquisition B\u00e1nh xe k\u00edch th\u00edch Prickly 5 b\u00e1nh xe - Desire","robots":{"index":"index","follow":"follow","max-snippet":"max-snippet:-1","max-image-preview":"max-image-preview:large","max-video-preview":"max-video-preview:-1"},"canonical":"https:\/\/desireonline.shop\/vi\/san-pham\/sins-inquisition-banh-xe-kich-thich-prickly-5-banh-xe\/","og_locale":"vi_VN","og_type":"article","og_title":"Sins Inquisition B\u00e1nh xe k\u00edch th\u00edch Prickly 5 b\u00e1nh xe - Desire","og_description":"\u0110\u01b0\u1ee3c thi\u1ebft k\u1ebf cho tr\u1ea3i nghi\u1ec7m c\u1ea3m gi\u00e1c c\u00f3 ki\u1ec3m so\u00e1t, b\u00e1nh xe k\u00edch th\u00edch n\u00e0y c\u00f3 n\u0103m b\u00e1nh xe xoay t\u1ea1o ra c\u1ea3m gi\u00e1c s\u1eafc n\u00e9t v\u00e0 k\u00edch th\u00edch&hellip;","og_url":"https:\/\/desireonline.shop\/vi\/san-pham\/sins-inquisition-banh-xe-kich-thich-prickly-5-banh-xe\/","og_site_name":"Desire","article_modified_time":"2026-03-13T02:28:16+00:00","og_image":[{"width":1000,"height":1000,"url":"https:\/\/desireonline.shop\/wp-content\/uploads\/2026\/02\/CN-867330862_00.jpg","type":"image\/jpeg"}],"twitter_card":"summary_large_image","twitter_misc":{"\u01af\u1edbc t\u00ednh th\u1eddi gian \u0111\u1ecdc":"1 ph\u00fat"},"schema":{"@context":"https:\/\/schema.org","@graph":[{"@type":"WebPage","@id":"https:\/\/desireonline.shop\/vi\/san-pham\/sins-inquisition-banh-xe-kich-thich-prickly-5-banh-xe\/","url":"https:\/\/desireonline.shop\/vi\/san-pham\/sins-inquisition-banh-xe-kich-thich-prickly-5-banh-xe\/","name":"Sins Inquisition B\u00e1nh xe k\u00edch th\u00edch Prickly 5 b\u00e1nh xe - Desire","isPartOf":{"@id":"https:\/\/desireonline.shop\/vi\/#website"},"primaryImageOfPage":{"@id":"https:\/\/desireonline.shop\/vi\/san-pham\/sins-inquisition-banh-xe-kich-thich-prickly-5-banh-xe\/#primaryimage"},"image":{"@id":"https:\/\/desireonline.shop\/vi\/san-pham\/sins-inquisition-banh-xe-kich-thich-prickly-5-banh-xe\/#primaryimage"},"thumbnailUrl":"https:\/\/desireonline.shop\/wp-content\/uploads\/2026\/02\/CN-867330862_00.jpg","datePublished":"2026-02-16T11:01:00+00:00","dateModified":"2026-03-13T02:28:16+00:00","breadcrumb":{"@id":"https:\/\/desireonline.shop\/vi\/san-pham\/sins-inquisition-banh-xe-kich-thich-prickly-5-banh-xe\/#breadcrumb"},"inLanguage":"vi","potentialAction":[{"@type":"ReadAction","target":["https:\/\/desireonline.shop\/vi\/san-pham\/sins-inquisition-banh-xe-kich-thich-prickly-5-banh-xe\/"]}]},{"@type":"ImageObject","inLanguage":"vi","@id":"https:\/\/desireonline.shop\/vi\/san-pham\/sins-inquisition-banh-xe-kich-thich-prickly-5-banh-xe\/#primaryimage","url":"https:\/\/desireonline.shop\/wp-content\/uploads\/2026\/02\/CN-867330862_00.jpg","contentUrl":"https:\/\/desireonline.shop\/wp-content\/uploads\/2026\/02\/CN-867330862_00.jpg","width":1000,"height":1000},{"@type":"BreadcrumbList","@id":"https:\/\/desireonline.shop\/vi\/san-pham\/sins-inquisition-banh-xe-kich-thich-prickly-5-banh-xe\/#breadcrumb","itemListElement":[{"@type":"ListItem","position":1,"name":"Home","item":"https:\/\/desireonline.shop\/vi\/trang-chu\/?lang=vi"},{"@type":"ListItem","position":2,"name":"T\u1ea5t c\u1ea3 s\u1ea3n ph\u1ea9m","item":"https:\/\/desireonline.shop\/cua-hang\/?lang=vi"},{"@type":"ListItem","position":3,"name":"Sins Inquisition B\u00e1nh xe k\u00edch th\u00edch Prickly 5 b\u00e1nh xe"}]},{"@type":"WebSite","@id":"https:\/\/desireonline.shop\/vi\/#website","url":"https:\/\/desireonline.shop\/vi\/","name":"Desire","description":"Sexual Wellness Platform","publisher":{"@id":"https:\/\/desireonline.shop\/vi\/#organization"},"potentialAction":[{"@type":"SearchAction","target":{"@type":"EntryPoint","urlTemplate":"https:\/\/desireonline.shop\/vi\/?s={search_term_string}"},"query-input":{"@type":"PropertyValueSpecification","valueRequired":true,"valueName":"search_term_string"}}],"inLanguage":"vi"},{"@type":"Organization","@id":"https:\/\/desireonline.shop\/vi\/#organization","name":"Desire","url":"https:\/\/desireonline.shop\/vi\/","logo":{"@type":"ImageObject","inLanguage":"vi","@id":"https:\/\/desireonline.shop\/vi\/#\/schema\/logo\/image\/","url":"https:\/\/desireonline.shop\/wp-content\/uploads\/2024\/06\/Logo-Thick-Font-1.webp","contentUrl":"https:\/\/desireonline.shop\/wp-content\/uploads\/2024\/06\/Logo-Thick-Font-1.webp","width":268,"height":399,"caption":"Desire"},"image":{"@id":"https:\/\/desireonline.shop\/vi\/#\/schema\/logo\/image\/"}}]}},"_links":{"self":[{"href":"https:\/\/desireonline.shop\/vi\/wp-json\/wp\/v2\/product\/68000","targetHints":{"allow":["GET"]}}],"collection":[{"href":"https:\/\/desireonline.shop\/vi\/wp-json\/wp\/v2\/product"}],"about":[{"href":"https:\/\/desireonline.shop\/vi\/wp-json\/wp\/v2\/types\/product"}],"replies":[{"embeddable":true,"href":"https:\/\/desireonline.shop\/vi\/wp-json\/wp\/v2\/comments?post=68000"}],"version-history":[{"count":0,"href":"https:\/\/desireonline.shop\/vi\/wp-json\/wp\/v2\/product\/68000\/revisions"}],"wp:featuredmedia":[{"embeddable":true,"href":"https:\/\/desireonline.shop\/vi\/wp-json\/wp\/v2\/media\/61780"}],"wp:attachment":[{"href":"https:\/\/desireonline.shop\/vi\/wp-json\/wp\/v2\/media?parent=68000"}],"wp:term":[{"taxonomy":"product_brand","embeddable":true,"href":"https:\/\/desireonline.shop\/vi\/wp-json\/wp\/v2\/product_brand?post=68000"},{"taxonomy":"product_cat","embeddable":true,"href":"https:\/\/desireonline.shop\/vi\/wp-json\/wp\/v2\/product_cat?post=68000"},{"taxonomy":"product_tag","embeddable":true,"href":"https:\/\/desireonline.shop\/vi\/wp-json\/wp\/v2\/product_tag?post=68000"}],"curies":[{"name":"wp","href":"https:\/\/api.w.org\/{rel}","templated":true}]}}