{"id":68009,"date":"2026-02-16T11:01:00","date_gmt":"2026-02-16T11:01:00","guid":{"rendered":"https:\/\/desireonline.shop\/product\/sins-inquisition-4-point-kep-num-vu\/"},"modified":"2026-03-10T05:30:00","modified_gmt":"2026-03-10T05:30:00","slug":"sins-inquisition-4-point-kep-num-vu","status":"publish","type":"product","link":"https:\/\/desireonline.shop\/vi\/san-pham\/sins-inquisition-4-point-kep-num-vu\/","title":{"rendered":"Sins Inquisition 4-Point K\u1eb9p n\u00fam v\u00fa"},"content":{"rendered":"<p>\u0110\u01b0\u1ee3c thi\u1ebft k\u1ebf \u0111\u1ec3 mang l\u1ea1i c\u1ea3m gi\u00e1c r\u1ea3nh tay m\u1ea1nh m\u1ebd h\u01a1n, k\u1eb9p n\u00fam v\u00fa b\u1ed1n \u0111i\u1ec3m n\u00e0y t\u1ea1o ra k\u00edch th\u00edch tr\u00ean nhi\u1ec1u \u0111i\u1ec3m ti\u1ebfp x\u00fac c\u00f9ng l\u00fac. K\u1ebft qu\u1ea3 l\u00e0 c\u1ea3m gi\u00e1c \u0111\u1ea7y \u0111\u1eb7n v\u00e0 cu\u1ed1n h\u00fat h\u01a1n, gi\u00fap t\u0103ng c\u01b0\u1eddng nh\u1eadn th\u1ee9c v\u00e0 \u0111\u1ed9 nh\u1ea1y c\u1ea3m.<\/p>\n<p>C\u00f3 th\u1ec3 \u0111i\u1ec1u ch\u1ec9nh ho\u00e0n to\u00e0n v\u00e0 kh\u00f4ng xuy\u00ean da, s\u1ea3n ph\u1ea9m cho ph\u00e9p b\u1ea1n d\u1ec5 d\u00e0ng ki\u1ec3m so\u00e1t \u00e1p l\u1ef1c v\u00e0 c\u01b0\u1eddng \u0111\u1ed9. M\u1ed9t l\u1ef1a ch\u1ecdn tuy\u1ec7t v\u1eddi cho nh\u1eefng ai mu\u1ed1n kh\u00e1m ph\u00e1 c\u1ea3m gi\u00e1c m\u1ea1nh h\u01a1n trong khi v\u1eabn gi\u1eef s\u1ef1 tho\u1ea3i m\u00e1i v\u00e0 kh\u1ea3 n\u0103ng ki\u1ec3m so\u00e1t.<\/p>\n","protected":false},"excerpt":{"rendered":"<p>\u0110\u01b0\u1ee3c thi\u1ebft k\u1ebf \u0111\u1ec3 mang l\u1ea1i c\u1ea3m gi\u00e1c r\u1ea3nh tay m\u1ea1nh m\u1ebd h\u01a1n, k\u1eb9p n\u00fam v\u00fa b\u1ed1n \u0111i\u1ec3m n\u00e0y t\u1ea1o ra k\u00edch th\u00edch tr\u00ean nhi\u1ec1u \u0111i\u1ec3m ti\u1ebfp x\u00fac c\u00f9ng l\u00fac.&hellip;<\/p>\n","protected":false},"featured_media":61771,"comment_status":"open","ping_status":"closed","template":"","meta":{"_acf_changed":false},"product_brand":[],"product_cat":[1357],"product_tag":[],"class_list":{"0":"post-68009","1":"product","2":"type-product","3":"status-publish","4":"has-post-thumbnail","6":"product_cat-dung-cu-kep-nhay-cam","8":"first","9":"instock","10":"shipping-taxable","11":"purchasable","12":"product-type-simple"},"acf":[],"yoast_head":"<!-- This site is optimized with the Yoast SEO plugin v27.1.1 - https:\/\/yoast.com\/product\/yoast-seo-wordpress\/ -->\n<title>Sins Inquisition 4-Point K\u1eb9p n\u00fam v\u00fa - Desire<\/title>\n<meta name=\"robots\" content=\"index, follow, max-snippet:-1, max-image-preview:large, max-video-preview:-1\" \/>\n<link rel=\"canonical\" href=\"https:\/\/desireonline.shop\/vi\/san-pham\/sins-inquisition-4-point-kep-num-vu\/\" \/>\n<meta property=\"og:locale\" content=\"vi_VN\" \/>\n<meta property=\"og:type\" content=\"article\" \/>\n<meta property=\"og:title\" content=\"Sins Inquisition 4-Point K\u1eb9p n\u00fam v\u00fa - Desire\" \/>\n<meta property=\"og:description\" content=\"\u0110\u01b0\u1ee3c thi\u1ebft k\u1ebf \u0111\u1ec3 mang l\u1ea1i c\u1ea3m gi\u00e1c r\u1ea3nh tay m\u1ea1nh m\u1ebd h\u01a1n, k\u1eb9p n\u00fam v\u00fa b\u1ed1n \u0111i\u1ec3m n\u00e0y t\u1ea1o ra k\u00edch th\u00edch tr\u00ean nhi\u1ec1u \u0111i\u1ec3m ti\u1ebfp x\u00fac c\u00f9ng l\u00fac.&hellip;\" \/>\n<meta property=\"og:url\" content=\"https:\/\/desireonline.shop\/vi\/san-pham\/sins-inquisition-4-point-kep-num-vu\/\" \/>\n<meta property=\"og:site_name\" content=\"Desire\" \/>\n<meta property=\"article:modified_time\" content=\"2026-03-10T05:30:00+00:00\" \/>\n<meta property=\"og:image\" content=\"https:\/\/desireonline.shop\/wp-content\/uploads\/2026\/02\/CN-732432390_00.jpg\" \/>\n\t<meta property=\"og:image:width\" content=\"1000\" \/>\n\t<meta property=\"og:image:height\" content=\"1000\" \/>\n\t<meta property=\"og:image:type\" content=\"image\/jpeg\" \/>\n<meta name=\"twitter:card\" content=\"summary_large_image\" \/>\n<meta name=\"twitter:label1\" content=\"\u01af\u1edbc t\u00ednh th\u1eddi gian \u0111\u1ecdc\" \/>\n\t<meta name=\"twitter:data1\" content=\"1 ph\u00fat\" \/>\n<script type=\"application\/ld+json\" class=\"yoast-schema-graph\">{\"@context\":\"https:\/\/schema.org\",\"@graph\":[{\"@type\":\"WebPage\",\"@id\":\"https:\/\/desireonline.shop\/vi\/san-pham\/sins-inquisition-4-point-kep-num-vu\/\",\"url\":\"https:\/\/desireonline.shop\/vi\/san-pham\/sins-inquisition-4-point-kep-num-vu\/\",\"name\":\"Sins Inquisition 4-Point K\u1eb9p n\u00fam v\u00fa - Desire\",\"isPartOf\":{\"@id\":\"https:\/\/desireonline.shop\/vi\/#website\"},\"primaryImageOfPage\":{\"@id\":\"https:\/\/desireonline.shop\/vi\/san-pham\/sins-inquisition-4-point-kep-num-vu\/#primaryimage\"},\"image\":{\"@id\":\"https:\/\/desireonline.shop\/vi\/san-pham\/sins-inquisition-4-point-kep-num-vu\/#primaryimage\"},\"thumbnailUrl\":\"https:\/\/desireonline.shop\/wp-content\/uploads\/2026\/02\/CN-732432390_00.jpg\",\"datePublished\":\"2026-02-16T11:01:00+00:00\",\"dateModified\":\"2026-03-10T05:30:00+00:00\",\"breadcrumb\":{\"@id\":\"https:\/\/desireonline.shop\/vi\/san-pham\/sins-inquisition-4-point-kep-num-vu\/#breadcrumb\"},\"inLanguage\":\"vi\",\"potentialAction\":[{\"@type\":\"ReadAction\",\"target\":[\"https:\/\/desireonline.shop\/vi\/san-pham\/sins-inquisition-4-point-kep-num-vu\/\"]}]},{\"@type\":\"ImageObject\",\"inLanguage\":\"vi\",\"@id\":\"https:\/\/desireonline.shop\/vi\/san-pham\/sins-inquisition-4-point-kep-num-vu\/#primaryimage\",\"url\":\"https:\/\/desireonline.shop\/wp-content\/uploads\/2026\/02\/CN-732432390_00.jpg\",\"contentUrl\":\"https:\/\/desireonline.shop\/wp-content\/uploads\/2026\/02\/CN-732432390_00.jpg\",\"width\":1000,\"height\":1000},{\"@type\":\"BreadcrumbList\",\"@id\":\"https:\/\/desireonline.shop\/vi\/san-pham\/sins-inquisition-4-point-kep-num-vu\/#breadcrumb\",\"itemListElement\":[{\"@type\":\"ListItem\",\"position\":1,\"name\":\"Home\",\"item\":\"https:\/\/desireonline.shop\/vi\/trang-chu\/?lang=vi\"},{\"@type\":\"ListItem\",\"position\":2,\"name\":\"T\u1ea5t c\u1ea3 s\u1ea3n ph\u1ea9m\",\"item\":\"https:\/\/desireonline.shop\/cua-hang\/?lang=vi\"},{\"@type\":\"ListItem\",\"position\":3,\"name\":\"Sins Inquisition 4-Point K\u1eb9p n\u00fam v\u00fa\"}]},{\"@type\":\"WebSite\",\"@id\":\"https:\/\/desireonline.shop\/vi\/#website\",\"url\":\"https:\/\/desireonline.shop\/vi\/\",\"name\":\"Desire\",\"description\":\"Sexual Wellness Platform\",\"publisher\":{\"@id\":\"https:\/\/desireonline.shop\/vi\/#organization\"},\"potentialAction\":[{\"@type\":\"SearchAction\",\"target\":{\"@type\":\"EntryPoint\",\"urlTemplate\":\"https:\/\/desireonline.shop\/vi\/?s={search_term_string}\"},\"query-input\":{\"@type\":\"PropertyValueSpecification\",\"valueRequired\":true,\"valueName\":\"search_term_string\"}}],\"inLanguage\":\"vi\"},{\"@type\":\"Organization\",\"@id\":\"https:\/\/desireonline.shop\/vi\/#organization\",\"name\":\"Desire\",\"url\":\"https:\/\/desireonline.shop\/vi\/\",\"logo\":{\"@type\":\"ImageObject\",\"inLanguage\":\"vi\",\"@id\":\"https:\/\/desireonline.shop\/vi\/#\/schema\/logo\/image\/\",\"url\":\"https:\/\/desireonline.shop\/wp-content\/uploads\/2024\/06\/Logo-Thick-Font-1.webp\",\"contentUrl\":\"https:\/\/desireonline.shop\/wp-content\/uploads\/2024\/06\/Logo-Thick-Font-1.webp\",\"width\":268,\"height\":399,\"caption\":\"Desire\"},\"image\":{\"@id\":\"https:\/\/desireonline.shop\/vi\/#\/schema\/logo\/image\/\"}}]}<\/script>\n<!-- \/ Yoast SEO plugin. -->","yoast_head_json":{"title":"Sins Inquisition 4-Point K\u1eb9p n\u00fam v\u00fa - Desire","robots":{"index":"index","follow":"follow","max-snippet":"max-snippet:-1","max-image-preview":"max-image-preview:large","max-video-preview":"max-video-preview:-1"},"canonical":"https:\/\/desireonline.shop\/vi\/san-pham\/sins-inquisition-4-point-kep-num-vu\/","og_locale":"vi_VN","og_type":"article","og_title":"Sins Inquisition 4-Point K\u1eb9p n\u00fam v\u00fa - Desire","og_description":"\u0110\u01b0\u1ee3c thi\u1ebft k\u1ebf \u0111\u1ec3 mang l\u1ea1i c\u1ea3m gi\u00e1c r\u1ea3nh tay m\u1ea1nh m\u1ebd h\u01a1n, k\u1eb9p n\u00fam v\u00fa b\u1ed1n \u0111i\u1ec3m n\u00e0y t\u1ea1o ra k\u00edch th\u00edch tr\u00ean nhi\u1ec1u \u0111i\u1ec3m ti\u1ebfp x\u00fac c\u00f9ng l\u00fac.&hellip;","og_url":"https:\/\/desireonline.shop\/vi\/san-pham\/sins-inquisition-4-point-kep-num-vu\/","og_site_name":"Desire","article_modified_time":"2026-03-10T05:30:00+00:00","og_image":[{"width":1000,"height":1000,"url":"https:\/\/desireonline.shop\/wp-content\/uploads\/2026\/02\/CN-732432390_00.jpg","type":"image\/jpeg"}],"twitter_card":"summary_large_image","twitter_misc":{"\u01af\u1edbc t\u00ednh th\u1eddi gian \u0111\u1ecdc":"1 ph\u00fat"},"schema":{"@context":"https:\/\/schema.org","@graph":[{"@type":"WebPage","@id":"https:\/\/desireonline.shop\/vi\/san-pham\/sins-inquisition-4-point-kep-num-vu\/","url":"https:\/\/desireonline.shop\/vi\/san-pham\/sins-inquisition-4-point-kep-num-vu\/","name":"Sins Inquisition 4-Point K\u1eb9p n\u00fam v\u00fa - Desire","isPartOf":{"@id":"https:\/\/desireonline.shop\/vi\/#website"},"primaryImageOfPage":{"@id":"https:\/\/desireonline.shop\/vi\/san-pham\/sins-inquisition-4-point-kep-num-vu\/#primaryimage"},"image":{"@id":"https:\/\/desireonline.shop\/vi\/san-pham\/sins-inquisition-4-point-kep-num-vu\/#primaryimage"},"thumbnailUrl":"https:\/\/desireonline.shop\/wp-content\/uploads\/2026\/02\/CN-732432390_00.jpg","datePublished":"2026-02-16T11:01:00+00:00","dateModified":"2026-03-10T05:30:00+00:00","breadcrumb":{"@id":"https:\/\/desireonline.shop\/vi\/san-pham\/sins-inquisition-4-point-kep-num-vu\/#breadcrumb"},"inLanguage":"vi","potentialAction":[{"@type":"ReadAction","target":["https:\/\/desireonline.shop\/vi\/san-pham\/sins-inquisition-4-point-kep-num-vu\/"]}]},{"@type":"ImageObject","inLanguage":"vi","@id":"https:\/\/desireonline.shop\/vi\/san-pham\/sins-inquisition-4-point-kep-num-vu\/#primaryimage","url":"https:\/\/desireonline.shop\/wp-content\/uploads\/2026\/02\/CN-732432390_00.jpg","contentUrl":"https:\/\/desireonline.shop\/wp-content\/uploads\/2026\/02\/CN-732432390_00.jpg","width":1000,"height":1000},{"@type":"BreadcrumbList","@id":"https:\/\/desireonline.shop\/vi\/san-pham\/sins-inquisition-4-point-kep-num-vu\/#breadcrumb","itemListElement":[{"@type":"ListItem","position":1,"name":"Home","item":"https:\/\/desireonline.shop\/vi\/trang-chu\/?lang=vi"},{"@type":"ListItem","position":2,"name":"T\u1ea5t c\u1ea3 s\u1ea3n ph\u1ea9m","item":"https:\/\/desireonline.shop\/cua-hang\/?lang=vi"},{"@type":"ListItem","position":3,"name":"Sins Inquisition 4-Point K\u1eb9p n\u00fam v\u00fa"}]},{"@type":"WebSite","@id":"https:\/\/desireonline.shop\/vi\/#website","url":"https:\/\/desireonline.shop\/vi\/","name":"Desire","description":"Sexual Wellness Platform","publisher":{"@id":"https:\/\/desireonline.shop\/vi\/#organization"},"potentialAction":[{"@type":"SearchAction","target":{"@type":"EntryPoint","urlTemplate":"https:\/\/desireonline.shop\/vi\/?s={search_term_string}"},"query-input":{"@type":"PropertyValueSpecification","valueRequired":true,"valueName":"search_term_string"}}],"inLanguage":"vi"},{"@type":"Organization","@id":"https:\/\/desireonline.shop\/vi\/#organization","name":"Desire","url":"https:\/\/desireonline.shop\/vi\/","logo":{"@type":"ImageObject","inLanguage":"vi","@id":"https:\/\/desireonline.shop\/vi\/#\/schema\/logo\/image\/","url":"https:\/\/desireonline.shop\/wp-content\/uploads\/2024\/06\/Logo-Thick-Font-1.webp","contentUrl":"https:\/\/desireonline.shop\/wp-content\/uploads\/2024\/06\/Logo-Thick-Font-1.webp","width":268,"height":399,"caption":"Desire"},"image":{"@id":"https:\/\/desireonline.shop\/vi\/#\/schema\/logo\/image\/"}}]}},"_links":{"self":[{"href":"https:\/\/desireonline.shop\/vi\/wp-json\/wp\/v2\/product\/68009","targetHints":{"allow":["GET"]}}],"collection":[{"href":"https:\/\/desireonline.shop\/vi\/wp-json\/wp\/v2\/product"}],"about":[{"href":"https:\/\/desireonline.shop\/vi\/wp-json\/wp\/v2\/types\/product"}],"replies":[{"embeddable":true,"href":"https:\/\/desireonline.shop\/vi\/wp-json\/wp\/v2\/comments?post=68009"}],"version-history":[{"count":0,"href":"https:\/\/desireonline.shop\/vi\/wp-json\/wp\/v2\/product\/68009\/revisions"}],"wp:featuredmedia":[{"embeddable":true,"href":"https:\/\/desireonline.shop\/vi\/wp-json\/wp\/v2\/media\/61771"}],"wp:attachment":[{"href":"https:\/\/desireonline.shop\/vi\/wp-json\/wp\/v2\/media?parent=68009"}],"wp:term":[{"taxonomy":"product_brand","embeddable":true,"href":"https:\/\/desireonline.shop\/vi\/wp-json\/wp\/v2\/product_brand?post=68009"},{"taxonomy":"product_cat","embeddable":true,"href":"https:\/\/desireonline.shop\/vi\/wp-json\/wp\/v2\/product_cat?post=68009"},{"taxonomy":"product_tag","embeddable":true,"href":"https:\/\/desireonline.shop\/vi\/wp-json\/wp\/v2\/product_tag?post=68009"}],"curies":[{"name":"wp","href":"https:\/\/api.w.org\/{rel}","templated":true}]}}