{"id":68018,"date":"2026-02-16T11:01:00","date_gmt":"2026-02-16T11:01:00","guid":{"rendered":"https:\/\/desireonline.shop\/product\/sins-inquisition-kep-num-vu-teeth-bite\/"},"modified":"2026-03-10T05:29:45","modified_gmt":"2026-03-10T05:29:45","slug":"sins-inquisition-kep-num-vu-teeth-bite","status":"publish","type":"product","link":"https:\/\/desireonline.shop\/vi\/san-pham\/sins-inquisition-kep-num-vu-teeth-bite\/","title":{"rendered":"Sins Inquisition K\u1eb9p n\u00fam v\u00fa Teeth Bite"},"content":{"rendered":"<p>\u0110\u01b0\u1ee3c thi\u1ebft k\u1ebf cho tr\u1ea3i nghi\u1ec7m kh\u00e1m ph\u00e1 r\u1ea3nh tay, k\u1eb9p n\u00fam v\u00fa c\u00f3 th\u1ec3 \u0111i\u1ec1u ch\u1ec9nh n\u00e0y c\u00f3 thi\u1ebft k\u1ebf d\u1ea1ng r\u0103ng gi\u00fap mang l\u1ea1i c\u1ea3m gi\u00e1c s\u1eafc n\u00e9t v\u00e0 t\u1eadp trung h\u01a1n. \u0110\u1ed9 c\u0103ng c\u00f3 th\u1ec3 \u0111i\u1ec1u ch\u1ec9nh cho ph\u00e9p b\u1ea1n tinh ch\u1ec9nh \u00e1p l\u1ef1c, gi\u00fap d\u1ec5 d\u00e0ng t\u00ecm \u0111\u01b0\u1ee3c s\u1ef1 c\u00e2n b\u1eb1ng gi\u1eefa s\u1ef1 tho\u1ea3i m\u00e1i v\u00e0 c\u01b0\u1eddng \u0111\u1ed9.<\/p>\n<p>Kh\u00f4ng xuy\u00ean da v\u00e0 d\u1ec5 \u0111eo, s\u1ea3n ph\u1ea9m l\u00fd t\u01b0\u1edfng cho k\u00edch th\u00edch k\u00e9o d\u00e0i v\u00e0 nh\u1eefng c\u00fa ch\u1ea1m tr\u00eau \u0111\u00f9a vui t\u01b0\u01a1i m\u00e0 kh\u00f4ng c\u1ea7n \u0111i\u1ec1u ch\u1ec9nh li\u00ean t\u1ee5c. M\u1ed9t l\u1ef1a ch\u1ecdn t\u1ef1 tin cho nh\u1eefng ai y\u00eau th\u00edch c\u1ea3m gi\u00e1c m\u1ea1nh m\u1ebd h\u01a1n v\u1edbi kh\u1ea3 n\u0103ng ki\u1ec3m so\u00e1t ho\u00e0n to\u00e0n.<\/p>\n","protected":false},"excerpt":{"rendered":"<p>\u0110\u01b0\u1ee3c thi\u1ebft k\u1ebf cho tr\u1ea3i nghi\u1ec7m kh\u00e1m ph\u00e1 r\u1ea3nh tay, k\u1eb9p n\u00fam v\u00fa c\u00f3 th\u1ec3 \u0111i\u1ec1u ch\u1ec9nh n\u00e0y c\u00f3 thi\u1ebft k\u1ebf d\u1ea1ng r\u0103ng gi\u00fap mang l\u1ea1i c\u1ea3m gi\u00e1c s\u1eafc n\u00e9t&hellip;<\/p>\n","protected":false},"featured_media":61762,"comment_status":"open","ping_status":"closed","template":"","meta":{"_acf_changed":false},"product_brand":[],"product_cat":[1357],"product_tag":[],"class_list":{"0":"post-68018","1":"product","2":"type-product","3":"status-publish","4":"has-post-thumbnail","6":"product_cat-dung-cu-kep-nhay-cam","8":"first","9":"instock","10":"shipping-taxable","11":"purchasable","12":"product-type-simple"},"acf":[],"yoast_head":"<!-- This site is optimized with the Yoast SEO plugin v27.1.1 - https:\/\/yoast.com\/product\/yoast-seo-wordpress\/ -->\n<title>Sins Inquisition K\u1eb9p n\u00fam v\u00fa Teeth Bite - Desire<\/title>\n<meta name=\"robots\" content=\"index, follow, max-snippet:-1, max-image-preview:large, max-video-preview:-1\" \/>\n<link rel=\"canonical\" href=\"https:\/\/desireonline.shop\/vi\/san-pham\/sins-inquisition-kep-num-vu-teeth-bite\/\" \/>\n<meta property=\"og:locale\" content=\"vi_VN\" \/>\n<meta property=\"og:type\" content=\"article\" \/>\n<meta property=\"og:title\" content=\"Sins Inquisition K\u1eb9p n\u00fam v\u00fa Teeth Bite - Desire\" \/>\n<meta property=\"og:description\" content=\"\u0110\u01b0\u1ee3c thi\u1ebft k\u1ebf cho tr\u1ea3i nghi\u1ec7m kh\u00e1m ph\u00e1 r\u1ea3nh tay, k\u1eb9p n\u00fam v\u00fa c\u00f3 th\u1ec3 \u0111i\u1ec1u ch\u1ec9nh n\u00e0y c\u00f3 thi\u1ebft k\u1ebf d\u1ea1ng r\u0103ng gi\u00fap mang l\u1ea1i c\u1ea3m gi\u00e1c s\u1eafc n\u00e9t&hellip;\" \/>\n<meta property=\"og:url\" content=\"https:\/\/desireonline.shop\/vi\/san-pham\/sins-inquisition-kep-num-vu-teeth-bite\/\" \/>\n<meta property=\"og:site_name\" content=\"Desire\" \/>\n<meta property=\"article:modified_time\" content=\"2026-03-10T05:29:45+00:00\" \/>\n<meta property=\"og:image\" content=\"https:\/\/desireonline.shop\/wp-content\/uploads\/2026\/02\/CN-732432370_00.jpg\" \/>\n\t<meta property=\"og:image:width\" content=\"1000\" \/>\n\t<meta property=\"og:image:height\" content=\"1000\" \/>\n\t<meta property=\"og:image:type\" content=\"image\/jpeg\" \/>\n<meta name=\"twitter:card\" content=\"summary_large_image\" \/>\n<meta name=\"twitter:label1\" content=\"\u01af\u1edbc t\u00ednh th\u1eddi gian \u0111\u1ecdc\" \/>\n\t<meta name=\"twitter:data1\" content=\"1 ph\u00fat\" \/>\n<script type=\"application\/ld+json\" class=\"yoast-schema-graph\">{\"@context\":\"https:\/\/schema.org\",\"@graph\":[{\"@type\":\"WebPage\",\"@id\":\"https:\/\/desireonline.shop\/vi\/san-pham\/sins-inquisition-kep-num-vu-teeth-bite\/\",\"url\":\"https:\/\/desireonline.shop\/vi\/san-pham\/sins-inquisition-kep-num-vu-teeth-bite\/\",\"name\":\"Sins Inquisition K\u1eb9p n\u00fam v\u00fa Teeth Bite - Desire\",\"isPartOf\":{\"@id\":\"https:\/\/desireonline.shop\/vi\/#website\"},\"primaryImageOfPage\":{\"@id\":\"https:\/\/desireonline.shop\/vi\/san-pham\/sins-inquisition-kep-num-vu-teeth-bite\/#primaryimage\"},\"image\":{\"@id\":\"https:\/\/desireonline.shop\/vi\/san-pham\/sins-inquisition-kep-num-vu-teeth-bite\/#primaryimage\"},\"thumbnailUrl\":\"https:\/\/desireonline.shop\/wp-content\/uploads\/2026\/02\/CN-732432370_00.jpg\",\"datePublished\":\"2026-02-16T11:01:00+00:00\",\"dateModified\":\"2026-03-10T05:29:45+00:00\",\"breadcrumb\":{\"@id\":\"https:\/\/desireonline.shop\/vi\/san-pham\/sins-inquisition-kep-num-vu-teeth-bite\/#breadcrumb\"},\"inLanguage\":\"vi\",\"potentialAction\":[{\"@type\":\"ReadAction\",\"target\":[\"https:\/\/desireonline.shop\/vi\/san-pham\/sins-inquisition-kep-num-vu-teeth-bite\/\"]}]},{\"@type\":\"ImageObject\",\"inLanguage\":\"vi\",\"@id\":\"https:\/\/desireonline.shop\/vi\/san-pham\/sins-inquisition-kep-num-vu-teeth-bite\/#primaryimage\",\"url\":\"https:\/\/desireonline.shop\/wp-content\/uploads\/2026\/02\/CN-732432370_00.jpg\",\"contentUrl\":\"https:\/\/desireonline.shop\/wp-content\/uploads\/2026\/02\/CN-732432370_00.jpg\",\"width\":1000,\"height\":1000},{\"@type\":\"BreadcrumbList\",\"@id\":\"https:\/\/desireonline.shop\/vi\/san-pham\/sins-inquisition-kep-num-vu-teeth-bite\/#breadcrumb\",\"itemListElement\":[{\"@type\":\"ListItem\",\"position\":1,\"name\":\"Home\",\"item\":\"https:\/\/desireonline.shop\/vi\/trang-chu\/?lang=vi\"},{\"@type\":\"ListItem\",\"position\":2,\"name\":\"T\u1ea5t c\u1ea3 s\u1ea3n ph\u1ea9m\",\"item\":\"https:\/\/desireonline.shop\/cua-hang\/?lang=vi\"},{\"@type\":\"ListItem\",\"position\":3,\"name\":\"Sins Inquisition K\u1eb9p n\u00fam v\u00fa Teeth Bite\"}]},{\"@type\":\"WebSite\",\"@id\":\"https:\/\/desireonline.shop\/vi\/#website\",\"url\":\"https:\/\/desireonline.shop\/vi\/\",\"name\":\"Desire\",\"description\":\"Sexual Wellness Platform\",\"publisher\":{\"@id\":\"https:\/\/desireonline.shop\/vi\/#organization\"},\"potentialAction\":[{\"@type\":\"SearchAction\",\"target\":{\"@type\":\"EntryPoint\",\"urlTemplate\":\"https:\/\/desireonline.shop\/vi\/?s={search_term_string}\"},\"query-input\":{\"@type\":\"PropertyValueSpecification\",\"valueRequired\":true,\"valueName\":\"search_term_string\"}}],\"inLanguage\":\"vi\"},{\"@type\":\"Organization\",\"@id\":\"https:\/\/desireonline.shop\/vi\/#organization\",\"name\":\"Desire\",\"url\":\"https:\/\/desireonline.shop\/vi\/\",\"logo\":{\"@type\":\"ImageObject\",\"inLanguage\":\"vi\",\"@id\":\"https:\/\/desireonline.shop\/vi\/#\/schema\/logo\/image\/\",\"url\":\"https:\/\/desireonline.shop\/wp-content\/uploads\/2024\/06\/Logo-Thick-Font-1.webp\",\"contentUrl\":\"https:\/\/desireonline.shop\/wp-content\/uploads\/2024\/06\/Logo-Thick-Font-1.webp\",\"width\":268,\"height\":399,\"caption\":\"Desire\"},\"image\":{\"@id\":\"https:\/\/desireonline.shop\/vi\/#\/schema\/logo\/image\/\"}}]}<\/script>\n<!-- \/ Yoast SEO plugin. -->","yoast_head_json":{"title":"Sins Inquisition K\u1eb9p n\u00fam v\u00fa Teeth Bite - Desire","robots":{"index":"index","follow":"follow","max-snippet":"max-snippet:-1","max-image-preview":"max-image-preview:large","max-video-preview":"max-video-preview:-1"},"canonical":"https:\/\/desireonline.shop\/vi\/san-pham\/sins-inquisition-kep-num-vu-teeth-bite\/","og_locale":"vi_VN","og_type":"article","og_title":"Sins Inquisition K\u1eb9p n\u00fam v\u00fa Teeth Bite - Desire","og_description":"\u0110\u01b0\u1ee3c thi\u1ebft k\u1ebf cho tr\u1ea3i nghi\u1ec7m kh\u00e1m ph\u00e1 r\u1ea3nh tay, k\u1eb9p n\u00fam v\u00fa c\u00f3 th\u1ec3 \u0111i\u1ec1u ch\u1ec9nh n\u00e0y c\u00f3 thi\u1ebft k\u1ebf d\u1ea1ng r\u0103ng gi\u00fap mang l\u1ea1i c\u1ea3m gi\u00e1c s\u1eafc n\u00e9t&hellip;","og_url":"https:\/\/desireonline.shop\/vi\/san-pham\/sins-inquisition-kep-num-vu-teeth-bite\/","og_site_name":"Desire","article_modified_time":"2026-03-10T05:29:45+00:00","og_image":[{"width":1000,"height":1000,"url":"https:\/\/desireonline.shop\/wp-content\/uploads\/2026\/02\/CN-732432370_00.jpg","type":"image\/jpeg"}],"twitter_card":"summary_large_image","twitter_misc":{"\u01af\u1edbc t\u00ednh th\u1eddi gian \u0111\u1ecdc":"1 ph\u00fat"},"schema":{"@context":"https:\/\/schema.org","@graph":[{"@type":"WebPage","@id":"https:\/\/desireonline.shop\/vi\/san-pham\/sins-inquisition-kep-num-vu-teeth-bite\/","url":"https:\/\/desireonline.shop\/vi\/san-pham\/sins-inquisition-kep-num-vu-teeth-bite\/","name":"Sins Inquisition K\u1eb9p n\u00fam v\u00fa Teeth Bite - Desire","isPartOf":{"@id":"https:\/\/desireonline.shop\/vi\/#website"},"primaryImageOfPage":{"@id":"https:\/\/desireonline.shop\/vi\/san-pham\/sins-inquisition-kep-num-vu-teeth-bite\/#primaryimage"},"image":{"@id":"https:\/\/desireonline.shop\/vi\/san-pham\/sins-inquisition-kep-num-vu-teeth-bite\/#primaryimage"},"thumbnailUrl":"https:\/\/desireonline.shop\/wp-content\/uploads\/2026\/02\/CN-732432370_00.jpg","datePublished":"2026-02-16T11:01:00+00:00","dateModified":"2026-03-10T05:29:45+00:00","breadcrumb":{"@id":"https:\/\/desireonline.shop\/vi\/san-pham\/sins-inquisition-kep-num-vu-teeth-bite\/#breadcrumb"},"inLanguage":"vi","potentialAction":[{"@type":"ReadAction","target":["https:\/\/desireonline.shop\/vi\/san-pham\/sins-inquisition-kep-num-vu-teeth-bite\/"]}]},{"@type":"ImageObject","inLanguage":"vi","@id":"https:\/\/desireonline.shop\/vi\/san-pham\/sins-inquisition-kep-num-vu-teeth-bite\/#primaryimage","url":"https:\/\/desireonline.shop\/wp-content\/uploads\/2026\/02\/CN-732432370_00.jpg","contentUrl":"https:\/\/desireonline.shop\/wp-content\/uploads\/2026\/02\/CN-732432370_00.jpg","width":1000,"height":1000},{"@type":"BreadcrumbList","@id":"https:\/\/desireonline.shop\/vi\/san-pham\/sins-inquisition-kep-num-vu-teeth-bite\/#breadcrumb","itemListElement":[{"@type":"ListItem","position":1,"name":"Home","item":"https:\/\/desireonline.shop\/vi\/trang-chu\/?lang=vi"},{"@type":"ListItem","position":2,"name":"T\u1ea5t c\u1ea3 s\u1ea3n ph\u1ea9m","item":"https:\/\/desireonline.shop\/cua-hang\/?lang=vi"},{"@type":"ListItem","position":3,"name":"Sins Inquisition K\u1eb9p n\u00fam v\u00fa Teeth Bite"}]},{"@type":"WebSite","@id":"https:\/\/desireonline.shop\/vi\/#website","url":"https:\/\/desireonline.shop\/vi\/","name":"Desire","description":"Sexual Wellness Platform","publisher":{"@id":"https:\/\/desireonline.shop\/vi\/#organization"},"potentialAction":[{"@type":"SearchAction","target":{"@type":"EntryPoint","urlTemplate":"https:\/\/desireonline.shop\/vi\/?s={search_term_string}"},"query-input":{"@type":"PropertyValueSpecification","valueRequired":true,"valueName":"search_term_string"}}],"inLanguage":"vi"},{"@type":"Organization","@id":"https:\/\/desireonline.shop\/vi\/#organization","name":"Desire","url":"https:\/\/desireonline.shop\/vi\/","logo":{"@type":"ImageObject","inLanguage":"vi","@id":"https:\/\/desireonline.shop\/vi\/#\/schema\/logo\/image\/","url":"https:\/\/desireonline.shop\/wp-content\/uploads\/2024\/06\/Logo-Thick-Font-1.webp","contentUrl":"https:\/\/desireonline.shop\/wp-content\/uploads\/2024\/06\/Logo-Thick-Font-1.webp","width":268,"height":399,"caption":"Desire"},"image":{"@id":"https:\/\/desireonline.shop\/vi\/#\/schema\/logo\/image\/"}}]}},"_links":{"self":[{"href":"https:\/\/desireonline.shop\/vi\/wp-json\/wp\/v2\/product\/68018","targetHints":{"allow":["GET"]}}],"collection":[{"href":"https:\/\/desireonline.shop\/vi\/wp-json\/wp\/v2\/product"}],"about":[{"href":"https:\/\/desireonline.shop\/vi\/wp-json\/wp\/v2\/types\/product"}],"replies":[{"embeddable":true,"href":"https:\/\/desireonline.shop\/vi\/wp-json\/wp\/v2\/comments?post=68018"}],"version-history":[{"count":0,"href":"https:\/\/desireonline.shop\/vi\/wp-json\/wp\/v2\/product\/68018\/revisions"}],"wp:featuredmedia":[{"embeddable":true,"href":"https:\/\/desireonline.shop\/vi\/wp-json\/wp\/v2\/media\/61762"}],"wp:attachment":[{"href":"https:\/\/desireonline.shop\/vi\/wp-json\/wp\/v2\/media?parent=68018"}],"wp:term":[{"taxonomy":"product_brand","embeddable":true,"href":"https:\/\/desireonline.shop\/vi\/wp-json\/wp\/v2\/product_brand?post=68018"},{"taxonomy":"product_cat","embeddable":true,"href":"https:\/\/desireonline.shop\/vi\/wp-json\/wp\/v2\/product_cat?post=68018"},{"taxonomy":"product_tag","embeddable":true,"href":"https:\/\/desireonline.shop\/vi\/wp-json\/wp\/v2\/product_tag?post=68018"}],"curies":[{"name":"wp","href":"https:\/\/api.w.org\/{rel}","templated":true}]}}