{"id":68045,"date":"2026-02-16T11:02:00","date_gmt":"2026-02-16T11:02:00","guid":{"rendered":"https:\/\/desireonline.shop\/product\/sins-inquisition-master-control-vong-co-kem-kep-num-vu\/"},"modified":"2026-03-10T05:29:28","modified_gmt":"2026-03-10T05:29:28","slug":"sins-inquisition-master-control-vong-co-kem-kep-num-vu","status":"publish","type":"product","link":"https:\/\/desireonline.shop\/vi\/san-pham\/sins-inquisition-master-control-vong-co-kem-kep-num-vu\/","title":{"rendered":"Sins Inquisition Master Control V\u00f2ng c\u1ed5 k\u00e8m k\u1eb9p n\u00fam v\u00fa"},"content":{"rendered":"<p>\u0110\u01b0\u1ee3c thi\u1ebft k\u1ebf \u0111\u1ec3 k\u1ebft h\u1ee3p ki\u1ec3m so\u00e1t v\u1edbi c\u1ea3m gi\u00e1c, v\u00f2ng c\u1ed5 n\u00e0y c\u00f3 k\u1eb9p n\u00fam v\u00fa \u0111\u01b0\u1ee3c n\u1ed1i b\u1eb1ng d\u00e2y x\u00edch \u0111\u1ec3 mang l\u1ea1i k\u00edch th\u00edch n\u00fam v\u00fa r\u1ea3nh tay. Thi\u1ebft k\u1ebf c\u1ed1 \u0111\u1ecbnh gi\u00fap duy tr\u00ec k\u00edch th\u00edch li\u00ean t\u1ee5c, t\u1ea1o n\u00ean tr\u1ea3i nghi\u1ec7m m\u1ea1nh m\u1ebd v\u00e0 t\u1eadp trung h\u01a1n.<\/p>\n<p>\u0110eo tho\u1ea3i m\u00e1i quanh c\u1ed5, s\u1ea3n ph\u1ea9m t\u1ea1o th\u00eam y\u1ebfu t\u1ed1 th\u1ecb gi\u00e1c v\u00e0 c\u1ea3m gi\u00e1c m\u1ea1nh m\u1ebd cho nh\u1eefng t\u01b0\u01a1ng t\u00e1c quy\u1ec1n l\u1ef1c. L\u00fd t\u01b0\u1edfng cho nh\u1eefng ai y\u00eau th\u00edch s\u1ef1 ki\u1ec3m so\u00e1t c\u00f3 c\u1ea5u tr\u00fac v\u00e0 c\u1ea3m gi\u00e1c duy tr\u00ec trong nh\u1eefng tr\u1ea3i nghi\u1ec7m \u0111\u1ed3ng thu\u1eadn.<\/p>\n","protected":false},"excerpt":{"rendered":"<p>\u0110\u01b0\u1ee3c thi\u1ebft k\u1ebf \u0111\u1ec3 k\u1ebft h\u1ee3p ki\u1ec3m so\u00e1t v\u1edbi c\u1ea3m gi\u00e1c, v\u00f2ng c\u1ed5 n\u00e0y c\u00f3 k\u1eb9p n\u00fam v\u00fa \u0111\u01b0\u1ee3c n\u1ed1i b\u1eb1ng d\u00e2y x\u00edch \u0111\u1ec3 mang l\u1ea1i k\u00edch th\u00edch n\u00fam v\u00fa&hellip;<\/p>\n","protected":false},"featured_media":61827,"comment_status":"open","ping_status":"closed","template":"","meta":{"_acf_changed":false},"product_brand":[],"product_cat":[1349,1357,1351],"product_tag":[],"class_list":{"0":"post-68045","1":"product","2":"type-product","3":"status-publish","4":"has-post-thumbnail","6":"product_cat-bo-bondage-cho-nguoi-moi","7":"product_cat-dung-cu-kep-nhay-cam","8":"product_cat-vong-co-day-dan","10":"first","11":"instock","12":"shipping-taxable","13":"purchasable","14":"product-type-simple"},"acf":[],"yoast_head":"<!-- This site is optimized with the Yoast SEO plugin v27.1.1 - https:\/\/yoast.com\/product\/yoast-seo-wordpress\/ -->\n<title>Sins Inquisition Master Control V\u00f2ng c\u1ed5 k\u00e8m k\u1eb9p n\u00fam v\u00fa - Desire<\/title>\n<meta name=\"robots\" content=\"index, follow, max-snippet:-1, max-image-preview:large, max-video-preview:-1\" \/>\n<link rel=\"canonical\" href=\"https:\/\/desireonline.shop\/vi\/san-pham\/sins-inquisition-master-control-vong-co-kem-kep-num-vu\/\" \/>\n<meta property=\"og:locale\" content=\"vi_VN\" \/>\n<meta property=\"og:type\" content=\"article\" \/>\n<meta property=\"og:title\" content=\"Sins Inquisition Master Control V\u00f2ng c\u1ed5 k\u00e8m k\u1eb9p n\u00fam v\u00fa - Desire\" \/>\n<meta property=\"og:description\" content=\"\u0110\u01b0\u1ee3c thi\u1ebft k\u1ebf \u0111\u1ec3 k\u1ebft h\u1ee3p ki\u1ec3m so\u00e1t v\u1edbi c\u1ea3m gi\u00e1c, v\u00f2ng c\u1ed5 n\u00e0y c\u00f3 k\u1eb9p n\u00fam v\u00fa \u0111\u01b0\u1ee3c n\u1ed1i b\u1eb1ng d\u00e2y x\u00edch \u0111\u1ec3 mang l\u1ea1i k\u00edch th\u00edch n\u00fam v\u00fa&hellip;\" \/>\n<meta property=\"og:url\" content=\"https:\/\/desireonline.shop\/vi\/san-pham\/sins-inquisition-master-control-vong-co-kem-kep-num-vu\/\" \/>\n<meta property=\"og:site_name\" content=\"Desire\" \/>\n<meta property=\"article:modified_time\" content=\"2026-03-10T05:29:28+00:00\" \/>\n<meta property=\"og:image\" content=\"https:\/\/desireonline.shop\/wp-content\/uploads\/2026\/02\/CN-862448772_00.jpg\" \/>\n\t<meta property=\"og:image:width\" content=\"1000\" \/>\n\t<meta property=\"og:image:height\" content=\"1000\" \/>\n\t<meta property=\"og:image:type\" content=\"image\/jpeg\" \/>\n<meta name=\"twitter:card\" content=\"summary_large_image\" \/>\n<meta name=\"twitter:label1\" content=\"\u01af\u1edbc t\u00ednh th\u1eddi gian \u0111\u1ecdc\" \/>\n\t<meta name=\"twitter:data1\" content=\"1 ph\u00fat\" \/>\n<script type=\"application\/ld+json\" class=\"yoast-schema-graph\">{\"@context\":\"https:\/\/schema.org\",\"@graph\":[{\"@type\":\"WebPage\",\"@id\":\"https:\/\/desireonline.shop\/vi\/san-pham\/sins-inquisition-master-control-vong-co-kem-kep-num-vu\/\",\"url\":\"https:\/\/desireonline.shop\/vi\/san-pham\/sins-inquisition-master-control-vong-co-kem-kep-num-vu\/\",\"name\":\"Sins Inquisition Master Control V\u00f2ng c\u1ed5 k\u00e8m k\u1eb9p n\u00fam v\u00fa - Desire\",\"isPartOf\":{\"@id\":\"https:\/\/desireonline.shop\/vi\/#website\"},\"primaryImageOfPage\":{\"@id\":\"https:\/\/desireonline.shop\/vi\/san-pham\/sins-inquisition-master-control-vong-co-kem-kep-num-vu\/#primaryimage\"},\"image\":{\"@id\":\"https:\/\/desireonline.shop\/vi\/san-pham\/sins-inquisition-master-control-vong-co-kem-kep-num-vu\/#primaryimage\"},\"thumbnailUrl\":\"https:\/\/desireonline.shop\/wp-content\/uploads\/2026\/02\/CN-862448772_00.jpg\",\"datePublished\":\"2026-02-16T11:02:00+00:00\",\"dateModified\":\"2026-03-10T05:29:28+00:00\",\"breadcrumb\":{\"@id\":\"https:\/\/desireonline.shop\/vi\/san-pham\/sins-inquisition-master-control-vong-co-kem-kep-num-vu\/#breadcrumb\"},\"inLanguage\":\"vi\",\"potentialAction\":[{\"@type\":\"ReadAction\",\"target\":[\"https:\/\/desireonline.shop\/vi\/san-pham\/sins-inquisition-master-control-vong-co-kem-kep-num-vu\/\"]}]},{\"@type\":\"ImageObject\",\"inLanguage\":\"vi\",\"@id\":\"https:\/\/desireonline.shop\/vi\/san-pham\/sins-inquisition-master-control-vong-co-kem-kep-num-vu\/#primaryimage\",\"url\":\"https:\/\/desireonline.shop\/wp-content\/uploads\/2026\/02\/CN-862448772_00.jpg\",\"contentUrl\":\"https:\/\/desireonline.shop\/wp-content\/uploads\/2026\/02\/CN-862448772_00.jpg\",\"width\":1000,\"height\":1000},{\"@type\":\"BreadcrumbList\",\"@id\":\"https:\/\/desireonline.shop\/vi\/san-pham\/sins-inquisition-master-control-vong-co-kem-kep-num-vu\/#breadcrumb\",\"itemListElement\":[{\"@type\":\"ListItem\",\"position\":1,\"name\":\"Home\",\"item\":\"https:\/\/desireonline.shop\/vi\/trang-chu\/?lang=vi\"},{\"@type\":\"ListItem\",\"position\":2,\"name\":\"T\u1ea5t c\u1ea3 s\u1ea3n ph\u1ea9m\",\"item\":\"https:\/\/desireonline.shop\/cua-hang\/?lang=vi\"},{\"@type\":\"ListItem\",\"position\":3,\"name\":\"Sins Inquisition Master Control V\u00f2ng c\u1ed5 k\u00e8m k\u1eb9p n\u00fam v\u00fa\"}]},{\"@type\":\"WebSite\",\"@id\":\"https:\/\/desireonline.shop\/vi\/#website\",\"url\":\"https:\/\/desireonline.shop\/vi\/\",\"name\":\"Desire\",\"description\":\"Sexual Wellness Platform\",\"publisher\":{\"@id\":\"https:\/\/desireonline.shop\/vi\/#organization\"},\"potentialAction\":[{\"@type\":\"SearchAction\",\"target\":{\"@type\":\"EntryPoint\",\"urlTemplate\":\"https:\/\/desireonline.shop\/vi\/?s={search_term_string}\"},\"query-input\":{\"@type\":\"PropertyValueSpecification\",\"valueRequired\":true,\"valueName\":\"search_term_string\"}}],\"inLanguage\":\"vi\"},{\"@type\":\"Organization\",\"@id\":\"https:\/\/desireonline.shop\/vi\/#organization\",\"name\":\"Desire\",\"url\":\"https:\/\/desireonline.shop\/vi\/\",\"logo\":{\"@type\":\"ImageObject\",\"inLanguage\":\"vi\",\"@id\":\"https:\/\/desireonline.shop\/vi\/#\/schema\/logo\/image\/\",\"url\":\"https:\/\/desireonline.shop\/wp-content\/uploads\/2024\/06\/Logo-Thick-Font-1.webp\",\"contentUrl\":\"https:\/\/desireonline.shop\/wp-content\/uploads\/2024\/06\/Logo-Thick-Font-1.webp\",\"width\":268,\"height\":399,\"caption\":\"Desire\"},\"image\":{\"@id\":\"https:\/\/desireonline.shop\/vi\/#\/schema\/logo\/image\/\"}}]}<\/script>\n<!-- \/ Yoast SEO plugin. -->","yoast_head_json":{"title":"Sins Inquisition Master Control V\u00f2ng c\u1ed5 k\u00e8m k\u1eb9p n\u00fam v\u00fa - Desire","robots":{"index":"index","follow":"follow","max-snippet":"max-snippet:-1","max-image-preview":"max-image-preview:large","max-video-preview":"max-video-preview:-1"},"canonical":"https:\/\/desireonline.shop\/vi\/san-pham\/sins-inquisition-master-control-vong-co-kem-kep-num-vu\/","og_locale":"vi_VN","og_type":"article","og_title":"Sins Inquisition Master Control V\u00f2ng c\u1ed5 k\u00e8m k\u1eb9p n\u00fam v\u00fa - Desire","og_description":"\u0110\u01b0\u1ee3c thi\u1ebft k\u1ebf \u0111\u1ec3 k\u1ebft h\u1ee3p ki\u1ec3m so\u00e1t v\u1edbi c\u1ea3m gi\u00e1c, v\u00f2ng c\u1ed5 n\u00e0y c\u00f3 k\u1eb9p n\u00fam v\u00fa \u0111\u01b0\u1ee3c n\u1ed1i b\u1eb1ng d\u00e2y x\u00edch \u0111\u1ec3 mang l\u1ea1i k\u00edch th\u00edch n\u00fam v\u00fa&hellip;","og_url":"https:\/\/desireonline.shop\/vi\/san-pham\/sins-inquisition-master-control-vong-co-kem-kep-num-vu\/","og_site_name":"Desire","article_modified_time":"2026-03-10T05:29:28+00:00","og_image":[{"width":1000,"height":1000,"url":"https:\/\/desireonline.shop\/wp-content\/uploads\/2026\/02\/CN-862448772_00.jpg","type":"image\/jpeg"}],"twitter_card":"summary_large_image","twitter_misc":{"\u01af\u1edbc t\u00ednh th\u1eddi gian \u0111\u1ecdc":"1 ph\u00fat"},"schema":{"@context":"https:\/\/schema.org","@graph":[{"@type":"WebPage","@id":"https:\/\/desireonline.shop\/vi\/san-pham\/sins-inquisition-master-control-vong-co-kem-kep-num-vu\/","url":"https:\/\/desireonline.shop\/vi\/san-pham\/sins-inquisition-master-control-vong-co-kem-kep-num-vu\/","name":"Sins Inquisition Master Control V\u00f2ng c\u1ed5 k\u00e8m k\u1eb9p n\u00fam v\u00fa - Desire","isPartOf":{"@id":"https:\/\/desireonline.shop\/vi\/#website"},"primaryImageOfPage":{"@id":"https:\/\/desireonline.shop\/vi\/san-pham\/sins-inquisition-master-control-vong-co-kem-kep-num-vu\/#primaryimage"},"image":{"@id":"https:\/\/desireonline.shop\/vi\/san-pham\/sins-inquisition-master-control-vong-co-kem-kep-num-vu\/#primaryimage"},"thumbnailUrl":"https:\/\/desireonline.shop\/wp-content\/uploads\/2026\/02\/CN-862448772_00.jpg","datePublished":"2026-02-16T11:02:00+00:00","dateModified":"2026-03-10T05:29:28+00:00","breadcrumb":{"@id":"https:\/\/desireonline.shop\/vi\/san-pham\/sins-inquisition-master-control-vong-co-kem-kep-num-vu\/#breadcrumb"},"inLanguage":"vi","potentialAction":[{"@type":"ReadAction","target":["https:\/\/desireonline.shop\/vi\/san-pham\/sins-inquisition-master-control-vong-co-kem-kep-num-vu\/"]}]},{"@type":"ImageObject","inLanguage":"vi","@id":"https:\/\/desireonline.shop\/vi\/san-pham\/sins-inquisition-master-control-vong-co-kem-kep-num-vu\/#primaryimage","url":"https:\/\/desireonline.shop\/wp-content\/uploads\/2026\/02\/CN-862448772_00.jpg","contentUrl":"https:\/\/desireonline.shop\/wp-content\/uploads\/2026\/02\/CN-862448772_00.jpg","width":1000,"height":1000},{"@type":"BreadcrumbList","@id":"https:\/\/desireonline.shop\/vi\/san-pham\/sins-inquisition-master-control-vong-co-kem-kep-num-vu\/#breadcrumb","itemListElement":[{"@type":"ListItem","position":1,"name":"Home","item":"https:\/\/desireonline.shop\/vi\/trang-chu\/?lang=vi"},{"@type":"ListItem","position":2,"name":"T\u1ea5t c\u1ea3 s\u1ea3n ph\u1ea9m","item":"https:\/\/desireonline.shop\/cua-hang\/?lang=vi"},{"@type":"ListItem","position":3,"name":"Sins Inquisition Master Control V\u00f2ng c\u1ed5 k\u00e8m k\u1eb9p n\u00fam v\u00fa"}]},{"@type":"WebSite","@id":"https:\/\/desireonline.shop\/vi\/#website","url":"https:\/\/desireonline.shop\/vi\/","name":"Desire","description":"Sexual Wellness Platform","publisher":{"@id":"https:\/\/desireonline.shop\/vi\/#organization"},"potentialAction":[{"@type":"SearchAction","target":{"@type":"EntryPoint","urlTemplate":"https:\/\/desireonline.shop\/vi\/?s={search_term_string}"},"query-input":{"@type":"PropertyValueSpecification","valueRequired":true,"valueName":"search_term_string"}}],"inLanguage":"vi"},{"@type":"Organization","@id":"https:\/\/desireonline.shop\/vi\/#organization","name":"Desire","url":"https:\/\/desireonline.shop\/vi\/","logo":{"@type":"ImageObject","inLanguage":"vi","@id":"https:\/\/desireonline.shop\/vi\/#\/schema\/logo\/image\/","url":"https:\/\/desireonline.shop\/wp-content\/uploads\/2024\/06\/Logo-Thick-Font-1.webp","contentUrl":"https:\/\/desireonline.shop\/wp-content\/uploads\/2024\/06\/Logo-Thick-Font-1.webp","width":268,"height":399,"caption":"Desire"},"image":{"@id":"https:\/\/desireonline.shop\/vi\/#\/schema\/logo\/image\/"}}]}},"_links":{"self":[{"href":"https:\/\/desireonline.shop\/vi\/wp-json\/wp\/v2\/product\/68045","targetHints":{"allow":["GET"]}}],"collection":[{"href":"https:\/\/desireonline.shop\/vi\/wp-json\/wp\/v2\/product"}],"about":[{"href":"https:\/\/desireonline.shop\/vi\/wp-json\/wp\/v2\/types\/product"}],"replies":[{"embeddable":true,"href":"https:\/\/desireonline.shop\/vi\/wp-json\/wp\/v2\/comments?post=68045"}],"version-history":[{"count":0,"href":"https:\/\/desireonline.shop\/vi\/wp-json\/wp\/v2\/product\/68045\/revisions"}],"wp:featuredmedia":[{"embeddable":true,"href":"https:\/\/desireonline.shop\/vi\/wp-json\/wp\/v2\/media\/61827"}],"wp:attachment":[{"href":"https:\/\/desireonline.shop\/vi\/wp-json\/wp\/v2\/media?parent=68045"}],"wp:term":[{"taxonomy":"product_brand","embeddable":true,"href":"https:\/\/desireonline.shop\/vi\/wp-json\/wp\/v2\/product_brand?post=68045"},{"taxonomy":"product_cat","embeddable":true,"href":"https:\/\/desireonline.shop\/vi\/wp-json\/wp\/v2\/product_cat?post=68045"},{"taxonomy":"product_tag","embeddable":true,"href":"https:\/\/desireonline.shop\/vi\/wp-json\/wp\/v2\/product_tag?post=68045"}],"curies":[{"name":"wp","href":"https:\/\/api.w.org\/{rel}","templated":true}]}}