{"id":68054,"date":"2026-02-16T11:02:00","date_gmt":"2026-02-16T11:02:00","guid":{"rendered":"https:\/\/desireonline.shop\/product\/sins-inquisition-mu-bondage-che-kin-dau\/"},"modified":"2026-03-10T05:29:29","modified_gmt":"2026-03-10T05:29:29","slug":"sins-inquisition-mu-bondage-che-kin-dau","status":"publish","type":"product","link":"https:\/\/desireonline.shop\/vi\/san-pham\/sins-inquisition-mu-bondage-che-kin-dau\/","title":{"rendered":"Sins Inquisition M\u0169 bondage che k\u00edn \u0111\u1ea7u"},"content":{"rendered":"<p>\u0110\u01b0\u1ee3c thi\u1ebft k\u1ebf \u0111\u1ec3 t\u0103ng c\u01b0\u1eddng t\u1eadp trung c\u1ea3m gi\u00e1c, m\u0169 bondage che k\u00edn \u0111\u1ea7u n\u00e0y k\u1ebft h\u1ee3p ch\u1ea5t li\u1ec7u co gi\u00e3n, tho\u00e1ng kh\u00ed v\u1edbi c\u00e1c chi ti\u1ebft c\u00f3 th\u1ec3 th\u00e1o r\u1eddi \u0111\u1ec3 t\u00f9y ch\u1ec9nh tr\u1ea3i nghi\u1ec7m. Ph\u1ea7n b\u1ecbt mi\u1ec7ng v\u00e0 b\u1ecbt m\u1eaft c\u00f3 th\u1ec3 th\u00e1o r\u1eddi cho ph\u00e9p b\u1ea1n ki\u1ec3m so\u00e1t m\u1ee9c \u0111\u1ed9 h\u1ea1n ch\u1ebf c\u1ea3m gi\u00e1c v\u00e0 nh\u1eadn th\u1ee9c.<\/p>\n<p>B\u1eb1ng c\u00e1ch h\u1ea1n ch\u1ebf t\u1ea7m nh\u00ecn v\u00e0 bi\u1ec3u \u0111\u1ea1t, s\u1ea3n ph\u1ea9m khuy\u1ebfn kh\u00edch s\u1ef1 nh\u1ea1y c\u1ea3m x\u00fac gi\u00e1c, mong \u0111\u1ee3i v\u00e0 k\u1ebft n\u1ed1i. M\u1ed9t l\u1ef1a ch\u1ecdn m\u1ea1nh m\u1ebd cho nh\u1eefng ai mu\u1ed1n kh\u00e1m ph\u00e1 tr\u00f2 ch\u01a1i c\u1ea3m gi\u00e1c v\u00e0 \u0111\u1ed9ng l\u1ef1c tin t\u01b0\u1edfng trong c\u00e1ch ti\u1ebfp c\u1eadn c\u00f3 ki\u1ec3m so\u00e1t v\u00e0 tho\u1ea3i m\u00e1i.<\/p>\n","protected":false},"excerpt":{"rendered":"<p>\u0110\u01b0\u1ee3c thi\u1ebft k\u1ebf \u0111\u1ec3 t\u0103ng c\u01b0\u1eddng t\u1eadp trung c\u1ea3m gi\u00e1c, m\u0169 bondage che k\u00edn \u0111\u1ea7u n\u00e0y k\u1ebft h\u1ee3p ch\u1ea5t li\u1ec7u co gi\u00e3n, tho\u00e1ng kh\u00ed v\u1edbi c\u00e1c chi ti\u1ebft c\u00f3 th\u1ec3&hellip;<\/p>\n","protected":false},"featured_media":61818,"comment_status":"open","ping_status":"closed","template":"","meta":{"_acf_changed":false},"product_brand":[],"product_cat":[1348,1354],"product_tag":[],"class_list":{"0":"post-68054","1":"product","2":"type-product","3":"status-publish","4":"has-post-thumbnail","6":"product_cat-mat-na-bondage","7":"product_cat-trang-phuc-fetish","9":"first","10":"instock","11":"shipping-taxable","12":"purchasable","13":"product-type-simple"},"acf":[],"yoast_head":"<!-- This site is optimized with the Yoast SEO plugin v27.1.1 - https:\/\/yoast.com\/product\/yoast-seo-wordpress\/ -->\n<title>Sins Inquisition M\u0169 bondage che k\u00edn \u0111\u1ea7u - Desire<\/title>\n<meta name=\"robots\" content=\"index, follow, max-snippet:-1, max-image-preview:large, max-video-preview:-1\" \/>\n<link rel=\"canonical\" href=\"https:\/\/desireonline.shop\/vi\/san-pham\/sins-inquisition-mu-bondage-che-kin-dau\/\" \/>\n<meta property=\"og:locale\" content=\"vi_VN\" \/>\n<meta property=\"og:type\" content=\"article\" \/>\n<meta property=\"og:title\" content=\"Sins Inquisition M\u0169 bondage che k\u00edn \u0111\u1ea7u - Desire\" \/>\n<meta property=\"og:description\" content=\"\u0110\u01b0\u1ee3c thi\u1ebft k\u1ebf \u0111\u1ec3 t\u0103ng c\u01b0\u1eddng t\u1eadp trung c\u1ea3m gi\u00e1c, m\u0169 bondage che k\u00edn \u0111\u1ea7u n\u00e0y k\u1ebft h\u1ee3p ch\u1ea5t li\u1ec7u co gi\u00e3n, tho\u00e1ng kh\u00ed v\u1edbi c\u00e1c chi ti\u1ebft c\u00f3 th\u1ec3&hellip;\" \/>\n<meta property=\"og:url\" content=\"https:\/\/desireonline.shop\/vi\/san-pham\/sins-inquisition-mu-bondage-che-kin-dau\/\" \/>\n<meta property=\"og:site_name\" content=\"Desire\" \/>\n<meta property=\"article:modified_time\" content=\"2026-03-10T05:29:29+00:00\" \/>\n<meta property=\"og:image\" content=\"https:\/\/desireonline.shop\/wp-content\/uploads\/2026\/02\/CN-548331872_00.jpg\" \/>\n\t<meta property=\"og:image:width\" content=\"1000\" \/>\n\t<meta property=\"og:image:height\" content=\"1000\" \/>\n\t<meta property=\"og:image:type\" content=\"image\/jpeg\" \/>\n<meta name=\"twitter:card\" content=\"summary_large_image\" \/>\n<meta name=\"twitter:label1\" content=\"\u01af\u1edbc t\u00ednh th\u1eddi gian \u0111\u1ecdc\" \/>\n\t<meta name=\"twitter:data1\" content=\"1 ph\u00fat\" \/>\n<script type=\"application\/ld+json\" class=\"yoast-schema-graph\">{\"@context\":\"https:\/\/schema.org\",\"@graph\":[{\"@type\":\"WebPage\",\"@id\":\"https:\/\/desireonline.shop\/vi\/san-pham\/sins-inquisition-mu-bondage-che-kin-dau\/\",\"url\":\"https:\/\/desireonline.shop\/vi\/san-pham\/sins-inquisition-mu-bondage-che-kin-dau\/\",\"name\":\"Sins Inquisition M\u0169 bondage che k\u00edn \u0111\u1ea7u - Desire\",\"isPartOf\":{\"@id\":\"https:\/\/desireonline.shop\/vi\/#website\"},\"primaryImageOfPage\":{\"@id\":\"https:\/\/desireonline.shop\/vi\/san-pham\/sins-inquisition-mu-bondage-che-kin-dau\/#primaryimage\"},\"image\":{\"@id\":\"https:\/\/desireonline.shop\/vi\/san-pham\/sins-inquisition-mu-bondage-che-kin-dau\/#primaryimage\"},\"thumbnailUrl\":\"https:\/\/desireonline.shop\/wp-content\/uploads\/2026\/02\/CN-548331872_00.jpg\",\"datePublished\":\"2026-02-16T11:02:00+00:00\",\"dateModified\":\"2026-03-10T05:29:29+00:00\",\"breadcrumb\":{\"@id\":\"https:\/\/desireonline.shop\/vi\/san-pham\/sins-inquisition-mu-bondage-che-kin-dau\/#breadcrumb\"},\"inLanguage\":\"vi\",\"potentialAction\":[{\"@type\":\"ReadAction\",\"target\":[\"https:\/\/desireonline.shop\/vi\/san-pham\/sins-inquisition-mu-bondage-che-kin-dau\/\"]}]},{\"@type\":\"ImageObject\",\"inLanguage\":\"vi\",\"@id\":\"https:\/\/desireonline.shop\/vi\/san-pham\/sins-inquisition-mu-bondage-che-kin-dau\/#primaryimage\",\"url\":\"https:\/\/desireonline.shop\/wp-content\/uploads\/2026\/02\/CN-548331872_00.jpg\",\"contentUrl\":\"https:\/\/desireonline.shop\/wp-content\/uploads\/2026\/02\/CN-548331872_00.jpg\",\"width\":1000,\"height\":1000},{\"@type\":\"BreadcrumbList\",\"@id\":\"https:\/\/desireonline.shop\/vi\/san-pham\/sins-inquisition-mu-bondage-che-kin-dau\/#breadcrumb\",\"itemListElement\":[{\"@type\":\"ListItem\",\"position\":1,\"name\":\"Home\",\"item\":\"https:\/\/desireonline.shop\/vi\/trang-chu\/?lang=vi\"},{\"@type\":\"ListItem\",\"position\":2,\"name\":\"T\u1ea5t c\u1ea3 s\u1ea3n ph\u1ea9m\",\"item\":\"https:\/\/desireonline.shop\/cua-hang\/?lang=vi\"},{\"@type\":\"ListItem\",\"position\":3,\"name\":\"Sins Inquisition M\u0169 bondage che k\u00edn \u0111\u1ea7u\"}]},{\"@type\":\"WebSite\",\"@id\":\"https:\/\/desireonline.shop\/vi\/#website\",\"url\":\"https:\/\/desireonline.shop\/vi\/\",\"name\":\"Desire\",\"description\":\"Sexual Wellness Platform\",\"publisher\":{\"@id\":\"https:\/\/desireonline.shop\/vi\/#organization\"},\"potentialAction\":[{\"@type\":\"SearchAction\",\"target\":{\"@type\":\"EntryPoint\",\"urlTemplate\":\"https:\/\/desireonline.shop\/vi\/?s={search_term_string}\"},\"query-input\":{\"@type\":\"PropertyValueSpecification\",\"valueRequired\":true,\"valueName\":\"search_term_string\"}}],\"inLanguage\":\"vi\"},{\"@type\":\"Organization\",\"@id\":\"https:\/\/desireonline.shop\/vi\/#organization\",\"name\":\"Desire\",\"url\":\"https:\/\/desireonline.shop\/vi\/\",\"logo\":{\"@type\":\"ImageObject\",\"inLanguage\":\"vi\",\"@id\":\"https:\/\/desireonline.shop\/vi\/#\/schema\/logo\/image\/\",\"url\":\"https:\/\/desireonline.shop\/wp-content\/uploads\/2024\/06\/Logo-Thick-Font-1.webp\",\"contentUrl\":\"https:\/\/desireonline.shop\/wp-content\/uploads\/2024\/06\/Logo-Thick-Font-1.webp\",\"width\":268,\"height\":399,\"caption\":\"Desire\"},\"image\":{\"@id\":\"https:\/\/desireonline.shop\/vi\/#\/schema\/logo\/image\/\"}}]}<\/script>\n<!-- \/ Yoast SEO plugin. -->","yoast_head_json":{"title":"Sins Inquisition M\u0169 bondage che k\u00edn \u0111\u1ea7u - Desire","robots":{"index":"index","follow":"follow","max-snippet":"max-snippet:-1","max-image-preview":"max-image-preview:large","max-video-preview":"max-video-preview:-1"},"canonical":"https:\/\/desireonline.shop\/vi\/san-pham\/sins-inquisition-mu-bondage-che-kin-dau\/","og_locale":"vi_VN","og_type":"article","og_title":"Sins Inquisition M\u0169 bondage che k\u00edn \u0111\u1ea7u - Desire","og_description":"\u0110\u01b0\u1ee3c thi\u1ebft k\u1ebf \u0111\u1ec3 t\u0103ng c\u01b0\u1eddng t\u1eadp trung c\u1ea3m gi\u00e1c, m\u0169 bondage che k\u00edn \u0111\u1ea7u n\u00e0y k\u1ebft h\u1ee3p ch\u1ea5t li\u1ec7u co gi\u00e3n, tho\u00e1ng kh\u00ed v\u1edbi c\u00e1c chi ti\u1ebft c\u00f3 th\u1ec3&hellip;","og_url":"https:\/\/desireonline.shop\/vi\/san-pham\/sins-inquisition-mu-bondage-che-kin-dau\/","og_site_name":"Desire","article_modified_time":"2026-03-10T05:29:29+00:00","og_image":[{"width":1000,"height":1000,"url":"https:\/\/desireonline.shop\/wp-content\/uploads\/2026\/02\/CN-548331872_00.jpg","type":"image\/jpeg"}],"twitter_card":"summary_large_image","twitter_misc":{"\u01af\u1edbc t\u00ednh th\u1eddi gian \u0111\u1ecdc":"1 ph\u00fat"},"schema":{"@context":"https:\/\/schema.org","@graph":[{"@type":"WebPage","@id":"https:\/\/desireonline.shop\/vi\/san-pham\/sins-inquisition-mu-bondage-che-kin-dau\/","url":"https:\/\/desireonline.shop\/vi\/san-pham\/sins-inquisition-mu-bondage-che-kin-dau\/","name":"Sins Inquisition M\u0169 bondage che k\u00edn \u0111\u1ea7u - Desire","isPartOf":{"@id":"https:\/\/desireonline.shop\/vi\/#website"},"primaryImageOfPage":{"@id":"https:\/\/desireonline.shop\/vi\/san-pham\/sins-inquisition-mu-bondage-che-kin-dau\/#primaryimage"},"image":{"@id":"https:\/\/desireonline.shop\/vi\/san-pham\/sins-inquisition-mu-bondage-che-kin-dau\/#primaryimage"},"thumbnailUrl":"https:\/\/desireonline.shop\/wp-content\/uploads\/2026\/02\/CN-548331872_00.jpg","datePublished":"2026-02-16T11:02:00+00:00","dateModified":"2026-03-10T05:29:29+00:00","breadcrumb":{"@id":"https:\/\/desireonline.shop\/vi\/san-pham\/sins-inquisition-mu-bondage-che-kin-dau\/#breadcrumb"},"inLanguage":"vi","potentialAction":[{"@type":"ReadAction","target":["https:\/\/desireonline.shop\/vi\/san-pham\/sins-inquisition-mu-bondage-che-kin-dau\/"]}]},{"@type":"ImageObject","inLanguage":"vi","@id":"https:\/\/desireonline.shop\/vi\/san-pham\/sins-inquisition-mu-bondage-che-kin-dau\/#primaryimage","url":"https:\/\/desireonline.shop\/wp-content\/uploads\/2026\/02\/CN-548331872_00.jpg","contentUrl":"https:\/\/desireonline.shop\/wp-content\/uploads\/2026\/02\/CN-548331872_00.jpg","width":1000,"height":1000},{"@type":"BreadcrumbList","@id":"https:\/\/desireonline.shop\/vi\/san-pham\/sins-inquisition-mu-bondage-che-kin-dau\/#breadcrumb","itemListElement":[{"@type":"ListItem","position":1,"name":"Home","item":"https:\/\/desireonline.shop\/vi\/trang-chu\/?lang=vi"},{"@type":"ListItem","position":2,"name":"T\u1ea5t c\u1ea3 s\u1ea3n ph\u1ea9m","item":"https:\/\/desireonline.shop\/cua-hang\/?lang=vi"},{"@type":"ListItem","position":3,"name":"Sins Inquisition M\u0169 bondage che k\u00edn \u0111\u1ea7u"}]},{"@type":"WebSite","@id":"https:\/\/desireonline.shop\/vi\/#website","url":"https:\/\/desireonline.shop\/vi\/","name":"Desire","description":"Sexual Wellness Platform","publisher":{"@id":"https:\/\/desireonline.shop\/vi\/#organization"},"potentialAction":[{"@type":"SearchAction","target":{"@type":"EntryPoint","urlTemplate":"https:\/\/desireonline.shop\/vi\/?s={search_term_string}"},"query-input":{"@type":"PropertyValueSpecification","valueRequired":true,"valueName":"search_term_string"}}],"inLanguage":"vi"},{"@type":"Organization","@id":"https:\/\/desireonline.shop\/vi\/#organization","name":"Desire","url":"https:\/\/desireonline.shop\/vi\/","logo":{"@type":"ImageObject","inLanguage":"vi","@id":"https:\/\/desireonline.shop\/vi\/#\/schema\/logo\/image\/","url":"https:\/\/desireonline.shop\/wp-content\/uploads\/2024\/06\/Logo-Thick-Font-1.webp","contentUrl":"https:\/\/desireonline.shop\/wp-content\/uploads\/2024\/06\/Logo-Thick-Font-1.webp","width":268,"height":399,"caption":"Desire"},"image":{"@id":"https:\/\/desireonline.shop\/vi\/#\/schema\/logo\/image\/"}}]}},"_links":{"self":[{"href":"https:\/\/desireonline.shop\/vi\/wp-json\/wp\/v2\/product\/68054","targetHints":{"allow":["GET"]}}],"collection":[{"href":"https:\/\/desireonline.shop\/vi\/wp-json\/wp\/v2\/product"}],"about":[{"href":"https:\/\/desireonline.shop\/vi\/wp-json\/wp\/v2\/types\/product"}],"replies":[{"embeddable":true,"href":"https:\/\/desireonline.shop\/vi\/wp-json\/wp\/v2\/comments?post=68054"}],"version-history":[{"count":0,"href":"https:\/\/desireonline.shop\/vi\/wp-json\/wp\/v2\/product\/68054\/revisions"}],"wp:featuredmedia":[{"embeddable":true,"href":"https:\/\/desireonline.shop\/vi\/wp-json\/wp\/v2\/media\/61818"}],"wp:attachment":[{"href":"https:\/\/desireonline.shop\/vi\/wp-json\/wp\/v2\/media?parent=68054"}],"wp:term":[{"taxonomy":"product_brand","embeddable":true,"href":"https:\/\/desireonline.shop\/vi\/wp-json\/wp\/v2\/product_brand?post=68054"},{"taxonomy":"product_cat","embeddable":true,"href":"https:\/\/desireonline.shop\/vi\/wp-json\/wp\/v2\/product_cat?post=68054"},{"taxonomy":"product_tag","embeddable":true,"href":"https:\/\/desireonline.shop\/vi\/wp-json\/wp\/v2\/product_tag?post=68054"}],"curies":[{"name":"wp","href":"https:\/\/api.w.org\/{rel}","templated":true}]}}