{"id":68080,"date":"2026-02-16T11:03:00","date_gmt":"2026-02-16T11:03:00","guid":{"rendered":"https:\/\/desireonline.shop\/product\/joy-jumper-may-rung-am-vat-rabbit\/"},"modified":"2026-02-16T11:03:00","modified_gmt":"2026-02-16T11:03:00","slug":"joy-jumper-may-rung-am-vat-rabbit","status":"publish","type":"product","link":"https:\/\/desireonline.shop\/vi\/san-pham\/joy-jumper-may-rung-am-vat-rabbit\/","title":{"rendered":"Joy Jumper M\u00e1y rung \u00e2m v\u1eadt \u2013 Rabbit"},"content":{"rendered":"<p>\u0110\u01b0\u1ee3c thi\u1ebft k\u1ebf \u0111\u1ec3 mang l\u1ea1i kho\u00e1i c\u1ea3m hi\u1ec7n \u0111\u1ea1i kh\u00f4ng c\u1ea7n ch\u1ea1m tr\u1ef1c ti\u1ebfp, thi\u1ebft b\u1ecb k\u00edch th\u00edch n\u00e0y s\u1eed d\u1ee5ng l\u1ef1c h\u00fat b\u1eb1ng kh\u00f4ng kh\u00ed \u0111\u1ec3 t\u1ea1o ra nh\u1eefng nh\u1ecbp rung nh\u1eb9 nh\u00e0ng v\u00e0 l\u00e0n s\u00f3ng c\u1ea3m gi\u00e1c \u0111\u1ea7y k\u00edch th\u00edch. Thi\u1ebft k\u1ebf cong gi\u00fap thi\u1ebft b\u1ecb n\u1eb1m tho\u1ea3i m\u00e1i t\u1ea1i v\u1ecb tr\u00ed, khi\u1ebfn c\u1ea3m gi\u00e1c k\u00edch th\u00edch tr\u1edf n\u00ean t\u1eadp trung v\u00e0 cu\u1ed1n h\u00fat h\u01a1n.<\/p>\n<p>V\u1edbi n\u0103m ch\u1ebf \u0111\u1ed9 h\u00fat \u0111\u1ec3 kh\u00e1m ph\u00e1, b\u1ea1n c\u00f3 th\u1ec3 d\u1ec5 d\u00e0ng chuy\u1ec3n t\u1eeb k\u00edch th\u00edch nh\u1eb9 nh\u00e0ng sang c\u1ea3m gi\u00e1c m\u1ea1nh m\u1ebd h\u01a1n. L\u00fd t\u01b0\u1edfng cho nh\u1eefng ai y\u00eau th\u00edch kho\u00e1i c\u1ea3m ch\u00ednh x\u00e1c, t\u1eadp trung v\u00e0o \u00e2m v\u1eadt v\u1edbi phong c\u00e1ch hi\u1ec7n \u0111\u1ea1i.<\/p>\n","protected":false},"excerpt":{"rendered":"<p>\u0110\u01b0\u1ee3c thi\u1ebft k\u1ebf \u0111\u1ec3 mang l\u1ea1i kho\u00e1i c\u1ea3m hi\u1ec7n \u0111\u1ea1i kh\u00f4ng c\u1ea7n ch\u1ea1m tr\u1ef1c ti\u1ebfp, thi\u1ebft b\u1ecb k\u00edch th\u00edch n\u00e0y s\u1eed d\u1ee5ng l\u1ef1c h\u00fat b\u1eb1ng kh\u00f4ng kh\u00ed \u0111\u1ec3 t\u1ea1o ra&hellip;<\/p>\n","protected":false},"featured_media":61858,"comment_status":"open","ping_status":"closed","template":"","meta":{"_acf_changed":false},"product_brand":[],"product_cat":[1391],"product_tag":[],"class_list":{"0":"post-68080","1":"product","2":"type-product","3":"status-publish","4":"has-post-thumbnail","6":"product_cat-may-rung-hut-liem-am-vat","8":"first","9":"instock","10":"shipping-taxable","11":"purchasable","12":"product-type-simple"},"acf":[],"yoast_head":"<!-- This site is optimized with the Yoast SEO plugin v27.1.1 - https:\/\/yoast.com\/product\/yoast-seo-wordpress\/ -->\n<title>Joy Jumper M\u00e1y rung \u00e2m v\u1eadt \u2013 Rabbit - Desire<\/title>\n<meta name=\"robots\" content=\"index, follow, max-snippet:-1, max-image-preview:large, max-video-preview:-1\" \/>\n<link rel=\"canonical\" href=\"https:\/\/desireonline.shop\/vi\/san-pham\/joy-jumper-may-rung-am-vat-rabbit\/\" \/>\n<meta property=\"og:locale\" content=\"vi_VN\" \/>\n<meta property=\"og:type\" content=\"article\" \/>\n<meta property=\"og:title\" content=\"Joy Jumper M\u00e1y rung \u00e2m v\u1eadt \u2013 Rabbit - Desire\" \/>\n<meta property=\"og:description\" content=\"\u0110\u01b0\u1ee3c thi\u1ebft k\u1ebf \u0111\u1ec3 mang l\u1ea1i kho\u00e1i c\u1ea3m hi\u1ec7n \u0111\u1ea1i kh\u00f4ng c\u1ea7n ch\u1ea1m tr\u1ef1c ti\u1ebfp, thi\u1ebft b\u1ecb k\u00edch th\u00edch n\u00e0y s\u1eed d\u1ee5ng l\u1ef1c h\u00fat b\u1eb1ng kh\u00f4ng kh\u00ed \u0111\u1ec3 t\u1ea1o ra&hellip;\" \/>\n<meta property=\"og:url\" content=\"https:\/\/desireonline.shop\/vi\/san-pham\/joy-jumper-may-rung-am-vat-rabbit\/\" \/>\n<meta property=\"og:site_name\" content=\"Desire\" \/>\n<meta property=\"og:image\" content=\"https:\/\/desireonline.shop\/wp-content\/uploads\/2026\/02\/CN-534388486_00.jpg\" \/>\n\t<meta property=\"og:image:width\" content=\"1000\" \/>\n\t<meta property=\"og:image:height\" content=\"1000\" \/>\n\t<meta property=\"og:image:type\" content=\"image\/jpeg\" \/>\n<meta name=\"twitter:card\" content=\"summary_large_image\" \/>\n<meta name=\"twitter:label1\" content=\"\u01af\u1edbc t\u00ednh th\u1eddi gian \u0111\u1ecdc\" \/>\n\t<meta name=\"twitter:data1\" content=\"1 ph\u00fat\" \/>\n<script type=\"application\/ld+json\" class=\"yoast-schema-graph\">{\"@context\":\"https:\/\/schema.org\",\"@graph\":[{\"@type\":\"WebPage\",\"@id\":\"https:\/\/desireonline.shop\/vi\/san-pham\/joy-jumper-may-rung-am-vat-rabbit\/\",\"url\":\"https:\/\/desireonline.shop\/vi\/san-pham\/joy-jumper-may-rung-am-vat-rabbit\/\",\"name\":\"Joy Jumper M\u00e1y rung \u00e2m v\u1eadt \u2013 Rabbit - Desire\",\"isPartOf\":{\"@id\":\"https:\/\/desireonline.shop\/vi\/#website\"},\"primaryImageOfPage\":{\"@id\":\"https:\/\/desireonline.shop\/vi\/san-pham\/joy-jumper-may-rung-am-vat-rabbit\/#primaryimage\"},\"image\":{\"@id\":\"https:\/\/desireonline.shop\/vi\/san-pham\/joy-jumper-may-rung-am-vat-rabbit\/#primaryimage\"},\"thumbnailUrl\":\"https:\/\/desireonline.shop\/wp-content\/uploads\/2026\/02\/CN-534388486_00.jpg\",\"datePublished\":\"2026-02-16T11:03:00+00:00\",\"breadcrumb\":{\"@id\":\"https:\/\/desireonline.shop\/vi\/san-pham\/joy-jumper-may-rung-am-vat-rabbit\/#breadcrumb\"},\"inLanguage\":\"vi\",\"potentialAction\":[{\"@type\":\"ReadAction\",\"target\":[\"https:\/\/desireonline.shop\/vi\/san-pham\/joy-jumper-may-rung-am-vat-rabbit\/\"]}]},{\"@type\":\"ImageObject\",\"inLanguage\":\"vi\",\"@id\":\"https:\/\/desireonline.shop\/vi\/san-pham\/joy-jumper-may-rung-am-vat-rabbit\/#primaryimage\",\"url\":\"https:\/\/desireonline.shop\/wp-content\/uploads\/2026\/02\/CN-534388486_00.jpg\",\"contentUrl\":\"https:\/\/desireonline.shop\/wp-content\/uploads\/2026\/02\/CN-534388486_00.jpg\",\"width\":1000,\"height\":1000},{\"@type\":\"BreadcrumbList\",\"@id\":\"https:\/\/desireonline.shop\/vi\/san-pham\/joy-jumper-may-rung-am-vat-rabbit\/#breadcrumb\",\"itemListElement\":[{\"@type\":\"ListItem\",\"position\":1,\"name\":\"Home\",\"item\":\"https:\/\/desireonline.shop\/vi\/trang-chu\/?lang=vi\"},{\"@type\":\"ListItem\",\"position\":2,\"name\":\"T\u1ea5t c\u1ea3 s\u1ea3n ph\u1ea9m\",\"item\":\"https:\/\/desireonline.shop\/cua-hang\/?lang=vi\"},{\"@type\":\"ListItem\",\"position\":3,\"name\":\"Joy Jumper M\u00e1y rung \u00e2m v\u1eadt \u2013 Rabbit\"}]},{\"@type\":\"WebSite\",\"@id\":\"https:\/\/desireonline.shop\/vi\/#website\",\"url\":\"https:\/\/desireonline.shop\/vi\/\",\"name\":\"Desire\",\"description\":\"Sexual Wellness Platform\",\"publisher\":{\"@id\":\"https:\/\/desireonline.shop\/vi\/#organization\"},\"potentialAction\":[{\"@type\":\"SearchAction\",\"target\":{\"@type\":\"EntryPoint\",\"urlTemplate\":\"https:\/\/desireonline.shop\/vi\/?s={search_term_string}\"},\"query-input\":{\"@type\":\"PropertyValueSpecification\",\"valueRequired\":true,\"valueName\":\"search_term_string\"}}],\"inLanguage\":\"vi\"},{\"@type\":\"Organization\",\"@id\":\"https:\/\/desireonline.shop\/vi\/#organization\",\"name\":\"Desire\",\"url\":\"https:\/\/desireonline.shop\/vi\/\",\"logo\":{\"@type\":\"ImageObject\",\"inLanguage\":\"vi\",\"@id\":\"https:\/\/desireonline.shop\/vi\/#\/schema\/logo\/image\/\",\"url\":\"https:\/\/desireonline.shop\/wp-content\/uploads\/2024\/06\/Logo-Thick-Font-1.webp\",\"contentUrl\":\"https:\/\/desireonline.shop\/wp-content\/uploads\/2024\/06\/Logo-Thick-Font-1.webp\",\"width\":268,\"height\":399,\"caption\":\"Desire\"},\"image\":{\"@id\":\"https:\/\/desireonline.shop\/vi\/#\/schema\/logo\/image\/\"}}]}<\/script>\n<!-- \/ Yoast SEO plugin. -->","yoast_head_json":{"title":"Joy Jumper M\u00e1y rung \u00e2m v\u1eadt \u2013 Rabbit - Desire","robots":{"index":"index","follow":"follow","max-snippet":"max-snippet:-1","max-image-preview":"max-image-preview:large","max-video-preview":"max-video-preview:-1"},"canonical":"https:\/\/desireonline.shop\/vi\/san-pham\/joy-jumper-may-rung-am-vat-rabbit\/","og_locale":"vi_VN","og_type":"article","og_title":"Joy Jumper M\u00e1y rung \u00e2m v\u1eadt \u2013 Rabbit - Desire","og_description":"\u0110\u01b0\u1ee3c thi\u1ebft k\u1ebf \u0111\u1ec3 mang l\u1ea1i kho\u00e1i c\u1ea3m hi\u1ec7n \u0111\u1ea1i kh\u00f4ng c\u1ea7n ch\u1ea1m tr\u1ef1c ti\u1ebfp, thi\u1ebft b\u1ecb k\u00edch th\u00edch n\u00e0y s\u1eed d\u1ee5ng l\u1ef1c h\u00fat b\u1eb1ng kh\u00f4ng kh\u00ed \u0111\u1ec3 t\u1ea1o ra&hellip;","og_url":"https:\/\/desireonline.shop\/vi\/san-pham\/joy-jumper-may-rung-am-vat-rabbit\/","og_site_name":"Desire","og_image":[{"width":1000,"height":1000,"url":"https:\/\/desireonline.shop\/wp-content\/uploads\/2026\/02\/CN-534388486_00.jpg","type":"image\/jpeg"}],"twitter_card":"summary_large_image","twitter_misc":{"\u01af\u1edbc t\u00ednh th\u1eddi gian \u0111\u1ecdc":"1 ph\u00fat"},"schema":{"@context":"https:\/\/schema.org","@graph":[{"@type":"WebPage","@id":"https:\/\/desireonline.shop\/vi\/san-pham\/joy-jumper-may-rung-am-vat-rabbit\/","url":"https:\/\/desireonline.shop\/vi\/san-pham\/joy-jumper-may-rung-am-vat-rabbit\/","name":"Joy Jumper M\u00e1y rung \u00e2m v\u1eadt \u2013 Rabbit - Desire","isPartOf":{"@id":"https:\/\/desireonline.shop\/vi\/#website"},"primaryImageOfPage":{"@id":"https:\/\/desireonline.shop\/vi\/san-pham\/joy-jumper-may-rung-am-vat-rabbit\/#primaryimage"},"image":{"@id":"https:\/\/desireonline.shop\/vi\/san-pham\/joy-jumper-may-rung-am-vat-rabbit\/#primaryimage"},"thumbnailUrl":"https:\/\/desireonline.shop\/wp-content\/uploads\/2026\/02\/CN-534388486_00.jpg","datePublished":"2026-02-16T11:03:00+00:00","breadcrumb":{"@id":"https:\/\/desireonline.shop\/vi\/san-pham\/joy-jumper-may-rung-am-vat-rabbit\/#breadcrumb"},"inLanguage":"vi","potentialAction":[{"@type":"ReadAction","target":["https:\/\/desireonline.shop\/vi\/san-pham\/joy-jumper-may-rung-am-vat-rabbit\/"]}]},{"@type":"ImageObject","inLanguage":"vi","@id":"https:\/\/desireonline.shop\/vi\/san-pham\/joy-jumper-may-rung-am-vat-rabbit\/#primaryimage","url":"https:\/\/desireonline.shop\/wp-content\/uploads\/2026\/02\/CN-534388486_00.jpg","contentUrl":"https:\/\/desireonline.shop\/wp-content\/uploads\/2026\/02\/CN-534388486_00.jpg","width":1000,"height":1000},{"@type":"BreadcrumbList","@id":"https:\/\/desireonline.shop\/vi\/san-pham\/joy-jumper-may-rung-am-vat-rabbit\/#breadcrumb","itemListElement":[{"@type":"ListItem","position":1,"name":"Home","item":"https:\/\/desireonline.shop\/vi\/trang-chu\/?lang=vi"},{"@type":"ListItem","position":2,"name":"T\u1ea5t c\u1ea3 s\u1ea3n ph\u1ea9m","item":"https:\/\/desireonline.shop\/cua-hang\/?lang=vi"},{"@type":"ListItem","position":3,"name":"Joy Jumper M\u00e1y rung \u00e2m v\u1eadt \u2013 Rabbit"}]},{"@type":"WebSite","@id":"https:\/\/desireonline.shop\/vi\/#website","url":"https:\/\/desireonline.shop\/vi\/","name":"Desire","description":"Sexual Wellness Platform","publisher":{"@id":"https:\/\/desireonline.shop\/vi\/#organization"},"potentialAction":[{"@type":"SearchAction","target":{"@type":"EntryPoint","urlTemplate":"https:\/\/desireonline.shop\/vi\/?s={search_term_string}"},"query-input":{"@type":"PropertyValueSpecification","valueRequired":true,"valueName":"search_term_string"}}],"inLanguage":"vi"},{"@type":"Organization","@id":"https:\/\/desireonline.shop\/vi\/#organization","name":"Desire","url":"https:\/\/desireonline.shop\/vi\/","logo":{"@type":"ImageObject","inLanguage":"vi","@id":"https:\/\/desireonline.shop\/vi\/#\/schema\/logo\/image\/","url":"https:\/\/desireonline.shop\/wp-content\/uploads\/2024\/06\/Logo-Thick-Font-1.webp","contentUrl":"https:\/\/desireonline.shop\/wp-content\/uploads\/2024\/06\/Logo-Thick-Font-1.webp","width":268,"height":399,"caption":"Desire"},"image":{"@id":"https:\/\/desireonline.shop\/vi\/#\/schema\/logo\/image\/"}}]}},"_links":{"self":[{"href":"https:\/\/desireonline.shop\/vi\/wp-json\/wp\/v2\/product\/68080","targetHints":{"allow":["GET"]}}],"collection":[{"href":"https:\/\/desireonline.shop\/vi\/wp-json\/wp\/v2\/product"}],"about":[{"href":"https:\/\/desireonline.shop\/vi\/wp-json\/wp\/v2\/types\/product"}],"replies":[{"embeddable":true,"href":"https:\/\/desireonline.shop\/vi\/wp-json\/wp\/v2\/comments?post=68080"}],"version-history":[{"count":0,"href":"https:\/\/desireonline.shop\/vi\/wp-json\/wp\/v2\/product\/68080\/revisions"}],"wp:featuredmedia":[{"embeddable":true,"href":"https:\/\/desireonline.shop\/vi\/wp-json\/wp\/v2\/media\/61858"}],"wp:attachment":[{"href":"https:\/\/desireonline.shop\/vi\/wp-json\/wp\/v2\/media?parent=68080"}],"wp:term":[{"taxonomy":"product_brand","embeddable":true,"href":"https:\/\/desireonline.shop\/vi\/wp-json\/wp\/v2\/product_brand?post=68080"},{"taxonomy":"product_cat","embeddable":true,"href":"https:\/\/desireonline.shop\/vi\/wp-json\/wp\/v2\/product_cat?post=68080"},{"taxonomy":"product_tag","embeddable":true,"href":"https:\/\/desireonline.shop\/vi\/wp-json\/wp\/v2\/product_tag?post=68080"}],"curies":[{"name":"wp","href":"https:\/\/api.w.org\/{rel}","templated":true}]}}