{"id":68089,"date":"2026-02-16T11:03:00","date_gmt":"2026-02-16T11:03:00","guid":{"rendered":"https:\/\/desireonline.shop\/product\/joy-jumper-may-rung-bellwort\/"},"modified":"2026-02-16T11:03:00","modified_gmt":"2026-02-16T11:03:00","slug":"joy-jumper-may-rung-bellwort","status":"publish","type":"product","link":"https:\/\/desireonline.shop\/vi\/san-pham\/joy-jumper-may-rung-bellwort\/","title":{"rendered":"Joy Jumper M\u00e1y rung \u2013 Bellwort"},"content":{"rendered":"<p>\u0110\u01b0\u1ee3c thi\u1ebft k\u1ebf \u0111\u1ec3 mang l\u1ea1i kho\u00e1i c\u1ea3m rung s\u00e2u v\u00e0 m\u1ea1nh m\u1ebd, chi\u1ebfc m\u00e1y rung n\u00e0y \u0111\u01b0\u1ee3c trang b\u1ecb \u0111\u1ed9ng c\u01a1 m\u1ea1nh t\u1ea1o ra rung \u0111\u1ed9ng \u0111\u1ea7y \u0111\u1eb7n v\u00e0 th\u1ecfa m\u00e3n h\u01a1n. Thi\u1ebft k\u1ebf tr\u01a1n m\u01b0\u1ee3t t\u1ef1a tho\u1ea3i m\u00e1i l\u00ean c\u01a1 th\u1ec3, gi\u00fap b\u1ea1n d\u1ec5 d\u00e0ng th\u01b0 gi\u00e3n v\u00e0 t\u1eadn h\u01b0\u1edfng c\u1ea3m gi\u00e1c.<\/p>\n<p>V\u1edbi 10 ch\u1ebf \u0111\u1ed9 rung \u0111\u1ec3 kh\u00e1m ph\u00e1 v\u00e0 thi\u1ebft k\u1ebf ch\u1ed1ng n\u01b0\u1edbc ho\u00e0n to\u00e0n, s\u1ea3n ph\u1ea9m ho\u00e0n h\u1ea3o \u0111\u1ec3 t\u1eadn h\u01b0\u1edfng kho\u00e1i c\u1ea3m c\u1ea3 trong v\u00e0 ngo\u00e0i ph\u00f2ng t\u1eafm. M\u1ed9t l\u1ef1a ch\u1ecdn tuy\u1ec7t v\u1eddi cho nh\u1eefng ai y\u00eau th\u00edch k\u00edch th\u00edch m\u1ea1nh m\u1ebd, \u1ed5n \u0111\u1ecbnh v\u1edbi ch\u00fat linh ho\u1ea1t trong tr\u1ea3i nghi\u1ec7m.<\/p>\n","protected":false},"excerpt":{"rendered":"<p>\u0110\u01b0\u1ee3c thi\u1ebft k\u1ebf \u0111\u1ec3 mang l\u1ea1i kho\u00e1i c\u1ea3m rung s\u00e2u v\u00e0 m\u1ea1nh m\u1ebd, chi\u1ebfc m\u00e1y rung n\u00e0y \u0111\u01b0\u1ee3c trang b\u1ecb \u0111\u1ed9ng c\u01a1 m\u1ea1nh t\u1ea1o ra rung \u0111\u1ed9ng \u0111\u1ea7y \u0111\u1eb7n v\u00e0&hellip;<\/p>\n","protected":false},"featured_media":61853,"comment_status":"open","ping_status":"closed","template":"","meta":{"_acf_changed":false},"product_brand":[],"product_cat":[1435],"product_tag":[],"class_list":{"0":"post-68089","1":"product","2":"type-product","3":"status-publish","4":"has-post-thumbnail","6":"product_cat-may-rung-kich-thich-ngoai","8":"first","9":"instock","10":"shipping-taxable","11":"purchasable","12":"product-type-simple"},"acf":[],"yoast_head":"<!-- This site is optimized with the Yoast SEO plugin v27.1.1 - https:\/\/yoast.com\/product\/yoast-seo-wordpress\/ -->\n<title>Joy Jumper M\u00e1y rung \u2013 Bellwort - Desire<\/title>\n<meta name=\"robots\" content=\"index, follow, max-snippet:-1, max-image-preview:large, max-video-preview:-1\" \/>\n<link rel=\"canonical\" href=\"https:\/\/desireonline.shop\/vi\/san-pham\/joy-jumper-may-rung-bellwort\/\" \/>\n<meta property=\"og:locale\" content=\"vi_VN\" \/>\n<meta property=\"og:type\" content=\"article\" \/>\n<meta property=\"og:title\" content=\"Joy Jumper M\u00e1y rung \u2013 Bellwort - Desire\" \/>\n<meta property=\"og:description\" content=\"\u0110\u01b0\u1ee3c thi\u1ebft k\u1ebf \u0111\u1ec3 mang l\u1ea1i kho\u00e1i c\u1ea3m rung s\u00e2u v\u00e0 m\u1ea1nh m\u1ebd, chi\u1ebfc m\u00e1y rung n\u00e0y \u0111\u01b0\u1ee3c trang b\u1ecb \u0111\u1ed9ng c\u01a1 m\u1ea1nh t\u1ea1o ra rung \u0111\u1ed9ng \u0111\u1ea7y \u0111\u1eb7n v\u00e0&hellip;\" \/>\n<meta property=\"og:url\" content=\"https:\/\/desireonline.shop\/vi\/san-pham\/joy-jumper-may-rung-bellwort\/\" \/>\n<meta property=\"og:site_name\" content=\"Desire\" \/>\n<meta property=\"og:image\" content=\"https:\/\/desireonline.shop\/wp-content\/uploads\/2026\/02\/CN-570962181_00.jpg\" \/>\n\t<meta property=\"og:image:width\" content=\"2200\" \/>\n\t<meta property=\"og:image:height\" content=\"2200\" \/>\n\t<meta property=\"og:image:type\" content=\"image\/jpeg\" \/>\n<meta name=\"twitter:card\" content=\"summary_large_image\" \/>\n<meta name=\"twitter:label1\" content=\"\u01af\u1edbc t\u00ednh th\u1eddi gian \u0111\u1ecdc\" \/>\n\t<meta name=\"twitter:data1\" content=\"1 ph\u00fat\" \/>\n<script type=\"application\/ld+json\" class=\"yoast-schema-graph\">{\"@context\":\"https:\/\/schema.org\",\"@graph\":[{\"@type\":\"WebPage\",\"@id\":\"https:\/\/desireonline.shop\/vi\/san-pham\/joy-jumper-may-rung-bellwort\/\",\"url\":\"https:\/\/desireonline.shop\/vi\/san-pham\/joy-jumper-may-rung-bellwort\/\",\"name\":\"Joy Jumper M\u00e1y rung \u2013 Bellwort - Desire\",\"isPartOf\":{\"@id\":\"https:\/\/desireonline.shop\/vi\/#website\"},\"primaryImageOfPage\":{\"@id\":\"https:\/\/desireonline.shop\/vi\/san-pham\/joy-jumper-may-rung-bellwort\/#primaryimage\"},\"image\":{\"@id\":\"https:\/\/desireonline.shop\/vi\/san-pham\/joy-jumper-may-rung-bellwort\/#primaryimage\"},\"thumbnailUrl\":\"https:\/\/desireonline.shop\/wp-content\/uploads\/2026\/02\/CN-570962181_00.jpg\",\"datePublished\":\"2026-02-16T11:03:00+00:00\",\"breadcrumb\":{\"@id\":\"https:\/\/desireonline.shop\/vi\/san-pham\/joy-jumper-may-rung-bellwort\/#breadcrumb\"},\"inLanguage\":\"vi\",\"potentialAction\":[{\"@type\":\"ReadAction\",\"target\":[\"https:\/\/desireonline.shop\/vi\/san-pham\/joy-jumper-may-rung-bellwort\/\"]}]},{\"@type\":\"ImageObject\",\"inLanguage\":\"vi\",\"@id\":\"https:\/\/desireonline.shop\/vi\/san-pham\/joy-jumper-may-rung-bellwort\/#primaryimage\",\"url\":\"https:\/\/desireonline.shop\/wp-content\/uploads\/2026\/02\/CN-570962181_00.jpg\",\"contentUrl\":\"https:\/\/desireonline.shop\/wp-content\/uploads\/2026\/02\/CN-570962181_00.jpg\",\"width\":2200,\"height\":2200},{\"@type\":\"BreadcrumbList\",\"@id\":\"https:\/\/desireonline.shop\/vi\/san-pham\/joy-jumper-may-rung-bellwort\/#breadcrumb\",\"itemListElement\":[{\"@type\":\"ListItem\",\"position\":1,\"name\":\"Home\",\"item\":\"https:\/\/desireonline.shop\/vi\/trang-chu\/?lang=vi\"},{\"@type\":\"ListItem\",\"position\":2,\"name\":\"T\u1ea5t c\u1ea3 s\u1ea3n ph\u1ea9m\",\"item\":\"https:\/\/desireonline.shop\/cua-hang\/?lang=vi\"},{\"@type\":\"ListItem\",\"position\":3,\"name\":\"Joy Jumper M\u00e1y rung \u2013 Bellwort\"}]},{\"@type\":\"WebSite\",\"@id\":\"https:\/\/desireonline.shop\/vi\/#website\",\"url\":\"https:\/\/desireonline.shop\/vi\/\",\"name\":\"Desire\",\"description\":\"Sexual Wellness Platform\",\"publisher\":{\"@id\":\"https:\/\/desireonline.shop\/vi\/#organization\"},\"potentialAction\":[{\"@type\":\"SearchAction\",\"target\":{\"@type\":\"EntryPoint\",\"urlTemplate\":\"https:\/\/desireonline.shop\/vi\/?s={search_term_string}\"},\"query-input\":{\"@type\":\"PropertyValueSpecification\",\"valueRequired\":true,\"valueName\":\"search_term_string\"}}],\"inLanguage\":\"vi\"},{\"@type\":\"Organization\",\"@id\":\"https:\/\/desireonline.shop\/vi\/#organization\",\"name\":\"Desire\",\"url\":\"https:\/\/desireonline.shop\/vi\/\",\"logo\":{\"@type\":\"ImageObject\",\"inLanguage\":\"vi\",\"@id\":\"https:\/\/desireonline.shop\/vi\/#\/schema\/logo\/image\/\",\"url\":\"https:\/\/desireonline.shop\/wp-content\/uploads\/2024\/06\/Logo-Thick-Font-1.webp\",\"contentUrl\":\"https:\/\/desireonline.shop\/wp-content\/uploads\/2024\/06\/Logo-Thick-Font-1.webp\",\"width\":268,\"height\":399,\"caption\":\"Desire\"},\"image\":{\"@id\":\"https:\/\/desireonline.shop\/vi\/#\/schema\/logo\/image\/\"}}]}<\/script>\n<!-- \/ Yoast SEO plugin. -->","yoast_head_json":{"title":"Joy Jumper M\u00e1y rung \u2013 Bellwort - Desire","robots":{"index":"index","follow":"follow","max-snippet":"max-snippet:-1","max-image-preview":"max-image-preview:large","max-video-preview":"max-video-preview:-1"},"canonical":"https:\/\/desireonline.shop\/vi\/san-pham\/joy-jumper-may-rung-bellwort\/","og_locale":"vi_VN","og_type":"article","og_title":"Joy Jumper M\u00e1y rung \u2013 Bellwort - Desire","og_description":"\u0110\u01b0\u1ee3c thi\u1ebft k\u1ebf \u0111\u1ec3 mang l\u1ea1i kho\u00e1i c\u1ea3m rung s\u00e2u v\u00e0 m\u1ea1nh m\u1ebd, chi\u1ebfc m\u00e1y rung n\u00e0y \u0111\u01b0\u1ee3c trang b\u1ecb \u0111\u1ed9ng c\u01a1 m\u1ea1nh t\u1ea1o ra rung \u0111\u1ed9ng \u0111\u1ea7y \u0111\u1eb7n v\u00e0&hellip;","og_url":"https:\/\/desireonline.shop\/vi\/san-pham\/joy-jumper-may-rung-bellwort\/","og_site_name":"Desire","og_image":[{"width":2200,"height":2200,"url":"https:\/\/desireonline.shop\/wp-content\/uploads\/2026\/02\/CN-570962181_00.jpg","type":"image\/jpeg"}],"twitter_card":"summary_large_image","twitter_misc":{"\u01af\u1edbc t\u00ednh th\u1eddi gian \u0111\u1ecdc":"1 ph\u00fat"},"schema":{"@context":"https:\/\/schema.org","@graph":[{"@type":"WebPage","@id":"https:\/\/desireonline.shop\/vi\/san-pham\/joy-jumper-may-rung-bellwort\/","url":"https:\/\/desireonline.shop\/vi\/san-pham\/joy-jumper-may-rung-bellwort\/","name":"Joy Jumper M\u00e1y rung \u2013 Bellwort - Desire","isPartOf":{"@id":"https:\/\/desireonline.shop\/vi\/#website"},"primaryImageOfPage":{"@id":"https:\/\/desireonline.shop\/vi\/san-pham\/joy-jumper-may-rung-bellwort\/#primaryimage"},"image":{"@id":"https:\/\/desireonline.shop\/vi\/san-pham\/joy-jumper-may-rung-bellwort\/#primaryimage"},"thumbnailUrl":"https:\/\/desireonline.shop\/wp-content\/uploads\/2026\/02\/CN-570962181_00.jpg","datePublished":"2026-02-16T11:03:00+00:00","breadcrumb":{"@id":"https:\/\/desireonline.shop\/vi\/san-pham\/joy-jumper-may-rung-bellwort\/#breadcrumb"},"inLanguage":"vi","potentialAction":[{"@type":"ReadAction","target":["https:\/\/desireonline.shop\/vi\/san-pham\/joy-jumper-may-rung-bellwort\/"]}]},{"@type":"ImageObject","inLanguage":"vi","@id":"https:\/\/desireonline.shop\/vi\/san-pham\/joy-jumper-may-rung-bellwort\/#primaryimage","url":"https:\/\/desireonline.shop\/wp-content\/uploads\/2026\/02\/CN-570962181_00.jpg","contentUrl":"https:\/\/desireonline.shop\/wp-content\/uploads\/2026\/02\/CN-570962181_00.jpg","width":2200,"height":2200},{"@type":"BreadcrumbList","@id":"https:\/\/desireonline.shop\/vi\/san-pham\/joy-jumper-may-rung-bellwort\/#breadcrumb","itemListElement":[{"@type":"ListItem","position":1,"name":"Home","item":"https:\/\/desireonline.shop\/vi\/trang-chu\/?lang=vi"},{"@type":"ListItem","position":2,"name":"T\u1ea5t c\u1ea3 s\u1ea3n ph\u1ea9m","item":"https:\/\/desireonline.shop\/cua-hang\/?lang=vi"},{"@type":"ListItem","position":3,"name":"Joy Jumper M\u00e1y rung \u2013 Bellwort"}]},{"@type":"WebSite","@id":"https:\/\/desireonline.shop\/vi\/#website","url":"https:\/\/desireonline.shop\/vi\/","name":"Desire","description":"Sexual Wellness Platform","publisher":{"@id":"https:\/\/desireonline.shop\/vi\/#organization"},"potentialAction":[{"@type":"SearchAction","target":{"@type":"EntryPoint","urlTemplate":"https:\/\/desireonline.shop\/vi\/?s={search_term_string}"},"query-input":{"@type":"PropertyValueSpecification","valueRequired":true,"valueName":"search_term_string"}}],"inLanguage":"vi"},{"@type":"Organization","@id":"https:\/\/desireonline.shop\/vi\/#organization","name":"Desire","url":"https:\/\/desireonline.shop\/vi\/","logo":{"@type":"ImageObject","inLanguage":"vi","@id":"https:\/\/desireonline.shop\/vi\/#\/schema\/logo\/image\/","url":"https:\/\/desireonline.shop\/wp-content\/uploads\/2024\/06\/Logo-Thick-Font-1.webp","contentUrl":"https:\/\/desireonline.shop\/wp-content\/uploads\/2024\/06\/Logo-Thick-Font-1.webp","width":268,"height":399,"caption":"Desire"},"image":{"@id":"https:\/\/desireonline.shop\/vi\/#\/schema\/logo\/image\/"}}]}},"_links":{"self":[{"href":"https:\/\/desireonline.shop\/vi\/wp-json\/wp\/v2\/product\/68089","targetHints":{"allow":["GET"]}}],"collection":[{"href":"https:\/\/desireonline.shop\/vi\/wp-json\/wp\/v2\/product"}],"about":[{"href":"https:\/\/desireonline.shop\/vi\/wp-json\/wp\/v2\/types\/product"}],"replies":[{"embeddable":true,"href":"https:\/\/desireonline.shop\/vi\/wp-json\/wp\/v2\/comments?post=68089"}],"version-history":[{"count":0,"href":"https:\/\/desireonline.shop\/vi\/wp-json\/wp\/v2\/product\/68089\/revisions"}],"wp:featuredmedia":[{"embeddable":true,"href":"https:\/\/desireonline.shop\/vi\/wp-json\/wp\/v2\/media\/61853"}],"wp:attachment":[{"href":"https:\/\/desireonline.shop\/vi\/wp-json\/wp\/v2\/media?parent=68089"}],"wp:term":[{"taxonomy":"product_brand","embeddable":true,"href":"https:\/\/desireonline.shop\/vi\/wp-json\/wp\/v2\/product_brand?post=68089"},{"taxonomy":"product_cat","embeddable":true,"href":"https:\/\/desireonline.shop\/vi\/wp-json\/wp\/v2\/product_cat?post=68089"},{"taxonomy":"product_tag","embeddable":true,"href":"https:\/\/desireonline.shop\/vi\/wp-json\/wp\/v2\/product_tag?post=68089"}],"curies":[{"name":"wp","href":"https:\/\/api.w.org\/{rel}","templated":true}]}}