{"id":68110,"date":"2026-02-16T11:04:00","date_gmt":"2026-02-16T11:04:00","guid":{"rendered":"https:\/\/desireonline.shop\/product\/real-touchs-pleasant-duong-vat-gia-rung-7-8-no-02-2\/"},"modified":"2026-02-16T11:04:00","modified_gmt":"2026-02-16T11:04:00","slug":"real-touchs-pleasant-duong-vat-gia-rung-7-8-no-02-2","status":"publish","type":"product","link":"https:\/\/desireonline.shop\/vi\/san-pham\/real-touchs-pleasant-duong-vat-gia-rung-7-8-no-02-2\/","title":{"rendered":"Real-TouchS Pleasant D\u01b0\u01a1ng v\u1eadt gi\u1ea3 rung 7.8\u201d NO.02"},"content":{"rendered":"<p>\u0110\u01b0\u1ee3c thi\u1ebft k\u1ebf \u0111\u1ec3 k\u1ebft h\u1ee3p c\u1ea3m gi\u00e1c ch\u00e2n th\u1ef1c v\u1edbi kh\u1ea3 n\u0103ng \u0111i\u1ec1u khi\u1ec3n linh ho\u1ea1t, d\u01b0\u01a1ng v\u1eadt gi\u1ea3 rung n\u00e0y c\u00f3 b\u1ec1 m\u1eb7t m\u1ecbn nh\u01b0 th\u1eadt k\u1ebft h\u1ee3p v\u1edbi nhi\u1ec1u t\u1ed1c \u0111\u1ed9 rung \u0111\u1ec3 ph\u00f9 h\u1ee3p v\u1edbi c\u00e1c t\u00e2m tr\u1ea1ng kh\u00e1c nhau. H\u00ecnh d\u00e1ng c\u00e2n b\u1eb1ng gi\u00fap c\u1ea3m gi\u00e1c k\u00edch th\u00edch tr\u1edf n\u00ean t\u1ef1 nhi\u00ean v\u00e0 tho\u1ea3i m\u00e1i ngay t\u1eeb l\u1ea7n ch\u1ea1m \u0111\u1ea7u ti\u00ean.<\/p>\n<p>\u0110i\u1ec1u khi\u1ec3n t\u1eeb xa cho ph\u00e9p \u0111i\u1ec1u ch\u1ec9nh d\u1ec5 d\u00e0ng m\u00e0 kh\u00f4ng c\u1ea7n d\u00f9ng tay, trong khi \u0111\u1ebf c\u1ed1c h\u00fat m\u1ea1nh gi\u00fap s\u1ea3n ph\u1ea9m l\u00fd t\u01b0\u1edfng \u0111\u1ec3 th\u1eed nghi\u1ec7m nhi\u1ec1u t\u01b0 th\u1ebf kh\u00e1c nhau. \u0110\u01b0\u1ee3c l\u00e0m t\u1eeb ch\u1ea5t li\u1ec7u kh\u00f4ng ch\u1ee9a phthalate v\u00e0 latex, \u0111\u00e2y l\u00e0 l\u1ef1a ch\u1ecdn \u0111\u00e1ng tin c\u1eady cho nh\u1eefng ph\u00fat gi\u00e2y t\u1ef1 t\u1eadn h\u01b0\u1edfng th\u01b0 gi\u00e3n khi b\u1ea1n mu\u1ed1n c\u1ea3m gi\u00e1c ch\u00e2n th\u1ef1c v\u1edbi s\u1ef1 linh ho\u1ea1t b\u1ed5 sung.<\/p>\n","protected":false},"excerpt":{"rendered":"<p>\u0110\u01b0\u1ee3c thi\u1ebft k\u1ebf \u0111\u1ec3 k\u1ebft h\u1ee3p c\u1ea3m gi\u00e1c ch\u00e2n th\u1ef1c v\u1edbi kh\u1ea3 n\u0103ng \u0111i\u1ec1u khi\u1ec3n linh ho\u1ea1t, d\u01b0\u01a1ng v\u1eadt gi\u1ea3 rung n\u00e0y c\u00f3 b\u1ec1 m\u1eb7t m\u1ecbn nh\u01b0 th\u1eadt k\u1ebft h\u1ee3p&hellip;<\/p>\n","protected":false},"featured_media":61908,"comment_status":"open","ping_status":"closed","template":"","meta":{"_acf_changed":false},"product_brand":[],"product_cat":[1341,1429,1425,1427],"product_tag":[],"class_list":{"0":"post-68110","1":"product","2":"type-product","3":"status-publish","4":"has-post-thumbnail","6":"product_cat-for-men","7":"product_cat-duong-vat-gia-co-rung","8":"product_cat-duong-vat-gia-thuc-te","9":"product_cat-tuong-thich-voi-day-deo-duong-vat-gia-gan-deo-mang-den-da-dang-hinh-dang-kich-thuoc-va-cam-giac-cho-trai-nghiem-chung","11":"first","12":"instock","13":"shipping-taxable","14":"purchasable","15":"product-type-simple"},"acf":[],"yoast_head":"<!-- This site is optimized with the Yoast SEO plugin v27.1.1 - https:\/\/yoast.com\/product\/yoast-seo-wordpress\/ -->\n<title>Real-TouchS Pleasant D\u01b0\u01a1ng v\u1eadt gi\u1ea3 rung 7.8\u201d NO.02 - Desire<\/title>\n<meta name=\"robots\" content=\"index, follow, max-snippet:-1, max-image-preview:large, max-video-preview:-1\" \/>\n<link rel=\"canonical\" href=\"https:\/\/desireonline.shop\/vi\/san-pham\/real-touchs-pleasant-duong-vat-gia-rung-7-8-no-02-2\/\" \/>\n<meta property=\"og:locale\" content=\"vi_VN\" \/>\n<meta property=\"og:type\" content=\"article\" \/>\n<meta property=\"og:title\" content=\"Real-TouchS Pleasant D\u01b0\u01a1ng v\u1eadt gi\u1ea3 rung 7.8\u201d NO.02 - Desire\" \/>\n<meta property=\"og:description\" content=\"\u0110\u01b0\u1ee3c thi\u1ebft k\u1ebf \u0111\u1ec3 k\u1ebft h\u1ee3p c\u1ea3m gi\u00e1c ch\u00e2n th\u1ef1c v\u1edbi kh\u1ea3 n\u0103ng \u0111i\u1ec1u khi\u1ec3n linh ho\u1ea1t, d\u01b0\u01a1ng v\u1eadt gi\u1ea3 rung n\u00e0y c\u00f3 b\u1ec1 m\u1eb7t m\u1ecbn nh\u01b0 th\u1eadt k\u1ebft h\u1ee3p&hellip;\" \/>\n<meta property=\"og:url\" content=\"https:\/\/desireonline.shop\/vi\/san-pham\/real-touchs-pleasant-duong-vat-gia-rung-7-8-no-02-2\/\" \/>\n<meta property=\"og:site_name\" content=\"Desire\" \/>\n<meta property=\"og:image\" content=\"https:\/\/desireonline.shop\/wp-content\/uploads\/2026\/02\/CN-101125440_00.jpg\" \/>\n\t<meta property=\"og:image:width\" content=\"1000\" \/>\n\t<meta property=\"og:image:height\" content=\"1000\" \/>\n\t<meta property=\"og:image:type\" content=\"image\/jpeg\" \/>\n<meta name=\"twitter:card\" content=\"summary_large_image\" \/>\n<meta name=\"twitter:label1\" content=\"\u01af\u1edbc t\u00ednh th\u1eddi gian \u0111\u1ecdc\" \/>\n\t<meta name=\"twitter:data1\" content=\"1 ph\u00fat\" \/>\n<script type=\"application\/ld+json\" class=\"yoast-schema-graph\">{\"@context\":\"https:\/\/schema.org\",\"@graph\":[{\"@type\":\"WebPage\",\"@id\":\"https:\/\/desireonline.shop\/vi\/san-pham\/real-touchs-pleasant-duong-vat-gia-rung-7-8-no-02-2\/\",\"url\":\"https:\/\/desireonline.shop\/vi\/san-pham\/real-touchs-pleasant-duong-vat-gia-rung-7-8-no-02-2\/\",\"name\":\"Real-TouchS Pleasant D\u01b0\u01a1ng v\u1eadt gi\u1ea3 rung 7.8\u201d NO.02 - Desire\",\"isPartOf\":{\"@id\":\"https:\/\/desireonline.shop\/vi\/#website\"},\"primaryImageOfPage\":{\"@id\":\"https:\/\/desireonline.shop\/vi\/san-pham\/real-touchs-pleasant-duong-vat-gia-rung-7-8-no-02-2\/#primaryimage\"},\"image\":{\"@id\":\"https:\/\/desireonline.shop\/vi\/san-pham\/real-touchs-pleasant-duong-vat-gia-rung-7-8-no-02-2\/#primaryimage\"},\"thumbnailUrl\":\"https:\/\/desireonline.shop\/wp-content\/uploads\/2026\/02\/CN-101125440_00.jpg\",\"datePublished\":\"2026-02-16T11:04:00+00:00\",\"breadcrumb\":{\"@id\":\"https:\/\/desireonline.shop\/vi\/san-pham\/real-touchs-pleasant-duong-vat-gia-rung-7-8-no-02-2\/#breadcrumb\"},\"inLanguage\":\"vi\",\"potentialAction\":[{\"@type\":\"ReadAction\",\"target\":[\"https:\/\/desireonline.shop\/vi\/san-pham\/real-touchs-pleasant-duong-vat-gia-rung-7-8-no-02-2\/\"]}]},{\"@type\":\"ImageObject\",\"inLanguage\":\"vi\",\"@id\":\"https:\/\/desireonline.shop\/vi\/san-pham\/real-touchs-pleasant-duong-vat-gia-rung-7-8-no-02-2\/#primaryimage\",\"url\":\"https:\/\/desireonline.shop\/wp-content\/uploads\/2026\/02\/CN-101125440_00.jpg\",\"contentUrl\":\"https:\/\/desireonline.shop\/wp-content\/uploads\/2026\/02\/CN-101125440_00.jpg\",\"width\":1000,\"height\":1000},{\"@type\":\"BreadcrumbList\",\"@id\":\"https:\/\/desireonline.shop\/vi\/san-pham\/real-touchs-pleasant-duong-vat-gia-rung-7-8-no-02-2\/#breadcrumb\",\"itemListElement\":[{\"@type\":\"ListItem\",\"position\":1,\"name\":\"Home\",\"item\":\"https:\/\/desireonline.shop\/vi\/trang-chu\/?lang=vi\"},{\"@type\":\"ListItem\",\"position\":2,\"name\":\"T\u1ea5t c\u1ea3 s\u1ea3n ph\u1ea9m\",\"item\":\"https:\/\/desireonline.shop\/cua-hang\/?lang=vi\"},{\"@type\":\"ListItem\",\"position\":3,\"name\":\"Real-TouchS Pleasant D\u01b0\u01a1ng v\u1eadt gi\u1ea3 rung 7.8\u201d NO.02\"}]},{\"@type\":\"WebSite\",\"@id\":\"https:\/\/desireonline.shop\/vi\/#website\",\"url\":\"https:\/\/desireonline.shop\/vi\/\",\"name\":\"Desire\",\"description\":\"Sexual Wellness Platform\",\"publisher\":{\"@id\":\"https:\/\/desireonline.shop\/vi\/#organization\"},\"potentialAction\":[{\"@type\":\"SearchAction\",\"target\":{\"@type\":\"EntryPoint\",\"urlTemplate\":\"https:\/\/desireonline.shop\/vi\/?s={search_term_string}\"},\"query-input\":{\"@type\":\"PropertyValueSpecification\",\"valueRequired\":true,\"valueName\":\"search_term_string\"}}],\"inLanguage\":\"vi\"},{\"@type\":\"Organization\",\"@id\":\"https:\/\/desireonline.shop\/vi\/#organization\",\"name\":\"Desire\",\"url\":\"https:\/\/desireonline.shop\/vi\/\",\"logo\":{\"@type\":\"ImageObject\",\"inLanguage\":\"vi\",\"@id\":\"https:\/\/desireonline.shop\/vi\/#\/schema\/logo\/image\/\",\"url\":\"https:\/\/desireonline.shop\/wp-content\/uploads\/2024\/06\/Logo-Thick-Font-1.webp\",\"contentUrl\":\"https:\/\/desireonline.shop\/wp-content\/uploads\/2024\/06\/Logo-Thick-Font-1.webp\",\"width\":268,\"height\":399,\"caption\":\"Desire\"},\"image\":{\"@id\":\"https:\/\/desireonline.shop\/vi\/#\/schema\/logo\/image\/\"}}]}<\/script>\n<!-- \/ Yoast SEO plugin. -->","yoast_head_json":{"title":"Real-TouchS Pleasant D\u01b0\u01a1ng v\u1eadt gi\u1ea3 rung 7.8\u201d NO.02 - Desire","robots":{"index":"index","follow":"follow","max-snippet":"max-snippet:-1","max-image-preview":"max-image-preview:large","max-video-preview":"max-video-preview:-1"},"canonical":"https:\/\/desireonline.shop\/vi\/san-pham\/real-touchs-pleasant-duong-vat-gia-rung-7-8-no-02-2\/","og_locale":"vi_VN","og_type":"article","og_title":"Real-TouchS Pleasant D\u01b0\u01a1ng v\u1eadt gi\u1ea3 rung 7.8\u201d NO.02 - Desire","og_description":"\u0110\u01b0\u1ee3c thi\u1ebft k\u1ebf \u0111\u1ec3 k\u1ebft h\u1ee3p c\u1ea3m gi\u00e1c ch\u00e2n th\u1ef1c v\u1edbi kh\u1ea3 n\u0103ng \u0111i\u1ec1u khi\u1ec3n linh ho\u1ea1t, d\u01b0\u01a1ng v\u1eadt gi\u1ea3 rung n\u00e0y c\u00f3 b\u1ec1 m\u1eb7t m\u1ecbn nh\u01b0 th\u1eadt k\u1ebft h\u1ee3p&hellip;","og_url":"https:\/\/desireonline.shop\/vi\/san-pham\/real-touchs-pleasant-duong-vat-gia-rung-7-8-no-02-2\/","og_site_name":"Desire","og_image":[{"width":1000,"height":1000,"url":"https:\/\/desireonline.shop\/wp-content\/uploads\/2026\/02\/CN-101125440_00.jpg","type":"image\/jpeg"}],"twitter_card":"summary_large_image","twitter_misc":{"\u01af\u1edbc t\u00ednh th\u1eddi gian \u0111\u1ecdc":"1 ph\u00fat"},"schema":{"@context":"https:\/\/schema.org","@graph":[{"@type":"WebPage","@id":"https:\/\/desireonline.shop\/vi\/san-pham\/real-touchs-pleasant-duong-vat-gia-rung-7-8-no-02-2\/","url":"https:\/\/desireonline.shop\/vi\/san-pham\/real-touchs-pleasant-duong-vat-gia-rung-7-8-no-02-2\/","name":"Real-TouchS Pleasant D\u01b0\u01a1ng v\u1eadt gi\u1ea3 rung 7.8\u201d NO.02 - Desire","isPartOf":{"@id":"https:\/\/desireonline.shop\/vi\/#website"},"primaryImageOfPage":{"@id":"https:\/\/desireonline.shop\/vi\/san-pham\/real-touchs-pleasant-duong-vat-gia-rung-7-8-no-02-2\/#primaryimage"},"image":{"@id":"https:\/\/desireonline.shop\/vi\/san-pham\/real-touchs-pleasant-duong-vat-gia-rung-7-8-no-02-2\/#primaryimage"},"thumbnailUrl":"https:\/\/desireonline.shop\/wp-content\/uploads\/2026\/02\/CN-101125440_00.jpg","datePublished":"2026-02-16T11:04:00+00:00","breadcrumb":{"@id":"https:\/\/desireonline.shop\/vi\/san-pham\/real-touchs-pleasant-duong-vat-gia-rung-7-8-no-02-2\/#breadcrumb"},"inLanguage":"vi","potentialAction":[{"@type":"ReadAction","target":["https:\/\/desireonline.shop\/vi\/san-pham\/real-touchs-pleasant-duong-vat-gia-rung-7-8-no-02-2\/"]}]},{"@type":"ImageObject","inLanguage":"vi","@id":"https:\/\/desireonline.shop\/vi\/san-pham\/real-touchs-pleasant-duong-vat-gia-rung-7-8-no-02-2\/#primaryimage","url":"https:\/\/desireonline.shop\/wp-content\/uploads\/2026\/02\/CN-101125440_00.jpg","contentUrl":"https:\/\/desireonline.shop\/wp-content\/uploads\/2026\/02\/CN-101125440_00.jpg","width":1000,"height":1000},{"@type":"BreadcrumbList","@id":"https:\/\/desireonline.shop\/vi\/san-pham\/real-touchs-pleasant-duong-vat-gia-rung-7-8-no-02-2\/#breadcrumb","itemListElement":[{"@type":"ListItem","position":1,"name":"Home","item":"https:\/\/desireonline.shop\/vi\/trang-chu\/?lang=vi"},{"@type":"ListItem","position":2,"name":"T\u1ea5t c\u1ea3 s\u1ea3n ph\u1ea9m","item":"https:\/\/desireonline.shop\/cua-hang\/?lang=vi"},{"@type":"ListItem","position":3,"name":"Real-TouchS Pleasant D\u01b0\u01a1ng v\u1eadt gi\u1ea3 rung 7.8\u201d NO.02"}]},{"@type":"WebSite","@id":"https:\/\/desireonline.shop\/vi\/#website","url":"https:\/\/desireonline.shop\/vi\/","name":"Desire","description":"Sexual Wellness Platform","publisher":{"@id":"https:\/\/desireonline.shop\/vi\/#organization"},"potentialAction":[{"@type":"SearchAction","target":{"@type":"EntryPoint","urlTemplate":"https:\/\/desireonline.shop\/vi\/?s={search_term_string}"},"query-input":{"@type":"PropertyValueSpecification","valueRequired":true,"valueName":"search_term_string"}}],"inLanguage":"vi"},{"@type":"Organization","@id":"https:\/\/desireonline.shop\/vi\/#organization","name":"Desire","url":"https:\/\/desireonline.shop\/vi\/","logo":{"@type":"ImageObject","inLanguage":"vi","@id":"https:\/\/desireonline.shop\/vi\/#\/schema\/logo\/image\/","url":"https:\/\/desireonline.shop\/wp-content\/uploads\/2024\/06\/Logo-Thick-Font-1.webp","contentUrl":"https:\/\/desireonline.shop\/wp-content\/uploads\/2024\/06\/Logo-Thick-Font-1.webp","width":268,"height":399,"caption":"Desire"},"image":{"@id":"https:\/\/desireonline.shop\/vi\/#\/schema\/logo\/image\/"}}]}},"_links":{"self":[{"href":"https:\/\/desireonline.shop\/vi\/wp-json\/wp\/v2\/product\/68110","targetHints":{"allow":["GET"]}}],"collection":[{"href":"https:\/\/desireonline.shop\/vi\/wp-json\/wp\/v2\/product"}],"about":[{"href":"https:\/\/desireonline.shop\/vi\/wp-json\/wp\/v2\/types\/product"}],"replies":[{"embeddable":true,"href":"https:\/\/desireonline.shop\/vi\/wp-json\/wp\/v2\/comments?post=68110"}],"version-history":[{"count":0,"href":"https:\/\/desireonline.shop\/vi\/wp-json\/wp\/v2\/product\/68110\/revisions"}],"wp:featuredmedia":[{"embeddable":true,"href":"https:\/\/desireonline.shop\/vi\/wp-json\/wp\/v2\/media\/61908"}],"wp:attachment":[{"href":"https:\/\/desireonline.shop\/vi\/wp-json\/wp\/v2\/media?parent=68110"}],"wp:term":[{"taxonomy":"product_brand","embeddable":true,"href":"https:\/\/desireonline.shop\/vi\/wp-json\/wp\/v2\/product_brand?post=68110"},{"taxonomy":"product_cat","embeddable":true,"href":"https:\/\/desireonline.shop\/vi\/wp-json\/wp\/v2\/product_cat?post=68110"},{"taxonomy":"product_tag","embeddable":true,"href":"https:\/\/desireonline.shop\/vi\/wp-json\/wp\/v2\/product_tag?post=68110"}],"curies":[{"name":"wp","href":"https:\/\/api.w.org\/{rel}","templated":true}]}}