{"id":68132,"date":"2026-02-16T11:05:00","date_gmt":"2026-02-16T11:05:00","guid":{"rendered":"https:\/\/desireonline.shop\/product\/beast-in-black-renegade-may-massage-tuyen-tien-liet-dieu-khien-tu-xa\/"},"modified":"2026-02-16T11:05:00","modified_gmt":"2026-02-16T11:05:00","slug":"beast-in-black-renegade-may-massage-tuyen-tien-liet-dieu-khien-tu-xa","status":"publish","type":"product","link":"https:\/\/desireonline.shop\/vi\/san-pham\/beast-in-black-renegade-may-massage-tuyen-tien-liet-dieu-khien-tu-xa\/","title":{"rendered":"Beast in Black Renegade M\u00e1y massage tuy\u1ebfn ti\u1ec1n li\u1ec7t \u0111i\u1ec1u khi\u1ec3n t\u1eeb xa"},"content":{"rendered":"<p>\u0110\u01b0\u1ee3c thi\u1ebft k\u1ebf \u0111\u1ec3 t\u0103ng th\u00eam chuy\u1ec3n \u0111\u1ed9ng v\u00e0 s\u1ef1 \u0111a d\u1ea1ng cho tr\u1ea3i nghi\u1ec7m k\u00edch th\u00edch tuy\u1ebfn ti\u1ec1n li\u1ec7t, thi\u1ebft b\u1ecb massage n\u00e0y k\u1ebft h\u1ee3p rung \u0111\u1ed9ng v\u1edbi chuy\u1ec3n \u0111\u1ed9ng th\u1ee5t \u0111\u1ec3 mang l\u1ea1i c\u1ea3m gi\u00e1c ch\u00e2n th\u1ef1c v\u00e0 cu\u1ed1n h\u00fat h\u01a1n. Thi\u1ebft k\u1ebf cong gi\u00fap duy tr\u00ec ti\u1ebfp x\u00fac \u1ed5n \u0111\u1ecbnh, h\u1ed7 tr\u1ee3 c\u1ea3m gi\u00e1c k\u00edch th\u00edch lu\u00f4n t\u1eadp trung v\u00e0 th\u1ecfa m\u00e3n.<\/p>\n<p>V\u1edbi nhi\u1ec1u ch\u1ebf \u0111\u1ed9 rung v\u00e0 chuy\u1ec3n \u0111\u1ed9ng th\u1ee5t c\u00f9ng \u0111i\u1ec1u khi\u1ec3n t\u1eeb xa kh\u00f4ng d\u00e2y \u0111\u1ec3 s\u1eed d\u1ee5ng d\u1ec5 d\u00e0ng, b\u1ea1n c\u00f3 th\u1ec3 kh\u00e1m ph\u00e1 c\u00e1c nh\u1ecbp \u0111i\u1ec7u v\u00e0 c\u01b0\u1eddng \u0111\u1ed9 kh\u00e1c nhau. M\u1ed9t l\u1ef1a ch\u1ecdn linh ho\u1ea1t cho nh\u1eefng ai mu\u1ed1n t\u0103ng c\u01b0\u1eddng c\u1ea3m gi\u00e1c v\u00e0 t\u1eadn h\u01b0\u1edfng tr\u1ea3i nghi\u1ec7m k\u00edch th\u00edch tuy\u1ebfn ti\u1ec1n li\u1ec7t r\u1ea3nh tay.<\/p>\n","protected":false},"excerpt":{"rendered":"<p>\u0110\u01b0\u1ee3c thi\u1ebft k\u1ebf \u0111\u1ec3 t\u0103ng th\u00eam chuy\u1ec3n \u0111\u1ed9ng v\u00e0 s\u1ef1 \u0111a d\u1ea1ng cho tr\u1ea3i nghi\u1ec7m k\u00edch th\u00edch tuy\u1ebfn ti\u1ec1n li\u1ec7t, thi\u1ebft b\u1ecb massage n\u00e0y k\u1ebft h\u1ee3p rung \u0111\u1ed9ng v\u1edbi chuy\u1ec3n&hellip;<\/p>\n","protected":false},"featured_media":61946,"comment_status":"open","ping_status":"closed","template":"","meta":{"_acf_changed":false},"product_brand":[],"product_cat":[1344,1366,1305,1370],"product_tag":[],"class_list":{"0":"post-68132","1":"product","2":"type-product","3":"status-publish","4":"has-post-thumbnail","6":"product_cat-bdsm","7":"product_cat-bo-san-pham-than-mat","8":"product_cat-danh-cho-cac-cap-doi","9":"product_cat-dung-cu-massage-tuyen-tien-liet","11":"first","12":"instock","13":"shipping-taxable","14":"purchasable","15":"product-type-simple"},"acf":[],"yoast_head":"<!-- This site is optimized with the Yoast SEO plugin v27.1.1 - https:\/\/yoast.com\/product\/yoast-seo-wordpress\/ -->\n<title>Beast in Black Renegade M\u00e1y massage tuy\u1ebfn ti\u1ec1n li\u1ec7t \u0111i\u1ec1u khi\u1ec3n t\u1eeb xa - Desire<\/title>\n<meta name=\"robots\" content=\"index, follow, max-snippet:-1, max-image-preview:large, max-video-preview:-1\" \/>\n<link rel=\"canonical\" href=\"https:\/\/desireonline.shop\/vi\/san-pham\/beast-in-black-renegade-may-massage-tuyen-tien-liet-dieu-khien-tu-xa\/\" \/>\n<meta property=\"og:locale\" content=\"vi_VN\" \/>\n<meta property=\"og:type\" content=\"article\" \/>\n<meta property=\"og:title\" content=\"Beast in Black Renegade M\u00e1y massage tuy\u1ebfn ti\u1ec1n li\u1ec7t \u0111i\u1ec1u khi\u1ec3n t\u1eeb xa - Desire\" \/>\n<meta property=\"og:description\" content=\"\u0110\u01b0\u1ee3c thi\u1ebft k\u1ebf \u0111\u1ec3 t\u0103ng th\u00eam chuy\u1ec3n \u0111\u1ed9ng v\u00e0 s\u1ef1 \u0111a d\u1ea1ng cho tr\u1ea3i nghi\u1ec7m k\u00edch th\u00edch tuy\u1ebfn ti\u1ec1n li\u1ec7t, thi\u1ebft b\u1ecb massage n\u00e0y k\u1ebft h\u1ee3p rung \u0111\u1ed9ng v\u1edbi chuy\u1ec3n&hellip;\" \/>\n<meta property=\"og:url\" content=\"https:\/\/desireonline.shop\/vi\/san-pham\/beast-in-black-renegade-may-massage-tuyen-tien-liet-dieu-khien-tu-xa\/\" \/>\n<meta property=\"og:site_name\" content=\"Desire\" \/>\n<meta property=\"og:image\" content=\"https:\/\/desireonline.shop\/wp-content\/uploads\/2026\/02\/CN-917531712_00.jpg\" \/>\n\t<meta property=\"og:image:width\" content=\"1000\" \/>\n\t<meta property=\"og:image:height\" content=\"1000\" \/>\n\t<meta property=\"og:image:type\" content=\"image\/jpeg\" \/>\n<meta name=\"twitter:card\" content=\"summary_large_image\" \/>\n<meta name=\"twitter:label1\" content=\"\u01af\u1edbc t\u00ednh th\u1eddi gian \u0111\u1ecdc\" \/>\n\t<meta name=\"twitter:data1\" content=\"1 ph\u00fat\" \/>\n<script type=\"application\/ld+json\" class=\"yoast-schema-graph\">{\"@context\":\"https:\/\/schema.org\",\"@graph\":[{\"@type\":\"WebPage\",\"@id\":\"https:\/\/desireonline.shop\/vi\/san-pham\/beast-in-black-renegade-may-massage-tuyen-tien-liet-dieu-khien-tu-xa\/\",\"url\":\"https:\/\/desireonline.shop\/vi\/san-pham\/beast-in-black-renegade-may-massage-tuyen-tien-liet-dieu-khien-tu-xa\/\",\"name\":\"Beast in Black Renegade M\u00e1y massage tuy\u1ebfn ti\u1ec1n li\u1ec7t \u0111i\u1ec1u khi\u1ec3n t\u1eeb xa - Desire\",\"isPartOf\":{\"@id\":\"https:\/\/desireonline.shop\/vi\/#website\"},\"primaryImageOfPage\":{\"@id\":\"https:\/\/desireonline.shop\/vi\/san-pham\/beast-in-black-renegade-may-massage-tuyen-tien-liet-dieu-khien-tu-xa\/#primaryimage\"},\"image\":{\"@id\":\"https:\/\/desireonline.shop\/vi\/san-pham\/beast-in-black-renegade-may-massage-tuyen-tien-liet-dieu-khien-tu-xa\/#primaryimage\"},\"thumbnailUrl\":\"https:\/\/desireonline.shop\/wp-content\/uploads\/2026\/02\/CN-917531712_00.jpg\",\"datePublished\":\"2026-02-16T11:05:00+00:00\",\"breadcrumb\":{\"@id\":\"https:\/\/desireonline.shop\/vi\/san-pham\/beast-in-black-renegade-may-massage-tuyen-tien-liet-dieu-khien-tu-xa\/#breadcrumb\"},\"inLanguage\":\"vi\",\"potentialAction\":[{\"@type\":\"ReadAction\",\"target\":[\"https:\/\/desireonline.shop\/vi\/san-pham\/beast-in-black-renegade-may-massage-tuyen-tien-liet-dieu-khien-tu-xa\/\"]}]},{\"@type\":\"ImageObject\",\"inLanguage\":\"vi\",\"@id\":\"https:\/\/desireonline.shop\/vi\/san-pham\/beast-in-black-renegade-may-massage-tuyen-tien-liet-dieu-khien-tu-xa\/#primaryimage\",\"url\":\"https:\/\/desireonline.shop\/wp-content\/uploads\/2026\/02\/CN-917531712_00.jpg\",\"contentUrl\":\"https:\/\/desireonline.shop\/wp-content\/uploads\/2026\/02\/CN-917531712_00.jpg\",\"width\":1000,\"height\":1000},{\"@type\":\"BreadcrumbList\",\"@id\":\"https:\/\/desireonline.shop\/vi\/san-pham\/beast-in-black-renegade-may-massage-tuyen-tien-liet-dieu-khien-tu-xa\/#breadcrumb\",\"itemListElement\":[{\"@type\":\"ListItem\",\"position\":1,\"name\":\"Home\",\"item\":\"https:\/\/desireonline.shop\/vi\/trang-chu\/?lang=vi\"},{\"@type\":\"ListItem\",\"position\":2,\"name\":\"T\u1ea5t c\u1ea3 s\u1ea3n ph\u1ea9m\",\"item\":\"https:\/\/desireonline.shop\/cua-hang\/?lang=vi\"},{\"@type\":\"ListItem\",\"position\":3,\"name\":\"Beast in Black Renegade M\u00e1y massage tuy\u1ebfn ti\u1ec1n li\u1ec7t \u0111i\u1ec1u khi\u1ec3n t\u1eeb xa\"}]},{\"@type\":\"WebSite\",\"@id\":\"https:\/\/desireonline.shop\/vi\/#website\",\"url\":\"https:\/\/desireonline.shop\/vi\/\",\"name\":\"Desire\",\"description\":\"Sexual Wellness Platform\",\"publisher\":{\"@id\":\"https:\/\/desireonline.shop\/vi\/#organization\"},\"potentialAction\":[{\"@type\":\"SearchAction\",\"target\":{\"@type\":\"EntryPoint\",\"urlTemplate\":\"https:\/\/desireonline.shop\/vi\/?s={search_term_string}\"},\"query-input\":{\"@type\":\"PropertyValueSpecification\",\"valueRequired\":true,\"valueName\":\"search_term_string\"}}],\"inLanguage\":\"vi\"},{\"@type\":\"Organization\",\"@id\":\"https:\/\/desireonline.shop\/vi\/#organization\",\"name\":\"Desire\",\"url\":\"https:\/\/desireonline.shop\/vi\/\",\"logo\":{\"@type\":\"ImageObject\",\"inLanguage\":\"vi\",\"@id\":\"https:\/\/desireonline.shop\/vi\/#\/schema\/logo\/image\/\",\"url\":\"https:\/\/desireonline.shop\/wp-content\/uploads\/2024\/06\/Logo-Thick-Font-1.webp\",\"contentUrl\":\"https:\/\/desireonline.shop\/wp-content\/uploads\/2024\/06\/Logo-Thick-Font-1.webp\",\"width\":268,\"height\":399,\"caption\":\"Desire\"},\"image\":{\"@id\":\"https:\/\/desireonline.shop\/vi\/#\/schema\/logo\/image\/\"}}]}<\/script>\n<!-- \/ Yoast SEO plugin. -->","yoast_head_json":{"title":"Beast in Black Renegade M\u00e1y massage tuy\u1ebfn ti\u1ec1n li\u1ec7t \u0111i\u1ec1u khi\u1ec3n t\u1eeb xa - Desire","robots":{"index":"index","follow":"follow","max-snippet":"max-snippet:-1","max-image-preview":"max-image-preview:large","max-video-preview":"max-video-preview:-1"},"canonical":"https:\/\/desireonline.shop\/vi\/san-pham\/beast-in-black-renegade-may-massage-tuyen-tien-liet-dieu-khien-tu-xa\/","og_locale":"vi_VN","og_type":"article","og_title":"Beast in Black Renegade M\u00e1y massage tuy\u1ebfn ti\u1ec1n li\u1ec7t \u0111i\u1ec1u khi\u1ec3n t\u1eeb xa - Desire","og_description":"\u0110\u01b0\u1ee3c thi\u1ebft k\u1ebf \u0111\u1ec3 t\u0103ng th\u00eam chuy\u1ec3n \u0111\u1ed9ng v\u00e0 s\u1ef1 \u0111a d\u1ea1ng cho tr\u1ea3i nghi\u1ec7m k\u00edch th\u00edch tuy\u1ebfn ti\u1ec1n li\u1ec7t, thi\u1ebft b\u1ecb massage n\u00e0y k\u1ebft h\u1ee3p rung \u0111\u1ed9ng v\u1edbi chuy\u1ec3n&hellip;","og_url":"https:\/\/desireonline.shop\/vi\/san-pham\/beast-in-black-renegade-may-massage-tuyen-tien-liet-dieu-khien-tu-xa\/","og_site_name":"Desire","og_image":[{"width":1000,"height":1000,"url":"https:\/\/desireonline.shop\/wp-content\/uploads\/2026\/02\/CN-917531712_00.jpg","type":"image\/jpeg"}],"twitter_card":"summary_large_image","twitter_misc":{"\u01af\u1edbc t\u00ednh th\u1eddi gian \u0111\u1ecdc":"1 ph\u00fat"},"schema":{"@context":"https:\/\/schema.org","@graph":[{"@type":"WebPage","@id":"https:\/\/desireonline.shop\/vi\/san-pham\/beast-in-black-renegade-may-massage-tuyen-tien-liet-dieu-khien-tu-xa\/","url":"https:\/\/desireonline.shop\/vi\/san-pham\/beast-in-black-renegade-may-massage-tuyen-tien-liet-dieu-khien-tu-xa\/","name":"Beast in Black Renegade M\u00e1y massage tuy\u1ebfn ti\u1ec1n li\u1ec7t \u0111i\u1ec1u khi\u1ec3n t\u1eeb xa - Desire","isPartOf":{"@id":"https:\/\/desireonline.shop\/vi\/#website"},"primaryImageOfPage":{"@id":"https:\/\/desireonline.shop\/vi\/san-pham\/beast-in-black-renegade-may-massage-tuyen-tien-liet-dieu-khien-tu-xa\/#primaryimage"},"image":{"@id":"https:\/\/desireonline.shop\/vi\/san-pham\/beast-in-black-renegade-may-massage-tuyen-tien-liet-dieu-khien-tu-xa\/#primaryimage"},"thumbnailUrl":"https:\/\/desireonline.shop\/wp-content\/uploads\/2026\/02\/CN-917531712_00.jpg","datePublished":"2026-02-16T11:05:00+00:00","breadcrumb":{"@id":"https:\/\/desireonline.shop\/vi\/san-pham\/beast-in-black-renegade-may-massage-tuyen-tien-liet-dieu-khien-tu-xa\/#breadcrumb"},"inLanguage":"vi","potentialAction":[{"@type":"ReadAction","target":["https:\/\/desireonline.shop\/vi\/san-pham\/beast-in-black-renegade-may-massage-tuyen-tien-liet-dieu-khien-tu-xa\/"]}]},{"@type":"ImageObject","inLanguage":"vi","@id":"https:\/\/desireonline.shop\/vi\/san-pham\/beast-in-black-renegade-may-massage-tuyen-tien-liet-dieu-khien-tu-xa\/#primaryimage","url":"https:\/\/desireonline.shop\/wp-content\/uploads\/2026\/02\/CN-917531712_00.jpg","contentUrl":"https:\/\/desireonline.shop\/wp-content\/uploads\/2026\/02\/CN-917531712_00.jpg","width":1000,"height":1000},{"@type":"BreadcrumbList","@id":"https:\/\/desireonline.shop\/vi\/san-pham\/beast-in-black-renegade-may-massage-tuyen-tien-liet-dieu-khien-tu-xa\/#breadcrumb","itemListElement":[{"@type":"ListItem","position":1,"name":"Home","item":"https:\/\/desireonline.shop\/vi\/trang-chu\/?lang=vi"},{"@type":"ListItem","position":2,"name":"T\u1ea5t c\u1ea3 s\u1ea3n ph\u1ea9m","item":"https:\/\/desireonline.shop\/cua-hang\/?lang=vi"},{"@type":"ListItem","position":3,"name":"Beast in Black Renegade M\u00e1y massage tuy\u1ebfn ti\u1ec1n li\u1ec7t \u0111i\u1ec1u khi\u1ec3n t\u1eeb xa"}]},{"@type":"WebSite","@id":"https:\/\/desireonline.shop\/vi\/#website","url":"https:\/\/desireonline.shop\/vi\/","name":"Desire","description":"Sexual Wellness Platform","publisher":{"@id":"https:\/\/desireonline.shop\/vi\/#organization"},"potentialAction":[{"@type":"SearchAction","target":{"@type":"EntryPoint","urlTemplate":"https:\/\/desireonline.shop\/vi\/?s={search_term_string}"},"query-input":{"@type":"PropertyValueSpecification","valueRequired":true,"valueName":"search_term_string"}}],"inLanguage":"vi"},{"@type":"Organization","@id":"https:\/\/desireonline.shop\/vi\/#organization","name":"Desire","url":"https:\/\/desireonline.shop\/vi\/","logo":{"@type":"ImageObject","inLanguage":"vi","@id":"https:\/\/desireonline.shop\/vi\/#\/schema\/logo\/image\/","url":"https:\/\/desireonline.shop\/wp-content\/uploads\/2024\/06\/Logo-Thick-Font-1.webp","contentUrl":"https:\/\/desireonline.shop\/wp-content\/uploads\/2024\/06\/Logo-Thick-Font-1.webp","width":268,"height":399,"caption":"Desire"},"image":{"@id":"https:\/\/desireonline.shop\/vi\/#\/schema\/logo\/image\/"}}]}},"_links":{"self":[{"href":"https:\/\/desireonline.shop\/vi\/wp-json\/wp\/v2\/product\/68132","targetHints":{"allow":["GET"]}}],"collection":[{"href":"https:\/\/desireonline.shop\/vi\/wp-json\/wp\/v2\/product"}],"about":[{"href":"https:\/\/desireonline.shop\/vi\/wp-json\/wp\/v2\/types\/product"}],"replies":[{"embeddable":true,"href":"https:\/\/desireonline.shop\/vi\/wp-json\/wp\/v2\/comments?post=68132"}],"version-history":[{"count":0,"href":"https:\/\/desireonline.shop\/vi\/wp-json\/wp\/v2\/product\/68132\/revisions"}],"wp:featuredmedia":[{"embeddable":true,"href":"https:\/\/desireonline.shop\/vi\/wp-json\/wp\/v2\/media\/61946"}],"wp:attachment":[{"href":"https:\/\/desireonline.shop\/vi\/wp-json\/wp\/v2\/media?parent=68132"}],"wp:term":[{"taxonomy":"product_brand","embeddable":true,"href":"https:\/\/desireonline.shop\/vi\/wp-json\/wp\/v2\/product_brand?post=68132"},{"taxonomy":"product_cat","embeddable":true,"href":"https:\/\/desireonline.shop\/vi\/wp-json\/wp\/v2\/product_cat?post=68132"},{"taxonomy":"product_tag","embeddable":true,"href":"https:\/\/desireonline.shop\/vi\/wp-json\/wp\/v2\/product_tag?post=68132"}],"curies":[{"name":"wp","href":"https:\/\/api.w.org\/{rel}","templated":true}]}}