{"id":68140,"date":"2026-02-16T11:04:00","date_gmt":"2026-02-16T11:04:00","guid":{"rendered":"https:\/\/desireonline.shop\/product\/real-touchs-real-beats-duong-vat-gia-7-8-inch-no-01\/"},"modified":"2026-02-16T11:04:00","modified_gmt":"2026-02-16T11:04:00","slug":"real-touchs-real-beats-duong-vat-gia-7-8-inch-no-01","status":"publish","type":"product","link":"https:\/\/desireonline.shop\/vi\/san-pham\/real-touchs-real-beats-duong-vat-gia-7-8-inch-no-01\/","title":{"rendered":"Real-TouchS Real Beats D\u01b0\u01a1ng v\u1eadt gi\u1ea3 7.8 inch NO.01"},"content":{"rendered":"<p>\u0110\u01b0\u1ee3c thi\u1ebft k\u1ebf \u0111\u1ec3 mang l\u1ea1i c\u1ea3m gi\u00e1c g\u1ea7n v\u1edbi th\u1eadt nh\u1ea5t c\u00f3 th\u1ec3, d\u01b0\u01a1ng v\u1eadt gi\u1ea3 ch\u00e2n th\u1ef1c n\u00e0y c\u00f3 b\u1ec1 m\u1eb7t m\u1ecbn gi\u00fap t\u1ea1o ra k\u00edch th\u00edch t\u1ef1 nhi\u00ean v\u00e0 tho\u1ea3i m\u00e1i. Thi\u1ebft k\u1ebf c\u00e2n \u0111\u1ed1i gi\u00fap b\u1ea1n d\u1ec5 d\u00e0ng t\u1eadn h\u01b0\u1edfng theo nh\u1ecbp \u0111\u1ed9 ri\u00eang, d\u00f9 cho tr\u1ea3i nghi\u1ec7m nh\u1eb9 nh\u00e0ng hay t\u1eadp trung h\u01a1n v\u00e0o c\u1ea3m gi\u00e1c k\u00edch th\u00edch.<\/p>\n<p>\u0110\u1ebf c\u1ed1c h\u00fat m\u1ea1nh cho ph\u00e9p s\u1eed d\u1ee5ng r\u1ea3nh tay v\u00e0 th\u1eed nghi\u1ec7m v\u1edbi nhi\u1ec1u t\u01b0 th\u1ebf kh\u00e1c nhau, trong khi ch\u1ea5t li\u1ec7u kh\u00f4ng ch\u1ee9a phthalate v\u00e0 latex gi\u00fap t\u0103ng th\u00eam s\u1ef1 an t\u00e2m khi s\u1eed d\u1ee5ng. M\u1ed9t l\u1ef1a ch\u1ecdn \u0111\u00e1ng tin c\u1eady v\u00e0 linh ho\u1ea1t cho nh\u1eefng ph\u00fat gi\u00e2y kh\u00e1m ph\u00e1 c\u00e1 nh\u00e2n th\u01b0 gi\u00e3n.<\/p>\n","protected":false},"excerpt":{"rendered":"<p>\u0110\u01b0\u1ee3c thi\u1ebft k\u1ebf \u0111\u1ec3 mang l\u1ea1i c\u1ea3m gi\u00e1c g\u1ea7n v\u1edbi th\u1eadt nh\u1ea5t c\u00f3 th\u1ec3, d\u01b0\u01a1ng v\u1eadt gi\u1ea3 ch\u00e2n th\u1ef1c n\u00e0y c\u00f3 b\u1ec1 m\u1eb7t m\u1ecbn gi\u00fap t\u1ea1o ra k\u00edch th\u00edch t\u1ef1&hellip;<\/p>\n","protected":false},"featured_media":61875,"comment_status":"open","ping_status":"closed","template":"","meta":{"_acf_changed":false},"product_brand":[],"product_cat":[1341,1425,1427],"product_tag":[],"class_list":{"0":"post-68140","1":"product","2":"type-product","3":"status-publish","4":"has-post-thumbnail","6":"product_cat-for-men","7":"product_cat-duong-vat-gia-thuc-te","8":"product_cat-tuong-thich-voi-day-deo-duong-vat-gia-gan-deo-mang-den-da-dang-hinh-dang-kich-thuoc-va-cam-giac-cho-trai-nghiem-chung","10":"first","11":"instock","12":"shipping-taxable","13":"purchasable","14":"product-type-simple"},"acf":[],"yoast_head":"<!-- This site is optimized with the Yoast SEO plugin v27.1.1 - https:\/\/yoast.com\/product\/yoast-seo-wordpress\/ -->\n<title>Real-TouchS Real Beats D\u01b0\u01a1ng v\u1eadt gi\u1ea3 7.8 inch NO.01 - Desire<\/title>\n<meta name=\"robots\" content=\"index, follow, max-snippet:-1, max-image-preview:large, max-video-preview:-1\" \/>\n<link rel=\"canonical\" href=\"https:\/\/desireonline.shop\/vi\/san-pham\/real-touchs-real-beats-duong-vat-gia-7-8-inch-no-01\/\" \/>\n<meta property=\"og:locale\" content=\"vi_VN\" \/>\n<meta property=\"og:type\" content=\"article\" \/>\n<meta property=\"og:title\" content=\"Real-TouchS Real Beats D\u01b0\u01a1ng v\u1eadt gi\u1ea3 7.8 inch NO.01 - Desire\" \/>\n<meta property=\"og:description\" content=\"\u0110\u01b0\u1ee3c thi\u1ebft k\u1ebf \u0111\u1ec3 mang l\u1ea1i c\u1ea3m gi\u00e1c g\u1ea7n v\u1edbi th\u1eadt nh\u1ea5t c\u00f3 th\u1ec3, d\u01b0\u01a1ng v\u1eadt gi\u1ea3 ch\u00e2n th\u1ef1c n\u00e0y c\u00f3 b\u1ec1 m\u1eb7t m\u1ecbn gi\u00fap t\u1ea1o ra k\u00edch th\u00edch t\u1ef1&hellip;\" \/>\n<meta property=\"og:url\" content=\"https:\/\/desireonline.shop\/vi\/san-pham\/real-touchs-real-beats-duong-vat-gia-7-8-inch-no-01\/\" \/>\n<meta property=\"og:site_name\" content=\"Desire\" \/>\n<meta property=\"og:image\" content=\"https:\/\/desireonline.shop\/wp-content\/uploads\/2026\/02\/CN-101157870_00.jpg\" \/>\n\t<meta property=\"og:image:width\" content=\"1000\" \/>\n\t<meta property=\"og:image:height\" content=\"1000\" \/>\n\t<meta property=\"og:image:type\" content=\"image\/jpeg\" \/>\n<meta name=\"twitter:card\" content=\"summary_large_image\" \/>\n<meta name=\"twitter:label1\" content=\"\u01af\u1edbc t\u00ednh th\u1eddi gian \u0111\u1ecdc\" \/>\n\t<meta name=\"twitter:data1\" content=\"1 ph\u00fat\" \/>\n<script type=\"application\/ld+json\" class=\"yoast-schema-graph\">{\"@context\":\"https:\/\/schema.org\",\"@graph\":[{\"@type\":\"WebPage\",\"@id\":\"https:\/\/desireonline.shop\/vi\/san-pham\/real-touchs-real-beats-duong-vat-gia-7-8-inch-no-01\/\",\"url\":\"https:\/\/desireonline.shop\/vi\/san-pham\/real-touchs-real-beats-duong-vat-gia-7-8-inch-no-01\/\",\"name\":\"Real-TouchS Real Beats D\u01b0\u01a1ng v\u1eadt gi\u1ea3 7.8 inch NO.01 - Desire\",\"isPartOf\":{\"@id\":\"https:\/\/desireonline.shop\/vi\/#website\"},\"primaryImageOfPage\":{\"@id\":\"https:\/\/desireonline.shop\/vi\/san-pham\/real-touchs-real-beats-duong-vat-gia-7-8-inch-no-01\/#primaryimage\"},\"image\":{\"@id\":\"https:\/\/desireonline.shop\/vi\/san-pham\/real-touchs-real-beats-duong-vat-gia-7-8-inch-no-01\/#primaryimage\"},\"thumbnailUrl\":\"https:\/\/desireonline.shop\/wp-content\/uploads\/2026\/02\/CN-101157870_00.jpg\",\"datePublished\":\"2026-02-16T11:04:00+00:00\",\"breadcrumb\":{\"@id\":\"https:\/\/desireonline.shop\/vi\/san-pham\/real-touchs-real-beats-duong-vat-gia-7-8-inch-no-01\/#breadcrumb\"},\"inLanguage\":\"vi\",\"potentialAction\":[{\"@type\":\"ReadAction\",\"target\":[\"https:\/\/desireonline.shop\/vi\/san-pham\/real-touchs-real-beats-duong-vat-gia-7-8-inch-no-01\/\"]}]},{\"@type\":\"ImageObject\",\"inLanguage\":\"vi\",\"@id\":\"https:\/\/desireonline.shop\/vi\/san-pham\/real-touchs-real-beats-duong-vat-gia-7-8-inch-no-01\/#primaryimage\",\"url\":\"https:\/\/desireonline.shop\/wp-content\/uploads\/2026\/02\/CN-101157870_00.jpg\",\"contentUrl\":\"https:\/\/desireonline.shop\/wp-content\/uploads\/2026\/02\/CN-101157870_00.jpg\",\"width\":1000,\"height\":1000},{\"@type\":\"BreadcrumbList\",\"@id\":\"https:\/\/desireonline.shop\/vi\/san-pham\/real-touchs-real-beats-duong-vat-gia-7-8-inch-no-01\/#breadcrumb\",\"itemListElement\":[{\"@type\":\"ListItem\",\"position\":1,\"name\":\"Home\",\"item\":\"https:\/\/desireonline.shop\/vi\/trang-chu\/?lang=vi\"},{\"@type\":\"ListItem\",\"position\":2,\"name\":\"T\u1ea5t c\u1ea3 s\u1ea3n ph\u1ea9m\",\"item\":\"https:\/\/desireonline.shop\/cua-hang\/?lang=vi\"},{\"@type\":\"ListItem\",\"position\":3,\"name\":\"Real-TouchS Real Beats D\u01b0\u01a1ng v\u1eadt gi\u1ea3 7.8 inch NO.01\"}]},{\"@type\":\"WebSite\",\"@id\":\"https:\/\/desireonline.shop\/vi\/#website\",\"url\":\"https:\/\/desireonline.shop\/vi\/\",\"name\":\"Desire\",\"description\":\"Sexual Wellness Platform\",\"publisher\":{\"@id\":\"https:\/\/desireonline.shop\/vi\/#organization\"},\"potentialAction\":[{\"@type\":\"SearchAction\",\"target\":{\"@type\":\"EntryPoint\",\"urlTemplate\":\"https:\/\/desireonline.shop\/vi\/?s={search_term_string}\"},\"query-input\":{\"@type\":\"PropertyValueSpecification\",\"valueRequired\":true,\"valueName\":\"search_term_string\"}}],\"inLanguage\":\"vi\"},{\"@type\":\"Organization\",\"@id\":\"https:\/\/desireonline.shop\/vi\/#organization\",\"name\":\"Desire\",\"url\":\"https:\/\/desireonline.shop\/vi\/\",\"logo\":{\"@type\":\"ImageObject\",\"inLanguage\":\"vi\",\"@id\":\"https:\/\/desireonline.shop\/vi\/#\/schema\/logo\/image\/\",\"url\":\"https:\/\/desireonline.shop\/wp-content\/uploads\/2024\/06\/Logo-Thick-Font-1.webp\",\"contentUrl\":\"https:\/\/desireonline.shop\/wp-content\/uploads\/2024\/06\/Logo-Thick-Font-1.webp\",\"width\":268,\"height\":399,\"caption\":\"Desire\"},\"image\":{\"@id\":\"https:\/\/desireonline.shop\/vi\/#\/schema\/logo\/image\/\"}}]}<\/script>\n<!-- \/ Yoast SEO plugin. -->","yoast_head_json":{"title":"Real-TouchS Real Beats D\u01b0\u01a1ng v\u1eadt gi\u1ea3 7.8 inch NO.01 - Desire","robots":{"index":"index","follow":"follow","max-snippet":"max-snippet:-1","max-image-preview":"max-image-preview:large","max-video-preview":"max-video-preview:-1"},"canonical":"https:\/\/desireonline.shop\/vi\/san-pham\/real-touchs-real-beats-duong-vat-gia-7-8-inch-no-01\/","og_locale":"vi_VN","og_type":"article","og_title":"Real-TouchS Real Beats D\u01b0\u01a1ng v\u1eadt gi\u1ea3 7.8 inch NO.01 - Desire","og_description":"\u0110\u01b0\u1ee3c thi\u1ebft k\u1ebf \u0111\u1ec3 mang l\u1ea1i c\u1ea3m gi\u00e1c g\u1ea7n v\u1edbi th\u1eadt nh\u1ea5t c\u00f3 th\u1ec3, d\u01b0\u01a1ng v\u1eadt gi\u1ea3 ch\u00e2n th\u1ef1c n\u00e0y c\u00f3 b\u1ec1 m\u1eb7t m\u1ecbn gi\u00fap t\u1ea1o ra k\u00edch th\u00edch t\u1ef1&hellip;","og_url":"https:\/\/desireonline.shop\/vi\/san-pham\/real-touchs-real-beats-duong-vat-gia-7-8-inch-no-01\/","og_site_name":"Desire","og_image":[{"width":1000,"height":1000,"url":"https:\/\/desireonline.shop\/wp-content\/uploads\/2026\/02\/CN-101157870_00.jpg","type":"image\/jpeg"}],"twitter_card":"summary_large_image","twitter_misc":{"\u01af\u1edbc t\u00ednh th\u1eddi gian \u0111\u1ecdc":"1 ph\u00fat"},"schema":{"@context":"https:\/\/schema.org","@graph":[{"@type":"WebPage","@id":"https:\/\/desireonline.shop\/vi\/san-pham\/real-touchs-real-beats-duong-vat-gia-7-8-inch-no-01\/","url":"https:\/\/desireonline.shop\/vi\/san-pham\/real-touchs-real-beats-duong-vat-gia-7-8-inch-no-01\/","name":"Real-TouchS Real Beats D\u01b0\u01a1ng v\u1eadt gi\u1ea3 7.8 inch NO.01 - Desire","isPartOf":{"@id":"https:\/\/desireonline.shop\/vi\/#website"},"primaryImageOfPage":{"@id":"https:\/\/desireonline.shop\/vi\/san-pham\/real-touchs-real-beats-duong-vat-gia-7-8-inch-no-01\/#primaryimage"},"image":{"@id":"https:\/\/desireonline.shop\/vi\/san-pham\/real-touchs-real-beats-duong-vat-gia-7-8-inch-no-01\/#primaryimage"},"thumbnailUrl":"https:\/\/desireonline.shop\/wp-content\/uploads\/2026\/02\/CN-101157870_00.jpg","datePublished":"2026-02-16T11:04:00+00:00","breadcrumb":{"@id":"https:\/\/desireonline.shop\/vi\/san-pham\/real-touchs-real-beats-duong-vat-gia-7-8-inch-no-01\/#breadcrumb"},"inLanguage":"vi","potentialAction":[{"@type":"ReadAction","target":["https:\/\/desireonline.shop\/vi\/san-pham\/real-touchs-real-beats-duong-vat-gia-7-8-inch-no-01\/"]}]},{"@type":"ImageObject","inLanguage":"vi","@id":"https:\/\/desireonline.shop\/vi\/san-pham\/real-touchs-real-beats-duong-vat-gia-7-8-inch-no-01\/#primaryimage","url":"https:\/\/desireonline.shop\/wp-content\/uploads\/2026\/02\/CN-101157870_00.jpg","contentUrl":"https:\/\/desireonline.shop\/wp-content\/uploads\/2026\/02\/CN-101157870_00.jpg","width":1000,"height":1000},{"@type":"BreadcrumbList","@id":"https:\/\/desireonline.shop\/vi\/san-pham\/real-touchs-real-beats-duong-vat-gia-7-8-inch-no-01\/#breadcrumb","itemListElement":[{"@type":"ListItem","position":1,"name":"Home","item":"https:\/\/desireonline.shop\/vi\/trang-chu\/?lang=vi"},{"@type":"ListItem","position":2,"name":"T\u1ea5t c\u1ea3 s\u1ea3n ph\u1ea9m","item":"https:\/\/desireonline.shop\/cua-hang\/?lang=vi"},{"@type":"ListItem","position":3,"name":"Real-TouchS Real Beats D\u01b0\u01a1ng v\u1eadt gi\u1ea3 7.8 inch NO.01"}]},{"@type":"WebSite","@id":"https:\/\/desireonline.shop\/vi\/#website","url":"https:\/\/desireonline.shop\/vi\/","name":"Desire","description":"Sexual Wellness Platform","publisher":{"@id":"https:\/\/desireonline.shop\/vi\/#organization"},"potentialAction":[{"@type":"SearchAction","target":{"@type":"EntryPoint","urlTemplate":"https:\/\/desireonline.shop\/vi\/?s={search_term_string}"},"query-input":{"@type":"PropertyValueSpecification","valueRequired":true,"valueName":"search_term_string"}}],"inLanguage":"vi"},{"@type":"Organization","@id":"https:\/\/desireonline.shop\/vi\/#organization","name":"Desire","url":"https:\/\/desireonline.shop\/vi\/","logo":{"@type":"ImageObject","inLanguage":"vi","@id":"https:\/\/desireonline.shop\/vi\/#\/schema\/logo\/image\/","url":"https:\/\/desireonline.shop\/wp-content\/uploads\/2024\/06\/Logo-Thick-Font-1.webp","contentUrl":"https:\/\/desireonline.shop\/wp-content\/uploads\/2024\/06\/Logo-Thick-Font-1.webp","width":268,"height":399,"caption":"Desire"},"image":{"@id":"https:\/\/desireonline.shop\/vi\/#\/schema\/logo\/image\/"}}]}},"_links":{"self":[{"href":"https:\/\/desireonline.shop\/vi\/wp-json\/wp\/v2\/product\/68140","targetHints":{"allow":["GET"]}}],"collection":[{"href":"https:\/\/desireonline.shop\/vi\/wp-json\/wp\/v2\/product"}],"about":[{"href":"https:\/\/desireonline.shop\/vi\/wp-json\/wp\/v2\/types\/product"}],"replies":[{"embeddable":true,"href":"https:\/\/desireonline.shop\/vi\/wp-json\/wp\/v2\/comments?post=68140"}],"version-history":[{"count":0,"href":"https:\/\/desireonline.shop\/vi\/wp-json\/wp\/v2\/product\/68140\/revisions"}],"wp:featuredmedia":[{"embeddable":true,"href":"https:\/\/desireonline.shop\/vi\/wp-json\/wp\/v2\/media\/61875"}],"wp:attachment":[{"href":"https:\/\/desireonline.shop\/vi\/wp-json\/wp\/v2\/media?parent=68140"}],"wp:term":[{"taxonomy":"product_brand","embeddable":true,"href":"https:\/\/desireonline.shop\/vi\/wp-json\/wp\/v2\/product_brand?post=68140"},{"taxonomy":"product_cat","embeddable":true,"href":"https:\/\/desireonline.shop\/vi\/wp-json\/wp\/v2\/product_cat?post=68140"},{"taxonomy":"product_tag","embeddable":true,"href":"https:\/\/desireonline.shop\/vi\/wp-json\/wp\/v2\/product_tag?post=68140"}],"curies":[{"name":"wp","href":"https:\/\/api.w.org\/{rel}","templated":true}]}}