{"id":68148,"date":"2026-02-16T11:05:00","date_gmt":"2026-02-16T11:05:00","guid":{"rendered":"https:\/\/desireonline.shop\/product\/beast-in-black-p-play-probe-may-massage-tuyen-tien-liet-dieu-khien-tu-xa\/"},"modified":"2026-02-16T11:05:00","modified_gmt":"2026-02-16T11:05:00","slug":"beast-in-black-p-play-probe-may-massage-tuyen-tien-liet-dieu-khien-tu-xa","status":"publish","type":"product","link":"https:\/\/desireonline.shop\/vi\/san-pham\/beast-in-black-p-play-probe-may-massage-tuyen-tien-liet-dieu-khien-tu-xa\/","title":{"rendered":"Beast in Black P-play Probe M\u00e1y massage tuy\u1ebfn ti\u1ec1n li\u1ec7t \u0111i\u1ec1u khi\u1ec3n t\u1eeb xa"},"content":{"rendered":"<p>\u0110\u01b0\u1ee3c thi\u1ebft k\u1ebf \u0111\u1ec3 k\u00edch th\u00edch tuy\u1ebfn ti\u1ec1n li\u1ec7t m\u1ed9t c\u00e1ch ch\u00ednh x\u00e1c, thi\u1ebft b\u1ecb massage \u0111i\u1ec1u khi\u1ec3n t\u1eeb xa n\u00e0y c\u00f3 \u0111\u1ea7u d\u00f2 cong n\u1eb1m tho\u1ea3i m\u00e1i t\u1ea1i v\u1ecb tr\u00ed trong khi mang l\u1ea1i k\u00edch th\u00edch t\u1eadp trung. V\u1edbi s\u1ef1 k\u1ebft h\u1ee3p gi\u1eefa rung \u0111\u1ed9ng v\u00e0 chuy\u1ec3n \u0111\u1ed9ng xoay, s\u1ea3n ph\u1ea9m mang \u0111\u1ebfn tr\u1ea3i nghi\u1ec7m n\u0103ng \u0111\u1ed9ng v\u00e0 cu\u1ed1n h\u00fat h\u01a1n.<\/p>\n<p>\u0110i\u1ec1u khi\u1ec3n t\u1eeb xa kh\u00f4ng d\u00e2y gi\u00fap b\u1ea1n d\u1ec5 d\u00e0ng \u0111i\u1ec1u ch\u1ec9nh c\u00e0i \u0111\u1eb7t m\u00e0 kh\u00f4ng l\u00e0m gi\u00e1n \u0111o\u1ea1n tr\u1ea3i nghi\u1ec7m, trong khi thi\u1ebft k\u1ebf ch\u1ed1ng n\u01b0\u1edbc gi\u00fap vi\u1ec7c v\u1ec7 sinh \u0111\u01a1n gi\u1ea3n v\u00e0 thu\u1eadn ti\u1ec7n. L\u00fd t\u01b0\u1edfng cho vi\u1ec7c kh\u00e1m ph\u00e1 c\u00e1 nh\u00e2n khi b\u1ea1n mu\u1ed1n th\u1eed nghi\u1ec7m v\u1edbi nh\u1ecbp \u0111i\u1ec7u, kh\u1ea3 n\u0103ng ki\u1ec3m so\u00e1t v\u00e0 c\u1ea3m gi\u00e1c s\u00e2u h\u01a1n.<\/p>\n","protected":false},"excerpt":{"rendered":"<p>\u0110\u01b0\u1ee3c thi\u1ebft k\u1ebf \u0111\u1ec3 k\u00edch th\u00edch tuy\u1ebfn ti\u1ec1n li\u1ec7t m\u1ed9t c\u00e1ch ch\u00ednh x\u00e1c, thi\u1ebft b\u1ecb massage \u0111i\u1ec1u khi\u1ec3n t\u1eeb xa n\u00e0y c\u00f3 \u0111\u1ea7u d\u00f2 cong n\u1eb1m tho\u1ea3i m\u00e1i t\u1ea1i v\u1ecb&hellip;<\/p>\n","protected":false},"featured_media":61938,"comment_status":"open","ping_status":"closed","template":"","meta":{"_acf_changed":false},"product_brand":[],"product_cat":[1344,1366,1305,1370],"product_tag":[],"class_list":{"0":"post-68148","1":"product","2":"type-product","3":"status-publish","4":"has-post-thumbnail","6":"product_cat-bdsm","7":"product_cat-bo-san-pham-than-mat","8":"product_cat-danh-cho-cac-cap-doi","9":"product_cat-dung-cu-massage-tuyen-tien-liet","11":"first","12":"instock","13":"shipping-taxable","14":"purchasable","15":"product-type-simple"},"acf":[],"yoast_head":"<!-- This site is optimized with the Yoast SEO plugin v27.1.1 - https:\/\/yoast.com\/product\/yoast-seo-wordpress\/ -->\n<title>Beast in Black P-play Probe M\u00e1y massage tuy\u1ebfn ti\u1ec1n li\u1ec7t \u0111i\u1ec1u khi\u1ec3n t\u1eeb xa - Desire<\/title>\n<meta name=\"robots\" content=\"index, follow, max-snippet:-1, max-image-preview:large, max-video-preview:-1\" \/>\n<link rel=\"canonical\" href=\"https:\/\/desireonline.shop\/vi\/san-pham\/beast-in-black-p-play-probe-may-massage-tuyen-tien-liet-dieu-khien-tu-xa\/\" \/>\n<meta property=\"og:locale\" content=\"vi_VN\" \/>\n<meta property=\"og:type\" content=\"article\" \/>\n<meta property=\"og:title\" content=\"Beast in Black P-play Probe M\u00e1y massage tuy\u1ebfn ti\u1ec1n li\u1ec7t \u0111i\u1ec1u khi\u1ec3n t\u1eeb xa - Desire\" \/>\n<meta property=\"og:description\" content=\"\u0110\u01b0\u1ee3c thi\u1ebft k\u1ebf \u0111\u1ec3 k\u00edch th\u00edch tuy\u1ebfn ti\u1ec1n li\u1ec7t m\u1ed9t c\u00e1ch ch\u00ednh x\u00e1c, thi\u1ebft b\u1ecb massage \u0111i\u1ec1u khi\u1ec3n t\u1eeb xa n\u00e0y c\u00f3 \u0111\u1ea7u d\u00f2 cong n\u1eb1m tho\u1ea3i m\u00e1i t\u1ea1i v\u1ecb&hellip;\" \/>\n<meta property=\"og:url\" content=\"https:\/\/desireonline.shop\/vi\/san-pham\/beast-in-black-p-play-probe-may-massage-tuyen-tien-liet-dieu-khien-tu-xa\/\" \/>\n<meta property=\"og:site_name\" content=\"Desire\" \/>\n<meta property=\"og:image\" content=\"https:\/\/desireonline.shop\/wp-content\/uploads\/2026\/02\/CN-912831722_00.jpg\" \/>\n\t<meta property=\"og:image:width\" content=\"1000\" \/>\n\t<meta property=\"og:image:height\" content=\"1000\" \/>\n\t<meta property=\"og:image:type\" content=\"image\/jpeg\" \/>\n<meta name=\"twitter:card\" content=\"summary_large_image\" \/>\n<meta name=\"twitter:label1\" content=\"\u01af\u1edbc t\u00ednh th\u1eddi gian \u0111\u1ecdc\" \/>\n\t<meta name=\"twitter:data1\" content=\"1 ph\u00fat\" \/>\n<script type=\"application\/ld+json\" class=\"yoast-schema-graph\">{\"@context\":\"https:\/\/schema.org\",\"@graph\":[{\"@type\":\"WebPage\",\"@id\":\"https:\/\/desireonline.shop\/vi\/san-pham\/beast-in-black-p-play-probe-may-massage-tuyen-tien-liet-dieu-khien-tu-xa\/\",\"url\":\"https:\/\/desireonline.shop\/vi\/san-pham\/beast-in-black-p-play-probe-may-massage-tuyen-tien-liet-dieu-khien-tu-xa\/\",\"name\":\"Beast in Black P-play Probe M\u00e1y massage tuy\u1ebfn ti\u1ec1n li\u1ec7t \u0111i\u1ec1u khi\u1ec3n t\u1eeb xa - Desire\",\"isPartOf\":{\"@id\":\"https:\/\/desireonline.shop\/vi\/#website\"},\"primaryImageOfPage\":{\"@id\":\"https:\/\/desireonline.shop\/vi\/san-pham\/beast-in-black-p-play-probe-may-massage-tuyen-tien-liet-dieu-khien-tu-xa\/#primaryimage\"},\"image\":{\"@id\":\"https:\/\/desireonline.shop\/vi\/san-pham\/beast-in-black-p-play-probe-may-massage-tuyen-tien-liet-dieu-khien-tu-xa\/#primaryimage\"},\"thumbnailUrl\":\"https:\/\/desireonline.shop\/wp-content\/uploads\/2026\/02\/CN-912831722_00.jpg\",\"datePublished\":\"2026-02-16T11:05:00+00:00\",\"breadcrumb\":{\"@id\":\"https:\/\/desireonline.shop\/vi\/san-pham\/beast-in-black-p-play-probe-may-massage-tuyen-tien-liet-dieu-khien-tu-xa\/#breadcrumb\"},\"inLanguage\":\"vi\",\"potentialAction\":[{\"@type\":\"ReadAction\",\"target\":[\"https:\/\/desireonline.shop\/vi\/san-pham\/beast-in-black-p-play-probe-may-massage-tuyen-tien-liet-dieu-khien-tu-xa\/\"]}]},{\"@type\":\"ImageObject\",\"inLanguage\":\"vi\",\"@id\":\"https:\/\/desireonline.shop\/vi\/san-pham\/beast-in-black-p-play-probe-may-massage-tuyen-tien-liet-dieu-khien-tu-xa\/#primaryimage\",\"url\":\"https:\/\/desireonline.shop\/wp-content\/uploads\/2026\/02\/CN-912831722_00.jpg\",\"contentUrl\":\"https:\/\/desireonline.shop\/wp-content\/uploads\/2026\/02\/CN-912831722_00.jpg\",\"width\":1000,\"height\":1000},{\"@type\":\"BreadcrumbList\",\"@id\":\"https:\/\/desireonline.shop\/vi\/san-pham\/beast-in-black-p-play-probe-may-massage-tuyen-tien-liet-dieu-khien-tu-xa\/#breadcrumb\",\"itemListElement\":[{\"@type\":\"ListItem\",\"position\":1,\"name\":\"Home\",\"item\":\"https:\/\/desireonline.shop\/vi\/trang-chu\/?lang=vi\"},{\"@type\":\"ListItem\",\"position\":2,\"name\":\"T\u1ea5t c\u1ea3 s\u1ea3n ph\u1ea9m\",\"item\":\"https:\/\/desireonline.shop\/cua-hang\/?lang=vi\"},{\"@type\":\"ListItem\",\"position\":3,\"name\":\"Beast in Black P-play Probe M\u00e1y massage tuy\u1ebfn ti\u1ec1n li\u1ec7t \u0111i\u1ec1u khi\u1ec3n t\u1eeb xa\"}]},{\"@type\":\"WebSite\",\"@id\":\"https:\/\/desireonline.shop\/vi\/#website\",\"url\":\"https:\/\/desireonline.shop\/vi\/\",\"name\":\"Desire\",\"description\":\"Sexual Wellness Platform\",\"publisher\":{\"@id\":\"https:\/\/desireonline.shop\/vi\/#organization\"},\"potentialAction\":[{\"@type\":\"SearchAction\",\"target\":{\"@type\":\"EntryPoint\",\"urlTemplate\":\"https:\/\/desireonline.shop\/vi\/?s={search_term_string}\"},\"query-input\":{\"@type\":\"PropertyValueSpecification\",\"valueRequired\":true,\"valueName\":\"search_term_string\"}}],\"inLanguage\":\"vi\"},{\"@type\":\"Organization\",\"@id\":\"https:\/\/desireonline.shop\/vi\/#organization\",\"name\":\"Desire\",\"url\":\"https:\/\/desireonline.shop\/vi\/\",\"logo\":{\"@type\":\"ImageObject\",\"inLanguage\":\"vi\",\"@id\":\"https:\/\/desireonline.shop\/vi\/#\/schema\/logo\/image\/\",\"url\":\"https:\/\/desireonline.shop\/wp-content\/uploads\/2024\/06\/Logo-Thick-Font-1.webp\",\"contentUrl\":\"https:\/\/desireonline.shop\/wp-content\/uploads\/2024\/06\/Logo-Thick-Font-1.webp\",\"width\":268,\"height\":399,\"caption\":\"Desire\"},\"image\":{\"@id\":\"https:\/\/desireonline.shop\/vi\/#\/schema\/logo\/image\/\"}}]}<\/script>\n<!-- \/ Yoast SEO plugin. -->","yoast_head_json":{"title":"Beast in Black P-play Probe M\u00e1y massage tuy\u1ebfn ti\u1ec1n li\u1ec7t \u0111i\u1ec1u khi\u1ec3n t\u1eeb xa - Desire","robots":{"index":"index","follow":"follow","max-snippet":"max-snippet:-1","max-image-preview":"max-image-preview:large","max-video-preview":"max-video-preview:-1"},"canonical":"https:\/\/desireonline.shop\/vi\/san-pham\/beast-in-black-p-play-probe-may-massage-tuyen-tien-liet-dieu-khien-tu-xa\/","og_locale":"vi_VN","og_type":"article","og_title":"Beast in Black P-play Probe M\u00e1y massage tuy\u1ebfn ti\u1ec1n li\u1ec7t \u0111i\u1ec1u khi\u1ec3n t\u1eeb xa - Desire","og_description":"\u0110\u01b0\u1ee3c thi\u1ebft k\u1ebf \u0111\u1ec3 k\u00edch th\u00edch tuy\u1ebfn ti\u1ec1n li\u1ec7t m\u1ed9t c\u00e1ch ch\u00ednh x\u00e1c, thi\u1ebft b\u1ecb massage \u0111i\u1ec1u khi\u1ec3n t\u1eeb xa n\u00e0y c\u00f3 \u0111\u1ea7u d\u00f2 cong n\u1eb1m tho\u1ea3i m\u00e1i t\u1ea1i v\u1ecb&hellip;","og_url":"https:\/\/desireonline.shop\/vi\/san-pham\/beast-in-black-p-play-probe-may-massage-tuyen-tien-liet-dieu-khien-tu-xa\/","og_site_name":"Desire","og_image":[{"width":1000,"height":1000,"url":"https:\/\/desireonline.shop\/wp-content\/uploads\/2026\/02\/CN-912831722_00.jpg","type":"image\/jpeg"}],"twitter_card":"summary_large_image","twitter_misc":{"\u01af\u1edbc t\u00ednh th\u1eddi gian \u0111\u1ecdc":"1 ph\u00fat"},"schema":{"@context":"https:\/\/schema.org","@graph":[{"@type":"WebPage","@id":"https:\/\/desireonline.shop\/vi\/san-pham\/beast-in-black-p-play-probe-may-massage-tuyen-tien-liet-dieu-khien-tu-xa\/","url":"https:\/\/desireonline.shop\/vi\/san-pham\/beast-in-black-p-play-probe-may-massage-tuyen-tien-liet-dieu-khien-tu-xa\/","name":"Beast in Black P-play Probe M\u00e1y massage tuy\u1ebfn ti\u1ec1n li\u1ec7t \u0111i\u1ec1u khi\u1ec3n t\u1eeb xa - Desire","isPartOf":{"@id":"https:\/\/desireonline.shop\/vi\/#website"},"primaryImageOfPage":{"@id":"https:\/\/desireonline.shop\/vi\/san-pham\/beast-in-black-p-play-probe-may-massage-tuyen-tien-liet-dieu-khien-tu-xa\/#primaryimage"},"image":{"@id":"https:\/\/desireonline.shop\/vi\/san-pham\/beast-in-black-p-play-probe-may-massage-tuyen-tien-liet-dieu-khien-tu-xa\/#primaryimage"},"thumbnailUrl":"https:\/\/desireonline.shop\/wp-content\/uploads\/2026\/02\/CN-912831722_00.jpg","datePublished":"2026-02-16T11:05:00+00:00","breadcrumb":{"@id":"https:\/\/desireonline.shop\/vi\/san-pham\/beast-in-black-p-play-probe-may-massage-tuyen-tien-liet-dieu-khien-tu-xa\/#breadcrumb"},"inLanguage":"vi","potentialAction":[{"@type":"ReadAction","target":["https:\/\/desireonline.shop\/vi\/san-pham\/beast-in-black-p-play-probe-may-massage-tuyen-tien-liet-dieu-khien-tu-xa\/"]}]},{"@type":"ImageObject","inLanguage":"vi","@id":"https:\/\/desireonline.shop\/vi\/san-pham\/beast-in-black-p-play-probe-may-massage-tuyen-tien-liet-dieu-khien-tu-xa\/#primaryimage","url":"https:\/\/desireonline.shop\/wp-content\/uploads\/2026\/02\/CN-912831722_00.jpg","contentUrl":"https:\/\/desireonline.shop\/wp-content\/uploads\/2026\/02\/CN-912831722_00.jpg","width":1000,"height":1000},{"@type":"BreadcrumbList","@id":"https:\/\/desireonline.shop\/vi\/san-pham\/beast-in-black-p-play-probe-may-massage-tuyen-tien-liet-dieu-khien-tu-xa\/#breadcrumb","itemListElement":[{"@type":"ListItem","position":1,"name":"Home","item":"https:\/\/desireonline.shop\/vi\/trang-chu\/?lang=vi"},{"@type":"ListItem","position":2,"name":"T\u1ea5t c\u1ea3 s\u1ea3n ph\u1ea9m","item":"https:\/\/desireonline.shop\/cua-hang\/?lang=vi"},{"@type":"ListItem","position":3,"name":"Beast in Black P-play Probe M\u00e1y massage tuy\u1ebfn ti\u1ec1n li\u1ec7t \u0111i\u1ec1u khi\u1ec3n t\u1eeb xa"}]},{"@type":"WebSite","@id":"https:\/\/desireonline.shop\/vi\/#website","url":"https:\/\/desireonline.shop\/vi\/","name":"Desire","description":"Sexual Wellness Platform","publisher":{"@id":"https:\/\/desireonline.shop\/vi\/#organization"},"potentialAction":[{"@type":"SearchAction","target":{"@type":"EntryPoint","urlTemplate":"https:\/\/desireonline.shop\/vi\/?s={search_term_string}"},"query-input":{"@type":"PropertyValueSpecification","valueRequired":true,"valueName":"search_term_string"}}],"inLanguage":"vi"},{"@type":"Organization","@id":"https:\/\/desireonline.shop\/vi\/#organization","name":"Desire","url":"https:\/\/desireonline.shop\/vi\/","logo":{"@type":"ImageObject","inLanguage":"vi","@id":"https:\/\/desireonline.shop\/vi\/#\/schema\/logo\/image\/","url":"https:\/\/desireonline.shop\/wp-content\/uploads\/2024\/06\/Logo-Thick-Font-1.webp","contentUrl":"https:\/\/desireonline.shop\/wp-content\/uploads\/2024\/06\/Logo-Thick-Font-1.webp","width":268,"height":399,"caption":"Desire"},"image":{"@id":"https:\/\/desireonline.shop\/vi\/#\/schema\/logo\/image\/"}}]}},"_links":{"self":[{"href":"https:\/\/desireonline.shop\/vi\/wp-json\/wp\/v2\/product\/68148","targetHints":{"allow":["GET"]}}],"collection":[{"href":"https:\/\/desireonline.shop\/vi\/wp-json\/wp\/v2\/product"}],"about":[{"href":"https:\/\/desireonline.shop\/vi\/wp-json\/wp\/v2\/types\/product"}],"replies":[{"embeddable":true,"href":"https:\/\/desireonline.shop\/vi\/wp-json\/wp\/v2\/comments?post=68148"}],"version-history":[{"count":0,"href":"https:\/\/desireonline.shop\/vi\/wp-json\/wp\/v2\/product\/68148\/revisions"}],"wp:featuredmedia":[{"embeddable":true,"href":"https:\/\/desireonline.shop\/vi\/wp-json\/wp\/v2\/media\/61938"}],"wp:attachment":[{"href":"https:\/\/desireonline.shop\/vi\/wp-json\/wp\/v2\/media?parent=68148"}],"wp:term":[{"taxonomy":"product_brand","embeddable":true,"href":"https:\/\/desireonline.shop\/vi\/wp-json\/wp\/v2\/product_brand?post=68148"},{"taxonomy":"product_cat","embeddable":true,"href":"https:\/\/desireonline.shop\/vi\/wp-json\/wp\/v2\/product_cat?post=68148"},{"taxonomy":"product_tag","embeddable":true,"href":"https:\/\/desireonline.shop\/vi\/wp-json\/wp\/v2\/product_tag?post=68148"}],"curies":[{"name":"wp","href":"https:\/\/api.w.org\/{rel}","templated":true}]}}