{"id":68172,"date":"2026-02-16T11:06:00","date_gmt":"2026-02-16T11:06:00","guid":{"rendered":"https:\/\/desireonline.shop\/product\/missweet-geisha-chuoi-bong-tap-kegel-pink\/"},"modified":"2026-02-16T11:06:00","modified_gmt":"2026-02-16T11:06:00","slug":"missweet-geisha-chuoi-bong-tap-kegel-pink","status":"publish","type":"product","link":"https:\/\/desireonline.shop\/vi\/san-pham\/missweet-geisha-chuoi-bong-tap-kegel-pink\/","title":{"rendered":"MisSweet Geisha Chu\u1ed7i b\u00f3ng t\u1eadp Kegel \u2013 Pink"},"content":{"rendered":"<p>\u0110\u01b0\u1ee3c thi\u1ebft k\u1ebf \u0111\u1ec3 h\u1ed7 tr\u1ee3 c\u00e1c b\u00e0i t\u1eadp nh\u1eb9 nh\u00e0ng cho \u00e2m \u0111\u1ea1o v\u00e0 n\u00e2ng cao nh\u1eadn th\u1ee9c v\u1ec1 c\u01a1 th\u1ec3, nh\u1eefng qu\u1ea3 b\u00f3ng massage tr\u01a1n m\u1ecbn n\u00e0y gi\u00fap khuy\u1ebfn kh\u00edch ho\u1ea1t \u0111\u1ed9ng c\u1ee7a c\u01a1 s\u00e0n ch\u1eadu th\u00f4ng qua chuy\u1ec3n \u0111\u1ed9ng tinh t\u1ebf. Thi\u1ebft k\u1ebf c\u00f3 tr\u1ecdng l\u01b0\u1ee3ng gi\u00fap c\u00e1c c\u01a1 ph\u1ea3n \u1ee9ng t\u1ef1 nhi\u00ean, khi\u1ebfn s\u1ea3n ph\u1ea9m ph\u00f9 h\u1ee3p cho c\u1ea3 ng\u01b0\u1eddi m\u1edbi b\u1eaft \u0111\u1ea7u v\u00e0 ng\u01b0\u1eddi \u0111\u00e3 c\u00f3 kinh nghi\u1ec7m.<\/p>\n<p>Tho\u1ea3i m\u00e1i khi \u0111eo v\u00e0 d\u1ec5 d\u00e0ng v\u1ec7 sinh, b\u1ea1n c\u00f3 th\u1ec3 s\u1eed d\u1ee5ng trong nh\u1eefng kho\u1ea3nh kh\u1eafc th\u01b0 gi\u00e3n t\u1ea1i nh\u00e0 ho\u1eb7c nh\u01b0 m\u1ed9t ph\u1ea7n c\u1ee7a th\u00f3i quen ch\u0103m s\u00f3c s\u1ee9c kh\u1ecfe th\u01b0\u1eddng xuy\u00ean. Ch\u1ed1ng n\u01b0\u1edbc v\u00e0 d\u1ec5 s\u1eed d\u1ee5ng, \u0111\u00e2y l\u00e0 m\u1ed9t b\u1ed5 sung k\u00edn \u0111\u00e1o mang l\u1ea1i c\u1ea3m gi\u00e1c d\u1ec5 ch\u1ecbu cho vi\u1ec7c ch\u0103m s\u00f3c c\u01a1 th\u1ec3 th\u00e2n m\u1eadt.<\/p>\n","protected":false},"excerpt":{"rendered":"<p>\u0110\u01b0\u1ee3c thi\u1ebft k\u1ebf \u0111\u1ec3 h\u1ed7 tr\u1ee3 c\u00e1c b\u00e0i t\u1eadp nh\u1eb9 nh\u00e0ng cho \u00e2m \u0111\u1ea1o v\u00e0 n\u00e2ng cao nh\u1eadn th\u1ee9c v\u1ec1 c\u01a1 th\u1ec3, nh\u1eefng qu\u1ea3 b\u00f3ng massage tr\u01a1n m\u1ecbn n\u00e0y gi\u00fap&hellip;<\/p>\n","protected":false},"featured_media":61976,"comment_status":"open","ping_status":"closed","template":"","meta":{"_acf_changed":false},"product_brand":[],"product_cat":[1430],"product_tag":[],"class_list":{"0":"post-68172","1":"product","2":"type-product","3":"status-publish","4":"has-post-thumbnail","6":"product_cat-bong-kegel-bong-rung-nhe","8":"first","9":"instock","10":"shipping-taxable","11":"purchasable","12":"product-type-simple"},"acf":[],"yoast_head":"<!-- This site is optimized with the Yoast SEO plugin v27.1.1 - https:\/\/yoast.com\/product\/yoast-seo-wordpress\/ -->\n<title>MisSweet Geisha Chu\u1ed7i b\u00f3ng t\u1eadp Kegel \u2013 Pink - Desire<\/title>\n<meta name=\"robots\" content=\"index, follow, max-snippet:-1, max-image-preview:large, max-video-preview:-1\" \/>\n<link rel=\"canonical\" href=\"https:\/\/desireonline.shop\/vi\/san-pham\/missweet-geisha-chuoi-bong-tap-kegel-pink\/\" \/>\n<meta property=\"og:locale\" content=\"vi_VN\" \/>\n<meta property=\"og:type\" content=\"article\" \/>\n<meta property=\"og:title\" content=\"MisSweet Geisha Chu\u1ed7i b\u00f3ng t\u1eadp Kegel \u2013 Pink - Desire\" \/>\n<meta property=\"og:description\" content=\"\u0110\u01b0\u1ee3c thi\u1ebft k\u1ebf \u0111\u1ec3 h\u1ed7 tr\u1ee3 c\u00e1c b\u00e0i t\u1eadp nh\u1eb9 nh\u00e0ng cho \u00e2m \u0111\u1ea1o v\u00e0 n\u00e2ng cao nh\u1eadn th\u1ee9c v\u1ec1 c\u01a1 th\u1ec3, nh\u1eefng qu\u1ea3 b\u00f3ng massage tr\u01a1n m\u1ecbn n\u00e0y gi\u00fap&hellip;\" \/>\n<meta property=\"og:url\" content=\"https:\/\/desireonline.shop\/vi\/san-pham\/missweet-geisha-chuoi-bong-tap-kegel-pink\/\" \/>\n<meta property=\"og:site_name\" content=\"Desire\" \/>\n<meta property=\"og:image\" content=\"https:\/\/desireonline.shop\/wp-content\/uploads\/2026\/02\/CN-373201321_00.jpg\" \/>\n\t<meta property=\"og:image:width\" content=\"1000\" \/>\n\t<meta property=\"og:image:height\" content=\"1000\" \/>\n\t<meta property=\"og:image:type\" content=\"image\/jpeg\" \/>\n<meta name=\"twitter:card\" content=\"summary_large_image\" \/>\n<meta name=\"twitter:label1\" content=\"\u01af\u1edbc t\u00ednh th\u1eddi gian \u0111\u1ecdc\" \/>\n\t<meta name=\"twitter:data1\" content=\"1 ph\u00fat\" \/>\n<script type=\"application\/ld+json\" class=\"yoast-schema-graph\">{\"@context\":\"https:\/\/schema.org\",\"@graph\":[{\"@type\":\"WebPage\",\"@id\":\"https:\/\/desireonline.shop\/vi\/san-pham\/missweet-geisha-chuoi-bong-tap-kegel-pink\/\",\"url\":\"https:\/\/desireonline.shop\/vi\/san-pham\/missweet-geisha-chuoi-bong-tap-kegel-pink\/\",\"name\":\"MisSweet Geisha Chu\u1ed7i b\u00f3ng t\u1eadp Kegel \u2013 Pink - Desire\",\"isPartOf\":{\"@id\":\"https:\/\/desireonline.shop\/vi\/#website\"},\"primaryImageOfPage\":{\"@id\":\"https:\/\/desireonline.shop\/vi\/san-pham\/missweet-geisha-chuoi-bong-tap-kegel-pink\/#primaryimage\"},\"image\":{\"@id\":\"https:\/\/desireonline.shop\/vi\/san-pham\/missweet-geisha-chuoi-bong-tap-kegel-pink\/#primaryimage\"},\"thumbnailUrl\":\"https:\/\/desireonline.shop\/wp-content\/uploads\/2026\/02\/CN-373201321_00.jpg\",\"datePublished\":\"2026-02-16T11:06:00+00:00\",\"breadcrumb\":{\"@id\":\"https:\/\/desireonline.shop\/vi\/san-pham\/missweet-geisha-chuoi-bong-tap-kegel-pink\/#breadcrumb\"},\"inLanguage\":\"vi\",\"potentialAction\":[{\"@type\":\"ReadAction\",\"target\":[\"https:\/\/desireonline.shop\/vi\/san-pham\/missweet-geisha-chuoi-bong-tap-kegel-pink\/\"]}]},{\"@type\":\"ImageObject\",\"inLanguage\":\"vi\",\"@id\":\"https:\/\/desireonline.shop\/vi\/san-pham\/missweet-geisha-chuoi-bong-tap-kegel-pink\/#primaryimage\",\"url\":\"https:\/\/desireonline.shop\/wp-content\/uploads\/2026\/02\/CN-373201321_00.jpg\",\"contentUrl\":\"https:\/\/desireonline.shop\/wp-content\/uploads\/2026\/02\/CN-373201321_00.jpg\",\"width\":1000,\"height\":1000},{\"@type\":\"BreadcrumbList\",\"@id\":\"https:\/\/desireonline.shop\/vi\/san-pham\/missweet-geisha-chuoi-bong-tap-kegel-pink\/#breadcrumb\",\"itemListElement\":[{\"@type\":\"ListItem\",\"position\":1,\"name\":\"Home\",\"item\":\"https:\/\/desireonline.shop\/vi\/trang-chu\/?lang=vi\"},{\"@type\":\"ListItem\",\"position\":2,\"name\":\"T\u1ea5t c\u1ea3 s\u1ea3n ph\u1ea9m\",\"item\":\"https:\/\/desireonline.shop\/cua-hang\/?lang=vi\"},{\"@type\":\"ListItem\",\"position\":3,\"name\":\"MisSweet Geisha Chu\u1ed7i b\u00f3ng t\u1eadp Kegel \u2013 Pink\"}]},{\"@type\":\"WebSite\",\"@id\":\"https:\/\/desireonline.shop\/vi\/#website\",\"url\":\"https:\/\/desireonline.shop\/vi\/\",\"name\":\"Desire\",\"description\":\"Sexual Wellness Platform\",\"publisher\":{\"@id\":\"https:\/\/desireonline.shop\/vi\/#organization\"},\"potentialAction\":[{\"@type\":\"SearchAction\",\"target\":{\"@type\":\"EntryPoint\",\"urlTemplate\":\"https:\/\/desireonline.shop\/vi\/?s={search_term_string}\"},\"query-input\":{\"@type\":\"PropertyValueSpecification\",\"valueRequired\":true,\"valueName\":\"search_term_string\"}}],\"inLanguage\":\"vi\"},{\"@type\":\"Organization\",\"@id\":\"https:\/\/desireonline.shop\/vi\/#organization\",\"name\":\"Desire\",\"url\":\"https:\/\/desireonline.shop\/vi\/\",\"logo\":{\"@type\":\"ImageObject\",\"inLanguage\":\"vi\",\"@id\":\"https:\/\/desireonline.shop\/vi\/#\/schema\/logo\/image\/\",\"url\":\"https:\/\/desireonline.shop\/wp-content\/uploads\/2024\/06\/Logo-Thick-Font-1.webp\",\"contentUrl\":\"https:\/\/desireonline.shop\/wp-content\/uploads\/2024\/06\/Logo-Thick-Font-1.webp\",\"width\":268,\"height\":399,\"caption\":\"Desire\"},\"image\":{\"@id\":\"https:\/\/desireonline.shop\/vi\/#\/schema\/logo\/image\/\"}}]}<\/script>\n<!-- \/ Yoast SEO plugin. -->","yoast_head_json":{"title":"MisSweet Geisha Chu\u1ed7i b\u00f3ng t\u1eadp Kegel \u2013 Pink - Desire","robots":{"index":"index","follow":"follow","max-snippet":"max-snippet:-1","max-image-preview":"max-image-preview:large","max-video-preview":"max-video-preview:-1"},"canonical":"https:\/\/desireonline.shop\/vi\/san-pham\/missweet-geisha-chuoi-bong-tap-kegel-pink\/","og_locale":"vi_VN","og_type":"article","og_title":"MisSweet Geisha Chu\u1ed7i b\u00f3ng t\u1eadp Kegel \u2013 Pink - Desire","og_description":"\u0110\u01b0\u1ee3c thi\u1ebft k\u1ebf \u0111\u1ec3 h\u1ed7 tr\u1ee3 c\u00e1c b\u00e0i t\u1eadp nh\u1eb9 nh\u00e0ng cho \u00e2m \u0111\u1ea1o v\u00e0 n\u00e2ng cao nh\u1eadn th\u1ee9c v\u1ec1 c\u01a1 th\u1ec3, nh\u1eefng qu\u1ea3 b\u00f3ng massage tr\u01a1n m\u1ecbn n\u00e0y gi\u00fap&hellip;","og_url":"https:\/\/desireonline.shop\/vi\/san-pham\/missweet-geisha-chuoi-bong-tap-kegel-pink\/","og_site_name":"Desire","og_image":[{"width":1000,"height":1000,"url":"https:\/\/desireonline.shop\/wp-content\/uploads\/2026\/02\/CN-373201321_00.jpg","type":"image\/jpeg"}],"twitter_card":"summary_large_image","twitter_misc":{"\u01af\u1edbc t\u00ednh th\u1eddi gian \u0111\u1ecdc":"1 ph\u00fat"},"schema":{"@context":"https:\/\/schema.org","@graph":[{"@type":"WebPage","@id":"https:\/\/desireonline.shop\/vi\/san-pham\/missweet-geisha-chuoi-bong-tap-kegel-pink\/","url":"https:\/\/desireonline.shop\/vi\/san-pham\/missweet-geisha-chuoi-bong-tap-kegel-pink\/","name":"MisSweet Geisha Chu\u1ed7i b\u00f3ng t\u1eadp Kegel \u2013 Pink - Desire","isPartOf":{"@id":"https:\/\/desireonline.shop\/vi\/#website"},"primaryImageOfPage":{"@id":"https:\/\/desireonline.shop\/vi\/san-pham\/missweet-geisha-chuoi-bong-tap-kegel-pink\/#primaryimage"},"image":{"@id":"https:\/\/desireonline.shop\/vi\/san-pham\/missweet-geisha-chuoi-bong-tap-kegel-pink\/#primaryimage"},"thumbnailUrl":"https:\/\/desireonline.shop\/wp-content\/uploads\/2026\/02\/CN-373201321_00.jpg","datePublished":"2026-02-16T11:06:00+00:00","breadcrumb":{"@id":"https:\/\/desireonline.shop\/vi\/san-pham\/missweet-geisha-chuoi-bong-tap-kegel-pink\/#breadcrumb"},"inLanguage":"vi","potentialAction":[{"@type":"ReadAction","target":["https:\/\/desireonline.shop\/vi\/san-pham\/missweet-geisha-chuoi-bong-tap-kegel-pink\/"]}]},{"@type":"ImageObject","inLanguage":"vi","@id":"https:\/\/desireonline.shop\/vi\/san-pham\/missweet-geisha-chuoi-bong-tap-kegel-pink\/#primaryimage","url":"https:\/\/desireonline.shop\/wp-content\/uploads\/2026\/02\/CN-373201321_00.jpg","contentUrl":"https:\/\/desireonline.shop\/wp-content\/uploads\/2026\/02\/CN-373201321_00.jpg","width":1000,"height":1000},{"@type":"BreadcrumbList","@id":"https:\/\/desireonline.shop\/vi\/san-pham\/missweet-geisha-chuoi-bong-tap-kegel-pink\/#breadcrumb","itemListElement":[{"@type":"ListItem","position":1,"name":"Home","item":"https:\/\/desireonline.shop\/vi\/trang-chu\/?lang=vi"},{"@type":"ListItem","position":2,"name":"T\u1ea5t c\u1ea3 s\u1ea3n ph\u1ea9m","item":"https:\/\/desireonline.shop\/cua-hang\/?lang=vi"},{"@type":"ListItem","position":3,"name":"MisSweet Geisha Chu\u1ed7i b\u00f3ng t\u1eadp Kegel \u2013 Pink"}]},{"@type":"WebSite","@id":"https:\/\/desireonline.shop\/vi\/#website","url":"https:\/\/desireonline.shop\/vi\/","name":"Desire","description":"Sexual Wellness Platform","publisher":{"@id":"https:\/\/desireonline.shop\/vi\/#organization"},"potentialAction":[{"@type":"SearchAction","target":{"@type":"EntryPoint","urlTemplate":"https:\/\/desireonline.shop\/vi\/?s={search_term_string}"},"query-input":{"@type":"PropertyValueSpecification","valueRequired":true,"valueName":"search_term_string"}}],"inLanguage":"vi"},{"@type":"Organization","@id":"https:\/\/desireonline.shop\/vi\/#organization","name":"Desire","url":"https:\/\/desireonline.shop\/vi\/","logo":{"@type":"ImageObject","inLanguage":"vi","@id":"https:\/\/desireonline.shop\/vi\/#\/schema\/logo\/image\/","url":"https:\/\/desireonline.shop\/wp-content\/uploads\/2024\/06\/Logo-Thick-Font-1.webp","contentUrl":"https:\/\/desireonline.shop\/wp-content\/uploads\/2024\/06\/Logo-Thick-Font-1.webp","width":268,"height":399,"caption":"Desire"},"image":{"@id":"https:\/\/desireonline.shop\/vi\/#\/schema\/logo\/image\/"}}]}},"_links":{"self":[{"href":"https:\/\/desireonline.shop\/vi\/wp-json\/wp\/v2\/product\/68172","targetHints":{"allow":["GET"]}}],"collection":[{"href":"https:\/\/desireonline.shop\/vi\/wp-json\/wp\/v2\/product"}],"about":[{"href":"https:\/\/desireonline.shop\/vi\/wp-json\/wp\/v2\/types\/product"}],"replies":[{"embeddable":true,"href":"https:\/\/desireonline.shop\/vi\/wp-json\/wp\/v2\/comments?post=68172"}],"version-history":[{"count":0,"href":"https:\/\/desireonline.shop\/vi\/wp-json\/wp\/v2\/product\/68172\/revisions"}],"wp:featuredmedia":[{"embeddable":true,"href":"https:\/\/desireonline.shop\/vi\/wp-json\/wp\/v2\/media\/61976"}],"wp:attachment":[{"href":"https:\/\/desireonline.shop\/vi\/wp-json\/wp\/v2\/media?parent=68172"}],"wp:term":[{"taxonomy":"product_brand","embeddable":true,"href":"https:\/\/desireonline.shop\/vi\/wp-json\/wp\/v2\/product_brand?post=68172"},{"taxonomy":"product_cat","embeddable":true,"href":"https:\/\/desireonline.shop\/vi\/wp-json\/wp\/v2\/product_cat?post=68172"},{"taxonomy":"product_tag","embeddable":true,"href":"https:\/\/desireonline.shop\/vi\/wp-json\/wp\/v2\/product_tag?post=68172"}],"curies":[{"name":"wp","href":"https:\/\/api.w.org\/{rel}","templated":true}]}}