{"id":68206,"date":"2026-02-16T11:06:00","date_gmt":"2026-02-16T11:06:00","guid":{"rendered":"https:\/\/desireonline.shop\/product\/missweet-my-first-mini-love-may-rung-mini-bullet\/"},"modified":"2026-02-16T11:06:00","modified_gmt":"2026-02-16T11:06:00","slug":"missweet-my-first-mini-love-may-rung-mini-bullet","status":"publish","type":"product","link":"https:\/\/desireonline.shop\/vi\/san-pham\/missweet-my-first-mini-love-may-rung-mini-bullet\/","title":{"rendered":"MisSweet My First Mini Love M\u00e1y rung mini bullet"},"content":{"rendered":"<p>\u0110\u01b0\u1ee3c thi\u1ebft k\u1ebf nh\u01b0 b\u01b0\u1edbc gi\u1edbi thi\u1ec7u d\u1ec5 d\u00e0ng v\u1edbi rung \u0111\u1ed9ng, m\u00e1y rung mini bullet n\u00e0y mang \u0111\u1ebfn c\u00e1ch nh\u1eb9 nh\u00e0ng v\u00e0 th\u00e2n thi\u1ec7n \u0111\u1ec3 kh\u00e1m ph\u00e1 c\u1ea3m gi\u00e1c. Thi\u1ebft k\u1ebf nh\u1ecf g\u1ecdn, nh\u1eb9 gi\u00fap c\u1ea7m n\u1eafm tho\u1ea3i m\u00e1i v\u00e0 d\u1ec5 d\u00e0ng t\u1eadn h\u01b0\u1edfng.<\/p>\n<p>V\u1edbi b\u1ea3y ch\u1ebf \u0111\u1ed9 rung \u0111\u1ec3 l\u1ef1a ch\u1ecdn, s\u1ea3n ph\u1ea9m mang l\u1ea1i nhi\u1ec1u c\u1ea3m gi\u00e1c kh\u00e1c nhau m\u00e0 kh\u00f4ng g\u00e2y qu\u00e1 t\u1ea3i. Ch\u1ed1ng n\u01b0\u1edbc v\u00e0 d\u1ec5 v\u1ec7 sinh, \u0111\u00e2y l\u00e0 b\u01b0\u1edbc kh\u1edfi \u0111\u1ea7u tuy\u1ec7t v\u1eddi \u0111\u1ec3 l\u00e0m quen v\u1edbi m\u00e1y rung ho\u1eb7c l\u00e0 l\u1ef1a ch\u1ecdn k\u00edn \u0111\u00e1o cho kho\u00e1i c\u1ea3m h\u1eb1ng ng\u00e0y.<\/p>\n","protected":false},"excerpt":{"rendered":"<p>\u0110\u01b0\u1ee3c thi\u1ebft k\u1ebf nh\u01b0 b\u01b0\u1edbc gi\u1edbi thi\u1ec7u d\u1ec5 d\u00e0ng v\u1edbi rung \u0111\u1ed9ng, m\u00e1y rung mini bullet n\u00e0y mang \u0111\u1ebfn c\u00e1ch nh\u1eb9 nh\u00e0ng v\u00e0 th\u00e2n thi\u1ec7n \u0111\u1ec3 kh\u00e1m ph\u00e1 c\u1ea3m gi\u00e1c.&hellip;<\/p>\n","protected":false},"featured_media":61960,"comment_status":"open","ping_status":"closed","template":"","meta":{"_acf_changed":false},"product_brand":[],"product_cat":[1434],"product_tag":[],"class_list":{"0":"post-68206","1":"product","2":"type-product","3":"status-publish","4":"has-post-thumbnail","6":"product_cat-may-rung-mini","8":"first","9":"instock","10":"shipping-taxable","11":"purchasable","12":"product-type-simple"},"acf":[],"yoast_head":"<!-- This site is optimized with the Yoast SEO plugin v27.1.1 - https:\/\/yoast.com\/product\/yoast-seo-wordpress\/ -->\n<title>MisSweet My First Mini Love M\u00e1y rung mini bullet - Desire<\/title>\n<meta name=\"robots\" content=\"index, follow, max-snippet:-1, max-image-preview:large, max-video-preview:-1\" \/>\n<link rel=\"canonical\" href=\"https:\/\/desireonline.shop\/vi\/san-pham\/missweet-my-first-mini-love-may-rung-mini-bullet\/\" \/>\n<meta property=\"og:locale\" content=\"vi_VN\" \/>\n<meta property=\"og:type\" content=\"article\" \/>\n<meta property=\"og:title\" content=\"MisSweet My First Mini Love M\u00e1y rung mini bullet - Desire\" \/>\n<meta property=\"og:description\" content=\"\u0110\u01b0\u1ee3c thi\u1ebft k\u1ebf nh\u01b0 b\u01b0\u1edbc gi\u1edbi thi\u1ec7u d\u1ec5 d\u00e0ng v\u1edbi rung \u0111\u1ed9ng, m\u00e1y rung mini bullet n\u00e0y mang \u0111\u1ebfn c\u00e1ch nh\u1eb9 nh\u00e0ng v\u00e0 th\u00e2n thi\u1ec7n \u0111\u1ec3 kh\u00e1m ph\u00e1 c\u1ea3m gi\u00e1c.&hellip;\" \/>\n<meta property=\"og:url\" content=\"https:\/\/desireonline.shop\/vi\/san-pham\/missweet-my-first-mini-love-may-rung-mini-bullet\/\" \/>\n<meta property=\"og:site_name\" content=\"Desire\" \/>\n<meta property=\"og:image\" content=\"https:\/\/desireonline.shop\/wp-content\/uploads\/2026\/02\/CN-490992506_00.jpg\" \/>\n\t<meta property=\"og:image:width\" content=\"1000\" \/>\n\t<meta property=\"og:image:height\" content=\"1000\" \/>\n\t<meta property=\"og:image:type\" content=\"image\/jpeg\" \/>\n<meta name=\"twitter:card\" content=\"summary_large_image\" \/>\n<meta name=\"twitter:label1\" content=\"\u01af\u1edbc t\u00ednh th\u1eddi gian \u0111\u1ecdc\" \/>\n\t<meta name=\"twitter:data1\" content=\"1 ph\u00fat\" \/>\n<script type=\"application\/ld+json\" class=\"yoast-schema-graph\">{\"@context\":\"https:\/\/schema.org\",\"@graph\":[{\"@type\":\"WebPage\",\"@id\":\"https:\/\/desireonline.shop\/vi\/san-pham\/missweet-my-first-mini-love-may-rung-mini-bullet\/\",\"url\":\"https:\/\/desireonline.shop\/vi\/san-pham\/missweet-my-first-mini-love-may-rung-mini-bullet\/\",\"name\":\"MisSweet My First Mini Love M\u00e1y rung mini bullet - Desire\",\"isPartOf\":{\"@id\":\"https:\/\/desireonline.shop\/vi\/#website\"},\"primaryImageOfPage\":{\"@id\":\"https:\/\/desireonline.shop\/vi\/san-pham\/missweet-my-first-mini-love-may-rung-mini-bullet\/#primaryimage\"},\"image\":{\"@id\":\"https:\/\/desireonline.shop\/vi\/san-pham\/missweet-my-first-mini-love-may-rung-mini-bullet\/#primaryimage\"},\"thumbnailUrl\":\"https:\/\/desireonline.shop\/wp-content\/uploads\/2026\/02\/CN-490992506_00.jpg\",\"datePublished\":\"2026-02-16T11:06:00+00:00\",\"breadcrumb\":{\"@id\":\"https:\/\/desireonline.shop\/vi\/san-pham\/missweet-my-first-mini-love-may-rung-mini-bullet\/#breadcrumb\"},\"inLanguage\":\"vi\",\"potentialAction\":[{\"@type\":\"ReadAction\",\"target\":[\"https:\/\/desireonline.shop\/vi\/san-pham\/missweet-my-first-mini-love-may-rung-mini-bullet\/\"]}]},{\"@type\":\"ImageObject\",\"inLanguage\":\"vi\",\"@id\":\"https:\/\/desireonline.shop\/vi\/san-pham\/missweet-my-first-mini-love-may-rung-mini-bullet\/#primaryimage\",\"url\":\"https:\/\/desireonline.shop\/wp-content\/uploads\/2026\/02\/CN-490992506_00.jpg\",\"contentUrl\":\"https:\/\/desireonline.shop\/wp-content\/uploads\/2026\/02\/CN-490992506_00.jpg\",\"width\":1000,\"height\":1000},{\"@type\":\"BreadcrumbList\",\"@id\":\"https:\/\/desireonline.shop\/vi\/san-pham\/missweet-my-first-mini-love-may-rung-mini-bullet\/#breadcrumb\",\"itemListElement\":[{\"@type\":\"ListItem\",\"position\":1,\"name\":\"Home\",\"item\":\"https:\/\/desireonline.shop\/vi\/trang-chu\/?lang=vi\"},{\"@type\":\"ListItem\",\"position\":2,\"name\":\"T\u1ea5t c\u1ea3 s\u1ea3n ph\u1ea9m\",\"item\":\"https:\/\/desireonline.shop\/cua-hang\/?lang=vi\"},{\"@type\":\"ListItem\",\"position\":3,\"name\":\"MisSweet My First Mini Love M\u00e1y rung mini bullet\"}]},{\"@type\":\"WebSite\",\"@id\":\"https:\/\/desireonline.shop\/vi\/#website\",\"url\":\"https:\/\/desireonline.shop\/vi\/\",\"name\":\"Desire\",\"description\":\"Sexual Wellness Platform\",\"publisher\":{\"@id\":\"https:\/\/desireonline.shop\/vi\/#organization\"},\"potentialAction\":[{\"@type\":\"SearchAction\",\"target\":{\"@type\":\"EntryPoint\",\"urlTemplate\":\"https:\/\/desireonline.shop\/vi\/?s={search_term_string}\"},\"query-input\":{\"@type\":\"PropertyValueSpecification\",\"valueRequired\":true,\"valueName\":\"search_term_string\"}}],\"inLanguage\":\"vi\"},{\"@type\":\"Organization\",\"@id\":\"https:\/\/desireonline.shop\/vi\/#organization\",\"name\":\"Desire\",\"url\":\"https:\/\/desireonline.shop\/vi\/\",\"logo\":{\"@type\":\"ImageObject\",\"inLanguage\":\"vi\",\"@id\":\"https:\/\/desireonline.shop\/vi\/#\/schema\/logo\/image\/\",\"url\":\"https:\/\/desireonline.shop\/wp-content\/uploads\/2024\/06\/Logo-Thick-Font-1.webp\",\"contentUrl\":\"https:\/\/desireonline.shop\/wp-content\/uploads\/2024\/06\/Logo-Thick-Font-1.webp\",\"width\":268,\"height\":399,\"caption\":\"Desire\"},\"image\":{\"@id\":\"https:\/\/desireonline.shop\/vi\/#\/schema\/logo\/image\/\"}}]}<\/script>\n<!-- \/ Yoast SEO plugin. -->","yoast_head_json":{"title":"MisSweet My First Mini Love M\u00e1y rung mini bullet - Desire","robots":{"index":"index","follow":"follow","max-snippet":"max-snippet:-1","max-image-preview":"max-image-preview:large","max-video-preview":"max-video-preview:-1"},"canonical":"https:\/\/desireonline.shop\/vi\/san-pham\/missweet-my-first-mini-love-may-rung-mini-bullet\/","og_locale":"vi_VN","og_type":"article","og_title":"MisSweet My First Mini Love M\u00e1y rung mini bullet - Desire","og_description":"\u0110\u01b0\u1ee3c thi\u1ebft k\u1ebf nh\u01b0 b\u01b0\u1edbc gi\u1edbi thi\u1ec7u d\u1ec5 d\u00e0ng v\u1edbi rung \u0111\u1ed9ng, m\u00e1y rung mini bullet n\u00e0y mang \u0111\u1ebfn c\u00e1ch nh\u1eb9 nh\u00e0ng v\u00e0 th\u00e2n thi\u1ec7n \u0111\u1ec3 kh\u00e1m ph\u00e1 c\u1ea3m gi\u00e1c.&hellip;","og_url":"https:\/\/desireonline.shop\/vi\/san-pham\/missweet-my-first-mini-love-may-rung-mini-bullet\/","og_site_name":"Desire","og_image":[{"width":1000,"height":1000,"url":"https:\/\/desireonline.shop\/wp-content\/uploads\/2026\/02\/CN-490992506_00.jpg","type":"image\/jpeg"}],"twitter_card":"summary_large_image","twitter_misc":{"\u01af\u1edbc t\u00ednh th\u1eddi gian \u0111\u1ecdc":"1 ph\u00fat"},"schema":{"@context":"https:\/\/schema.org","@graph":[{"@type":"WebPage","@id":"https:\/\/desireonline.shop\/vi\/san-pham\/missweet-my-first-mini-love-may-rung-mini-bullet\/","url":"https:\/\/desireonline.shop\/vi\/san-pham\/missweet-my-first-mini-love-may-rung-mini-bullet\/","name":"MisSweet My First Mini Love M\u00e1y rung mini bullet - Desire","isPartOf":{"@id":"https:\/\/desireonline.shop\/vi\/#website"},"primaryImageOfPage":{"@id":"https:\/\/desireonline.shop\/vi\/san-pham\/missweet-my-first-mini-love-may-rung-mini-bullet\/#primaryimage"},"image":{"@id":"https:\/\/desireonline.shop\/vi\/san-pham\/missweet-my-first-mini-love-may-rung-mini-bullet\/#primaryimage"},"thumbnailUrl":"https:\/\/desireonline.shop\/wp-content\/uploads\/2026\/02\/CN-490992506_00.jpg","datePublished":"2026-02-16T11:06:00+00:00","breadcrumb":{"@id":"https:\/\/desireonline.shop\/vi\/san-pham\/missweet-my-first-mini-love-may-rung-mini-bullet\/#breadcrumb"},"inLanguage":"vi","potentialAction":[{"@type":"ReadAction","target":["https:\/\/desireonline.shop\/vi\/san-pham\/missweet-my-first-mini-love-may-rung-mini-bullet\/"]}]},{"@type":"ImageObject","inLanguage":"vi","@id":"https:\/\/desireonline.shop\/vi\/san-pham\/missweet-my-first-mini-love-may-rung-mini-bullet\/#primaryimage","url":"https:\/\/desireonline.shop\/wp-content\/uploads\/2026\/02\/CN-490992506_00.jpg","contentUrl":"https:\/\/desireonline.shop\/wp-content\/uploads\/2026\/02\/CN-490992506_00.jpg","width":1000,"height":1000},{"@type":"BreadcrumbList","@id":"https:\/\/desireonline.shop\/vi\/san-pham\/missweet-my-first-mini-love-may-rung-mini-bullet\/#breadcrumb","itemListElement":[{"@type":"ListItem","position":1,"name":"Home","item":"https:\/\/desireonline.shop\/vi\/trang-chu\/?lang=vi"},{"@type":"ListItem","position":2,"name":"T\u1ea5t c\u1ea3 s\u1ea3n ph\u1ea9m","item":"https:\/\/desireonline.shop\/cua-hang\/?lang=vi"},{"@type":"ListItem","position":3,"name":"MisSweet My First Mini Love M\u00e1y rung mini bullet"}]},{"@type":"WebSite","@id":"https:\/\/desireonline.shop\/vi\/#website","url":"https:\/\/desireonline.shop\/vi\/","name":"Desire","description":"Sexual Wellness Platform","publisher":{"@id":"https:\/\/desireonline.shop\/vi\/#organization"},"potentialAction":[{"@type":"SearchAction","target":{"@type":"EntryPoint","urlTemplate":"https:\/\/desireonline.shop\/vi\/?s={search_term_string}"},"query-input":{"@type":"PropertyValueSpecification","valueRequired":true,"valueName":"search_term_string"}}],"inLanguage":"vi"},{"@type":"Organization","@id":"https:\/\/desireonline.shop\/vi\/#organization","name":"Desire","url":"https:\/\/desireonline.shop\/vi\/","logo":{"@type":"ImageObject","inLanguage":"vi","@id":"https:\/\/desireonline.shop\/vi\/#\/schema\/logo\/image\/","url":"https:\/\/desireonline.shop\/wp-content\/uploads\/2024\/06\/Logo-Thick-Font-1.webp","contentUrl":"https:\/\/desireonline.shop\/wp-content\/uploads\/2024\/06\/Logo-Thick-Font-1.webp","width":268,"height":399,"caption":"Desire"},"image":{"@id":"https:\/\/desireonline.shop\/vi\/#\/schema\/logo\/image\/"}}]}},"_links":{"self":[{"href":"https:\/\/desireonline.shop\/vi\/wp-json\/wp\/v2\/product\/68206","targetHints":{"allow":["GET"]}}],"collection":[{"href":"https:\/\/desireonline.shop\/vi\/wp-json\/wp\/v2\/product"}],"about":[{"href":"https:\/\/desireonline.shop\/vi\/wp-json\/wp\/v2\/types\/product"}],"replies":[{"embeddable":true,"href":"https:\/\/desireonline.shop\/vi\/wp-json\/wp\/v2\/comments?post=68206"}],"version-history":[{"count":0,"href":"https:\/\/desireonline.shop\/vi\/wp-json\/wp\/v2\/product\/68206\/revisions"}],"wp:featuredmedia":[{"embeddable":true,"href":"https:\/\/desireonline.shop\/vi\/wp-json\/wp\/v2\/media\/61960"}],"wp:attachment":[{"href":"https:\/\/desireonline.shop\/vi\/wp-json\/wp\/v2\/media?parent=68206"}],"wp:term":[{"taxonomy":"product_brand","embeddable":true,"href":"https:\/\/desireonline.shop\/vi\/wp-json\/wp\/v2\/product_brand?post=68206"},{"taxonomy":"product_cat","embeddable":true,"href":"https:\/\/desireonline.shop\/vi\/wp-json\/wp\/v2\/product_cat?post=68206"},{"taxonomy":"product_tag","embeddable":true,"href":"https:\/\/desireonline.shop\/vi\/wp-json\/wp\/v2\/product_tag?post=68206"}],"curies":[{"name":"wp","href":"https:\/\/api.w.org\/{rel}","templated":true}]}}