{"id":68226,"date":"2026-02-16T11:14:00","date_gmt":"2026-02-16T11:14:00","guid":{"rendered":"https:\/\/desireonline.shop\/product\/aphrovibe-sexy-heat-up-may-rung-duong-vat-gia-lam-nong-elpefish\/"},"modified":"2026-02-16T11:14:00","modified_gmt":"2026-02-16T11:14:00","slug":"aphrovibe-sexy-heat-up-may-rung-duong-vat-gia-lam-nong-elpefish","status":"publish","type":"product","link":"https:\/\/desireonline.shop\/vi\/san-pham\/aphrovibe-sexy-heat-up-may-rung-duong-vat-gia-lam-nong-elpefish\/","title":{"rendered":"Aphrovibe Sexy Heat Up M\u00e1y rung d\u01b0\u01a1ng v\u1eadt gi\u1ea3 l\u00e0m n\u00f3ng \u2013 Elpefish"},"content":{"rendered":"<p>\u0110\u01b0\u1ee3c thi\u1ebft k\u1ebf \u0111\u1ec3 mang l\u1ea1i c\u1ea3m gi\u00e1c nhi\u1ec1u t\u1ea7ng v\u00e0 m\u1ea1nh m\u1ebd, m\u00e1y rung l\u00e0m n\u00f3ng n\u00e0y k\u1ebft h\u1ee3p rung \u0111\u1ed9ng, chuy\u1ec3n \u0111\u1ed9ng th\u1ee5t v\u00e0 chuy\u1ec3n \u0111\u1ed9ng xoay \u0111\u1ec3 t\u1ea1o n\u00ean tr\u1ea3i nghi\u1ec7m cu\u1ed1n h\u00fat s\u00e2u s\u1eafc. C\u00e1c h\u1ea1t xoay b\u00ean trong mang l\u1ea1i m\u1ed9t chi\u1ec1u k\u00edch th\u00edch b\u1ed5 sung, t\u1ea1o c\u1ea3m gi\u00e1c l\u0103n nh\u1ecbp nh\u00e0ng v\u1edbi m\u1ed7i chuy\u1ec3n \u0111\u1ed9ng.<\/p>\n<p>V\u1edbi 10 ch\u1ebf \u0111\u1ed9 rung v\u00e0 ba t\u1ed1c \u0111\u1ed9 th\u1ee5t \u0111\u1ec3 kh\u00e1m ph\u00e1, b\u1ea1n c\u00f3 th\u1ec3 d\u1ec5 d\u00e0ng \u0111i\u1ec1u ch\u1ec9nh tr\u1ea3i nghi\u1ec7m theo t\u00e2m tr\u1ea1ng c\u1ee7a m\u00ecnh. Ch\u1ee9c n\u0103ng l\u00e0m \u1ea5m mang l\u1ea1i c\u1ea3m gi\u00e1c ch\u00e2n th\u1ef1c v\u00e0 d\u1ec5 ch\u1ecbu, khi\u1ebfn s\u1ea3n ph\u1ea9m l\u00fd t\u01b0\u1edfng cho nh\u1eefng ai y\u00eau th\u00edch chuy\u1ec3n \u0111\u1ed9ng, s\u1ef1 \u0111a d\u1ea1ng v\u00e0 kho\u00e1i c\u1ea3m m\u1ea1nh m\u1ebd trong m\u1ed9t thi\u1ebft k\u1ebf \u0111\u1ea7y s\u1ee9c m\u1ea1nh.<\/p>\n","protected":false},"excerpt":{"rendered":"<p>\u0110\u01b0\u1ee3c thi\u1ebft k\u1ebf \u0111\u1ec3 mang l\u1ea1i c\u1ea3m gi\u00e1c nhi\u1ec1u t\u1ea7ng v\u00e0 m\u1ea1nh m\u1ebd, m\u00e1y rung l\u00e0m n\u00f3ng n\u00e0y k\u1ebft h\u1ee3p rung \u0111\u1ed9ng, chuy\u1ec3n \u0111\u1ed9ng th\u1ee5t v\u00e0 chuy\u1ec3n \u0111\u1ed9ng xoay \u0111\u1ec3&hellip;<\/p>\n","protected":false},"featured_media":62043,"comment_status":"open","ping_status":"closed","template":"","meta":{"_acf_changed":false},"product_brand":[],"product_cat":[1436,1435],"product_tag":[],"class_list":{"0":"post-68226","1":"product","2":"type-product","3":"status-publish","4":"has-post-thumbnail","6":"product_cat-may-rung-diem-g","7":"product_cat-may-rung-kich-thich-ngoai","9":"first","10":"instock","11":"shipping-taxable","12":"purchasable","13":"product-type-simple"},"acf":[],"yoast_head":"<!-- This site is optimized with the Yoast SEO plugin v27.1.1 - https:\/\/yoast.com\/product\/yoast-seo-wordpress\/ -->\n<title>Aphrovibe Sexy Heat Up M\u00e1y rung d\u01b0\u01a1ng v\u1eadt gi\u1ea3 l\u00e0m n\u00f3ng \u2013 Elpefish - Desire<\/title>\n<meta name=\"robots\" content=\"index, follow, max-snippet:-1, max-image-preview:large, max-video-preview:-1\" \/>\n<link rel=\"canonical\" href=\"https:\/\/desireonline.shop\/vi\/san-pham\/aphrovibe-sexy-heat-up-may-rung-duong-vat-gia-lam-nong-elpefish\/\" \/>\n<meta property=\"og:locale\" content=\"vi_VN\" \/>\n<meta property=\"og:type\" content=\"article\" \/>\n<meta property=\"og:title\" content=\"Aphrovibe Sexy Heat Up M\u00e1y rung d\u01b0\u01a1ng v\u1eadt gi\u1ea3 l\u00e0m n\u00f3ng \u2013 Elpefish - Desire\" \/>\n<meta property=\"og:description\" content=\"\u0110\u01b0\u1ee3c thi\u1ebft k\u1ebf \u0111\u1ec3 mang l\u1ea1i c\u1ea3m gi\u00e1c nhi\u1ec1u t\u1ea7ng v\u00e0 m\u1ea1nh m\u1ebd, m\u00e1y rung l\u00e0m n\u00f3ng n\u00e0y k\u1ebft h\u1ee3p rung \u0111\u1ed9ng, chuy\u1ec3n \u0111\u1ed9ng th\u1ee5t v\u00e0 chuy\u1ec3n \u0111\u1ed9ng xoay \u0111\u1ec3&hellip;\" \/>\n<meta property=\"og:url\" content=\"https:\/\/desireonline.shop\/vi\/san-pham\/aphrovibe-sexy-heat-up-may-rung-duong-vat-gia-lam-nong-elpefish\/\" \/>\n<meta property=\"og:site_name\" content=\"Desire\" \/>\n<meta property=\"og:image\" content=\"https:\/\/desireonline.shop\/wp-content\/uploads\/2026\/02\/CN-537531286_00.jpg\" \/>\n\t<meta property=\"og:image:width\" content=\"1200\" \/>\n\t<meta property=\"og:image:height\" content=\"1044\" \/>\n\t<meta property=\"og:image:type\" content=\"image\/jpeg\" \/>\n<meta name=\"twitter:card\" content=\"summary_large_image\" \/>\n<meta name=\"twitter:label1\" content=\"\u01af\u1edbc t\u00ednh th\u1eddi gian \u0111\u1ecdc\" \/>\n\t<meta name=\"twitter:data1\" content=\"1 ph\u00fat\" \/>\n<script type=\"application\/ld+json\" class=\"yoast-schema-graph\">{\"@context\":\"https:\/\/schema.org\",\"@graph\":[{\"@type\":\"WebPage\",\"@id\":\"https:\/\/desireonline.shop\/vi\/san-pham\/aphrovibe-sexy-heat-up-may-rung-duong-vat-gia-lam-nong-elpefish\/\",\"url\":\"https:\/\/desireonline.shop\/vi\/san-pham\/aphrovibe-sexy-heat-up-may-rung-duong-vat-gia-lam-nong-elpefish\/\",\"name\":\"Aphrovibe Sexy Heat Up M\u00e1y rung d\u01b0\u01a1ng v\u1eadt gi\u1ea3 l\u00e0m n\u00f3ng \u2013 Elpefish - Desire\",\"isPartOf\":{\"@id\":\"https:\/\/desireonline.shop\/vi\/#website\"},\"primaryImageOfPage\":{\"@id\":\"https:\/\/desireonline.shop\/vi\/san-pham\/aphrovibe-sexy-heat-up-may-rung-duong-vat-gia-lam-nong-elpefish\/#primaryimage\"},\"image\":{\"@id\":\"https:\/\/desireonline.shop\/vi\/san-pham\/aphrovibe-sexy-heat-up-may-rung-duong-vat-gia-lam-nong-elpefish\/#primaryimage\"},\"thumbnailUrl\":\"https:\/\/desireonline.shop\/wp-content\/uploads\/2026\/02\/CN-537531286_00.jpg\",\"datePublished\":\"2026-02-16T11:14:00+00:00\",\"breadcrumb\":{\"@id\":\"https:\/\/desireonline.shop\/vi\/san-pham\/aphrovibe-sexy-heat-up-may-rung-duong-vat-gia-lam-nong-elpefish\/#breadcrumb\"},\"inLanguage\":\"vi\",\"potentialAction\":[{\"@type\":\"ReadAction\",\"target\":[\"https:\/\/desireonline.shop\/vi\/san-pham\/aphrovibe-sexy-heat-up-may-rung-duong-vat-gia-lam-nong-elpefish\/\"]}]},{\"@type\":\"ImageObject\",\"inLanguage\":\"vi\",\"@id\":\"https:\/\/desireonline.shop\/vi\/san-pham\/aphrovibe-sexy-heat-up-may-rung-duong-vat-gia-lam-nong-elpefish\/#primaryimage\",\"url\":\"https:\/\/desireonline.shop\/wp-content\/uploads\/2026\/02\/CN-537531286_00.jpg\",\"contentUrl\":\"https:\/\/desireonline.shop\/wp-content\/uploads\/2026\/02\/CN-537531286_00.jpg\",\"width\":1200,\"height\":1044},{\"@type\":\"BreadcrumbList\",\"@id\":\"https:\/\/desireonline.shop\/vi\/san-pham\/aphrovibe-sexy-heat-up-may-rung-duong-vat-gia-lam-nong-elpefish\/#breadcrumb\",\"itemListElement\":[{\"@type\":\"ListItem\",\"position\":1,\"name\":\"Home\",\"item\":\"https:\/\/desireonline.shop\/vi\/trang-chu\/?lang=vi\"},{\"@type\":\"ListItem\",\"position\":2,\"name\":\"T\u1ea5t c\u1ea3 s\u1ea3n ph\u1ea9m\",\"item\":\"https:\/\/desireonline.shop\/cua-hang\/?lang=vi\"},{\"@type\":\"ListItem\",\"position\":3,\"name\":\"Aphrovibe Sexy Heat Up M\u00e1y rung d\u01b0\u01a1ng v\u1eadt gi\u1ea3 l\u00e0m n\u00f3ng \u2013 Elpefish\"}]},{\"@type\":\"WebSite\",\"@id\":\"https:\/\/desireonline.shop\/vi\/#website\",\"url\":\"https:\/\/desireonline.shop\/vi\/\",\"name\":\"Desire\",\"description\":\"Sexual Wellness Platform\",\"publisher\":{\"@id\":\"https:\/\/desireonline.shop\/vi\/#organization\"},\"potentialAction\":[{\"@type\":\"SearchAction\",\"target\":{\"@type\":\"EntryPoint\",\"urlTemplate\":\"https:\/\/desireonline.shop\/vi\/?s={search_term_string}\"},\"query-input\":{\"@type\":\"PropertyValueSpecification\",\"valueRequired\":true,\"valueName\":\"search_term_string\"}}],\"inLanguage\":\"vi\"},{\"@type\":\"Organization\",\"@id\":\"https:\/\/desireonline.shop\/vi\/#organization\",\"name\":\"Desire\",\"url\":\"https:\/\/desireonline.shop\/vi\/\",\"logo\":{\"@type\":\"ImageObject\",\"inLanguage\":\"vi\",\"@id\":\"https:\/\/desireonline.shop\/vi\/#\/schema\/logo\/image\/\",\"url\":\"https:\/\/desireonline.shop\/wp-content\/uploads\/2024\/06\/Logo-Thick-Font-1.webp\",\"contentUrl\":\"https:\/\/desireonline.shop\/wp-content\/uploads\/2024\/06\/Logo-Thick-Font-1.webp\",\"width\":268,\"height\":399,\"caption\":\"Desire\"},\"image\":{\"@id\":\"https:\/\/desireonline.shop\/vi\/#\/schema\/logo\/image\/\"}}]}<\/script>\n<!-- \/ Yoast SEO plugin. -->","yoast_head_json":{"title":"Aphrovibe Sexy Heat Up M\u00e1y rung d\u01b0\u01a1ng v\u1eadt gi\u1ea3 l\u00e0m n\u00f3ng \u2013 Elpefish - Desire","robots":{"index":"index","follow":"follow","max-snippet":"max-snippet:-1","max-image-preview":"max-image-preview:large","max-video-preview":"max-video-preview:-1"},"canonical":"https:\/\/desireonline.shop\/vi\/san-pham\/aphrovibe-sexy-heat-up-may-rung-duong-vat-gia-lam-nong-elpefish\/","og_locale":"vi_VN","og_type":"article","og_title":"Aphrovibe Sexy Heat Up M\u00e1y rung d\u01b0\u01a1ng v\u1eadt gi\u1ea3 l\u00e0m n\u00f3ng \u2013 Elpefish - Desire","og_description":"\u0110\u01b0\u1ee3c thi\u1ebft k\u1ebf \u0111\u1ec3 mang l\u1ea1i c\u1ea3m gi\u00e1c nhi\u1ec1u t\u1ea7ng v\u00e0 m\u1ea1nh m\u1ebd, m\u00e1y rung l\u00e0m n\u00f3ng n\u00e0y k\u1ebft h\u1ee3p rung \u0111\u1ed9ng, chuy\u1ec3n \u0111\u1ed9ng th\u1ee5t v\u00e0 chuy\u1ec3n \u0111\u1ed9ng xoay \u0111\u1ec3&hellip;","og_url":"https:\/\/desireonline.shop\/vi\/san-pham\/aphrovibe-sexy-heat-up-may-rung-duong-vat-gia-lam-nong-elpefish\/","og_site_name":"Desire","og_image":[{"width":1200,"height":1044,"url":"https:\/\/desireonline.shop\/wp-content\/uploads\/2026\/02\/CN-537531286_00.jpg","type":"image\/jpeg"}],"twitter_card":"summary_large_image","twitter_misc":{"\u01af\u1edbc t\u00ednh th\u1eddi gian \u0111\u1ecdc":"1 ph\u00fat"},"schema":{"@context":"https:\/\/schema.org","@graph":[{"@type":"WebPage","@id":"https:\/\/desireonline.shop\/vi\/san-pham\/aphrovibe-sexy-heat-up-may-rung-duong-vat-gia-lam-nong-elpefish\/","url":"https:\/\/desireonline.shop\/vi\/san-pham\/aphrovibe-sexy-heat-up-may-rung-duong-vat-gia-lam-nong-elpefish\/","name":"Aphrovibe Sexy Heat Up M\u00e1y rung d\u01b0\u01a1ng v\u1eadt gi\u1ea3 l\u00e0m n\u00f3ng \u2013 Elpefish - Desire","isPartOf":{"@id":"https:\/\/desireonline.shop\/vi\/#website"},"primaryImageOfPage":{"@id":"https:\/\/desireonline.shop\/vi\/san-pham\/aphrovibe-sexy-heat-up-may-rung-duong-vat-gia-lam-nong-elpefish\/#primaryimage"},"image":{"@id":"https:\/\/desireonline.shop\/vi\/san-pham\/aphrovibe-sexy-heat-up-may-rung-duong-vat-gia-lam-nong-elpefish\/#primaryimage"},"thumbnailUrl":"https:\/\/desireonline.shop\/wp-content\/uploads\/2026\/02\/CN-537531286_00.jpg","datePublished":"2026-02-16T11:14:00+00:00","breadcrumb":{"@id":"https:\/\/desireonline.shop\/vi\/san-pham\/aphrovibe-sexy-heat-up-may-rung-duong-vat-gia-lam-nong-elpefish\/#breadcrumb"},"inLanguage":"vi","potentialAction":[{"@type":"ReadAction","target":["https:\/\/desireonline.shop\/vi\/san-pham\/aphrovibe-sexy-heat-up-may-rung-duong-vat-gia-lam-nong-elpefish\/"]}]},{"@type":"ImageObject","inLanguage":"vi","@id":"https:\/\/desireonline.shop\/vi\/san-pham\/aphrovibe-sexy-heat-up-may-rung-duong-vat-gia-lam-nong-elpefish\/#primaryimage","url":"https:\/\/desireonline.shop\/wp-content\/uploads\/2026\/02\/CN-537531286_00.jpg","contentUrl":"https:\/\/desireonline.shop\/wp-content\/uploads\/2026\/02\/CN-537531286_00.jpg","width":1200,"height":1044},{"@type":"BreadcrumbList","@id":"https:\/\/desireonline.shop\/vi\/san-pham\/aphrovibe-sexy-heat-up-may-rung-duong-vat-gia-lam-nong-elpefish\/#breadcrumb","itemListElement":[{"@type":"ListItem","position":1,"name":"Home","item":"https:\/\/desireonline.shop\/vi\/trang-chu\/?lang=vi"},{"@type":"ListItem","position":2,"name":"T\u1ea5t c\u1ea3 s\u1ea3n ph\u1ea9m","item":"https:\/\/desireonline.shop\/cua-hang\/?lang=vi"},{"@type":"ListItem","position":3,"name":"Aphrovibe Sexy Heat Up M\u00e1y rung d\u01b0\u01a1ng v\u1eadt gi\u1ea3 l\u00e0m n\u00f3ng \u2013 Elpefish"}]},{"@type":"WebSite","@id":"https:\/\/desireonline.shop\/vi\/#website","url":"https:\/\/desireonline.shop\/vi\/","name":"Desire","description":"Sexual Wellness Platform","publisher":{"@id":"https:\/\/desireonline.shop\/vi\/#organization"},"potentialAction":[{"@type":"SearchAction","target":{"@type":"EntryPoint","urlTemplate":"https:\/\/desireonline.shop\/vi\/?s={search_term_string}"},"query-input":{"@type":"PropertyValueSpecification","valueRequired":true,"valueName":"search_term_string"}}],"inLanguage":"vi"},{"@type":"Organization","@id":"https:\/\/desireonline.shop\/vi\/#organization","name":"Desire","url":"https:\/\/desireonline.shop\/vi\/","logo":{"@type":"ImageObject","inLanguage":"vi","@id":"https:\/\/desireonline.shop\/vi\/#\/schema\/logo\/image\/","url":"https:\/\/desireonline.shop\/wp-content\/uploads\/2024\/06\/Logo-Thick-Font-1.webp","contentUrl":"https:\/\/desireonline.shop\/wp-content\/uploads\/2024\/06\/Logo-Thick-Font-1.webp","width":268,"height":399,"caption":"Desire"},"image":{"@id":"https:\/\/desireonline.shop\/vi\/#\/schema\/logo\/image\/"}}]}},"_links":{"self":[{"href":"https:\/\/desireonline.shop\/vi\/wp-json\/wp\/v2\/product\/68226","targetHints":{"allow":["GET"]}}],"collection":[{"href":"https:\/\/desireonline.shop\/vi\/wp-json\/wp\/v2\/product"}],"about":[{"href":"https:\/\/desireonline.shop\/vi\/wp-json\/wp\/v2\/types\/product"}],"replies":[{"embeddable":true,"href":"https:\/\/desireonline.shop\/vi\/wp-json\/wp\/v2\/comments?post=68226"}],"version-history":[{"count":0,"href":"https:\/\/desireonline.shop\/vi\/wp-json\/wp\/v2\/product\/68226\/revisions"}],"wp:featuredmedia":[{"embeddable":true,"href":"https:\/\/desireonline.shop\/vi\/wp-json\/wp\/v2\/media\/62043"}],"wp:attachment":[{"href":"https:\/\/desireonline.shop\/vi\/wp-json\/wp\/v2\/media?parent=68226"}],"wp:term":[{"taxonomy":"product_brand","embeddable":true,"href":"https:\/\/desireonline.shop\/vi\/wp-json\/wp\/v2\/product_brand?post=68226"},{"taxonomy":"product_cat","embeddable":true,"href":"https:\/\/desireonline.shop\/vi\/wp-json\/wp\/v2\/product_cat?post=68226"},{"taxonomy":"product_tag","embeddable":true,"href":"https:\/\/desireonline.shop\/vi\/wp-json\/wp\/v2\/product_tag?post=68226"}],"curies":[{"name":"wp","href":"https:\/\/api.w.org\/{rel}","templated":true}]}}