{"id":68228,"date":"2026-02-16T11:14:00","date_gmt":"2026-02-16T11:14:00","guid":{"rendered":"https:\/\/desireonline.shop\/product\/aphrovibe-jumping-rabbit-may-rung-tho\/"},"modified":"2026-02-16T11:14:00","modified_gmt":"2026-02-16T11:14:00","slug":"aphrovibe-jumping-rabbit-may-rung-tho","status":"publish","type":"product","link":"https:\/\/desireonline.shop\/vi\/san-pham\/aphrovibe-jumping-rabbit-may-rung-tho\/","title":{"rendered":"Aphrovibe Jumping Rabbit M\u00e1y rung th\u1ecf"},"content":{"rendered":"<p>\u0110\u01b0\u1ee3c thi\u1ebft k\u1ebf \u0111\u1ec3 mang l\u1ea1i kho\u00e1i c\u1ea3m k\u00e9p, m\u00e1y rung ki\u1ec3u th\u1ecf n\u00e0y k\u1ebft h\u1ee3p k\u00edch th\u00edch \u0111i\u1ec3m G b\u00ean trong v\u1edbi rung \u0111\u1ed9ng \u00e2m v\u1eadt b\u00ean ngo\u00e0i \u0111\u1ec3 t\u1ea1o n\u00ean tr\u1ea3i nghi\u1ec7m th\u1ecfa m\u00e3n s\u00e2u s\u1eafc. Thi\u1ebft k\u1ebf cong m\u01b0\u1ee3t \u0111\u01b0\u1ee3c t\u1ea1o ra \u0111\u1ec3 n\u1eb1m tho\u1ea3i m\u00e1i t\u1ea1i v\u1ecb tr\u00ed, cho ph\u00e9p c\u1ea3 hai \u0111i\u1ec3m kho\u00e1i c\u1ea3m \u0111\u01b0\u1ee3c k\u00edch th\u00edch c\u00f9ng l\u00fac.<\/p>\n<p>V\u1edbi 10 ch\u1ebf \u0111\u1ed9 rung \u0111\u1ec3 kh\u00e1m ph\u00e1, b\u1ea1n c\u00f3 th\u1ec3 d\u1ec5 d\u00e0ng chuy\u1ec3n t\u1eeb k\u00edch th\u00edch nh\u1eb9 nh\u00e0ng sang c\u1ea3m gi\u00e1c m\u1ea1nh m\u1ebd, nh\u1ecbp nh\u00e0ng h\u01a1n. Ch\u1ed1ng n\u01b0\u1edbc v\u00e0 d\u1ec5 d\u00e0ng v\u1ec7 sinh, \u0111\u00e2y l\u00e0 l\u1ef1a ch\u1ecdn linh ho\u1ea1t cho nh\u1eefng ph\u00fat gi\u00e2y t\u1ef1 t\u1eadn h\u01b0\u1edfng th\u01b0 gi\u00e3n v\u00e0 \u0111\u1ea7y kho\u00e1i c\u1ea3m.<\/p>\n","protected":false},"excerpt":{"rendered":"<p>\u0110\u01b0\u1ee3c thi\u1ebft k\u1ebf \u0111\u1ec3 mang l\u1ea1i kho\u00e1i c\u1ea3m k\u00e9p, m\u00e1y rung ki\u1ec3u th\u1ecf n\u00e0y k\u1ebft h\u1ee3p k\u00edch th\u00edch \u0111i\u1ec3m G b\u00ean trong v\u1edbi rung \u0111\u1ed9ng \u00e2m v\u1eadt b\u00ean ngo\u00e0i \u0111\u1ec3&hellip;<\/p>\n","protected":false},"featured_media":62029,"comment_status":"open","ping_status":"closed","template":"","meta":{"_acf_changed":false},"product_brand":[],"product_cat":[1436,1439,1435],"product_tag":[],"class_list":{"0":"post-68228","1":"product","2":"type-product","3":"status-publish","4":"has-post-thumbnail","6":"product_cat-may-rung-diem-g","7":"product_cat-may-rung-hai-diem","8":"product_cat-may-rung-kich-thich-ngoai","10":"first","11":"instock","12":"shipping-taxable","13":"purchasable","14":"product-type-simple"},"acf":[],"yoast_head":"<!-- This site is optimized with the Yoast SEO plugin v27.1.1 - https:\/\/yoast.com\/product\/yoast-seo-wordpress\/ -->\n<title>Aphrovibe Jumping Rabbit M\u00e1y rung th\u1ecf - Desire<\/title>\n<meta name=\"robots\" content=\"index, follow, max-snippet:-1, max-image-preview:large, max-video-preview:-1\" \/>\n<link rel=\"canonical\" href=\"https:\/\/desireonline.shop\/vi\/san-pham\/aphrovibe-jumping-rabbit-may-rung-tho\/\" \/>\n<meta property=\"og:locale\" content=\"vi_VN\" \/>\n<meta property=\"og:type\" content=\"article\" \/>\n<meta property=\"og:title\" content=\"Aphrovibe Jumping Rabbit M\u00e1y rung th\u1ecf - Desire\" \/>\n<meta property=\"og:description\" content=\"\u0110\u01b0\u1ee3c thi\u1ebft k\u1ebf \u0111\u1ec3 mang l\u1ea1i kho\u00e1i c\u1ea3m k\u00e9p, m\u00e1y rung ki\u1ec3u th\u1ecf n\u00e0y k\u1ebft h\u1ee3p k\u00edch th\u00edch \u0111i\u1ec3m G b\u00ean trong v\u1edbi rung \u0111\u1ed9ng \u00e2m v\u1eadt b\u00ean ngo\u00e0i \u0111\u1ec3&hellip;\" \/>\n<meta property=\"og:url\" content=\"https:\/\/desireonline.shop\/vi\/san-pham\/aphrovibe-jumping-rabbit-may-rung-tho\/\" \/>\n<meta property=\"og:site_name\" content=\"Desire\" \/>\n<meta property=\"og:image\" content=\"https:\/\/desireonline.shop\/wp-content\/uploads\/2026\/02\/CN-511051390_00.jpg\" \/>\n\t<meta property=\"og:image:width\" content=\"1200\" \/>\n\t<meta property=\"og:image:height\" content=\"1044\" \/>\n\t<meta property=\"og:image:type\" content=\"image\/jpeg\" \/>\n<meta name=\"twitter:card\" content=\"summary_large_image\" \/>\n<meta name=\"twitter:label1\" content=\"\u01af\u1edbc t\u00ednh th\u1eddi gian \u0111\u1ecdc\" \/>\n\t<meta name=\"twitter:data1\" content=\"1 ph\u00fat\" \/>\n<script type=\"application\/ld+json\" class=\"yoast-schema-graph\">{\"@context\":\"https:\/\/schema.org\",\"@graph\":[{\"@type\":\"WebPage\",\"@id\":\"https:\/\/desireonline.shop\/vi\/san-pham\/aphrovibe-jumping-rabbit-may-rung-tho\/\",\"url\":\"https:\/\/desireonline.shop\/vi\/san-pham\/aphrovibe-jumping-rabbit-may-rung-tho\/\",\"name\":\"Aphrovibe Jumping Rabbit M\u00e1y rung th\u1ecf - Desire\",\"isPartOf\":{\"@id\":\"https:\/\/desireonline.shop\/vi\/#website\"},\"primaryImageOfPage\":{\"@id\":\"https:\/\/desireonline.shop\/vi\/san-pham\/aphrovibe-jumping-rabbit-may-rung-tho\/#primaryimage\"},\"image\":{\"@id\":\"https:\/\/desireonline.shop\/vi\/san-pham\/aphrovibe-jumping-rabbit-may-rung-tho\/#primaryimage\"},\"thumbnailUrl\":\"https:\/\/desireonline.shop\/wp-content\/uploads\/2026\/02\/CN-511051390_00.jpg\",\"datePublished\":\"2026-02-16T11:14:00+00:00\",\"breadcrumb\":{\"@id\":\"https:\/\/desireonline.shop\/vi\/san-pham\/aphrovibe-jumping-rabbit-may-rung-tho\/#breadcrumb\"},\"inLanguage\":\"vi\",\"potentialAction\":[{\"@type\":\"ReadAction\",\"target\":[\"https:\/\/desireonline.shop\/vi\/san-pham\/aphrovibe-jumping-rabbit-may-rung-tho\/\"]}]},{\"@type\":\"ImageObject\",\"inLanguage\":\"vi\",\"@id\":\"https:\/\/desireonline.shop\/vi\/san-pham\/aphrovibe-jumping-rabbit-may-rung-tho\/#primaryimage\",\"url\":\"https:\/\/desireonline.shop\/wp-content\/uploads\/2026\/02\/CN-511051390_00.jpg\",\"contentUrl\":\"https:\/\/desireonline.shop\/wp-content\/uploads\/2026\/02\/CN-511051390_00.jpg\",\"width\":1200,\"height\":1044},{\"@type\":\"BreadcrumbList\",\"@id\":\"https:\/\/desireonline.shop\/vi\/san-pham\/aphrovibe-jumping-rabbit-may-rung-tho\/#breadcrumb\",\"itemListElement\":[{\"@type\":\"ListItem\",\"position\":1,\"name\":\"Home\",\"item\":\"https:\/\/desireonline.shop\/vi\/trang-chu\/?lang=vi\"},{\"@type\":\"ListItem\",\"position\":2,\"name\":\"T\u1ea5t c\u1ea3 s\u1ea3n ph\u1ea9m\",\"item\":\"https:\/\/desireonline.shop\/cua-hang\/?lang=vi\"},{\"@type\":\"ListItem\",\"position\":3,\"name\":\"Aphrovibe Jumping Rabbit M\u00e1y rung th\u1ecf\"}]},{\"@type\":\"WebSite\",\"@id\":\"https:\/\/desireonline.shop\/vi\/#website\",\"url\":\"https:\/\/desireonline.shop\/vi\/\",\"name\":\"Desire\",\"description\":\"Sexual Wellness Platform\",\"publisher\":{\"@id\":\"https:\/\/desireonline.shop\/vi\/#organization\"},\"potentialAction\":[{\"@type\":\"SearchAction\",\"target\":{\"@type\":\"EntryPoint\",\"urlTemplate\":\"https:\/\/desireonline.shop\/vi\/?s={search_term_string}\"},\"query-input\":{\"@type\":\"PropertyValueSpecification\",\"valueRequired\":true,\"valueName\":\"search_term_string\"}}],\"inLanguage\":\"vi\"},{\"@type\":\"Organization\",\"@id\":\"https:\/\/desireonline.shop\/vi\/#organization\",\"name\":\"Desire\",\"url\":\"https:\/\/desireonline.shop\/vi\/\",\"logo\":{\"@type\":\"ImageObject\",\"inLanguage\":\"vi\",\"@id\":\"https:\/\/desireonline.shop\/vi\/#\/schema\/logo\/image\/\",\"url\":\"https:\/\/desireonline.shop\/wp-content\/uploads\/2024\/06\/Logo-Thick-Font-1.webp\",\"contentUrl\":\"https:\/\/desireonline.shop\/wp-content\/uploads\/2024\/06\/Logo-Thick-Font-1.webp\",\"width\":268,\"height\":399,\"caption\":\"Desire\"},\"image\":{\"@id\":\"https:\/\/desireonline.shop\/vi\/#\/schema\/logo\/image\/\"}}]}<\/script>\n<!-- \/ Yoast SEO plugin. -->","yoast_head_json":{"title":"Aphrovibe Jumping Rabbit M\u00e1y rung th\u1ecf - Desire","robots":{"index":"index","follow":"follow","max-snippet":"max-snippet:-1","max-image-preview":"max-image-preview:large","max-video-preview":"max-video-preview:-1"},"canonical":"https:\/\/desireonline.shop\/vi\/san-pham\/aphrovibe-jumping-rabbit-may-rung-tho\/","og_locale":"vi_VN","og_type":"article","og_title":"Aphrovibe Jumping Rabbit M\u00e1y rung th\u1ecf - Desire","og_description":"\u0110\u01b0\u1ee3c thi\u1ebft k\u1ebf \u0111\u1ec3 mang l\u1ea1i kho\u00e1i c\u1ea3m k\u00e9p, m\u00e1y rung ki\u1ec3u th\u1ecf n\u00e0y k\u1ebft h\u1ee3p k\u00edch th\u00edch \u0111i\u1ec3m G b\u00ean trong v\u1edbi rung \u0111\u1ed9ng \u00e2m v\u1eadt b\u00ean ngo\u00e0i \u0111\u1ec3&hellip;","og_url":"https:\/\/desireonline.shop\/vi\/san-pham\/aphrovibe-jumping-rabbit-may-rung-tho\/","og_site_name":"Desire","og_image":[{"width":1200,"height":1044,"url":"https:\/\/desireonline.shop\/wp-content\/uploads\/2026\/02\/CN-511051390_00.jpg","type":"image\/jpeg"}],"twitter_card":"summary_large_image","twitter_misc":{"\u01af\u1edbc t\u00ednh th\u1eddi gian \u0111\u1ecdc":"1 ph\u00fat"},"schema":{"@context":"https:\/\/schema.org","@graph":[{"@type":"WebPage","@id":"https:\/\/desireonline.shop\/vi\/san-pham\/aphrovibe-jumping-rabbit-may-rung-tho\/","url":"https:\/\/desireonline.shop\/vi\/san-pham\/aphrovibe-jumping-rabbit-may-rung-tho\/","name":"Aphrovibe Jumping Rabbit M\u00e1y rung th\u1ecf - Desire","isPartOf":{"@id":"https:\/\/desireonline.shop\/vi\/#website"},"primaryImageOfPage":{"@id":"https:\/\/desireonline.shop\/vi\/san-pham\/aphrovibe-jumping-rabbit-may-rung-tho\/#primaryimage"},"image":{"@id":"https:\/\/desireonline.shop\/vi\/san-pham\/aphrovibe-jumping-rabbit-may-rung-tho\/#primaryimage"},"thumbnailUrl":"https:\/\/desireonline.shop\/wp-content\/uploads\/2026\/02\/CN-511051390_00.jpg","datePublished":"2026-02-16T11:14:00+00:00","breadcrumb":{"@id":"https:\/\/desireonline.shop\/vi\/san-pham\/aphrovibe-jumping-rabbit-may-rung-tho\/#breadcrumb"},"inLanguage":"vi","potentialAction":[{"@type":"ReadAction","target":["https:\/\/desireonline.shop\/vi\/san-pham\/aphrovibe-jumping-rabbit-may-rung-tho\/"]}]},{"@type":"ImageObject","inLanguage":"vi","@id":"https:\/\/desireonline.shop\/vi\/san-pham\/aphrovibe-jumping-rabbit-may-rung-tho\/#primaryimage","url":"https:\/\/desireonline.shop\/wp-content\/uploads\/2026\/02\/CN-511051390_00.jpg","contentUrl":"https:\/\/desireonline.shop\/wp-content\/uploads\/2026\/02\/CN-511051390_00.jpg","width":1200,"height":1044},{"@type":"BreadcrumbList","@id":"https:\/\/desireonline.shop\/vi\/san-pham\/aphrovibe-jumping-rabbit-may-rung-tho\/#breadcrumb","itemListElement":[{"@type":"ListItem","position":1,"name":"Home","item":"https:\/\/desireonline.shop\/vi\/trang-chu\/?lang=vi"},{"@type":"ListItem","position":2,"name":"T\u1ea5t c\u1ea3 s\u1ea3n ph\u1ea9m","item":"https:\/\/desireonline.shop\/cua-hang\/?lang=vi"},{"@type":"ListItem","position":3,"name":"Aphrovibe Jumping Rabbit M\u00e1y rung th\u1ecf"}]},{"@type":"WebSite","@id":"https:\/\/desireonline.shop\/vi\/#website","url":"https:\/\/desireonline.shop\/vi\/","name":"Desire","description":"Sexual Wellness Platform","publisher":{"@id":"https:\/\/desireonline.shop\/vi\/#organization"},"potentialAction":[{"@type":"SearchAction","target":{"@type":"EntryPoint","urlTemplate":"https:\/\/desireonline.shop\/vi\/?s={search_term_string}"},"query-input":{"@type":"PropertyValueSpecification","valueRequired":true,"valueName":"search_term_string"}}],"inLanguage":"vi"},{"@type":"Organization","@id":"https:\/\/desireonline.shop\/vi\/#organization","name":"Desire","url":"https:\/\/desireonline.shop\/vi\/","logo":{"@type":"ImageObject","inLanguage":"vi","@id":"https:\/\/desireonline.shop\/vi\/#\/schema\/logo\/image\/","url":"https:\/\/desireonline.shop\/wp-content\/uploads\/2024\/06\/Logo-Thick-Font-1.webp","contentUrl":"https:\/\/desireonline.shop\/wp-content\/uploads\/2024\/06\/Logo-Thick-Font-1.webp","width":268,"height":399,"caption":"Desire"},"image":{"@id":"https:\/\/desireonline.shop\/vi\/#\/schema\/logo\/image\/"}}]}},"_links":{"self":[{"href":"https:\/\/desireonline.shop\/vi\/wp-json\/wp\/v2\/product\/68228","targetHints":{"allow":["GET"]}}],"collection":[{"href":"https:\/\/desireonline.shop\/vi\/wp-json\/wp\/v2\/product"}],"about":[{"href":"https:\/\/desireonline.shop\/vi\/wp-json\/wp\/v2\/types\/product"}],"replies":[{"embeddable":true,"href":"https:\/\/desireonline.shop\/vi\/wp-json\/wp\/v2\/comments?post=68228"}],"version-history":[{"count":0,"href":"https:\/\/desireonline.shop\/vi\/wp-json\/wp\/v2\/product\/68228\/revisions"}],"wp:featuredmedia":[{"embeddable":true,"href":"https:\/\/desireonline.shop\/vi\/wp-json\/wp\/v2\/media\/62029"}],"wp:attachment":[{"href":"https:\/\/desireonline.shop\/vi\/wp-json\/wp\/v2\/media?parent=68228"}],"wp:term":[{"taxonomy":"product_brand","embeddable":true,"href":"https:\/\/desireonline.shop\/vi\/wp-json\/wp\/v2\/product_brand?post=68228"},{"taxonomy":"product_cat","embeddable":true,"href":"https:\/\/desireonline.shop\/vi\/wp-json\/wp\/v2\/product_cat?post=68228"},{"taxonomy":"product_tag","embeddable":true,"href":"https:\/\/desireonline.shop\/vi\/wp-json\/wp\/v2\/product_tag?post=68228"}],"curies":[{"name":"wp","href":"https:\/\/api.w.org\/{rel}","templated":true}]}}