{"id":68256,"date":"2026-02-16T11:15:00","date_gmt":"2026-02-16T11:15:00","guid":{"rendered":"https:\/\/desireonline.shop\/product\/did-extreal-sensual-controller-duong-vat-gia-rung\/"},"modified":"2026-02-16T11:15:00","modified_gmt":"2026-02-16T11:15:00","slug":"did-extreal-sensual-controller-duong-vat-gia-rung","status":"publish","type":"product","link":"https:\/\/desireonline.shop\/vi\/san-pham\/did-extreal-sensual-controller-duong-vat-gia-rung\/","title":{"rendered":"did Extreal Sensual Controller D\u01b0\u01a1ng v\u1eadt gi\u1ea3 rung"},"content":{"rendered":"<p>\u0110\u01b0\u1ee3c thi\u1ebft k\u1ebf \u0111\u1ec3 c\u00e2n b\u1eb1ng gi\u1eefa s\u1ef1 tho\u1ea3i m\u00e1i v\u00e0 kh\u1ea3 n\u0103ng \u0111i\u1ec1u khi\u1ec3n, d\u01b0\u01a1ng v\u1eadt gi\u1ea3 rung n\u00e0y c\u00f3 c\u1ea5u tr\u00fac hai l\u1edbp k\u1ebft h\u1ee3p l\u00f5i ch\u1eafc ch\u1eafn v\u1edbi l\u1edbp ngo\u00e0i m\u1ec1m m\u1ea1i h\u01a1n \u0111\u1ec3 mang l\u1ea1i c\u1ea3m gi\u00e1c ch\u00e2n th\u1ef1c. Thi\u1ebft k\u1ebf tr\u01a1n m\u01b0\u1ee3t gi\u00fap c\u1ea3m gi\u00e1c k\u00edch th\u00edch tr\u1edf n\u00ean t\u1ef1 nhi\u00ean v\u00e0 d\u1ec5 d\u00e0ng t\u1eadn h\u01b0\u1edfng.<\/p>\n<p>V\u1edbi b\u1ea3y ch\u1ebf \u0111\u1ed9 rung v\u00e0 b\u1ed9 \u0111i\u1ec1u khi\u1ec3n c\u00f3 th\u1ec3 th\u00e1o r\u1eddi, b\u1ea1n c\u00f3 th\u1ec3 \u0111i\u1ec1u ch\u1ec9nh c\u1ea3m gi\u00e1c m\u1ed9t c\u00e1ch d\u1ec5 d\u00e0ng \u0111\u1ec3 ph\u00f9 h\u1ee3p v\u1edbi t\u00e2m tr\u1ea1ng c\u1ee7a m\u00ecnh. M\u1ed9t l\u1ef1a ch\u1ecdn linh ho\u1ea1t cho nh\u1eefng ph\u00fat gi\u00e2y t\u1ef1 t\u1eadn h\u01b0\u1edfng th\u01b0 gi\u00e3n khi b\u1ea1n mu\u1ed1n c\u1ea3m gi\u00e1c ch\u00e2n th\u1ef1c v\u1edbi kh\u1ea3 n\u0103ng \u0111i\u1ec1u khi\u1ec3n linh ho\u1ea1t.<\/p>\n","protected":false},"excerpt":{"rendered":"<p>\u0110\u01b0\u1ee3c thi\u1ebft k\u1ebf \u0111\u1ec3 c\u00e2n b\u1eb1ng gi\u1eefa s\u1ef1 tho\u1ea3i m\u00e1i v\u00e0 kh\u1ea3 n\u0103ng \u0111i\u1ec1u khi\u1ec3n, d\u01b0\u01a1ng v\u1eadt gi\u1ea3 rung n\u00e0y c\u00f3 c\u1ea5u tr\u00fac hai l\u1edbp k\u1ebft h\u1ee3p l\u00f5i ch\u1eafc ch\u1eafn&hellip;<\/p>\n","protected":false},"featured_media":62077,"comment_status":"open","ping_status":"closed","template":"","meta":{"_acf_changed":false},"product_brand":[],"product_cat":[1341,1429,1425,1427],"product_tag":[],"class_list":{"0":"post-68256","1":"product","2":"type-product","3":"status-publish","4":"has-post-thumbnail","6":"product_cat-for-men","7":"product_cat-duong-vat-gia-co-rung","8":"product_cat-duong-vat-gia-thuc-te","9":"product_cat-tuong-thich-voi-day-deo-duong-vat-gia-gan-deo-mang-den-da-dang-hinh-dang-kich-thuoc-va-cam-giac-cho-trai-nghiem-chung","11":"first","12":"instock","13":"shipping-taxable","14":"purchasable","15":"product-type-simple"},"acf":[],"yoast_head":"<!-- This site is optimized with the Yoast SEO plugin v27.1.1 - https:\/\/yoast.com\/product\/yoast-seo-wordpress\/ -->\n<title>did Extreal Sensual Controller D\u01b0\u01a1ng v\u1eadt gi\u1ea3 rung - Desire<\/title>\n<meta name=\"robots\" content=\"index, follow, max-snippet:-1, max-image-preview:large, max-video-preview:-1\" \/>\n<link rel=\"canonical\" href=\"https:\/\/desireonline.shop\/vi\/san-pham\/did-extreal-sensual-controller-duong-vat-gia-rung\/\" \/>\n<meta property=\"og:locale\" content=\"vi_VN\" \/>\n<meta property=\"og:type\" content=\"article\" \/>\n<meta property=\"og:title\" content=\"did Extreal Sensual Controller D\u01b0\u01a1ng v\u1eadt gi\u1ea3 rung - Desire\" \/>\n<meta property=\"og:description\" content=\"\u0110\u01b0\u1ee3c thi\u1ebft k\u1ebf \u0111\u1ec3 c\u00e2n b\u1eb1ng gi\u1eefa s\u1ef1 tho\u1ea3i m\u00e1i v\u00e0 kh\u1ea3 n\u0103ng \u0111i\u1ec1u khi\u1ec3n, d\u01b0\u01a1ng v\u1eadt gi\u1ea3 rung n\u00e0y c\u00f3 c\u1ea5u tr\u00fac hai l\u1edbp k\u1ebft h\u1ee3p l\u00f5i ch\u1eafc ch\u1eafn&hellip;\" \/>\n<meta property=\"og:url\" content=\"https:\/\/desireonline.shop\/vi\/san-pham\/did-extreal-sensual-controller-duong-vat-gia-rung\/\" \/>\n<meta property=\"og:site_name\" content=\"Desire\" \/>\n<meta property=\"og:image\" content=\"https:\/\/desireonline.shop\/wp-content\/uploads\/2026\/02\/CN-221858147_00.jpg\" \/>\n\t<meta property=\"og:image:width\" content=\"2000\" \/>\n\t<meta property=\"og:image:height\" content=\"2000\" \/>\n\t<meta property=\"og:image:type\" content=\"image\/jpeg\" \/>\n<meta name=\"twitter:card\" content=\"summary_large_image\" \/>\n<meta name=\"twitter:label1\" content=\"\u01af\u1edbc t\u00ednh th\u1eddi gian \u0111\u1ecdc\" \/>\n\t<meta name=\"twitter:data1\" content=\"1 ph\u00fat\" \/>\n<script type=\"application\/ld+json\" class=\"yoast-schema-graph\">{\"@context\":\"https:\/\/schema.org\",\"@graph\":[{\"@type\":\"WebPage\",\"@id\":\"https:\/\/desireonline.shop\/vi\/san-pham\/did-extreal-sensual-controller-duong-vat-gia-rung\/\",\"url\":\"https:\/\/desireonline.shop\/vi\/san-pham\/did-extreal-sensual-controller-duong-vat-gia-rung\/\",\"name\":\"did Extreal Sensual Controller D\u01b0\u01a1ng v\u1eadt gi\u1ea3 rung - Desire\",\"isPartOf\":{\"@id\":\"https:\/\/desireonline.shop\/vi\/#website\"},\"primaryImageOfPage\":{\"@id\":\"https:\/\/desireonline.shop\/vi\/san-pham\/did-extreal-sensual-controller-duong-vat-gia-rung\/#primaryimage\"},\"image\":{\"@id\":\"https:\/\/desireonline.shop\/vi\/san-pham\/did-extreal-sensual-controller-duong-vat-gia-rung\/#primaryimage\"},\"thumbnailUrl\":\"https:\/\/desireonline.shop\/wp-content\/uploads\/2026\/02\/CN-221858147_00.jpg\",\"datePublished\":\"2026-02-16T11:15:00+00:00\",\"breadcrumb\":{\"@id\":\"https:\/\/desireonline.shop\/vi\/san-pham\/did-extreal-sensual-controller-duong-vat-gia-rung\/#breadcrumb\"},\"inLanguage\":\"vi\",\"potentialAction\":[{\"@type\":\"ReadAction\",\"target\":[\"https:\/\/desireonline.shop\/vi\/san-pham\/did-extreal-sensual-controller-duong-vat-gia-rung\/\"]}]},{\"@type\":\"ImageObject\",\"inLanguage\":\"vi\",\"@id\":\"https:\/\/desireonline.shop\/vi\/san-pham\/did-extreal-sensual-controller-duong-vat-gia-rung\/#primaryimage\",\"url\":\"https:\/\/desireonline.shop\/wp-content\/uploads\/2026\/02\/CN-221858147_00.jpg\",\"contentUrl\":\"https:\/\/desireonline.shop\/wp-content\/uploads\/2026\/02\/CN-221858147_00.jpg\",\"width\":2000,\"height\":2000},{\"@type\":\"BreadcrumbList\",\"@id\":\"https:\/\/desireonline.shop\/vi\/san-pham\/did-extreal-sensual-controller-duong-vat-gia-rung\/#breadcrumb\",\"itemListElement\":[{\"@type\":\"ListItem\",\"position\":1,\"name\":\"Home\",\"item\":\"https:\/\/desireonline.shop\/vi\/trang-chu\/?lang=vi\"},{\"@type\":\"ListItem\",\"position\":2,\"name\":\"T\u1ea5t c\u1ea3 s\u1ea3n ph\u1ea9m\",\"item\":\"https:\/\/desireonline.shop\/cua-hang\/?lang=vi\"},{\"@type\":\"ListItem\",\"position\":3,\"name\":\"did Extreal Sensual Controller D\u01b0\u01a1ng v\u1eadt gi\u1ea3 rung\"}]},{\"@type\":\"WebSite\",\"@id\":\"https:\/\/desireonline.shop\/vi\/#website\",\"url\":\"https:\/\/desireonline.shop\/vi\/\",\"name\":\"Desire\",\"description\":\"Sexual Wellness Platform\",\"publisher\":{\"@id\":\"https:\/\/desireonline.shop\/vi\/#organization\"},\"potentialAction\":[{\"@type\":\"SearchAction\",\"target\":{\"@type\":\"EntryPoint\",\"urlTemplate\":\"https:\/\/desireonline.shop\/vi\/?s={search_term_string}\"},\"query-input\":{\"@type\":\"PropertyValueSpecification\",\"valueRequired\":true,\"valueName\":\"search_term_string\"}}],\"inLanguage\":\"vi\"},{\"@type\":\"Organization\",\"@id\":\"https:\/\/desireonline.shop\/vi\/#organization\",\"name\":\"Desire\",\"url\":\"https:\/\/desireonline.shop\/vi\/\",\"logo\":{\"@type\":\"ImageObject\",\"inLanguage\":\"vi\",\"@id\":\"https:\/\/desireonline.shop\/vi\/#\/schema\/logo\/image\/\",\"url\":\"https:\/\/desireonline.shop\/wp-content\/uploads\/2024\/06\/Logo-Thick-Font-1.webp\",\"contentUrl\":\"https:\/\/desireonline.shop\/wp-content\/uploads\/2024\/06\/Logo-Thick-Font-1.webp\",\"width\":268,\"height\":399,\"caption\":\"Desire\"},\"image\":{\"@id\":\"https:\/\/desireonline.shop\/vi\/#\/schema\/logo\/image\/\"}}]}<\/script>\n<!-- \/ Yoast SEO plugin. -->","yoast_head_json":{"title":"did Extreal Sensual Controller D\u01b0\u01a1ng v\u1eadt gi\u1ea3 rung - Desire","robots":{"index":"index","follow":"follow","max-snippet":"max-snippet:-1","max-image-preview":"max-image-preview:large","max-video-preview":"max-video-preview:-1"},"canonical":"https:\/\/desireonline.shop\/vi\/san-pham\/did-extreal-sensual-controller-duong-vat-gia-rung\/","og_locale":"vi_VN","og_type":"article","og_title":"did Extreal Sensual Controller D\u01b0\u01a1ng v\u1eadt gi\u1ea3 rung - Desire","og_description":"\u0110\u01b0\u1ee3c thi\u1ebft k\u1ebf \u0111\u1ec3 c\u00e2n b\u1eb1ng gi\u1eefa s\u1ef1 tho\u1ea3i m\u00e1i v\u00e0 kh\u1ea3 n\u0103ng \u0111i\u1ec1u khi\u1ec3n, d\u01b0\u01a1ng v\u1eadt gi\u1ea3 rung n\u00e0y c\u00f3 c\u1ea5u tr\u00fac hai l\u1edbp k\u1ebft h\u1ee3p l\u00f5i ch\u1eafc ch\u1eafn&hellip;","og_url":"https:\/\/desireonline.shop\/vi\/san-pham\/did-extreal-sensual-controller-duong-vat-gia-rung\/","og_site_name":"Desire","og_image":[{"width":2000,"height":2000,"url":"https:\/\/desireonline.shop\/wp-content\/uploads\/2026\/02\/CN-221858147_00.jpg","type":"image\/jpeg"}],"twitter_card":"summary_large_image","twitter_misc":{"\u01af\u1edbc t\u00ednh th\u1eddi gian \u0111\u1ecdc":"1 ph\u00fat"},"schema":{"@context":"https:\/\/schema.org","@graph":[{"@type":"WebPage","@id":"https:\/\/desireonline.shop\/vi\/san-pham\/did-extreal-sensual-controller-duong-vat-gia-rung\/","url":"https:\/\/desireonline.shop\/vi\/san-pham\/did-extreal-sensual-controller-duong-vat-gia-rung\/","name":"did Extreal Sensual Controller D\u01b0\u01a1ng v\u1eadt gi\u1ea3 rung - Desire","isPartOf":{"@id":"https:\/\/desireonline.shop\/vi\/#website"},"primaryImageOfPage":{"@id":"https:\/\/desireonline.shop\/vi\/san-pham\/did-extreal-sensual-controller-duong-vat-gia-rung\/#primaryimage"},"image":{"@id":"https:\/\/desireonline.shop\/vi\/san-pham\/did-extreal-sensual-controller-duong-vat-gia-rung\/#primaryimage"},"thumbnailUrl":"https:\/\/desireonline.shop\/wp-content\/uploads\/2026\/02\/CN-221858147_00.jpg","datePublished":"2026-02-16T11:15:00+00:00","breadcrumb":{"@id":"https:\/\/desireonline.shop\/vi\/san-pham\/did-extreal-sensual-controller-duong-vat-gia-rung\/#breadcrumb"},"inLanguage":"vi","potentialAction":[{"@type":"ReadAction","target":["https:\/\/desireonline.shop\/vi\/san-pham\/did-extreal-sensual-controller-duong-vat-gia-rung\/"]}]},{"@type":"ImageObject","inLanguage":"vi","@id":"https:\/\/desireonline.shop\/vi\/san-pham\/did-extreal-sensual-controller-duong-vat-gia-rung\/#primaryimage","url":"https:\/\/desireonline.shop\/wp-content\/uploads\/2026\/02\/CN-221858147_00.jpg","contentUrl":"https:\/\/desireonline.shop\/wp-content\/uploads\/2026\/02\/CN-221858147_00.jpg","width":2000,"height":2000},{"@type":"BreadcrumbList","@id":"https:\/\/desireonline.shop\/vi\/san-pham\/did-extreal-sensual-controller-duong-vat-gia-rung\/#breadcrumb","itemListElement":[{"@type":"ListItem","position":1,"name":"Home","item":"https:\/\/desireonline.shop\/vi\/trang-chu\/?lang=vi"},{"@type":"ListItem","position":2,"name":"T\u1ea5t c\u1ea3 s\u1ea3n ph\u1ea9m","item":"https:\/\/desireonline.shop\/cua-hang\/?lang=vi"},{"@type":"ListItem","position":3,"name":"did Extreal Sensual Controller D\u01b0\u01a1ng v\u1eadt gi\u1ea3 rung"}]},{"@type":"WebSite","@id":"https:\/\/desireonline.shop\/vi\/#website","url":"https:\/\/desireonline.shop\/vi\/","name":"Desire","description":"Sexual Wellness Platform","publisher":{"@id":"https:\/\/desireonline.shop\/vi\/#organization"},"potentialAction":[{"@type":"SearchAction","target":{"@type":"EntryPoint","urlTemplate":"https:\/\/desireonline.shop\/vi\/?s={search_term_string}"},"query-input":{"@type":"PropertyValueSpecification","valueRequired":true,"valueName":"search_term_string"}}],"inLanguage":"vi"},{"@type":"Organization","@id":"https:\/\/desireonline.shop\/vi\/#organization","name":"Desire","url":"https:\/\/desireonline.shop\/vi\/","logo":{"@type":"ImageObject","inLanguage":"vi","@id":"https:\/\/desireonline.shop\/vi\/#\/schema\/logo\/image\/","url":"https:\/\/desireonline.shop\/wp-content\/uploads\/2024\/06\/Logo-Thick-Font-1.webp","contentUrl":"https:\/\/desireonline.shop\/wp-content\/uploads\/2024\/06\/Logo-Thick-Font-1.webp","width":268,"height":399,"caption":"Desire"},"image":{"@id":"https:\/\/desireonline.shop\/vi\/#\/schema\/logo\/image\/"}}]}},"_links":{"self":[{"href":"https:\/\/desireonline.shop\/vi\/wp-json\/wp\/v2\/product\/68256","targetHints":{"allow":["GET"]}}],"collection":[{"href":"https:\/\/desireonline.shop\/vi\/wp-json\/wp\/v2\/product"}],"about":[{"href":"https:\/\/desireonline.shop\/vi\/wp-json\/wp\/v2\/types\/product"}],"replies":[{"embeddable":true,"href":"https:\/\/desireonline.shop\/vi\/wp-json\/wp\/v2\/comments?post=68256"}],"version-history":[{"count":0,"href":"https:\/\/desireonline.shop\/vi\/wp-json\/wp\/v2\/product\/68256\/revisions"}],"wp:featuredmedia":[{"embeddable":true,"href":"https:\/\/desireonline.shop\/vi\/wp-json\/wp\/v2\/media\/62077"}],"wp:attachment":[{"href":"https:\/\/desireonline.shop\/vi\/wp-json\/wp\/v2\/media?parent=68256"}],"wp:term":[{"taxonomy":"product_brand","embeddable":true,"href":"https:\/\/desireonline.shop\/vi\/wp-json\/wp\/v2\/product_brand?post=68256"},{"taxonomy":"product_cat","embeddable":true,"href":"https:\/\/desireonline.shop\/vi\/wp-json\/wp\/v2\/product_cat?post=68256"},{"taxonomy":"product_tag","embeddable":true,"href":"https:\/\/desireonline.shop\/vi\/wp-json\/wp\/v2\/product_tag?post=68256"}],"curies":[{"name":"wp","href":"https:\/\/api.w.org\/{rel}","templated":true}]}}