{"id":68262,"date":"2026-02-16T11:15:00","date_gmt":"2026-02-16T11:15:00","guid":{"rendered":"https:\/\/desireonline.shop\/product\/did-max-vibration-duong-vat-gia-rung\/"},"modified":"2026-02-16T11:15:00","modified_gmt":"2026-02-16T11:15:00","slug":"did-max-vibration-duong-vat-gia-rung","status":"publish","type":"product","link":"https:\/\/desireonline.shop\/vi\/san-pham\/did-max-vibration-duong-vat-gia-rung\/","title":{"rendered":"did Max Vibration D\u01b0\u01a1ng v\u1eadt gi\u1ea3 rung"},"content":{"rendered":"<p>\u0110\u01b0\u1ee3c thi\u1ebft k\u1ebf \u0111\u1ec3 mang l\u1ea1i kho\u00e1i c\u1ea3m n\u0103ng \u0111\u1ed9ng v\u00e0 m\u1ea1nh m\u1ebd cho to\u00e0n b\u1ed9 c\u01a1 th\u1ec3, d\u01b0\u01a1ng v\u1eadt gi\u1ea3 rung n\u00e0y k\u1ebft h\u1ee3p chuy\u1ec3n \u0111\u1ed9ng xoay v\u00e0 rung \u0111\u1ed9ng \u0111\u1ec3 t\u1ea1o c\u1ea3m gi\u00e1c l\u0103n nh\u1ecbp nh\u00e0ng v\u00e0 phong ph\u00fa. Ch\u1ebf \u0111\u1ed9 t\u0103ng c\u01b0\u1eddng c\u00f4ng su\u1ea5t cho ph\u00e9p b\u1ea1n t\u0103ng c\u01b0\u1eddng \u0111\u1ed9 khi c\u1ea7n thi\u1ebft.<\/p>\n<p>\u0110i\u1ec1u khi\u1ec3n kh\u00f4ng d\u00e2y gi\u00fap vi\u1ec7c \u0111i\u1ec1u ch\u1ec9nh tr\u1edf n\u00ean d\u1ec5 d\u00e0ng, trong khi thi\u1ebft k\u1ebf ch\u1ed1ng n\u01b0\u1edbc gi\u00fap vi\u1ec7c v\u1ec7 sinh \u0111\u01a1n gi\u1ea3n v\u00e0 cho ph\u00e9p t\u1eadn h\u01b0\u1edfng trong ph\u00f2ng t\u1eafm. M\u1ed9t l\u1ef1a ch\u1ecdn tuy\u1ec7t v\u1eddi cho nh\u1eefng ai y\u00eau th\u00edch chuy\u1ec3n \u0111\u1ed9ng, kh\u1ea3 n\u0103ng ki\u1ec3m so\u00e1t v\u00e0 k\u00edch th\u00edch nhi\u1ec1u t\u1ea7ng trong m\u1ed9t thi\u1ebft k\u1ebf m\u1ea1nh m\u1ebd.<\/p>\n","protected":false},"excerpt":{"rendered":"<p>\u0110\u01b0\u1ee3c thi\u1ebft k\u1ebf \u0111\u1ec3 mang l\u1ea1i kho\u00e1i c\u1ea3m n\u0103ng \u0111\u1ed9ng v\u00e0 m\u1ea1nh m\u1ebd cho to\u00e0n b\u1ed9 c\u01a1 th\u1ec3, d\u01b0\u01a1ng v\u1eadt gi\u1ea3 rung n\u00e0y k\u1ebft h\u1ee3p chuy\u1ec3n \u0111\u1ed9ng xoay v\u00e0 rung&hellip;<\/p>\n","protected":false},"featured_media":62068,"comment_status":"open","ping_status":"closed","template":"","meta":{"_acf_changed":false},"product_brand":[],"product_cat":[1341,1429,1425,1427],"product_tag":[],"class_list":{"0":"post-68262","1":"product","2":"type-product","3":"status-publish","4":"has-post-thumbnail","6":"product_cat-for-men","7":"product_cat-duong-vat-gia-co-rung","8":"product_cat-duong-vat-gia-thuc-te","9":"product_cat-tuong-thich-voi-day-deo-duong-vat-gia-gan-deo-mang-den-da-dang-hinh-dang-kich-thuoc-va-cam-giac-cho-trai-nghiem-chung","11":"first","12":"instock","13":"shipping-taxable","14":"purchasable","15":"product-type-simple"},"acf":[],"yoast_head":"<!-- This site is optimized with the Yoast SEO plugin v27.1.1 - https:\/\/yoast.com\/product\/yoast-seo-wordpress\/ -->\n<title>did Max Vibration D\u01b0\u01a1ng v\u1eadt gi\u1ea3 rung - Desire<\/title>\n<meta name=\"robots\" content=\"index, follow, max-snippet:-1, max-image-preview:large, max-video-preview:-1\" \/>\n<link rel=\"canonical\" href=\"https:\/\/desireonline.shop\/vi\/san-pham\/did-max-vibration-duong-vat-gia-rung\/\" \/>\n<meta property=\"og:locale\" content=\"vi_VN\" \/>\n<meta property=\"og:type\" content=\"article\" \/>\n<meta property=\"og:title\" content=\"did Max Vibration D\u01b0\u01a1ng v\u1eadt gi\u1ea3 rung - Desire\" \/>\n<meta property=\"og:description\" content=\"\u0110\u01b0\u1ee3c thi\u1ebft k\u1ebf \u0111\u1ec3 mang l\u1ea1i kho\u00e1i c\u1ea3m n\u0103ng \u0111\u1ed9ng v\u00e0 m\u1ea1nh m\u1ebd cho to\u00e0n b\u1ed9 c\u01a1 th\u1ec3, d\u01b0\u01a1ng v\u1eadt gi\u1ea3 rung n\u00e0y k\u1ebft h\u1ee3p chuy\u1ec3n \u0111\u1ed9ng xoay v\u00e0 rung&hellip;\" \/>\n<meta property=\"og:url\" content=\"https:\/\/desireonline.shop\/vi\/san-pham\/did-max-vibration-duong-vat-gia-rung\/\" \/>\n<meta property=\"og:site_name\" content=\"Desire\" \/>\n<meta property=\"og:image\" content=\"https:\/\/desireonline.shop\/wp-content\/uploads\/2026\/02\/CN-221841368_00.jpg\" \/>\n\t<meta property=\"og:image:width\" content=\"1000\" \/>\n\t<meta property=\"og:image:height\" content=\"1000\" \/>\n\t<meta property=\"og:image:type\" content=\"image\/jpeg\" \/>\n<meta name=\"twitter:card\" content=\"summary_large_image\" \/>\n<meta name=\"twitter:label1\" content=\"\u01af\u1edbc t\u00ednh th\u1eddi gian \u0111\u1ecdc\" \/>\n\t<meta name=\"twitter:data1\" content=\"1 ph\u00fat\" \/>\n<script type=\"application\/ld+json\" class=\"yoast-schema-graph\">{\"@context\":\"https:\/\/schema.org\",\"@graph\":[{\"@type\":\"WebPage\",\"@id\":\"https:\/\/desireonline.shop\/vi\/san-pham\/did-max-vibration-duong-vat-gia-rung\/\",\"url\":\"https:\/\/desireonline.shop\/vi\/san-pham\/did-max-vibration-duong-vat-gia-rung\/\",\"name\":\"did Max Vibration D\u01b0\u01a1ng v\u1eadt gi\u1ea3 rung - Desire\",\"isPartOf\":{\"@id\":\"https:\/\/desireonline.shop\/vi\/#website\"},\"primaryImageOfPage\":{\"@id\":\"https:\/\/desireonline.shop\/vi\/san-pham\/did-max-vibration-duong-vat-gia-rung\/#primaryimage\"},\"image\":{\"@id\":\"https:\/\/desireonline.shop\/vi\/san-pham\/did-max-vibration-duong-vat-gia-rung\/#primaryimage\"},\"thumbnailUrl\":\"https:\/\/desireonline.shop\/wp-content\/uploads\/2026\/02\/CN-221841368_00.jpg\",\"datePublished\":\"2026-02-16T11:15:00+00:00\",\"breadcrumb\":{\"@id\":\"https:\/\/desireonline.shop\/vi\/san-pham\/did-max-vibration-duong-vat-gia-rung\/#breadcrumb\"},\"inLanguage\":\"vi\",\"potentialAction\":[{\"@type\":\"ReadAction\",\"target\":[\"https:\/\/desireonline.shop\/vi\/san-pham\/did-max-vibration-duong-vat-gia-rung\/\"]}]},{\"@type\":\"ImageObject\",\"inLanguage\":\"vi\",\"@id\":\"https:\/\/desireonline.shop\/vi\/san-pham\/did-max-vibration-duong-vat-gia-rung\/#primaryimage\",\"url\":\"https:\/\/desireonline.shop\/wp-content\/uploads\/2026\/02\/CN-221841368_00.jpg\",\"contentUrl\":\"https:\/\/desireonline.shop\/wp-content\/uploads\/2026\/02\/CN-221841368_00.jpg\",\"width\":1000,\"height\":1000},{\"@type\":\"BreadcrumbList\",\"@id\":\"https:\/\/desireonline.shop\/vi\/san-pham\/did-max-vibration-duong-vat-gia-rung\/#breadcrumb\",\"itemListElement\":[{\"@type\":\"ListItem\",\"position\":1,\"name\":\"Home\",\"item\":\"https:\/\/desireonline.shop\/vi\/trang-chu\/?lang=vi\"},{\"@type\":\"ListItem\",\"position\":2,\"name\":\"T\u1ea5t c\u1ea3 s\u1ea3n ph\u1ea9m\",\"item\":\"https:\/\/desireonline.shop\/cua-hang\/?lang=vi\"},{\"@type\":\"ListItem\",\"position\":3,\"name\":\"did Max Vibration D\u01b0\u01a1ng v\u1eadt gi\u1ea3 rung\"}]},{\"@type\":\"WebSite\",\"@id\":\"https:\/\/desireonline.shop\/vi\/#website\",\"url\":\"https:\/\/desireonline.shop\/vi\/\",\"name\":\"Desire\",\"description\":\"Sexual Wellness Platform\",\"publisher\":{\"@id\":\"https:\/\/desireonline.shop\/vi\/#organization\"},\"potentialAction\":[{\"@type\":\"SearchAction\",\"target\":{\"@type\":\"EntryPoint\",\"urlTemplate\":\"https:\/\/desireonline.shop\/vi\/?s={search_term_string}\"},\"query-input\":{\"@type\":\"PropertyValueSpecification\",\"valueRequired\":true,\"valueName\":\"search_term_string\"}}],\"inLanguage\":\"vi\"},{\"@type\":\"Organization\",\"@id\":\"https:\/\/desireonline.shop\/vi\/#organization\",\"name\":\"Desire\",\"url\":\"https:\/\/desireonline.shop\/vi\/\",\"logo\":{\"@type\":\"ImageObject\",\"inLanguage\":\"vi\",\"@id\":\"https:\/\/desireonline.shop\/vi\/#\/schema\/logo\/image\/\",\"url\":\"https:\/\/desireonline.shop\/wp-content\/uploads\/2024\/06\/Logo-Thick-Font-1.webp\",\"contentUrl\":\"https:\/\/desireonline.shop\/wp-content\/uploads\/2024\/06\/Logo-Thick-Font-1.webp\",\"width\":268,\"height\":399,\"caption\":\"Desire\"},\"image\":{\"@id\":\"https:\/\/desireonline.shop\/vi\/#\/schema\/logo\/image\/\"}}]}<\/script>\n<!-- \/ Yoast SEO plugin. -->","yoast_head_json":{"title":"did Max Vibration D\u01b0\u01a1ng v\u1eadt gi\u1ea3 rung - Desire","robots":{"index":"index","follow":"follow","max-snippet":"max-snippet:-1","max-image-preview":"max-image-preview:large","max-video-preview":"max-video-preview:-1"},"canonical":"https:\/\/desireonline.shop\/vi\/san-pham\/did-max-vibration-duong-vat-gia-rung\/","og_locale":"vi_VN","og_type":"article","og_title":"did Max Vibration D\u01b0\u01a1ng v\u1eadt gi\u1ea3 rung - Desire","og_description":"\u0110\u01b0\u1ee3c thi\u1ebft k\u1ebf \u0111\u1ec3 mang l\u1ea1i kho\u00e1i c\u1ea3m n\u0103ng \u0111\u1ed9ng v\u00e0 m\u1ea1nh m\u1ebd cho to\u00e0n b\u1ed9 c\u01a1 th\u1ec3, d\u01b0\u01a1ng v\u1eadt gi\u1ea3 rung n\u00e0y k\u1ebft h\u1ee3p chuy\u1ec3n \u0111\u1ed9ng xoay v\u00e0 rung&hellip;","og_url":"https:\/\/desireonline.shop\/vi\/san-pham\/did-max-vibration-duong-vat-gia-rung\/","og_site_name":"Desire","og_image":[{"width":1000,"height":1000,"url":"https:\/\/desireonline.shop\/wp-content\/uploads\/2026\/02\/CN-221841368_00.jpg","type":"image\/jpeg"}],"twitter_card":"summary_large_image","twitter_misc":{"\u01af\u1edbc t\u00ednh th\u1eddi gian \u0111\u1ecdc":"1 ph\u00fat"},"schema":{"@context":"https:\/\/schema.org","@graph":[{"@type":"WebPage","@id":"https:\/\/desireonline.shop\/vi\/san-pham\/did-max-vibration-duong-vat-gia-rung\/","url":"https:\/\/desireonline.shop\/vi\/san-pham\/did-max-vibration-duong-vat-gia-rung\/","name":"did Max Vibration D\u01b0\u01a1ng v\u1eadt gi\u1ea3 rung - Desire","isPartOf":{"@id":"https:\/\/desireonline.shop\/vi\/#website"},"primaryImageOfPage":{"@id":"https:\/\/desireonline.shop\/vi\/san-pham\/did-max-vibration-duong-vat-gia-rung\/#primaryimage"},"image":{"@id":"https:\/\/desireonline.shop\/vi\/san-pham\/did-max-vibration-duong-vat-gia-rung\/#primaryimage"},"thumbnailUrl":"https:\/\/desireonline.shop\/wp-content\/uploads\/2026\/02\/CN-221841368_00.jpg","datePublished":"2026-02-16T11:15:00+00:00","breadcrumb":{"@id":"https:\/\/desireonline.shop\/vi\/san-pham\/did-max-vibration-duong-vat-gia-rung\/#breadcrumb"},"inLanguage":"vi","potentialAction":[{"@type":"ReadAction","target":["https:\/\/desireonline.shop\/vi\/san-pham\/did-max-vibration-duong-vat-gia-rung\/"]}]},{"@type":"ImageObject","inLanguage":"vi","@id":"https:\/\/desireonline.shop\/vi\/san-pham\/did-max-vibration-duong-vat-gia-rung\/#primaryimage","url":"https:\/\/desireonline.shop\/wp-content\/uploads\/2026\/02\/CN-221841368_00.jpg","contentUrl":"https:\/\/desireonline.shop\/wp-content\/uploads\/2026\/02\/CN-221841368_00.jpg","width":1000,"height":1000},{"@type":"BreadcrumbList","@id":"https:\/\/desireonline.shop\/vi\/san-pham\/did-max-vibration-duong-vat-gia-rung\/#breadcrumb","itemListElement":[{"@type":"ListItem","position":1,"name":"Home","item":"https:\/\/desireonline.shop\/vi\/trang-chu\/?lang=vi"},{"@type":"ListItem","position":2,"name":"T\u1ea5t c\u1ea3 s\u1ea3n ph\u1ea9m","item":"https:\/\/desireonline.shop\/cua-hang\/?lang=vi"},{"@type":"ListItem","position":3,"name":"did Max Vibration D\u01b0\u01a1ng v\u1eadt gi\u1ea3 rung"}]},{"@type":"WebSite","@id":"https:\/\/desireonline.shop\/vi\/#website","url":"https:\/\/desireonline.shop\/vi\/","name":"Desire","description":"Sexual Wellness Platform","publisher":{"@id":"https:\/\/desireonline.shop\/vi\/#organization"},"potentialAction":[{"@type":"SearchAction","target":{"@type":"EntryPoint","urlTemplate":"https:\/\/desireonline.shop\/vi\/?s={search_term_string}"},"query-input":{"@type":"PropertyValueSpecification","valueRequired":true,"valueName":"search_term_string"}}],"inLanguage":"vi"},{"@type":"Organization","@id":"https:\/\/desireonline.shop\/vi\/#organization","name":"Desire","url":"https:\/\/desireonline.shop\/vi\/","logo":{"@type":"ImageObject","inLanguage":"vi","@id":"https:\/\/desireonline.shop\/vi\/#\/schema\/logo\/image\/","url":"https:\/\/desireonline.shop\/wp-content\/uploads\/2024\/06\/Logo-Thick-Font-1.webp","contentUrl":"https:\/\/desireonline.shop\/wp-content\/uploads\/2024\/06\/Logo-Thick-Font-1.webp","width":268,"height":399,"caption":"Desire"},"image":{"@id":"https:\/\/desireonline.shop\/vi\/#\/schema\/logo\/image\/"}}]}},"_links":{"self":[{"href":"https:\/\/desireonline.shop\/vi\/wp-json\/wp\/v2\/product\/68262","targetHints":{"allow":["GET"]}}],"collection":[{"href":"https:\/\/desireonline.shop\/vi\/wp-json\/wp\/v2\/product"}],"about":[{"href":"https:\/\/desireonline.shop\/vi\/wp-json\/wp\/v2\/types\/product"}],"replies":[{"embeddable":true,"href":"https:\/\/desireonline.shop\/vi\/wp-json\/wp\/v2\/comments?post=68262"}],"version-history":[{"count":0,"href":"https:\/\/desireonline.shop\/vi\/wp-json\/wp\/v2\/product\/68262\/revisions"}],"wp:featuredmedia":[{"embeddable":true,"href":"https:\/\/desireonline.shop\/vi\/wp-json\/wp\/v2\/media\/62068"}],"wp:attachment":[{"href":"https:\/\/desireonline.shop\/vi\/wp-json\/wp\/v2\/media?parent=68262"}],"wp:term":[{"taxonomy":"product_brand","embeddable":true,"href":"https:\/\/desireonline.shop\/vi\/wp-json\/wp\/v2\/product_brand?post=68262"},{"taxonomy":"product_cat","embeddable":true,"href":"https:\/\/desireonline.shop\/vi\/wp-json\/wp\/v2\/product_cat?post=68262"},{"taxonomy":"product_tag","embeddable":true,"href":"https:\/\/desireonline.shop\/vi\/wp-json\/wp\/v2\/product_tag?post=68262"}],"curies":[{"name":"wp","href":"https:\/\/api.w.org\/{rel}","templated":true}]}}