{"id":68271,"date":"2026-02-16T11:15:00","date_gmt":"2026-02-16T11:15:00","guid":{"rendered":"https:\/\/desireonline.shop\/product\/didi-dual-ended-ultimate-may-rung-wand-hai-dau\/"},"modified":"2026-02-16T11:15:00","modified_gmt":"2026-02-16T11:15:00","slug":"didi-dual-ended-ultimate-may-rung-wand-hai-dau","status":"publish","type":"product","link":"https:\/\/desireonline.shop\/vi\/san-pham\/didi-dual-ended-ultimate-may-rung-wand-hai-dau\/","title":{"rendered":"didi Dual-Ended Ultimate M\u00e1y rung wand hai \u0111\u1ea7u"},"content":{"rendered":"<p>\u0110\u01b0\u1ee3c thi\u1ebft k\u1ebf \u0111\u1ec3 mang l\u1ea1i s\u1ef1 \u0111a d\u1ea1ng trong m\u1ed9t thi\u1ebft k\u1ebf g\u1ecdn g\u00e0ng, m\u00e1y rung wand hai \u0111\u1ea7u n\u00e0y c\u00f3 hai \u0111\u1ea7u k\u00edch th\u00edch ph\u00f9 h\u1ee3p v\u1edbi nhi\u1ec1u t\u00e2m tr\u1ea1ng v\u00e0 s\u1edf th\u00edch kh\u00e1c nhau. Thi\u1ebft k\u1ebf tr\u01a1n m\u01b0\u1ee3t gi\u00fap d\u1ec5 d\u00e0ng chuy\u1ec3n \u0111\u1ed5i gi\u1eefa c\u00e1c c\u1ea3m gi\u00e1c trong khi v\u1eabn tho\u1ea3i m\u00e1i khi s\u1eed d\u1ee5ng.<\/p>\n<p>V\u1edbi 8 ch\u1ebf \u0111\u1ed9 rung v\u00e0 thi\u1ebft k\u1ebf ch\u1ed1ng n\u01b0\u1edbc ho\u00e0n to\u00e0n, s\u1ea3n ph\u1ea9m ho\u00e0n h\u1ea3o \u0111\u1ec3 t\u1eadn h\u01b0\u1edfng kho\u00e1i c\u1ea3m c\u1ea3 trong v\u00e0 ngo\u00e0i ph\u00f2ng t\u1eafm. M\u1ed9t l\u1ef1a ch\u1ecdn linh ho\u1ea1t v\u00e0 d\u1ec5 t\u1eadn h\u01b0\u1edfng cho nh\u1eefng ai th\u00edch thay \u0111\u1ed5i tr\u1ea3i nghi\u1ec7m trong nh\u1eefng ph\u00fat gi\u00e2y t\u1ef1 kh\u00e1m ph\u00e1.<\/p>\n","protected":false},"excerpt":{"rendered":"<p>\u0110\u01b0\u1ee3c thi\u1ebft k\u1ebf \u0111\u1ec3 mang l\u1ea1i s\u1ef1 \u0111a d\u1ea1ng trong m\u1ed9t thi\u1ebft k\u1ebf g\u1ecdn g\u00e0ng, m\u00e1y rung wand hai \u0111\u1ea7u n\u00e0y c\u00f3 hai \u0111\u1ea7u k\u00edch th\u00edch ph\u00f9 h\u1ee3p v\u1edbi nhi\u1ec1u&hellip;<\/p>\n","protected":false},"featured_media":62057,"comment_status":"open","ping_status":"closed","template":"","meta":{"_acf_changed":false},"product_brand":[],"product_cat":[1438],"product_tag":[],"class_list":{"0":"post-68271","1":"product","2":"type-product","3":"status-publish","4":"has-post-thumbnail","6":"product_cat-may-rung-dau-lon","8":"first","9":"instock","10":"shipping-taxable","11":"purchasable","12":"product-type-simple"},"acf":[],"yoast_head":"<!-- This site is optimized with the Yoast SEO plugin v27.1.1 - https:\/\/yoast.com\/product\/yoast-seo-wordpress\/ -->\n<title>didi Dual-Ended Ultimate M\u00e1y rung wand hai \u0111\u1ea7u - Desire<\/title>\n<meta name=\"robots\" content=\"index, follow, max-snippet:-1, max-image-preview:large, max-video-preview:-1\" \/>\n<link rel=\"canonical\" href=\"https:\/\/desireonline.shop\/vi\/san-pham\/didi-dual-ended-ultimate-may-rung-wand-hai-dau\/\" \/>\n<meta property=\"og:locale\" content=\"vi_VN\" \/>\n<meta property=\"og:type\" content=\"article\" \/>\n<meta property=\"og:title\" content=\"didi Dual-Ended Ultimate M\u00e1y rung wand hai \u0111\u1ea7u - Desire\" \/>\n<meta property=\"og:description\" content=\"\u0110\u01b0\u1ee3c thi\u1ebft k\u1ebf \u0111\u1ec3 mang l\u1ea1i s\u1ef1 \u0111a d\u1ea1ng trong m\u1ed9t thi\u1ebft k\u1ebf g\u1ecdn g\u00e0ng, m\u00e1y rung wand hai \u0111\u1ea7u n\u00e0y c\u00f3 hai \u0111\u1ea7u k\u00edch th\u00edch ph\u00f9 h\u1ee3p v\u1edbi nhi\u1ec1u&hellip;\" \/>\n<meta property=\"og:url\" content=\"https:\/\/desireonline.shop\/vi\/san-pham\/didi-dual-ended-ultimate-may-rung-wand-hai-dau\/\" \/>\n<meta property=\"og:site_name\" content=\"Desire\" \/>\n<meta property=\"og:image\" content=\"https:\/\/desireonline.shop\/wp-content\/uploads\/2026\/02\/CN-740434462_00.jpg\" \/>\n\t<meta property=\"og:image:width\" content=\"1000\" \/>\n\t<meta property=\"og:image:height\" content=\"1000\" \/>\n\t<meta property=\"og:image:type\" content=\"image\/jpeg\" \/>\n<meta name=\"twitter:card\" content=\"summary_large_image\" \/>\n<meta name=\"twitter:label1\" content=\"\u01af\u1edbc t\u00ednh th\u1eddi gian \u0111\u1ecdc\" \/>\n\t<meta name=\"twitter:data1\" content=\"1 ph\u00fat\" \/>\n<script type=\"application\/ld+json\" class=\"yoast-schema-graph\">{\"@context\":\"https:\/\/schema.org\",\"@graph\":[{\"@type\":\"WebPage\",\"@id\":\"https:\/\/desireonline.shop\/vi\/san-pham\/didi-dual-ended-ultimate-may-rung-wand-hai-dau\/\",\"url\":\"https:\/\/desireonline.shop\/vi\/san-pham\/didi-dual-ended-ultimate-may-rung-wand-hai-dau\/\",\"name\":\"didi Dual-Ended Ultimate M\u00e1y rung wand hai \u0111\u1ea7u - Desire\",\"isPartOf\":{\"@id\":\"https:\/\/desireonline.shop\/vi\/#website\"},\"primaryImageOfPage\":{\"@id\":\"https:\/\/desireonline.shop\/vi\/san-pham\/didi-dual-ended-ultimate-may-rung-wand-hai-dau\/#primaryimage\"},\"image\":{\"@id\":\"https:\/\/desireonline.shop\/vi\/san-pham\/didi-dual-ended-ultimate-may-rung-wand-hai-dau\/#primaryimage\"},\"thumbnailUrl\":\"https:\/\/desireonline.shop\/wp-content\/uploads\/2026\/02\/CN-740434462_00.jpg\",\"datePublished\":\"2026-02-16T11:15:00+00:00\",\"breadcrumb\":{\"@id\":\"https:\/\/desireonline.shop\/vi\/san-pham\/didi-dual-ended-ultimate-may-rung-wand-hai-dau\/#breadcrumb\"},\"inLanguage\":\"vi\",\"potentialAction\":[{\"@type\":\"ReadAction\",\"target\":[\"https:\/\/desireonline.shop\/vi\/san-pham\/didi-dual-ended-ultimate-may-rung-wand-hai-dau\/\"]}]},{\"@type\":\"ImageObject\",\"inLanguage\":\"vi\",\"@id\":\"https:\/\/desireonline.shop\/vi\/san-pham\/didi-dual-ended-ultimate-may-rung-wand-hai-dau\/#primaryimage\",\"url\":\"https:\/\/desireonline.shop\/wp-content\/uploads\/2026\/02\/CN-740434462_00.jpg\",\"contentUrl\":\"https:\/\/desireonline.shop\/wp-content\/uploads\/2026\/02\/CN-740434462_00.jpg\",\"width\":1000,\"height\":1000},{\"@type\":\"BreadcrumbList\",\"@id\":\"https:\/\/desireonline.shop\/vi\/san-pham\/didi-dual-ended-ultimate-may-rung-wand-hai-dau\/#breadcrumb\",\"itemListElement\":[{\"@type\":\"ListItem\",\"position\":1,\"name\":\"Home\",\"item\":\"https:\/\/desireonline.shop\/vi\/trang-chu\/?lang=vi\"},{\"@type\":\"ListItem\",\"position\":2,\"name\":\"T\u1ea5t c\u1ea3 s\u1ea3n ph\u1ea9m\",\"item\":\"https:\/\/desireonline.shop\/cua-hang\/?lang=vi\"},{\"@type\":\"ListItem\",\"position\":3,\"name\":\"didi Dual-Ended Ultimate M\u00e1y rung wand hai \u0111\u1ea7u\"}]},{\"@type\":\"WebSite\",\"@id\":\"https:\/\/desireonline.shop\/vi\/#website\",\"url\":\"https:\/\/desireonline.shop\/vi\/\",\"name\":\"Desire\",\"description\":\"Sexual Wellness Platform\",\"publisher\":{\"@id\":\"https:\/\/desireonline.shop\/vi\/#organization\"},\"potentialAction\":[{\"@type\":\"SearchAction\",\"target\":{\"@type\":\"EntryPoint\",\"urlTemplate\":\"https:\/\/desireonline.shop\/vi\/?s={search_term_string}\"},\"query-input\":{\"@type\":\"PropertyValueSpecification\",\"valueRequired\":true,\"valueName\":\"search_term_string\"}}],\"inLanguage\":\"vi\"},{\"@type\":\"Organization\",\"@id\":\"https:\/\/desireonline.shop\/vi\/#organization\",\"name\":\"Desire\",\"url\":\"https:\/\/desireonline.shop\/vi\/\",\"logo\":{\"@type\":\"ImageObject\",\"inLanguage\":\"vi\",\"@id\":\"https:\/\/desireonline.shop\/vi\/#\/schema\/logo\/image\/\",\"url\":\"https:\/\/desireonline.shop\/wp-content\/uploads\/2024\/06\/Logo-Thick-Font-1.webp\",\"contentUrl\":\"https:\/\/desireonline.shop\/wp-content\/uploads\/2024\/06\/Logo-Thick-Font-1.webp\",\"width\":268,\"height\":399,\"caption\":\"Desire\"},\"image\":{\"@id\":\"https:\/\/desireonline.shop\/vi\/#\/schema\/logo\/image\/\"}}]}<\/script>\n<!-- \/ Yoast SEO plugin. -->","yoast_head_json":{"title":"didi Dual-Ended Ultimate M\u00e1y rung wand hai \u0111\u1ea7u - Desire","robots":{"index":"index","follow":"follow","max-snippet":"max-snippet:-1","max-image-preview":"max-image-preview:large","max-video-preview":"max-video-preview:-1"},"canonical":"https:\/\/desireonline.shop\/vi\/san-pham\/didi-dual-ended-ultimate-may-rung-wand-hai-dau\/","og_locale":"vi_VN","og_type":"article","og_title":"didi Dual-Ended Ultimate M\u00e1y rung wand hai \u0111\u1ea7u - Desire","og_description":"\u0110\u01b0\u1ee3c thi\u1ebft k\u1ebf \u0111\u1ec3 mang l\u1ea1i s\u1ef1 \u0111a d\u1ea1ng trong m\u1ed9t thi\u1ebft k\u1ebf g\u1ecdn g\u00e0ng, m\u00e1y rung wand hai \u0111\u1ea7u n\u00e0y c\u00f3 hai \u0111\u1ea7u k\u00edch th\u00edch ph\u00f9 h\u1ee3p v\u1edbi nhi\u1ec1u&hellip;","og_url":"https:\/\/desireonline.shop\/vi\/san-pham\/didi-dual-ended-ultimate-may-rung-wand-hai-dau\/","og_site_name":"Desire","og_image":[{"width":1000,"height":1000,"url":"https:\/\/desireonline.shop\/wp-content\/uploads\/2026\/02\/CN-740434462_00.jpg","type":"image\/jpeg"}],"twitter_card":"summary_large_image","twitter_misc":{"\u01af\u1edbc t\u00ednh th\u1eddi gian \u0111\u1ecdc":"1 ph\u00fat"},"schema":{"@context":"https:\/\/schema.org","@graph":[{"@type":"WebPage","@id":"https:\/\/desireonline.shop\/vi\/san-pham\/didi-dual-ended-ultimate-may-rung-wand-hai-dau\/","url":"https:\/\/desireonline.shop\/vi\/san-pham\/didi-dual-ended-ultimate-may-rung-wand-hai-dau\/","name":"didi Dual-Ended Ultimate M\u00e1y rung wand hai \u0111\u1ea7u - Desire","isPartOf":{"@id":"https:\/\/desireonline.shop\/vi\/#website"},"primaryImageOfPage":{"@id":"https:\/\/desireonline.shop\/vi\/san-pham\/didi-dual-ended-ultimate-may-rung-wand-hai-dau\/#primaryimage"},"image":{"@id":"https:\/\/desireonline.shop\/vi\/san-pham\/didi-dual-ended-ultimate-may-rung-wand-hai-dau\/#primaryimage"},"thumbnailUrl":"https:\/\/desireonline.shop\/wp-content\/uploads\/2026\/02\/CN-740434462_00.jpg","datePublished":"2026-02-16T11:15:00+00:00","breadcrumb":{"@id":"https:\/\/desireonline.shop\/vi\/san-pham\/didi-dual-ended-ultimate-may-rung-wand-hai-dau\/#breadcrumb"},"inLanguage":"vi","potentialAction":[{"@type":"ReadAction","target":["https:\/\/desireonline.shop\/vi\/san-pham\/didi-dual-ended-ultimate-may-rung-wand-hai-dau\/"]}]},{"@type":"ImageObject","inLanguage":"vi","@id":"https:\/\/desireonline.shop\/vi\/san-pham\/didi-dual-ended-ultimate-may-rung-wand-hai-dau\/#primaryimage","url":"https:\/\/desireonline.shop\/wp-content\/uploads\/2026\/02\/CN-740434462_00.jpg","contentUrl":"https:\/\/desireonline.shop\/wp-content\/uploads\/2026\/02\/CN-740434462_00.jpg","width":1000,"height":1000},{"@type":"BreadcrumbList","@id":"https:\/\/desireonline.shop\/vi\/san-pham\/didi-dual-ended-ultimate-may-rung-wand-hai-dau\/#breadcrumb","itemListElement":[{"@type":"ListItem","position":1,"name":"Home","item":"https:\/\/desireonline.shop\/vi\/trang-chu\/?lang=vi"},{"@type":"ListItem","position":2,"name":"T\u1ea5t c\u1ea3 s\u1ea3n ph\u1ea9m","item":"https:\/\/desireonline.shop\/cua-hang\/?lang=vi"},{"@type":"ListItem","position":3,"name":"didi Dual-Ended Ultimate M\u00e1y rung wand hai \u0111\u1ea7u"}]},{"@type":"WebSite","@id":"https:\/\/desireonline.shop\/vi\/#website","url":"https:\/\/desireonline.shop\/vi\/","name":"Desire","description":"Sexual Wellness Platform","publisher":{"@id":"https:\/\/desireonline.shop\/vi\/#organization"},"potentialAction":[{"@type":"SearchAction","target":{"@type":"EntryPoint","urlTemplate":"https:\/\/desireonline.shop\/vi\/?s={search_term_string}"},"query-input":{"@type":"PropertyValueSpecification","valueRequired":true,"valueName":"search_term_string"}}],"inLanguage":"vi"},{"@type":"Organization","@id":"https:\/\/desireonline.shop\/vi\/#organization","name":"Desire","url":"https:\/\/desireonline.shop\/vi\/","logo":{"@type":"ImageObject","inLanguage":"vi","@id":"https:\/\/desireonline.shop\/vi\/#\/schema\/logo\/image\/","url":"https:\/\/desireonline.shop\/wp-content\/uploads\/2024\/06\/Logo-Thick-Font-1.webp","contentUrl":"https:\/\/desireonline.shop\/wp-content\/uploads\/2024\/06\/Logo-Thick-Font-1.webp","width":268,"height":399,"caption":"Desire"},"image":{"@id":"https:\/\/desireonline.shop\/vi\/#\/schema\/logo\/image\/"}}]}},"_links":{"self":[{"href":"https:\/\/desireonline.shop\/vi\/wp-json\/wp\/v2\/product\/68271","targetHints":{"allow":["GET"]}}],"collection":[{"href":"https:\/\/desireonline.shop\/vi\/wp-json\/wp\/v2\/product"}],"about":[{"href":"https:\/\/desireonline.shop\/vi\/wp-json\/wp\/v2\/types\/product"}],"replies":[{"embeddable":true,"href":"https:\/\/desireonline.shop\/vi\/wp-json\/wp\/v2\/comments?post=68271"}],"version-history":[{"count":0,"href":"https:\/\/desireonline.shop\/vi\/wp-json\/wp\/v2\/product\/68271\/revisions"}],"wp:featuredmedia":[{"embeddable":true,"href":"https:\/\/desireonline.shop\/vi\/wp-json\/wp\/v2\/media\/62057"}],"wp:attachment":[{"href":"https:\/\/desireonline.shop\/vi\/wp-json\/wp\/v2\/media?parent=68271"}],"wp:term":[{"taxonomy":"product_brand","embeddable":true,"href":"https:\/\/desireonline.shop\/vi\/wp-json\/wp\/v2\/product_brand?post=68271"},{"taxonomy":"product_cat","embeddable":true,"href":"https:\/\/desireonline.shop\/vi\/wp-json\/wp\/v2\/product_cat?post=68271"},{"taxonomy":"product_tag","embeddable":true,"href":"https:\/\/desireonline.shop\/vi\/wp-json\/wp\/v2\/product_tag?post=68271"}],"curies":[{"name":"wp","href":"https:\/\/api.w.org\/{rel}","templated":true}]}}