{"id":68294,"date":"2026-02-16T11:16:00","date_gmt":"2026-02-16T11:16:00","guid":{"rendered":"https:\/\/desireonline.shop\/product\/intimate-melody-may-rung-tho-thut\/"},"modified":"2026-02-16T11:16:00","modified_gmt":"2026-02-16T11:16:00","slug":"intimate-melody-may-rung-tho-thut","status":"publish","type":"product","link":"https:\/\/desireonline.shop\/vi\/san-pham\/intimate-melody-may-rung-tho-thut\/","title":{"rendered":"Intimate Melody M\u00e1y rung th\u1ecf th\u1ee5t"},"content":{"rendered":"<p>\u0110\u01b0\u1ee3c thi\u1ebft k\u1ebf \u0111\u1ec3 mang l\u1ea1i kho\u00e1i c\u1ea3m nhi\u1ec1u t\u1ea7ng cho to\u00e0n b\u1ed9 c\u01a1 th\u1ec3, m\u00e1y rung ki\u1ec3u th\u1ecf n\u00e0y k\u1ebft h\u1ee3p chuy\u1ec3n \u0111\u1ed9ng th\u1ee5t v\u1edbi c\u00e1c h\u1ea1t xoay v\u00e0 rung \u0111\u1ed9ng \u0111\u1ec3 t\u1ea1o n\u00ean tr\u1ea3i nghi\u1ec7m cu\u1ed1n h\u00fat s\u00e2u s\u1eafc. Tr\u1ee5c chuy\u1ec3n \u0111\u1ed9ng t\u1ea1o ra c\u1ea3m gi\u00e1c nh\u1ecbp nh\u00e0ng b\u00ean trong, trong khi rung \u0111\u1ed9ng t\u0103ng th\u00eam c\u01b0\u1eddng \u0111\u1ed9 v\u00e0 s\u1ef1 \u0111a d\u1ea1ng.<\/p>\n<p>V\u1edbi nhi\u1ec1u t\u1ed1c \u0111\u1ed9 th\u1ee5t v\u00e0 ch\u1ebf \u0111\u1ed9 rung \u0111\u1ec3 kh\u00e1m ph\u00e1, b\u1ea1n c\u00f3 th\u1ec3 d\u1ec5 d\u00e0ng \u0111i\u1ec1u ch\u1ec9nh tr\u1ea3i nghi\u1ec7m theo t\u00e2m tr\u1ea1ng c\u1ee7a m\u00ecnh. Ch\u1ed1ng n\u01b0\u1edbc v\u00e0 linh ho\u1ea1t khi s\u1eed d\u1ee5ng, s\u1ea3n ph\u1ea9m l\u00fd t\u01b0\u1edfng cho nh\u1eefng ph\u00fat gi\u00e2y t\u1ef1 t\u1eadn h\u01b0\u1edfng khi b\u1ea1n mu\u1ed1n chuy\u1ec3n \u0111\u1ed9ng, nh\u1ecbp \u0111i\u1ec7u v\u00e0 k\u00edch th\u00edch k\u1ebft h\u1ee3p.<\/p>\n","protected":false},"excerpt":{"rendered":"<p>\u0110\u01b0\u1ee3c thi\u1ebft k\u1ebf \u0111\u1ec3 mang l\u1ea1i kho\u00e1i c\u1ea3m nhi\u1ec1u t\u1ea7ng cho to\u00e0n b\u1ed9 c\u01a1 th\u1ec3, m\u00e1y rung ki\u1ec3u th\u1ecf n\u00e0y k\u1ebft h\u1ee3p chuy\u1ec3n \u0111\u1ed9ng th\u1ee5t v\u1edbi c\u00e1c h\u1ea1t xoay v\u00e0&hellip;<\/p>\n","protected":false},"featured_media":62107,"comment_status":"open","ping_status":"closed","template":"","meta":{"_acf_changed":false},"product_brand":[],"product_cat":[1341,1429,1436,1439],"product_tag":[],"class_list":{"0":"post-68294","1":"product","2":"type-product","3":"status-publish","4":"has-post-thumbnail","6":"product_cat-for-men","7":"product_cat-duong-vat-gia-co-rung","8":"product_cat-may-rung-diem-g","9":"product_cat-may-rung-hai-diem","11":"first","12":"instock","13":"shipping-taxable","14":"purchasable","15":"product-type-simple"},"acf":[],"yoast_head":"<!-- This site is optimized with the Yoast SEO plugin v27.1.1 - https:\/\/yoast.com\/product\/yoast-seo-wordpress\/ -->\n<title>Intimate Melody M\u00e1y rung th\u1ecf th\u1ee5t - Desire<\/title>\n<meta name=\"robots\" content=\"index, follow, max-snippet:-1, max-image-preview:large, max-video-preview:-1\" \/>\n<link rel=\"canonical\" href=\"https:\/\/desireonline.shop\/vi\/san-pham\/intimate-melody-may-rung-tho-thut\/\" \/>\n<meta property=\"og:locale\" content=\"vi_VN\" \/>\n<meta property=\"og:type\" content=\"article\" \/>\n<meta property=\"og:title\" content=\"Intimate Melody M\u00e1y rung th\u1ecf th\u1ee5t - Desire\" \/>\n<meta property=\"og:description\" content=\"\u0110\u01b0\u1ee3c thi\u1ebft k\u1ebf \u0111\u1ec3 mang l\u1ea1i kho\u00e1i c\u1ea3m nhi\u1ec1u t\u1ea7ng cho to\u00e0n b\u1ed9 c\u01a1 th\u1ec3, m\u00e1y rung ki\u1ec3u th\u1ecf n\u00e0y k\u1ebft h\u1ee3p chuy\u1ec3n \u0111\u1ed9ng th\u1ee5t v\u1edbi c\u00e1c h\u1ea1t xoay v\u00e0&hellip;\" \/>\n<meta property=\"og:url\" content=\"https:\/\/desireonline.shop\/vi\/san-pham\/intimate-melody-may-rung-tho-thut\/\" \/>\n<meta property=\"og:site_name\" content=\"Desire\" \/>\n<meta property=\"og:image\" content=\"https:\/\/desireonline.shop\/wp-content\/uploads\/2026\/02\/CN-611041206_00.jpg\" \/>\n\t<meta property=\"og:image:width\" content=\"1000\" \/>\n\t<meta property=\"og:image:height\" content=\"1000\" \/>\n\t<meta property=\"og:image:type\" content=\"image\/jpeg\" \/>\n<meta name=\"twitter:card\" content=\"summary_large_image\" \/>\n<meta name=\"twitter:label1\" content=\"\u01af\u1edbc t\u00ednh th\u1eddi gian \u0111\u1ecdc\" \/>\n\t<meta name=\"twitter:data1\" content=\"1 ph\u00fat\" \/>\n<script type=\"application\/ld+json\" class=\"yoast-schema-graph\">{\"@context\":\"https:\/\/schema.org\",\"@graph\":[{\"@type\":\"WebPage\",\"@id\":\"https:\/\/desireonline.shop\/vi\/san-pham\/intimate-melody-may-rung-tho-thut\/\",\"url\":\"https:\/\/desireonline.shop\/vi\/san-pham\/intimate-melody-may-rung-tho-thut\/\",\"name\":\"Intimate Melody M\u00e1y rung th\u1ecf th\u1ee5t - Desire\",\"isPartOf\":{\"@id\":\"https:\/\/desireonline.shop\/vi\/#website\"},\"primaryImageOfPage\":{\"@id\":\"https:\/\/desireonline.shop\/vi\/san-pham\/intimate-melody-may-rung-tho-thut\/#primaryimage\"},\"image\":{\"@id\":\"https:\/\/desireonline.shop\/vi\/san-pham\/intimate-melody-may-rung-tho-thut\/#primaryimage\"},\"thumbnailUrl\":\"https:\/\/desireonline.shop\/wp-content\/uploads\/2026\/02\/CN-611041206_00.jpg\",\"datePublished\":\"2026-02-16T11:16:00+00:00\",\"breadcrumb\":{\"@id\":\"https:\/\/desireonline.shop\/vi\/san-pham\/intimate-melody-may-rung-tho-thut\/#breadcrumb\"},\"inLanguage\":\"vi\",\"potentialAction\":[{\"@type\":\"ReadAction\",\"target\":[\"https:\/\/desireonline.shop\/vi\/san-pham\/intimate-melody-may-rung-tho-thut\/\"]}]},{\"@type\":\"ImageObject\",\"inLanguage\":\"vi\",\"@id\":\"https:\/\/desireonline.shop\/vi\/san-pham\/intimate-melody-may-rung-tho-thut\/#primaryimage\",\"url\":\"https:\/\/desireonline.shop\/wp-content\/uploads\/2026\/02\/CN-611041206_00.jpg\",\"contentUrl\":\"https:\/\/desireonline.shop\/wp-content\/uploads\/2026\/02\/CN-611041206_00.jpg\",\"width\":1000,\"height\":1000},{\"@type\":\"BreadcrumbList\",\"@id\":\"https:\/\/desireonline.shop\/vi\/san-pham\/intimate-melody-may-rung-tho-thut\/#breadcrumb\",\"itemListElement\":[{\"@type\":\"ListItem\",\"position\":1,\"name\":\"Home\",\"item\":\"https:\/\/desireonline.shop\/vi\/trang-chu\/?lang=vi\"},{\"@type\":\"ListItem\",\"position\":2,\"name\":\"T\u1ea5t c\u1ea3 s\u1ea3n ph\u1ea9m\",\"item\":\"https:\/\/desireonline.shop\/cua-hang\/?lang=vi\"},{\"@type\":\"ListItem\",\"position\":3,\"name\":\"Intimate Melody M\u00e1y rung th\u1ecf th\u1ee5t\"}]},{\"@type\":\"WebSite\",\"@id\":\"https:\/\/desireonline.shop\/vi\/#website\",\"url\":\"https:\/\/desireonline.shop\/vi\/\",\"name\":\"Desire\",\"description\":\"Sexual Wellness Platform\",\"publisher\":{\"@id\":\"https:\/\/desireonline.shop\/vi\/#organization\"},\"potentialAction\":[{\"@type\":\"SearchAction\",\"target\":{\"@type\":\"EntryPoint\",\"urlTemplate\":\"https:\/\/desireonline.shop\/vi\/?s={search_term_string}\"},\"query-input\":{\"@type\":\"PropertyValueSpecification\",\"valueRequired\":true,\"valueName\":\"search_term_string\"}}],\"inLanguage\":\"vi\"},{\"@type\":\"Organization\",\"@id\":\"https:\/\/desireonline.shop\/vi\/#organization\",\"name\":\"Desire\",\"url\":\"https:\/\/desireonline.shop\/vi\/\",\"logo\":{\"@type\":\"ImageObject\",\"inLanguage\":\"vi\",\"@id\":\"https:\/\/desireonline.shop\/vi\/#\/schema\/logo\/image\/\",\"url\":\"https:\/\/desireonline.shop\/wp-content\/uploads\/2024\/06\/Logo-Thick-Font-1.webp\",\"contentUrl\":\"https:\/\/desireonline.shop\/wp-content\/uploads\/2024\/06\/Logo-Thick-Font-1.webp\",\"width\":268,\"height\":399,\"caption\":\"Desire\"},\"image\":{\"@id\":\"https:\/\/desireonline.shop\/vi\/#\/schema\/logo\/image\/\"}}]}<\/script>\n<!-- \/ Yoast SEO plugin. -->","yoast_head_json":{"title":"Intimate Melody M\u00e1y rung th\u1ecf th\u1ee5t - Desire","robots":{"index":"index","follow":"follow","max-snippet":"max-snippet:-1","max-image-preview":"max-image-preview:large","max-video-preview":"max-video-preview:-1"},"canonical":"https:\/\/desireonline.shop\/vi\/san-pham\/intimate-melody-may-rung-tho-thut\/","og_locale":"vi_VN","og_type":"article","og_title":"Intimate Melody M\u00e1y rung th\u1ecf th\u1ee5t - Desire","og_description":"\u0110\u01b0\u1ee3c thi\u1ebft k\u1ebf \u0111\u1ec3 mang l\u1ea1i kho\u00e1i c\u1ea3m nhi\u1ec1u t\u1ea7ng cho to\u00e0n b\u1ed9 c\u01a1 th\u1ec3, m\u00e1y rung ki\u1ec3u th\u1ecf n\u00e0y k\u1ebft h\u1ee3p chuy\u1ec3n \u0111\u1ed9ng th\u1ee5t v\u1edbi c\u00e1c h\u1ea1t xoay v\u00e0&hellip;","og_url":"https:\/\/desireonline.shop\/vi\/san-pham\/intimate-melody-may-rung-tho-thut\/","og_site_name":"Desire","og_image":[{"width":1000,"height":1000,"url":"https:\/\/desireonline.shop\/wp-content\/uploads\/2026\/02\/CN-611041206_00.jpg","type":"image\/jpeg"}],"twitter_card":"summary_large_image","twitter_misc":{"\u01af\u1edbc t\u00ednh th\u1eddi gian \u0111\u1ecdc":"1 ph\u00fat"},"schema":{"@context":"https:\/\/schema.org","@graph":[{"@type":"WebPage","@id":"https:\/\/desireonline.shop\/vi\/san-pham\/intimate-melody-may-rung-tho-thut\/","url":"https:\/\/desireonline.shop\/vi\/san-pham\/intimate-melody-may-rung-tho-thut\/","name":"Intimate Melody M\u00e1y rung th\u1ecf th\u1ee5t - Desire","isPartOf":{"@id":"https:\/\/desireonline.shop\/vi\/#website"},"primaryImageOfPage":{"@id":"https:\/\/desireonline.shop\/vi\/san-pham\/intimate-melody-may-rung-tho-thut\/#primaryimage"},"image":{"@id":"https:\/\/desireonline.shop\/vi\/san-pham\/intimate-melody-may-rung-tho-thut\/#primaryimage"},"thumbnailUrl":"https:\/\/desireonline.shop\/wp-content\/uploads\/2026\/02\/CN-611041206_00.jpg","datePublished":"2026-02-16T11:16:00+00:00","breadcrumb":{"@id":"https:\/\/desireonline.shop\/vi\/san-pham\/intimate-melody-may-rung-tho-thut\/#breadcrumb"},"inLanguage":"vi","potentialAction":[{"@type":"ReadAction","target":["https:\/\/desireonline.shop\/vi\/san-pham\/intimate-melody-may-rung-tho-thut\/"]}]},{"@type":"ImageObject","inLanguage":"vi","@id":"https:\/\/desireonline.shop\/vi\/san-pham\/intimate-melody-may-rung-tho-thut\/#primaryimage","url":"https:\/\/desireonline.shop\/wp-content\/uploads\/2026\/02\/CN-611041206_00.jpg","contentUrl":"https:\/\/desireonline.shop\/wp-content\/uploads\/2026\/02\/CN-611041206_00.jpg","width":1000,"height":1000},{"@type":"BreadcrumbList","@id":"https:\/\/desireonline.shop\/vi\/san-pham\/intimate-melody-may-rung-tho-thut\/#breadcrumb","itemListElement":[{"@type":"ListItem","position":1,"name":"Home","item":"https:\/\/desireonline.shop\/vi\/trang-chu\/?lang=vi"},{"@type":"ListItem","position":2,"name":"T\u1ea5t c\u1ea3 s\u1ea3n ph\u1ea9m","item":"https:\/\/desireonline.shop\/cua-hang\/?lang=vi"},{"@type":"ListItem","position":3,"name":"Intimate Melody M\u00e1y rung th\u1ecf th\u1ee5t"}]},{"@type":"WebSite","@id":"https:\/\/desireonline.shop\/vi\/#website","url":"https:\/\/desireonline.shop\/vi\/","name":"Desire","description":"Sexual Wellness Platform","publisher":{"@id":"https:\/\/desireonline.shop\/vi\/#organization"},"potentialAction":[{"@type":"SearchAction","target":{"@type":"EntryPoint","urlTemplate":"https:\/\/desireonline.shop\/vi\/?s={search_term_string}"},"query-input":{"@type":"PropertyValueSpecification","valueRequired":true,"valueName":"search_term_string"}}],"inLanguage":"vi"},{"@type":"Organization","@id":"https:\/\/desireonline.shop\/vi\/#organization","name":"Desire","url":"https:\/\/desireonline.shop\/vi\/","logo":{"@type":"ImageObject","inLanguage":"vi","@id":"https:\/\/desireonline.shop\/vi\/#\/schema\/logo\/image\/","url":"https:\/\/desireonline.shop\/wp-content\/uploads\/2024\/06\/Logo-Thick-Font-1.webp","contentUrl":"https:\/\/desireonline.shop\/wp-content\/uploads\/2024\/06\/Logo-Thick-Font-1.webp","width":268,"height":399,"caption":"Desire"},"image":{"@id":"https:\/\/desireonline.shop\/vi\/#\/schema\/logo\/image\/"}}]}},"_links":{"self":[{"href":"https:\/\/desireonline.shop\/vi\/wp-json\/wp\/v2\/product\/68294","targetHints":{"allow":["GET"]}}],"collection":[{"href":"https:\/\/desireonline.shop\/vi\/wp-json\/wp\/v2\/product"}],"about":[{"href":"https:\/\/desireonline.shop\/vi\/wp-json\/wp\/v2\/types\/product"}],"replies":[{"embeddable":true,"href":"https:\/\/desireonline.shop\/vi\/wp-json\/wp\/v2\/comments?post=68294"}],"version-history":[{"count":0,"href":"https:\/\/desireonline.shop\/vi\/wp-json\/wp\/v2\/product\/68294\/revisions"}],"wp:featuredmedia":[{"embeddable":true,"href":"https:\/\/desireonline.shop\/vi\/wp-json\/wp\/v2\/media\/62107"}],"wp:attachment":[{"href":"https:\/\/desireonline.shop\/vi\/wp-json\/wp\/v2\/media?parent=68294"}],"wp:term":[{"taxonomy":"product_brand","embeddable":true,"href":"https:\/\/desireonline.shop\/vi\/wp-json\/wp\/v2\/product_brand?post=68294"},{"taxonomy":"product_cat","embeddable":true,"href":"https:\/\/desireonline.shop\/vi\/wp-json\/wp\/v2\/product_cat?post=68294"},{"taxonomy":"product_tag","embeddable":true,"href":"https:\/\/desireonline.shop\/vi\/wp-json\/wp\/v2\/product_tag?post=68294"}],"curies":[{"name":"wp","href":"https:\/\/api.w.org\/{rel}","templated":true}]}}