{"id":68303,"date":"2026-02-16T11:16:00","date_gmt":"2026-02-16T11:16:00","guid":{"rendered":"https:\/\/desireonline.shop\/product\/m-mello-mini-may-massage-rung\/"},"modified":"2026-02-16T11:16:00","modified_gmt":"2026-02-16T11:16:00","slug":"m-mello-mini-may-massage-rung","status":"publish","type":"product","link":"https:\/\/desireonline.shop\/vi\/san-pham\/m-mello-mini-may-massage-rung\/","title":{"rendered":"M-mello Mini M\u00e1y massage rung"},"content":{"rendered":"<p>\u0110\u01b0\u1ee3c thi\u1ebft k\u1ebf cho kho\u00e1i c\u1ea3m \u0111\u01a1n gi\u1ea3n v\u00e0 th\u01b0 gi\u00e3n, m\u00e1y massage mini n\u00e0y c\u00f3 thi\u1ebft k\u1ebf tr\u01a1n m\u01b0\u1ee3t v\u00e0 \u0111i\u1ec1u khi\u1ec3n d\u1ec5 s\u1eed d\u1ee5ng. K\u00edch th\u01b0\u1edbc nh\u1ecf g\u1ecdn gi\u00fap c\u1ea7m n\u1eafm tho\u1ea3i m\u00e1i v\u00e0 l\u00fd t\u01b0\u1edfng cho k\u00edch th\u00edch nh\u1eb9 nh\u00e0ng, t\u1eadp trung.<\/p>\n<p>V\u1edbi hai t\u1ed1c \u0111\u1ed9 rung \u0111\u1ec3 l\u1ef1a ch\u1ecdn, s\u1ea3n ph\u1ea9m ho\u00e0n h\u1ea3o cho nh\u1eefng kho\u1ea3nh kh\u1eafc th\u01b0 gi\u00e3n khi b\u1ea1n mu\u1ed1n t\u1eadn h\u01b0\u1edfng c\u1ea3m gi\u00e1c \u0111\u01a1n gi\u1ea3n. \u0110\u01b0\u1ee3c l\u00e0m t\u1eeb ch\u1ea5t li\u1ec7u kh\u00f4ng ch\u1ee9a phthalate, \u0111\u00e2y l\u00e0 m\u1ed9t l\u1ef1a ch\u1ecdn k\u00edn \u0111\u00e1o v\u00e0 th\u00e2n thi\u1ec7n \u0111\u1ec3 b\u1ed5 sung v\u00e0o th\u00f3i quen t\u1eadn h\u01b0\u1edfng kho\u00e1i c\u1ea3m c\u1ee7a b\u1ea1n.<\/p>\n","protected":false},"excerpt":{"rendered":"<p>\u0110\u01b0\u1ee3c thi\u1ebft k\u1ebf cho kho\u00e1i c\u1ea3m \u0111\u01a1n gi\u1ea3n v\u00e0 th\u01b0 gi\u00e3n, m\u00e1y massage mini n\u00e0y c\u00f3 thi\u1ebft k\u1ebf tr\u01a1n m\u01b0\u1ee3t v\u00e0 \u0111i\u1ec1u khi\u1ec3n d\u1ec5 s\u1eed d\u1ee5ng. K\u00edch th\u01b0\u1edbc nh\u1ecf g\u1ecdn&hellip;<\/p>\n","protected":false},"featured_media":62099,"comment_status":"open","ping_status":"closed","template":"","meta":{"_acf_changed":false},"product_brand":[],"product_cat":[1438],"product_tag":[],"class_list":{"0":"post-68303","1":"product","2":"type-product","3":"status-publish","4":"has-post-thumbnail","6":"product_cat-may-rung-dau-lon","8":"first","9":"instock","10":"shipping-taxable","11":"purchasable","12":"product-type-simple"},"acf":[],"yoast_head":"<!-- This site is optimized with the Yoast SEO plugin v27.1.1 - https:\/\/yoast.com\/product\/yoast-seo-wordpress\/ -->\n<title>M-mello Mini M\u00e1y massage rung - Desire<\/title>\n<meta name=\"robots\" content=\"index, follow, max-snippet:-1, max-image-preview:large, max-video-preview:-1\" \/>\n<link rel=\"canonical\" href=\"https:\/\/desireonline.shop\/vi\/san-pham\/m-mello-mini-may-massage-rung\/\" \/>\n<meta property=\"og:locale\" content=\"vi_VN\" \/>\n<meta property=\"og:type\" content=\"article\" \/>\n<meta property=\"og:title\" content=\"M-mello Mini M\u00e1y massage rung - Desire\" \/>\n<meta property=\"og:description\" content=\"\u0110\u01b0\u1ee3c thi\u1ebft k\u1ebf cho kho\u00e1i c\u1ea3m \u0111\u01a1n gi\u1ea3n v\u00e0 th\u01b0 gi\u00e3n, m\u00e1y massage mini n\u00e0y c\u00f3 thi\u1ebft k\u1ebf tr\u01a1n m\u01b0\u1ee3t v\u00e0 \u0111i\u1ec1u khi\u1ec3n d\u1ec5 s\u1eed d\u1ee5ng. K\u00edch th\u01b0\u1edbc nh\u1ecf g\u1ecdn&hellip;\" \/>\n<meta property=\"og:url\" content=\"https:\/\/desireonline.shop\/vi\/san-pham\/m-mello-mini-may-massage-rung\/\" \/>\n<meta property=\"og:site_name\" content=\"Desire\" \/>\n<meta property=\"og:image\" content=\"https:\/\/desireonline.shop\/wp-content\/uploads\/2026\/02\/CN-250400806_00.jpg\" \/>\n\t<meta property=\"og:image:width\" content=\"1000\" \/>\n\t<meta property=\"og:image:height\" content=\"1000\" \/>\n\t<meta property=\"og:image:type\" content=\"image\/jpeg\" \/>\n<meta name=\"twitter:card\" content=\"summary_large_image\" \/>\n<meta name=\"twitter:label1\" content=\"\u01af\u1edbc t\u00ednh th\u1eddi gian \u0111\u1ecdc\" \/>\n\t<meta name=\"twitter:data1\" content=\"1 ph\u00fat\" \/>\n<script type=\"application\/ld+json\" class=\"yoast-schema-graph\">{\"@context\":\"https:\/\/schema.org\",\"@graph\":[{\"@type\":\"WebPage\",\"@id\":\"https:\/\/desireonline.shop\/vi\/san-pham\/m-mello-mini-may-massage-rung\/\",\"url\":\"https:\/\/desireonline.shop\/vi\/san-pham\/m-mello-mini-may-massage-rung\/\",\"name\":\"M-mello Mini M\u00e1y massage rung - Desire\",\"isPartOf\":{\"@id\":\"https:\/\/desireonline.shop\/vi\/#website\"},\"primaryImageOfPage\":{\"@id\":\"https:\/\/desireonline.shop\/vi\/san-pham\/m-mello-mini-may-massage-rung\/#primaryimage\"},\"image\":{\"@id\":\"https:\/\/desireonline.shop\/vi\/san-pham\/m-mello-mini-may-massage-rung\/#primaryimage\"},\"thumbnailUrl\":\"https:\/\/desireonline.shop\/wp-content\/uploads\/2026\/02\/CN-250400806_00.jpg\",\"datePublished\":\"2026-02-16T11:16:00+00:00\",\"breadcrumb\":{\"@id\":\"https:\/\/desireonline.shop\/vi\/san-pham\/m-mello-mini-may-massage-rung\/#breadcrumb\"},\"inLanguage\":\"vi\",\"potentialAction\":[{\"@type\":\"ReadAction\",\"target\":[\"https:\/\/desireonline.shop\/vi\/san-pham\/m-mello-mini-may-massage-rung\/\"]}]},{\"@type\":\"ImageObject\",\"inLanguage\":\"vi\",\"@id\":\"https:\/\/desireonline.shop\/vi\/san-pham\/m-mello-mini-may-massage-rung\/#primaryimage\",\"url\":\"https:\/\/desireonline.shop\/wp-content\/uploads\/2026\/02\/CN-250400806_00.jpg\",\"contentUrl\":\"https:\/\/desireonline.shop\/wp-content\/uploads\/2026\/02\/CN-250400806_00.jpg\",\"width\":1000,\"height\":1000},{\"@type\":\"BreadcrumbList\",\"@id\":\"https:\/\/desireonline.shop\/vi\/san-pham\/m-mello-mini-may-massage-rung\/#breadcrumb\",\"itemListElement\":[{\"@type\":\"ListItem\",\"position\":1,\"name\":\"Home\",\"item\":\"https:\/\/desireonline.shop\/vi\/trang-chu\/?lang=vi\"},{\"@type\":\"ListItem\",\"position\":2,\"name\":\"T\u1ea5t c\u1ea3 s\u1ea3n ph\u1ea9m\",\"item\":\"https:\/\/desireonline.shop\/cua-hang\/?lang=vi\"},{\"@type\":\"ListItem\",\"position\":3,\"name\":\"M-mello Mini M\u00e1y massage rung\"}]},{\"@type\":\"WebSite\",\"@id\":\"https:\/\/desireonline.shop\/vi\/#website\",\"url\":\"https:\/\/desireonline.shop\/vi\/\",\"name\":\"Desire\",\"description\":\"Sexual Wellness Platform\",\"publisher\":{\"@id\":\"https:\/\/desireonline.shop\/vi\/#organization\"},\"potentialAction\":[{\"@type\":\"SearchAction\",\"target\":{\"@type\":\"EntryPoint\",\"urlTemplate\":\"https:\/\/desireonline.shop\/vi\/?s={search_term_string}\"},\"query-input\":{\"@type\":\"PropertyValueSpecification\",\"valueRequired\":true,\"valueName\":\"search_term_string\"}}],\"inLanguage\":\"vi\"},{\"@type\":\"Organization\",\"@id\":\"https:\/\/desireonline.shop\/vi\/#organization\",\"name\":\"Desire\",\"url\":\"https:\/\/desireonline.shop\/vi\/\",\"logo\":{\"@type\":\"ImageObject\",\"inLanguage\":\"vi\",\"@id\":\"https:\/\/desireonline.shop\/vi\/#\/schema\/logo\/image\/\",\"url\":\"https:\/\/desireonline.shop\/wp-content\/uploads\/2024\/06\/Logo-Thick-Font-1.webp\",\"contentUrl\":\"https:\/\/desireonline.shop\/wp-content\/uploads\/2024\/06\/Logo-Thick-Font-1.webp\",\"width\":268,\"height\":399,\"caption\":\"Desire\"},\"image\":{\"@id\":\"https:\/\/desireonline.shop\/vi\/#\/schema\/logo\/image\/\"}}]}<\/script>\n<!-- \/ Yoast SEO plugin. -->","yoast_head_json":{"title":"M-mello Mini M\u00e1y massage rung - Desire","robots":{"index":"index","follow":"follow","max-snippet":"max-snippet:-1","max-image-preview":"max-image-preview:large","max-video-preview":"max-video-preview:-1"},"canonical":"https:\/\/desireonline.shop\/vi\/san-pham\/m-mello-mini-may-massage-rung\/","og_locale":"vi_VN","og_type":"article","og_title":"M-mello Mini M\u00e1y massage rung - Desire","og_description":"\u0110\u01b0\u1ee3c thi\u1ebft k\u1ebf cho kho\u00e1i c\u1ea3m \u0111\u01a1n gi\u1ea3n v\u00e0 th\u01b0 gi\u00e3n, m\u00e1y massage mini n\u00e0y c\u00f3 thi\u1ebft k\u1ebf tr\u01a1n m\u01b0\u1ee3t v\u00e0 \u0111i\u1ec1u khi\u1ec3n d\u1ec5 s\u1eed d\u1ee5ng. K\u00edch th\u01b0\u1edbc nh\u1ecf g\u1ecdn&hellip;","og_url":"https:\/\/desireonline.shop\/vi\/san-pham\/m-mello-mini-may-massage-rung\/","og_site_name":"Desire","og_image":[{"width":1000,"height":1000,"url":"https:\/\/desireonline.shop\/wp-content\/uploads\/2026\/02\/CN-250400806_00.jpg","type":"image\/jpeg"}],"twitter_card":"summary_large_image","twitter_misc":{"\u01af\u1edbc t\u00ednh th\u1eddi gian \u0111\u1ecdc":"1 ph\u00fat"},"schema":{"@context":"https:\/\/schema.org","@graph":[{"@type":"WebPage","@id":"https:\/\/desireonline.shop\/vi\/san-pham\/m-mello-mini-may-massage-rung\/","url":"https:\/\/desireonline.shop\/vi\/san-pham\/m-mello-mini-may-massage-rung\/","name":"M-mello Mini M\u00e1y massage rung - Desire","isPartOf":{"@id":"https:\/\/desireonline.shop\/vi\/#website"},"primaryImageOfPage":{"@id":"https:\/\/desireonline.shop\/vi\/san-pham\/m-mello-mini-may-massage-rung\/#primaryimage"},"image":{"@id":"https:\/\/desireonline.shop\/vi\/san-pham\/m-mello-mini-may-massage-rung\/#primaryimage"},"thumbnailUrl":"https:\/\/desireonline.shop\/wp-content\/uploads\/2026\/02\/CN-250400806_00.jpg","datePublished":"2026-02-16T11:16:00+00:00","breadcrumb":{"@id":"https:\/\/desireonline.shop\/vi\/san-pham\/m-mello-mini-may-massage-rung\/#breadcrumb"},"inLanguage":"vi","potentialAction":[{"@type":"ReadAction","target":["https:\/\/desireonline.shop\/vi\/san-pham\/m-mello-mini-may-massage-rung\/"]}]},{"@type":"ImageObject","inLanguage":"vi","@id":"https:\/\/desireonline.shop\/vi\/san-pham\/m-mello-mini-may-massage-rung\/#primaryimage","url":"https:\/\/desireonline.shop\/wp-content\/uploads\/2026\/02\/CN-250400806_00.jpg","contentUrl":"https:\/\/desireonline.shop\/wp-content\/uploads\/2026\/02\/CN-250400806_00.jpg","width":1000,"height":1000},{"@type":"BreadcrumbList","@id":"https:\/\/desireonline.shop\/vi\/san-pham\/m-mello-mini-may-massage-rung\/#breadcrumb","itemListElement":[{"@type":"ListItem","position":1,"name":"Home","item":"https:\/\/desireonline.shop\/vi\/trang-chu\/?lang=vi"},{"@type":"ListItem","position":2,"name":"T\u1ea5t c\u1ea3 s\u1ea3n ph\u1ea9m","item":"https:\/\/desireonline.shop\/cua-hang\/?lang=vi"},{"@type":"ListItem","position":3,"name":"M-mello Mini M\u00e1y massage rung"}]},{"@type":"WebSite","@id":"https:\/\/desireonline.shop\/vi\/#website","url":"https:\/\/desireonline.shop\/vi\/","name":"Desire","description":"Sexual Wellness Platform","publisher":{"@id":"https:\/\/desireonline.shop\/vi\/#organization"},"potentialAction":[{"@type":"SearchAction","target":{"@type":"EntryPoint","urlTemplate":"https:\/\/desireonline.shop\/vi\/?s={search_term_string}"},"query-input":{"@type":"PropertyValueSpecification","valueRequired":true,"valueName":"search_term_string"}}],"inLanguage":"vi"},{"@type":"Organization","@id":"https:\/\/desireonline.shop\/vi\/#organization","name":"Desire","url":"https:\/\/desireonline.shop\/vi\/","logo":{"@type":"ImageObject","inLanguage":"vi","@id":"https:\/\/desireonline.shop\/vi\/#\/schema\/logo\/image\/","url":"https:\/\/desireonline.shop\/wp-content\/uploads\/2024\/06\/Logo-Thick-Font-1.webp","contentUrl":"https:\/\/desireonline.shop\/wp-content\/uploads\/2024\/06\/Logo-Thick-Font-1.webp","width":268,"height":399,"caption":"Desire"},"image":{"@id":"https:\/\/desireonline.shop\/vi\/#\/schema\/logo\/image\/"}}]}},"_links":{"self":[{"href":"https:\/\/desireonline.shop\/vi\/wp-json\/wp\/v2\/product\/68303","targetHints":{"allow":["GET"]}}],"collection":[{"href":"https:\/\/desireonline.shop\/vi\/wp-json\/wp\/v2\/product"}],"about":[{"href":"https:\/\/desireonline.shop\/vi\/wp-json\/wp\/v2\/types\/product"}],"replies":[{"embeddable":true,"href":"https:\/\/desireonline.shop\/vi\/wp-json\/wp\/v2\/comments?post=68303"}],"version-history":[{"count":0,"href":"https:\/\/desireonline.shop\/vi\/wp-json\/wp\/v2\/product\/68303\/revisions"}],"wp:featuredmedia":[{"embeddable":true,"href":"https:\/\/desireonline.shop\/vi\/wp-json\/wp\/v2\/media\/62099"}],"wp:attachment":[{"href":"https:\/\/desireonline.shop\/vi\/wp-json\/wp\/v2\/media?parent=68303"}],"wp:term":[{"taxonomy":"product_brand","embeddable":true,"href":"https:\/\/desireonline.shop\/vi\/wp-json\/wp\/v2\/product_brand?post=68303"},{"taxonomy":"product_cat","embeddable":true,"href":"https:\/\/desireonline.shop\/vi\/wp-json\/wp\/v2\/product_cat?post=68303"},{"taxonomy":"product_tag","embeddable":true,"href":"https:\/\/desireonline.shop\/vi\/wp-json\/wp\/v2\/product_tag?post=68303"}],"curies":[{"name":"wp","href":"https:\/\/api.w.org\/{rel}","templated":true}]}}