{"id":68346,"date":"2026-01-30T10:21:00","date_gmt":"2026-01-30T10:21:00","guid":{"rendered":"https:\/\/desireonline.shop\/product\/noir-rion-cong-tay\/"},"modified":"2026-01-30T10:21:00","modified_gmt":"2026-01-30T10:21:00","slug":"noir-rion-cong-tay","status":"publish","type":"product","link":"https:\/\/desireonline.shop\/vi\/san-pham\/noir-rion-cong-tay\/","title":{"rendered":"Noir Rion C\u00f2ng tay"},"content":{"rendered":"<p>Nh\u1eefng chi\u1ebfc c\u00f2ng tay c\u00f3 th\u1ec3 \u0111i\u1ec1u ch\u1ec9nh n\u00e0y \u0111\u01b0\u1ee3c thi\u1ebft k\u1ebf \u0111\u1ec3 c\u00e2n b\u1eb1ng gi\u1eefa kh\u1ea3 n\u0103ng ki\u1ec3m so\u00e1t v\u00e0 s\u1ef1 tho\u1ea3i m\u00e1i. L\u1edbp l\u00f3t m\u1ec1m m\u1ea1i mang l\u1ea1i c\u1ea3m gi\u00e1c nh\u1eb9 nh\u00e0ng tr\u00ean da, trong khi c\u1ea5u tr\u00fac ch\u1eafc ch\u1eafn t\u1ea1o s\u1ef1 an t\u00e2m trong khi s\u1eed d\u1ee5ng. \u0110\u01b0\u1ee3c ho\u00e0n thi\u1ec7n c\u1ea9n th\u1eadn v\u00e0 d\u1ec5 ti\u1ebfp c\u1eadn, s\u1ea3n ph\u1ea9m l\u00fd t\u01b0\u1edfng \u0111\u1ec3 kh\u00e1m ph\u00e1 c\u00e1c tr\u1ea3i nghi\u1ec7m r\u00e0ng bu\u1ed9c v\u1edbi s\u1ef1 t\u1ef1 tin, giao ti\u1ebfp v\u00e0 quan t\u00e2m.<\/p>\n","protected":false},"excerpt":{"rendered":"<p>Nh\u1eefng chi\u1ebfc c\u00f2ng tay c\u00f3 th\u1ec3 \u0111i\u1ec1u ch\u1ec9nh n\u00e0y \u0111\u01b0\u1ee3c thi\u1ebft k\u1ebf \u0111\u1ec3 c\u00e2n b\u1eb1ng gi\u1eefa kh\u1ea3 n\u0103ng ki\u1ec3m so\u00e1t v\u00e0 s\u1ef1 tho\u1ea3i m\u00e1i. L\u1edbp l\u00f3t m\u1ec1m m\u1ea1i mang l\u1ea1i&hellip;<\/p>\n","protected":false},"featured_media":60015,"comment_status":"open","ping_status":"closed","template":"","meta":{"_acf_changed":false},"product_brand":[],"product_cat":[1356],"product_tag":[1731,1668,1666,1667],"class_list":{"0":"post-68346","1":"product","2":"type-product","3":"status-publish","4":"has-post-thumbnail","6":"product_cat-cong-tay","7":"product_tag-bondage-cho-nguoi-moi","8":"product_tag-co-the-dieu-chinh","9":"product_tag-tro-choi-bondage","10":"product_tag-tro-choi-troi-buoc","12":"first","13":"instock","14":"shipping-taxable","15":"purchasable","16":"product-type-simple"},"acf":[],"yoast_head":"<!-- This site is optimized with the Yoast SEO plugin v27.1.1 - https:\/\/yoast.com\/product\/yoast-seo-wordpress\/ -->\n<title>Noir Rion C\u00f2ng tay - Desire<\/title>\n<meta name=\"robots\" content=\"index, follow, max-snippet:-1, max-image-preview:large, max-video-preview:-1\" \/>\n<link rel=\"canonical\" href=\"https:\/\/desireonline.shop\/vi\/san-pham\/noir-rion-cong-tay\/\" \/>\n<meta property=\"og:locale\" content=\"vi_VN\" \/>\n<meta property=\"og:type\" content=\"article\" \/>\n<meta property=\"og:title\" content=\"Noir Rion C\u00f2ng tay - Desire\" \/>\n<meta property=\"og:description\" content=\"Nh\u1eefng chi\u1ebfc c\u00f2ng tay c\u00f3 th\u1ec3 \u0111i\u1ec1u ch\u1ec9nh n\u00e0y \u0111\u01b0\u1ee3c thi\u1ebft k\u1ebf \u0111\u1ec3 c\u00e2n b\u1eb1ng gi\u1eefa kh\u1ea3 n\u0103ng ki\u1ec3m so\u00e1t v\u00e0 s\u1ef1 tho\u1ea3i m\u00e1i. L\u1edbp l\u00f3t m\u1ec1m m\u1ea1i mang l\u1ea1i&hellip;\" \/>\n<meta property=\"og:url\" content=\"https:\/\/desireonline.shop\/vi\/san-pham\/noir-rion-cong-tay\/\" \/>\n<meta property=\"og:site_name\" content=\"Desire\" \/>\n<meta property=\"og:image\" content=\"https:\/\/desireonline.shop\/wp-content\/uploads\/2026\/01\/CN-737190115-01_00.jpg\" \/>\n\t<meta property=\"og:image:width\" content=\"1280\" \/>\n\t<meta property=\"og:image:height\" content=\"1280\" \/>\n\t<meta property=\"og:image:type\" content=\"image\/jpeg\" \/>\n<meta name=\"twitter:card\" content=\"summary_large_image\" \/>\n<meta name=\"twitter:label1\" content=\"\u01af\u1edbc t\u00ednh th\u1eddi gian \u0111\u1ecdc\" \/>\n\t<meta name=\"twitter:data1\" content=\"1 ph\u00fat\" \/>\n<script type=\"application\/ld+json\" class=\"yoast-schema-graph\">{\"@context\":\"https:\/\/schema.org\",\"@graph\":[{\"@type\":\"WebPage\",\"@id\":\"https:\/\/desireonline.shop\/vi\/san-pham\/noir-rion-cong-tay\/\",\"url\":\"https:\/\/desireonline.shop\/vi\/san-pham\/noir-rion-cong-tay\/\",\"name\":\"Noir Rion C\u00f2ng tay - Desire\",\"isPartOf\":{\"@id\":\"https:\/\/desireonline.shop\/vi\/#website\"},\"primaryImageOfPage\":{\"@id\":\"https:\/\/desireonline.shop\/vi\/san-pham\/noir-rion-cong-tay\/#primaryimage\"},\"image\":{\"@id\":\"https:\/\/desireonline.shop\/vi\/san-pham\/noir-rion-cong-tay\/#primaryimage\"},\"thumbnailUrl\":\"https:\/\/desireonline.shop\/wp-content\/uploads\/2026\/01\/CN-737190115-01_00.jpg\",\"datePublished\":\"2026-01-30T10:21:00+00:00\",\"breadcrumb\":{\"@id\":\"https:\/\/desireonline.shop\/vi\/san-pham\/noir-rion-cong-tay\/#breadcrumb\"},\"inLanguage\":\"vi\",\"potentialAction\":[{\"@type\":\"ReadAction\",\"target\":[\"https:\/\/desireonline.shop\/vi\/san-pham\/noir-rion-cong-tay\/\"]}]},{\"@type\":\"ImageObject\",\"inLanguage\":\"vi\",\"@id\":\"https:\/\/desireonline.shop\/vi\/san-pham\/noir-rion-cong-tay\/#primaryimage\",\"url\":\"https:\/\/desireonline.shop\/wp-content\/uploads\/2026\/01\/CN-737190115-01_00.jpg\",\"contentUrl\":\"https:\/\/desireonline.shop\/wp-content\/uploads\/2026\/01\/CN-737190115-01_00.jpg\",\"width\":1280,\"height\":1280},{\"@type\":\"BreadcrumbList\",\"@id\":\"https:\/\/desireonline.shop\/vi\/san-pham\/noir-rion-cong-tay\/#breadcrumb\",\"itemListElement\":[{\"@type\":\"ListItem\",\"position\":1,\"name\":\"Home\",\"item\":\"https:\/\/desireonline.shop\/vi\/trang-chu\/?lang=vi\"},{\"@type\":\"ListItem\",\"position\":2,\"name\":\"T\u1ea5t c\u1ea3 s\u1ea3n ph\u1ea9m\",\"item\":\"https:\/\/desireonline.shop\/cua-hang\/?lang=vi\"},{\"@type\":\"ListItem\",\"position\":3,\"name\":\"Noir Rion C\u00f2ng tay\"}]},{\"@type\":\"WebSite\",\"@id\":\"https:\/\/desireonline.shop\/vi\/#website\",\"url\":\"https:\/\/desireonline.shop\/vi\/\",\"name\":\"Desire\",\"description\":\"Sexual Wellness Platform\",\"publisher\":{\"@id\":\"https:\/\/desireonline.shop\/vi\/#organization\"},\"potentialAction\":[{\"@type\":\"SearchAction\",\"target\":{\"@type\":\"EntryPoint\",\"urlTemplate\":\"https:\/\/desireonline.shop\/vi\/?s={search_term_string}\"},\"query-input\":{\"@type\":\"PropertyValueSpecification\",\"valueRequired\":true,\"valueName\":\"search_term_string\"}}],\"inLanguage\":\"vi\"},{\"@type\":\"Organization\",\"@id\":\"https:\/\/desireonline.shop\/vi\/#organization\",\"name\":\"Desire\",\"url\":\"https:\/\/desireonline.shop\/vi\/\",\"logo\":{\"@type\":\"ImageObject\",\"inLanguage\":\"vi\",\"@id\":\"https:\/\/desireonline.shop\/vi\/#\/schema\/logo\/image\/\",\"url\":\"https:\/\/desireonline.shop\/wp-content\/uploads\/2024\/06\/Logo-Thick-Font-1.webp\",\"contentUrl\":\"https:\/\/desireonline.shop\/wp-content\/uploads\/2024\/06\/Logo-Thick-Font-1.webp\",\"width\":268,\"height\":399,\"caption\":\"Desire\"},\"image\":{\"@id\":\"https:\/\/desireonline.shop\/vi\/#\/schema\/logo\/image\/\"}}]}<\/script>\n<!-- \/ Yoast SEO plugin. -->","yoast_head_json":{"title":"Noir Rion C\u00f2ng tay - Desire","robots":{"index":"index","follow":"follow","max-snippet":"max-snippet:-1","max-image-preview":"max-image-preview:large","max-video-preview":"max-video-preview:-1"},"canonical":"https:\/\/desireonline.shop\/vi\/san-pham\/noir-rion-cong-tay\/","og_locale":"vi_VN","og_type":"article","og_title":"Noir Rion C\u00f2ng tay - Desire","og_description":"Nh\u1eefng chi\u1ebfc c\u00f2ng tay c\u00f3 th\u1ec3 \u0111i\u1ec1u ch\u1ec9nh n\u00e0y \u0111\u01b0\u1ee3c thi\u1ebft k\u1ebf \u0111\u1ec3 c\u00e2n b\u1eb1ng gi\u1eefa kh\u1ea3 n\u0103ng ki\u1ec3m so\u00e1t v\u00e0 s\u1ef1 tho\u1ea3i m\u00e1i. L\u1edbp l\u00f3t m\u1ec1m m\u1ea1i mang l\u1ea1i&hellip;","og_url":"https:\/\/desireonline.shop\/vi\/san-pham\/noir-rion-cong-tay\/","og_site_name":"Desire","og_image":[{"width":1280,"height":1280,"url":"https:\/\/desireonline.shop\/wp-content\/uploads\/2026\/01\/CN-737190115-01_00.jpg","type":"image\/jpeg"}],"twitter_card":"summary_large_image","twitter_misc":{"\u01af\u1edbc t\u00ednh th\u1eddi gian \u0111\u1ecdc":"1 ph\u00fat"},"schema":{"@context":"https:\/\/schema.org","@graph":[{"@type":"WebPage","@id":"https:\/\/desireonline.shop\/vi\/san-pham\/noir-rion-cong-tay\/","url":"https:\/\/desireonline.shop\/vi\/san-pham\/noir-rion-cong-tay\/","name":"Noir Rion C\u00f2ng tay - Desire","isPartOf":{"@id":"https:\/\/desireonline.shop\/vi\/#website"},"primaryImageOfPage":{"@id":"https:\/\/desireonline.shop\/vi\/san-pham\/noir-rion-cong-tay\/#primaryimage"},"image":{"@id":"https:\/\/desireonline.shop\/vi\/san-pham\/noir-rion-cong-tay\/#primaryimage"},"thumbnailUrl":"https:\/\/desireonline.shop\/wp-content\/uploads\/2026\/01\/CN-737190115-01_00.jpg","datePublished":"2026-01-30T10:21:00+00:00","breadcrumb":{"@id":"https:\/\/desireonline.shop\/vi\/san-pham\/noir-rion-cong-tay\/#breadcrumb"},"inLanguage":"vi","potentialAction":[{"@type":"ReadAction","target":["https:\/\/desireonline.shop\/vi\/san-pham\/noir-rion-cong-tay\/"]}]},{"@type":"ImageObject","inLanguage":"vi","@id":"https:\/\/desireonline.shop\/vi\/san-pham\/noir-rion-cong-tay\/#primaryimage","url":"https:\/\/desireonline.shop\/wp-content\/uploads\/2026\/01\/CN-737190115-01_00.jpg","contentUrl":"https:\/\/desireonline.shop\/wp-content\/uploads\/2026\/01\/CN-737190115-01_00.jpg","width":1280,"height":1280},{"@type":"BreadcrumbList","@id":"https:\/\/desireonline.shop\/vi\/san-pham\/noir-rion-cong-tay\/#breadcrumb","itemListElement":[{"@type":"ListItem","position":1,"name":"Home","item":"https:\/\/desireonline.shop\/vi\/trang-chu\/?lang=vi"},{"@type":"ListItem","position":2,"name":"T\u1ea5t c\u1ea3 s\u1ea3n ph\u1ea9m","item":"https:\/\/desireonline.shop\/cua-hang\/?lang=vi"},{"@type":"ListItem","position":3,"name":"Noir Rion C\u00f2ng tay"}]},{"@type":"WebSite","@id":"https:\/\/desireonline.shop\/vi\/#website","url":"https:\/\/desireonline.shop\/vi\/","name":"Desire","description":"Sexual Wellness Platform","publisher":{"@id":"https:\/\/desireonline.shop\/vi\/#organization"},"potentialAction":[{"@type":"SearchAction","target":{"@type":"EntryPoint","urlTemplate":"https:\/\/desireonline.shop\/vi\/?s={search_term_string}"},"query-input":{"@type":"PropertyValueSpecification","valueRequired":true,"valueName":"search_term_string"}}],"inLanguage":"vi"},{"@type":"Organization","@id":"https:\/\/desireonline.shop\/vi\/#organization","name":"Desire","url":"https:\/\/desireonline.shop\/vi\/","logo":{"@type":"ImageObject","inLanguage":"vi","@id":"https:\/\/desireonline.shop\/vi\/#\/schema\/logo\/image\/","url":"https:\/\/desireonline.shop\/wp-content\/uploads\/2024\/06\/Logo-Thick-Font-1.webp","contentUrl":"https:\/\/desireonline.shop\/wp-content\/uploads\/2024\/06\/Logo-Thick-Font-1.webp","width":268,"height":399,"caption":"Desire"},"image":{"@id":"https:\/\/desireonline.shop\/vi\/#\/schema\/logo\/image\/"}}]}},"_links":{"self":[{"href":"https:\/\/desireonline.shop\/vi\/wp-json\/wp\/v2\/product\/68346","targetHints":{"allow":["GET"]}}],"collection":[{"href":"https:\/\/desireonline.shop\/vi\/wp-json\/wp\/v2\/product"}],"about":[{"href":"https:\/\/desireonline.shop\/vi\/wp-json\/wp\/v2\/types\/product"}],"replies":[{"embeddable":true,"href":"https:\/\/desireonline.shop\/vi\/wp-json\/wp\/v2\/comments?post=68346"}],"version-history":[{"count":0,"href":"https:\/\/desireonline.shop\/vi\/wp-json\/wp\/v2\/product\/68346\/revisions"}],"wp:featuredmedia":[{"embeddable":true,"href":"https:\/\/desireonline.shop\/vi\/wp-json\/wp\/v2\/media\/60015"}],"wp:attachment":[{"href":"https:\/\/desireonline.shop\/vi\/wp-json\/wp\/v2\/media?parent=68346"}],"wp:term":[{"taxonomy":"product_brand","embeddable":true,"href":"https:\/\/desireonline.shop\/vi\/wp-json\/wp\/v2\/product_brand?post=68346"},{"taxonomy":"product_cat","embeddable":true,"href":"https:\/\/desireonline.shop\/vi\/wp-json\/wp\/v2\/product_cat?post=68346"},{"taxonomy":"product_tag","embeddable":true,"href":"https:\/\/desireonline.shop\/vi\/wp-json\/wp\/v2\/product_tag?post=68346"}],"curies":[{"name":"wp","href":"https:\/\/api.w.org\/{rel}","templated":true}]}}