{"id":68354,"date":"2026-01-30T10:21:00","date_gmt":"2026-01-30T10:21:00","guid":{"rendered":"https:\/\/desireonline.shop\/product\/noir-rion-feather-tickler-voi-ruy-bang\/"},"modified":"2026-01-30T10:21:00","modified_gmt":"2026-01-30T10:21:00","slug":"noir-rion-feather-tickler-voi-ruy-bang","status":"publish","type":"product","link":"https:\/\/desireonline.shop\/vi\/san-pham\/noir-rion-feather-tickler-voi-ruy-bang\/","title":{"rendered":"Noir Rion Feather Tickler v\u1edbi ruy b\u0103ng"},"content":{"rendered":"<p>Chi\u1ebfc feather tickler n\u00e0y k\u1ebft h\u1ee3p s\u1ef1 tinh t\u1ebf v\u1edbi \u00fd \u0111\u1ecbnh vui t\u01b0\u01a1i. L\u00f5i ch\u1eafc ch\u1eafn mang l\u1ea1i kh\u1ea3 n\u0103ng ki\u1ec3m so\u00e1t, trong khi \u0111\u1ea7u l\u00f4ng m\u1ec1m \u0111\u01b0\u1ee3c thi\u1ebft k\u1ebf cho nh\u1eefng k\u00edch th\u00edch ch\u1eadm r\u00e3i v\u00e0 \u0111\u1ea7y tr\u00eau \u0111\u00f9a. Tay c\u1ea7m b\u1ecdc v\u1ea3i v\u1edbi chi\u1ebfc n\u01a1 nh\u1ecf t\u1ea1o th\u00eam \u0111i\u1ec3m nh\u1ea5n th\u1ecb gi\u00e1c duy\u00ean d\u00e1ng. L\u00fd t\u01b0\u1edfng cho nh\u1eefng tr\u1ea3i nghi\u1ec7m k\u00edch th\u00edch gi\u00e1c quan v\u00e0 nh\u1eefng kho\u1ea3nh kh\u1eafc x\u00e2y d\u1ef1ng s\u1ef1 mong \u0111\u1ee3i.<\/p>\n","protected":false},"excerpt":{"rendered":"<p>Chi\u1ebfc feather tickler n\u00e0y k\u1ebft h\u1ee3p s\u1ef1 tinh t\u1ebf v\u1edbi \u00fd \u0111\u1ecbnh vui t\u01b0\u01a1i. L\u00f5i ch\u1eafc ch\u1eafn mang l\u1ea1i kh\u1ea3 n\u0103ng ki\u1ec3m so\u00e1t, trong khi \u0111\u1ea7u l\u00f4ng m\u1ec1m \u0111\u01b0\u1ee3c thi\u1ebft&hellip;<\/p>\n","protected":false},"featured_media":59990,"comment_status":"open","ping_status":"closed","template":"","meta":{"_acf_changed":false},"product_brand":[],"product_cat":[1353],"product_tag":[1791,1790,1735,1789],"class_list":{"0":"post-68354","1":"product","2":"type-product","3":"status-publish","4":"has-post-thumbnail","6":"product_cat-long-vu-treu-dua","7":"product_tag-an-toan-cho-nguoi-moi-bat-dau","8":"product_tag-mon-tron","9":"product_tag-tinh-nghich","10":"product_tag-tro-choi-cam-giac","12":"first","13":"instock","14":"shipping-taxable","15":"purchasable","16":"product-type-simple"},"acf":[],"yoast_head":"<!-- This site is optimized with the Yoast SEO plugin v27.1.1 - https:\/\/yoast.com\/product\/yoast-seo-wordpress\/ -->\n<title>Noir Rion Feather Tickler v\u1edbi ruy b\u0103ng - Desire<\/title>\n<meta name=\"robots\" content=\"index, follow, max-snippet:-1, max-image-preview:large, max-video-preview:-1\" \/>\n<link rel=\"canonical\" href=\"https:\/\/desireonline.shop\/vi\/san-pham\/noir-rion-feather-tickler-voi-ruy-bang\/\" \/>\n<meta property=\"og:locale\" content=\"vi_VN\" \/>\n<meta property=\"og:type\" content=\"article\" \/>\n<meta property=\"og:title\" content=\"Noir Rion Feather Tickler v\u1edbi ruy b\u0103ng - Desire\" \/>\n<meta property=\"og:description\" content=\"Chi\u1ebfc feather tickler n\u00e0y k\u1ebft h\u1ee3p s\u1ef1 tinh t\u1ebf v\u1edbi \u00fd \u0111\u1ecbnh vui t\u01b0\u01a1i. L\u00f5i ch\u1eafc ch\u1eafn mang l\u1ea1i kh\u1ea3 n\u0103ng ki\u1ec3m so\u00e1t, trong khi \u0111\u1ea7u l\u00f4ng m\u1ec1m \u0111\u01b0\u1ee3c thi\u1ebft&hellip;\" \/>\n<meta property=\"og:url\" content=\"https:\/\/desireonline.shop\/vi\/san-pham\/noir-rion-feather-tickler-voi-ruy-bang\/\" \/>\n<meta property=\"og:site_name\" content=\"Desire\" \/>\n<meta property=\"og:image\" content=\"https:\/\/desireonline.shop\/wp-content\/uploads\/2026\/01\/CN-738300212-01_00.jpg\" \/>\n\t<meta property=\"og:image:width\" content=\"1000\" \/>\n\t<meta property=\"og:image:height\" content=\"1000\" \/>\n\t<meta property=\"og:image:type\" content=\"image\/jpeg\" \/>\n<meta name=\"twitter:card\" content=\"summary_large_image\" \/>\n<meta name=\"twitter:label1\" content=\"\u01af\u1edbc t\u00ednh th\u1eddi gian \u0111\u1ecdc\" \/>\n\t<meta name=\"twitter:data1\" content=\"1 ph\u00fat\" \/>\n<script type=\"application\/ld+json\" class=\"yoast-schema-graph\">{\"@context\":\"https:\/\/schema.org\",\"@graph\":[{\"@type\":\"WebPage\",\"@id\":\"https:\/\/desireonline.shop\/vi\/san-pham\/noir-rion-feather-tickler-voi-ruy-bang\/\",\"url\":\"https:\/\/desireonline.shop\/vi\/san-pham\/noir-rion-feather-tickler-voi-ruy-bang\/\",\"name\":\"Noir Rion Feather Tickler v\u1edbi ruy b\u0103ng - Desire\",\"isPartOf\":{\"@id\":\"https:\/\/desireonline.shop\/vi\/#website\"},\"primaryImageOfPage\":{\"@id\":\"https:\/\/desireonline.shop\/vi\/san-pham\/noir-rion-feather-tickler-voi-ruy-bang\/#primaryimage\"},\"image\":{\"@id\":\"https:\/\/desireonline.shop\/vi\/san-pham\/noir-rion-feather-tickler-voi-ruy-bang\/#primaryimage\"},\"thumbnailUrl\":\"https:\/\/desireonline.shop\/wp-content\/uploads\/2026\/01\/CN-738300212-01_00.jpg\",\"datePublished\":\"2026-01-30T10:21:00+00:00\",\"breadcrumb\":{\"@id\":\"https:\/\/desireonline.shop\/vi\/san-pham\/noir-rion-feather-tickler-voi-ruy-bang\/#breadcrumb\"},\"inLanguage\":\"vi\",\"potentialAction\":[{\"@type\":\"ReadAction\",\"target\":[\"https:\/\/desireonline.shop\/vi\/san-pham\/noir-rion-feather-tickler-voi-ruy-bang\/\"]}]},{\"@type\":\"ImageObject\",\"inLanguage\":\"vi\",\"@id\":\"https:\/\/desireonline.shop\/vi\/san-pham\/noir-rion-feather-tickler-voi-ruy-bang\/#primaryimage\",\"url\":\"https:\/\/desireonline.shop\/wp-content\/uploads\/2026\/01\/CN-738300212-01_00.jpg\",\"contentUrl\":\"https:\/\/desireonline.shop\/wp-content\/uploads\/2026\/01\/CN-738300212-01_00.jpg\",\"width\":1000,\"height\":1000},{\"@type\":\"BreadcrumbList\",\"@id\":\"https:\/\/desireonline.shop\/vi\/san-pham\/noir-rion-feather-tickler-voi-ruy-bang\/#breadcrumb\",\"itemListElement\":[{\"@type\":\"ListItem\",\"position\":1,\"name\":\"Home\",\"item\":\"https:\/\/desireonline.shop\/vi\/trang-chu\/?lang=vi\"},{\"@type\":\"ListItem\",\"position\":2,\"name\":\"T\u1ea5t c\u1ea3 s\u1ea3n ph\u1ea9m\",\"item\":\"https:\/\/desireonline.shop\/cua-hang\/?lang=vi\"},{\"@type\":\"ListItem\",\"position\":3,\"name\":\"Noir Rion Feather Tickler v\u1edbi ruy b\u0103ng\"}]},{\"@type\":\"WebSite\",\"@id\":\"https:\/\/desireonline.shop\/vi\/#website\",\"url\":\"https:\/\/desireonline.shop\/vi\/\",\"name\":\"Desire\",\"description\":\"Sexual Wellness Platform\",\"publisher\":{\"@id\":\"https:\/\/desireonline.shop\/vi\/#organization\"},\"potentialAction\":[{\"@type\":\"SearchAction\",\"target\":{\"@type\":\"EntryPoint\",\"urlTemplate\":\"https:\/\/desireonline.shop\/vi\/?s={search_term_string}\"},\"query-input\":{\"@type\":\"PropertyValueSpecification\",\"valueRequired\":true,\"valueName\":\"search_term_string\"}}],\"inLanguage\":\"vi\"},{\"@type\":\"Organization\",\"@id\":\"https:\/\/desireonline.shop\/vi\/#organization\",\"name\":\"Desire\",\"url\":\"https:\/\/desireonline.shop\/vi\/\",\"logo\":{\"@type\":\"ImageObject\",\"inLanguage\":\"vi\",\"@id\":\"https:\/\/desireonline.shop\/vi\/#\/schema\/logo\/image\/\",\"url\":\"https:\/\/desireonline.shop\/wp-content\/uploads\/2024\/06\/Logo-Thick-Font-1.webp\",\"contentUrl\":\"https:\/\/desireonline.shop\/wp-content\/uploads\/2024\/06\/Logo-Thick-Font-1.webp\",\"width\":268,\"height\":399,\"caption\":\"Desire\"},\"image\":{\"@id\":\"https:\/\/desireonline.shop\/vi\/#\/schema\/logo\/image\/\"}}]}<\/script>\n<!-- \/ Yoast SEO plugin. -->","yoast_head_json":{"title":"Noir Rion Feather Tickler v\u1edbi ruy b\u0103ng - Desire","robots":{"index":"index","follow":"follow","max-snippet":"max-snippet:-1","max-image-preview":"max-image-preview:large","max-video-preview":"max-video-preview:-1"},"canonical":"https:\/\/desireonline.shop\/vi\/san-pham\/noir-rion-feather-tickler-voi-ruy-bang\/","og_locale":"vi_VN","og_type":"article","og_title":"Noir Rion Feather Tickler v\u1edbi ruy b\u0103ng - Desire","og_description":"Chi\u1ebfc feather tickler n\u00e0y k\u1ebft h\u1ee3p s\u1ef1 tinh t\u1ebf v\u1edbi \u00fd \u0111\u1ecbnh vui t\u01b0\u01a1i. L\u00f5i ch\u1eafc ch\u1eafn mang l\u1ea1i kh\u1ea3 n\u0103ng ki\u1ec3m so\u00e1t, trong khi \u0111\u1ea7u l\u00f4ng m\u1ec1m \u0111\u01b0\u1ee3c thi\u1ebft&hellip;","og_url":"https:\/\/desireonline.shop\/vi\/san-pham\/noir-rion-feather-tickler-voi-ruy-bang\/","og_site_name":"Desire","og_image":[{"width":1000,"height":1000,"url":"https:\/\/desireonline.shop\/wp-content\/uploads\/2026\/01\/CN-738300212-01_00.jpg","type":"image\/jpeg"}],"twitter_card":"summary_large_image","twitter_misc":{"\u01af\u1edbc t\u00ednh th\u1eddi gian \u0111\u1ecdc":"1 ph\u00fat"},"schema":{"@context":"https:\/\/schema.org","@graph":[{"@type":"WebPage","@id":"https:\/\/desireonline.shop\/vi\/san-pham\/noir-rion-feather-tickler-voi-ruy-bang\/","url":"https:\/\/desireonline.shop\/vi\/san-pham\/noir-rion-feather-tickler-voi-ruy-bang\/","name":"Noir Rion Feather Tickler v\u1edbi ruy b\u0103ng - Desire","isPartOf":{"@id":"https:\/\/desireonline.shop\/vi\/#website"},"primaryImageOfPage":{"@id":"https:\/\/desireonline.shop\/vi\/san-pham\/noir-rion-feather-tickler-voi-ruy-bang\/#primaryimage"},"image":{"@id":"https:\/\/desireonline.shop\/vi\/san-pham\/noir-rion-feather-tickler-voi-ruy-bang\/#primaryimage"},"thumbnailUrl":"https:\/\/desireonline.shop\/wp-content\/uploads\/2026\/01\/CN-738300212-01_00.jpg","datePublished":"2026-01-30T10:21:00+00:00","breadcrumb":{"@id":"https:\/\/desireonline.shop\/vi\/san-pham\/noir-rion-feather-tickler-voi-ruy-bang\/#breadcrumb"},"inLanguage":"vi","potentialAction":[{"@type":"ReadAction","target":["https:\/\/desireonline.shop\/vi\/san-pham\/noir-rion-feather-tickler-voi-ruy-bang\/"]}]},{"@type":"ImageObject","inLanguage":"vi","@id":"https:\/\/desireonline.shop\/vi\/san-pham\/noir-rion-feather-tickler-voi-ruy-bang\/#primaryimage","url":"https:\/\/desireonline.shop\/wp-content\/uploads\/2026\/01\/CN-738300212-01_00.jpg","contentUrl":"https:\/\/desireonline.shop\/wp-content\/uploads\/2026\/01\/CN-738300212-01_00.jpg","width":1000,"height":1000},{"@type":"BreadcrumbList","@id":"https:\/\/desireonline.shop\/vi\/san-pham\/noir-rion-feather-tickler-voi-ruy-bang\/#breadcrumb","itemListElement":[{"@type":"ListItem","position":1,"name":"Home","item":"https:\/\/desireonline.shop\/vi\/trang-chu\/?lang=vi"},{"@type":"ListItem","position":2,"name":"T\u1ea5t c\u1ea3 s\u1ea3n ph\u1ea9m","item":"https:\/\/desireonline.shop\/cua-hang\/?lang=vi"},{"@type":"ListItem","position":3,"name":"Noir Rion Feather Tickler v\u1edbi ruy b\u0103ng"}]},{"@type":"WebSite","@id":"https:\/\/desireonline.shop\/vi\/#website","url":"https:\/\/desireonline.shop\/vi\/","name":"Desire","description":"Sexual Wellness Platform","publisher":{"@id":"https:\/\/desireonline.shop\/vi\/#organization"},"potentialAction":[{"@type":"SearchAction","target":{"@type":"EntryPoint","urlTemplate":"https:\/\/desireonline.shop\/vi\/?s={search_term_string}"},"query-input":{"@type":"PropertyValueSpecification","valueRequired":true,"valueName":"search_term_string"}}],"inLanguage":"vi"},{"@type":"Organization","@id":"https:\/\/desireonline.shop\/vi\/#organization","name":"Desire","url":"https:\/\/desireonline.shop\/vi\/","logo":{"@type":"ImageObject","inLanguage":"vi","@id":"https:\/\/desireonline.shop\/vi\/#\/schema\/logo\/image\/","url":"https:\/\/desireonline.shop\/wp-content\/uploads\/2024\/06\/Logo-Thick-Font-1.webp","contentUrl":"https:\/\/desireonline.shop\/wp-content\/uploads\/2024\/06\/Logo-Thick-Font-1.webp","width":268,"height":399,"caption":"Desire"},"image":{"@id":"https:\/\/desireonline.shop\/vi\/#\/schema\/logo\/image\/"}}]}},"_links":{"self":[{"href":"https:\/\/desireonline.shop\/vi\/wp-json\/wp\/v2\/product\/68354","targetHints":{"allow":["GET"]}}],"collection":[{"href":"https:\/\/desireonline.shop\/vi\/wp-json\/wp\/v2\/product"}],"about":[{"href":"https:\/\/desireonline.shop\/vi\/wp-json\/wp\/v2\/types\/product"}],"replies":[{"embeddable":true,"href":"https:\/\/desireonline.shop\/vi\/wp-json\/wp\/v2\/comments?post=68354"}],"version-history":[{"count":0,"href":"https:\/\/desireonline.shop\/vi\/wp-json\/wp\/v2\/product\/68354\/revisions"}],"wp:featuredmedia":[{"embeddable":true,"href":"https:\/\/desireonline.shop\/vi\/wp-json\/wp\/v2\/media\/59990"}],"wp:attachment":[{"href":"https:\/\/desireonline.shop\/vi\/wp-json\/wp\/v2\/media?parent=68354"}],"wp:term":[{"taxonomy":"product_brand","embeddable":true,"href":"https:\/\/desireonline.shop\/vi\/wp-json\/wp\/v2\/product_brand?post=68354"},{"taxonomy":"product_cat","embeddable":true,"href":"https:\/\/desireonline.shop\/vi\/wp-json\/wp\/v2\/product_cat?post=68354"},{"taxonomy":"product_tag","embeddable":true,"href":"https:\/\/desireonline.shop\/vi\/wp-json\/wp\/v2\/product_tag?post=68354"}],"curies":[{"name":"wp","href":"https:\/\/api.w.org\/{rel}","templated":true}]}}