{"id":68370,"date":"2026-01-30T10:21:00","date_gmt":"2026-01-30T10:21:00","guid":{"rendered":"https:\/\/desireonline.shop\/product\/noir-rion-roi-da-voi-long-lon\/"},"modified":"2026-01-30T10:21:00","modified_gmt":"2026-01-30T10:21:00","slug":"noir-rion-roi-da-voi-long-lon","status":"publish","type":"product","link":"https:\/\/desireonline.shop\/vi\/san-pham\/noir-rion-roi-da-voi-long-lon\/","title":{"rendered":"Noir Rion Roi da v\u1edbi l\u00f4ng l\u1edbn"},"content":{"rendered":"<p>\u0110\u01b0\u1ee3c thi\u1ebft k\u1ebf \u0111\u1ec3 t\u1ea1o s\u1ef1 t\u01b0\u01a1ng ph\u1ea3n vui t\u01b0\u01a1i, chi\u1ebfc roi hai \u0111\u1ea7u n\u00e0y k\u1ebft h\u1ee3p l\u00f5i ch\u1eafc ch\u1eafn v\u1edbi hai c\u1ea3m gi\u00e1c r\u1ea5t kh\u00e1c nhau. M\u1ed9t \u0111\u1ea7u c\u00f3 b\u1ea3n paddle nh\u1ecf cho nh\u1eefng t\u00e1c \u0111\u1ed9ng nh\u1eb9 v\u00e0 c\u00f3 ki\u1ec3m so\u00e1t, trong khi \u0111\u1ea7u c\u00f2n l\u1ea1i \u0111\u01b0\u1ee3c ho\u00e0n thi\u1ec7n v\u1edbi l\u00f4ng si\u00eau m\u1ec1m cho nh\u1eefng k\u00edch th\u00edch nh\u1eb9 nh\u00e0ng v\u00e0 x\u00e2y d\u1ef1ng s\u1ef1 mong \u0111\u1ee3i.<\/p>\n<p>D\u1ec5 c\u1ea7m v\u00e0 linh ho\u1ea1t khi s\u1eed d\u1ee5ng, s\u1ea3n ph\u1ea9m l\u00fd t\u01b0\u1edfng \u0111\u1ec3 kh\u00e1m ph\u00e1 c\u1ea3m gi\u00e1c v\u00e0 chuy\u1ec3n \u0111\u1ed5i m\u01b0\u1ee3t m\u00e0 gi\u1eefa ch\u1ea1m nh\u1eb9 v\u00e0 t\u00e1c \u0111\u1ed9ng. \u0110\u01b0\u1ee3c thi\u1ebft k\u1ebf c\u1ea9n th\u1eadn \u0111\u1ec3 khuy\u1ebfn kh\u00edch th\u1eed nghi\u1ec7m vui t\u01b0\u01a1i, ph\u1ee5 ki\u1ec7n n\u00e0y mang l\u1ea1i s\u1ef1 \u0111a d\u1ea1ng v\u00e0 h\u1ee9ng th\u00fa cho nh\u1eefng kho\u1ea3nh kh\u1eafc th\u00e2n m\u1eadt.<\/p>\n","protected":false},"excerpt":{"rendered":"<p>\u0110\u01b0\u1ee3c thi\u1ebft k\u1ebf \u0111\u1ec3 t\u1ea1o s\u1ef1 t\u01b0\u01a1ng ph\u1ea3n vui t\u01b0\u01a1i, chi\u1ebfc roi hai \u0111\u1ea7u n\u00e0y k\u1ebft h\u1ee3p l\u00f5i ch\u1eafc ch\u1eafn v\u1edbi hai c\u1ea3m gi\u00e1c r\u1ea5t kh\u00e1c nhau. M\u1ed9t \u0111\u1ea7u c\u00f3&hellip;<\/p>\n","protected":false},"featured_media":59940,"comment_status":"open","ping_status":"closed","template":"","meta":{"_acf_changed":false},"product_brand":[],"product_cat":[1353,1360],"product_tag":[1790,1681,1735,1789],"class_list":{"0":"post-68370","1":"product","2":"type-product","3":"status-publish","4":"has-post-thumbnail","6":"product_cat-long-vu-treu-dua","7":"product_cat-vot-tao-cam-giac","8":"product_tag-mon-tron","9":"product_tag-tang-cuong-tu-tin","10":"product_tag-tinh-nghich","11":"product_tag-tro-choi-cam-giac","13":"first","14":"instock","15":"shipping-taxable","16":"purchasable","17":"product-type-simple"},"acf":[],"yoast_head":"<!-- This site is optimized with the Yoast SEO plugin v27.1.1 - https:\/\/yoast.com\/product\/yoast-seo-wordpress\/ -->\n<title>Noir Rion Roi da v\u1edbi l\u00f4ng l\u1edbn - Desire<\/title>\n<meta name=\"robots\" content=\"index, follow, max-snippet:-1, max-image-preview:large, max-video-preview:-1\" \/>\n<link rel=\"canonical\" href=\"https:\/\/desireonline.shop\/vi\/san-pham\/noir-rion-roi-da-voi-long-lon\/\" \/>\n<meta property=\"og:locale\" content=\"vi_VN\" \/>\n<meta property=\"og:type\" content=\"article\" \/>\n<meta property=\"og:title\" content=\"Noir Rion Roi da v\u1edbi l\u00f4ng l\u1edbn - Desire\" \/>\n<meta property=\"og:description\" content=\"\u0110\u01b0\u1ee3c thi\u1ebft k\u1ebf \u0111\u1ec3 t\u1ea1o s\u1ef1 t\u01b0\u01a1ng ph\u1ea3n vui t\u01b0\u01a1i, chi\u1ebfc roi hai \u0111\u1ea7u n\u00e0y k\u1ebft h\u1ee3p l\u00f5i ch\u1eafc ch\u1eafn v\u1edbi hai c\u1ea3m gi\u00e1c r\u1ea5t kh\u00e1c nhau. M\u1ed9t \u0111\u1ea7u c\u00f3&hellip;\" \/>\n<meta property=\"og:url\" content=\"https:\/\/desireonline.shop\/vi\/san-pham\/noir-rion-roi-da-voi-long-lon\/\" \/>\n<meta property=\"og:site_name\" content=\"Desire\" \/>\n<meta property=\"og:image\" content=\"https:\/\/desireonline.shop\/wp-content\/uploads\/2026\/01\/CN-738300762-01_00.jpg\" \/>\n\t<meta property=\"og:image:width\" content=\"1000\" \/>\n\t<meta property=\"og:image:height\" content=\"1000\" \/>\n\t<meta property=\"og:image:type\" content=\"image\/jpeg\" \/>\n<meta name=\"twitter:card\" content=\"summary_large_image\" \/>\n<meta name=\"twitter:label1\" content=\"\u01af\u1edbc t\u00ednh th\u1eddi gian \u0111\u1ecdc\" \/>\n\t<meta name=\"twitter:data1\" content=\"1 ph\u00fat\" \/>\n<script type=\"application\/ld+json\" class=\"yoast-schema-graph\">{\"@context\":\"https:\/\/schema.org\",\"@graph\":[{\"@type\":\"WebPage\",\"@id\":\"https:\/\/desireonline.shop\/vi\/san-pham\/noir-rion-roi-da-voi-long-lon\/\",\"url\":\"https:\/\/desireonline.shop\/vi\/san-pham\/noir-rion-roi-da-voi-long-lon\/\",\"name\":\"Noir Rion Roi da v\u1edbi l\u00f4ng l\u1edbn - Desire\",\"isPartOf\":{\"@id\":\"https:\/\/desireonline.shop\/vi\/#website\"},\"primaryImageOfPage\":{\"@id\":\"https:\/\/desireonline.shop\/vi\/san-pham\/noir-rion-roi-da-voi-long-lon\/#primaryimage\"},\"image\":{\"@id\":\"https:\/\/desireonline.shop\/vi\/san-pham\/noir-rion-roi-da-voi-long-lon\/#primaryimage\"},\"thumbnailUrl\":\"https:\/\/desireonline.shop\/wp-content\/uploads\/2026\/01\/CN-738300762-01_00.jpg\",\"datePublished\":\"2026-01-30T10:21:00+00:00\",\"breadcrumb\":{\"@id\":\"https:\/\/desireonline.shop\/vi\/san-pham\/noir-rion-roi-da-voi-long-lon\/#breadcrumb\"},\"inLanguage\":\"vi\",\"potentialAction\":[{\"@type\":\"ReadAction\",\"target\":[\"https:\/\/desireonline.shop\/vi\/san-pham\/noir-rion-roi-da-voi-long-lon\/\"]}]},{\"@type\":\"ImageObject\",\"inLanguage\":\"vi\",\"@id\":\"https:\/\/desireonline.shop\/vi\/san-pham\/noir-rion-roi-da-voi-long-lon\/#primaryimage\",\"url\":\"https:\/\/desireonline.shop\/wp-content\/uploads\/2026\/01\/CN-738300762-01_00.jpg\",\"contentUrl\":\"https:\/\/desireonline.shop\/wp-content\/uploads\/2026\/01\/CN-738300762-01_00.jpg\",\"width\":1000,\"height\":1000},{\"@type\":\"BreadcrumbList\",\"@id\":\"https:\/\/desireonline.shop\/vi\/san-pham\/noir-rion-roi-da-voi-long-lon\/#breadcrumb\",\"itemListElement\":[{\"@type\":\"ListItem\",\"position\":1,\"name\":\"Home\",\"item\":\"https:\/\/desireonline.shop\/vi\/trang-chu\/?lang=vi\"},{\"@type\":\"ListItem\",\"position\":2,\"name\":\"T\u1ea5t c\u1ea3 s\u1ea3n ph\u1ea9m\",\"item\":\"https:\/\/desireonline.shop\/cua-hang\/?lang=vi\"},{\"@type\":\"ListItem\",\"position\":3,\"name\":\"Noir Rion Roi da v\u1edbi l\u00f4ng l\u1edbn\"}]},{\"@type\":\"WebSite\",\"@id\":\"https:\/\/desireonline.shop\/vi\/#website\",\"url\":\"https:\/\/desireonline.shop\/vi\/\",\"name\":\"Desire\",\"description\":\"Sexual Wellness Platform\",\"publisher\":{\"@id\":\"https:\/\/desireonline.shop\/vi\/#organization\"},\"potentialAction\":[{\"@type\":\"SearchAction\",\"target\":{\"@type\":\"EntryPoint\",\"urlTemplate\":\"https:\/\/desireonline.shop\/vi\/?s={search_term_string}\"},\"query-input\":{\"@type\":\"PropertyValueSpecification\",\"valueRequired\":true,\"valueName\":\"search_term_string\"}}],\"inLanguage\":\"vi\"},{\"@type\":\"Organization\",\"@id\":\"https:\/\/desireonline.shop\/vi\/#organization\",\"name\":\"Desire\",\"url\":\"https:\/\/desireonline.shop\/vi\/\",\"logo\":{\"@type\":\"ImageObject\",\"inLanguage\":\"vi\",\"@id\":\"https:\/\/desireonline.shop\/vi\/#\/schema\/logo\/image\/\",\"url\":\"https:\/\/desireonline.shop\/wp-content\/uploads\/2024\/06\/Logo-Thick-Font-1.webp\",\"contentUrl\":\"https:\/\/desireonline.shop\/wp-content\/uploads\/2024\/06\/Logo-Thick-Font-1.webp\",\"width\":268,\"height\":399,\"caption\":\"Desire\"},\"image\":{\"@id\":\"https:\/\/desireonline.shop\/vi\/#\/schema\/logo\/image\/\"}}]}<\/script>\n<!-- \/ Yoast SEO plugin. -->","yoast_head_json":{"title":"Noir Rion Roi da v\u1edbi l\u00f4ng l\u1edbn - Desire","robots":{"index":"index","follow":"follow","max-snippet":"max-snippet:-1","max-image-preview":"max-image-preview:large","max-video-preview":"max-video-preview:-1"},"canonical":"https:\/\/desireonline.shop\/vi\/san-pham\/noir-rion-roi-da-voi-long-lon\/","og_locale":"vi_VN","og_type":"article","og_title":"Noir Rion Roi da v\u1edbi l\u00f4ng l\u1edbn - Desire","og_description":"\u0110\u01b0\u1ee3c thi\u1ebft k\u1ebf \u0111\u1ec3 t\u1ea1o s\u1ef1 t\u01b0\u01a1ng ph\u1ea3n vui t\u01b0\u01a1i, chi\u1ebfc roi hai \u0111\u1ea7u n\u00e0y k\u1ebft h\u1ee3p l\u00f5i ch\u1eafc ch\u1eafn v\u1edbi hai c\u1ea3m gi\u00e1c r\u1ea5t kh\u00e1c nhau. M\u1ed9t \u0111\u1ea7u c\u00f3&hellip;","og_url":"https:\/\/desireonline.shop\/vi\/san-pham\/noir-rion-roi-da-voi-long-lon\/","og_site_name":"Desire","og_image":[{"width":1000,"height":1000,"url":"https:\/\/desireonline.shop\/wp-content\/uploads\/2026\/01\/CN-738300762-01_00.jpg","type":"image\/jpeg"}],"twitter_card":"summary_large_image","twitter_misc":{"\u01af\u1edbc t\u00ednh th\u1eddi gian \u0111\u1ecdc":"1 ph\u00fat"},"schema":{"@context":"https:\/\/schema.org","@graph":[{"@type":"WebPage","@id":"https:\/\/desireonline.shop\/vi\/san-pham\/noir-rion-roi-da-voi-long-lon\/","url":"https:\/\/desireonline.shop\/vi\/san-pham\/noir-rion-roi-da-voi-long-lon\/","name":"Noir Rion Roi da v\u1edbi l\u00f4ng l\u1edbn - Desire","isPartOf":{"@id":"https:\/\/desireonline.shop\/vi\/#website"},"primaryImageOfPage":{"@id":"https:\/\/desireonline.shop\/vi\/san-pham\/noir-rion-roi-da-voi-long-lon\/#primaryimage"},"image":{"@id":"https:\/\/desireonline.shop\/vi\/san-pham\/noir-rion-roi-da-voi-long-lon\/#primaryimage"},"thumbnailUrl":"https:\/\/desireonline.shop\/wp-content\/uploads\/2026\/01\/CN-738300762-01_00.jpg","datePublished":"2026-01-30T10:21:00+00:00","breadcrumb":{"@id":"https:\/\/desireonline.shop\/vi\/san-pham\/noir-rion-roi-da-voi-long-lon\/#breadcrumb"},"inLanguage":"vi","potentialAction":[{"@type":"ReadAction","target":["https:\/\/desireonline.shop\/vi\/san-pham\/noir-rion-roi-da-voi-long-lon\/"]}]},{"@type":"ImageObject","inLanguage":"vi","@id":"https:\/\/desireonline.shop\/vi\/san-pham\/noir-rion-roi-da-voi-long-lon\/#primaryimage","url":"https:\/\/desireonline.shop\/wp-content\/uploads\/2026\/01\/CN-738300762-01_00.jpg","contentUrl":"https:\/\/desireonline.shop\/wp-content\/uploads\/2026\/01\/CN-738300762-01_00.jpg","width":1000,"height":1000},{"@type":"BreadcrumbList","@id":"https:\/\/desireonline.shop\/vi\/san-pham\/noir-rion-roi-da-voi-long-lon\/#breadcrumb","itemListElement":[{"@type":"ListItem","position":1,"name":"Home","item":"https:\/\/desireonline.shop\/vi\/trang-chu\/?lang=vi"},{"@type":"ListItem","position":2,"name":"T\u1ea5t c\u1ea3 s\u1ea3n ph\u1ea9m","item":"https:\/\/desireonline.shop\/cua-hang\/?lang=vi"},{"@type":"ListItem","position":3,"name":"Noir Rion Roi da v\u1edbi l\u00f4ng l\u1edbn"}]},{"@type":"WebSite","@id":"https:\/\/desireonline.shop\/vi\/#website","url":"https:\/\/desireonline.shop\/vi\/","name":"Desire","description":"Sexual Wellness Platform","publisher":{"@id":"https:\/\/desireonline.shop\/vi\/#organization"},"potentialAction":[{"@type":"SearchAction","target":{"@type":"EntryPoint","urlTemplate":"https:\/\/desireonline.shop\/vi\/?s={search_term_string}"},"query-input":{"@type":"PropertyValueSpecification","valueRequired":true,"valueName":"search_term_string"}}],"inLanguage":"vi"},{"@type":"Organization","@id":"https:\/\/desireonline.shop\/vi\/#organization","name":"Desire","url":"https:\/\/desireonline.shop\/vi\/","logo":{"@type":"ImageObject","inLanguage":"vi","@id":"https:\/\/desireonline.shop\/vi\/#\/schema\/logo\/image\/","url":"https:\/\/desireonline.shop\/wp-content\/uploads\/2024\/06\/Logo-Thick-Font-1.webp","contentUrl":"https:\/\/desireonline.shop\/wp-content\/uploads\/2024\/06\/Logo-Thick-Font-1.webp","width":268,"height":399,"caption":"Desire"},"image":{"@id":"https:\/\/desireonline.shop\/vi\/#\/schema\/logo\/image\/"}}]}},"_links":{"self":[{"href":"https:\/\/desireonline.shop\/vi\/wp-json\/wp\/v2\/product\/68370","targetHints":{"allow":["GET"]}}],"collection":[{"href":"https:\/\/desireonline.shop\/vi\/wp-json\/wp\/v2\/product"}],"about":[{"href":"https:\/\/desireonline.shop\/vi\/wp-json\/wp\/v2\/types\/product"}],"replies":[{"embeddable":true,"href":"https:\/\/desireonline.shop\/vi\/wp-json\/wp\/v2\/comments?post=68370"}],"version-history":[{"count":0,"href":"https:\/\/desireonline.shop\/vi\/wp-json\/wp\/v2\/product\/68370\/revisions"}],"wp:featuredmedia":[{"embeddable":true,"href":"https:\/\/desireonline.shop\/vi\/wp-json\/wp\/v2\/media\/59940"}],"wp:attachment":[{"href":"https:\/\/desireonline.shop\/vi\/wp-json\/wp\/v2\/media?parent=68370"}],"wp:term":[{"taxonomy":"product_brand","embeddable":true,"href":"https:\/\/desireonline.shop\/vi\/wp-json\/wp\/v2\/product_brand?post=68370"},{"taxonomy":"product_cat","embeddable":true,"href":"https:\/\/desireonline.shop\/vi\/wp-json\/wp\/v2\/product_cat?post=68370"},{"taxonomy":"product_tag","embeddable":true,"href":"https:\/\/desireonline.shop\/vi\/wp-json\/wp\/v2\/product_tag?post=68370"}],"curies":[{"name":"wp","href":"https:\/\/api.w.org\/{rel}","templated":true}]}}