{"id":68378,"date":"2026-01-30T10:21:00","date_gmt":"2026-01-30T10:21:00","guid":{"rendered":"https:\/\/desireonline.shop\/product\/noir-rion-paddle-tron\/"},"modified":"2026-01-30T10:21:00","modified_gmt":"2026-01-30T10:21:00","slug":"noir-rion-paddle-tron","status":"publish","type":"product","link":"https:\/\/desireonline.shop\/vi\/san-pham\/noir-rion-paddle-tron\/","title":{"rendered":"Noir Rion Paddle tr\u00f2n"},"content":{"rendered":"<p>\u0110\u01b0\u1ee3c thi\u1ebft k\u1ebf cho nh\u1eefng t\u00e1c \u0111\u1ed9ng vui t\u01b0\u01a1i, chi\u1ebfc paddle tr\u00f2n n\u00e0y \u0111\u01b0\u1ee3c l\u00e0m t\u1eeb da PU gi\u1ea3 da b\u1ec1n ch\u1eafc v\u1edbi c\u1ea3m gi\u00e1c v\u1eeba ch\u1eafc v\u1eeba linh ho\u1ea1t. B\u1ec1 m\u1eb7t m\u1ecbn mang l\u1ea1i c\u1ea3m gi\u00e1c th\u1ecfa m\u00e3n trong khi v\u1eabn tho\u1ea3i m\u00e1i khi c\u1ea7m v\u00e0 s\u1eed d\u1ee5ng.<\/p>\n<p>D\u00e2y \u0111eo c\u1ed5 tay ti\u1ec7n l\u1ee3i gi\u00fap gi\u1eef paddle ch\u1eafc ch\u1eafn trong tay, cho ph\u00e9p ki\u1ec3m so\u00e1t t\u1ef1 tin v\u00e0 \u0111\u1ecbnh v\u1ecb d\u1ec5 d\u00e0ng. Ch\u1ea5t li\u1ec7u thu\u1ea7n chay v\u00e0 c\u1ea5u tr\u00fac \u0111\u01b0\u1ee3c thi\u1ebft k\u1ebf c\u1ea9n th\u1eadn khi\u1ebfn s\u1ea3n ph\u1ea9m tr\u1edf th\u00e0nh l\u1ef1a ch\u1ecdn \u0111\u00e1ng tin c\u1eady cho nh\u1eefng ai mu\u1ed1n kh\u00e1m ph\u00e1 k\u00edch th\u00edch gi\u00e1c quan v\u1edbi s\u1ef1 tho\u1ea3i m\u00e1i v\u00e0 quan t\u00e2m.<\/p>\n","protected":false},"excerpt":{"rendered":"<p>\u0110\u01b0\u1ee3c thi\u1ebft k\u1ebf cho nh\u1eefng t\u00e1c \u0111\u1ed9ng vui t\u01b0\u01a1i, chi\u1ebfc paddle tr\u00f2n n\u00e0y \u0111\u01b0\u1ee3c l\u00e0m t\u1eeb da PU gi\u1ea3 da b\u1ec1n ch\u1eafc v\u1edbi c\u1ea3m gi\u00e1c v\u1eeba ch\u1eafc v\u1eeba linh ho\u1ea1t.&hellip;<\/p>\n","protected":false},"featured_media":59891,"comment_status":"open","ping_status":"closed","template":"","meta":{"_acf_changed":false},"product_brand":[],"product_cat":[1360],"product_tag":[1657,1681,1735,1789],"class_list":{"0":"post-68378","1":"product","2":"type-product","3":"status-publish","4":"has-post-thumbnail","6":"product_cat-vot-tao-cam-giac","7":"product_tag-phu-hop-cho-nguoi-moi","8":"product_tag-tang-cuong-tu-tin","9":"product_tag-tinh-nghich","10":"product_tag-tro-choi-cam-giac","12":"first","13":"instock","14":"shipping-taxable","15":"purchasable","16":"product-type-simple"},"acf":[],"yoast_head":"<!-- This site is optimized with the Yoast SEO plugin v27.1.1 - https:\/\/yoast.com\/product\/yoast-seo-wordpress\/ -->\n<title>Noir Rion Paddle tr\u00f2n - Desire<\/title>\n<meta name=\"robots\" content=\"index, follow, max-snippet:-1, max-image-preview:large, max-video-preview:-1\" \/>\n<link rel=\"canonical\" href=\"https:\/\/desireonline.shop\/vi\/san-pham\/noir-rion-paddle-tron\/\" \/>\n<meta property=\"og:locale\" content=\"vi_VN\" \/>\n<meta property=\"og:type\" content=\"article\" \/>\n<meta property=\"og:title\" content=\"Noir Rion Paddle tr\u00f2n - Desire\" \/>\n<meta property=\"og:description\" content=\"\u0110\u01b0\u1ee3c thi\u1ebft k\u1ebf cho nh\u1eefng t\u00e1c \u0111\u1ed9ng vui t\u01b0\u01a1i, chi\u1ebfc paddle tr\u00f2n n\u00e0y \u0111\u01b0\u1ee3c l\u00e0m t\u1eeb da PU gi\u1ea3 da b\u1ec1n ch\u1eafc v\u1edbi c\u1ea3m gi\u00e1c v\u1eeba ch\u1eafc v\u1eeba linh ho\u1ea1t.&hellip;\" \/>\n<meta property=\"og:url\" content=\"https:\/\/desireonline.shop\/vi\/san-pham\/noir-rion-paddle-tron\/\" \/>\n<meta property=\"og:site_name\" content=\"Desire\" \/>\n<meta property=\"og:image\" content=\"https:\/\/desireonline.shop\/wp-content\/uploads\/2026\/01\/CN-737831155-01_00.jpg\" \/>\n\t<meta property=\"og:image:width\" content=\"1000\" \/>\n\t<meta property=\"og:image:height\" content=\"1000\" \/>\n\t<meta property=\"og:image:type\" content=\"image\/jpeg\" \/>\n<meta name=\"twitter:card\" content=\"summary_large_image\" \/>\n<meta name=\"twitter:label1\" content=\"\u01af\u1edbc t\u00ednh th\u1eddi gian \u0111\u1ecdc\" \/>\n\t<meta name=\"twitter:data1\" content=\"1 ph\u00fat\" \/>\n<script type=\"application\/ld+json\" class=\"yoast-schema-graph\">{\"@context\":\"https:\/\/schema.org\",\"@graph\":[{\"@type\":\"WebPage\",\"@id\":\"https:\/\/desireonline.shop\/vi\/san-pham\/noir-rion-paddle-tron\/\",\"url\":\"https:\/\/desireonline.shop\/vi\/san-pham\/noir-rion-paddle-tron\/\",\"name\":\"Noir Rion Paddle tr\u00f2n - Desire\",\"isPartOf\":{\"@id\":\"https:\/\/desireonline.shop\/vi\/#website\"},\"primaryImageOfPage\":{\"@id\":\"https:\/\/desireonline.shop\/vi\/san-pham\/noir-rion-paddle-tron\/#primaryimage\"},\"image\":{\"@id\":\"https:\/\/desireonline.shop\/vi\/san-pham\/noir-rion-paddle-tron\/#primaryimage\"},\"thumbnailUrl\":\"https:\/\/desireonline.shop\/wp-content\/uploads\/2026\/01\/CN-737831155-01_00.jpg\",\"datePublished\":\"2026-01-30T10:21:00+00:00\",\"breadcrumb\":{\"@id\":\"https:\/\/desireonline.shop\/vi\/san-pham\/noir-rion-paddle-tron\/#breadcrumb\"},\"inLanguage\":\"vi\",\"potentialAction\":[{\"@type\":\"ReadAction\",\"target\":[\"https:\/\/desireonline.shop\/vi\/san-pham\/noir-rion-paddle-tron\/\"]}]},{\"@type\":\"ImageObject\",\"inLanguage\":\"vi\",\"@id\":\"https:\/\/desireonline.shop\/vi\/san-pham\/noir-rion-paddle-tron\/#primaryimage\",\"url\":\"https:\/\/desireonline.shop\/wp-content\/uploads\/2026\/01\/CN-737831155-01_00.jpg\",\"contentUrl\":\"https:\/\/desireonline.shop\/wp-content\/uploads\/2026\/01\/CN-737831155-01_00.jpg\",\"width\":1000,\"height\":1000},{\"@type\":\"BreadcrumbList\",\"@id\":\"https:\/\/desireonline.shop\/vi\/san-pham\/noir-rion-paddle-tron\/#breadcrumb\",\"itemListElement\":[{\"@type\":\"ListItem\",\"position\":1,\"name\":\"Home\",\"item\":\"https:\/\/desireonline.shop\/vi\/trang-chu\/?lang=vi\"},{\"@type\":\"ListItem\",\"position\":2,\"name\":\"T\u1ea5t c\u1ea3 s\u1ea3n ph\u1ea9m\",\"item\":\"https:\/\/desireonline.shop\/cua-hang\/?lang=vi\"},{\"@type\":\"ListItem\",\"position\":3,\"name\":\"Noir Rion Paddle tr\u00f2n\"}]},{\"@type\":\"WebSite\",\"@id\":\"https:\/\/desireonline.shop\/vi\/#website\",\"url\":\"https:\/\/desireonline.shop\/vi\/\",\"name\":\"Desire\",\"description\":\"Sexual Wellness Platform\",\"publisher\":{\"@id\":\"https:\/\/desireonline.shop\/vi\/#organization\"},\"potentialAction\":[{\"@type\":\"SearchAction\",\"target\":{\"@type\":\"EntryPoint\",\"urlTemplate\":\"https:\/\/desireonline.shop\/vi\/?s={search_term_string}\"},\"query-input\":{\"@type\":\"PropertyValueSpecification\",\"valueRequired\":true,\"valueName\":\"search_term_string\"}}],\"inLanguage\":\"vi\"},{\"@type\":\"Organization\",\"@id\":\"https:\/\/desireonline.shop\/vi\/#organization\",\"name\":\"Desire\",\"url\":\"https:\/\/desireonline.shop\/vi\/\",\"logo\":{\"@type\":\"ImageObject\",\"inLanguage\":\"vi\",\"@id\":\"https:\/\/desireonline.shop\/vi\/#\/schema\/logo\/image\/\",\"url\":\"https:\/\/desireonline.shop\/wp-content\/uploads\/2024\/06\/Logo-Thick-Font-1.webp\",\"contentUrl\":\"https:\/\/desireonline.shop\/wp-content\/uploads\/2024\/06\/Logo-Thick-Font-1.webp\",\"width\":268,\"height\":399,\"caption\":\"Desire\"},\"image\":{\"@id\":\"https:\/\/desireonline.shop\/vi\/#\/schema\/logo\/image\/\"}}]}<\/script>\n<!-- \/ Yoast SEO plugin. -->","yoast_head_json":{"title":"Noir Rion Paddle tr\u00f2n - Desire","robots":{"index":"index","follow":"follow","max-snippet":"max-snippet:-1","max-image-preview":"max-image-preview:large","max-video-preview":"max-video-preview:-1"},"canonical":"https:\/\/desireonline.shop\/vi\/san-pham\/noir-rion-paddle-tron\/","og_locale":"vi_VN","og_type":"article","og_title":"Noir Rion Paddle tr\u00f2n - Desire","og_description":"\u0110\u01b0\u1ee3c thi\u1ebft k\u1ebf cho nh\u1eefng t\u00e1c \u0111\u1ed9ng vui t\u01b0\u01a1i, chi\u1ebfc paddle tr\u00f2n n\u00e0y \u0111\u01b0\u1ee3c l\u00e0m t\u1eeb da PU gi\u1ea3 da b\u1ec1n ch\u1eafc v\u1edbi c\u1ea3m gi\u00e1c v\u1eeba ch\u1eafc v\u1eeba linh ho\u1ea1t.&hellip;","og_url":"https:\/\/desireonline.shop\/vi\/san-pham\/noir-rion-paddle-tron\/","og_site_name":"Desire","og_image":[{"width":1000,"height":1000,"url":"https:\/\/desireonline.shop\/wp-content\/uploads\/2026\/01\/CN-737831155-01_00.jpg","type":"image\/jpeg"}],"twitter_card":"summary_large_image","twitter_misc":{"\u01af\u1edbc t\u00ednh th\u1eddi gian \u0111\u1ecdc":"1 ph\u00fat"},"schema":{"@context":"https:\/\/schema.org","@graph":[{"@type":"WebPage","@id":"https:\/\/desireonline.shop\/vi\/san-pham\/noir-rion-paddle-tron\/","url":"https:\/\/desireonline.shop\/vi\/san-pham\/noir-rion-paddle-tron\/","name":"Noir Rion Paddle tr\u00f2n - Desire","isPartOf":{"@id":"https:\/\/desireonline.shop\/vi\/#website"},"primaryImageOfPage":{"@id":"https:\/\/desireonline.shop\/vi\/san-pham\/noir-rion-paddle-tron\/#primaryimage"},"image":{"@id":"https:\/\/desireonline.shop\/vi\/san-pham\/noir-rion-paddle-tron\/#primaryimage"},"thumbnailUrl":"https:\/\/desireonline.shop\/wp-content\/uploads\/2026\/01\/CN-737831155-01_00.jpg","datePublished":"2026-01-30T10:21:00+00:00","breadcrumb":{"@id":"https:\/\/desireonline.shop\/vi\/san-pham\/noir-rion-paddle-tron\/#breadcrumb"},"inLanguage":"vi","potentialAction":[{"@type":"ReadAction","target":["https:\/\/desireonline.shop\/vi\/san-pham\/noir-rion-paddle-tron\/"]}]},{"@type":"ImageObject","inLanguage":"vi","@id":"https:\/\/desireonline.shop\/vi\/san-pham\/noir-rion-paddle-tron\/#primaryimage","url":"https:\/\/desireonline.shop\/wp-content\/uploads\/2026\/01\/CN-737831155-01_00.jpg","contentUrl":"https:\/\/desireonline.shop\/wp-content\/uploads\/2026\/01\/CN-737831155-01_00.jpg","width":1000,"height":1000},{"@type":"BreadcrumbList","@id":"https:\/\/desireonline.shop\/vi\/san-pham\/noir-rion-paddle-tron\/#breadcrumb","itemListElement":[{"@type":"ListItem","position":1,"name":"Home","item":"https:\/\/desireonline.shop\/vi\/trang-chu\/?lang=vi"},{"@type":"ListItem","position":2,"name":"T\u1ea5t c\u1ea3 s\u1ea3n ph\u1ea9m","item":"https:\/\/desireonline.shop\/cua-hang\/?lang=vi"},{"@type":"ListItem","position":3,"name":"Noir Rion Paddle tr\u00f2n"}]},{"@type":"WebSite","@id":"https:\/\/desireonline.shop\/vi\/#website","url":"https:\/\/desireonline.shop\/vi\/","name":"Desire","description":"Sexual Wellness Platform","publisher":{"@id":"https:\/\/desireonline.shop\/vi\/#organization"},"potentialAction":[{"@type":"SearchAction","target":{"@type":"EntryPoint","urlTemplate":"https:\/\/desireonline.shop\/vi\/?s={search_term_string}"},"query-input":{"@type":"PropertyValueSpecification","valueRequired":true,"valueName":"search_term_string"}}],"inLanguage":"vi"},{"@type":"Organization","@id":"https:\/\/desireonline.shop\/vi\/#organization","name":"Desire","url":"https:\/\/desireonline.shop\/vi\/","logo":{"@type":"ImageObject","inLanguage":"vi","@id":"https:\/\/desireonline.shop\/vi\/#\/schema\/logo\/image\/","url":"https:\/\/desireonline.shop\/wp-content\/uploads\/2024\/06\/Logo-Thick-Font-1.webp","contentUrl":"https:\/\/desireonline.shop\/wp-content\/uploads\/2024\/06\/Logo-Thick-Font-1.webp","width":268,"height":399,"caption":"Desire"},"image":{"@id":"https:\/\/desireonline.shop\/vi\/#\/schema\/logo\/image\/"}}]}},"_links":{"self":[{"href":"https:\/\/desireonline.shop\/vi\/wp-json\/wp\/v2\/product\/68378","targetHints":{"allow":["GET"]}}],"collection":[{"href":"https:\/\/desireonline.shop\/vi\/wp-json\/wp\/v2\/product"}],"about":[{"href":"https:\/\/desireonline.shop\/vi\/wp-json\/wp\/v2\/types\/product"}],"replies":[{"embeddable":true,"href":"https:\/\/desireonline.shop\/vi\/wp-json\/wp\/v2\/comments?post=68378"}],"version-history":[{"count":0,"href":"https:\/\/desireonline.shop\/vi\/wp-json\/wp\/v2\/product\/68378\/revisions"}],"wp:featuredmedia":[{"embeddable":true,"href":"https:\/\/desireonline.shop\/vi\/wp-json\/wp\/v2\/media\/59891"}],"wp:attachment":[{"href":"https:\/\/desireonline.shop\/vi\/wp-json\/wp\/v2\/media?parent=68378"}],"wp:term":[{"taxonomy":"product_brand","embeddable":true,"href":"https:\/\/desireonline.shop\/vi\/wp-json\/wp\/v2\/product_brand?post=68378"},{"taxonomy":"product_cat","embeddable":true,"href":"https:\/\/desireonline.shop\/vi\/wp-json\/wp\/v2\/product_cat?post=68378"},{"taxonomy":"product_tag","embeddable":true,"href":"https:\/\/desireonline.shop\/vi\/wp-json\/wp\/v2\/product_tag?post=68378"}],"curies":[{"name":"wp","href":"https:\/\/api.w.org\/{rel}","templated":true}]}}