{"id":68386,"date":"2026-01-30T10:21:00","date_gmt":"2026-01-30T10:21:00","guid":{"rendered":"https:\/\/desireonline.shop\/product\/noir-rion-paddle-voi-be-mat-van-lychee\/"},"modified":"2026-01-30T10:21:00","modified_gmt":"2026-01-30T10:21:00","slug":"noir-rion-paddle-voi-be-mat-van-lychee","status":"publish","type":"product","link":"https:\/\/desireonline.shop\/vi\/san-pham\/noir-rion-paddle-voi-be-mat-van-lychee\/","title":{"rendered":"Noir Rion Paddle v\u1edbi b\u1ec1 m\u1eb7t v\u00e2n lychee"},"content":{"rendered":"<p>Ph\u1ee5 ki\u1ec7n n\u00e0y \u0111\u01b0\u1ee3c ch\u1ebf t\u00e1c t\u1eeb da PU gi\u1ea3 da b\u1ec1n ch\u1eafc, mang l\u1ea1i s\u1ef1 c\u00e2n b\u1eb1ng gi\u1eefa \u0111\u1ed9 c\u1ee9ng v\u00e0 \u0111\u1ed9 linh ho\u1ea1t, gi\u00fap gi\u1eef c\u1ea5u tr\u00fac \u1ed5n \u0111\u1ecbnh trong khi v\u1eabn tho\u1ea3i m\u00e1i khi s\u1eed d\u1ee5ng. Ch\u1ea5t li\u1ec7u th\u00e2n thi\u1ec7n v\u1edbi thu\u1ea7n chay \u0111\u01b0\u1ee3c thi\u1ebft k\u1ebf \u0111\u1ec3 gi\u1eef form t\u1ed1t v\u00e0 ch\u1ecbu \u0111\u01b0\u1ee3c vi\u1ec7c s\u1eed d\u1ee5ng l\u1eb7p l\u1ea1i.<\/p>\n<p>V\u00f2ng kim lo\u1ea1i O-ring \u1edf cu\u1ed1i v\u1eeba t\u0103ng t\u00ednh ti\u1ec7n d\u1ee5ng v\u1eeba t\u1ea1o \u0111i\u1ec3m nh\u1ea5n th\u1ecb gi\u00e1c, khi\u1ebfn s\u1ea3n ph\u1ea9m ph\u00f9 h\u1ee3p v\u1edbi nhi\u1ec1u s\u1edf th\u00edch v\u00e0 c\u00e1ch thi\u1ebft l\u1eadp kh\u00e1c nhau trong khi v\u1eabn gi\u1eef thi\u1ebft k\u1ebf g\u1ecdn g\u00e0ng, tinh t\u1ebf.<\/p>\n","protected":false},"excerpt":{"rendered":"<p>Ph\u1ee5 ki\u1ec7n n\u00e0y \u0111\u01b0\u1ee3c ch\u1ebf t\u00e1c t\u1eeb da PU gi\u1ea3 da b\u1ec1n ch\u1eafc, mang l\u1ea1i s\u1ef1 c\u00e2n b\u1eb1ng gi\u1eefa \u0111\u1ed9 c\u1ee9ng v\u00e0 \u0111\u1ed9 linh ho\u1ea1t, gi\u00fap gi\u1eef c\u1ea5u tr\u00fac \u1ed5n&hellip;<\/p>\n","protected":false},"featured_media":59883,"comment_status":"open","ping_status":"closed","template":"","meta":{"_acf_changed":false},"product_brand":[],"product_cat":[1360],"product_tag":[1797,1657,1681,1735,1789],"class_list":{"0":"post-68386","1":"product","2":"type-product","3":"status-publish","4":"has-post-thumbnail","6":"product_cat-vot-tao-cam-giac","7":"product_tag-cam-giac-be-mat-co-van","8":"product_tag-phu-hop-cho-nguoi-moi","9":"product_tag-tang-cuong-tu-tin","10":"product_tag-tinh-nghich","11":"product_tag-tro-choi-cam-giac","13":"first","14":"instock","15":"shipping-taxable","16":"purchasable","17":"product-type-simple"},"acf":[],"yoast_head":"<!-- This site is optimized with the Yoast SEO plugin v27.1.1 - https:\/\/yoast.com\/product\/yoast-seo-wordpress\/ -->\n<title>Noir Rion Paddle v\u1edbi b\u1ec1 m\u1eb7t v\u00e2n lychee - Desire<\/title>\n<meta name=\"robots\" content=\"index, follow, max-snippet:-1, max-image-preview:large, max-video-preview:-1\" \/>\n<link rel=\"canonical\" href=\"https:\/\/desireonline.shop\/vi\/san-pham\/noir-rion-paddle-voi-be-mat-van-lychee\/\" \/>\n<meta property=\"og:locale\" content=\"vi_VN\" \/>\n<meta property=\"og:type\" content=\"article\" \/>\n<meta property=\"og:title\" content=\"Noir Rion Paddle v\u1edbi b\u1ec1 m\u1eb7t v\u00e2n lychee - Desire\" \/>\n<meta property=\"og:description\" content=\"Ph\u1ee5 ki\u1ec7n n\u00e0y \u0111\u01b0\u1ee3c ch\u1ebf t\u00e1c t\u1eeb da PU gi\u1ea3 da b\u1ec1n ch\u1eafc, mang l\u1ea1i s\u1ef1 c\u00e2n b\u1eb1ng gi\u1eefa \u0111\u1ed9 c\u1ee9ng v\u00e0 \u0111\u1ed9 linh ho\u1ea1t, gi\u00fap gi\u1eef c\u1ea5u tr\u00fac \u1ed5n&hellip;\" \/>\n<meta property=\"og:url\" content=\"https:\/\/desireonline.shop\/vi\/san-pham\/noir-rion-paddle-voi-be-mat-van-lychee\/\" \/>\n<meta property=\"og:site_name\" content=\"Desire\" \/>\n<meta property=\"og:image\" content=\"https:\/\/desireonline.shop\/wp-content\/uploads\/2026\/01\/CN-737831262-01_00.jpg\" \/>\n\t<meta property=\"og:image:width\" content=\"1000\" \/>\n\t<meta property=\"og:image:height\" content=\"1000\" \/>\n\t<meta property=\"og:image:type\" content=\"image\/jpeg\" \/>\n<meta name=\"twitter:card\" content=\"summary_large_image\" \/>\n<meta name=\"twitter:label1\" content=\"\u01af\u1edbc t\u00ednh th\u1eddi gian \u0111\u1ecdc\" \/>\n\t<meta name=\"twitter:data1\" content=\"1 ph\u00fat\" \/>\n<script type=\"application\/ld+json\" class=\"yoast-schema-graph\">{\"@context\":\"https:\/\/schema.org\",\"@graph\":[{\"@type\":\"WebPage\",\"@id\":\"https:\/\/desireonline.shop\/vi\/san-pham\/noir-rion-paddle-voi-be-mat-van-lychee\/\",\"url\":\"https:\/\/desireonline.shop\/vi\/san-pham\/noir-rion-paddle-voi-be-mat-van-lychee\/\",\"name\":\"Noir Rion Paddle v\u1edbi b\u1ec1 m\u1eb7t v\u00e2n lychee - Desire\",\"isPartOf\":{\"@id\":\"https:\/\/desireonline.shop\/vi\/#website\"},\"primaryImageOfPage\":{\"@id\":\"https:\/\/desireonline.shop\/vi\/san-pham\/noir-rion-paddle-voi-be-mat-van-lychee\/#primaryimage\"},\"image\":{\"@id\":\"https:\/\/desireonline.shop\/vi\/san-pham\/noir-rion-paddle-voi-be-mat-van-lychee\/#primaryimage\"},\"thumbnailUrl\":\"https:\/\/desireonline.shop\/wp-content\/uploads\/2026\/01\/CN-737831262-01_00.jpg\",\"datePublished\":\"2026-01-30T10:21:00+00:00\",\"breadcrumb\":{\"@id\":\"https:\/\/desireonline.shop\/vi\/san-pham\/noir-rion-paddle-voi-be-mat-van-lychee\/#breadcrumb\"},\"inLanguage\":\"vi\",\"potentialAction\":[{\"@type\":\"ReadAction\",\"target\":[\"https:\/\/desireonline.shop\/vi\/san-pham\/noir-rion-paddle-voi-be-mat-van-lychee\/\"]}]},{\"@type\":\"ImageObject\",\"inLanguage\":\"vi\",\"@id\":\"https:\/\/desireonline.shop\/vi\/san-pham\/noir-rion-paddle-voi-be-mat-van-lychee\/#primaryimage\",\"url\":\"https:\/\/desireonline.shop\/wp-content\/uploads\/2026\/01\/CN-737831262-01_00.jpg\",\"contentUrl\":\"https:\/\/desireonline.shop\/wp-content\/uploads\/2026\/01\/CN-737831262-01_00.jpg\",\"width\":1000,\"height\":1000},{\"@type\":\"BreadcrumbList\",\"@id\":\"https:\/\/desireonline.shop\/vi\/san-pham\/noir-rion-paddle-voi-be-mat-van-lychee\/#breadcrumb\",\"itemListElement\":[{\"@type\":\"ListItem\",\"position\":1,\"name\":\"Home\",\"item\":\"https:\/\/desireonline.shop\/vi\/trang-chu\/?lang=vi\"},{\"@type\":\"ListItem\",\"position\":2,\"name\":\"T\u1ea5t c\u1ea3 s\u1ea3n ph\u1ea9m\",\"item\":\"https:\/\/desireonline.shop\/cua-hang\/?lang=vi\"},{\"@type\":\"ListItem\",\"position\":3,\"name\":\"Noir Rion Paddle v\u1edbi b\u1ec1 m\u1eb7t v\u00e2n lychee\"}]},{\"@type\":\"WebSite\",\"@id\":\"https:\/\/desireonline.shop\/vi\/#website\",\"url\":\"https:\/\/desireonline.shop\/vi\/\",\"name\":\"Desire\",\"description\":\"Sexual Wellness Platform\",\"publisher\":{\"@id\":\"https:\/\/desireonline.shop\/vi\/#organization\"},\"potentialAction\":[{\"@type\":\"SearchAction\",\"target\":{\"@type\":\"EntryPoint\",\"urlTemplate\":\"https:\/\/desireonline.shop\/vi\/?s={search_term_string}\"},\"query-input\":{\"@type\":\"PropertyValueSpecification\",\"valueRequired\":true,\"valueName\":\"search_term_string\"}}],\"inLanguage\":\"vi\"},{\"@type\":\"Organization\",\"@id\":\"https:\/\/desireonline.shop\/vi\/#organization\",\"name\":\"Desire\",\"url\":\"https:\/\/desireonline.shop\/vi\/\",\"logo\":{\"@type\":\"ImageObject\",\"inLanguage\":\"vi\",\"@id\":\"https:\/\/desireonline.shop\/vi\/#\/schema\/logo\/image\/\",\"url\":\"https:\/\/desireonline.shop\/wp-content\/uploads\/2024\/06\/Logo-Thick-Font-1.webp\",\"contentUrl\":\"https:\/\/desireonline.shop\/wp-content\/uploads\/2024\/06\/Logo-Thick-Font-1.webp\",\"width\":268,\"height\":399,\"caption\":\"Desire\"},\"image\":{\"@id\":\"https:\/\/desireonline.shop\/vi\/#\/schema\/logo\/image\/\"}}]}<\/script>\n<!-- \/ Yoast SEO plugin. -->","yoast_head_json":{"title":"Noir Rion Paddle v\u1edbi b\u1ec1 m\u1eb7t v\u00e2n lychee - Desire","robots":{"index":"index","follow":"follow","max-snippet":"max-snippet:-1","max-image-preview":"max-image-preview:large","max-video-preview":"max-video-preview:-1"},"canonical":"https:\/\/desireonline.shop\/vi\/san-pham\/noir-rion-paddle-voi-be-mat-van-lychee\/","og_locale":"vi_VN","og_type":"article","og_title":"Noir Rion Paddle v\u1edbi b\u1ec1 m\u1eb7t v\u00e2n lychee - Desire","og_description":"Ph\u1ee5 ki\u1ec7n n\u00e0y \u0111\u01b0\u1ee3c ch\u1ebf t\u00e1c t\u1eeb da PU gi\u1ea3 da b\u1ec1n ch\u1eafc, mang l\u1ea1i s\u1ef1 c\u00e2n b\u1eb1ng gi\u1eefa \u0111\u1ed9 c\u1ee9ng v\u00e0 \u0111\u1ed9 linh ho\u1ea1t, gi\u00fap gi\u1eef c\u1ea5u tr\u00fac \u1ed5n&hellip;","og_url":"https:\/\/desireonline.shop\/vi\/san-pham\/noir-rion-paddle-voi-be-mat-van-lychee\/","og_site_name":"Desire","og_image":[{"width":1000,"height":1000,"url":"https:\/\/desireonline.shop\/wp-content\/uploads\/2026\/01\/CN-737831262-01_00.jpg","type":"image\/jpeg"}],"twitter_card":"summary_large_image","twitter_misc":{"\u01af\u1edbc t\u00ednh th\u1eddi gian \u0111\u1ecdc":"1 ph\u00fat"},"schema":{"@context":"https:\/\/schema.org","@graph":[{"@type":"WebPage","@id":"https:\/\/desireonline.shop\/vi\/san-pham\/noir-rion-paddle-voi-be-mat-van-lychee\/","url":"https:\/\/desireonline.shop\/vi\/san-pham\/noir-rion-paddle-voi-be-mat-van-lychee\/","name":"Noir Rion Paddle v\u1edbi b\u1ec1 m\u1eb7t v\u00e2n lychee - Desire","isPartOf":{"@id":"https:\/\/desireonline.shop\/vi\/#website"},"primaryImageOfPage":{"@id":"https:\/\/desireonline.shop\/vi\/san-pham\/noir-rion-paddle-voi-be-mat-van-lychee\/#primaryimage"},"image":{"@id":"https:\/\/desireonline.shop\/vi\/san-pham\/noir-rion-paddle-voi-be-mat-van-lychee\/#primaryimage"},"thumbnailUrl":"https:\/\/desireonline.shop\/wp-content\/uploads\/2026\/01\/CN-737831262-01_00.jpg","datePublished":"2026-01-30T10:21:00+00:00","breadcrumb":{"@id":"https:\/\/desireonline.shop\/vi\/san-pham\/noir-rion-paddle-voi-be-mat-van-lychee\/#breadcrumb"},"inLanguage":"vi","potentialAction":[{"@type":"ReadAction","target":["https:\/\/desireonline.shop\/vi\/san-pham\/noir-rion-paddle-voi-be-mat-van-lychee\/"]}]},{"@type":"ImageObject","inLanguage":"vi","@id":"https:\/\/desireonline.shop\/vi\/san-pham\/noir-rion-paddle-voi-be-mat-van-lychee\/#primaryimage","url":"https:\/\/desireonline.shop\/wp-content\/uploads\/2026\/01\/CN-737831262-01_00.jpg","contentUrl":"https:\/\/desireonline.shop\/wp-content\/uploads\/2026\/01\/CN-737831262-01_00.jpg","width":1000,"height":1000},{"@type":"BreadcrumbList","@id":"https:\/\/desireonline.shop\/vi\/san-pham\/noir-rion-paddle-voi-be-mat-van-lychee\/#breadcrumb","itemListElement":[{"@type":"ListItem","position":1,"name":"Home","item":"https:\/\/desireonline.shop\/vi\/trang-chu\/?lang=vi"},{"@type":"ListItem","position":2,"name":"T\u1ea5t c\u1ea3 s\u1ea3n ph\u1ea9m","item":"https:\/\/desireonline.shop\/cua-hang\/?lang=vi"},{"@type":"ListItem","position":3,"name":"Noir Rion Paddle v\u1edbi b\u1ec1 m\u1eb7t v\u00e2n lychee"}]},{"@type":"WebSite","@id":"https:\/\/desireonline.shop\/vi\/#website","url":"https:\/\/desireonline.shop\/vi\/","name":"Desire","description":"Sexual Wellness Platform","publisher":{"@id":"https:\/\/desireonline.shop\/vi\/#organization"},"potentialAction":[{"@type":"SearchAction","target":{"@type":"EntryPoint","urlTemplate":"https:\/\/desireonline.shop\/vi\/?s={search_term_string}"},"query-input":{"@type":"PropertyValueSpecification","valueRequired":true,"valueName":"search_term_string"}}],"inLanguage":"vi"},{"@type":"Organization","@id":"https:\/\/desireonline.shop\/vi\/#organization","name":"Desire","url":"https:\/\/desireonline.shop\/vi\/","logo":{"@type":"ImageObject","inLanguage":"vi","@id":"https:\/\/desireonline.shop\/vi\/#\/schema\/logo\/image\/","url":"https:\/\/desireonline.shop\/wp-content\/uploads\/2024\/06\/Logo-Thick-Font-1.webp","contentUrl":"https:\/\/desireonline.shop\/wp-content\/uploads\/2024\/06\/Logo-Thick-Font-1.webp","width":268,"height":399,"caption":"Desire"},"image":{"@id":"https:\/\/desireonline.shop\/vi\/#\/schema\/logo\/image\/"}}]}},"_links":{"self":[{"href":"https:\/\/desireonline.shop\/vi\/wp-json\/wp\/v2\/product\/68386","targetHints":{"allow":["GET"]}}],"collection":[{"href":"https:\/\/desireonline.shop\/vi\/wp-json\/wp\/v2\/product"}],"about":[{"href":"https:\/\/desireonline.shop\/vi\/wp-json\/wp\/v2\/types\/product"}],"replies":[{"embeddable":true,"href":"https:\/\/desireonline.shop\/vi\/wp-json\/wp\/v2\/comments?post=68386"}],"version-history":[{"count":0,"href":"https:\/\/desireonline.shop\/vi\/wp-json\/wp\/v2\/product\/68386\/revisions"}],"wp:featuredmedia":[{"embeddable":true,"href":"https:\/\/desireonline.shop\/vi\/wp-json\/wp\/v2\/media\/59883"}],"wp:attachment":[{"href":"https:\/\/desireonline.shop\/vi\/wp-json\/wp\/v2\/media?parent=68386"}],"wp:term":[{"taxonomy":"product_brand","embeddable":true,"href":"https:\/\/desireonline.shop\/vi\/wp-json\/wp\/v2\/product_brand?post=68386"},{"taxonomy":"product_cat","embeddable":true,"href":"https:\/\/desireonline.shop\/vi\/wp-json\/wp\/v2\/product_cat?post=68386"},{"taxonomy":"product_tag","embeddable":true,"href":"https:\/\/desireonline.shop\/vi\/wp-json\/wp\/v2\/product_tag?post=68386"}],"curies":[{"name":"wp","href":"https:\/\/api.w.org\/{rel}","templated":true}]}}