{"id":68417,"date":"2026-01-30T10:27:00","date_gmt":"2026-01-30T10:27:00","guid":{"rendered":"https:\/\/desireonline.shop\/product\/noir-rion-onyx-aegis-dai-harness-bit-mat-voi-bit-mieng-bong\/"},"modified":"2026-01-30T10:27:00","modified_gmt":"2026-01-30T10:27:00","slug":"noir-rion-onyx-aegis-dai-harness-bit-mat-voi-bit-mieng-bong","status":"publish","type":"product","link":"https:\/\/desireonline.shop\/vi\/san-pham\/noir-rion-onyx-aegis-dai-harness-bit-mat-voi-bit-mieng-bong\/","title":{"rendered":"Noir Rion Onyx Aegis \u0110ai harness b\u1ecbt m\u1eaft v\u1edbi b\u1ecbt mi\u1ec7ng b\u00f3ng"},"content":{"rendered":"<p>B\u1ed9 b\u1ecbt m\u1eaft v\u00e0 b\u1ecbt mi\u1ec7ng t\u00edch h\u1ee3p n\u00e0y \u0111\u01b0\u1ee3c thi\u1ebft k\u1ebf cho nh\u1eefng tr\u1ea3i nghi\u1ec7m k\u00edch th\u00edch gi\u00e1c quan s\u00e2u s\u1eafc. Ho\u00e0n to\u00e0n c\u00f3 th\u1ec3 \u0111i\u1ec1u ch\u1ec9nh, s\u1ea3n ph\u1ea9m cho ph\u00e9p b\u1ea1n t\u00f9y ch\u1ec9nh \u0111\u1ed9 v\u1eeba v\u1eb7n trong khi v\u1eabn duy tr\u00ec s\u1ef1 tho\u1ea3i m\u00e1i v\u00e0 \u1ed5n \u0111\u1ecbnh. Ho\u00e0n to\u00e0n c\u00f3 th\u1ec3 \u0111i\u1ec1u ch\u1ec9nh, s\u1ea3n ph\u1ea9m cho ph\u00e9p b\u1ea1n t\u00f9y ch\u1ec9nh \u0111\u1ed9 v\u1eeba v\u1eb7n trong khi v\u1eabn duy tr\u00ec s\u1ef1 tho\u1ea3i m\u00e1i v\u00e0 \u1ed5n \u0111\u1ecbnh.<\/p>\n","protected":false},"excerpt":{"rendered":"<p>B\u1ed9 b\u1ecbt m\u1eaft v\u00e0 b\u1ecbt mi\u1ec7ng t\u00edch h\u1ee3p n\u00e0y \u0111\u01b0\u1ee3c thi\u1ebft k\u1ebf cho nh\u1eefng tr\u1ea3i nghi\u1ec7m k\u00edch th\u00edch gi\u00e1c quan s\u00e2u s\u1eafc. Ho\u00e0n to\u00e0n c\u00f3 th\u1ec3 \u0111i\u1ec1u ch\u1ec9nh, s\u1ea3n ph\u1ea9m&hellip;<\/p>\n","protected":false},"featured_media":60114,"comment_status":"open","ping_status":"closed","template":"","meta":{"_acf_changed":false},"product_brand":[],"product_cat":[1355,1346],"product_tag":[1668,1728,1666,1667],"class_list":{"0":"post-68417","1":"product","2":"type-product","3":"status-publish","4":"has-post-thumbnail","6":"product_cat-bit-mieng-bondage","7":"product_cat-dung-cu-han-che-giac-quan","8":"product_tag-co-the-dieu-chinh","9":"product_tag-dong-luc-quyen-luc","10":"product_tag-tro-choi-bondage","11":"product_tag-tro-choi-troi-buoc","13":"first","14":"instock","15":"shipping-taxable","16":"purchasable","17":"product-type-simple"},"acf":[],"yoast_head":"<!-- This site is optimized with the Yoast SEO plugin v27.1.1 - https:\/\/yoast.com\/product\/yoast-seo-wordpress\/ -->\n<title>Noir Rion Onyx Aegis \u0110ai harness b\u1ecbt m\u1eaft v\u1edbi b\u1ecbt mi\u1ec7ng b\u00f3ng - Desire<\/title>\n<meta name=\"robots\" content=\"index, follow, max-snippet:-1, max-image-preview:large, max-video-preview:-1\" \/>\n<link rel=\"canonical\" href=\"https:\/\/desireonline.shop\/vi\/san-pham\/noir-rion-onyx-aegis-dai-harness-bit-mat-voi-bit-mieng-bong\/\" \/>\n<meta property=\"og:locale\" content=\"vi_VN\" \/>\n<meta property=\"og:type\" content=\"article\" \/>\n<meta property=\"og:title\" content=\"Noir Rion Onyx Aegis \u0110ai harness b\u1ecbt m\u1eaft v\u1edbi b\u1ecbt mi\u1ec7ng b\u00f3ng - Desire\" \/>\n<meta property=\"og:description\" content=\"B\u1ed9 b\u1ecbt m\u1eaft v\u00e0 b\u1ecbt mi\u1ec7ng t\u00edch h\u1ee3p n\u00e0y \u0111\u01b0\u1ee3c thi\u1ebft k\u1ebf cho nh\u1eefng tr\u1ea3i nghi\u1ec7m k\u00edch th\u00edch gi\u00e1c quan s\u00e2u s\u1eafc. Ho\u00e0n to\u00e0n c\u00f3 th\u1ec3 \u0111i\u1ec1u ch\u1ec9nh, s\u1ea3n ph\u1ea9m&hellip;\" \/>\n<meta property=\"og:url\" content=\"https:\/\/desireonline.shop\/vi\/san-pham\/noir-rion-onyx-aegis-dai-harness-bit-mat-voi-bit-mieng-bong\/\" \/>\n<meta property=\"og:site_name\" content=\"Desire\" \/>\n<meta property=\"og:image\" content=\"https:\/\/desireonline.shop\/wp-content\/uploads\/2026\/01\/CN-738904672_01.jpg\" \/>\n\t<meta property=\"og:image:width\" content=\"1280\" \/>\n\t<meta property=\"og:image:height\" content=\"1280\" \/>\n\t<meta property=\"og:image:type\" content=\"image\/jpeg\" \/>\n<meta name=\"twitter:card\" content=\"summary_large_image\" \/>\n<meta name=\"twitter:label1\" content=\"\u01af\u1edbc t\u00ednh th\u1eddi gian \u0111\u1ecdc\" \/>\n\t<meta name=\"twitter:data1\" content=\"1 ph\u00fat\" \/>\n<script type=\"application\/ld+json\" class=\"yoast-schema-graph\">{\"@context\":\"https:\/\/schema.org\",\"@graph\":[{\"@type\":\"WebPage\",\"@id\":\"https:\/\/desireonline.shop\/vi\/san-pham\/noir-rion-onyx-aegis-dai-harness-bit-mat-voi-bit-mieng-bong\/\",\"url\":\"https:\/\/desireonline.shop\/vi\/san-pham\/noir-rion-onyx-aegis-dai-harness-bit-mat-voi-bit-mieng-bong\/\",\"name\":\"Noir Rion Onyx Aegis \u0110ai harness b\u1ecbt m\u1eaft v\u1edbi b\u1ecbt mi\u1ec7ng b\u00f3ng - Desire\",\"isPartOf\":{\"@id\":\"https:\/\/desireonline.shop\/vi\/#website\"},\"primaryImageOfPage\":{\"@id\":\"https:\/\/desireonline.shop\/vi\/san-pham\/noir-rion-onyx-aegis-dai-harness-bit-mat-voi-bit-mieng-bong\/#primaryimage\"},\"image\":{\"@id\":\"https:\/\/desireonline.shop\/vi\/san-pham\/noir-rion-onyx-aegis-dai-harness-bit-mat-voi-bit-mieng-bong\/#primaryimage\"},\"thumbnailUrl\":\"https:\/\/desireonline.shop\/wp-content\/uploads\/2026\/01\/CN-738904672_01.jpg\",\"datePublished\":\"2026-01-30T10:27:00+00:00\",\"breadcrumb\":{\"@id\":\"https:\/\/desireonline.shop\/vi\/san-pham\/noir-rion-onyx-aegis-dai-harness-bit-mat-voi-bit-mieng-bong\/#breadcrumb\"},\"inLanguage\":\"vi\",\"potentialAction\":[{\"@type\":\"ReadAction\",\"target\":[\"https:\/\/desireonline.shop\/vi\/san-pham\/noir-rion-onyx-aegis-dai-harness-bit-mat-voi-bit-mieng-bong\/\"]}]},{\"@type\":\"ImageObject\",\"inLanguage\":\"vi\",\"@id\":\"https:\/\/desireonline.shop\/vi\/san-pham\/noir-rion-onyx-aegis-dai-harness-bit-mat-voi-bit-mieng-bong\/#primaryimage\",\"url\":\"https:\/\/desireonline.shop\/wp-content\/uploads\/2026\/01\/CN-738904672_01.jpg\",\"contentUrl\":\"https:\/\/desireonline.shop\/wp-content\/uploads\/2026\/01\/CN-738904672_01.jpg\",\"width\":1280,\"height\":1280},{\"@type\":\"BreadcrumbList\",\"@id\":\"https:\/\/desireonline.shop\/vi\/san-pham\/noir-rion-onyx-aegis-dai-harness-bit-mat-voi-bit-mieng-bong\/#breadcrumb\",\"itemListElement\":[{\"@type\":\"ListItem\",\"position\":1,\"name\":\"Home\",\"item\":\"https:\/\/desireonline.shop\/vi\/trang-chu\/?lang=vi\"},{\"@type\":\"ListItem\",\"position\":2,\"name\":\"T\u1ea5t c\u1ea3 s\u1ea3n ph\u1ea9m\",\"item\":\"https:\/\/desireonline.shop\/cua-hang\/?lang=vi\"},{\"@type\":\"ListItem\",\"position\":3,\"name\":\"Noir Rion Onyx Aegis \u0110ai harness b\u1ecbt m\u1eaft v\u1edbi b\u1ecbt mi\u1ec7ng b\u00f3ng\"}]},{\"@type\":\"WebSite\",\"@id\":\"https:\/\/desireonline.shop\/vi\/#website\",\"url\":\"https:\/\/desireonline.shop\/vi\/\",\"name\":\"Desire\",\"description\":\"Sexual Wellness Platform\",\"publisher\":{\"@id\":\"https:\/\/desireonline.shop\/vi\/#organization\"},\"potentialAction\":[{\"@type\":\"SearchAction\",\"target\":{\"@type\":\"EntryPoint\",\"urlTemplate\":\"https:\/\/desireonline.shop\/vi\/?s={search_term_string}\"},\"query-input\":{\"@type\":\"PropertyValueSpecification\",\"valueRequired\":true,\"valueName\":\"search_term_string\"}}],\"inLanguage\":\"vi\"},{\"@type\":\"Organization\",\"@id\":\"https:\/\/desireonline.shop\/vi\/#organization\",\"name\":\"Desire\",\"url\":\"https:\/\/desireonline.shop\/vi\/\",\"logo\":{\"@type\":\"ImageObject\",\"inLanguage\":\"vi\",\"@id\":\"https:\/\/desireonline.shop\/vi\/#\/schema\/logo\/image\/\",\"url\":\"https:\/\/desireonline.shop\/wp-content\/uploads\/2024\/06\/Logo-Thick-Font-1.webp\",\"contentUrl\":\"https:\/\/desireonline.shop\/wp-content\/uploads\/2024\/06\/Logo-Thick-Font-1.webp\",\"width\":268,\"height\":399,\"caption\":\"Desire\"},\"image\":{\"@id\":\"https:\/\/desireonline.shop\/vi\/#\/schema\/logo\/image\/\"}}]}<\/script>\n<!-- \/ Yoast SEO plugin. -->","yoast_head_json":{"title":"Noir Rion Onyx Aegis \u0110ai harness b\u1ecbt m\u1eaft v\u1edbi b\u1ecbt mi\u1ec7ng b\u00f3ng - Desire","robots":{"index":"index","follow":"follow","max-snippet":"max-snippet:-1","max-image-preview":"max-image-preview:large","max-video-preview":"max-video-preview:-1"},"canonical":"https:\/\/desireonline.shop\/vi\/san-pham\/noir-rion-onyx-aegis-dai-harness-bit-mat-voi-bit-mieng-bong\/","og_locale":"vi_VN","og_type":"article","og_title":"Noir Rion Onyx Aegis \u0110ai harness b\u1ecbt m\u1eaft v\u1edbi b\u1ecbt mi\u1ec7ng b\u00f3ng - Desire","og_description":"B\u1ed9 b\u1ecbt m\u1eaft v\u00e0 b\u1ecbt mi\u1ec7ng t\u00edch h\u1ee3p n\u00e0y \u0111\u01b0\u1ee3c thi\u1ebft k\u1ebf cho nh\u1eefng tr\u1ea3i nghi\u1ec7m k\u00edch th\u00edch gi\u00e1c quan s\u00e2u s\u1eafc. Ho\u00e0n to\u00e0n c\u00f3 th\u1ec3 \u0111i\u1ec1u ch\u1ec9nh, s\u1ea3n ph\u1ea9m&hellip;","og_url":"https:\/\/desireonline.shop\/vi\/san-pham\/noir-rion-onyx-aegis-dai-harness-bit-mat-voi-bit-mieng-bong\/","og_site_name":"Desire","og_image":[{"width":1280,"height":1280,"url":"https:\/\/desireonline.shop\/wp-content\/uploads\/2026\/01\/CN-738904672_01.jpg","type":"image\/jpeg"}],"twitter_card":"summary_large_image","twitter_misc":{"\u01af\u1edbc t\u00ednh th\u1eddi gian \u0111\u1ecdc":"1 ph\u00fat"},"schema":{"@context":"https:\/\/schema.org","@graph":[{"@type":"WebPage","@id":"https:\/\/desireonline.shop\/vi\/san-pham\/noir-rion-onyx-aegis-dai-harness-bit-mat-voi-bit-mieng-bong\/","url":"https:\/\/desireonline.shop\/vi\/san-pham\/noir-rion-onyx-aegis-dai-harness-bit-mat-voi-bit-mieng-bong\/","name":"Noir Rion Onyx Aegis \u0110ai harness b\u1ecbt m\u1eaft v\u1edbi b\u1ecbt mi\u1ec7ng b\u00f3ng - Desire","isPartOf":{"@id":"https:\/\/desireonline.shop\/vi\/#website"},"primaryImageOfPage":{"@id":"https:\/\/desireonline.shop\/vi\/san-pham\/noir-rion-onyx-aegis-dai-harness-bit-mat-voi-bit-mieng-bong\/#primaryimage"},"image":{"@id":"https:\/\/desireonline.shop\/vi\/san-pham\/noir-rion-onyx-aegis-dai-harness-bit-mat-voi-bit-mieng-bong\/#primaryimage"},"thumbnailUrl":"https:\/\/desireonline.shop\/wp-content\/uploads\/2026\/01\/CN-738904672_01.jpg","datePublished":"2026-01-30T10:27:00+00:00","breadcrumb":{"@id":"https:\/\/desireonline.shop\/vi\/san-pham\/noir-rion-onyx-aegis-dai-harness-bit-mat-voi-bit-mieng-bong\/#breadcrumb"},"inLanguage":"vi","potentialAction":[{"@type":"ReadAction","target":["https:\/\/desireonline.shop\/vi\/san-pham\/noir-rion-onyx-aegis-dai-harness-bit-mat-voi-bit-mieng-bong\/"]}]},{"@type":"ImageObject","inLanguage":"vi","@id":"https:\/\/desireonline.shop\/vi\/san-pham\/noir-rion-onyx-aegis-dai-harness-bit-mat-voi-bit-mieng-bong\/#primaryimage","url":"https:\/\/desireonline.shop\/wp-content\/uploads\/2026\/01\/CN-738904672_01.jpg","contentUrl":"https:\/\/desireonline.shop\/wp-content\/uploads\/2026\/01\/CN-738904672_01.jpg","width":1280,"height":1280},{"@type":"BreadcrumbList","@id":"https:\/\/desireonline.shop\/vi\/san-pham\/noir-rion-onyx-aegis-dai-harness-bit-mat-voi-bit-mieng-bong\/#breadcrumb","itemListElement":[{"@type":"ListItem","position":1,"name":"Home","item":"https:\/\/desireonline.shop\/vi\/trang-chu\/?lang=vi"},{"@type":"ListItem","position":2,"name":"T\u1ea5t c\u1ea3 s\u1ea3n ph\u1ea9m","item":"https:\/\/desireonline.shop\/cua-hang\/?lang=vi"},{"@type":"ListItem","position":3,"name":"Noir Rion Onyx Aegis \u0110ai harness b\u1ecbt m\u1eaft v\u1edbi b\u1ecbt mi\u1ec7ng b\u00f3ng"}]},{"@type":"WebSite","@id":"https:\/\/desireonline.shop\/vi\/#website","url":"https:\/\/desireonline.shop\/vi\/","name":"Desire","description":"Sexual Wellness Platform","publisher":{"@id":"https:\/\/desireonline.shop\/vi\/#organization"},"potentialAction":[{"@type":"SearchAction","target":{"@type":"EntryPoint","urlTemplate":"https:\/\/desireonline.shop\/vi\/?s={search_term_string}"},"query-input":{"@type":"PropertyValueSpecification","valueRequired":true,"valueName":"search_term_string"}}],"inLanguage":"vi"},{"@type":"Organization","@id":"https:\/\/desireonline.shop\/vi\/#organization","name":"Desire","url":"https:\/\/desireonline.shop\/vi\/","logo":{"@type":"ImageObject","inLanguage":"vi","@id":"https:\/\/desireonline.shop\/vi\/#\/schema\/logo\/image\/","url":"https:\/\/desireonline.shop\/wp-content\/uploads\/2024\/06\/Logo-Thick-Font-1.webp","contentUrl":"https:\/\/desireonline.shop\/wp-content\/uploads\/2024\/06\/Logo-Thick-Font-1.webp","width":268,"height":399,"caption":"Desire"},"image":{"@id":"https:\/\/desireonline.shop\/vi\/#\/schema\/logo\/image\/"}}]}},"_links":{"self":[{"href":"https:\/\/desireonline.shop\/vi\/wp-json\/wp\/v2\/product\/68417","targetHints":{"allow":["GET"]}}],"collection":[{"href":"https:\/\/desireonline.shop\/vi\/wp-json\/wp\/v2\/product"}],"about":[{"href":"https:\/\/desireonline.shop\/vi\/wp-json\/wp\/v2\/types\/product"}],"replies":[{"embeddable":true,"href":"https:\/\/desireonline.shop\/vi\/wp-json\/wp\/v2\/comments?post=68417"}],"version-history":[{"count":0,"href":"https:\/\/desireonline.shop\/vi\/wp-json\/wp\/v2\/product\/68417\/revisions"}],"wp:featuredmedia":[{"embeddable":true,"href":"https:\/\/desireonline.shop\/vi\/wp-json\/wp\/v2\/media\/60114"}],"wp:attachment":[{"href":"https:\/\/desireonline.shop\/vi\/wp-json\/wp\/v2\/media?parent=68417"}],"wp:term":[{"taxonomy":"product_brand","embeddable":true,"href":"https:\/\/desireonline.shop\/vi\/wp-json\/wp\/v2\/product_brand?post=68417"},{"taxonomy":"product_cat","embeddable":true,"href":"https:\/\/desireonline.shop\/vi\/wp-json\/wp\/v2\/product_cat?post=68417"},{"taxonomy":"product_tag","embeddable":true,"href":"https:\/\/desireonline.shop\/vi\/wp-json\/wp\/v2\/product_tag?post=68417"}],"curies":[{"name":"wp","href":"https:\/\/api.w.org\/{rel}","templated":true}]}}