{"id":68436,"date":"2026-01-30T10:33:00","date_gmt":"2026-01-30T10:33:00","guid":{"rendered":"https:\/\/desireonline.shop\/product\/noir-rion-royal-dai-harness-voi-vong-kim-loai\/"},"modified":"2026-01-30T10:33:00","modified_gmt":"2026-01-30T10:33:00","slug":"noir-rion-royal-dai-harness-voi-vong-kim-loai","status":"publish","type":"product","link":"https:\/\/desireonline.shop\/vi\/san-pham\/noir-rion-royal-dai-harness-voi-vong-kim-loai\/","title":{"rendered":"Noir Rion Royal \u0110ai harness v\u1edbi v\u00f2ng kim lo\u1ea1i"},"content":{"rendered":"<p>\u0110ai harness n\u00e0y k\u1ebft h\u1ee3p c\u1ea5u tr\u00fac ch\u1eafc ch\u1eafn v\u1edbi \u0111i\u1ec3m nh\u1ea5n th\u1ecb gi\u00e1c n\u1ed5i b\u1eadt. Nhi\u1ec1u k\u00edch th\u01b0\u1edbc v\u00f2ng kim lo\u1ea1i v\u00e0 d\u00e2y \u0111ai c\u00f3 th\u1ec3 \u0111i\u1ec1u ch\u1ec9nh cho ph\u00e9p b\u1ea1n t\u00f9y ch\u1ec9nh c\u1ea3 \u0111\u1ed9 v\u1eeba v\u1eb7n v\u00e0 phong c\u00e1ch. \u0110\u01b0\u1ee3c thi\u1ebft k\u1ebf \u0111\u1ec3 v\u1eeba t\u00e1o b\u1ea1o v\u1eeba d\u1ec5 \u0111eo, s\u1ea3n ph\u1ea9m h\u1ed7 tr\u1ee3 nh\u1eefng tr\u1ea3i nghi\u1ec7m th\u1ec3 hi\u1ec7n c\u00e1 t\u00ednh v\u00e0 s\u1ef1 k\u1ebft n\u1ed1i c\u00f3 ch\u1ee7 \u0111\u00edch.<\/p>\n","protected":false},"excerpt":{"rendered":"<p>\u0110ai harness n\u00e0y k\u1ebft h\u1ee3p c\u1ea5u tr\u00fac ch\u1eafc ch\u1eafn v\u1edbi \u0111i\u1ec3m nh\u1ea5n th\u1ecb gi\u00e1c n\u1ed5i b\u1eadt. Nhi\u1ec1u k\u00edch th\u01b0\u1edbc v\u00f2ng kim lo\u1ea1i v\u00e0 d\u00e2y \u0111ai c\u00f3 th\u1ec3 \u0111i\u1ec1u ch\u1ec9nh cho&hellip;<\/p>\n","protected":false},"featured_media":60132,"comment_status":"open","ping_status":"closed","template":"","meta":{"_acf_changed":false},"product_brand":[],"product_cat":[1362,1347],"product_tag":[1668,1728,1666,1667],"class_list":{"0":"post-68436","1":"product","2":"type-product","3":"status-publish","4":"has-post-thumbnail","6":"product_cat-bo-strap-on","7":"product_cat-day-deo-co-the","8":"product_tag-co-the-dieu-chinh","9":"product_tag-dong-luc-quyen-luc","10":"product_tag-tro-choi-bondage","11":"product_tag-tro-choi-troi-buoc","13":"first","14":"instock","15":"shipping-taxable","16":"purchasable","17":"product-type-simple"},"acf":[],"yoast_head":"<!-- This site is optimized with the Yoast SEO plugin v27.1.1 - https:\/\/yoast.com\/product\/yoast-seo-wordpress\/ -->\n<title>Noir Rion Royal \u0110ai harness v\u1edbi v\u00f2ng kim lo\u1ea1i - Desire<\/title>\n<meta name=\"robots\" content=\"index, follow, max-snippet:-1, max-image-preview:large, max-video-preview:-1\" \/>\n<link rel=\"canonical\" href=\"https:\/\/desireonline.shop\/vi\/san-pham\/noir-rion-royal-dai-harness-voi-vong-kim-loai\/\" \/>\n<meta property=\"og:locale\" content=\"vi_VN\" \/>\n<meta property=\"og:type\" content=\"article\" \/>\n<meta property=\"og:title\" content=\"Noir Rion Royal \u0110ai harness v\u1edbi v\u00f2ng kim lo\u1ea1i - Desire\" \/>\n<meta property=\"og:description\" content=\"\u0110ai harness n\u00e0y k\u1ebft h\u1ee3p c\u1ea5u tr\u00fac ch\u1eafc ch\u1eafn v\u1edbi \u0111i\u1ec3m nh\u1ea5n th\u1ecb gi\u00e1c n\u1ed5i b\u1eadt. Nhi\u1ec1u k\u00edch th\u01b0\u1edbc v\u00f2ng kim lo\u1ea1i v\u00e0 d\u00e2y \u0111ai c\u00f3 th\u1ec3 \u0111i\u1ec1u ch\u1ec9nh cho&hellip;\" \/>\n<meta property=\"og:url\" content=\"https:\/\/desireonline.shop\/vi\/san-pham\/noir-rion-royal-dai-harness-voi-vong-kim-loai\/\" \/>\n<meta property=\"og:site_name\" content=\"Desire\" \/>\n<meta property=\"og:image\" content=\"https:\/\/desireonline.shop\/wp-content\/uploads\/2026\/01\/CN-732003332_01.jpg\" \/>\n\t<meta property=\"og:image:width\" content=\"1280\" \/>\n\t<meta property=\"og:image:height\" content=\"1280\" \/>\n\t<meta property=\"og:image:type\" content=\"image\/jpeg\" \/>\n<meta name=\"twitter:card\" content=\"summary_large_image\" \/>\n<meta name=\"twitter:label1\" content=\"\u01af\u1edbc t\u00ednh th\u1eddi gian \u0111\u1ecdc\" \/>\n\t<meta name=\"twitter:data1\" content=\"1 ph\u00fat\" \/>\n<script type=\"application\/ld+json\" class=\"yoast-schema-graph\">{\"@context\":\"https:\/\/schema.org\",\"@graph\":[{\"@type\":\"WebPage\",\"@id\":\"https:\/\/desireonline.shop\/vi\/san-pham\/noir-rion-royal-dai-harness-voi-vong-kim-loai\/\",\"url\":\"https:\/\/desireonline.shop\/vi\/san-pham\/noir-rion-royal-dai-harness-voi-vong-kim-loai\/\",\"name\":\"Noir Rion Royal \u0110ai harness v\u1edbi v\u00f2ng kim lo\u1ea1i - Desire\",\"isPartOf\":{\"@id\":\"https:\/\/desireonline.shop\/vi\/#website\"},\"primaryImageOfPage\":{\"@id\":\"https:\/\/desireonline.shop\/vi\/san-pham\/noir-rion-royal-dai-harness-voi-vong-kim-loai\/#primaryimage\"},\"image\":{\"@id\":\"https:\/\/desireonline.shop\/vi\/san-pham\/noir-rion-royal-dai-harness-voi-vong-kim-loai\/#primaryimage\"},\"thumbnailUrl\":\"https:\/\/desireonline.shop\/wp-content\/uploads\/2026\/01\/CN-732003332_01.jpg\",\"datePublished\":\"2026-01-30T10:33:00+00:00\",\"breadcrumb\":{\"@id\":\"https:\/\/desireonline.shop\/vi\/san-pham\/noir-rion-royal-dai-harness-voi-vong-kim-loai\/#breadcrumb\"},\"inLanguage\":\"vi\",\"potentialAction\":[{\"@type\":\"ReadAction\",\"target\":[\"https:\/\/desireonline.shop\/vi\/san-pham\/noir-rion-royal-dai-harness-voi-vong-kim-loai\/\"]}]},{\"@type\":\"ImageObject\",\"inLanguage\":\"vi\",\"@id\":\"https:\/\/desireonline.shop\/vi\/san-pham\/noir-rion-royal-dai-harness-voi-vong-kim-loai\/#primaryimage\",\"url\":\"https:\/\/desireonline.shop\/wp-content\/uploads\/2026\/01\/CN-732003332_01.jpg\",\"contentUrl\":\"https:\/\/desireonline.shop\/wp-content\/uploads\/2026\/01\/CN-732003332_01.jpg\",\"width\":1280,\"height\":1280},{\"@type\":\"BreadcrumbList\",\"@id\":\"https:\/\/desireonline.shop\/vi\/san-pham\/noir-rion-royal-dai-harness-voi-vong-kim-loai\/#breadcrumb\",\"itemListElement\":[{\"@type\":\"ListItem\",\"position\":1,\"name\":\"Home\",\"item\":\"https:\/\/desireonline.shop\/vi\/trang-chu\/?lang=vi\"},{\"@type\":\"ListItem\",\"position\":2,\"name\":\"T\u1ea5t c\u1ea3 s\u1ea3n ph\u1ea9m\",\"item\":\"https:\/\/desireonline.shop\/cua-hang\/?lang=vi\"},{\"@type\":\"ListItem\",\"position\":3,\"name\":\"Noir Rion Royal \u0110ai harness v\u1edbi v\u00f2ng kim lo\u1ea1i\"}]},{\"@type\":\"WebSite\",\"@id\":\"https:\/\/desireonline.shop\/vi\/#website\",\"url\":\"https:\/\/desireonline.shop\/vi\/\",\"name\":\"Desire\",\"description\":\"Sexual Wellness Platform\",\"publisher\":{\"@id\":\"https:\/\/desireonline.shop\/vi\/#organization\"},\"potentialAction\":[{\"@type\":\"SearchAction\",\"target\":{\"@type\":\"EntryPoint\",\"urlTemplate\":\"https:\/\/desireonline.shop\/vi\/?s={search_term_string}\"},\"query-input\":{\"@type\":\"PropertyValueSpecification\",\"valueRequired\":true,\"valueName\":\"search_term_string\"}}],\"inLanguage\":\"vi\"},{\"@type\":\"Organization\",\"@id\":\"https:\/\/desireonline.shop\/vi\/#organization\",\"name\":\"Desire\",\"url\":\"https:\/\/desireonline.shop\/vi\/\",\"logo\":{\"@type\":\"ImageObject\",\"inLanguage\":\"vi\",\"@id\":\"https:\/\/desireonline.shop\/vi\/#\/schema\/logo\/image\/\",\"url\":\"https:\/\/desireonline.shop\/wp-content\/uploads\/2024\/06\/Logo-Thick-Font-1.webp\",\"contentUrl\":\"https:\/\/desireonline.shop\/wp-content\/uploads\/2024\/06\/Logo-Thick-Font-1.webp\",\"width\":268,\"height\":399,\"caption\":\"Desire\"},\"image\":{\"@id\":\"https:\/\/desireonline.shop\/vi\/#\/schema\/logo\/image\/\"}}]}<\/script>\n<!-- \/ Yoast SEO plugin. -->","yoast_head_json":{"title":"Noir Rion Royal \u0110ai harness v\u1edbi v\u00f2ng kim lo\u1ea1i - Desire","robots":{"index":"index","follow":"follow","max-snippet":"max-snippet:-1","max-image-preview":"max-image-preview:large","max-video-preview":"max-video-preview:-1"},"canonical":"https:\/\/desireonline.shop\/vi\/san-pham\/noir-rion-royal-dai-harness-voi-vong-kim-loai\/","og_locale":"vi_VN","og_type":"article","og_title":"Noir Rion Royal \u0110ai harness v\u1edbi v\u00f2ng kim lo\u1ea1i - Desire","og_description":"\u0110ai harness n\u00e0y k\u1ebft h\u1ee3p c\u1ea5u tr\u00fac ch\u1eafc ch\u1eafn v\u1edbi \u0111i\u1ec3m nh\u1ea5n th\u1ecb gi\u00e1c n\u1ed5i b\u1eadt. Nhi\u1ec1u k\u00edch th\u01b0\u1edbc v\u00f2ng kim lo\u1ea1i v\u00e0 d\u00e2y \u0111ai c\u00f3 th\u1ec3 \u0111i\u1ec1u ch\u1ec9nh cho&hellip;","og_url":"https:\/\/desireonline.shop\/vi\/san-pham\/noir-rion-royal-dai-harness-voi-vong-kim-loai\/","og_site_name":"Desire","og_image":[{"width":1280,"height":1280,"url":"https:\/\/desireonline.shop\/wp-content\/uploads\/2026\/01\/CN-732003332_01.jpg","type":"image\/jpeg"}],"twitter_card":"summary_large_image","twitter_misc":{"\u01af\u1edbc t\u00ednh th\u1eddi gian \u0111\u1ecdc":"1 ph\u00fat"},"schema":{"@context":"https:\/\/schema.org","@graph":[{"@type":"WebPage","@id":"https:\/\/desireonline.shop\/vi\/san-pham\/noir-rion-royal-dai-harness-voi-vong-kim-loai\/","url":"https:\/\/desireonline.shop\/vi\/san-pham\/noir-rion-royal-dai-harness-voi-vong-kim-loai\/","name":"Noir Rion Royal \u0110ai harness v\u1edbi v\u00f2ng kim lo\u1ea1i - Desire","isPartOf":{"@id":"https:\/\/desireonline.shop\/vi\/#website"},"primaryImageOfPage":{"@id":"https:\/\/desireonline.shop\/vi\/san-pham\/noir-rion-royal-dai-harness-voi-vong-kim-loai\/#primaryimage"},"image":{"@id":"https:\/\/desireonline.shop\/vi\/san-pham\/noir-rion-royal-dai-harness-voi-vong-kim-loai\/#primaryimage"},"thumbnailUrl":"https:\/\/desireonline.shop\/wp-content\/uploads\/2026\/01\/CN-732003332_01.jpg","datePublished":"2026-01-30T10:33:00+00:00","breadcrumb":{"@id":"https:\/\/desireonline.shop\/vi\/san-pham\/noir-rion-royal-dai-harness-voi-vong-kim-loai\/#breadcrumb"},"inLanguage":"vi","potentialAction":[{"@type":"ReadAction","target":["https:\/\/desireonline.shop\/vi\/san-pham\/noir-rion-royal-dai-harness-voi-vong-kim-loai\/"]}]},{"@type":"ImageObject","inLanguage":"vi","@id":"https:\/\/desireonline.shop\/vi\/san-pham\/noir-rion-royal-dai-harness-voi-vong-kim-loai\/#primaryimage","url":"https:\/\/desireonline.shop\/wp-content\/uploads\/2026\/01\/CN-732003332_01.jpg","contentUrl":"https:\/\/desireonline.shop\/wp-content\/uploads\/2026\/01\/CN-732003332_01.jpg","width":1280,"height":1280},{"@type":"BreadcrumbList","@id":"https:\/\/desireonline.shop\/vi\/san-pham\/noir-rion-royal-dai-harness-voi-vong-kim-loai\/#breadcrumb","itemListElement":[{"@type":"ListItem","position":1,"name":"Home","item":"https:\/\/desireonline.shop\/vi\/trang-chu\/?lang=vi"},{"@type":"ListItem","position":2,"name":"T\u1ea5t c\u1ea3 s\u1ea3n ph\u1ea9m","item":"https:\/\/desireonline.shop\/cua-hang\/?lang=vi"},{"@type":"ListItem","position":3,"name":"Noir Rion Royal \u0110ai harness v\u1edbi v\u00f2ng kim lo\u1ea1i"}]},{"@type":"WebSite","@id":"https:\/\/desireonline.shop\/vi\/#website","url":"https:\/\/desireonline.shop\/vi\/","name":"Desire","description":"Sexual Wellness Platform","publisher":{"@id":"https:\/\/desireonline.shop\/vi\/#organization"},"potentialAction":[{"@type":"SearchAction","target":{"@type":"EntryPoint","urlTemplate":"https:\/\/desireonline.shop\/vi\/?s={search_term_string}"},"query-input":{"@type":"PropertyValueSpecification","valueRequired":true,"valueName":"search_term_string"}}],"inLanguage":"vi"},{"@type":"Organization","@id":"https:\/\/desireonline.shop\/vi\/#organization","name":"Desire","url":"https:\/\/desireonline.shop\/vi\/","logo":{"@type":"ImageObject","inLanguage":"vi","@id":"https:\/\/desireonline.shop\/vi\/#\/schema\/logo\/image\/","url":"https:\/\/desireonline.shop\/wp-content\/uploads\/2024\/06\/Logo-Thick-Font-1.webp","contentUrl":"https:\/\/desireonline.shop\/wp-content\/uploads\/2024\/06\/Logo-Thick-Font-1.webp","width":268,"height":399,"caption":"Desire"},"image":{"@id":"https:\/\/desireonline.shop\/vi\/#\/schema\/logo\/image\/"}}]}},"_links":{"self":[{"href":"https:\/\/desireonline.shop\/vi\/wp-json\/wp\/v2\/product\/68436","targetHints":{"allow":["GET"]}}],"collection":[{"href":"https:\/\/desireonline.shop\/vi\/wp-json\/wp\/v2\/product"}],"about":[{"href":"https:\/\/desireonline.shop\/vi\/wp-json\/wp\/v2\/types\/product"}],"replies":[{"embeddable":true,"href":"https:\/\/desireonline.shop\/vi\/wp-json\/wp\/v2\/comments?post=68436"}],"version-history":[{"count":0,"href":"https:\/\/desireonline.shop\/vi\/wp-json\/wp\/v2\/product\/68436\/revisions"}],"wp:featuredmedia":[{"embeddable":true,"href":"https:\/\/desireonline.shop\/vi\/wp-json\/wp\/v2\/media\/60132"}],"wp:attachment":[{"href":"https:\/\/desireonline.shop\/vi\/wp-json\/wp\/v2\/media?parent=68436"}],"wp:term":[{"taxonomy":"product_brand","embeddable":true,"href":"https:\/\/desireonline.shop\/vi\/wp-json\/wp\/v2\/product_brand?post=68436"},{"taxonomy":"product_cat","embeddable":true,"href":"https:\/\/desireonline.shop\/vi\/wp-json\/wp\/v2\/product_cat?post=68436"},{"taxonomy":"product_tag","embeddable":true,"href":"https:\/\/desireonline.shop\/vi\/wp-json\/wp\/v2\/product_tag?post=68436"}],"curies":[{"name":"wp","href":"https:\/\/api.w.org\/{rel}","templated":true}]}}