{"id":68442,"date":"2026-01-30T10:41:00","date_gmt":"2026-01-30T10:41:00","guid":{"rendered":"https:\/\/desireonline.shop\/product\/noir-rion-follow-the-leash-voi-vong-co\/"},"modified":"2026-01-30T10:41:00","modified_gmt":"2026-01-30T10:41:00","slug":"noir-rion-follow-the-leash-voi-vong-co","status":"publish","type":"product","link":"https:\/\/desireonline.shop\/vi\/san-pham\/noir-rion-follow-the-leash-voi-vong-co\/","title":{"rendered":"Noir Rion Follow the Leash v\u1edbi v\u00f2ng c\u1ed5"},"content":{"rendered":"<p>B\u1ed9 v\u00f2ng c\u1ed5 v\u00e0 d\u00e2y d\u1eaft n\u00e0y k\u1ebft h\u1ee3p s\u1ef1 ki\u1ec3m so\u00e1t v\u1edbi t\u00ednh d\u1ec5 s\u1eed d\u1ee5ng. Kh\u00f3a c\u00f3 th\u1ec3 \u0111i\u1ec1u ch\u1ec9nh v\u00e0 v\u00f2ng th\u00e1o nhanh gi\u00fap mang l\u1ea1i s\u1ef1 t\u1ef1 tin v\u00e0 tho\u1ea3i m\u00e1i khi \u0111eo. M\u1ed9t ph\u1ee5 ki\u1ec7n vui t\u01b0\u01a1i cho s\u1ef1 k\u1ebft n\u1ed1i v\u00e0 chuy\u1ec3n \u0111\u1ed9ng, \u0111\u01b0\u1ee3c thi\u1ebft k\u1ebf v\u1edbi s\u1ef1 giao ti\u1ebfp v\u00e0 tin t\u01b0\u1edfng trong t\u00e2m tr\u00ed.<\/p>\n","protected":false},"excerpt":{"rendered":"<p>B\u1ed9 v\u00f2ng c\u1ed5 v\u00e0 d\u00e2y d\u1eaft n\u00e0y k\u1ebft h\u1ee3p s\u1ef1 ki\u1ec3m so\u00e1t v\u1edbi t\u00ednh d\u1ec5 s\u1eed d\u1ee5ng. Kh\u00f3a c\u00f3 th\u1ec3 \u0111i\u1ec1u ch\u1ec9nh v\u00e0 v\u00f2ng th\u00e1o nhanh gi\u00fap mang l\u1ea1i s\u1ef1&hellip;<\/p>\n","protected":false},"featured_media":60138,"comment_status":"open","ping_status":"closed","template":"","meta":{"_acf_changed":false},"product_brand":[],"product_cat":[1351],"product_tag":[1668,1728,1729,1666],"class_list":{"0":"post-68442","1":"product","2":"type-product","3":"status-publish","4":"has-post-thumbnail","6":"product_cat-vong-co-day-dan","7":"product_tag-co-the-dieu-chinh","8":"product_tag-dong-luc-quyen-luc","9":"product_tag-nhap-vai","10":"product_tag-tro-choi-bondage","12":"first","13":"instock","14":"shipping-taxable","15":"purchasable","16":"product-type-simple"},"acf":[],"yoast_head":"<!-- This site is optimized with the Yoast SEO plugin v27.1.1 - https:\/\/yoast.com\/product\/yoast-seo-wordpress\/ -->\n<title>Noir Rion Follow the Leash v\u1edbi v\u00f2ng c\u1ed5 - Desire<\/title>\n<meta name=\"robots\" content=\"index, follow, max-snippet:-1, max-image-preview:large, max-video-preview:-1\" \/>\n<link rel=\"canonical\" href=\"https:\/\/desireonline.shop\/vi\/san-pham\/noir-rion-follow-the-leash-voi-vong-co\/\" \/>\n<meta property=\"og:locale\" content=\"vi_VN\" \/>\n<meta property=\"og:type\" content=\"article\" \/>\n<meta property=\"og:title\" content=\"Noir Rion Follow the Leash v\u1edbi v\u00f2ng c\u1ed5 - Desire\" \/>\n<meta property=\"og:description\" content=\"B\u1ed9 v\u00f2ng c\u1ed5 v\u00e0 d\u00e2y d\u1eaft n\u00e0y k\u1ebft h\u1ee3p s\u1ef1 ki\u1ec3m so\u00e1t v\u1edbi t\u00ednh d\u1ec5 s\u1eed d\u1ee5ng. Kh\u00f3a c\u00f3 th\u1ec3 \u0111i\u1ec1u ch\u1ec9nh v\u00e0 v\u00f2ng th\u00e1o nhanh gi\u00fap mang l\u1ea1i s\u1ef1&hellip;\" \/>\n<meta property=\"og:url\" content=\"https:\/\/desireonline.shop\/vi\/san-pham\/noir-rion-follow-the-leash-voi-vong-co\/\" \/>\n<meta property=\"og:site_name\" content=\"Desire\" \/>\n<meta property=\"og:image\" content=\"https:\/\/desireonline.shop\/wp-content\/uploads\/2026\/01\/CN-738803552_01.jpg\" \/>\n\t<meta property=\"og:image:width\" content=\"1280\" \/>\n\t<meta property=\"og:image:height\" content=\"1280\" \/>\n\t<meta property=\"og:image:type\" content=\"image\/jpeg\" \/>\n<meta name=\"twitter:card\" content=\"summary_large_image\" \/>\n<script type=\"application\/ld+json\" class=\"yoast-schema-graph\">{\"@context\":\"https:\/\/schema.org\",\"@graph\":[{\"@type\":\"WebPage\",\"@id\":\"https:\/\/desireonline.shop\/vi\/san-pham\/noir-rion-follow-the-leash-voi-vong-co\/\",\"url\":\"https:\/\/desireonline.shop\/vi\/san-pham\/noir-rion-follow-the-leash-voi-vong-co\/\",\"name\":\"Noir Rion Follow the Leash v\u1edbi v\u00f2ng c\u1ed5 - Desire\",\"isPartOf\":{\"@id\":\"https:\/\/desireonline.shop\/vi\/#website\"},\"primaryImageOfPage\":{\"@id\":\"https:\/\/desireonline.shop\/vi\/san-pham\/noir-rion-follow-the-leash-voi-vong-co\/#primaryimage\"},\"image\":{\"@id\":\"https:\/\/desireonline.shop\/vi\/san-pham\/noir-rion-follow-the-leash-voi-vong-co\/#primaryimage\"},\"thumbnailUrl\":\"https:\/\/desireonline.shop\/wp-content\/uploads\/2026\/01\/CN-738803552_01.jpg\",\"datePublished\":\"2026-01-30T10:41:00+00:00\",\"breadcrumb\":{\"@id\":\"https:\/\/desireonline.shop\/vi\/san-pham\/noir-rion-follow-the-leash-voi-vong-co\/#breadcrumb\"},\"inLanguage\":\"vi\",\"potentialAction\":[{\"@type\":\"ReadAction\",\"target\":[\"https:\/\/desireonline.shop\/vi\/san-pham\/noir-rion-follow-the-leash-voi-vong-co\/\"]}]},{\"@type\":\"ImageObject\",\"inLanguage\":\"vi\",\"@id\":\"https:\/\/desireonline.shop\/vi\/san-pham\/noir-rion-follow-the-leash-voi-vong-co\/#primaryimage\",\"url\":\"https:\/\/desireonline.shop\/wp-content\/uploads\/2026\/01\/CN-738803552_01.jpg\",\"contentUrl\":\"https:\/\/desireonline.shop\/wp-content\/uploads\/2026\/01\/CN-738803552_01.jpg\",\"width\":1280,\"height\":1280},{\"@type\":\"BreadcrumbList\",\"@id\":\"https:\/\/desireonline.shop\/vi\/san-pham\/noir-rion-follow-the-leash-voi-vong-co\/#breadcrumb\",\"itemListElement\":[{\"@type\":\"ListItem\",\"position\":1,\"name\":\"Home\",\"item\":\"https:\/\/desireonline.shop\/vi\/trang-chu\/?lang=vi\"},{\"@type\":\"ListItem\",\"position\":2,\"name\":\"T\u1ea5t c\u1ea3 s\u1ea3n ph\u1ea9m\",\"item\":\"https:\/\/desireonline.shop\/cua-hang\/?lang=vi\"},{\"@type\":\"ListItem\",\"position\":3,\"name\":\"Noir Rion Follow the Leash v\u1edbi v\u00f2ng c\u1ed5\"}]},{\"@type\":\"WebSite\",\"@id\":\"https:\/\/desireonline.shop\/vi\/#website\",\"url\":\"https:\/\/desireonline.shop\/vi\/\",\"name\":\"Desire\",\"description\":\"Sexual Wellness Platform\",\"publisher\":{\"@id\":\"https:\/\/desireonline.shop\/vi\/#organization\"},\"potentialAction\":[{\"@type\":\"SearchAction\",\"target\":{\"@type\":\"EntryPoint\",\"urlTemplate\":\"https:\/\/desireonline.shop\/vi\/?s={search_term_string}\"},\"query-input\":{\"@type\":\"PropertyValueSpecification\",\"valueRequired\":true,\"valueName\":\"search_term_string\"}}],\"inLanguage\":\"vi\"},{\"@type\":\"Organization\",\"@id\":\"https:\/\/desireonline.shop\/vi\/#organization\",\"name\":\"Desire\",\"url\":\"https:\/\/desireonline.shop\/vi\/\",\"logo\":{\"@type\":\"ImageObject\",\"inLanguage\":\"vi\",\"@id\":\"https:\/\/desireonline.shop\/vi\/#\/schema\/logo\/image\/\",\"url\":\"https:\/\/desireonline.shop\/wp-content\/uploads\/2024\/06\/Logo-Thick-Font-1.webp\",\"contentUrl\":\"https:\/\/desireonline.shop\/wp-content\/uploads\/2024\/06\/Logo-Thick-Font-1.webp\",\"width\":268,\"height\":399,\"caption\":\"Desire\"},\"image\":{\"@id\":\"https:\/\/desireonline.shop\/vi\/#\/schema\/logo\/image\/\"}}]}<\/script>\n<!-- \/ Yoast SEO plugin. -->","yoast_head_json":{"title":"Noir Rion Follow the Leash v\u1edbi v\u00f2ng c\u1ed5 - Desire","robots":{"index":"index","follow":"follow","max-snippet":"max-snippet:-1","max-image-preview":"max-image-preview:large","max-video-preview":"max-video-preview:-1"},"canonical":"https:\/\/desireonline.shop\/vi\/san-pham\/noir-rion-follow-the-leash-voi-vong-co\/","og_locale":"vi_VN","og_type":"article","og_title":"Noir Rion Follow the Leash v\u1edbi v\u00f2ng c\u1ed5 - Desire","og_description":"B\u1ed9 v\u00f2ng c\u1ed5 v\u00e0 d\u00e2y d\u1eaft n\u00e0y k\u1ebft h\u1ee3p s\u1ef1 ki\u1ec3m so\u00e1t v\u1edbi t\u00ednh d\u1ec5 s\u1eed d\u1ee5ng. Kh\u00f3a c\u00f3 th\u1ec3 \u0111i\u1ec1u ch\u1ec9nh v\u00e0 v\u00f2ng th\u00e1o nhanh gi\u00fap mang l\u1ea1i s\u1ef1&hellip;","og_url":"https:\/\/desireonline.shop\/vi\/san-pham\/noir-rion-follow-the-leash-voi-vong-co\/","og_site_name":"Desire","og_image":[{"width":1280,"height":1280,"url":"https:\/\/desireonline.shop\/wp-content\/uploads\/2026\/01\/CN-738803552_01.jpg","type":"image\/jpeg"}],"twitter_card":"summary_large_image","schema":{"@context":"https:\/\/schema.org","@graph":[{"@type":"WebPage","@id":"https:\/\/desireonline.shop\/vi\/san-pham\/noir-rion-follow-the-leash-voi-vong-co\/","url":"https:\/\/desireonline.shop\/vi\/san-pham\/noir-rion-follow-the-leash-voi-vong-co\/","name":"Noir Rion Follow the Leash v\u1edbi v\u00f2ng c\u1ed5 - Desire","isPartOf":{"@id":"https:\/\/desireonline.shop\/vi\/#website"},"primaryImageOfPage":{"@id":"https:\/\/desireonline.shop\/vi\/san-pham\/noir-rion-follow-the-leash-voi-vong-co\/#primaryimage"},"image":{"@id":"https:\/\/desireonline.shop\/vi\/san-pham\/noir-rion-follow-the-leash-voi-vong-co\/#primaryimage"},"thumbnailUrl":"https:\/\/desireonline.shop\/wp-content\/uploads\/2026\/01\/CN-738803552_01.jpg","datePublished":"2026-01-30T10:41:00+00:00","breadcrumb":{"@id":"https:\/\/desireonline.shop\/vi\/san-pham\/noir-rion-follow-the-leash-voi-vong-co\/#breadcrumb"},"inLanguage":"vi","potentialAction":[{"@type":"ReadAction","target":["https:\/\/desireonline.shop\/vi\/san-pham\/noir-rion-follow-the-leash-voi-vong-co\/"]}]},{"@type":"ImageObject","inLanguage":"vi","@id":"https:\/\/desireonline.shop\/vi\/san-pham\/noir-rion-follow-the-leash-voi-vong-co\/#primaryimage","url":"https:\/\/desireonline.shop\/wp-content\/uploads\/2026\/01\/CN-738803552_01.jpg","contentUrl":"https:\/\/desireonline.shop\/wp-content\/uploads\/2026\/01\/CN-738803552_01.jpg","width":1280,"height":1280},{"@type":"BreadcrumbList","@id":"https:\/\/desireonline.shop\/vi\/san-pham\/noir-rion-follow-the-leash-voi-vong-co\/#breadcrumb","itemListElement":[{"@type":"ListItem","position":1,"name":"Home","item":"https:\/\/desireonline.shop\/vi\/trang-chu\/?lang=vi"},{"@type":"ListItem","position":2,"name":"T\u1ea5t c\u1ea3 s\u1ea3n ph\u1ea9m","item":"https:\/\/desireonline.shop\/cua-hang\/?lang=vi"},{"@type":"ListItem","position":3,"name":"Noir Rion Follow the Leash v\u1edbi v\u00f2ng c\u1ed5"}]},{"@type":"WebSite","@id":"https:\/\/desireonline.shop\/vi\/#website","url":"https:\/\/desireonline.shop\/vi\/","name":"Desire","description":"Sexual Wellness Platform","publisher":{"@id":"https:\/\/desireonline.shop\/vi\/#organization"},"potentialAction":[{"@type":"SearchAction","target":{"@type":"EntryPoint","urlTemplate":"https:\/\/desireonline.shop\/vi\/?s={search_term_string}"},"query-input":{"@type":"PropertyValueSpecification","valueRequired":true,"valueName":"search_term_string"}}],"inLanguage":"vi"},{"@type":"Organization","@id":"https:\/\/desireonline.shop\/vi\/#organization","name":"Desire","url":"https:\/\/desireonline.shop\/vi\/","logo":{"@type":"ImageObject","inLanguage":"vi","@id":"https:\/\/desireonline.shop\/vi\/#\/schema\/logo\/image\/","url":"https:\/\/desireonline.shop\/wp-content\/uploads\/2024\/06\/Logo-Thick-Font-1.webp","contentUrl":"https:\/\/desireonline.shop\/wp-content\/uploads\/2024\/06\/Logo-Thick-Font-1.webp","width":268,"height":399,"caption":"Desire"},"image":{"@id":"https:\/\/desireonline.shop\/vi\/#\/schema\/logo\/image\/"}}]}},"_links":{"self":[{"href":"https:\/\/desireonline.shop\/vi\/wp-json\/wp\/v2\/product\/68442","targetHints":{"allow":["GET"]}}],"collection":[{"href":"https:\/\/desireonline.shop\/vi\/wp-json\/wp\/v2\/product"}],"about":[{"href":"https:\/\/desireonline.shop\/vi\/wp-json\/wp\/v2\/types\/product"}],"replies":[{"embeddable":true,"href":"https:\/\/desireonline.shop\/vi\/wp-json\/wp\/v2\/comments?post=68442"}],"version-history":[{"count":0,"href":"https:\/\/desireonline.shop\/vi\/wp-json\/wp\/v2\/product\/68442\/revisions"}],"wp:featuredmedia":[{"embeddable":true,"href":"https:\/\/desireonline.shop\/vi\/wp-json\/wp\/v2\/media\/60138"}],"wp:attachment":[{"href":"https:\/\/desireonline.shop\/vi\/wp-json\/wp\/v2\/media?parent=68442"}],"wp:term":[{"taxonomy":"product_brand","embeddable":true,"href":"https:\/\/desireonline.shop\/vi\/wp-json\/wp\/v2\/product_brand?post=68442"},{"taxonomy":"product_cat","embeddable":true,"href":"https:\/\/desireonline.shop\/vi\/wp-json\/wp\/v2\/product_cat?post=68442"},{"taxonomy":"product_tag","embeddable":true,"href":"https:\/\/desireonline.shop\/vi\/wp-json\/wp\/v2\/product_tag?post=68442"}],"curies":[{"name":"wp","href":"https:\/\/api.w.org\/{rel}","templated":true}]}}