{"id":68447,"date":"2026-01-30T10:42:00","date_gmt":"2026-01-30T10:42:00","guid":{"rendered":"https:\/\/desireonline.shop\/product\/noir-rion-show-off-dai-harness-nguc\/"},"modified":"2026-01-30T10:42:00","modified_gmt":"2026-01-30T10:42:00","slug":"noir-rion-show-off-dai-harness-nguc","status":"publish","type":"product","link":"https:\/\/desireonline.shop\/vi\/san-pham\/noir-rion-show-off-dai-harness-nguc\/","title":{"rendered":"Noir Rion Show Off \u0110ai harness ng\u1ef1c"},"content":{"rendered":"<p>\u0110ai harness ng\u1ef1c n\u00e0y \u0111\u01b0\u1ee3c thi\u1ebft k\u1ebf \u0111\u1ec3 t\u00f4n l\u00ean d\u00e1ng c\u01a1 th\u1ec3 trong khi v\u1eabn mang l\u1ea1i kh\u1ea3 n\u0103ng \u0111i\u1ec1u ch\u1ec9nh linh ho\u1ea1t. Kh\u1ea3 n\u0103ng k\u1ebft h\u1ee3p v\u1edbi c\u00e1c ph\u1ee5 ki\u1ec7n kh\u00e1c cho ph\u00e9p t\u1ea1o l\u1edbp v\u00e0 phong c\u00e1ch s\u00e1ng t\u1ea1o. V\u1eeba th\u1ec3 hi\u1ec7n c\u00e1 t\u00ednh v\u1eeba tho\u1ea3i m\u00e1i khi \u0111eo, s\u1ea3n ph\u1ea9m khuy\u1ebfn kh\u00edch s\u1ef1 t\u1ef1 tin th\u1ec3 hi\u1ec7n b\u1ea3n th\u00e2n v\u00e0 kh\u00e1m ph\u00e1 c\u00f9ng nhau.<\/p>\n","protected":false},"excerpt":{"rendered":"<p>\u0110ai harness ng\u1ef1c n\u00e0y \u0111\u01b0\u1ee3c thi\u1ebft k\u1ebf \u0111\u1ec3 t\u00f4n l\u00ean d\u00e1ng c\u01a1 th\u1ec3 trong khi v\u1eabn mang l\u1ea1i kh\u1ea3 n\u0103ng \u0111i\u1ec1u ch\u1ec9nh linh ho\u1ea1t. Kh\u1ea3 n\u0103ng k\u1ebft h\u1ee3p v\u1edbi c\u00e1c&hellip;<\/p>\n","protected":false},"featured_media":60143,"comment_status":"open","ping_status":"closed","template":"","meta":{"_acf_changed":false},"product_brand":[],"product_cat":[1347],"product_tag":[1668,1728,1729,1666],"class_list":{"0":"post-68447","1":"product","2":"type-product","3":"status-publish","4":"has-post-thumbnail","6":"product_cat-day-deo-co-the","7":"product_tag-co-the-dieu-chinh","8":"product_tag-dong-luc-quyen-luc","9":"product_tag-nhap-vai","10":"product_tag-tro-choi-bondage","12":"first","13":"instock","14":"shipping-taxable","15":"purchasable","16":"product-type-simple"},"acf":[],"yoast_head":"<!-- This site is optimized with the Yoast SEO plugin v27.1.1 - https:\/\/yoast.com\/product\/yoast-seo-wordpress\/ -->\n<title>Noir Rion Show Off \u0110ai harness ng\u1ef1c - Desire<\/title>\n<meta name=\"robots\" content=\"index, follow, max-snippet:-1, max-image-preview:large, max-video-preview:-1\" \/>\n<link rel=\"canonical\" href=\"https:\/\/desireonline.shop\/vi\/san-pham\/noir-rion-show-off-dai-harness-nguc\/\" \/>\n<meta property=\"og:locale\" content=\"vi_VN\" \/>\n<meta property=\"og:type\" content=\"article\" \/>\n<meta property=\"og:title\" content=\"Noir Rion Show Off \u0110ai harness ng\u1ef1c - Desire\" \/>\n<meta property=\"og:description\" content=\"\u0110ai harness ng\u1ef1c n\u00e0y \u0111\u01b0\u1ee3c thi\u1ebft k\u1ebf \u0111\u1ec3 t\u00f4n l\u00ean d\u00e1ng c\u01a1 th\u1ec3 trong khi v\u1eabn mang l\u1ea1i kh\u1ea3 n\u0103ng \u0111i\u1ec1u ch\u1ec9nh linh ho\u1ea1t. Kh\u1ea3 n\u0103ng k\u1ebft h\u1ee3p v\u1edbi c\u00e1c&hellip;\" \/>\n<meta property=\"og:url\" content=\"https:\/\/desireonline.shop\/vi\/san-pham\/noir-rion-show-off-dai-harness-nguc\/\" \/>\n<meta property=\"og:site_name\" content=\"Desire\" \/>\n<meta property=\"og:image\" content=\"https:\/\/desireonline.shop\/wp-content\/uploads\/2026\/01\/CN-738803662_01.jpg\" \/>\n\t<meta property=\"og:image:width\" content=\"1280\" \/>\n\t<meta property=\"og:image:height\" content=\"1280\" \/>\n\t<meta property=\"og:image:type\" content=\"image\/jpeg\" \/>\n<meta name=\"twitter:card\" content=\"summary_large_image\" \/>\n<meta name=\"twitter:label1\" content=\"\u01af\u1edbc t\u00ednh th\u1eddi gian \u0111\u1ecdc\" \/>\n\t<meta name=\"twitter:data1\" content=\"1 ph\u00fat\" \/>\n<script type=\"application\/ld+json\" class=\"yoast-schema-graph\">{\"@context\":\"https:\/\/schema.org\",\"@graph\":[{\"@type\":\"WebPage\",\"@id\":\"https:\/\/desireonline.shop\/vi\/san-pham\/noir-rion-show-off-dai-harness-nguc\/\",\"url\":\"https:\/\/desireonline.shop\/vi\/san-pham\/noir-rion-show-off-dai-harness-nguc\/\",\"name\":\"Noir Rion Show Off \u0110ai harness ng\u1ef1c - Desire\",\"isPartOf\":{\"@id\":\"https:\/\/desireonline.shop\/vi\/#website\"},\"primaryImageOfPage\":{\"@id\":\"https:\/\/desireonline.shop\/vi\/san-pham\/noir-rion-show-off-dai-harness-nguc\/#primaryimage\"},\"image\":{\"@id\":\"https:\/\/desireonline.shop\/vi\/san-pham\/noir-rion-show-off-dai-harness-nguc\/#primaryimage\"},\"thumbnailUrl\":\"https:\/\/desireonline.shop\/wp-content\/uploads\/2026\/01\/CN-738803662_01.jpg\",\"datePublished\":\"2026-01-30T10:42:00+00:00\",\"breadcrumb\":{\"@id\":\"https:\/\/desireonline.shop\/vi\/san-pham\/noir-rion-show-off-dai-harness-nguc\/#breadcrumb\"},\"inLanguage\":\"vi\",\"potentialAction\":[{\"@type\":\"ReadAction\",\"target\":[\"https:\/\/desireonline.shop\/vi\/san-pham\/noir-rion-show-off-dai-harness-nguc\/\"]}]},{\"@type\":\"ImageObject\",\"inLanguage\":\"vi\",\"@id\":\"https:\/\/desireonline.shop\/vi\/san-pham\/noir-rion-show-off-dai-harness-nguc\/#primaryimage\",\"url\":\"https:\/\/desireonline.shop\/wp-content\/uploads\/2026\/01\/CN-738803662_01.jpg\",\"contentUrl\":\"https:\/\/desireonline.shop\/wp-content\/uploads\/2026\/01\/CN-738803662_01.jpg\",\"width\":1280,\"height\":1280},{\"@type\":\"BreadcrumbList\",\"@id\":\"https:\/\/desireonline.shop\/vi\/san-pham\/noir-rion-show-off-dai-harness-nguc\/#breadcrumb\",\"itemListElement\":[{\"@type\":\"ListItem\",\"position\":1,\"name\":\"Home\",\"item\":\"https:\/\/desireonline.shop\/vi\/trang-chu\/?lang=vi\"},{\"@type\":\"ListItem\",\"position\":2,\"name\":\"T\u1ea5t c\u1ea3 s\u1ea3n ph\u1ea9m\",\"item\":\"https:\/\/desireonline.shop\/cua-hang\/?lang=vi\"},{\"@type\":\"ListItem\",\"position\":3,\"name\":\"Noir Rion Show Off \u0110ai harness ng\u1ef1c\"}]},{\"@type\":\"WebSite\",\"@id\":\"https:\/\/desireonline.shop\/vi\/#website\",\"url\":\"https:\/\/desireonline.shop\/vi\/\",\"name\":\"Desire\",\"description\":\"Sexual Wellness Platform\",\"publisher\":{\"@id\":\"https:\/\/desireonline.shop\/vi\/#organization\"},\"potentialAction\":[{\"@type\":\"SearchAction\",\"target\":{\"@type\":\"EntryPoint\",\"urlTemplate\":\"https:\/\/desireonline.shop\/vi\/?s={search_term_string}\"},\"query-input\":{\"@type\":\"PropertyValueSpecification\",\"valueRequired\":true,\"valueName\":\"search_term_string\"}}],\"inLanguage\":\"vi\"},{\"@type\":\"Organization\",\"@id\":\"https:\/\/desireonline.shop\/vi\/#organization\",\"name\":\"Desire\",\"url\":\"https:\/\/desireonline.shop\/vi\/\",\"logo\":{\"@type\":\"ImageObject\",\"inLanguage\":\"vi\",\"@id\":\"https:\/\/desireonline.shop\/vi\/#\/schema\/logo\/image\/\",\"url\":\"https:\/\/desireonline.shop\/wp-content\/uploads\/2024\/06\/Logo-Thick-Font-1.webp\",\"contentUrl\":\"https:\/\/desireonline.shop\/wp-content\/uploads\/2024\/06\/Logo-Thick-Font-1.webp\",\"width\":268,\"height\":399,\"caption\":\"Desire\"},\"image\":{\"@id\":\"https:\/\/desireonline.shop\/vi\/#\/schema\/logo\/image\/\"}}]}<\/script>\n<!-- \/ Yoast SEO plugin. -->","yoast_head_json":{"title":"Noir Rion Show Off \u0110ai harness ng\u1ef1c - Desire","robots":{"index":"index","follow":"follow","max-snippet":"max-snippet:-1","max-image-preview":"max-image-preview:large","max-video-preview":"max-video-preview:-1"},"canonical":"https:\/\/desireonline.shop\/vi\/san-pham\/noir-rion-show-off-dai-harness-nguc\/","og_locale":"vi_VN","og_type":"article","og_title":"Noir Rion Show Off \u0110ai harness ng\u1ef1c - Desire","og_description":"\u0110ai harness ng\u1ef1c n\u00e0y \u0111\u01b0\u1ee3c thi\u1ebft k\u1ebf \u0111\u1ec3 t\u00f4n l\u00ean d\u00e1ng c\u01a1 th\u1ec3 trong khi v\u1eabn mang l\u1ea1i kh\u1ea3 n\u0103ng \u0111i\u1ec1u ch\u1ec9nh linh ho\u1ea1t. Kh\u1ea3 n\u0103ng k\u1ebft h\u1ee3p v\u1edbi c\u00e1c&hellip;","og_url":"https:\/\/desireonline.shop\/vi\/san-pham\/noir-rion-show-off-dai-harness-nguc\/","og_site_name":"Desire","og_image":[{"width":1280,"height":1280,"url":"https:\/\/desireonline.shop\/wp-content\/uploads\/2026\/01\/CN-738803662_01.jpg","type":"image\/jpeg"}],"twitter_card":"summary_large_image","twitter_misc":{"\u01af\u1edbc t\u00ednh th\u1eddi gian \u0111\u1ecdc":"1 ph\u00fat"},"schema":{"@context":"https:\/\/schema.org","@graph":[{"@type":"WebPage","@id":"https:\/\/desireonline.shop\/vi\/san-pham\/noir-rion-show-off-dai-harness-nguc\/","url":"https:\/\/desireonline.shop\/vi\/san-pham\/noir-rion-show-off-dai-harness-nguc\/","name":"Noir Rion Show Off \u0110ai harness ng\u1ef1c - Desire","isPartOf":{"@id":"https:\/\/desireonline.shop\/vi\/#website"},"primaryImageOfPage":{"@id":"https:\/\/desireonline.shop\/vi\/san-pham\/noir-rion-show-off-dai-harness-nguc\/#primaryimage"},"image":{"@id":"https:\/\/desireonline.shop\/vi\/san-pham\/noir-rion-show-off-dai-harness-nguc\/#primaryimage"},"thumbnailUrl":"https:\/\/desireonline.shop\/wp-content\/uploads\/2026\/01\/CN-738803662_01.jpg","datePublished":"2026-01-30T10:42:00+00:00","breadcrumb":{"@id":"https:\/\/desireonline.shop\/vi\/san-pham\/noir-rion-show-off-dai-harness-nguc\/#breadcrumb"},"inLanguage":"vi","potentialAction":[{"@type":"ReadAction","target":["https:\/\/desireonline.shop\/vi\/san-pham\/noir-rion-show-off-dai-harness-nguc\/"]}]},{"@type":"ImageObject","inLanguage":"vi","@id":"https:\/\/desireonline.shop\/vi\/san-pham\/noir-rion-show-off-dai-harness-nguc\/#primaryimage","url":"https:\/\/desireonline.shop\/wp-content\/uploads\/2026\/01\/CN-738803662_01.jpg","contentUrl":"https:\/\/desireonline.shop\/wp-content\/uploads\/2026\/01\/CN-738803662_01.jpg","width":1280,"height":1280},{"@type":"BreadcrumbList","@id":"https:\/\/desireonline.shop\/vi\/san-pham\/noir-rion-show-off-dai-harness-nguc\/#breadcrumb","itemListElement":[{"@type":"ListItem","position":1,"name":"Home","item":"https:\/\/desireonline.shop\/vi\/trang-chu\/?lang=vi"},{"@type":"ListItem","position":2,"name":"T\u1ea5t c\u1ea3 s\u1ea3n ph\u1ea9m","item":"https:\/\/desireonline.shop\/cua-hang\/?lang=vi"},{"@type":"ListItem","position":3,"name":"Noir Rion Show Off \u0110ai harness ng\u1ef1c"}]},{"@type":"WebSite","@id":"https:\/\/desireonline.shop\/vi\/#website","url":"https:\/\/desireonline.shop\/vi\/","name":"Desire","description":"Sexual Wellness Platform","publisher":{"@id":"https:\/\/desireonline.shop\/vi\/#organization"},"potentialAction":[{"@type":"SearchAction","target":{"@type":"EntryPoint","urlTemplate":"https:\/\/desireonline.shop\/vi\/?s={search_term_string}"},"query-input":{"@type":"PropertyValueSpecification","valueRequired":true,"valueName":"search_term_string"}}],"inLanguage":"vi"},{"@type":"Organization","@id":"https:\/\/desireonline.shop\/vi\/#organization","name":"Desire","url":"https:\/\/desireonline.shop\/vi\/","logo":{"@type":"ImageObject","inLanguage":"vi","@id":"https:\/\/desireonline.shop\/vi\/#\/schema\/logo\/image\/","url":"https:\/\/desireonline.shop\/wp-content\/uploads\/2024\/06\/Logo-Thick-Font-1.webp","contentUrl":"https:\/\/desireonline.shop\/wp-content\/uploads\/2024\/06\/Logo-Thick-Font-1.webp","width":268,"height":399,"caption":"Desire"},"image":{"@id":"https:\/\/desireonline.shop\/vi\/#\/schema\/logo\/image\/"}}]}},"_links":{"self":[{"href":"https:\/\/desireonline.shop\/vi\/wp-json\/wp\/v2\/product\/68447","targetHints":{"allow":["GET"]}}],"collection":[{"href":"https:\/\/desireonline.shop\/vi\/wp-json\/wp\/v2\/product"}],"about":[{"href":"https:\/\/desireonline.shop\/vi\/wp-json\/wp\/v2\/types\/product"}],"replies":[{"embeddable":true,"href":"https:\/\/desireonline.shop\/vi\/wp-json\/wp\/v2\/comments?post=68447"}],"version-history":[{"count":0,"href":"https:\/\/desireonline.shop\/vi\/wp-json\/wp\/v2\/product\/68447\/revisions"}],"wp:featuredmedia":[{"embeddable":true,"href":"https:\/\/desireonline.shop\/vi\/wp-json\/wp\/v2\/media\/60143"}],"wp:attachment":[{"href":"https:\/\/desireonline.shop\/vi\/wp-json\/wp\/v2\/media?parent=68447"}],"wp:term":[{"taxonomy":"product_brand","embeddable":true,"href":"https:\/\/desireonline.shop\/vi\/wp-json\/wp\/v2\/product_brand?post=68447"},{"taxonomy":"product_cat","embeddable":true,"href":"https:\/\/desireonline.shop\/vi\/wp-json\/wp\/v2\/product_cat?post=68447"},{"taxonomy":"product_tag","embeddable":true,"href":"https:\/\/desireonline.shop\/vi\/wp-json\/wp\/v2\/product_tag?post=68447"}],"curies":[{"name":"wp","href":"https:\/\/api.w.org\/{rel}","templated":true}]}}