{"id":68471,"date":"2026-01-30T10:50:00","date_gmt":"2026-01-30T10:50:00","guid":{"rendered":"https:\/\/desireonline.shop\/product\/noir-rion-lockem-cong-co-chan\/"},"modified":"2026-03-13T02:13:51","modified_gmt":"2026-03-13T02:13:51","slug":"noir-rion-lockem-cong-co-chan","status":"publish","type":"product","link":"https:\/\/desireonline.shop\/vi\/san-pham\/noir-rion-lockem-cong-co-chan\/","title":{"rendered":"Noir Rion Lock em C\u00f2ng c\u1ed5 ch\u00e2n"},"content":{"rendered":"<p>Nh\u1eefng chi\u1ebfc c\u00f2ng c\u1ed5 ch\u00e2n n\u00e0y \u0111\u01b0\u1ee3c thi\u1ebft k\u1ebf cho tr\u1ea3i nghi\u1ec7m r\u00e0ng bu\u1ed9c t\u1eadp trung v\u00e0o s\u1ef1 tho\u1ea3i m\u00e1i. L\u1edbp l\u00f3t m\u1ec1m m\u1ea1i h\u1ed7 tr\u1ee3 \u0111eo trong th\u1eddi gian d\u00e0i h\u01a1n, trong khi kh\u1ea3 n\u0103ng \u0111i\u1ec1u ch\u1ec9nh gi\u00fap mang l\u1ea1i c\u1ea3m gi\u00e1c ch\u1eafc ch\u1eafn. M\u1ed9t l\u1ef1a ch\u1ecdn \u0111\u00e1ng tin c\u1eady v\u00e0 linh ho\u1ea1t cho nh\u1eefng kh\u00e1m ph\u00e1 vui t\u01b0\u01a1i v\u00e0 s\u1ef1 k\u1ebft n\u1ed1i.<\/p>\n","protected":false},"excerpt":{"rendered":"<p>Nh\u1eefng chi\u1ebfc c\u00f2ng c\u1ed5 ch\u00e2n n\u00e0y \u0111\u01b0\u1ee3c thi\u1ebft k\u1ebf cho tr\u1ea3i nghi\u1ec7m r\u00e0ng bu\u1ed9c t\u1eadp trung v\u00e0o s\u1ef1 tho\u1ea3i m\u00e1i. L\u1edbp l\u00f3t m\u1ec1m m\u1ea1i h\u1ed7 tr\u1ee3 \u0111eo trong th\u1eddi gian&hellip;<\/p>\n","protected":false},"featured_media":60167,"comment_status":"open","ping_status":"closed","template":"","meta":{"_acf_changed":false},"product_brand":[],"product_cat":[1364],"product_tag":[1668,1728,1729,1666],"class_list":{"0":"post-68471","1":"product","2":"type-product","3":"status-publish","4":"has-post-thumbnail","6":"product_cat-day-co-dinh-co-tay-co-chan","7":"product_tag-co-the-dieu-chinh","8":"product_tag-dong-luc-quyen-luc","9":"product_tag-nhap-vai","10":"product_tag-tro-choi-bondage","12":"first","13":"instock","14":"shipping-taxable","15":"purchasable","16":"product-type-simple"},"acf":[],"yoast_head":"<!-- This site is optimized with the Yoast SEO plugin v27.1.1 - https:\/\/yoast.com\/product\/yoast-seo-wordpress\/ -->\n<title>Noir Rion Lock em C\u00f2ng c\u1ed5 ch\u00e2n - Desire<\/title>\n<meta name=\"robots\" content=\"index, follow, max-snippet:-1, max-image-preview:large, max-video-preview:-1\" \/>\n<link rel=\"canonical\" href=\"https:\/\/desireonline.shop\/vi\/san-pham\/noir-rion-lockem-cong-co-chan\/\" \/>\n<meta property=\"og:locale\" content=\"vi_VN\" \/>\n<meta property=\"og:type\" content=\"article\" \/>\n<meta property=\"og:title\" content=\"Noir Rion Lock em C\u00f2ng c\u1ed5 ch\u00e2n - Desire\" \/>\n<meta property=\"og:description\" content=\"Nh\u1eefng chi\u1ebfc c\u00f2ng c\u1ed5 ch\u00e2n n\u00e0y \u0111\u01b0\u1ee3c thi\u1ebft k\u1ebf cho tr\u1ea3i nghi\u1ec7m r\u00e0ng bu\u1ed9c t\u1eadp trung v\u00e0o s\u1ef1 tho\u1ea3i m\u00e1i. L\u1edbp l\u00f3t m\u1ec1m m\u1ea1i h\u1ed7 tr\u1ee3 \u0111eo trong th\u1eddi gian&hellip;\" \/>\n<meta property=\"og:url\" content=\"https:\/\/desireonline.shop\/vi\/san-pham\/noir-rion-lockem-cong-co-chan\/\" \/>\n<meta property=\"og:site_name\" content=\"Desire\" \/>\n<meta property=\"article:modified_time\" content=\"2026-03-13T02:13:51+00:00\" \/>\n<meta property=\"og:image\" content=\"https:\/\/desireonline.shop\/wp-content\/uploads\/2026\/01\/CN-739504012_01.jpg\" \/>\n\t<meta property=\"og:image:width\" content=\"1280\" \/>\n\t<meta property=\"og:image:height\" content=\"1280\" \/>\n\t<meta property=\"og:image:type\" content=\"image\/jpeg\" \/>\n<meta name=\"twitter:card\" content=\"summary_large_image\" \/>\n<meta name=\"twitter:label1\" content=\"\u01af\u1edbc t\u00ednh th\u1eddi gian \u0111\u1ecdc\" \/>\n\t<meta name=\"twitter:data1\" content=\"1 ph\u00fat\" \/>\n<script type=\"application\/ld+json\" class=\"yoast-schema-graph\">{\"@context\":\"https:\/\/schema.org\",\"@graph\":[{\"@type\":\"WebPage\",\"@id\":\"https:\/\/desireonline.shop\/vi\/san-pham\/noir-rion-lockem-cong-co-chan\/\",\"url\":\"https:\/\/desireonline.shop\/vi\/san-pham\/noir-rion-lockem-cong-co-chan\/\",\"name\":\"Noir Rion Lock em C\u00f2ng c\u1ed5 ch\u00e2n - Desire\",\"isPartOf\":{\"@id\":\"https:\/\/desireonline.shop\/vi\/#website\"},\"primaryImageOfPage\":{\"@id\":\"https:\/\/desireonline.shop\/vi\/san-pham\/noir-rion-lockem-cong-co-chan\/#primaryimage\"},\"image\":{\"@id\":\"https:\/\/desireonline.shop\/vi\/san-pham\/noir-rion-lockem-cong-co-chan\/#primaryimage\"},\"thumbnailUrl\":\"https:\/\/desireonline.shop\/wp-content\/uploads\/2026\/01\/CN-739504012_01.jpg\",\"datePublished\":\"2026-01-30T10:50:00+00:00\",\"dateModified\":\"2026-03-13T02:13:51+00:00\",\"breadcrumb\":{\"@id\":\"https:\/\/desireonline.shop\/vi\/san-pham\/noir-rion-lockem-cong-co-chan\/#breadcrumb\"},\"inLanguage\":\"vi\",\"potentialAction\":[{\"@type\":\"ReadAction\",\"target\":[\"https:\/\/desireonline.shop\/vi\/san-pham\/noir-rion-lockem-cong-co-chan\/\"]}]},{\"@type\":\"ImageObject\",\"inLanguage\":\"vi\",\"@id\":\"https:\/\/desireonline.shop\/vi\/san-pham\/noir-rion-lockem-cong-co-chan\/#primaryimage\",\"url\":\"https:\/\/desireonline.shop\/wp-content\/uploads\/2026\/01\/CN-739504012_01.jpg\",\"contentUrl\":\"https:\/\/desireonline.shop\/wp-content\/uploads\/2026\/01\/CN-739504012_01.jpg\",\"width\":1280,\"height\":1280},{\"@type\":\"BreadcrumbList\",\"@id\":\"https:\/\/desireonline.shop\/vi\/san-pham\/noir-rion-lockem-cong-co-chan\/#breadcrumb\",\"itemListElement\":[{\"@type\":\"ListItem\",\"position\":1,\"name\":\"Home\",\"item\":\"https:\/\/desireonline.shop\/vi\/trang-chu\/?lang=vi\"},{\"@type\":\"ListItem\",\"position\":2,\"name\":\"T\u1ea5t c\u1ea3 s\u1ea3n ph\u1ea9m\",\"item\":\"https:\/\/desireonline.shop\/cua-hang\/?lang=vi\"},{\"@type\":\"ListItem\",\"position\":3,\"name\":\"Noir Rion Lock em C\u00f2ng c\u1ed5 ch\u00e2n\"}]},{\"@type\":\"WebSite\",\"@id\":\"https:\/\/desireonline.shop\/vi\/#website\",\"url\":\"https:\/\/desireonline.shop\/vi\/\",\"name\":\"Desire\",\"description\":\"Sexual Wellness Platform\",\"publisher\":{\"@id\":\"https:\/\/desireonline.shop\/vi\/#organization\"},\"potentialAction\":[{\"@type\":\"SearchAction\",\"target\":{\"@type\":\"EntryPoint\",\"urlTemplate\":\"https:\/\/desireonline.shop\/vi\/?s={search_term_string}\"},\"query-input\":{\"@type\":\"PropertyValueSpecification\",\"valueRequired\":true,\"valueName\":\"search_term_string\"}}],\"inLanguage\":\"vi\"},{\"@type\":\"Organization\",\"@id\":\"https:\/\/desireonline.shop\/vi\/#organization\",\"name\":\"Desire\",\"url\":\"https:\/\/desireonline.shop\/vi\/\",\"logo\":{\"@type\":\"ImageObject\",\"inLanguage\":\"vi\",\"@id\":\"https:\/\/desireonline.shop\/vi\/#\/schema\/logo\/image\/\",\"url\":\"https:\/\/desireonline.shop\/wp-content\/uploads\/2024\/06\/Logo-Thick-Font-1.webp\",\"contentUrl\":\"https:\/\/desireonline.shop\/wp-content\/uploads\/2024\/06\/Logo-Thick-Font-1.webp\",\"width\":268,\"height\":399,\"caption\":\"Desire\"},\"image\":{\"@id\":\"https:\/\/desireonline.shop\/vi\/#\/schema\/logo\/image\/\"}}]}<\/script>\n<!-- \/ Yoast SEO plugin. -->","yoast_head_json":{"title":"Noir Rion Lock em C\u00f2ng c\u1ed5 ch\u00e2n - Desire","robots":{"index":"index","follow":"follow","max-snippet":"max-snippet:-1","max-image-preview":"max-image-preview:large","max-video-preview":"max-video-preview:-1"},"canonical":"https:\/\/desireonline.shop\/vi\/san-pham\/noir-rion-lockem-cong-co-chan\/","og_locale":"vi_VN","og_type":"article","og_title":"Noir Rion Lock em C\u00f2ng c\u1ed5 ch\u00e2n - Desire","og_description":"Nh\u1eefng chi\u1ebfc c\u00f2ng c\u1ed5 ch\u00e2n n\u00e0y \u0111\u01b0\u1ee3c thi\u1ebft k\u1ebf cho tr\u1ea3i nghi\u1ec7m r\u00e0ng bu\u1ed9c t\u1eadp trung v\u00e0o s\u1ef1 tho\u1ea3i m\u00e1i. L\u1edbp l\u00f3t m\u1ec1m m\u1ea1i h\u1ed7 tr\u1ee3 \u0111eo trong th\u1eddi gian&hellip;","og_url":"https:\/\/desireonline.shop\/vi\/san-pham\/noir-rion-lockem-cong-co-chan\/","og_site_name":"Desire","article_modified_time":"2026-03-13T02:13:51+00:00","og_image":[{"width":1280,"height":1280,"url":"https:\/\/desireonline.shop\/wp-content\/uploads\/2026\/01\/CN-739504012_01.jpg","type":"image\/jpeg"}],"twitter_card":"summary_large_image","twitter_misc":{"\u01af\u1edbc t\u00ednh th\u1eddi gian \u0111\u1ecdc":"1 ph\u00fat"},"schema":{"@context":"https:\/\/schema.org","@graph":[{"@type":"WebPage","@id":"https:\/\/desireonline.shop\/vi\/san-pham\/noir-rion-lockem-cong-co-chan\/","url":"https:\/\/desireonline.shop\/vi\/san-pham\/noir-rion-lockem-cong-co-chan\/","name":"Noir Rion Lock em C\u00f2ng c\u1ed5 ch\u00e2n - Desire","isPartOf":{"@id":"https:\/\/desireonline.shop\/vi\/#website"},"primaryImageOfPage":{"@id":"https:\/\/desireonline.shop\/vi\/san-pham\/noir-rion-lockem-cong-co-chan\/#primaryimage"},"image":{"@id":"https:\/\/desireonline.shop\/vi\/san-pham\/noir-rion-lockem-cong-co-chan\/#primaryimage"},"thumbnailUrl":"https:\/\/desireonline.shop\/wp-content\/uploads\/2026\/01\/CN-739504012_01.jpg","datePublished":"2026-01-30T10:50:00+00:00","dateModified":"2026-03-13T02:13:51+00:00","breadcrumb":{"@id":"https:\/\/desireonline.shop\/vi\/san-pham\/noir-rion-lockem-cong-co-chan\/#breadcrumb"},"inLanguage":"vi","potentialAction":[{"@type":"ReadAction","target":["https:\/\/desireonline.shop\/vi\/san-pham\/noir-rion-lockem-cong-co-chan\/"]}]},{"@type":"ImageObject","inLanguage":"vi","@id":"https:\/\/desireonline.shop\/vi\/san-pham\/noir-rion-lockem-cong-co-chan\/#primaryimage","url":"https:\/\/desireonline.shop\/wp-content\/uploads\/2026\/01\/CN-739504012_01.jpg","contentUrl":"https:\/\/desireonline.shop\/wp-content\/uploads\/2026\/01\/CN-739504012_01.jpg","width":1280,"height":1280},{"@type":"BreadcrumbList","@id":"https:\/\/desireonline.shop\/vi\/san-pham\/noir-rion-lockem-cong-co-chan\/#breadcrumb","itemListElement":[{"@type":"ListItem","position":1,"name":"Home","item":"https:\/\/desireonline.shop\/vi\/trang-chu\/?lang=vi"},{"@type":"ListItem","position":2,"name":"T\u1ea5t c\u1ea3 s\u1ea3n ph\u1ea9m","item":"https:\/\/desireonline.shop\/cua-hang\/?lang=vi"},{"@type":"ListItem","position":3,"name":"Noir Rion Lock em C\u00f2ng c\u1ed5 ch\u00e2n"}]},{"@type":"WebSite","@id":"https:\/\/desireonline.shop\/vi\/#website","url":"https:\/\/desireonline.shop\/vi\/","name":"Desire","description":"Sexual Wellness Platform","publisher":{"@id":"https:\/\/desireonline.shop\/vi\/#organization"},"potentialAction":[{"@type":"SearchAction","target":{"@type":"EntryPoint","urlTemplate":"https:\/\/desireonline.shop\/vi\/?s={search_term_string}"},"query-input":{"@type":"PropertyValueSpecification","valueRequired":true,"valueName":"search_term_string"}}],"inLanguage":"vi"},{"@type":"Organization","@id":"https:\/\/desireonline.shop\/vi\/#organization","name":"Desire","url":"https:\/\/desireonline.shop\/vi\/","logo":{"@type":"ImageObject","inLanguage":"vi","@id":"https:\/\/desireonline.shop\/vi\/#\/schema\/logo\/image\/","url":"https:\/\/desireonline.shop\/wp-content\/uploads\/2024\/06\/Logo-Thick-Font-1.webp","contentUrl":"https:\/\/desireonline.shop\/wp-content\/uploads\/2024\/06\/Logo-Thick-Font-1.webp","width":268,"height":399,"caption":"Desire"},"image":{"@id":"https:\/\/desireonline.shop\/vi\/#\/schema\/logo\/image\/"}}]}},"_links":{"self":[{"href":"https:\/\/desireonline.shop\/vi\/wp-json\/wp\/v2\/product\/68471","targetHints":{"allow":["GET"]}}],"collection":[{"href":"https:\/\/desireonline.shop\/vi\/wp-json\/wp\/v2\/product"}],"about":[{"href":"https:\/\/desireonline.shop\/vi\/wp-json\/wp\/v2\/types\/product"}],"replies":[{"embeddable":true,"href":"https:\/\/desireonline.shop\/vi\/wp-json\/wp\/v2\/comments?post=68471"}],"version-history":[{"count":0,"href":"https:\/\/desireonline.shop\/vi\/wp-json\/wp\/v2\/product\/68471\/revisions"}],"wp:featuredmedia":[{"embeddable":true,"href":"https:\/\/desireonline.shop\/vi\/wp-json\/wp\/v2\/media\/60167"}],"wp:attachment":[{"href":"https:\/\/desireonline.shop\/vi\/wp-json\/wp\/v2\/media?parent=68471"}],"wp:term":[{"taxonomy":"product_brand","embeddable":true,"href":"https:\/\/desireonline.shop\/vi\/wp-json\/wp\/v2\/product_brand?post=68471"},{"taxonomy":"product_cat","embeddable":true,"href":"https:\/\/desireonline.shop\/vi\/wp-json\/wp\/v2\/product_cat?post=68471"},{"taxonomy":"product_tag","embeddable":true,"href":"https:\/\/desireonline.shop\/vi\/wp-json\/wp\/v2\/product_tag?post=68471"}],"curies":[{"name":"wp","href":"https:\/\/api.w.org\/{rel}","templated":true}]}}