{"id":68482,"date":"2026-01-30T10:55:00","date_gmt":"2026-01-30T10:55:00","guid":{"rendered":"https:\/\/desireonline.shop\/product\/noir-rion-thanh-co-dinh-dang-spreader-bar\/"},"modified":"2026-01-30T10:55:00","modified_gmt":"2026-01-30T10:55:00","slug":"noir-rion-thanh-co-dinh-dang-spreader-bar","status":"publish","type":"product","link":"https:\/\/desireonline.shop\/vi\/san-pham\/noir-rion-thanh-co-dinh-dang-spreader-bar\/","title":{"rendered":"Noir Rion Thanh c\u1ed1 \u0111\u1ecbnh d\u1ea1ng spreader bar"},"content":{"rendered":"<p>Thanh spreader bar c\u1ed1 \u0111\u1ecbnh n\u00e0y \u0111\u01b0\u1ee3c thi\u1ebft k\u1ebf \u0111\u1ec3 h\u1ed7 tr\u1ee3 c\u00e1c t\u01b0 th\u1ebf c\u00f3 c\u1ea5u tr\u00fac trong khi v\u1eabn \u01b0u ti\u00ean s\u1ef1 tho\u1ea3i m\u00e1i. C\u00f2ng c\u00f3 \u0111\u1ec7m v\u00e0 c\u00f3 th\u1ec3 \u0111i\u1ec1u ch\u1ec9nh gi\u00fap t\u1ea1o \u0111\u1ed9 v\u1eeba v\u1eb7n ch\u1eafc ch\u1eafn, mang l\u1ea1i c\u1ea3m gi\u00e1c an t\u00e2m khi \u0111eo. M\u1ed9t ph\u1ee5 ki\u1ec7n t\u1ef1 tin cho c\u00e1c tr\u1ea3i nghi\u1ec7m r\u00e0ng bu\u1ed9c, khuy\u1ebfn kh\u00edch s\u1ef1 kh\u00e1m ph\u00e1 c\u00f3 \u00fd th\u1ee9c d\u1ef1a tr\u00ean giao ti\u1ebfp, tin t\u01b0\u1edfng v\u00e0 \u00fd \u0111\u1ecbnh chung.<\/p>\n","protected":false},"excerpt":{"rendered":"<p>Thanh spreader bar c\u1ed1 \u0111\u1ecbnh n\u00e0y \u0111\u01b0\u1ee3c thi\u1ebft k\u1ebf \u0111\u1ec3 h\u1ed7 tr\u1ee3 c\u00e1c t\u01b0 th\u1ebf c\u00f3 c\u1ea5u tr\u00fac trong khi v\u1eabn \u01b0u ti\u00ean s\u1ef1 tho\u1ea3i m\u00e1i. C\u00f2ng c\u00f3 \u0111\u1ec7m v\u00e0&hellip;<\/p>\n","protected":false},"featured_media":60185,"comment_status":"open","ping_status":"closed","template":"","meta":{"_acf_changed":false},"product_brand":[],"product_cat":[1361],"product_tag":[1668,1666,1667],"class_list":{"0":"post-68482","1":"product","2":"type-product","3":"status-publish","4":"has-post-thumbnail","6":"product_cat-thanh-co-dinh-tu-the","7":"product_tag-co-the-dieu-chinh","8":"product_tag-tro-choi-bondage","9":"product_tag-tro-choi-troi-buoc","11":"first","12":"instock","13":"shipping-taxable","14":"purchasable","15":"product-type-simple"},"acf":[],"yoast_head":"<!-- This site is optimized with the Yoast SEO plugin v27.1.1 - https:\/\/yoast.com\/product\/yoast-seo-wordpress\/ -->\n<title>Noir Rion Thanh c\u1ed1 \u0111\u1ecbnh d\u1ea1ng spreader bar - Desire<\/title>\n<meta name=\"robots\" content=\"index, follow, max-snippet:-1, max-image-preview:large, max-video-preview:-1\" \/>\n<link rel=\"canonical\" href=\"https:\/\/desireonline.shop\/vi\/san-pham\/noir-rion-thanh-co-dinh-dang-spreader-bar\/\" \/>\n<meta property=\"og:locale\" content=\"vi_VN\" \/>\n<meta property=\"og:type\" content=\"article\" \/>\n<meta property=\"og:title\" content=\"Noir Rion Thanh c\u1ed1 \u0111\u1ecbnh d\u1ea1ng spreader bar - Desire\" \/>\n<meta property=\"og:description\" content=\"Thanh spreader bar c\u1ed1 \u0111\u1ecbnh n\u00e0y \u0111\u01b0\u1ee3c thi\u1ebft k\u1ebf \u0111\u1ec3 h\u1ed7 tr\u1ee3 c\u00e1c t\u01b0 th\u1ebf c\u00f3 c\u1ea5u tr\u00fac trong khi v\u1eabn \u01b0u ti\u00ean s\u1ef1 tho\u1ea3i m\u00e1i. C\u00f2ng c\u00f3 \u0111\u1ec7m v\u00e0&hellip;\" \/>\n<meta property=\"og:url\" content=\"https:\/\/desireonline.shop\/vi\/san-pham\/noir-rion-thanh-co-dinh-dang-spreader-bar\/\" \/>\n<meta property=\"og:site_name\" content=\"Desire\" \/>\n<meta property=\"og:image\" content=\"https:\/\/desireonline.shop\/wp-content\/uploads\/2026\/01\/CN-732143192_01.jpg\" \/>\n\t<meta property=\"og:image:width\" content=\"1280\" \/>\n\t<meta property=\"og:image:height\" content=\"1280\" \/>\n\t<meta property=\"og:image:type\" content=\"image\/jpeg\" \/>\n<meta name=\"twitter:card\" content=\"summary_large_image\" \/>\n<meta name=\"twitter:label1\" content=\"\u01af\u1edbc t\u00ednh th\u1eddi gian \u0111\u1ecdc\" \/>\n\t<meta name=\"twitter:data1\" content=\"1 ph\u00fat\" \/>\n<script type=\"application\/ld+json\" class=\"yoast-schema-graph\">{\"@context\":\"https:\/\/schema.org\",\"@graph\":[{\"@type\":\"WebPage\",\"@id\":\"https:\/\/desireonline.shop\/vi\/san-pham\/noir-rion-thanh-co-dinh-dang-spreader-bar\/\",\"url\":\"https:\/\/desireonline.shop\/vi\/san-pham\/noir-rion-thanh-co-dinh-dang-spreader-bar\/\",\"name\":\"Noir Rion Thanh c\u1ed1 \u0111\u1ecbnh d\u1ea1ng spreader bar - Desire\",\"isPartOf\":{\"@id\":\"https:\/\/desireonline.shop\/vi\/#website\"},\"primaryImageOfPage\":{\"@id\":\"https:\/\/desireonline.shop\/vi\/san-pham\/noir-rion-thanh-co-dinh-dang-spreader-bar\/#primaryimage\"},\"image\":{\"@id\":\"https:\/\/desireonline.shop\/vi\/san-pham\/noir-rion-thanh-co-dinh-dang-spreader-bar\/#primaryimage\"},\"thumbnailUrl\":\"https:\/\/desireonline.shop\/wp-content\/uploads\/2026\/01\/CN-732143192_01.jpg\",\"datePublished\":\"2026-01-30T10:55:00+00:00\",\"breadcrumb\":{\"@id\":\"https:\/\/desireonline.shop\/vi\/san-pham\/noir-rion-thanh-co-dinh-dang-spreader-bar\/#breadcrumb\"},\"inLanguage\":\"vi\",\"potentialAction\":[{\"@type\":\"ReadAction\",\"target\":[\"https:\/\/desireonline.shop\/vi\/san-pham\/noir-rion-thanh-co-dinh-dang-spreader-bar\/\"]}]},{\"@type\":\"ImageObject\",\"inLanguage\":\"vi\",\"@id\":\"https:\/\/desireonline.shop\/vi\/san-pham\/noir-rion-thanh-co-dinh-dang-spreader-bar\/#primaryimage\",\"url\":\"https:\/\/desireonline.shop\/wp-content\/uploads\/2026\/01\/CN-732143192_01.jpg\",\"contentUrl\":\"https:\/\/desireonline.shop\/wp-content\/uploads\/2026\/01\/CN-732143192_01.jpg\",\"width\":1280,\"height\":1280},{\"@type\":\"BreadcrumbList\",\"@id\":\"https:\/\/desireonline.shop\/vi\/san-pham\/noir-rion-thanh-co-dinh-dang-spreader-bar\/#breadcrumb\",\"itemListElement\":[{\"@type\":\"ListItem\",\"position\":1,\"name\":\"Home\",\"item\":\"https:\/\/desireonline.shop\/vi\/trang-chu\/?lang=vi\"},{\"@type\":\"ListItem\",\"position\":2,\"name\":\"T\u1ea5t c\u1ea3 s\u1ea3n ph\u1ea9m\",\"item\":\"https:\/\/desireonline.shop\/cua-hang\/?lang=vi\"},{\"@type\":\"ListItem\",\"position\":3,\"name\":\"Noir Rion Thanh c\u1ed1 \u0111\u1ecbnh d\u1ea1ng spreader bar\"}]},{\"@type\":\"WebSite\",\"@id\":\"https:\/\/desireonline.shop\/vi\/#website\",\"url\":\"https:\/\/desireonline.shop\/vi\/\",\"name\":\"Desire\",\"description\":\"Sexual Wellness Platform\",\"publisher\":{\"@id\":\"https:\/\/desireonline.shop\/vi\/#organization\"},\"potentialAction\":[{\"@type\":\"SearchAction\",\"target\":{\"@type\":\"EntryPoint\",\"urlTemplate\":\"https:\/\/desireonline.shop\/vi\/?s={search_term_string}\"},\"query-input\":{\"@type\":\"PropertyValueSpecification\",\"valueRequired\":true,\"valueName\":\"search_term_string\"}}],\"inLanguage\":\"vi\"},{\"@type\":\"Organization\",\"@id\":\"https:\/\/desireonline.shop\/vi\/#organization\",\"name\":\"Desire\",\"url\":\"https:\/\/desireonline.shop\/vi\/\",\"logo\":{\"@type\":\"ImageObject\",\"inLanguage\":\"vi\",\"@id\":\"https:\/\/desireonline.shop\/vi\/#\/schema\/logo\/image\/\",\"url\":\"https:\/\/desireonline.shop\/wp-content\/uploads\/2024\/06\/Logo-Thick-Font-1.webp\",\"contentUrl\":\"https:\/\/desireonline.shop\/wp-content\/uploads\/2024\/06\/Logo-Thick-Font-1.webp\",\"width\":268,\"height\":399,\"caption\":\"Desire\"},\"image\":{\"@id\":\"https:\/\/desireonline.shop\/vi\/#\/schema\/logo\/image\/\"}}]}<\/script>\n<!-- \/ Yoast SEO plugin. -->","yoast_head_json":{"title":"Noir Rion Thanh c\u1ed1 \u0111\u1ecbnh d\u1ea1ng spreader bar - Desire","robots":{"index":"index","follow":"follow","max-snippet":"max-snippet:-1","max-image-preview":"max-image-preview:large","max-video-preview":"max-video-preview:-1"},"canonical":"https:\/\/desireonline.shop\/vi\/san-pham\/noir-rion-thanh-co-dinh-dang-spreader-bar\/","og_locale":"vi_VN","og_type":"article","og_title":"Noir Rion Thanh c\u1ed1 \u0111\u1ecbnh d\u1ea1ng spreader bar - Desire","og_description":"Thanh spreader bar c\u1ed1 \u0111\u1ecbnh n\u00e0y \u0111\u01b0\u1ee3c thi\u1ebft k\u1ebf \u0111\u1ec3 h\u1ed7 tr\u1ee3 c\u00e1c t\u01b0 th\u1ebf c\u00f3 c\u1ea5u tr\u00fac trong khi v\u1eabn \u01b0u ti\u00ean s\u1ef1 tho\u1ea3i m\u00e1i. C\u00f2ng c\u00f3 \u0111\u1ec7m v\u00e0&hellip;","og_url":"https:\/\/desireonline.shop\/vi\/san-pham\/noir-rion-thanh-co-dinh-dang-spreader-bar\/","og_site_name":"Desire","og_image":[{"width":1280,"height":1280,"url":"https:\/\/desireonline.shop\/wp-content\/uploads\/2026\/01\/CN-732143192_01.jpg","type":"image\/jpeg"}],"twitter_card":"summary_large_image","twitter_misc":{"\u01af\u1edbc t\u00ednh th\u1eddi gian \u0111\u1ecdc":"1 ph\u00fat"},"schema":{"@context":"https:\/\/schema.org","@graph":[{"@type":"WebPage","@id":"https:\/\/desireonline.shop\/vi\/san-pham\/noir-rion-thanh-co-dinh-dang-spreader-bar\/","url":"https:\/\/desireonline.shop\/vi\/san-pham\/noir-rion-thanh-co-dinh-dang-spreader-bar\/","name":"Noir Rion Thanh c\u1ed1 \u0111\u1ecbnh d\u1ea1ng spreader bar - Desire","isPartOf":{"@id":"https:\/\/desireonline.shop\/vi\/#website"},"primaryImageOfPage":{"@id":"https:\/\/desireonline.shop\/vi\/san-pham\/noir-rion-thanh-co-dinh-dang-spreader-bar\/#primaryimage"},"image":{"@id":"https:\/\/desireonline.shop\/vi\/san-pham\/noir-rion-thanh-co-dinh-dang-spreader-bar\/#primaryimage"},"thumbnailUrl":"https:\/\/desireonline.shop\/wp-content\/uploads\/2026\/01\/CN-732143192_01.jpg","datePublished":"2026-01-30T10:55:00+00:00","breadcrumb":{"@id":"https:\/\/desireonline.shop\/vi\/san-pham\/noir-rion-thanh-co-dinh-dang-spreader-bar\/#breadcrumb"},"inLanguage":"vi","potentialAction":[{"@type":"ReadAction","target":["https:\/\/desireonline.shop\/vi\/san-pham\/noir-rion-thanh-co-dinh-dang-spreader-bar\/"]}]},{"@type":"ImageObject","inLanguage":"vi","@id":"https:\/\/desireonline.shop\/vi\/san-pham\/noir-rion-thanh-co-dinh-dang-spreader-bar\/#primaryimage","url":"https:\/\/desireonline.shop\/wp-content\/uploads\/2026\/01\/CN-732143192_01.jpg","contentUrl":"https:\/\/desireonline.shop\/wp-content\/uploads\/2026\/01\/CN-732143192_01.jpg","width":1280,"height":1280},{"@type":"BreadcrumbList","@id":"https:\/\/desireonline.shop\/vi\/san-pham\/noir-rion-thanh-co-dinh-dang-spreader-bar\/#breadcrumb","itemListElement":[{"@type":"ListItem","position":1,"name":"Home","item":"https:\/\/desireonline.shop\/vi\/trang-chu\/?lang=vi"},{"@type":"ListItem","position":2,"name":"T\u1ea5t c\u1ea3 s\u1ea3n ph\u1ea9m","item":"https:\/\/desireonline.shop\/cua-hang\/?lang=vi"},{"@type":"ListItem","position":3,"name":"Noir Rion Thanh c\u1ed1 \u0111\u1ecbnh d\u1ea1ng spreader bar"}]},{"@type":"WebSite","@id":"https:\/\/desireonline.shop\/vi\/#website","url":"https:\/\/desireonline.shop\/vi\/","name":"Desire","description":"Sexual Wellness Platform","publisher":{"@id":"https:\/\/desireonline.shop\/vi\/#organization"},"potentialAction":[{"@type":"SearchAction","target":{"@type":"EntryPoint","urlTemplate":"https:\/\/desireonline.shop\/vi\/?s={search_term_string}"},"query-input":{"@type":"PropertyValueSpecification","valueRequired":true,"valueName":"search_term_string"}}],"inLanguage":"vi"},{"@type":"Organization","@id":"https:\/\/desireonline.shop\/vi\/#organization","name":"Desire","url":"https:\/\/desireonline.shop\/vi\/","logo":{"@type":"ImageObject","inLanguage":"vi","@id":"https:\/\/desireonline.shop\/vi\/#\/schema\/logo\/image\/","url":"https:\/\/desireonline.shop\/wp-content\/uploads\/2024\/06\/Logo-Thick-Font-1.webp","contentUrl":"https:\/\/desireonline.shop\/wp-content\/uploads\/2024\/06\/Logo-Thick-Font-1.webp","width":268,"height":399,"caption":"Desire"},"image":{"@id":"https:\/\/desireonline.shop\/vi\/#\/schema\/logo\/image\/"}}]}},"_links":{"self":[{"href":"https:\/\/desireonline.shop\/vi\/wp-json\/wp\/v2\/product\/68482","targetHints":{"allow":["GET"]}}],"collection":[{"href":"https:\/\/desireonline.shop\/vi\/wp-json\/wp\/v2\/product"}],"about":[{"href":"https:\/\/desireonline.shop\/vi\/wp-json\/wp\/v2\/types\/product"}],"replies":[{"embeddable":true,"href":"https:\/\/desireonline.shop\/vi\/wp-json\/wp\/v2\/comments?post=68482"}],"version-history":[{"count":0,"href":"https:\/\/desireonline.shop\/vi\/wp-json\/wp\/v2\/product\/68482\/revisions"}],"wp:featuredmedia":[{"embeddable":true,"href":"https:\/\/desireonline.shop\/vi\/wp-json\/wp\/v2\/media\/60185"}],"wp:attachment":[{"href":"https:\/\/desireonline.shop\/vi\/wp-json\/wp\/v2\/media?parent=68482"}],"wp:term":[{"taxonomy":"product_brand","embeddable":true,"href":"https:\/\/desireonline.shop\/vi\/wp-json\/wp\/v2\/product_brand?post=68482"},{"taxonomy":"product_cat","embeddable":true,"href":"https:\/\/desireonline.shop\/vi\/wp-json\/wp\/v2\/product_cat?post=68482"},{"taxonomy":"product_tag","embeddable":true,"href":"https:\/\/desireonline.shop\/vi\/wp-json\/wp\/v2\/product_tag?post=68482"}],"curies":[{"name":"wp","href":"https:\/\/api.w.org\/{rel}","templated":true}]}}