{"id":68510,"date":"2026-01-30T11:03:00","date_gmt":"2026-01-30T11:03:00","guid":{"rendered":"https:\/\/desireonline.shop\/product\/mx-am-dao-gia-nam-lara-realistic-vagina-cup\/"},"modified":"2026-01-30T11:03:00","modified_gmt":"2026-01-30T11:03:00","slug":"mx-am-dao-gia-nam-lara-realistic-vagina-cup","status":"publish","type":"product","link":"https:\/\/desireonline.shop\/vi\/san-pham\/mx-am-dao-gia-nam-lara-realistic-vagina-cup\/","title":{"rendered":"MX \u00c2m \u0111\u1ea1o gi\u1ea3 nam Lara Realistic Vagina Cup"},"content":{"rendered":"<p>\u0110\u01b0\u1ee3c thi\u1ebft k\u1ebf \u0111\u1ec3 mang l\u1ea1i kho\u00e1i c\u1ea3m ch\u00e2n th\u1ef1c, c\u1ed1c th\u1ee7 d\u00e2m n\u00e0y c\u00f3 l\u1edbp l\u00f3t k\u1ebft c\u1ea5u c\u1ea3m gi\u00e1c nh\u01b0 th\u1eadt v\u00e0 c\u1eeda v\u00e0o s\u1ed1ng \u0111\u1ed9ng gi\u00fap t\u0103ng c\u01b0\u1eddng c\u1ea3m gi\u00e1c t\u1eeb \u0111\u1ea7u \u0111\u1ebfn cu\u1ed1i. K\u1ebft c\u1ea5u b\u00ean trong \u0111\u01b0\u1ee3c thi\u1ebft k\u1ebf \u0111\u1ec3 k\u00edch th\u00edch v\u00e0 cu\u1ed1n h\u00fat, t\u1ea1o n\u00ean tr\u1ea3i nghi\u1ec7m th\u1ecfa m\u00e3n v\u00e0 tr\u1ecdn v\u1eb9n h\u01a1n.<\/p>\n<p>K\u1ebft c\u1ea5u b\u00ean trong \u0111\u01b0\u1ee3c thi\u1ebft k\u1ebf \u0111\u1ec3 k\u00edch th\u00edch v\u00e0 cu\u1ed1n h\u00fat, t\u1ea1o n\u00ean tr\u1ea3i nghi\u1ec7m th\u1ecfa m\u00e3n v\u00e0 tr\u1ecdn v\u1eb9n h\u01a1n. \u0110\u01b0\u1ee3c thi\u1ebft k\u1ebf c\u1ea9n th\u1eadn \u0111\u1ec3 d\u1ec5 s\u1eed d\u1ee5ng v\u00e0 t\u1eadn h\u01b0\u1edfng, s\u1ea3n ph\u1ea9m l\u00fd t\u01b0\u1edfng cho nh\u1eefng ph\u00fat gi\u00e2y t\u1ef1 kh\u00e1m ph\u00e1 v\u00e0 t\u00ecm ra \u0111i\u1ec1u mang l\u1ea1i c\u1ea3m gi\u00e1c t\u1ed1t nh\u1ea5t.<\/p>\n","protected":false},"excerpt":{"rendered":"<p>\u0110\u01b0\u1ee3c thi\u1ebft k\u1ebf \u0111\u1ec3 mang l\u1ea1i kho\u00e1i c\u1ea3m ch\u00e2n th\u1ef1c, c\u1ed1c th\u1ee7 d\u00e2m n\u00e0y c\u00f3 l\u1edbp l\u00f3t k\u1ebft c\u1ea5u c\u1ea3m gi\u00e1c nh\u01b0 th\u1eadt v\u00e0 c\u1eeda v\u00e0o s\u1ed1ng \u0111\u1ed9ng gi\u00fap t\u0103ng&hellip;<\/p>\n","protected":false},"featured_media":60217,"comment_status":"open","ping_status":"closed","template":"","meta":{"_acf_changed":false},"product_brand":[],"product_cat":[1411],"product_tag":[1660,1678,1676,1659,1677],"class_list":{"0":"post-68510","1":"product","2":"type-product","3":"status-publish","4":"has-post-thumbnail","6":"product_cat-san-pham-mo-phong-am-dao","7":"product_tag-an-toan-cho-co-the","8":"product_tag-cam-giac-chan-thuc","9":"product_tag-danh-cho-nam-gioi","10":"product_tag-kich-thich-ben-trong","11":"product_tag-tu-suong","13":"first","14":"instock","15":"shipping-taxable","16":"purchasable","17":"product-type-simple"},"acf":[],"yoast_head":"<!-- This site is optimized with the Yoast SEO plugin v27.1.1 - https:\/\/yoast.com\/product\/yoast-seo-wordpress\/ -->\n<title>MX \u00c2m \u0111\u1ea1o gi\u1ea3 nam Lara Realistic Vagina Cup - Desire<\/title>\n<meta name=\"robots\" content=\"index, follow, max-snippet:-1, max-image-preview:large, max-video-preview:-1\" \/>\n<link rel=\"canonical\" href=\"https:\/\/desireonline.shop\/vi\/san-pham\/mx-am-dao-gia-nam-lara-realistic-vagina-cup\/\" \/>\n<meta property=\"og:locale\" content=\"vi_VN\" \/>\n<meta property=\"og:type\" content=\"article\" \/>\n<meta property=\"og:title\" content=\"MX \u00c2m \u0111\u1ea1o gi\u1ea3 nam Lara Realistic Vagina Cup - Desire\" \/>\n<meta property=\"og:description\" content=\"\u0110\u01b0\u1ee3c thi\u1ebft k\u1ebf \u0111\u1ec3 mang l\u1ea1i kho\u00e1i c\u1ea3m ch\u00e2n th\u1ef1c, c\u1ed1c th\u1ee7 d\u00e2m n\u00e0y c\u00f3 l\u1edbp l\u00f3t k\u1ebft c\u1ea5u c\u1ea3m gi\u00e1c nh\u01b0 th\u1eadt v\u00e0 c\u1eeda v\u00e0o s\u1ed1ng \u0111\u1ed9ng gi\u00fap t\u0103ng&hellip;\" \/>\n<meta property=\"og:url\" content=\"https:\/\/desireonline.shop\/vi\/san-pham\/mx-am-dao-gia-nam-lara-realistic-vagina-cup\/\" \/>\n<meta property=\"og:site_name\" content=\"Desire\" \/>\n<meta property=\"og:image\" content=\"https:\/\/desireonline.shop\/wp-content\/uploads\/2026\/01\/CN-628302217_00.jpg\" \/>\n\t<meta property=\"og:image:width\" content=\"1000\" \/>\n\t<meta property=\"og:image:height\" content=\"1000\" \/>\n\t<meta property=\"og:image:type\" content=\"image\/jpeg\" \/>\n<meta name=\"twitter:card\" content=\"summary_large_image\" \/>\n<meta name=\"twitter:label1\" content=\"\u01af\u1edbc t\u00ednh th\u1eddi gian \u0111\u1ecdc\" \/>\n\t<meta name=\"twitter:data1\" content=\"1 ph\u00fat\" \/>\n<script type=\"application\/ld+json\" class=\"yoast-schema-graph\">{\"@context\":\"https:\/\/schema.org\",\"@graph\":[{\"@type\":\"WebPage\",\"@id\":\"https:\/\/desireonline.shop\/vi\/san-pham\/mx-am-dao-gia-nam-lara-realistic-vagina-cup\/\",\"url\":\"https:\/\/desireonline.shop\/vi\/san-pham\/mx-am-dao-gia-nam-lara-realistic-vagina-cup\/\",\"name\":\"MX \u00c2m \u0111\u1ea1o gi\u1ea3 nam Lara Realistic Vagina Cup - Desire\",\"isPartOf\":{\"@id\":\"https:\/\/desireonline.shop\/vi\/#website\"},\"primaryImageOfPage\":{\"@id\":\"https:\/\/desireonline.shop\/vi\/san-pham\/mx-am-dao-gia-nam-lara-realistic-vagina-cup\/#primaryimage\"},\"image\":{\"@id\":\"https:\/\/desireonline.shop\/vi\/san-pham\/mx-am-dao-gia-nam-lara-realistic-vagina-cup\/#primaryimage\"},\"thumbnailUrl\":\"https:\/\/desireonline.shop\/wp-content\/uploads\/2026\/01\/CN-628302217_00.jpg\",\"datePublished\":\"2026-01-30T11:03:00+00:00\",\"breadcrumb\":{\"@id\":\"https:\/\/desireonline.shop\/vi\/san-pham\/mx-am-dao-gia-nam-lara-realistic-vagina-cup\/#breadcrumb\"},\"inLanguage\":\"vi\",\"potentialAction\":[{\"@type\":\"ReadAction\",\"target\":[\"https:\/\/desireonline.shop\/vi\/san-pham\/mx-am-dao-gia-nam-lara-realistic-vagina-cup\/\"]}]},{\"@type\":\"ImageObject\",\"inLanguage\":\"vi\",\"@id\":\"https:\/\/desireonline.shop\/vi\/san-pham\/mx-am-dao-gia-nam-lara-realistic-vagina-cup\/#primaryimage\",\"url\":\"https:\/\/desireonline.shop\/wp-content\/uploads\/2026\/01\/CN-628302217_00.jpg\",\"contentUrl\":\"https:\/\/desireonline.shop\/wp-content\/uploads\/2026\/01\/CN-628302217_00.jpg\",\"width\":1000,\"height\":1000},{\"@type\":\"BreadcrumbList\",\"@id\":\"https:\/\/desireonline.shop\/vi\/san-pham\/mx-am-dao-gia-nam-lara-realistic-vagina-cup\/#breadcrumb\",\"itemListElement\":[{\"@type\":\"ListItem\",\"position\":1,\"name\":\"Home\",\"item\":\"https:\/\/desireonline.shop\/vi\/trang-chu\/?lang=vi\"},{\"@type\":\"ListItem\",\"position\":2,\"name\":\"T\u1ea5t c\u1ea3 s\u1ea3n ph\u1ea9m\",\"item\":\"https:\/\/desireonline.shop\/cua-hang\/?lang=vi\"},{\"@type\":\"ListItem\",\"position\":3,\"name\":\"MX \u00c2m \u0111\u1ea1o gi\u1ea3 nam Lara Realistic Vagina Cup\"}]},{\"@type\":\"WebSite\",\"@id\":\"https:\/\/desireonline.shop\/vi\/#website\",\"url\":\"https:\/\/desireonline.shop\/vi\/\",\"name\":\"Desire\",\"description\":\"Sexual Wellness Platform\",\"publisher\":{\"@id\":\"https:\/\/desireonline.shop\/vi\/#organization\"},\"potentialAction\":[{\"@type\":\"SearchAction\",\"target\":{\"@type\":\"EntryPoint\",\"urlTemplate\":\"https:\/\/desireonline.shop\/vi\/?s={search_term_string}\"},\"query-input\":{\"@type\":\"PropertyValueSpecification\",\"valueRequired\":true,\"valueName\":\"search_term_string\"}}],\"inLanguage\":\"vi\"},{\"@type\":\"Organization\",\"@id\":\"https:\/\/desireonline.shop\/vi\/#organization\",\"name\":\"Desire\",\"url\":\"https:\/\/desireonline.shop\/vi\/\",\"logo\":{\"@type\":\"ImageObject\",\"inLanguage\":\"vi\",\"@id\":\"https:\/\/desireonline.shop\/vi\/#\/schema\/logo\/image\/\",\"url\":\"https:\/\/desireonline.shop\/wp-content\/uploads\/2024\/06\/Logo-Thick-Font-1.webp\",\"contentUrl\":\"https:\/\/desireonline.shop\/wp-content\/uploads\/2024\/06\/Logo-Thick-Font-1.webp\",\"width\":268,\"height\":399,\"caption\":\"Desire\"},\"image\":{\"@id\":\"https:\/\/desireonline.shop\/vi\/#\/schema\/logo\/image\/\"}}]}<\/script>\n<!-- \/ Yoast SEO plugin. -->","yoast_head_json":{"title":"MX \u00c2m \u0111\u1ea1o gi\u1ea3 nam Lara Realistic Vagina Cup - Desire","robots":{"index":"index","follow":"follow","max-snippet":"max-snippet:-1","max-image-preview":"max-image-preview:large","max-video-preview":"max-video-preview:-1"},"canonical":"https:\/\/desireonline.shop\/vi\/san-pham\/mx-am-dao-gia-nam-lara-realistic-vagina-cup\/","og_locale":"vi_VN","og_type":"article","og_title":"MX \u00c2m \u0111\u1ea1o gi\u1ea3 nam Lara Realistic Vagina Cup - Desire","og_description":"\u0110\u01b0\u1ee3c thi\u1ebft k\u1ebf \u0111\u1ec3 mang l\u1ea1i kho\u00e1i c\u1ea3m ch\u00e2n th\u1ef1c, c\u1ed1c th\u1ee7 d\u00e2m n\u00e0y c\u00f3 l\u1edbp l\u00f3t k\u1ebft c\u1ea5u c\u1ea3m gi\u00e1c nh\u01b0 th\u1eadt v\u00e0 c\u1eeda v\u00e0o s\u1ed1ng \u0111\u1ed9ng gi\u00fap t\u0103ng&hellip;","og_url":"https:\/\/desireonline.shop\/vi\/san-pham\/mx-am-dao-gia-nam-lara-realistic-vagina-cup\/","og_site_name":"Desire","og_image":[{"width":1000,"height":1000,"url":"https:\/\/desireonline.shop\/wp-content\/uploads\/2026\/01\/CN-628302217_00.jpg","type":"image\/jpeg"}],"twitter_card":"summary_large_image","twitter_misc":{"\u01af\u1edbc t\u00ednh th\u1eddi gian \u0111\u1ecdc":"1 ph\u00fat"},"schema":{"@context":"https:\/\/schema.org","@graph":[{"@type":"WebPage","@id":"https:\/\/desireonline.shop\/vi\/san-pham\/mx-am-dao-gia-nam-lara-realistic-vagina-cup\/","url":"https:\/\/desireonline.shop\/vi\/san-pham\/mx-am-dao-gia-nam-lara-realistic-vagina-cup\/","name":"MX \u00c2m \u0111\u1ea1o gi\u1ea3 nam Lara Realistic Vagina Cup - Desire","isPartOf":{"@id":"https:\/\/desireonline.shop\/vi\/#website"},"primaryImageOfPage":{"@id":"https:\/\/desireonline.shop\/vi\/san-pham\/mx-am-dao-gia-nam-lara-realistic-vagina-cup\/#primaryimage"},"image":{"@id":"https:\/\/desireonline.shop\/vi\/san-pham\/mx-am-dao-gia-nam-lara-realistic-vagina-cup\/#primaryimage"},"thumbnailUrl":"https:\/\/desireonline.shop\/wp-content\/uploads\/2026\/01\/CN-628302217_00.jpg","datePublished":"2026-01-30T11:03:00+00:00","breadcrumb":{"@id":"https:\/\/desireonline.shop\/vi\/san-pham\/mx-am-dao-gia-nam-lara-realistic-vagina-cup\/#breadcrumb"},"inLanguage":"vi","potentialAction":[{"@type":"ReadAction","target":["https:\/\/desireonline.shop\/vi\/san-pham\/mx-am-dao-gia-nam-lara-realistic-vagina-cup\/"]}]},{"@type":"ImageObject","inLanguage":"vi","@id":"https:\/\/desireonline.shop\/vi\/san-pham\/mx-am-dao-gia-nam-lara-realistic-vagina-cup\/#primaryimage","url":"https:\/\/desireonline.shop\/wp-content\/uploads\/2026\/01\/CN-628302217_00.jpg","contentUrl":"https:\/\/desireonline.shop\/wp-content\/uploads\/2026\/01\/CN-628302217_00.jpg","width":1000,"height":1000},{"@type":"BreadcrumbList","@id":"https:\/\/desireonline.shop\/vi\/san-pham\/mx-am-dao-gia-nam-lara-realistic-vagina-cup\/#breadcrumb","itemListElement":[{"@type":"ListItem","position":1,"name":"Home","item":"https:\/\/desireonline.shop\/vi\/trang-chu\/?lang=vi"},{"@type":"ListItem","position":2,"name":"T\u1ea5t c\u1ea3 s\u1ea3n ph\u1ea9m","item":"https:\/\/desireonline.shop\/cua-hang\/?lang=vi"},{"@type":"ListItem","position":3,"name":"MX \u00c2m \u0111\u1ea1o gi\u1ea3 nam Lara Realistic Vagina Cup"}]},{"@type":"WebSite","@id":"https:\/\/desireonline.shop\/vi\/#website","url":"https:\/\/desireonline.shop\/vi\/","name":"Desire","description":"Sexual Wellness Platform","publisher":{"@id":"https:\/\/desireonline.shop\/vi\/#organization"},"potentialAction":[{"@type":"SearchAction","target":{"@type":"EntryPoint","urlTemplate":"https:\/\/desireonline.shop\/vi\/?s={search_term_string}"},"query-input":{"@type":"PropertyValueSpecification","valueRequired":true,"valueName":"search_term_string"}}],"inLanguage":"vi"},{"@type":"Organization","@id":"https:\/\/desireonline.shop\/vi\/#organization","name":"Desire","url":"https:\/\/desireonline.shop\/vi\/","logo":{"@type":"ImageObject","inLanguage":"vi","@id":"https:\/\/desireonline.shop\/vi\/#\/schema\/logo\/image\/","url":"https:\/\/desireonline.shop\/wp-content\/uploads\/2024\/06\/Logo-Thick-Font-1.webp","contentUrl":"https:\/\/desireonline.shop\/wp-content\/uploads\/2024\/06\/Logo-Thick-Font-1.webp","width":268,"height":399,"caption":"Desire"},"image":{"@id":"https:\/\/desireonline.shop\/vi\/#\/schema\/logo\/image\/"}}]}},"_links":{"self":[{"href":"https:\/\/desireonline.shop\/vi\/wp-json\/wp\/v2\/product\/68510","targetHints":{"allow":["GET"]}}],"collection":[{"href":"https:\/\/desireonline.shop\/vi\/wp-json\/wp\/v2\/product"}],"about":[{"href":"https:\/\/desireonline.shop\/vi\/wp-json\/wp\/v2\/types\/product"}],"replies":[{"embeddable":true,"href":"https:\/\/desireonline.shop\/vi\/wp-json\/wp\/v2\/comments?post=68510"}],"version-history":[{"count":0,"href":"https:\/\/desireonline.shop\/vi\/wp-json\/wp\/v2\/product\/68510\/revisions"}],"wp:featuredmedia":[{"embeddable":true,"href":"https:\/\/desireonline.shop\/vi\/wp-json\/wp\/v2\/media\/60217"}],"wp:attachment":[{"href":"https:\/\/desireonline.shop\/vi\/wp-json\/wp\/v2\/media?parent=68510"}],"wp:term":[{"taxonomy":"product_brand","embeddable":true,"href":"https:\/\/desireonline.shop\/vi\/wp-json\/wp\/v2\/product_brand?post=68510"},{"taxonomy":"product_cat","embeddable":true,"href":"https:\/\/desireonline.shop\/vi\/wp-json\/wp\/v2\/product_cat?post=68510"},{"taxonomy":"product_tag","embeddable":true,"href":"https:\/\/desireonline.shop\/vi\/wp-json\/wp\/v2\/product_tag?post=68510"}],"curies":[{"name":"wp","href":"https:\/\/api.w.org\/{rel}","templated":true}]}}