{"id":68550,"date":"2026-01-30T11:08:00","date_gmt":"2026-01-30T11:08:00","guid":{"rendered":"https:\/\/desireonline.shop\/product\/intro-to-anal-bum-dung-cu-thut-rua-hau-mon-buddy\/"},"modified":"2026-01-30T11:08:00","modified_gmt":"2026-01-30T11:08:00","slug":"intro-to-anal-bum-dung-cu-thut-rua-hau-mon-buddy","status":"publish","type":"product","link":"https:\/\/desireonline.shop\/vi\/san-pham\/intro-to-anal-bum-dung-cu-thut-rua-hau-mon-buddy\/","title":{"rendered":"Intro To Anal Bum D\u1ee5ng c\u1ee5 th\u1ee5t r\u1eeda h\u1eadu m\u00f4n Buddy"},"content":{"rendered":"<p>\u0110\u01b0\u1ee3c thi\u1ebft k\u1ebf \u0111\u1ec3 h\u1ed7 tr\u1ee3 chu\u1ea9n b\u1ecb m\u1ed9t c\u00e1ch t\u1ef1 tin, d\u1ee5ng c\u1ee5 th\u1ee5t r\u1eeda n\u00e0y c\u00f3 \u0111\u1ea7u v\u00f2i tr\u01a1n v\u1edbi d\u00f2ng n\u01b0\u1edbc 360\u00b0 gi\u00fap l\u00e0m s\u1ea1ch \u0111\u1ec1u v\u00e0 k\u1ef9 l\u01b0\u1ee1ng. Thi\u1ebft k\u1ebf \u0111\u1ea7u tr\u00f2n gi\u00fap s\u1eed d\u1ee5ng tho\u1ea3i m\u00e1i trong khi cho ph\u00e9p n\u01b0\u1edbc ch\u1ea3y nh\u1eb9 nh\u00e0ng theo m\u1ecdi h\u01b0\u1edbng.<\/p>\n<p>Ph\u00f9 h\u1ee3p cho nh\u1eefng ng\u01b0\u1eddi m\u1edbi kh\u00e1m ph\u00e1 k\u00edch th\u00edch h\u1eadu m\u00f4n ho\u1eb7c \u0111ang t\u00ecm ki\u1ebfm m\u1ed9t th\u00f3i quen v\u1ec7 sinh \u0111\u00e1ng tin c\u1eady, s\u1ea3n ph\u1ea9m mang l\u1ea1i c\u01a1 ch\u1ebf b\u00f3p v\u00e0 th\u1ea3 \u0111\u01a1n gi\u1ea3n \u0111\u1ec3 d\u1ec5 d\u00e0ng s\u1eed d\u1ee5ng v\u00e0 y\u00ean t\u00e2m h\u01a1n. M\u1ed9t b\u1ed5 sung h\u1eefu \u00edch cho vi\u1ec7c ch\u0103m s\u00f3c th\u00e2n m\u1eadt, gi\u00fap b\u1ea1n c\u1ea3m th\u1ea5y t\u01b0\u01a1i m\u1edbi, th\u01b0 gi\u00e3n v\u00e0 s\u1eb5n s\u00e0ng t\u1eadn h\u01b0\u1edfng kho\u1ea3nh kh\u1eafc.<\/p>\n","protected":false},"excerpt":{"rendered":"<p>\u0110\u01b0\u1ee3c thi\u1ebft k\u1ebf \u0111\u1ec3 h\u1ed7 tr\u1ee3 chu\u1ea9n b\u1ecb m\u1ed9t c\u00e1ch t\u1ef1 tin, d\u1ee5ng c\u1ee5 th\u1ee5t r\u1eeda n\u00e0y c\u00f3 \u0111\u1ea7u v\u00f2i tr\u01a1n v\u1edbi d\u00f2ng n\u01b0\u1edbc 360\u00b0 gi\u00fap l\u00e0m s\u1ea1ch \u0111\u1ec1u v\u00e0&hellip;<\/p>\n","protected":false},"featured_media":60236,"comment_status":"open","ping_status":"closed","template":"","meta":{"_acf_changed":false},"product_brand":[],"product_cat":[1417,1398],"product_tag":[1660,1824,1657,1661],"class_list":{"0":"post-68550","1":"product","2":"type-product","3":"status-publish","4":"has-post-thumbnail","6":"product_cat-dung-cu-ve-sinh-thut-rua","7":"product_cat-duoc-thiet-ke-de-deo-thoai-mai-va-an-toan-nut-hau-mon-mang-den-cam-giac-day-nhe-voi-do-co-dinh-cao-phu-hop-cho-nguoi-moi-bat-dau-va-nguoi-dung-co-kinh-nghiem","8":"product_tag-an-toan-cho-co-the","9":"product_tag-de-dang-ve-sinh","10":"product_tag-phu-hop-cho-nguoi-moi","11":"product_tag-tap-trung-hau-mon","13":"first","14":"instock","15":"shipping-taxable","16":"purchasable","17":"product-type-simple"},"acf":[],"yoast_head":"<!-- This site is optimized with the Yoast SEO plugin v27.1.1 - https:\/\/yoast.com\/product\/yoast-seo-wordpress\/ -->\n<title>Intro To Anal Bum D\u1ee5ng c\u1ee5 th\u1ee5t r\u1eeda h\u1eadu m\u00f4n Buddy - Desire<\/title>\n<meta name=\"robots\" content=\"index, follow, max-snippet:-1, max-image-preview:large, max-video-preview:-1\" \/>\n<link rel=\"canonical\" href=\"https:\/\/desireonline.shop\/vi\/san-pham\/intro-to-anal-bum-dung-cu-thut-rua-hau-mon-buddy\/\" \/>\n<meta property=\"og:locale\" content=\"vi_VN\" \/>\n<meta property=\"og:type\" content=\"article\" \/>\n<meta property=\"og:title\" content=\"Intro To Anal Bum D\u1ee5ng c\u1ee5 th\u1ee5t r\u1eeda h\u1eadu m\u00f4n Buddy - Desire\" \/>\n<meta property=\"og:description\" content=\"\u0110\u01b0\u1ee3c thi\u1ebft k\u1ebf \u0111\u1ec3 h\u1ed7 tr\u1ee3 chu\u1ea9n b\u1ecb m\u1ed9t c\u00e1ch t\u1ef1 tin, d\u1ee5ng c\u1ee5 th\u1ee5t r\u1eeda n\u00e0y c\u00f3 \u0111\u1ea7u v\u00f2i tr\u01a1n v\u1edbi d\u00f2ng n\u01b0\u1edbc 360\u00b0 gi\u00fap l\u00e0m s\u1ea1ch \u0111\u1ec1u v\u00e0&hellip;\" \/>\n<meta property=\"og:url\" content=\"https:\/\/desireonline.shop\/vi\/san-pham\/intro-to-anal-bum-dung-cu-thut-rua-hau-mon-buddy\/\" \/>\n<meta property=\"og:site_name\" content=\"Desire\" \/>\n<meta property=\"og:image\" content=\"https:\/\/desireonline.shop\/wp-content\/uploads\/2026\/01\/CN-511454415_00-scaled.jpg\" \/>\n\t<meta property=\"og:image:width\" content=\"2560\" \/>\n\t<meta property=\"og:image:height\" content=\"2560\" \/>\n\t<meta property=\"og:image:type\" content=\"image\/jpeg\" \/>\n<meta name=\"twitter:card\" content=\"summary_large_image\" \/>\n<meta name=\"twitter:label1\" content=\"\u01af\u1edbc t\u00ednh th\u1eddi gian \u0111\u1ecdc\" \/>\n\t<meta name=\"twitter:data1\" content=\"1 ph\u00fat\" \/>\n<script type=\"application\/ld+json\" class=\"yoast-schema-graph\">{\"@context\":\"https:\/\/schema.org\",\"@graph\":[{\"@type\":\"WebPage\",\"@id\":\"https:\/\/desireonline.shop\/vi\/san-pham\/intro-to-anal-bum-dung-cu-thut-rua-hau-mon-buddy\/\",\"url\":\"https:\/\/desireonline.shop\/vi\/san-pham\/intro-to-anal-bum-dung-cu-thut-rua-hau-mon-buddy\/\",\"name\":\"Intro To Anal Bum D\u1ee5ng c\u1ee5 th\u1ee5t r\u1eeda h\u1eadu m\u00f4n Buddy - Desire\",\"isPartOf\":{\"@id\":\"https:\/\/desireonline.shop\/vi\/#website\"},\"primaryImageOfPage\":{\"@id\":\"https:\/\/desireonline.shop\/vi\/san-pham\/intro-to-anal-bum-dung-cu-thut-rua-hau-mon-buddy\/#primaryimage\"},\"image\":{\"@id\":\"https:\/\/desireonline.shop\/vi\/san-pham\/intro-to-anal-bum-dung-cu-thut-rua-hau-mon-buddy\/#primaryimage\"},\"thumbnailUrl\":\"https:\/\/desireonline.shop\/wp-content\/uploads\/2026\/01\/CN-511454415_00-scaled.jpg\",\"datePublished\":\"2026-01-30T11:08:00+00:00\",\"breadcrumb\":{\"@id\":\"https:\/\/desireonline.shop\/vi\/san-pham\/intro-to-anal-bum-dung-cu-thut-rua-hau-mon-buddy\/#breadcrumb\"},\"inLanguage\":\"vi\",\"potentialAction\":[{\"@type\":\"ReadAction\",\"target\":[\"https:\/\/desireonline.shop\/vi\/san-pham\/intro-to-anal-bum-dung-cu-thut-rua-hau-mon-buddy\/\"]}]},{\"@type\":\"ImageObject\",\"inLanguage\":\"vi\",\"@id\":\"https:\/\/desireonline.shop\/vi\/san-pham\/intro-to-anal-bum-dung-cu-thut-rua-hau-mon-buddy\/#primaryimage\",\"url\":\"https:\/\/desireonline.shop\/wp-content\/uploads\/2026\/01\/CN-511454415_00-scaled.jpg\",\"contentUrl\":\"https:\/\/desireonline.shop\/wp-content\/uploads\/2026\/01\/CN-511454415_00-scaled.jpg\",\"width\":2560,\"height\":2560},{\"@type\":\"BreadcrumbList\",\"@id\":\"https:\/\/desireonline.shop\/vi\/san-pham\/intro-to-anal-bum-dung-cu-thut-rua-hau-mon-buddy\/#breadcrumb\",\"itemListElement\":[{\"@type\":\"ListItem\",\"position\":1,\"name\":\"Home\",\"item\":\"https:\/\/desireonline.shop\/vi\/trang-chu\/?lang=vi\"},{\"@type\":\"ListItem\",\"position\":2,\"name\":\"T\u1ea5t c\u1ea3 s\u1ea3n ph\u1ea9m\",\"item\":\"https:\/\/desireonline.shop\/cua-hang\/?lang=vi\"},{\"@type\":\"ListItem\",\"position\":3,\"name\":\"Intro To Anal Bum D\u1ee5ng c\u1ee5 th\u1ee5t r\u1eeda h\u1eadu m\u00f4n Buddy\"}]},{\"@type\":\"WebSite\",\"@id\":\"https:\/\/desireonline.shop\/vi\/#website\",\"url\":\"https:\/\/desireonline.shop\/vi\/\",\"name\":\"Desire\",\"description\":\"Sexual Wellness Platform\",\"publisher\":{\"@id\":\"https:\/\/desireonline.shop\/vi\/#organization\"},\"potentialAction\":[{\"@type\":\"SearchAction\",\"target\":{\"@type\":\"EntryPoint\",\"urlTemplate\":\"https:\/\/desireonline.shop\/vi\/?s={search_term_string}\"},\"query-input\":{\"@type\":\"PropertyValueSpecification\",\"valueRequired\":true,\"valueName\":\"search_term_string\"}}],\"inLanguage\":\"vi\"},{\"@type\":\"Organization\",\"@id\":\"https:\/\/desireonline.shop\/vi\/#organization\",\"name\":\"Desire\",\"url\":\"https:\/\/desireonline.shop\/vi\/\",\"logo\":{\"@type\":\"ImageObject\",\"inLanguage\":\"vi\",\"@id\":\"https:\/\/desireonline.shop\/vi\/#\/schema\/logo\/image\/\",\"url\":\"https:\/\/desireonline.shop\/wp-content\/uploads\/2024\/06\/Logo-Thick-Font-1.webp\",\"contentUrl\":\"https:\/\/desireonline.shop\/wp-content\/uploads\/2024\/06\/Logo-Thick-Font-1.webp\",\"width\":268,\"height\":399,\"caption\":\"Desire\"},\"image\":{\"@id\":\"https:\/\/desireonline.shop\/vi\/#\/schema\/logo\/image\/\"}}]}<\/script>\n<!-- \/ Yoast SEO plugin. -->","yoast_head_json":{"title":"Intro To Anal Bum D\u1ee5ng c\u1ee5 th\u1ee5t r\u1eeda h\u1eadu m\u00f4n Buddy - Desire","robots":{"index":"index","follow":"follow","max-snippet":"max-snippet:-1","max-image-preview":"max-image-preview:large","max-video-preview":"max-video-preview:-1"},"canonical":"https:\/\/desireonline.shop\/vi\/san-pham\/intro-to-anal-bum-dung-cu-thut-rua-hau-mon-buddy\/","og_locale":"vi_VN","og_type":"article","og_title":"Intro To Anal Bum D\u1ee5ng c\u1ee5 th\u1ee5t r\u1eeda h\u1eadu m\u00f4n Buddy - Desire","og_description":"\u0110\u01b0\u1ee3c thi\u1ebft k\u1ebf \u0111\u1ec3 h\u1ed7 tr\u1ee3 chu\u1ea9n b\u1ecb m\u1ed9t c\u00e1ch t\u1ef1 tin, d\u1ee5ng c\u1ee5 th\u1ee5t r\u1eeda n\u00e0y c\u00f3 \u0111\u1ea7u v\u00f2i tr\u01a1n v\u1edbi d\u00f2ng n\u01b0\u1edbc 360\u00b0 gi\u00fap l\u00e0m s\u1ea1ch \u0111\u1ec1u v\u00e0&hellip;","og_url":"https:\/\/desireonline.shop\/vi\/san-pham\/intro-to-anal-bum-dung-cu-thut-rua-hau-mon-buddy\/","og_site_name":"Desire","og_image":[{"width":2560,"height":2560,"url":"https:\/\/desireonline.shop\/wp-content\/uploads\/2026\/01\/CN-511454415_00-scaled.jpg","type":"image\/jpeg"}],"twitter_card":"summary_large_image","twitter_misc":{"\u01af\u1edbc t\u00ednh th\u1eddi gian \u0111\u1ecdc":"1 ph\u00fat"},"schema":{"@context":"https:\/\/schema.org","@graph":[{"@type":"WebPage","@id":"https:\/\/desireonline.shop\/vi\/san-pham\/intro-to-anal-bum-dung-cu-thut-rua-hau-mon-buddy\/","url":"https:\/\/desireonline.shop\/vi\/san-pham\/intro-to-anal-bum-dung-cu-thut-rua-hau-mon-buddy\/","name":"Intro To Anal Bum D\u1ee5ng c\u1ee5 th\u1ee5t r\u1eeda h\u1eadu m\u00f4n Buddy - Desire","isPartOf":{"@id":"https:\/\/desireonline.shop\/vi\/#website"},"primaryImageOfPage":{"@id":"https:\/\/desireonline.shop\/vi\/san-pham\/intro-to-anal-bum-dung-cu-thut-rua-hau-mon-buddy\/#primaryimage"},"image":{"@id":"https:\/\/desireonline.shop\/vi\/san-pham\/intro-to-anal-bum-dung-cu-thut-rua-hau-mon-buddy\/#primaryimage"},"thumbnailUrl":"https:\/\/desireonline.shop\/wp-content\/uploads\/2026\/01\/CN-511454415_00-scaled.jpg","datePublished":"2026-01-30T11:08:00+00:00","breadcrumb":{"@id":"https:\/\/desireonline.shop\/vi\/san-pham\/intro-to-anal-bum-dung-cu-thut-rua-hau-mon-buddy\/#breadcrumb"},"inLanguage":"vi","potentialAction":[{"@type":"ReadAction","target":["https:\/\/desireonline.shop\/vi\/san-pham\/intro-to-anal-bum-dung-cu-thut-rua-hau-mon-buddy\/"]}]},{"@type":"ImageObject","inLanguage":"vi","@id":"https:\/\/desireonline.shop\/vi\/san-pham\/intro-to-anal-bum-dung-cu-thut-rua-hau-mon-buddy\/#primaryimage","url":"https:\/\/desireonline.shop\/wp-content\/uploads\/2026\/01\/CN-511454415_00-scaled.jpg","contentUrl":"https:\/\/desireonline.shop\/wp-content\/uploads\/2026\/01\/CN-511454415_00-scaled.jpg","width":2560,"height":2560},{"@type":"BreadcrumbList","@id":"https:\/\/desireonline.shop\/vi\/san-pham\/intro-to-anal-bum-dung-cu-thut-rua-hau-mon-buddy\/#breadcrumb","itemListElement":[{"@type":"ListItem","position":1,"name":"Home","item":"https:\/\/desireonline.shop\/vi\/trang-chu\/?lang=vi"},{"@type":"ListItem","position":2,"name":"T\u1ea5t c\u1ea3 s\u1ea3n ph\u1ea9m","item":"https:\/\/desireonline.shop\/cua-hang\/?lang=vi"},{"@type":"ListItem","position":3,"name":"Intro To Anal Bum D\u1ee5ng c\u1ee5 th\u1ee5t r\u1eeda h\u1eadu m\u00f4n Buddy"}]},{"@type":"WebSite","@id":"https:\/\/desireonline.shop\/vi\/#website","url":"https:\/\/desireonline.shop\/vi\/","name":"Desire","description":"Sexual Wellness Platform","publisher":{"@id":"https:\/\/desireonline.shop\/vi\/#organization"},"potentialAction":[{"@type":"SearchAction","target":{"@type":"EntryPoint","urlTemplate":"https:\/\/desireonline.shop\/vi\/?s={search_term_string}"},"query-input":{"@type":"PropertyValueSpecification","valueRequired":true,"valueName":"search_term_string"}}],"inLanguage":"vi"},{"@type":"Organization","@id":"https:\/\/desireonline.shop\/vi\/#organization","name":"Desire","url":"https:\/\/desireonline.shop\/vi\/","logo":{"@type":"ImageObject","inLanguage":"vi","@id":"https:\/\/desireonline.shop\/vi\/#\/schema\/logo\/image\/","url":"https:\/\/desireonline.shop\/wp-content\/uploads\/2024\/06\/Logo-Thick-Font-1.webp","contentUrl":"https:\/\/desireonline.shop\/wp-content\/uploads\/2024\/06\/Logo-Thick-Font-1.webp","width":268,"height":399,"caption":"Desire"},"image":{"@id":"https:\/\/desireonline.shop\/vi\/#\/schema\/logo\/image\/"}}]}},"_links":{"self":[{"href":"https:\/\/desireonline.shop\/vi\/wp-json\/wp\/v2\/product\/68550","targetHints":{"allow":["GET"]}}],"collection":[{"href":"https:\/\/desireonline.shop\/vi\/wp-json\/wp\/v2\/product"}],"about":[{"href":"https:\/\/desireonline.shop\/vi\/wp-json\/wp\/v2\/types\/product"}],"replies":[{"embeddable":true,"href":"https:\/\/desireonline.shop\/vi\/wp-json\/wp\/v2\/comments?post=68550"}],"version-history":[{"count":0,"href":"https:\/\/desireonline.shop\/vi\/wp-json\/wp\/v2\/product\/68550\/revisions"}],"wp:featuredmedia":[{"embeddable":true,"href":"https:\/\/desireonline.shop\/vi\/wp-json\/wp\/v2\/media\/60236"}],"wp:attachment":[{"href":"https:\/\/desireonline.shop\/vi\/wp-json\/wp\/v2\/media?parent=68550"}],"wp:term":[{"taxonomy":"product_brand","embeddable":true,"href":"https:\/\/desireonline.shop\/vi\/wp-json\/wp\/v2\/product_brand?post=68550"},{"taxonomy":"product_cat","embeddable":true,"href":"https:\/\/desireonline.shop\/vi\/wp-json\/wp\/v2\/product_cat?post=68550"},{"taxonomy":"product_tag","embeddable":true,"href":"https:\/\/desireonline.shop\/vi\/wp-json\/wp\/v2\/product_tag?post=68550"}],"curies":[{"name":"wp","href":"https:\/\/api.w.org\/{rel}","templated":true}]}}