{"id":68561,"date":"2026-01-30T11:12:00","date_gmt":"2026-01-30T11:12:00","guid":{"rendered":"https:\/\/desireonline.shop\/product\/intro-to-anal-renegade-chuoi-hau-mon-rung\/"},"modified":"2026-01-30T11:12:00","modified_gmt":"2026-01-30T11:12:00","slug":"intro-to-anal-renegade-chuoi-hau-mon-rung","status":"publish","type":"product","link":"https:\/\/desireonline.shop\/vi\/san-pham\/intro-to-anal-renegade-chuoi-hau-mon-rung\/","title":{"rendered":"Intro To Anal Renegade Chu\u1ed7i h\u1eadu m\u00f4n rung"},"content":{"rendered":"<p>\u0110\u01b0\u1ee3c thi\u1ebft k\u1ebf cho nh\u1eefng kh\u00e1m ph\u00e1 nh\u1eb9 nh\u00e0ng, chu\u1ed7i h\u1eadu m\u00f4n rung n\u00e0y c\u00f3 h\u00ecnh d\u00e1ng tr\u01a1n m\u01b0\u1ee3t v\u1edbi k\u00edch th\u01b0\u1edbc t\u0103ng d\u1ea7n gi\u00fap x\u00e2y d\u1ef1ng s\u1ef1 tho\u1ea3i m\u00e1i v\u00e0 t\u1ef1 tin theo nh\u1ecbp \u0111\u1ed9 c\u1ee7a b\u1ea1n. Thi\u1ebft k\u1ebf linh ho\u1ea1t cho ph\u00e9p m\u1ed7i h\u1ea1t \u0111\u01b0\u1ee3c t\u1eadn h\u01b0\u1edfng ri\u00eang l\u1ebb, t\u1ea1o n\u00ean s\u1ef1 ti\u1ebfn tri\u1ec3n c\u1ea3m gi\u00e1c ch\u1eadm r\u00e3i v\u00e0 \u0111\u1ea7y k\u00edch th\u00edch.<\/p>\n<p>V\u1edbi 10 ch\u1ebf \u0111\u1ed9 rung \u0111\u1ec3 kh\u00e1m ph\u00e1, b\u1ea1n c\u00f3 th\u1ec3 d\u1ec5 d\u00e0ng chuy\u1ec3n \u0111\u1ed5i gi\u1eefa nh\u1eefng nh\u1ecbp rung nh\u1eb9 nh\u00e0ng v\u00e0 rung \u0111\u1ed9ng m\u1ea1nh m\u1ebd h\u01a1n \u0111\u1ec3 ph\u00f9 h\u1ee3p v\u1edbi t\u00e2m tr\u1ea1ng. Ch\u1ed1ng n\u01b0\u1edbc v\u00e0 kh\u00f4ng ch\u1ee9a phthalate, thi\u1ebft k\u1ebf unisex n\u00e0y d\u1ec5 v\u1ec7 sinh v\u00e0 l\u00fd t\u01b0\u1edfng cho nh\u1eefng th\u1eed nghi\u1ec7m vui t\u01b0\u01a1i, th\u01b0 gi\u00e3n trong ho\u1eb7c ngo\u00e0i ph\u00f2ng t\u1eafm.<\/p>\n","protected":false},"excerpt":{"rendered":"<p>\u0110\u01b0\u1ee3c thi\u1ebft k\u1ebf cho nh\u1eefng kh\u00e1m ph\u00e1 nh\u1eb9 nh\u00e0ng, chu\u1ed7i h\u1eadu m\u00f4n rung n\u00e0y c\u00f3 h\u00ecnh d\u00e1ng tr\u01a1n m\u01b0\u1ee3t v\u1edbi k\u00edch th\u01b0\u1edbc t\u0103ng d\u1ea7n gi\u00fap x\u00e2y d\u1ef1ng s\u1ef1 tho\u1ea3i m\u00e1i&hellip;<\/p>\n","protected":false},"featured_media":60245,"comment_status":"open","ping_status":"closed","template":"","meta":{"_acf_changed":false},"product_brand":[],"product_cat":[1396,1415],"product_tag":[1660,1791,1659,1828,1661],"class_list":{"0":"post-68561","1":"product","2":"type-product","3":"status-publish","4":"has-post-thumbnail","6":"product_cat-chuoi-hau-mon","8":"product_tag-an-toan-cho-co-the","9":"product_tag-an-toan-cho-nguoi-moi-bat-dau","10":"product_tag-kich-thich-ben-trong","11":"product_tag-rung-theo-nhip-dieu","12":"product_tag-tap-trung-hau-mon","14":"first","15":"instock","16":"shipping-taxable","17":"purchasable","18":"product-type-simple"},"acf":[],"yoast_head":"<!-- This site is optimized with the Yoast SEO plugin v27.1.1 - https:\/\/yoast.com\/product\/yoast-seo-wordpress\/ -->\n<title>Intro To Anal Renegade Chu\u1ed7i h\u1eadu m\u00f4n rung - Desire<\/title>\n<meta name=\"robots\" content=\"index, follow, max-snippet:-1, max-image-preview:large, max-video-preview:-1\" \/>\n<link rel=\"canonical\" href=\"https:\/\/desireonline.shop\/vi\/san-pham\/intro-to-anal-renegade-chuoi-hau-mon-rung\/\" \/>\n<meta property=\"og:locale\" content=\"vi_VN\" \/>\n<meta property=\"og:type\" content=\"article\" \/>\n<meta property=\"og:title\" content=\"Intro To Anal Renegade Chu\u1ed7i h\u1eadu m\u00f4n rung - Desire\" \/>\n<meta property=\"og:description\" content=\"\u0110\u01b0\u1ee3c thi\u1ebft k\u1ebf cho nh\u1eefng kh\u00e1m ph\u00e1 nh\u1eb9 nh\u00e0ng, chu\u1ed7i h\u1eadu m\u00f4n rung n\u00e0y c\u00f3 h\u00ecnh d\u00e1ng tr\u01a1n m\u01b0\u1ee3t v\u1edbi k\u00edch th\u01b0\u1edbc t\u0103ng d\u1ea7n gi\u00fap x\u00e2y d\u1ef1ng s\u1ef1 tho\u1ea3i m\u00e1i&hellip;\" \/>\n<meta property=\"og:url\" content=\"https:\/\/desireonline.shop\/vi\/san-pham\/intro-to-anal-renegade-chuoi-hau-mon-rung\/\" \/>\n<meta property=\"og:site_name\" content=\"Desire\" \/>\n<meta property=\"og:image\" content=\"https:\/\/desireonline.shop\/wp-content\/uploads\/2026\/01\/CN-101283182_00.jpg\" \/>\n\t<meta property=\"og:image:width\" content=\"1000\" \/>\n\t<meta property=\"og:image:height\" content=\"1000\" \/>\n\t<meta property=\"og:image:type\" content=\"image\/jpeg\" \/>\n<meta name=\"twitter:card\" content=\"summary_large_image\" \/>\n<meta name=\"twitter:label1\" content=\"\u01af\u1edbc t\u00ednh th\u1eddi gian \u0111\u1ecdc\" \/>\n\t<meta name=\"twitter:data1\" content=\"1 ph\u00fat\" \/>\n<script type=\"application\/ld+json\" class=\"yoast-schema-graph\">{\"@context\":\"https:\/\/schema.org\",\"@graph\":[{\"@type\":\"WebPage\",\"@id\":\"https:\/\/desireonline.shop\/vi\/san-pham\/intro-to-anal-renegade-chuoi-hau-mon-rung\/\",\"url\":\"https:\/\/desireonline.shop\/vi\/san-pham\/intro-to-anal-renegade-chuoi-hau-mon-rung\/\",\"name\":\"Intro To Anal Renegade Chu\u1ed7i h\u1eadu m\u00f4n rung - Desire\",\"isPartOf\":{\"@id\":\"https:\/\/desireonline.shop\/vi\/#website\"},\"primaryImageOfPage\":{\"@id\":\"https:\/\/desireonline.shop\/vi\/san-pham\/intro-to-anal-renegade-chuoi-hau-mon-rung\/#primaryimage\"},\"image\":{\"@id\":\"https:\/\/desireonline.shop\/vi\/san-pham\/intro-to-anal-renegade-chuoi-hau-mon-rung\/#primaryimage\"},\"thumbnailUrl\":\"https:\/\/desireonline.shop\/wp-content\/uploads\/2026\/01\/CN-101283182_00.jpg\",\"datePublished\":\"2026-01-30T11:12:00+00:00\",\"breadcrumb\":{\"@id\":\"https:\/\/desireonline.shop\/vi\/san-pham\/intro-to-anal-renegade-chuoi-hau-mon-rung\/#breadcrumb\"},\"inLanguage\":\"vi\",\"potentialAction\":[{\"@type\":\"ReadAction\",\"target\":[\"https:\/\/desireonline.shop\/vi\/san-pham\/intro-to-anal-renegade-chuoi-hau-mon-rung\/\"]}]},{\"@type\":\"ImageObject\",\"inLanguage\":\"vi\",\"@id\":\"https:\/\/desireonline.shop\/vi\/san-pham\/intro-to-anal-renegade-chuoi-hau-mon-rung\/#primaryimage\",\"url\":\"https:\/\/desireonline.shop\/wp-content\/uploads\/2026\/01\/CN-101283182_00.jpg\",\"contentUrl\":\"https:\/\/desireonline.shop\/wp-content\/uploads\/2026\/01\/CN-101283182_00.jpg\",\"width\":1000,\"height\":1000},{\"@type\":\"BreadcrumbList\",\"@id\":\"https:\/\/desireonline.shop\/vi\/san-pham\/intro-to-anal-renegade-chuoi-hau-mon-rung\/#breadcrumb\",\"itemListElement\":[{\"@type\":\"ListItem\",\"position\":1,\"name\":\"Home\",\"item\":\"https:\/\/desireonline.shop\/vi\/trang-chu\/?lang=vi\"},{\"@type\":\"ListItem\",\"position\":2,\"name\":\"T\u1ea5t c\u1ea3 s\u1ea3n ph\u1ea9m\",\"item\":\"https:\/\/desireonline.shop\/cua-hang\/?lang=vi\"},{\"@type\":\"ListItem\",\"position\":3,\"name\":\"Intro To Anal Renegade Chu\u1ed7i h\u1eadu m\u00f4n rung\"}]},{\"@type\":\"WebSite\",\"@id\":\"https:\/\/desireonline.shop\/vi\/#website\",\"url\":\"https:\/\/desireonline.shop\/vi\/\",\"name\":\"Desire\",\"description\":\"Sexual Wellness Platform\",\"publisher\":{\"@id\":\"https:\/\/desireonline.shop\/vi\/#organization\"},\"potentialAction\":[{\"@type\":\"SearchAction\",\"target\":{\"@type\":\"EntryPoint\",\"urlTemplate\":\"https:\/\/desireonline.shop\/vi\/?s={search_term_string}\"},\"query-input\":{\"@type\":\"PropertyValueSpecification\",\"valueRequired\":true,\"valueName\":\"search_term_string\"}}],\"inLanguage\":\"vi\"},{\"@type\":\"Organization\",\"@id\":\"https:\/\/desireonline.shop\/vi\/#organization\",\"name\":\"Desire\",\"url\":\"https:\/\/desireonline.shop\/vi\/\",\"logo\":{\"@type\":\"ImageObject\",\"inLanguage\":\"vi\",\"@id\":\"https:\/\/desireonline.shop\/vi\/#\/schema\/logo\/image\/\",\"url\":\"https:\/\/desireonline.shop\/wp-content\/uploads\/2024\/06\/Logo-Thick-Font-1.webp\",\"contentUrl\":\"https:\/\/desireonline.shop\/wp-content\/uploads\/2024\/06\/Logo-Thick-Font-1.webp\",\"width\":268,\"height\":399,\"caption\":\"Desire\"},\"image\":{\"@id\":\"https:\/\/desireonline.shop\/vi\/#\/schema\/logo\/image\/\"}}]}<\/script>\n<!-- \/ Yoast SEO plugin. -->","yoast_head_json":{"title":"Intro To Anal Renegade Chu\u1ed7i h\u1eadu m\u00f4n rung - Desire","robots":{"index":"index","follow":"follow","max-snippet":"max-snippet:-1","max-image-preview":"max-image-preview:large","max-video-preview":"max-video-preview:-1"},"canonical":"https:\/\/desireonline.shop\/vi\/san-pham\/intro-to-anal-renegade-chuoi-hau-mon-rung\/","og_locale":"vi_VN","og_type":"article","og_title":"Intro To Anal Renegade Chu\u1ed7i h\u1eadu m\u00f4n rung - Desire","og_description":"\u0110\u01b0\u1ee3c thi\u1ebft k\u1ebf cho nh\u1eefng kh\u00e1m ph\u00e1 nh\u1eb9 nh\u00e0ng, chu\u1ed7i h\u1eadu m\u00f4n rung n\u00e0y c\u00f3 h\u00ecnh d\u00e1ng tr\u01a1n m\u01b0\u1ee3t v\u1edbi k\u00edch th\u01b0\u1edbc t\u0103ng d\u1ea7n gi\u00fap x\u00e2y d\u1ef1ng s\u1ef1 tho\u1ea3i m\u00e1i&hellip;","og_url":"https:\/\/desireonline.shop\/vi\/san-pham\/intro-to-anal-renegade-chuoi-hau-mon-rung\/","og_site_name":"Desire","og_image":[{"width":1000,"height":1000,"url":"https:\/\/desireonline.shop\/wp-content\/uploads\/2026\/01\/CN-101283182_00.jpg","type":"image\/jpeg"}],"twitter_card":"summary_large_image","twitter_misc":{"\u01af\u1edbc t\u00ednh th\u1eddi gian \u0111\u1ecdc":"1 ph\u00fat"},"schema":{"@context":"https:\/\/schema.org","@graph":[{"@type":"WebPage","@id":"https:\/\/desireonline.shop\/vi\/san-pham\/intro-to-anal-renegade-chuoi-hau-mon-rung\/","url":"https:\/\/desireonline.shop\/vi\/san-pham\/intro-to-anal-renegade-chuoi-hau-mon-rung\/","name":"Intro To Anal Renegade Chu\u1ed7i h\u1eadu m\u00f4n rung - Desire","isPartOf":{"@id":"https:\/\/desireonline.shop\/vi\/#website"},"primaryImageOfPage":{"@id":"https:\/\/desireonline.shop\/vi\/san-pham\/intro-to-anal-renegade-chuoi-hau-mon-rung\/#primaryimage"},"image":{"@id":"https:\/\/desireonline.shop\/vi\/san-pham\/intro-to-anal-renegade-chuoi-hau-mon-rung\/#primaryimage"},"thumbnailUrl":"https:\/\/desireonline.shop\/wp-content\/uploads\/2026\/01\/CN-101283182_00.jpg","datePublished":"2026-01-30T11:12:00+00:00","breadcrumb":{"@id":"https:\/\/desireonline.shop\/vi\/san-pham\/intro-to-anal-renegade-chuoi-hau-mon-rung\/#breadcrumb"},"inLanguage":"vi","potentialAction":[{"@type":"ReadAction","target":["https:\/\/desireonline.shop\/vi\/san-pham\/intro-to-anal-renegade-chuoi-hau-mon-rung\/"]}]},{"@type":"ImageObject","inLanguage":"vi","@id":"https:\/\/desireonline.shop\/vi\/san-pham\/intro-to-anal-renegade-chuoi-hau-mon-rung\/#primaryimage","url":"https:\/\/desireonline.shop\/wp-content\/uploads\/2026\/01\/CN-101283182_00.jpg","contentUrl":"https:\/\/desireonline.shop\/wp-content\/uploads\/2026\/01\/CN-101283182_00.jpg","width":1000,"height":1000},{"@type":"BreadcrumbList","@id":"https:\/\/desireonline.shop\/vi\/san-pham\/intro-to-anal-renegade-chuoi-hau-mon-rung\/#breadcrumb","itemListElement":[{"@type":"ListItem","position":1,"name":"Home","item":"https:\/\/desireonline.shop\/vi\/trang-chu\/?lang=vi"},{"@type":"ListItem","position":2,"name":"T\u1ea5t c\u1ea3 s\u1ea3n ph\u1ea9m","item":"https:\/\/desireonline.shop\/cua-hang\/?lang=vi"},{"@type":"ListItem","position":3,"name":"Intro To Anal Renegade Chu\u1ed7i h\u1eadu m\u00f4n rung"}]},{"@type":"WebSite","@id":"https:\/\/desireonline.shop\/vi\/#website","url":"https:\/\/desireonline.shop\/vi\/","name":"Desire","description":"Sexual Wellness Platform","publisher":{"@id":"https:\/\/desireonline.shop\/vi\/#organization"},"potentialAction":[{"@type":"SearchAction","target":{"@type":"EntryPoint","urlTemplate":"https:\/\/desireonline.shop\/vi\/?s={search_term_string}"},"query-input":{"@type":"PropertyValueSpecification","valueRequired":true,"valueName":"search_term_string"}}],"inLanguage":"vi"},{"@type":"Organization","@id":"https:\/\/desireonline.shop\/vi\/#organization","name":"Desire","url":"https:\/\/desireonline.shop\/vi\/","logo":{"@type":"ImageObject","inLanguage":"vi","@id":"https:\/\/desireonline.shop\/vi\/#\/schema\/logo\/image\/","url":"https:\/\/desireonline.shop\/wp-content\/uploads\/2024\/06\/Logo-Thick-Font-1.webp","contentUrl":"https:\/\/desireonline.shop\/wp-content\/uploads\/2024\/06\/Logo-Thick-Font-1.webp","width":268,"height":399,"caption":"Desire"},"image":{"@id":"https:\/\/desireonline.shop\/vi\/#\/schema\/logo\/image\/"}}]}},"_links":{"self":[{"href":"https:\/\/desireonline.shop\/vi\/wp-json\/wp\/v2\/product\/68561","targetHints":{"allow":["GET"]}}],"collection":[{"href":"https:\/\/desireonline.shop\/vi\/wp-json\/wp\/v2\/product"}],"about":[{"href":"https:\/\/desireonline.shop\/vi\/wp-json\/wp\/v2\/types\/product"}],"replies":[{"embeddable":true,"href":"https:\/\/desireonline.shop\/vi\/wp-json\/wp\/v2\/comments?post=68561"}],"version-history":[{"count":0,"href":"https:\/\/desireonline.shop\/vi\/wp-json\/wp\/v2\/product\/68561\/revisions"}],"wp:featuredmedia":[{"embeddable":true,"href":"https:\/\/desireonline.shop\/vi\/wp-json\/wp\/v2\/media\/60245"}],"wp:attachment":[{"href":"https:\/\/desireonline.shop\/vi\/wp-json\/wp\/v2\/media?parent=68561"}],"wp:term":[{"taxonomy":"product_brand","embeddable":true,"href":"https:\/\/desireonline.shop\/vi\/wp-json\/wp\/v2\/product_brand?post=68561"},{"taxonomy":"product_cat","embeddable":true,"href":"https:\/\/desireonline.shop\/vi\/wp-json\/wp\/v2\/product_cat?post=68561"},{"taxonomy":"product_tag","embeddable":true,"href":"https:\/\/desireonline.shop\/vi\/wp-json\/wp\/v2\/product_tag?post=68561"}],"curies":[{"name":"wp","href":"https:\/\/api.w.org\/{rel}","templated":true}]}}