{"id":68569,"date":"2026-01-30T11:13:00","date_gmt":"2026-01-30T11:13:00","guid":{"rendered":"https:\/\/desireonline.shop\/product\/intro-to-anal-easy-clean-thut-rua-hau-mon\/"},"modified":"2026-01-30T11:13:00","modified_gmt":"2026-01-30T11:13:00","slug":"intro-to-anal-easy-clean-thut-rua-hau-mon","status":"publish","type":"product","link":"https:\/\/desireonline.shop\/vi\/san-pham\/intro-to-anal-easy-clean-thut-rua-hau-mon\/","title":{"rendered":"Intro To Anal Easy Clean Th\u1ee5t r\u1eeda h\u1eadu m\u00f4n"},"content":{"rendered":"<p>\u0110\u01b0\u1ee3c thi\u1ebft k\u1ebf \u0111\u1ec3 chu\u1ea9n b\u1ecb d\u1ec5 d\u00e0ng v\u00e0 tho\u1ea3i m\u00e1i, d\u1ee5ng c\u1ee5 th\u1ee5t r\u1eeda h\u1eadu m\u00f4n d\u00e0nh cho ng\u01b0\u1eddi m\u1edbi b\u1eaft \u0111\u1ea7u n\u00e0y c\u00f3 b\u00f3ng m\u1ec1m v\u00e0 \u0111\u1ea7u v\u00f2i tr\u01a1n gi\u00fap vi\u1ec7c l\u00e0m s\u1ea1ch tr\u1edf n\u00ean nh\u1eb9 nh\u00e0ng v\u00e0 c\u00f3 ki\u1ec3m so\u00e1t. Thi\u1ebft k\u1ebf b\u00f3p v\u00e0 th\u1ea3 \u0111\u01a1n gi\u1ea3n gi\u00fap s\u1eed d\u1ee5ng thu\u1eadn ti\u1ec7n, l\u00fd t\u01b0\u1edfng cho nh\u1eefng ng\u01b0\u1eddi m\u1edbi kh\u00e1m ph\u00e1 k\u00edch th\u00edch h\u1eadu m\u00f4n ho\u1eb7c \u0111ang t\u00ecm ki\u1ebfm m\u1ed9t th\u00f3i quen v\u1ec7 sinh \u0111\u00e1ng tin c\u1eady.<\/p>\n<p>\u0110\u01b0\u1ee3c l\u00e0m t\u1eeb ch\u1ea5t li\u1ec7u kh\u00f4ng ch\u1ee9a phthalate, s\u1ea3n ph\u1ea9m mang l\u1ea1i s\u1ef1 an t\u00e2m c\u00f9ng v\u1edbi t\u00ednh th\u1ef1c t\u1ebf khi s\u1eed d\u1ee5ng. D\u1ec5 v\u1ec7 sinh v\u00e0 \u0111\u01a1n gi\u1ea3n khi s\u1eed d\u1ee5ng, s\u1ea3n ph\u1ea9m gi\u00fap b\u1ea1n c\u1ea3m th\u1ea5y s\u1ea1ch s\u1ebd, th\u01b0 gi\u00e3n v\u00e0 s\u1eb5n s\u00e0ng t\u1eadn h\u01b0\u1edfng nh\u1eefng kho\u1ea3nh kh\u1eafc th\u00e2n m\u1eadt m\u1ed9t c\u00e1ch t\u1ef1 tin.<\/p>\n","protected":false},"excerpt":{"rendered":"<p>\u0110\u01b0\u1ee3c thi\u1ebft k\u1ebf \u0111\u1ec3 chu\u1ea9n b\u1ecb d\u1ec5 d\u00e0ng v\u00e0 tho\u1ea3i m\u00e1i, d\u1ee5ng c\u1ee5 th\u1ee5t r\u1eeda h\u1eadu m\u00f4n d\u00e0nh cho ng\u01b0\u1eddi m\u1edbi b\u1eaft \u0111\u1ea7u n\u00e0y c\u00f3 b\u00f3ng m\u1ec1m v\u00e0 \u0111\u1ea7u v\u00f2i&hellip;<\/p>\n","protected":false},"featured_media":60253,"comment_status":"open","ping_status":"closed","template":"","meta":{"_acf_changed":false},"product_brand":[],"product_cat":[1417,1398],"product_tag":[1660,1824,1657,1661],"class_list":{"0":"post-68569","1":"product","2":"type-product","3":"status-publish","4":"has-post-thumbnail","6":"product_cat-dung-cu-ve-sinh-thut-rua","7":"product_cat-duoc-thiet-ke-de-deo-thoai-mai-va-an-toan-nut-hau-mon-mang-den-cam-giac-day-nhe-voi-do-co-dinh-cao-phu-hop-cho-nguoi-moi-bat-dau-va-nguoi-dung-co-kinh-nghiem","8":"product_tag-an-toan-cho-co-the","9":"product_tag-de-dang-ve-sinh","10":"product_tag-phu-hop-cho-nguoi-moi","11":"product_tag-tap-trung-hau-mon","13":"first","14":"instock","15":"shipping-taxable","16":"purchasable","17":"product-type-simple"},"acf":[],"yoast_head":"<!-- This site is optimized with the Yoast SEO plugin v27.1.1 - https:\/\/yoast.com\/product\/yoast-seo-wordpress\/ -->\n<title>Intro To Anal Easy Clean Th\u1ee5t r\u1eeda h\u1eadu m\u00f4n - Desire<\/title>\n<meta name=\"robots\" content=\"index, follow, max-snippet:-1, max-image-preview:large, max-video-preview:-1\" \/>\n<link rel=\"canonical\" href=\"https:\/\/desireonline.shop\/vi\/san-pham\/intro-to-anal-easy-clean-thut-rua-hau-mon\/\" \/>\n<meta property=\"og:locale\" content=\"vi_VN\" \/>\n<meta property=\"og:type\" content=\"article\" \/>\n<meta property=\"og:title\" content=\"Intro To Anal Easy Clean Th\u1ee5t r\u1eeda h\u1eadu m\u00f4n - Desire\" \/>\n<meta property=\"og:description\" content=\"\u0110\u01b0\u1ee3c thi\u1ebft k\u1ebf \u0111\u1ec3 chu\u1ea9n b\u1ecb d\u1ec5 d\u00e0ng v\u00e0 tho\u1ea3i m\u00e1i, d\u1ee5ng c\u1ee5 th\u1ee5t r\u1eeda h\u1eadu m\u00f4n d\u00e0nh cho ng\u01b0\u1eddi m\u1edbi b\u1eaft \u0111\u1ea7u n\u00e0y c\u00f3 b\u00f3ng m\u1ec1m v\u00e0 \u0111\u1ea7u v\u00f2i&hellip;\" \/>\n<meta property=\"og:url\" content=\"https:\/\/desireonline.shop\/vi\/san-pham\/intro-to-anal-easy-clean-thut-rua-hau-mon\/\" \/>\n<meta property=\"og:site_name\" content=\"Desire\" \/>\n<meta property=\"og:image\" content=\"https:\/\/desireonline.shop\/wp-content\/uploads\/2026\/01\/CN-101454726_00.jpg\" \/>\n\t<meta property=\"og:image:width\" content=\"500\" \/>\n\t<meta property=\"og:image:height\" content=\"500\" \/>\n\t<meta property=\"og:image:type\" content=\"image\/jpeg\" \/>\n<meta name=\"twitter:card\" content=\"summary_large_image\" \/>\n<meta name=\"twitter:label1\" content=\"\u01af\u1edbc t\u00ednh th\u1eddi gian \u0111\u1ecdc\" \/>\n\t<meta name=\"twitter:data1\" content=\"1 ph\u00fat\" \/>\n<script type=\"application\/ld+json\" class=\"yoast-schema-graph\">{\"@context\":\"https:\/\/schema.org\",\"@graph\":[{\"@type\":\"WebPage\",\"@id\":\"https:\/\/desireonline.shop\/vi\/san-pham\/intro-to-anal-easy-clean-thut-rua-hau-mon\/\",\"url\":\"https:\/\/desireonline.shop\/vi\/san-pham\/intro-to-anal-easy-clean-thut-rua-hau-mon\/\",\"name\":\"Intro To Anal Easy Clean Th\u1ee5t r\u1eeda h\u1eadu m\u00f4n - Desire\",\"isPartOf\":{\"@id\":\"https:\/\/desireonline.shop\/vi\/#website\"},\"primaryImageOfPage\":{\"@id\":\"https:\/\/desireonline.shop\/vi\/san-pham\/intro-to-anal-easy-clean-thut-rua-hau-mon\/#primaryimage\"},\"image\":{\"@id\":\"https:\/\/desireonline.shop\/vi\/san-pham\/intro-to-anal-easy-clean-thut-rua-hau-mon\/#primaryimage\"},\"thumbnailUrl\":\"https:\/\/desireonline.shop\/wp-content\/uploads\/2026\/01\/CN-101454726_00.jpg\",\"datePublished\":\"2026-01-30T11:13:00+00:00\",\"breadcrumb\":{\"@id\":\"https:\/\/desireonline.shop\/vi\/san-pham\/intro-to-anal-easy-clean-thut-rua-hau-mon\/#breadcrumb\"},\"inLanguage\":\"vi\",\"potentialAction\":[{\"@type\":\"ReadAction\",\"target\":[\"https:\/\/desireonline.shop\/vi\/san-pham\/intro-to-anal-easy-clean-thut-rua-hau-mon\/\"]}]},{\"@type\":\"ImageObject\",\"inLanguage\":\"vi\",\"@id\":\"https:\/\/desireonline.shop\/vi\/san-pham\/intro-to-anal-easy-clean-thut-rua-hau-mon\/#primaryimage\",\"url\":\"https:\/\/desireonline.shop\/wp-content\/uploads\/2026\/01\/CN-101454726_00.jpg\",\"contentUrl\":\"https:\/\/desireonline.shop\/wp-content\/uploads\/2026\/01\/CN-101454726_00.jpg\",\"width\":500,\"height\":500},{\"@type\":\"BreadcrumbList\",\"@id\":\"https:\/\/desireonline.shop\/vi\/san-pham\/intro-to-anal-easy-clean-thut-rua-hau-mon\/#breadcrumb\",\"itemListElement\":[{\"@type\":\"ListItem\",\"position\":1,\"name\":\"Home\",\"item\":\"https:\/\/desireonline.shop\/vi\/trang-chu\/?lang=vi\"},{\"@type\":\"ListItem\",\"position\":2,\"name\":\"T\u1ea5t c\u1ea3 s\u1ea3n ph\u1ea9m\",\"item\":\"https:\/\/desireonline.shop\/cua-hang\/?lang=vi\"},{\"@type\":\"ListItem\",\"position\":3,\"name\":\"Intro To Anal Easy Clean Th\u1ee5t r\u1eeda h\u1eadu m\u00f4n\"}]},{\"@type\":\"WebSite\",\"@id\":\"https:\/\/desireonline.shop\/vi\/#website\",\"url\":\"https:\/\/desireonline.shop\/vi\/\",\"name\":\"Desire\",\"description\":\"Sexual Wellness Platform\",\"publisher\":{\"@id\":\"https:\/\/desireonline.shop\/vi\/#organization\"},\"potentialAction\":[{\"@type\":\"SearchAction\",\"target\":{\"@type\":\"EntryPoint\",\"urlTemplate\":\"https:\/\/desireonline.shop\/vi\/?s={search_term_string}\"},\"query-input\":{\"@type\":\"PropertyValueSpecification\",\"valueRequired\":true,\"valueName\":\"search_term_string\"}}],\"inLanguage\":\"vi\"},{\"@type\":\"Organization\",\"@id\":\"https:\/\/desireonline.shop\/vi\/#organization\",\"name\":\"Desire\",\"url\":\"https:\/\/desireonline.shop\/vi\/\",\"logo\":{\"@type\":\"ImageObject\",\"inLanguage\":\"vi\",\"@id\":\"https:\/\/desireonline.shop\/vi\/#\/schema\/logo\/image\/\",\"url\":\"https:\/\/desireonline.shop\/wp-content\/uploads\/2024\/06\/Logo-Thick-Font-1.webp\",\"contentUrl\":\"https:\/\/desireonline.shop\/wp-content\/uploads\/2024\/06\/Logo-Thick-Font-1.webp\",\"width\":268,\"height\":399,\"caption\":\"Desire\"},\"image\":{\"@id\":\"https:\/\/desireonline.shop\/vi\/#\/schema\/logo\/image\/\"}}]}<\/script>\n<!-- \/ Yoast SEO plugin. -->","yoast_head_json":{"title":"Intro To Anal Easy Clean Th\u1ee5t r\u1eeda h\u1eadu m\u00f4n - Desire","robots":{"index":"index","follow":"follow","max-snippet":"max-snippet:-1","max-image-preview":"max-image-preview:large","max-video-preview":"max-video-preview:-1"},"canonical":"https:\/\/desireonline.shop\/vi\/san-pham\/intro-to-anal-easy-clean-thut-rua-hau-mon\/","og_locale":"vi_VN","og_type":"article","og_title":"Intro To Anal Easy Clean Th\u1ee5t r\u1eeda h\u1eadu m\u00f4n - Desire","og_description":"\u0110\u01b0\u1ee3c thi\u1ebft k\u1ebf \u0111\u1ec3 chu\u1ea9n b\u1ecb d\u1ec5 d\u00e0ng v\u00e0 tho\u1ea3i m\u00e1i, d\u1ee5ng c\u1ee5 th\u1ee5t r\u1eeda h\u1eadu m\u00f4n d\u00e0nh cho ng\u01b0\u1eddi m\u1edbi b\u1eaft \u0111\u1ea7u n\u00e0y c\u00f3 b\u00f3ng m\u1ec1m v\u00e0 \u0111\u1ea7u v\u00f2i&hellip;","og_url":"https:\/\/desireonline.shop\/vi\/san-pham\/intro-to-anal-easy-clean-thut-rua-hau-mon\/","og_site_name":"Desire","og_image":[{"width":500,"height":500,"url":"https:\/\/desireonline.shop\/wp-content\/uploads\/2026\/01\/CN-101454726_00.jpg","type":"image\/jpeg"}],"twitter_card":"summary_large_image","twitter_misc":{"\u01af\u1edbc t\u00ednh th\u1eddi gian \u0111\u1ecdc":"1 ph\u00fat"},"schema":{"@context":"https:\/\/schema.org","@graph":[{"@type":"WebPage","@id":"https:\/\/desireonline.shop\/vi\/san-pham\/intro-to-anal-easy-clean-thut-rua-hau-mon\/","url":"https:\/\/desireonline.shop\/vi\/san-pham\/intro-to-anal-easy-clean-thut-rua-hau-mon\/","name":"Intro To Anal Easy Clean Th\u1ee5t r\u1eeda h\u1eadu m\u00f4n - Desire","isPartOf":{"@id":"https:\/\/desireonline.shop\/vi\/#website"},"primaryImageOfPage":{"@id":"https:\/\/desireonline.shop\/vi\/san-pham\/intro-to-anal-easy-clean-thut-rua-hau-mon\/#primaryimage"},"image":{"@id":"https:\/\/desireonline.shop\/vi\/san-pham\/intro-to-anal-easy-clean-thut-rua-hau-mon\/#primaryimage"},"thumbnailUrl":"https:\/\/desireonline.shop\/wp-content\/uploads\/2026\/01\/CN-101454726_00.jpg","datePublished":"2026-01-30T11:13:00+00:00","breadcrumb":{"@id":"https:\/\/desireonline.shop\/vi\/san-pham\/intro-to-anal-easy-clean-thut-rua-hau-mon\/#breadcrumb"},"inLanguage":"vi","potentialAction":[{"@type":"ReadAction","target":["https:\/\/desireonline.shop\/vi\/san-pham\/intro-to-anal-easy-clean-thut-rua-hau-mon\/"]}]},{"@type":"ImageObject","inLanguage":"vi","@id":"https:\/\/desireonline.shop\/vi\/san-pham\/intro-to-anal-easy-clean-thut-rua-hau-mon\/#primaryimage","url":"https:\/\/desireonline.shop\/wp-content\/uploads\/2026\/01\/CN-101454726_00.jpg","contentUrl":"https:\/\/desireonline.shop\/wp-content\/uploads\/2026\/01\/CN-101454726_00.jpg","width":500,"height":500},{"@type":"BreadcrumbList","@id":"https:\/\/desireonline.shop\/vi\/san-pham\/intro-to-anal-easy-clean-thut-rua-hau-mon\/#breadcrumb","itemListElement":[{"@type":"ListItem","position":1,"name":"Home","item":"https:\/\/desireonline.shop\/vi\/trang-chu\/?lang=vi"},{"@type":"ListItem","position":2,"name":"T\u1ea5t c\u1ea3 s\u1ea3n ph\u1ea9m","item":"https:\/\/desireonline.shop\/cua-hang\/?lang=vi"},{"@type":"ListItem","position":3,"name":"Intro To Anal Easy Clean Th\u1ee5t r\u1eeda h\u1eadu m\u00f4n"}]},{"@type":"WebSite","@id":"https:\/\/desireonline.shop\/vi\/#website","url":"https:\/\/desireonline.shop\/vi\/","name":"Desire","description":"Sexual Wellness Platform","publisher":{"@id":"https:\/\/desireonline.shop\/vi\/#organization"},"potentialAction":[{"@type":"SearchAction","target":{"@type":"EntryPoint","urlTemplate":"https:\/\/desireonline.shop\/vi\/?s={search_term_string}"},"query-input":{"@type":"PropertyValueSpecification","valueRequired":true,"valueName":"search_term_string"}}],"inLanguage":"vi"},{"@type":"Organization","@id":"https:\/\/desireonline.shop\/vi\/#organization","name":"Desire","url":"https:\/\/desireonline.shop\/vi\/","logo":{"@type":"ImageObject","inLanguage":"vi","@id":"https:\/\/desireonline.shop\/vi\/#\/schema\/logo\/image\/","url":"https:\/\/desireonline.shop\/wp-content\/uploads\/2024\/06\/Logo-Thick-Font-1.webp","contentUrl":"https:\/\/desireonline.shop\/wp-content\/uploads\/2024\/06\/Logo-Thick-Font-1.webp","width":268,"height":399,"caption":"Desire"},"image":{"@id":"https:\/\/desireonline.shop\/vi\/#\/schema\/logo\/image\/"}}]}},"_links":{"self":[{"href":"https:\/\/desireonline.shop\/vi\/wp-json\/wp\/v2\/product\/68569","targetHints":{"allow":["GET"]}}],"collection":[{"href":"https:\/\/desireonline.shop\/vi\/wp-json\/wp\/v2\/product"}],"about":[{"href":"https:\/\/desireonline.shop\/vi\/wp-json\/wp\/v2\/types\/product"}],"replies":[{"embeddable":true,"href":"https:\/\/desireonline.shop\/vi\/wp-json\/wp\/v2\/comments?post=68569"}],"version-history":[{"count":0,"href":"https:\/\/desireonline.shop\/vi\/wp-json\/wp\/v2\/product\/68569\/revisions"}],"wp:featuredmedia":[{"embeddable":true,"href":"https:\/\/desireonline.shop\/vi\/wp-json\/wp\/v2\/media\/60253"}],"wp:attachment":[{"href":"https:\/\/desireonline.shop\/vi\/wp-json\/wp\/v2\/media?parent=68569"}],"wp:term":[{"taxonomy":"product_brand","embeddable":true,"href":"https:\/\/desireonline.shop\/vi\/wp-json\/wp\/v2\/product_brand?post=68569"},{"taxonomy":"product_cat","embeddable":true,"href":"https:\/\/desireonline.shop\/vi\/wp-json\/wp\/v2\/product_cat?post=68569"},{"taxonomy":"product_tag","embeddable":true,"href":"https:\/\/desireonline.shop\/vi\/wp-json\/wp\/v2\/product_tag?post=68569"}],"curies":[{"name":"wp","href":"https:\/\/api.w.org\/{rel}","templated":true}]}}