{"id":68579,"date":"2026-01-30T11:15:00","date_gmt":"2026-01-30T11:15:00","guid":{"rendered":"https:\/\/desireonline.shop\/product\/matrix-mont-bo-nut-hau-mon-rainbow-gem-butt-plug-3-mon\/"},"modified":"2026-01-30T11:15:00","modified_gmt":"2026-01-30T11:15:00","slug":"matrix-mont-bo-nut-hau-mon-rainbow-gem-butt-plug-3-mon","status":"publish","type":"product","link":"https:\/\/desireonline.shop\/vi\/san-pham\/matrix-mont-bo-nut-hau-mon-rainbow-gem-butt-plug-3-mon\/","title":{"rendered":"Matrix Mont B\u1ed9 n\u00fat h\u1eadu m\u00f4n Rainbow Gem Butt Plug (3 m\u00f3n)"},"content":{"rendered":"<p>\u0110\u01b0\u1ee3c thi\u1ebft k\u1ebf \u0111\u1ec3 mang l\u1ea1i s\u1ef1 \u0111a d\u1ea1ng v\u00e0 linh ho\u1ea1t, b\u1ed9 n\u00fat h\u1eadu m\u00f4n ba m\u00f3n n\u00e0y g\u1ed3m c\u00e1c n\u00fat kim lo\u1ea1i tr\u01a1n m\u01b0\u1ee3t \u0111\u01b0\u1ee3c ho\u00e0n thi\u1ec7n v\u1edbi chi ti\u1ebft \u0111\u00e1 qu\u00fd c\u1ea7u v\u1ed3ng b\u1eaft m\u1eaft. M\u1ed7i k\u00edch th\u01b0\u1edbc \u0111\u1ec1u c\u00f3 tr\u1ecdng l\u01b0\u1ee3ng c\u00e2n b\u1eb1ng gi\u00fap mang l\u1ea1i c\u1ea3m gi\u00e1c ch\u1eafc ch\u1eafn v\u00e0 t\u1ef1 tin, gi\u00fap b\u1ea1n d\u1ec5 d\u00e0ng kh\u00e1m ph\u00e1 c\u00e1c c\u1ea3m gi\u00e1c kh\u00e1c nhau theo nh\u1ecbp \u0111\u1ed9 c\u1ee7a m\u00ecnh.<\/p>\n<p>\u0110\u01b0\u1ee3c ch\u1ebf t\u00e1c t\u1eeb kim lo\u1ea1i \u0111\u1ea1t chu\u1ea9n implant-grade, c\u00e1c n\u00fat n\u00e0y l\u00fd t\u01b0\u1edfng cho tr\u1ea3i nghi\u1ec7m nhi\u1ec7t \u0111\u1ed9, d\u00f9 \u0111\u01b0\u1ee3c l\u00e0m \u1ea5m nh\u1eb9 hay l\u00e0m m\u00e1t \u0111\u1ec3 t\u0103ng c\u01b0\u1eddng \u0111\u1ed9 nh\u1ea1y c\u1ea3m. Phong c\u00e1ch v\u00e0 \u0111\u01b0\u1ee3c thi\u1ebft k\u1ebf c\u1ea9n th\u1eadn, b\u1ed9 s\u1ea3n ph\u1ea9m n\u00e0y ho\u00e0n h\u1ea3o cho vi\u1ec7c kh\u00e1m ph\u00e1 d\u1ea7n d\u1ea7n ho\u1eb7c th\u00eam s\u1ef1 \u0111a d\u1ea1ng cho tr\u1ea3i nghi\u1ec7m c\u1ee7a b\u1ea1n.<\/p>\n","protected":false},"excerpt":{"rendered":"<p>\u0110\u01b0\u1ee3c thi\u1ebft k\u1ebf \u0111\u1ec3 mang l\u1ea1i s\u1ef1 \u0111a d\u1ea1ng v\u00e0 linh ho\u1ea1t, b\u1ed9 n\u00fat h\u1eadu m\u00f4n ba m\u00f3n n\u00e0y g\u1ed3m c\u00e1c n\u00fat kim lo\u1ea1i tr\u01a1n m\u01b0\u1ee3t \u0111\u01b0\u1ee3c ho\u00e0n thi\u1ec7n v\u1edbi&hellip;<\/p>\n","protected":false},"featured_media":60262,"comment_status":"open","ping_status":"closed","template":"","meta":{"_acf_changed":false},"product_brand":[],"product_cat":[1397,1416],"product_tag":[1660,1695,1659,1661],"class_list":{"0":"post-68579","1":"product","2":"type-product","3":"status-publish","4":"has-post-thumbnail","6":"product_cat-nut-hau-mon","8":"product_tag-an-toan-cho-co-the","9":"product_tag-khoai-cam-se-chia","10":"product_tag-kich-thich-ben-trong","11":"product_tag-tap-trung-hau-mon","13":"first","14":"instock","15":"shipping-taxable","16":"purchasable","17":"product-type-simple"},"acf":[],"yoast_head":"<!-- This site is optimized with the Yoast SEO plugin v27.1.1 - https:\/\/yoast.com\/product\/yoast-seo-wordpress\/ -->\n<title>Matrix Mont B\u1ed9 n\u00fat h\u1eadu m\u00f4n Rainbow Gem Butt Plug (3 m\u00f3n) - Desire<\/title>\n<meta name=\"robots\" content=\"index, follow, max-snippet:-1, max-image-preview:large, max-video-preview:-1\" \/>\n<link rel=\"canonical\" href=\"https:\/\/desireonline.shop\/vi\/san-pham\/matrix-mont-bo-nut-hau-mon-rainbow-gem-butt-plug-3-mon\/\" \/>\n<meta property=\"og:locale\" content=\"vi_VN\" \/>\n<meta property=\"og:type\" content=\"article\" \/>\n<meta property=\"og:title\" content=\"Matrix Mont B\u1ed9 n\u00fat h\u1eadu m\u00f4n Rainbow Gem Butt Plug (3 m\u00f3n) - Desire\" \/>\n<meta property=\"og:description\" content=\"\u0110\u01b0\u1ee3c thi\u1ebft k\u1ebf \u0111\u1ec3 mang l\u1ea1i s\u1ef1 \u0111a d\u1ea1ng v\u00e0 linh ho\u1ea1t, b\u1ed9 n\u00fat h\u1eadu m\u00f4n ba m\u00f3n n\u00e0y g\u1ed3m c\u00e1c n\u00fat kim lo\u1ea1i tr\u01a1n m\u01b0\u1ee3t \u0111\u01b0\u1ee3c ho\u00e0n thi\u1ec7n v\u1edbi&hellip;\" \/>\n<meta property=\"og:url\" content=\"https:\/\/desireonline.shop\/vi\/san-pham\/matrix-mont-bo-nut-hau-mon-rainbow-gem-butt-plug-3-mon\/\" \/>\n<meta property=\"og:site_name\" content=\"Desire\" \/>\n<meta property=\"og:image\" content=\"https:\/\/desireonline.shop\/wp-content\/uploads\/2026\/01\/CN-941427380_00.jpg\" \/>\n\t<meta property=\"og:image:width\" content=\"1000\" \/>\n\t<meta property=\"og:image:height\" content=\"1000\" \/>\n\t<meta property=\"og:image:type\" content=\"image\/jpeg\" \/>\n<meta name=\"twitter:card\" content=\"summary_large_image\" \/>\n<meta name=\"twitter:label1\" content=\"\u01af\u1edbc t\u00ednh th\u1eddi gian \u0111\u1ecdc\" \/>\n\t<meta name=\"twitter:data1\" content=\"1 ph\u00fat\" \/>\n<script type=\"application\/ld+json\" class=\"yoast-schema-graph\">{\"@context\":\"https:\/\/schema.org\",\"@graph\":[{\"@type\":\"WebPage\",\"@id\":\"https:\/\/desireonline.shop\/vi\/san-pham\/matrix-mont-bo-nut-hau-mon-rainbow-gem-butt-plug-3-mon\/\",\"url\":\"https:\/\/desireonline.shop\/vi\/san-pham\/matrix-mont-bo-nut-hau-mon-rainbow-gem-butt-plug-3-mon\/\",\"name\":\"Matrix Mont B\u1ed9 n\u00fat h\u1eadu m\u00f4n Rainbow Gem Butt Plug (3 m\u00f3n) - Desire\",\"isPartOf\":{\"@id\":\"https:\/\/desireonline.shop\/vi\/#website\"},\"primaryImageOfPage\":{\"@id\":\"https:\/\/desireonline.shop\/vi\/san-pham\/matrix-mont-bo-nut-hau-mon-rainbow-gem-butt-plug-3-mon\/#primaryimage\"},\"image\":{\"@id\":\"https:\/\/desireonline.shop\/vi\/san-pham\/matrix-mont-bo-nut-hau-mon-rainbow-gem-butt-plug-3-mon\/#primaryimage\"},\"thumbnailUrl\":\"https:\/\/desireonline.shop\/wp-content\/uploads\/2026\/01\/CN-941427380_00.jpg\",\"datePublished\":\"2026-01-30T11:15:00+00:00\",\"breadcrumb\":{\"@id\":\"https:\/\/desireonline.shop\/vi\/san-pham\/matrix-mont-bo-nut-hau-mon-rainbow-gem-butt-plug-3-mon\/#breadcrumb\"},\"inLanguage\":\"vi\",\"potentialAction\":[{\"@type\":\"ReadAction\",\"target\":[\"https:\/\/desireonline.shop\/vi\/san-pham\/matrix-mont-bo-nut-hau-mon-rainbow-gem-butt-plug-3-mon\/\"]}]},{\"@type\":\"ImageObject\",\"inLanguage\":\"vi\",\"@id\":\"https:\/\/desireonline.shop\/vi\/san-pham\/matrix-mont-bo-nut-hau-mon-rainbow-gem-butt-plug-3-mon\/#primaryimage\",\"url\":\"https:\/\/desireonline.shop\/wp-content\/uploads\/2026\/01\/CN-941427380_00.jpg\",\"contentUrl\":\"https:\/\/desireonline.shop\/wp-content\/uploads\/2026\/01\/CN-941427380_00.jpg\",\"width\":1000,\"height\":1000},{\"@type\":\"BreadcrumbList\",\"@id\":\"https:\/\/desireonline.shop\/vi\/san-pham\/matrix-mont-bo-nut-hau-mon-rainbow-gem-butt-plug-3-mon\/#breadcrumb\",\"itemListElement\":[{\"@type\":\"ListItem\",\"position\":1,\"name\":\"Home\",\"item\":\"https:\/\/desireonline.shop\/vi\/trang-chu\/?lang=vi\"},{\"@type\":\"ListItem\",\"position\":2,\"name\":\"T\u1ea5t c\u1ea3 s\u1ea3n ph\u1ea9m\",\"item\":\"https:\/\/desireonline.shop\/cua-hang\/?lang=vi\"},{\"@type\":\"ListItem\",\"position\":3,\"name\":\"Matrix Mont B\u1ed9 n\u00fat h\u1eadu m\u00f4n Rainbow Gem Butt Plug (3 m\u00f3n)\"}]},{\"@type\":\"WebSite\",\"@id\":\"https:\/\/desireonline.shop\/vi\/#website\",\"url\":\"https:\/\/desireonline.shop\/vi\/\",\"name\":\"Desire\",\"description\":\"Sexual Wellness Platform\",\"publisher\":{\"@id\":\"https:\/\/desireonline.shop\/vi\/#organization\"},\"potentialAction\":[{\"@type\":\"SearchAction\",\"target\":{\"@type\":\"EntryPoint\",\"urlTemplate\":\"https:\/\/desireonline.shop\/vi\/?s={search_term_string}\"},\"query-input\":{\"@type\":\"PropertyValueSpecification\",\"valueRequired\":true,\"valueName\":\"search_term_string\"}}],\"inLanguage\":\"vi\"},{\"@type\":\"Organization\",\"@id\":\"https:\/\/desireonline.shop\/vi\/#organization\",\"name\":\"Desire\",\"url\":\"https:\/\/desireonline.shop\/vi\/\",\"logo\":{\"@type\":\"ImageObject\",\"inLanguage\":\"vi\",\"@id\":\"https:\/\/desireonline.shop\/vi\/#\/schema\/logo\/image\/\",\"url\":\"https:\/\/desireonline.shop\/wp-content\/uploads\/2024\/06\/Logo-Thick-Font-1.webp\",\"contentUrl\":\"https:\/\/desireonline.shop\/wp-content\/uploads\/2024\/06\/Logo-Thick-Font-1.webp\",\"width\":268,\"height\":399,\"caption\":\"Desire\"},\"image\":{\"@id\":\"https:\/\/desireonline.shop\/vi\/#\/schema\/logo\/image\/\"}}]}<\/script>\n<!-- \/ Yoast SEO plugin. -->","yoast_head_json":{"title":"Matrix Mont B\u1ed9 n\u00fat h\u1eadu m\u00f4n Rainbow Gem Butt Plug (3 m\u00f3n) - Desire","robots":{"index":"index","follow":"follow","max-snippet":"max-snippet:-1","max-image-preview":"max-image-preview:large","max-video-preview":"max-video-preview:-1"},"canonical":"https:\/\/desireonline.shop\/vi\/san-pham\/matrix-mont-bo-nut-hau-mon-rainbow-gem-butt-plug-3-mon\/","og_locale":"vi_VN","og_type":"article","og_title":"Matrix Mont B\u1ed9 n\u00fat h\u1eadu m\u00f4n Rainbow Gem Butt Plug (3 m\u00f3n) - Desire","og_description":"\u0110\u01b0\u1ee3c thi\u1ebft k\u1ebf \u0111\u1ec3 mang l\u1ea1i s\u1ef1 \u0111a d\u1ea1ng v\u00e0 linh ho\u1ea1t, b\u1ed9 n\u00fat h\u1eadu m\u00f4n ba m\u00f3n n\u00e0y g\u1ed3m c\u00e1c n\u00fat kim lo\u1ea1i tr\u01a1n m\u01b0\u1ee3t \u0111\u01b0\u1ee3c ho\u00e0n thi\u1ec7n v\u1edbi&hellip;","og_url":"https:\/\/desireonline.shop\/vi\/san-pham\/matrix-mont-bo-nut-hau-mon-rainbow-gem-butt-plug-3-mon\/","og_site_name":"Desire","og_image":[{"width":1000,"height":1000,"url":"https:\/\/desireonline.shop\/wp-content\/uploads\/2026\/01\/CN-941427380_00.jpg","type":"image\/jpeg"}],"twitter_card":"summary_large_image","twitter_misc":{"\u01af\u1edbc t\u00ednh th\u1eddi gian \u0111\u1ecdc":"1 ph\u00fat"},"schema":{"@context":"https:\/\/schema.org","@graph":[{"@type":"WebPage","@id":"https:\/\/desireonline.shop\/vi\/san-pham\/matrix-mont-bo-nut-hau-mon-rainbow-gem-butt-plug-3-mon\/","url":"https:\/\/desireonline.shop\/vi\/san-pham\/matrix-mont-bo-nut-hau-mon-rainbow-gem-butt-plug-3-mon\/","name":"Matrix Mont B\u1ed9 n\u00fat h\u1eadu m\u00f4n Rainbow Gem Butt Plug (3 m\u00f3n) - Desire","isPartOf":{"@id":"https:\/\/desireonline.shop\/vi\/#website"},"primaryImageOfPage":{"@id":"https:\/\/desireonline.shop\/vi\/san-pham\/matrix-mont-bo-nut-hau-mon-rainbow-gem-butt-plug-3-mon\/#primaryimage"},"image":{"@id":"https:\/\/desireonline.shop\/vi\/san-pham\/matrix-mont-bo-nut-hau-mon-rainbow-gem-butt-plug-3-mon\/#primaryimage"},"thumbnailUrl":"https:\/\/desireonline.shop\/wp-content\/uploads\/2026\/01\/CN-941427380_00.jpg","datePublished":"2026-01-30T11:15:00+00:00","breadcrumb":{"@id":"https:\/\/desireonline.shop\/vi\/san-pham\/matrix-mont-bo-nut-hau-mon-rainbow-gem-butt-plug-3-mon\/#breadcrumb"},"inLanguage":"vi","potentialAction":[{"@type":"ReadAction","target":["https:\/\/desireonline.shop\/vi\/san-pham\/matrix-mont-bo-nut-hau-mon-rainbow-gem-butt-plug-3-mon\/"]}]},{"@type":"ImageObject","inLanguage":"vi","@id":"https:\/\/desireonline.shop\/vi\/san-pham\/matrix-mont-bo-nut-hau-mon-rainbow-gem-butt-plug-3-mon\/#primaryimage","url":"https:\/\/desireonline.shop\/wp-content\/uploads\/2026\/01\/CN-941427380_00.jpg","contentUrl":"https:\/\/desireonline.shop\/wp-content\/uploads\/2026\/01\/CN-941427380_00.jpg","width":1000,"height":1000},{"@type":"BreadcrumbList","@id":"https:\/\/desireonline.shop\/vi\/san-pham\/matrix-mont-bo-nut-hau-mon-rainbow-gem-butt-plug-3-mon\/#breadcrumb","itemListElement":[{"@type":"ListItem","position":1,"name":"Home","item":"https:\/\/desireonline.shop\/vi\/trang-chu\/?lang=vi"},{"@type":"ListItem","position":2,"name":"T\u1ea5t c\u1ea3 s\u1ea3n ph\u1ea9m","item":"https:\/\/desireonline.shop\/cua-hang\/?lang=vi"},{"@type":"ListItem","position":3,"name":"Matrix Mont B\u1ed9 n\u00fat h\u1eadu m\u00f4n Rainbow Gem Butt Plug (3 m\u00f3n)"}]},{"@type":"WebSite","@id":"https:\/\/desireonline.shop\/vi\/#website","url":"https:\/\/desireonline.shop\/vi\/","name":"Desire","description":"Sexual Wellness Platform","publisher":{"@id":"https:\/\/desireonline.shop\/vi\/#organization"},"potentialAction":[{"@type":"SearchAction","target":{"@type":"EntryPoint","urlTemplate":"https:\/\/desireonline.shop\/vi\/?s={search_term_string}"},"query-input":{"@type":"PropertyValueSpecification","valueRequired":true,"valueName":"search_term_string"}}],"inLanguage":"vi"},{"@type":"Organization","@id":"https:\/\/desireonline.shop\/vi\/#organization","name":"Desire","url":"https:\/\/desireonline.shop\/vi\/","logo":{"@type":"ImageObject","inLanguage":"vi","@id":"https:\/\/desireonline.shop\/vi\/#\/schema\/logo\/image\/","url":"https:\/\/desireonline.shop\/wp-content\/uploads\/2024\/06\/Logo-Thick-Font-1.webp","contentUrl":"https:\/\/desireonline.shop\/wp-content\/uploads\/2024\/06\/Logo-Thick-Font-1.webp","width":268,"height":399,"caption":"Desire"},"image":{"@id":"https:\/\/desireonline.shop\/vi\/#\/schema\/logo\/image\/"}}]}},"_links":{"self":[{"href":"https:\/\/desireonline.shop\/vi\/wp-json\/wp\/v2\/product\/68579","targetHints":{"allow":["GET"]}}],"collection":[{"href":"https:\/\/desireonline.shop\/vi\/wp-json\/wp\/v2\/product"}],"about":[{"href":"https:\/\/desireonline.shop\/vi\/wp-json\/wp\/v2\/types\/product"}],"replies":[{"embeddable":true,"href":"https:\/\/desireonline.shop\/vi\/wp-json\/wp\/v2\/comments?post=68579"}],"version-history":[{"count":0,"href":"https:\/\/desireonline.shop\/vi\/wp-json\/wp\/v2\/product\/68579\/revisions"}],"wp:featuredmedia":[{"embeddable":true,"href":"https:\/\/desireonline.shop\/vi\/wp-json\/wp\/v2\/media\/60262"}],"wp:attachment":[{"href":"https:\/\/desireonline.shop\/vi\/wp-json\/wp\/v2\/media?parent=68579"}],"wp:term":[{"taxonomy":"product_brand","embeddable":true,"href":"https:\/\/desireonline.shop\/vi\/wp-json\/wp\/v2\/product_brand?post=68579"},{"taxonomy":"product_cat","embeddable":true,"href":"https:\/\/desireonline.shop\/vi\/wp-json\/wp\/v2\/product_cat?post=68579"},{"taxonomy":"product_tag","embeddable":true,"href":"https:\/\/desireonline.shop\/vi\/wp-json\/wp\/v2\/product_tag?post=68579"}],"curies":[{"name":"wp","href":"https:\/\/api.w.org\/{rel}","templated":true}]}}