{"id":68587,"date":"2026-01-30T11:17:00","date_gmt":"2026-01-30T11:17:00","guid":{"rendered":"https:\/\/desireonline.shop\/product\/mu-platinum-fantasy-duong-vat-gia-rung-morgon\/"},"modified":"2026-01-30T11:17:00","modified_gmt":"2026-01-30T11:17:00","slug":"mu-platinum-fantasy-duong-vat-gia-rung-morgon","status":"publish","type":"product","link":"https:\/\/desireonline.shop\/vi\/san-pham\/mu-platinum-fantasy-duong-vat-gia-rung-morgon\/","title":{"rendered":"MU Platinum Fantasy D\u01b0\u01a1ng v\u1eadt gi\u1ea3 rung \u2013 Morgon"},"content":{"rendered":"<p>\u0110\u01b0\u1ee3c thi\u1ebft k\u1ebf \u0111\u1ec3 mang l\u1ea1i s\u1ef1 \u0111a d\u1ea1ng v\u00e0 h\u1ee9ng th\u00fa cho tr\u1ea3i nghi\u1ec7m c\u1ee7a b\u1ea1n, d\u01b0\u01a1ng v\u1eadt gi\u1ea3 rung n\u00e0y k\u1ebft h\u1ee3p h\u00ecnh d\u00e1ng tr\u01a1n m\u01b0\u1ee3t, g\u1ecdn g\u00e0ng v\u1edbi nhi\u1ec1u ch\u1ebf \u0111\u1ed9 rung ph\u00f9 h\u1ee3p cho m\u1ecdi t\u00e2m tr\u1ea1ng. V\u1edbi t\u00e1m ch\u1ebf \u0111\u1ed9 rung v\u00e0 ch\u1ebf \u0111\u1ed9 burst, s\u1ea3n ph\u1ea9m m\u1eddi g\u1ecdi b\u1ea1n kh\u00e1m ph\u00e1 t\u1eeb nh\u1eefng rung \u0111\u1ed9ng nh\u1eb9 nh\u00e0ng \u0111\u1ebfn nh\u1eefng xung rung m\u1ea1nh m\u1ebd h\u01a1n.<\/p>\n<p>\u0110i\u1ec1u khi\u1ec3n t\u1eeb xa \u0111i k\u00e8m gi\u00fap d\u1ec5 d\u00e0ng \u0111i\u1ec1u ch\u1ec9nh c\u00e0i \u0111\u1eb7t m\u00e0 kh\u00f4ng c\u1ea7n d\u00f9ng tay, gi\u1eef s\u1ef1 t\u1eadp trung v\u00e0o kho\u00e1i c\u1ea3m v\u00e0 s\u1ef1 k\u1ebft n\u1ed1i. D\u1ec5 s\u1eed d\u1ee5ng v\u00e0 mang l\u1ea1i c\u1ea3m gi\u00e1c th\u1ecfa m\u00e3n khi kh\u00e1m ph\u00e1, \u0111\u00e2y l\u00e0 l\u1ef1a ch\u1ecdn linh ho\u1ea1t cho c\u1ea3 tr\u1ea3i nghi\u1ec7m c\u00e1 nh\u00e2n ho\u1eb7c nh\u1eefng kho\u1ea3nh kh\u1eafc chia s\u1ebb.<\/p>\n","protected":false},"excerpt":{"rendered":"<p>\u0110\u01b0\u1ee3c thi\u1ebft k\u1ebf \u0111\u1ec3 mang l\u1ea1i s\u1ef1 \u0111a d\u1ea1ng v\u00e0 h\u1ee9ng th\u00fa cho tr\u1ea3i nghi\u1ec7m c\u1ee7a b\u1ea1n, d\u01b0\u01a1ng v\u1eadt gi\u1ea3 rung n\u00e0y k\u1ebft h\u1ee3p h\u00ecnh d\u00e1ng tr\u01a1n m\u01b0\u1ee3t, g\u1ecdn g\u00e0ng&hellip;<\/p>\n","protected":false},"featured_media":60270,"comment_status":"open","ping_status":"closed","template":"","meta":{"_acf_changed":false},"product_brand":[],"product_cat":[1341,1429,1422],"product_tag":[1660,1670,1659,1672,1671],"class_list":{"0":"post-68587","1":"product","2":"type-product","3":"status-publish","4":"has-post-thumbnail","6":"product_cat-for-men","7":"product_cat-duong-vat-gia-co-rung","8":"product_cat-duong-vat-gia-gia-tuong","9":"product_tag-an-toan-cho-co-the","10":"product_tag-danh-cho-phu-nu","11":"product_tag-kich-thich-ben-trong","12":"product_tag-phieu-luu","13":"product_tag-rung","15":"first","16":"instock","17":"shipping-taxable","18":"purchasable","19":"product-type-simple"},"acf":[],"yoast_head":"<!-- This site is optimized with the Yoast SEO plugin v27.1.1 - https:\/\/yoast.com\/product\/yoast-seo-wordpress\/ -->\n<title>MU Platinum Fantasy D\u01b0\u01a1ng v\u1eadt gi\u1ea3 rung \u2013 Morgon - Desire<\/title>\n<meta name=\"robots\" content=\"index, follow, max-snippet:-1, max-image-preview:large, max-video-preview:-1\" \/>\n<link rel=\"canonical\" href=\"https:\/\/desireonline.shop\/vi\/san-pham\/mu-platinum-fantasy-duong-vat-gia-rung-morgon\/\" \/>\n<meta property=\"og:locale\" content=\"vi_VN\" \/>\n<meta property=\"og:type\" content=\"article\" \/>\n<meta property=\"og:title\" content=\"MU Platinum Fantasy D\u01b0\u01a1ng v\u1eadt gi\u1ea3 rung \u2013 Morgon - Desire\" \/>\n<meta property=\"og:description\" content=\"\u0110\u01b0\u1ee3c thi\u1ebft k\u1ebf \u0111\u1ec3 mang l\u1ea1i s\u1ef1 \u0111a d\u1ea1ng v\u00e0 h\u1ee9ng th\u00fa cho tr\u1ea3i nghi\u1ec7m c\u1ee7a b\u1ea1n, d\u01b0\u01a1ng v\u1eadt gi\u1ea3 rung n\u00e0y k\u1ebft h\u1ee3p h\u00ecnh d\u00e1ng tr\u01a1n m\u01b0\u1ee3t, g\u1ecdn g\u00e0ng&hellip;\" \/>\n<meta property=\"og:url\" content=\"https:\/\/desireonline.shop\/vi\/san-pham\/mu-platinum-fantasy-duong-vat-gia-rung-morgon\/\" \/>\n<meta property=\"og:site_name\" content=\"Desire\" \/>\n<meta property=\"og:image\" content=\"https:\/\/desireonline.shop\/wp-content\/uploads\/2026\/01\/CN-221853762_00.jpg\" \/>\n\t<meta property=\"og:image:width\" content=\"1000\" \/>\n\t<meta property=\"og:image:height\" content=\"1000\" \/>\n\t<meta property=\"og:image:type\" content=\"image\/jpeg\" \/>\n<meta name=\"twitter:card\" content=\"summary_large_image\" \/>\n<meta name=\"twitter:label1\" content=\"\u01af\u1edbc t\u00ednh th\u1eddi gian \u0111\u1ecdc\" \/>\n\t<meta name=\"twitter:data1\" content=\"1 ph\u00fat\" \/>\n<script type=\"application\/ld+json\" class=\"yoast-schema-graph\">{\"@context\":\"https:\/\/schema.org\",\"@graph\":[{\"@type\":\"WebPage\",\"@id\":\"https:\/\/desireonline.shop\/vi\/san-pham\/mu-platinum-fantasy-duong-vat-gia-rung-morgon\/\",\"url\":\"https:\/\/desireonline.shop\/vi\/san-pham\/mu-platinum-fantasy-duong-vat-gia-rung-morgon\/\",\"name\":\"MU Platinum Fantasy D\u01b0\u01a1ng v\u1eadt gi\u1ea3 rung \u2013 Morgon - Desire\",\"isPartOf\":{\"@id\":\"https:\/\/desireonline.shop\/vi\/#website\"},\"primaryImageOfPage\":{\"@id\":\"https:\/\/desireonline.shop\/vi\/san-pham\/mu-platinum-fantasy-duong-vat-gia-rung-morgon\/#primaryimage\"},\"image\":{\"@id\":\"https:\/\/desireonline.shop\/vi\/san-pham\/mu-platinum-fantasy-duong-vat-gia-rung-morgon\/#primaryimage\"},\"thumbnailUrl\":\"https:\/\/desireonline.shop\/wp-content\/uploads\/2026\/01\/CN-221853762_00.jpg\",\"datePublished\":\"2026-01-30T11:17:00+00:00\",\"breadcrumb\":{\"@id\":\"https:\/\/desireonline.shop\/vi\/san-pham\/mu-platinum-fantasy-duong-vat-gia-rung-morgon\/#breadcrumb\"},\"inLanguage\":\"vi\",\"potentialAction\":[{\"@type\":\"ReadAction\",\"target\":[\"https:\/\/desireonline.shop\/vi\/san-pham\/mu-platinum-fantasy-duong-vat-gia-rung-morgon\/\"]}]},{\"@type\":\"ImageObject\",\"inLanguage\":\"vi\",\"@id\":\"https:\/\/desireonline.shop\/vi\/san-pham\/mu-platinum-fantasy-duong-vat-gia-rung-morgon\/#primaryimage\",\"url\":\"https:\/\/desireonline.shop\/wp-content\/uploads\/2026\/01\/CN-221853762_00.jpg\",\"contentUrl\":\"https:\/\/desireonline.shop\/wp-content\/uploads\/2026\/01\/CN-221853762_00.jpg\",\"width\":1000,\"height\":1000},{\"@type\":\"BreadcrumbList\",\"@id\":\"https:\/\/desireonline.shop\/vi\/san-pham\/mu-platinum-fantasy-duong-vat-gia-rung-morgon\/#breadcrumb\",\"itemListElement\":[{\"@type\":\"ListItem\",\"position\":1,\"name\":\"Home\",\"item\":\"https:\/\/desireonline.shop\/vi\/trang-chu\/?lang=vi\"},{\"@type\":\"ListItem\",\"position\":2,\"name\":\"T\u1ea5t c\u1ea3 s\u1ea3n ph\u1ea9m\",\"item\":\"https:\/\/desireonline.shop\/cua-hang\/?lang=vi\"},{\"@type\":\"ListItem\",\"position\":3,\"name\":\"MU Platinum Fantasy D\u01b0\u01a1ng v\u1eadt gi\u1ea3 rung \u2013 Morgon\"}]},{\"@type\":\"WebSite\",\"@id\":\"https:\/\/desireonline.shop\/vi\/#website\",\"url\":\"https:\/\/desireonline.shop\/vi\/\",\"name\":\"Desire\",\"description\":\"Sexual Wellness Platform\",\"publisher\":{\"@id\":\"https:\/\/desireonline.shop\/vi\/#organization\"},\"potentialAction\":[{\"@type\":\"SearchAction\",\"target\":{\"@type\":\"EntryPoint\",\"urlTemplate\":\"https:\/\/desireonline.shop\/vi\/?s={search_term_string}\"},\"query-input\":{\"@type\":\"PropertyValueSpecification\",\"valueRequired\":true,\"valueName\":\"search_term_string\"}}],\"inLanguage\":\"vi\"},{\"@type\":\"Organization\",\"@id\":\"https:\/\/desireonline.shop\/vi\/#organization\",\"name\":\"Desire\",\"url\":\"https:\/\/desireonline.shop\/vi\/\",\"logo\":{\"@type\":\"ImageObject\",\"inLanguage\":\"vi\",\"@id\":\"https:\/\/desireonline.shop\/vi\/#\/schema\/logo\/image\/\",\"url\":\"https:\/\/desireonline.shop\/wp-content\/uploads\/2024\/06\/Logo-Thick-Font-1.webp\",\"contentUrl\":\"https:\/\/desireonline.shop\/wp-content\/uploads\/2024\/06\/Logo-Thick-Font-1.webp\",\"width\":268,\"height\":399,\"caption\":\"Desire\"},\"image\":{\"@id\":\"https:\/\/desireonline.shop\/vi\/#\/schema\/logo\/image\/\"}}]}<\/script>\n<!-- \/ Yoast SEO plugin. -->","yoast_head_json":{"title":"MU Platinum Fantasy D\u01b0\u01a1ng v\u1eadt gi\u1ea3 rung \u2013 Morgon - Desire","robots":{"index":"index","follow":"follow","max-snippet":"max-snippet:-1","max-image-preview":"max-image-preview:large","max-video-preview":"max-video-preview:-1"},"canonical":"https:\/\/desireonline.shop\/vi\/san-pham\/mu-platinum-fantasy-duong-vat-gia-rung-morgon\/","og_locale":"vi_VN","og_type":"article","og_title":"MU Platinum Fantasy D\u01b0\u01a1ng v\u1eadt gi\u1ea3 rung \u2013 Morgon - Desire","og_description":"\u0110\u01b0\u1ee3c thi\u1ebft k\u1ebf \u0111\u1ec3 mang l\u1ea1i s\u1ef1 \u0111a d\u1ea1ng v\u00e0 h\u1ee9ng th\u00fa cho tr\u1ea3i nghi\u1ec7m c\u1ee7a b\u1ea1n, d\u01b0\u01a1ng v\u1eadt gi\u1ea3 rung n\u00e0y k\u1ebft h\u1ee3p h\u00ecnh d\u00e1ng tr\u01a1n m\u01b0\u1ee3t, g\u1ecdn g\u00e0ng&hellip;","og_url":"https:\/\/desireonline.shop\/vi\/san-pham\/mu-platinum-fantasy-duong-vat-gia-rung-morgon\/","og_site_name":"Desire","og_image":[{"width":1000,"height":1000,"url":"https:\/\/desireonline.shop\/wp-content\/uploads\/2026\/01\/CN-221853762_00.jpg","type":"image\/jpeg"}],"twitter_card":"summary_large_image","twitter_misc":{"\u01af\u1edbc t\u00ednh th\u1eddi gian \u0111\u1ecdc":"1 ph\u00fat"},"schema":{"@context":"https:\/\/schema.org","@graph":[{"@type":"WebPage","@id":"https:\/\/desireonline.shop\/vi\/san-pham\/mu-platinum-fantasy-duong-vat-gia-rung-morgon\/","url":"https:\/\/desireonline.shop\/vi\/san-pham\/mu-platinum-fantasy-duong-vat-gia-rung-morgon\/","name":"MU Platinum Fantasy D\u01b0\u01a1ng v\u1eadt gi\u1ea3 rung \u2013 Morgon - Desire","isPartOf":{"@id":"https:\/\/desireonline.shop\/vi\/#website"},"primaryImageOfPage":{"@id":"https:\/\/desireonline.shop\/vi\/san-pham\/mu-platinum-fantasy-duong-vat-gia-rung-morgon\/#primaryimage"},"image":{"@id":"https:\/\/desireonline.shop\/vi\/san-pham\/mu-platinum-fantasy-duong-vat-gia-rung-morgon\/#primaryimage"},"thumbnailUrl":"https:\/\/desireonline.shop\/wp-content\/uploads\/2026\/01\/CN-221853762_00.jpg","datePublished":"2026-01-30T11:17:00+00:00","breadcrumb":{"@id":"https:\/\/desireonline.shop\/vi\/san-pham\/mu-platinum-fantasy-duong-vat-gia-rung-morgon\/#breadcrumb"},"inLanguage":"vi","potentialAction":[{"@type":"ReadAction","target":["https:\/\/desireonline.shop\/vi\/san-pham\/mu-platinum-fantasy-duong-vat-gia-rung-morgon\/"]}]},{"@type":"ImageObject","inLanguage":"vi","@id":"https:\/\/desireonline.shop\/vi\/san-pham\/mu-platinum-fantasy-duong-vat-gia-rung-morgon\/#primaryimage","url":"https:\/\/desireonline.shop\/wp-content\/uploads\/2026\/01\/CN-221853762_00.jpg","contentUrl":"https:\/\/desireonline.shop\/wp-content\/uploads\/2026\/01\/CN-221853762_00.jpg","width":1000,"height":1000},{"@type":"BreadcrumbList","@id":"https:\/\/desireonline.shop\/vi\/san-pham\/mu-platinum-fantasy-duong-vat-gia-rung-morgon\/#breadcrumb","itemListElement":[{"@type":"ListItem","position":1,"name":"Home","item":"https:\/\/desireonline.shop\/vi\/trang-chu\/?lang=vi"},{"@type":"ListItem","position":2,"name":"T\u1ea5t c\u1ea3 s\u1ea3n ph\u1ea9m","item":"https:\/\/desireonline.shop\/cua-hang\/?lang=vi"},{"@type":"ListItem","position":3,"name":"MU Platinum Fantasy D\u01b0\u01a1ng v\u1eadt gi\u1ea3 rung \u2013 Morgon"}]},{"@type":"WebSite","@id":"https:\/\/desireonline.shop\/vi\/#website","url":"https:\/\/desireonline.shop\/vi\/","name":"Desire","description":"Sexual Wellness Platform","publisher":{"@id":"https:\/\/desireonline.shop\/vi\/#organization"},"potentialAction":[{"@type":"SearchAction","target":{"@type":"EntryPoint","urlTemplate":"https:\/\/desireonline.shop\/vi\/?s={search_term_string}"},"query-input":{"@type":"PropertyValueSpecification","valueRequired":true,"valueName":"search_term_string"}}],"inLanguage":"vi"},{"@type":"Organization","@id":"https:\/\/desireonline.shop\/vi\/#organization","name":"Desire","url":"https:\/\/desireonline.shop\/vi\/","logo":{"@type":"ImageObject","inLanguage":"vi","@id":"https:\/\/desireonline.shop\/vi\/#\/schema\/logo\/image\/","url":"https:\/\/desireonline.shop\/wp-content\/uploads\/2024\/06\/Logo-Thick-Font-1.webp","contentUrl":"https:\/\/desireonline.shop\/wp-content\/uploads\/2024\/06\/Logo-Thick-Font-1.webp","width":268,"height":399,"caption":"Desire"},"image":{"@id":"https:\/\/desireonline.shop\/vi\/#\/schema\/logo\/image\/"}}]}},"_links":{"self":[{"href":"https:\/\/desireonline.shop\/vi\/wp-json\/wp\/v2\/product\/68587","targetHints":{"allow":["GET"]}}],"collection":[{"href":"https:\/\/desireonline.shop\/vi\/wp-json\/wp\/v2\/product"}],"about":[{"href":"https:\/\/desireonline.shop\/vi\/wp-json\/wp\/v2\/types\/product"}],"replies":[{"embeddable":true,"href":"https:\/\/desireonline.shop\/vi\/wp-json\/wp\/v2\/comments?post=68587"}],"version-history":[{"count":0,"href":"https:\/\/desireonline.shop\/vi\/wp-json\/wp\/v2\/product\/68587\/revisions"}],"wp:featuredmedia":[{"embeddable":true,"href":"https:\/\/desireonline.shop\/vi\/wp-json\/wp\/v2\/media\/60270"}],"wp:attachment":[{"href":"https:\/\/desireonline.shop\/vi\/wp-json\/wp\/v2\/media?parent=68587"}],"wp:term":[{"taxonomy":"product_brand","embeddable":true,"href":"https:\/\/desireonline.shop\/vi\/wp-json\/wp\/v2\/product_brand?post=68587"},{"taxonomy":"product_cat","embeddable":true,"href":"https:\/\/desireonline.shop\/vi\/wp-json\/wp\/v2\/product_cat?post=68587"},{"taxonomy":"product_tag","embeddable":true,"href":"https:\/\/desireonline.shop\/vi\/wp-json\/wp\/v2\/product_tag?post=68587"}],"curies":[{"name":"wp","href":"https:\/\/api.w.org\/{rel}","templated":true}]}}