{"id":68659,"date":"2026-01-30T11:42:00","date_gmt":"2026-01-30T11:42:00","guid":{"rendered":"https:\/\/desireonline.shop\/product\/mu-platinum-fantasy-duong-vat-gia-rung-echidna\/"},"modified":"2026-01-30T11:42:00","modified_gmt":"2026-01-30T11:42:00","slug":"mu-platinum-fantasy-duong-vat-gia-rung-echidna","status":"publish","type":"product","link":"https:\/\/desireonline.shop\/vi\/san-pham\/mu-platinum-fantasy-duong-vat-gia-rung-echidna\/","title":{"rendered":"MU Platinum Fantasy D\u01b0\u01a1ng v\u1eadt gi\u1ea3 rung &#8211; Echidna"},"content":{"rendered":"<p>\u0110\u01b0\u1ee3c thi\u1ebft k\u1ebf \u0111\u1ec3 t\u0103ng th\u00eam s\u1ef1 h\u1ee9ng kh\u1edfi, d\u01b0\u01a1ng v\u1eadt gi\u1ea3 rung n\u00e0y k\u1ebft h\u1ee3p c\u00e1c \u0111\u01b0\u1eddng cong m\u01b0\u1ee3t m\u00e0 v\u1edbi c\u1ea3 ch\u1ee9c n\u0103ng rung v\u00e0 th\u1ee5t, mang l\u1ea1i tr\u1ea3i nghi\u1ec7m n\u0103ng \u0111\u1ed9ng h\u01a1n. V\u1edbi 10 ch\u1ebf \u0111\u1ed9 rung v\u00e0 3 ch\u1ebf \u0111\u1ed9 th\u1ee5t, s\u1ea3n ph\u1ea9m m\u1eddi b\u1ea1n kh\u00e1m ph\u00e1 nh\u1eefng nh\u1ecbp \u0111i\u1ec7u, t\u1ed1c \u0111\u1ed9 v\u00e0 c\u01b0\u1eddng \u0111\u1ed9 kh\u00e1c nhau ph\u00f9 h\u1ee3p v\u1edbi t\u00e2m tr\u1ea1ng c\u1ee7a b\u1ea1n.<\/p>\n<p>\u0110i\u1ec1u khi\u1ec3n t\u1eeb xa cho ph\u00e9p \u0111i\u1ec1u ch\u1ec9nh d\u1ec5 d\u00e0ng, r\u1ea3nh tay, gi\u00fap b\u1ea1n t\u1eadp trung tr\u1ecdn v\u1eb9n v\u00e0o kho\u00e1i c\u1ea3m v\u00e0 s\u1ef1 mong \u0111\u1ee3i. D\u00f9 t\u1eadn h\u01b0\u1edfng m\u1ed9t m\u00ecnh hay c\u00f9ng b\u1ea1n t\u00ecnh, \u0111\u00e2y l\u00e0 l\u1ef1a ch\u1ecdn linh ho\u1ea1t cho nh\u1eefng ai mu\u1ed1n th\u00eam chuy\u1ec3n \u0111\u1ed9ng, s\u1ef1 \u0111a d\u1ea1ng v\u00e0 m\u1ed9t ch\u00fat k\u00edch th\u00edch m\u1edbi m\u1ebb v\u00e0o cu\u1ed9c vui.<\/p>\n","protected":false},"excerpt":{"rendered":"<p>\u0110\u01b0\u1ee3c thi\u1ebft k\u1ebf \u0111\u1ec3 t\u0103ng th\u00eam s\u1ef1 h\u1ee9ng kh\u1edfi, d\u01b0\u01a1ng v\u1eadt gi\u1ea3 rung n\u00e0y k\u1ebft h\u1ee3p c\u00e1c \u0111\u01b0\u1eddng cong m\u01b0\u1ee3t m\u00e0 v\u1edbi c\u1ea3 ch\u1ee9c n\u0103ng rung v\u00e0 th\u1ee5t, mang l\u1ea1i&hellip;<\/p>\n","protected":false},"featured_media":60342,"comment_status":"open","ping_status":"closed","template":"","meta":{"_acf_changed":false},"product_brand":[],"product_cat":[1341,1429,1422],"product_tag":[1660,1670,1659,1672,1671],"class_list":{"0":"post-68659","1":"product","2":"type-product","3":"status-publish","4":"has-post-thumbnail","6":"product_cat-for-men","7":"product_cat-duong-vat-gia-co-rung","8":"product_cat-duong-vat-gia-gia-tuong","9":"product_tag-an-toan-cho-co-the","10":"product_tag-danh-cho-phu-nu","11":"product_tag-kich-thich-ben-trong","12":"product_tag-phieu-luu","13":"product_tag-rung","15":"first","16":"instock","17":"shipping-taxable","18":"purchasable","19":"product-type-simple"},"acf":[],"yoast_head":"<!-- This site is optimized with the Yoast SEO plugin v27.1.1 - https:\/\/yoast.com\/product\/yoast-seo-wordpress\/ -->\n<title>MU Platinum Fantasy D\u01b0\u01a1ng v\u1eadt gi\u1ea3 rung - Echidna - Desire<\/title>\n<meta name=\"robots\" content=\"index, follow, max-snippet:-1, max-image-preview:large, max-video-preview:-1\" \/>\n<link rel=\"canonical\" href=\"https:\/\/desireonline.shop\/vi\/san-pham\/mu-platinum-fantasy-duong-vat-gia-rung-echidna\/\" \/>\n<meta property=\"og:locale\" content=\"vi_VN\" \/>\n<meta property=\"og:type\" content=\"article\" \/>\n<meta property=\"og:title\" content=\"MU Platinum Fantasy D\u01b0\u01a1ng v\u1eadt gi\u1ea3 rung - Echidna - Desire\" \/>\n<meta property=\"og:description\" content=\"\u0110\u01b0\u1ee3c thi\u1ebft k\u1ebf \u0111\u1ec3 t\u0103ng th\u00eam s\u1ef1 h\u1ee9ng kh\u1edfi, d\u01b0\u01a1ng v\u1eadt gi\u1ea3 rung n\u00e0y k\u1ebft h\u1ee3p c\u00e1c \u0111\u01b0\u1eddng cong m\u01b0\u1ee3t m\u00e0 v\u1edbi c\u1ea3 ch\u1ee9c n\u0103ng rung v\u00e0 th\u1ee5t, mang l\u1ea1i&hellip;\" \/>\n<meta property=\"og:url\" content=\"https:\/\/desireonline.shop\/vi\/san-pham\/mu-platinum-fantasy-duong-vat-gia-rung-echidna\/\" \/>\n<meta property=\"og:site_name\" content=\"Desire\" \/>\n<meta property=\"og:image\" content=\"https:\/\/desireonline.shop\/wp-content\/uploads\/2026\/01\/CN-221545615_00.jpg\" \/>\n\t<meta property=\"og:image:width\" content=\"1000\" \/>\n\t<meta property=\"og:image:height\" content=\"1000\" \/>\n\t<meta property=\"og:image:type\" content=\"image\/jpeg\" \/>\n<meta name=\"twitter:card\" content=\"summary_large_image\" \/>\n<meta name=\"twitter:label1\" content=\"\u01af\u1edbc t\u00ednh th\u1eddi gian \u0111\u1ecdc\" \/>\n\t<meta name=\"twitter:data1\" content=\"1 ph\u00fat\" \/>\n<script type=\"application\/ld+json\" class=\"yoast-schema-graph\">{\"@context\":\"https:\/\/schema.org\",\"@graph\":[{\"@type\":\"WebPage\",\"@id\":\"https:\/\/desireonline.shop\/vi\/san-pham\/mu-platinum-fantasy-duong-vat-gia-rung-echidna\/\",\"url\":\"https:\/\/desireonline.shop\/vi\/san-pham\/mu-platinum-fantasy-duong-vat-gia-rung-echidna\/\",\"name\":\"MU Platinum Fantasy D\u01b0\u01a1ng v\u1eadt gi\u1ea3 rung - Echidna - Desire\",\"isPartOf\":{\"@id\":\"https:\/\/desireonline.shop\/vi\/#website\"},\"primaryImageOfPage\":{\"@id\":\"https:\/\/desireonline.shop\/vi\/san-pham\/mu-platinum-fantasy-duong-vat-gia-rung-echidna\/#primaryimage\"},\"image\":{\"@id\":\"https:\/\/desireonline.shop\/vi\/san-pham\/mu-platinum-fantasy-duong-vat-gia-rung-echidna\/#primaryimage\"},\"thumbnailUrl\":\"https:\/\/desireonline.shop\/wp-content\/uploads\/2026\/01\/CN-221545615_00.jpg\",\"datePublished\":\"2026-01-30T11:42:00+00:00\",\"breadcrumb\":{\"@id\":\"https:\/\/desireonline.shop\/vi\/san-pham\/mu-platinum-fantasy-duong-vat-gia-rung-echidna\/#breadcrumb\"},\"inLanguage\":\"vi\",\"potentialAction\":[{\"@type\":\"ReadAction\",\"target\":[\"https:\/\/desireonline.shop\/vi\/san-pham\/mu-platinum-fantasy-duong-vat-gia-rung-echidna\/\"]}]},{\"@type\":\"ImageObject\",\"inLanguage\":\"vi\",\"@id\":\"https:\/\/desireonline.shop\/vi\/san-pham\/mu-platinum-fantasy-duong-vat-gia-rung-echidna\/#primaryimage\",\"url\":\"https:\/\/desireonline.shop\/wp-content\/uploads\/2026\/01\/CN-221545615_00.jpg\",\"contentUrl\":\"https:\/\/desireonline.shop\/wp-content\/uploads\/2026\/01\/CN-221545615_00.jpg\",\"width\":1000,\"height\":1000},{\"@type\":\"BreadcrumbList\",\"@id\":\"https:\/\/desireonline.shop\/vi\/san-pham\/mu-platinum-fantasy-duong-vat-gia-rung-echidna\/#breadcrumb\",\"itemListElement\":[{\"@type\":\"ListItem\",\"position\":1,\"name\":\"Home\",\"item\":\"https:\/\/desireonline.shop\/vi\/trang-chu\/?lang=vi\"},{\"@type\":\"ListItem\",\"position\":2,\"name\":\"T\u1ea5t c\u1ea3 s\u1ea3n ph\u1ea9m\",\"item\":\"https:\/\/desireonline.shop\/cua-hang\/?lang=vi\"},{\"@type\":\"ListItem\",\"position\":3,\"name\":\"MU Platinum Fantasy D\u01b0\u01a1ng v\u1eadt gi\u1ea3 rung &#8211; Echidna\"}]},{\"@type\":\"WebSite\",\"@id\":\"https:\/\/desireonline.shop\/vi\/#website\",\"url\":\"https:\/\/desireonline.shop\/vi\/\",\"name\":\"Desire\",\"description\":\"Sexual Wellness Platform\",\"publisher\":{\"@id\":\"https:\/\/desireonline.shop\/vi\/#organization\"},\"potentialAction\":[{\"@type\":\"SearchAction\",\"target\":{\"@type\":\"EntryPoint\",\"urlTemplate\":\"https:\/\/desireonline.shop\/vi\/?s={search_term_string}\"},\"query-input\":{\"@type\":\"PropertyValueSpecification\",\"valueRequired\":true,\"valueName\":\"search_term_string\"}}],\"inLanguage\":\"vi\"},{\"@type\":\"Organization\",\"@id\":\"https:\/\/desireonline.shop\/vi\/#organization\",\"name\":\"Desire\",\"url\":\"https:\/\/desireonline.shop\/vi\/\",\"logo\":{\"@type\":\"ImageObject\",\"inLanguage\":\"vi\",\"@id\":\"https:\/\/desireonline.shop\/vi\/#\/schema\/logo\/image\/\",\"url\":\"https:\/\/desireonline.shop\/wp-content\/uploads\/2024\/06\/Logo-Thick-Font-1.webp\",\"contentUrl\":\"https:\/\/desireonline.shop\/wp-content\/uploads\/2024\/06\/Logo-Thick-Font-1.webp\",\"width\":268,\"height\":399,\"caption\":\"Desire\"},\"image\":{\"@id\":\"https:\/\/desireonline.shop\/vi\/#\/schema\/logo\/image\/\"}}]}<\/script>\n<!-- \/ Yoast SEO plugin. -->","yoast_head_json":{"title":"MU Platinum Fantasy D\u01b0\u01a1ng v\u1eadt gi\u1ea3 rung - Echidna - Desire","robots":{"index":"index","follow":"follow","max-snippet":"max-snippet:-1","max-image-preview":"max-image-preview:large","max-video-preview":"max-video-preview:-1"},"canonical":"https:\/\/desireonline.shop\/vi\/san-pham\/mu-platinum-fantasy-duong-vat-gia-rung-echidna\/","og_locale":"vi_VN","og_type":"article","og_title":"MU Platinum Fantasy D\u01b0\u01a1ng v\u1eadt gi\u1ea3 rung - Echidna - Desire","og_description":"\u0110\u01b0\u1ee3c thi\u1ebft k\u1ebf \u0111\u1ec3 t\u0103ng th\u00eam s\u1ef1 h\u1ee9ng kh\u1edfi, d\u01b0\u01a1ng v\u1eadt gi\u1ea3 rung n\u00e0y k\u1ebft h\u1ee3p c\u00e1c \u0111\u01b0\u1eddng cong m\u01b0\u1ee3t m\u00e0 v\u1edbi c\u1ea3 ch\u1ee9c n\u0103ng rung v\u00e0 th\u1ee5t, mang l\u1ea1i&hellip;","og_url":"https:\/\/desireonline.shop\/vi\/san-pham\/mu-platinum-fantasy-duong-vat-gia-rung-echidna\/","og_site_name":"Desire","og_image":[{"width":1000,"height":1000,"url":"https:\/\/desireonline.shop\/wp-content\/uploads\/2026\/01\/CN-221545615_00.jpg","type":"image\/jpeg"}],"twitter_card":"summary_large_image","twitter_misc":{"\u01af\u1edbc t\u00ednh th\u1eddi gian \u0111\u1ecdc":"1 ph\u00fat"},"schema":{"@context":"https:\/\/schema.org","@graph":[{"@type":"WebPage","@id":"https:\/\/desireonline.shop\/vi\/san-pham\/mu-platinum-fantasy-duong-vat-gia-rung-echidna\/","url":"https:\/\/desireonline.shop\/vi\/san-pham\/mu-platinum-fantasy-duong-vat-gia-rung-echidna\/","name":"MU Platinum Fantasy D\u01b0\u01a1ng v\u1eadt gi\u1ea3 rung - Echidna - Desire","isPartOf":{"@id":"https:\/\/desireonline.shop\/vi\/#website"},"primaryImageOfPage":{"@id":"https:\/\/desireonline.shop\/vi\/san-pham\/mu-platinum-fantasy-duong-vat-gia-rung-echidna\/#primaryimage"},"image":{"@id":"https:\/\/desireonline.shop\/vi\/san-pham\/mu-platinum-fantasy-duong-vat-gia-rung-echidna\/#primaryimage"},"thumbnailUrl":"https:\/\/desireonline.shop\/wp-content\/uploads\/2026\/01\/CN-221545615_00.jpg","datePublished":"2026-01-30T11:42:00+00:00","breadcrumb":{"@id":"https:\/\/desireonline.shop\/vi\/san-pham\/mu-platinum-fantasy-duong-vat-gia-rung-echidna\/#breadcrumb"},"inLanguage":"vi","potentialAction":[{"@type":"ReadAction","target":["https:\/\/desireonline.shop\/vi\/san-pham\/mu-platinum-fantasy-duong-vat-gia-rung-echidna\/"]}]},{"@type":"ImageObject","inLanguage":"vi","@id":"https:\/\/desireonline.shop\/vi\/san-pham\/mu-platinum-fantasy-duong-vat-gia-rung-echidna\/#primaryimage","url":"https:\/\/desireonline.shop\/wp-content\/uploads\/2026\/01\/CN-221545615_00.jpg","contentUrl":"https:\/\/desireonline.shop\/wp-content\/uploads\/2026\/01\/CN-221545615_00.jpg","width":1000,"height":1000},{"@type":"BreadcrumbList","@id":"https:\/\/desireonline.shop\/vi\/san-pham\/mu-platinum-fantasy-duong-vat-gia-rung-echidna\/#breadcrumb","itemListElement":[{"@type":"ListItem","position":1,"name":"Home","item":"https:\/\/desireonline.shop\/vi\/trang-chu\/?lang=vi"},{"@type":"ListItem","position":2,"name":"T\u1ea5t c\u1ea3 s\u1ea3n ph\u1ea9m","item":"https:\/\/desireonline.shop\/cua-hang\/?lang=vi"},{"@type":"ListItem","position":3,"name":"MU Platinum Fantasy D\u01b0\u01a1ng v\u1eadt gi\u1ea3 rung &#8211; Echidna"}]},{"@type":"WebSite","@id":"https:\/\/desireonline.shop\/vi\/#website","url":"https:\/\/desireonline.shop\/vi\/","name":"Desire","description":"Sexual Wellness Platform","publisher":{"@id":"https:\/\/desireonline.shop\/vi\/#organization"},"potentialAction":[{"@type":"SearchAction","target":{"@type":"EntryPoint","urlTemplate":"https:\/\/desireonline.shop\/vi\/?s={search_term_string}"},"query-input":{"@type":"PropertyValueSpecification","valueRequired":true,"valueName":"search_term_string"}}],"inLanguage":"vi"},{"@type":"Organization","@id":"https:\/\/desireonline.shop\/vi\/#organization","name":"Desire","url":"https:\/\/desireonline.shop\/vi\/","logo":{"@type":"ImageObject","inLanguage":"vi","@id":"https:\/\/desireonline.shop\/vi\/#\/schema\/logo\/image\/","url":"https:\/\/desireonline.shop\/wp-content\/uploads\/2024\/06\/Logo-Thick-Font-1.webp","contentUrl":"https:\/\/desireonline.shop\/wp-content\/uploads\/2024\/06\/Logo-Thick-Font-1.webp","width":268,"height":399,"caption":"Desire"},"image":{"@id":"https:\/\/desireonline.shop\/vi\/#\/schema\/logo\/image\/"}}]}},"_links":{"self":[{"href":"https:\/\/desireonline.shop\/vi\/wp-json\/wp\/v2\/product\/68659","targetHints":{"allow":["GET"]}}],"collection":[{"href":"https:\/\/desireonline.shop\/vi\/wp-json\/wp\/v2\/product"}],"about":[{"href":"https:\/\/desireonline.shop\/vi\/wp-json\/wp\/v2\/types\/product"}],"replies":[{"embeddable":true,"href":"https:\/\/desireonline.shop\/vi\/wp-json\/wp\/v2\/comments?post=68659"}],"version-history":[{"count":0,"href":"https:\/\/desireonline.shop\/vi\/wp-json\/wp\/v2\/product\/68659\/revisions"}],"wp:featuredmedia":[{"embeddable":true,"href":"https:\/\/desireonline.shop\/vi\/wp-json\/wp\/v2\/media\/60342"}],"wp:attachment":[{"href":"https:\/\/desireonline.shop\/vi\/wp-json\/wp\/v2\/media?parent=68659"}],"wp:term":[{"taxonomy":"product_brand","embeddable":true,"href":"https:\/\/desireonline.shop\/vi\/wp-json\/wp\/v2\/product_brand?post=68659"},{"taxonomy":"product_cat","embeddable":true,"href":"https:\/\/desireonline.shop\/vi\/wp-json\/wp\/v2\/product_cat?post=68659"},{"taxonomy":"product_tag","embeddable":true,"href":"https:\/\/desireonline.shop\/vi\/wp-json\/wp\/v2\/product_tag?post=68659"}],"curies":[{"name":"wp","href":"https:\/\/api.w.org\/{rel}","templated":true}]}}